{"id":101,"date":"2023-11-16T12:38:56","date_gmt":"2023-11-16T12:38:56","guid":{"rendered":"https:\/\/exceladvisor.org\/pt\/renomear-pasta-de-trabalho\/"},"modified":"2023-12-06T11:42:03","modified_gmt":"2023-12-06T11:42:03","slug":"renomear-pasta-de-trabalho","status":"publish","type":"page","link":"https:\/\/exceladvisor.org\/pt\/renomear-pasta-de-trabalho\/","title":{"rendered":"Como renomear uma pasta de trabalho no vba?"},"content":{"rendered":"<div class=\"excel-before-content-2\" id=\"excel-2330422015\"><script type=\"text\/javascript\">\r\n\tatOptions = {\r\n\t\t'key' : 'c1158f160081d6540a8409e6925dab94',\r\n\t\t'format' : 'iframe',\r\n\t\t'height' : 250,\r\n\t\t'width' : 300,\r\n\t\t'params' : {}\r\n\t};\r\n<\/script>\r\n<script type=\"text\/javascript\" src=\"\/\/www.highperformanceformat.com\/c1158f160081d6540a8409e6925dab94\/invoke.js\"><\/script><\/div><div class=\"excel-before-content\" id=\"excel-4197459694\"><script type=\"text\/javascript\">\r\n\tatOptions = {\r\n\t\t'key' : 'c1158f160081d6540a8409e6925dab94',\r\n\t\t'format' : 'iframe',\r\n\t\t'height' : 250,\r\n\t\t'width' : 300,\r\n\t\t'params' : {}\r\n\t};\r\n<\/script>\r\n<script type=\"text\/javascript\" src=\"\/\/www.highperformanceformat.com\/c1158f160081d6540a8409e6925dab94\/invoke.js\"><\/script><\/div> <p>Para RENOMEAR um arquivo Excel armazenado em seu computador, voc\u00ea deve usar a instru\u00e7\u00e3o \u201cNOME\u201d. Nesta instru\u00e7\u00e3o voc\u00ea precisa definir o nome do arquivo antigo e o novo nome que deseja aplicar. Mas h\u00e1 uma coisa que voc\u00ea deve lembrar: o arquivo deve ser fechado.<\/p><p> Aqui eu tenho um arquivo Excel que est\u00e1 armazenado na pasta &#8220;Data&#8221; da minha \u00e1rea de trabalho e l\u00e1 nesta pasta &#8220;SampleFile&#8221; que desejo renomear para &#8220;myFile&#8221; e o c\u00f3digo para isso seria o seguinte.<\/p><pre class=\"wp-block-code\"> <code class=\"language-visual-basic\" lang=\"visual-basic\">Name \"C:\\Users\\Dell\\Desktop\\myFolder\\SampleFile.xlsx\" As _ \"C:\\Users\\Dell\\Desktop\\myFolder\\myNewFile.xlsx\"<\/code><\/pre><h2 class=\"wp-block-heading\"> Etapas para usar VBA para renomear um arquivo Excel<\/h2><p> Agora vamos entender essa linha de c\u00f3digo em detalhes. <\/p><div class=\"wp-block-image\"><figure class=\"aligncenter size-large is-resized\"><img loading=\"lazy\" decoding=\"async\" class=\"wp-image-52791\" src=\"https:\/\/exceladvisor.org\/wp-content\/uploads\/2023\/08\/1-renommer-un-classeur-en-utilisant-vba.png\" sizes=\"auto, \" srcset=\"\" alt=\"renomear uma pasta de trabalho usando vba\" width=\"619\" height=\"200\"><\/figure><\/div><ol type=\"1\"><li> A declara\u00e7\u00e3o de nome com a qual voc\u00ea deve iniciar o c\u00f3digo.<\/li><li> Endere\u00e7o do arquivo com nome antigo e extens\u00e3o de arquivo.<\/li><li> \u201cCurtir\u201d refere-se ao novo nome.<\/li><li> Endere\u00e7o do arquivo com novo nome e extens\u00e3o de arquivo.<\/li><\/ol><p class=\"content-box-grey\"> <em>Links \u00fateis: <a href=\"https:\/\/exceladvisor.org\/pt\/executar-uma-macro-2\/\">Executar uma macro<\/a> \u2013 <a href=\"https:\/\/exceladvisor.org\/pt\/gravar-uma-macro\/\">Gravador de macro<\/a> \u2013 <a href=\"https:\/\/exceladvisor.org\/pt\/editor-visual-basico\/\">Editor Visual Basic<\/a> \u2013 <a href=\"https:\/\/exceladvisor.org\/pt\/caderno-macro-pessoal\/\">Manual pessoal de macros<\/a><\/em><\/p><p> Para tornar os estados de nome um pouco mais claros, voc\u00ea pode usar vari\u00e1veis, assim como o c\u00f3digo a seguir. <\/p><div class=\"wp-block-image\"><figure class=\"aligncenter size-large is-resized\"><img loading=\"lazy\" decoding=\"async\" class=\"wp-image-52792\" src=\"https:\/\/exceladvisor.org\/wp-content\/uploads\/2023\/08\/2-vous-pouvez-utiliser-une-variable.png\" sizes=\"auto, \" srcset=\"\" alt=\"voc\u00ea-pode-usar-uma-vari\u00e1vel\" width=\"457\" height=\"315\"><\/figure><\/div><pre class=\"wp-block-code\"> <code class=\"language-visual-basic\" lang=\"visual-basic\">Sub vba_rename_workbook() Dim oldName As String Dim newName As String oldName = \"C:\\Users\\Dell\\Desktop\\myFolder\\SampleFile.xlsx\" newName = \"C:\\Users\\Dell\\Desktop\\myFolder\\myNewFile.xlsx\" Name oldName As newName End Sub<\/code><\/pre><div class=\"gb-container gb-container-4db6181c gb-container-mt\"> <a class=\"gb-button gb-button-c5897111 gb-button-text gb-button-mt-button\" href=\"https:\/\/exceladvisor.org\/pt\/vba\/\">O que \u00e9 VBA<\/a><h2 class=\"gb-headline gb-headline-665e5f6b gb-headline-text gb-headline-mt-heading\"> Tutoriais relacionados <\/h2><div class=\"gb-grid-wrapper gb-grid-wrapper-a20baf7c gb-grid-wrapper-mt-grid\"><div class=\"gb-grid-column gb-grid-column-65ddf67e\"><div class=\"gb-container gb-container-65ddf67e\"><ul><li> <a href=\"https:\/\/exceladvisor.org\/pt\/copiar-arquivo-excel\/\">Copie um arquivo Excel (pasta de trabalho) usando VBA<\/a><\/li><li> <a href=\"https:\/\/exceladvisor.org\/pt\/ativar-pasta-de-trabalho\/\">Pasta de trabalho de ativa\u00e7\u00e3o do VBA (arquivo Excel)<\/a><\/li><li> <a href=\"https:\/\/exceladvisor.org\/pt\/feche-a-pasta-de-trabalho\/\">Fechar pasta de trabalho do VBA (arquivo Excel)<\/a><\/li><li> <a href=\"https:\/\/exceladvisor.org\/pt\/combinar-pastas-de-trabalho\/\">Combinar pastas de trabalho VBA (arquivos Excel)<\/a><\/li><li> <a href=\"https:\/\/exceladvisor.org\/pt\/criar-uma-pasta-de-trabalho\/\">VBA Crie uma nova pasta de trabalho (arquivo Excel)<\/a><\/li><\/ul><\/div><\/div><\/div><\/div>","protected":false},"excerpt":{"rendered":"","protected":false},"author":1,"featured_media":0,"parent":0,"menu_order":0,"comment_status":"open","ping_status":"closed","template":"","meta":{"ub_ctt_via":"","footnotes":""},"class_list":["post-101","page","type-page","status-publish","hentry"],"featured_image_src":null,"yoast_head":"<!-- This site is optimized with the Yoast SEO plugin v25.4 - https:\/\/yoast.com\/wordpress\/plugins\/seo\/ -->\n<title>Como renomear uma pasta de trabalho usando VBA no Excel?<\/title>\n<meta name=\"description\" content=\"Este tutorial explica como renomear um arquivo salvo em seu sistema usando c\u00f3digo VBA usando o caminho desse arquivo.\" \/>\n<meta name=\"robots\" content=\"index, follow, max-snippet:-1, max-image-preview:large, max-video-preview:-1\" \/>\n<link rel=\"canonical\" href=\"https:\/\/exceladvisor.org\/pt\/renomear-pasta-de-trabalho\/\" \/>\n<meta property=\"og:locale\" content=\"pt_PT\" \/>\n<meta property=\"og:type\" content=\"article\" \/>\n<meta property=\"og:title\" content=\"Como renomear uma pasta de trabalho usando VBA no Excel?\" \/>\n<meta property=\"og:description\" content=\"Este tutorial explica como renomear um arquivo salvo em seu sistema usando c\u00f3digo VBA usando o caminho desse arquivo.\" \/>\n<meta property=\"og:url\" content=\"https:\/\/exceladvisor.org\/pt\/renomear-pasta-de-trabalho\/\" \/>\n<meta property=\"og:site_name\" content=\"Excel Advisor\" \/>\n<meta property=\"article:modified_time\" content=\"2023-12-06T11:42:03+00:00\" \/>\n<meta property=\"og:image\" content=\"https:\/\/exceladvisor.org\/wp-content\/uploads\/2023\/08\/1-renommer-un-classeur-en-utilisant-vba.png\" \/>\n<meta name=\"twitter:card\" content=\"summary_large_image\" \/>\n<meta name=\"twitter:label1\" content=\"Tempo estimado de leitura\" \/>\n\t<meta name=\"twitter:data1\" content=\"1 minuto\" \/>\n<script type=\"application\/ld+json\" class=\"yoast-schema-graph\">{\"@context\":\"https:\/\/schema.org\",\"@graph\":[{\"@type\":\"WebPage\",\"@id\":\"https:\/\/exceladvisor.org\/pt\/renomear-pasta-de-trabalho\/\",\"url\":\"https:\/\/exceladvisor.org\/pt\/renomear-pasta-de-trabalho\/\",\"name\":\"Como renomear uma pasta de trabalho usando VBA no Excel?\",\"isPartOf\":{\"@id\":\"https:\/\/exceladvisor.org\/pt\/#website\"},\"primaryImageOfPage\":{\"@id\":\"https:\/\/exceladvisor.org\/pt\/renomear-pasta-de-trabalho\/#primaryimage\"},\"image\":{\"@id\":\"https:\/\/exceladvisor.org\/pt\/renomear-pasta-de-trabalho\/#primaryimage\"},\"thumbnailUrl\":\"https:\/\/exceladvisor.org\/wp-content\/uploads\/2023\/08\/1-renommer-un-classeur-en-utilisant-vba.png\",\"datePublished\":\"2023-11-16T12:38:56+00:00\",\"dateModified\":\"2023-12-06T11:42:03+00:00\",\"description\":\"Este tutorial explica como renomear um arquivo salvo em seu sistema usando c\u00f3digo VBA usando o caminho desse arquivo.\",\"breadcrumb\":{\"@id\":\"https:\/\/exceladvisor.org\/pt\/renomear-pasta-de-trabalho\/#breadcrumb\"},\"inLanguage\":\"pt-PT\",\"potentialAction\":[{\"@type\":\"ReadAction\",\"target\":[\"https:\/\/exceladvisor.org\/pt\/renomear-pasta-de-trabalho\/\"]}]},{\"@type\":\"ImageObject\",\"inLanguage\":\"pt-PT\",\"@id\":\"https:\/\/exceladvisor.org\/pt\/renomear-pasta-de-trabalho\/#primaryimage\",\"url\":\"https:\/\/exceladvisor.org\/wp-content\/uploads\/2023\/08\/1-renommer-un-classeur-en-utilisant-vba.png\",\"contentUrl\":\"https:\/\/exceladvisor.org\/wp-content\/uploads\/2023\/08\/1-renommer-un-classeur-en-utilisant-vba.png\"},{\"@type\":\"BreadcrumbList\",\"@id\":\"https:\/\/exceladvisor.org\/pt\/renomear-pasta-de-trabalho\/#breadcrumb\",\"itemListElement\":[{\"@type\":\"ListItem\",\"position\":1,\"name\":\"Lar\",\"item\":\"https:\/\/exceladvisor.org\/pt\/\"},{\"@type\":\"ListItem\",\"position\":2,\"name\":\"Como renomear uma pasta de trabalho no vba?\"}]},{\"@type\":\"WebSite\",\"@id\":\"https:\/\/exceladvisor.org\/pt\/#website\",\"url\":\"https:\/\/exceladvisor.org\/pt\/\",\"name\":\"Excel Advisor\",\"description\":\"O seu guia definitivo para dominar os dados!\",\"publisher\":{\"@id\":\"https:\/\/exceladvisor.org\/pt\/#organization\"},\"potentialAction\":[{\"@type\":\"SearchAction\",\"target\":{\"@type\":\"EntryPoint\",\"urlTemplate\":\"https:\/\/exceladvisor.org\/pt\/?s={search_term_string}\"},\"query-input\":{\"@type\":\"PropertyValueSpecification\",\"valueRequired\":true,\"valueName\":\"search_term_string\"}}],\"inLanguage\":\"pt-PT\"},{\"@type\":\"Organization\",\"@id\":\"https:\/\/exceladvisor.org\/pt\/#organization\",\"name\":\"Excel Advisor\",\"url\":\"https:\/\/exceladvisor.org\/pt\/\",\"logo\":{\"@type\":\"ImageObject\",\"inLanguage\":\"pt-PT\",\"@id\":\"https:\/\/exceladvisor.org\/pt\/#\/schema\/logo\/image\/\",\"url\":\"https:\/\/exceladvisor.org\/pt\/wp-content\/uploads\/2023\/12\/exceladvisor.org_.png\",\"contentUrl\":\"https:\/\/exceladvisor.org\/pt\/wp-content\/uploads\/2023\/12\/exceladvisor.org_.png\",\"width\":105,\"height\":36,\"caption\":\"Excel Advisor\"},\"image\":{\"@id\":\"https:\/\/exceladvisor.org\/pt\/#\/schema\/logo\/image\/\"}}]}<\/script>\n<!-- \/ Yoast SEO plugin. -->","yoast_head_json":{"title":"Como renomear uma pasta de trabalho usando VBA no Excel?","description":"Este tutorial explica como renomear um arquivo salvo em seu sistema usando c\u00f3digo VBA usando o caminho desse arquivo.","robots":{"index":"index","follow":"follow","max-snippet":"max-snippet:-1","max-image-preview":"max-image-preview:large","max-video-preview":"max-video-preview:-1"},"canonical":"https:\/\/exceladvisor.org\/pt\/renomear-pasta-de-trabalho\/","og_locale":"pt_PT","og_type":"article","og_title":"Como renomear uma pasta de trabalho usando VBA no Excel?","og_description":"Este tutorial explica como renomear um arquivo salvo em seu sistema usando c\u00f3digo VBA usando o caminho desse arquivo.","og_url":"https:\/\/exceladvisor.org\/pt\/renomear-pasta-de-trabalho\/","og_site_name":"Excel Advisor","article_modified_time":"2023-12-06T11:42:03+00:00","og_image":[{"url":"https:\/\/exceladvisor.org\/wp-content\/uploads\/2023\/08\/1-renommer-un-classeur-en-utilisant-vba.png","type":"","width":"","height":""}],"twitter_card":"summary_large_image","twitter_misc":{"Tempo estimado de leitura":"1 minuto"},"schema":{"@context":"https:\/\/schema.org","@graph":[{"@type":"WebPage","@id":"https:\/\/exceladvisor.org\/pt\/renomear-pasta-de-trabalho\/","url":"https:\/\/exceladvisor.org\/pt\/renomear-pasta-de-trabalho\/","name":"Como renomear uma pasta de trabalho usando VBA no Excel?","isPartOf":{"@id":"https:\/\/exceladvisor.org\/pt\/#website"},"primaryImageOfPage":{"@id":"https:\/\/exceladvisor.org\/pt\/renomear-pasta-de-trabalho\/#primaryimage"},"image":{"@id":"https:\/\/exceladvisor.org\/pt\/renomear-pasta-de-trabalho\/#primaryimage"},"thumbnailUrl":"https:\/\/exceladvisor.org\/wp-content\/uploads\/2023\/08\/1-renommer-un-classeur-en-utilisant-vba.png","datePublished":"2023-11-16T12:38:56+00:00","dateModified":"2023-12-06T11:42:03+00:00","description":"Este tutorial explica como renomear um arquivo salvo em seu sistema usando c\u00f3digo VBA usando o caminho desse arquivo.","breadcrumb":{"@id":"https:\/\/exceladvisor.org\/pt\/renomear-pasta-de-trabalho\/#breadcrumb"},"inLanguage":"pt-PT","potentialAction":[{"@type":"ReadAction","target":["https:\/\/exceladvisor.org\/pt\/renomear-pasta-de-trabalho\/"]}]},{"@type":"ImageObject","inLanguage":"pt-PT","@id":"https:\/\/exceladvisor.org\/pt\/renomear-pasta-de-trabalho\/#primaryimage","url":"https:\/\/exceladvisor.org\/wp-content\/uploads\/2023\/08\/1-renommer-un-classeur-en-utilisant-vba.png","contentUrl":"https:\/\/exceladvisor.org\/wp-content\/uploads\/2023\/08\/1-renommer-un-classeur-en-utilisant-vba.png"},{"@type":"BreadcrumbList","@id":"https:\/\/exceladvisor.org\/pt\/renomear-pasta-de-trabalho\/#breadcrumb","itemListElement":[{"@type":"ListItem","position":1,"name":"Lar","item":"https:\/\/exceladvisor.org\/pt\/"},{"@type":"ListItem","position":2,"name":"Como renomear uma pasta de trabalho no vba?"}]},{"@type":"WebSite","@id":"https:\/\/exceladvisor.org\/pt\/#website","url":"https:\/\/exceladvisor.org\/pt\/","name":"Excel Advisor","description":"O seu guia definitivo para dominar os dados!","publisher":{"@id":"https:\/\/exceladvisor.org\/pt\/#organization"},"potentialAction":[{"@type":"SearchAction","target":{"@type":"EntryPoint","urlTemplate":"https:\/\/exceladvisor.org\/pt\/?s={search_term_string}"},"query-input":{"@type":"PropertyValueSpecification","valueRequired":true,"valueName":"search_term_string"}}],"inLanguage":"pt-PT"},{"@type":"Organization","@id":"https:\/\/exceladvisor.org\/pt\/#organization","name":"Excel Advisor","url":"https:\/\/exceladvisor.org\/pt\/","logo":{"@type":"ImageObject","inLanguage":"pt-PT","@id":"https:\/\/exceladvisor.org\/pt\/#\/schema\/logo\/image\/","url":"https:\/\/exceladvisor.org\/pt\/wp-content\/uploads\/2023\/12\/exceladvisor.org_.png","contentUrl":"https:\/\/exceladvisor.org\/pt\/wp-content\/uploads\/2023\/12\/exceladvisor.org_.png","width":105,"height":36,"caption":"Excel Advisor"},"image":{"@id":"https:\/\/exceladvisor.org\/pt\/#\/schema\/logo\/image\/"}}]}},"yoast_meta":{"yoast_wpseo_title":"","yoast_wpseo_metadesc":"","yoast_wpseo_canonical":""},"_links":{"self":[{"href":"https:\/\/exceladvisor.org\/pt\/wp-json\/wp\/v2\/pages\/101","targetHints":{"allow":["GET"]}}],"collection":[{"href":"https:\/\/exceladvisor.org\/pt\/wp-json\/wp\/v2\/pages"}],"about":[{"href":"https:\/\/exceladvisor.org\/pt\/wp-json\/wp\/v2\/types\/page"}],"author":[{"embeddable":true,"href":"https:\/\/exceladvisor.org\/pt\/wp-json\/wp\/v2\/users\/1"}],"replies":[{"embeddable":true,"href":"https:\/\/exceladvisor.org\/pt\/wp-json\/wp\/v2\/comments?post=101"}],"version-history":[{"count":1,"href":"https:\/\/exceladvisor.org\/pt\/wp-json\/wp\/v2\/pages\/101\/revisions"}],"predecessor-version":[{"id":1179,"href":"https:\/\/exceladvisor.org\/pt\/wp-json\/wp\/v2\/pages\/101\/revisions\/1179"}],"wp:attachment":[{"href":"https:\/\/exceladvisor.org\/pt\/wp-json\/wp\/v2\/media?parent=101"}],"curies":[{"name":"wp","href":"https:\/\/api.w.org\/{rel}","templated":true}]}}