{"id":103,"date":"2023-11-16T11:52:53","date_gmt":"2023-11-16T11:52:53","guid":{"rendered":"https:\/\/exceladvisor.org\/pt\/numero-de-linhas\/"},"modified":"2023-12-06T11:36:42","modified_gmt":"2023-12-06T11:36:42","slug":"numero-de-linhas","status":"publish","type":"page","link":"https:\/\/exceladvisor.org\/pt\/numero-de-linhas\/","title":{"rendered":"Como criar linhas usando vba no excel?"},"content":{"rendered":"<div class=\"excel-before-content-2\" id=\"excel-4118884113\"><script type=\"text\/javascript\">\r\n\tatOptions = {\r\n\t\t'key' : 'c1158f160081d6540a8409e6925dab94',\r\n\t\t'format' : 'iframe',\r\n\t\t'height' : 250,\r\n\t\t'width' : 300,\r\n\t\t'params' : {}\r\n\t};\r\n<\/script>\r\n<script type=\"text\/javascript\" src=\"\/\/www.highperformanceformat.com\/c1158f160081d6540a8409e6925dab94\/invoke.js\"><\/script><\/div><div class=\"excel-before-content\" id=\"excel-4216679087\"><script type=\"text\/javascript\">\r\n\tatOptions = {\r\n\t\t'key' : 'c1158f160081d6540a8409e6925dab94',\r\n\t\t'format' : 'iframe',\r\n\t\t'height' : 250,\r\n\t\t'width' : 300,\r\n\t\t'params' : {}\r\n\t};\r\n<\/script>\r\n<script type=\"text\/javascript\" src=\"\/\/www.highperformanceformat.com\/c1158f160081d6540a8409e6925dab94\/invoke.js\"><\/script><\/div> <p>Para contar linhas usando VBA, voc\u00ea precisa definir o intervalo a partir do qual deseja contar as linhas e, em seguida, usar a propriedade count and rows para obter o n\u00famero de linhas desse intervalo. Voc\u00ea tamb\u00e9m pode usar um loop para contar linhas onde voc\u00ea possui apenas dados.<\/p><h2 class=\"wp-block-heading\"> Use VBA para contar linhas<\/h2><ol type=\"1\"><li> Primeiro, voc\u00ea precisa definir o intervalo para o qual deseja contar as linhas.<\/li><li> Depois disso, use um ponto (.) para abrir a lista de propriedades e m\u00e9todos.<\/li><li> Em seguida, digite ou selecione a propriedade \u201cLinhas\u201d.<\/li><li> Ao final, use a propriedade \u201cCount\u201d. <\/li><\/ol><div class=\"wp-block-image\"><figure class=\"aligncenter size-large is-resized\"><img loading=\"lazy\" decoding=\"async\" class=\"wp-image-58865\" src=\"https:\/\/exceladvisor.org\/wp-content\/uploads\/2023\/08\/1-vba-pour-compter-les-lignes.png\" sizes=\"auto, \" srcset=\"\" alt=\"linhas vba para contar\" width=\"422\" height=\"262\"><\/figure><\/div><p> Agora, quando voc\u00ea executar este c\u00f3digo, ele retornar\u00e1 o n\u00famero de linhas, e para obter o n\u00famero voc\u00ea pode usar uma <a href=\"https:\/\/exceladvisor.org\/pt\/caixa-de-mensagens-vba\/\">caixa de mensagem<\/a> ou <a href=\"https:\/\/exceladvisor.org\/pt\/valor-da-celula\/\">inserir esse valor diretamente em uma c\u00e9lula<\/a> tamb\u00e9m.<\/p><pre class=\"wp-block-code\"> <code class=\"language-visual-basic\" lang=\"visual-basic\">Sub vba_count_rows() Range(\"A1:A10\").Rows.Count End Sub<\/code><\/pre><h2 class=\"wp-block-heading\"> Contar linhas para o intervalo usado<\/h2><pre class=\"wp-block-code\"> <code class=\"language-visual-basic\" lang=\"visual-basic\">Sub vba_count_rows2()   MsgBox Worksheets(\"Sheet1\").UsedRange.Rows.Count End Sub<\/code><\/pre><h2 class=\"wp-block-heading\"> Contar linhas com dados usando VBA<\/h2><p> Voc\u00ea tamb\u00e9m pode contar linhas contendo dados ignorando linhas vazias. <\/p><div class=\"wp-block-image\"><figure class=\"aligncenter size-large is-resized\"><img loading=\"lazy\" decoding=\"async\" class=\"wp-image-58866\" src=\"https:\/\/exceladvisor.org\/wp-content\/uploads\/2023\/08\/2-lignes-de-comptage-avec-des-donnees-a-laide-de-vba.png\" sizes=\"auto, \" srcset=\"\" alt=\"contar linhas com dados usando vba\" width=\"627\" height=\"421\"><\/figure><\/div><p> O c\u00f3digo a seguir pegar\u00e1 o intervalo usado como o intervalo para fazer o loop e percorrer\u00e1 cada linha, uma por uma, e verificar\u00e1 se h\u00e1 uma c\u00e9lula n\u00e3o vazia l\u00e1, e se estiver l\u00e1, ele a considerar\u00e1 como uma linha com dados, e em o final mostra uma caixa de mensagem com o n\u00famero total de linhas.<\/p><pre class=\"wp-block-code\"> <code class=\"language-visual-basic\" lang=\"visual-basic\">Sub vba_count_rows_with_data() Dim counter As Long Dim iRange As Range With ActiveSheet.UsedRange    'loop through each row from the used range    For Each iRange In .Rows        'check if the row contains a cell with a value        If Application.CountA(iRange) &gt; 0 Then            'counts the number of rows non-empty Cells            counter = counter + 1        End If    Next End With MsgBox \"Number of used rows is \" &amp; counter End Sub<\/code><\/pre><div class=\"gb-container gb-container-4db6181c gb-container-mt\"> <a class=\"gb-button gb-button-c5897111 gb-button-text gb-button-mt-button\" href=\"https:\/\/exceladvisor.org\/pt\/vba\/\">O que \u00e9 VBA<\/a><h2 class=\"gb-headline gb-headline-665e5f6b gb-headline-text gb-headline-mt-heading\"> Tutoriais relacionados <\/h2><div class=\"gb-grid-wrapper gb-grid-wrapper-a20baf7c gb-grid-wrapper-mt-grid\"><div class=\"gb-grid-column gb-grid-column-65ddf67e\"><div class=\"gb-container gb-container-65ddf67e\"><ul><li> <a href=\"https:\/\/exceladvisor.org\/pt\/fonte-de-caracteres\/\">Fonte Excel VBA (cor, tamanho, tipo e negrito)<\/a><\/li><li> <a href=\"https:\/\/exceladvisor.org\/pt\/ocultar-mostrar-linha-da-coluna\/\">Excel VBA Ocultar e mostrar uma coluna ou linha<\/a><\/li><li> <a href=\"https:\/\/exceladvisor.org\/pt\/intervalo-1\/\">Intervalo Excel VBA \u2013 Trabalhando com intervalo e c\u00e9lulas<\/a><\/li><li> <a href=\"https:\/\/exceladvisor.org\/pt\/fronteiras\/\">Aplicar bordas a uma c\u00e9lula usando VBA no Excel<\/a><\/li><li> <a href=\"https:\/\/exceladvisor.org\/pt\/encontre-a-celula-da-coluna-da-ultima-linha\/\">Encontre a \u00faltima linha, coluna e c\u00e9lula usando VBA no Excel<\/a> <\/li><\/ul><\/div><\/div><div class=\"gb-grid-column gb-grid-column-50067b57\"><div class=\"gb-container gb-container-50067b57\"><\/div><\/div><\/div><\/div>","protected":false},"excerpt":{"rendered":"","protected":false},"author":1,"featured_media":0,"parent":0,"menu_order":0,"comment_status":"open","ping_status":"closed","template":"","meta":{"ub_ctt_via":"","footnotes":""},"class_list":["post-103","page","type-page","status-publish","hentry"],"featured_image_src":null,"yoast_head":"<!-- This site is optimized with the Yoast SEO plugin v25.4 - https:\/\/yoast.com\/wordpress\/plugins\/seo\/ -->\n<title>\u25b7 Como criar linhas usando VBA no Excel?<\/title>\n<meta name=\"description\" content=\"Neste tutorial, voc\u00ea aprender\u00e1 como usar o VBA para contar o n\u00famero de linhas no Excel a partir de um intervalo de c\u00e9lulas, um\" \/>\n<meta name=\"robots\" content=\"index, follow, max-snippet:-1, max-image-preview:large, max-video-preview:-1\" \/>\n<link rel=\"canonical\" href=\"https:\/\/exceladvisor.org\/pt\/numero-de-linhas\/\" \/>\n<meta property=\"og:locale\" content=\"pt_PT\" \/>\n<meta property=\"og:type\" content=\"article\" \/>\n<meta property=\"og:title\" content=\"\u25b7 Como criar linhas usando VBA no Excel?\" \/>\n<meta property=\"og:description\" content=\"Neste tutorial, voc\u00ea aprender\u00e1 como usar o VBA para contar o n\u00famero de linhas no Excel a partir de um intervalo de c\u00e9lulas, um\" \/>\n<meta property=\"og:url\" content=\"https:\/\/exceladvisor.org\/pt\/numero-de-linhas\/\" \/>\n<meta property=\"og:site_name\" content=\"Excel Advisor\" \/>\n<meta property=\"article:modified_time\" content=\"2023-12-06T11:36:42+00:00\" \/>\n<meta property=\"og:image\" content=\"https:\/\/exceladvisor.org\/wp-content\/uploads\/2023\/08\/1-vba-pour-compter-les-lignes.png\" \/>\n<meta name=\"twitter:card\" content=\"summary_large_image\" \/>\n<meta name=\"twitter:label1\" content=\"Tempo estimado de leitura\" \/>\n\t<meta name=\"twitter:data1\" content=\"2 minutos\" \/>\n<script type=\"application\/ld+json\" class=\"yoast-schema-graph\">{\"@context\":\"https:\/\/schema.org\",\"@graph\":[{\"@type\":\"WebPage\",\"@id\":\"https:\/\/exceladvisor.org\/pt\/numero-de-linhas\/\",\"url\":\"https:\/\/exceladvisor.org\/pt\/numero-de-linhas\/\",\"name\":\"\u25b7 Como criar linhas usando VBA no Excel?\",\"isPartOf\":{\"@id\":\"https:\/\/exceladvisor.org\/pt\/#website\"},\"primaryImageOfPage\":{\"@id\":\"https:\/\/exceladvisor.org\/pt\/numero-de-linhas\/#primaryimage\"},\"image\":{\"@id\":\"https:\/\/exceladvisor.org\/pt\/numero-de-linhas\/#primaryimage\"},\"thumbnailUrl\":\"https:\/\/exceladvisor.org\/wp-content\/uploads\/2023\/08\/1-vba-pour-compter-les-lignes.png\",\"datePublished\":\"2023-11-16T11:52:53+00:00\",\"dateModified\":\"2023-12-06T11:36:42+00:00\",\"description\":\"Neste tutorial, voc\u00ea aprender\u00e1 como usar o VBA para contar o n\u00famero de linhas no Excel a partir de um intervalo de c\u00e9lulas, um\",\"breadcrumb\":{\"@id\":\"https:\/\/exceladvisor.org\/pt\/numero-de-linhas\/#breadcrumb\"},\"inLanguage\":\"pt-PT\",\"potentialAction\":[{\"@type\":\"ReadAction\",\"target\":[\"https:\/\/exceladvisor.org\/pt\/numero-de-linhas\/\"]}]},{\"@type\":\"ImageObject\",\"inLanguage\":\"pt-PT\",\"@id\":\"https:\/\/exceladvisor.org\/pt\/numero-de-linhas\/#primaryimage\",\"url\":\"https:\/\/exceladvisor.org\/wp-content\/uploads\/2023\/08\/1-vba-pour-compter-les-lignes.png\",\"contentUrl\":\"https:\/\/exceladvisor.org\/wp-content\/uploads\/2023\/08\/1-vba-pour-compter-les-lignes.png\"},{\"@type\":\"BreadcrumbList\",\"@id\":\"https:\/\/exceladvisor.org\/pt\/numero-de-linhas\/#breadcrumb\",\"itemListElement\":[{\"@type\":\"ListItem\",\"position\":1,\"name\":\"Lar\",\"item\":\"https:\/\/exceladvisor.org\/pt\/\"},{\"@type\":\"ListItem\",\"position\":2,\"name\":\"Como criar linhas usando vba no excel?\"}]},{\"@type\":\"WebSite\",\"@id\":\"https:\/\/exceladvisor.org\/pt\/#website\",\"url\":\"https:\/\/exceladvisor.org\/pt\/\",\"name\":\"Excel Advisor\",\"description\":\"O seu guia definitivo para dominar os dados!\",\"publisher\":{\"@id\":\"https:\/\/exceladvisor.org\/pt\/#organization\"},\"potentialAction\":[{\"@type\":\"SearchAction\",\"target\":{\"@type\":\"EntryPoint\",\"urlTemplate\":\"https:\/\/exceladvisor.org\/pt\/?s={search_term_string}\"},\"query-input\":{\"@type\":\"PropertyValueSpecification\",\"valueRequired\":true,\"valueName\":\"search_term_string\"}}],\"inLanguage\":\"pt-PT\"},{\"@type\":\"Organization\",\"@id\":\"https:\/\/exceladvisor.org\/pt\/#organization\",\"name\":\"Excel Advisor\",\"url\":\"https:\/\/exceladvisor.org\/pt\/\",\"logo\":{\"@type\":\"ImageObject\",\"inLanguage\":\"pt-PT\",\"@id\":\"https:\/\/exceladvisor.org\/pt\/#\/schema\/logo\/image\/\",\"url\":\"https:\/\/exceladvisor.org\/pt\/wp-content\/uploads\/2023\/12\/exceladvisor.org_.png\",\"contentUrl\":\"https:\/\/exceladvisor.org\/pt\/wp-content\/uploads\/2023\/12\/exceladvisor.org_.png\",\"width\":105,\"height\":36,\"caption\":\"Excel Advisor\"},\"image\":{\"@id\":\"https:\/\/exceladvisor.org\/pt\/#\/schema\/logo\/image\/\"}}]}<\/script>\n<!-- \/ Yoast SEO plugin. -->","yoast_head_json":{"title":"\u25b7 Como criar linhas usando VBA no Excel?","description":"Neste tutorial, voc\u00ea aprender\u00e1 como usar o VBA para contar o n\u00famero de linhas no Excel a partir de um intervalo de c\u00e9lulas, um","robots":{"index":"index","follow":"follow","max-snippet":"max-snippet:-1","max-image-preview":"max-image-preview:large","max-video-preview":"max-video-preview:-1"},"canonical":"https:\/\/exceladvisor.org\/pt\/numero-de-linhas\/","og_locale":"pt_PT","og_type":"article","og_title":"\u25b7 Como criar linhas usando VBA no Excel?","og_description":"Neste tutorial, voc\u00ea aprender\u00e1 como usar o VBA para contar o n\u00famero de linhas no Excel a partir de um intervalo de c\u00e9lulas, um","og_url":"https:\/\/exceladvisor.org\/pt\/numero-de-linhas\/","og_site_name":"Excel Advisor","article_modified_time":"2023-12-06T11:36:42+00:00","og_image":[{"url":"https:\/\/exceladvisor.org\/wp-content\/uploads\/2023\/08\/1-vba-pour-compter-les-lignes.png","type":"","width":"","height":""}],"twitter_card":"summary_large_image","twitter_misc":{"Tempo estimado de leitura":"2 minutos"},"schema":{"@context":"https:\/\/schema.org","@graph":[{"@type":"WebPage","@id":"https:\/\/exceladvisor.org\/pt\/numero-de-linhas\/","url":"https:\/\/exceladvisor.org\/pt\/numero-de-linhas\/","name":"\u25b7 Como criar linhas usando VBA no Excel?","isPartOf":{"@id":"https:\/\/exceladvisor.org\/pt\/#website"},"primaryImageOfPage":{"@id":"https:\/\/exceladvisor.org\/pt\/numero-de-linhas\/#primaryimage"},"image":{"@id":"https:\/\/exceladvisor.org\/pt\/numero-de-linhas\/#primaryimage"},"thumbnailUrl":"https:\/\/exceladvisor.org\/wp-content\/uploads\/2023\/08\/1-vba-pour-compter-les-lignes.png","datePublished":"2023-11-16T11:52:53+00:00","dateModified":"2023-12-06T11:36:42+00:00","description":"Neste tutorial, voc\u00ea aprender\u00e1 como usar o VBA para contar o n\u00famero de linhas no Excel a partir de um intervalo de c\u00e9lulas, um","breadcrumb":{"@id":"https:\/\/exceladvisor.org\/pt\/numero-de-linhas\/#breadcrumb"},"inLanguage":"pt-PT","potentialAction":[{"@type":"ReadAction","target":["https:\/\/exceladvisor.org\/pt\/numero-de-linhas\/"]}]},{"@type":"ImageObject","inLanguage":"pt-PT","@id":"https:\/\/exceladvisor.org\/pt\/numero-de-linhas\/#primaryimage","url":"https:\/\/exceladvisor.org\/wp-content\/uploads\/2023\/08\/1-vba-pour-compter-les-lignes.png","contentUrl":"https:\/\/exceladvisor.org\/wp-content\/uploads\/2023\/08\/1-vba-pour-compter-les-lignes.png"},{"@type":"BreadcrumbList","@id":"https:\/\/exceladvisor.org\/pt\/numero-de-linhas\/#breadcrumb","itemListElement":[{"@type":"ListItem","position":1,"name":"Lar","item":"https:\/\/exceladvisor.org\/pt\/"},{"@type":"ListItem","position":2,"name":"Como criar linhas usando vba no excel?"}]},{"@type":"WebSite","@id":"https:\/\/exceladvisor.org\/pt\/#website","url":"https:\/\/exceladvisor.org\/pt\/","name":"Excel Advisor","description":"O seu guia definitivo para dominar os dados!","publisher":{"@id":"https:\/\/exceladvisor.org\/pt\/#organization"},"potentialAction":[{"@type":"SearchAction","target":{"@type":"EntryPoint","urlTemplate":"https:\/\/exceladvisor.org\/pt\/?s={search_term_string}"},"query-input":{"@type":"PropertyValueSpecification","valueRequired":true,"valueName":"search_term_string"}}],"inLanguage":"pt-PT"},{"@type":"Organization","@id":"https:\/\/exceladvisor.org\/pt\/#organization","name":"Excel Advisor","url":"https:\/\/exceladvisor.org\/pt\/","logo":{"@type":"ImageObject","inLanguage":"pt-PT","@id":"https:\/\/exceladvisor.org\/pt\/#\/schema\/logo\/image\/","url":"https:\/\/exceladvisor.org\/pt\/wp-content\/uploads\/2023\/12\/exceladvisor.org_.png","contentUrl":"https:\/\/exceladvisor.org\/pt\/wp-content\/uploads\/2023\/12\/exceladvisor.org_.png","width":105,"height":36,"caption":"Excel Advisor"},"image":{"@id":"https:\/\/exceladvisor.org\/pt\/#\/schema\/logo\/image\/"}}]}},"yoast_meta":{"yoast_wpseo_title":"","yoast_wpseo_metadesc":"","yoast_wpseo_canonical":""},"_links":{"self":[{"href":"https:\/\/exceladvisor.org\/pt\/wp-json\/wp\/v2\/pages\/103","targetHints":{"allow":["GET"]}}],"collection":[{"href":"https:\/\/exceladvisor.org\/pt\/wp-json\/wp\/v2\/pages"}],"about":[{"href":"https:\/\/exceladvisor.org\/pt\/wp-json\/wp\/v2\/types\/page"}],"author":[{"embeddable":true,"href":"https:\/\/exceladvisor.org\/pt\/wp-json\/wp\/v2\/users\/1"}],"replies":[{"embeddable":true,"href":"https:\/\/exceladvisor.org\/pt\/wp-json\/wp\/v2\/comments?post=103"}],"version-history":[{"count":1,"href":"https:\/\/exceladvisor.org\/pt\/wp-json\/wp\/v2\/pages\/103\/revisions"}],"predecessor-version":[{"id":978,"href":"https:\/\/exceladvisor.org\/pt\/wp-json\/wp\/v2\/pages\/103\/revisions\/978"}],"wp:attachment":[{"href":"https:\/\/exceladvisor.org\/pt\/wp-json\/wp\/v2\/media?parent=103"}],"curies":[{"name":"wp","href":"https:\/\/api.w.org\/{rel}","templated":true}]}}