{"id":104,"date":"2023-11-16T10:10:02","date_gmt":"2023-11-16T10:10:02","guid":{"rendered":"https:\/\/exceladvisor.org\/pt\/adicione-minutos-ao-tempo\/"},"modified":"2023-12-06T11:33:55","modified_gmt":"2023-12-06T11:33:55","slug":"adicione-minutos-ao-tempo","status":"publish","type":"page","link":"https:\/\/exceladvisor.org\/pt\/adicione-minutos-ao-tempo\/","title":{"rendered":"Como adicionar minutos ao tempo?"},"content":{"rendered":"<div class=\"excel-before-content-2\" id=\"excel-1813428382\"><script type=\"text\/javascript\">\r\n\tatOptions = {\r\n\t\t'key' : 'c1158f160081d6540a8409e6925dab94',\r\n\t\t'format' : 'iframe',\r\n\t\t'height' : 250,\r\n\t\t'width' : 300,\r\n\t\t'params' : {}\r\n\t};\r\n<\/script>\r\n<script type=\"text\/javascript\" src=\"\/\/www.highperformanceformat.com\/c1158f160081d6540a8409e6925dab94\/invoke.js\"><\/script><\/div><div class=\"excel-before-content\" id=\"excel-1638395068\"><script type=\"text\/javascript\">\r\n\tatOptions = {\r\n\t\t'key' : 'c1158f160081d6540a8409e6925dab94',\r\n\t\t'format' : 'iframe',\r\n\t\t'height' : 250,\r\n\t\t'width' : 300,\r\n\t\t'params' : {}\r\n\t};\r\n<\/script>\r\n<script type=\"text\/javascript\" src=\"\/\/www.highperformanceformat.com\/c1158f160081d6540a8409e6925dab94\/invoke.js\"><\/script><\/div> <p>Pode haver momentos em que voc\u00ea precise adicionar minutos espec\u00edficos a um hor\u00e1rio que j\u00e1 possui em uma c\u00e9lula do Excel.<\/p><p> No Excel, o tempo \u00e9 armazenado como uma fra\u00e7\u00e3o de um valor num\u00e9rico. Portanto, um dia completo de 24 horas \u00e9 igual a 1. E neste tutorial aprenderemos como fazer isso usando uma f\u00f3rmula.<\/p><h2 class=\"wp-block-heading\"> Adicione minutos ao tempo<\/h2><p> Agora pense desta forma: h\u00e1 (24*60) um total de 1.440 minutos em um dia. Portanto, se voc\u00ea quisesse adicionar um minuto a um valor de tempo, seria (1\/1440). No exemplo a seguir, voc\u00ea tem o hor\u00e1rio 00:01 na c\u00e9lula A1. <\/p><div class=\"wp-block-image\"><figure class=\"aligncenter size-full is-resized\"><img loading=\"lazy\" decoding=\"async\" class=\"wp-image-64234\" src=\"https:\/\/exceladvisor.org\/wp-content\/uploads\/2023\/08\/1-ajouter-des-minutes-au-temps.png\" sizes=\"auto, \" srcset=\"\" alt=\"adicionar minutos ao tempo\" width=\"393\" height=\"225\"><\/figure><\/div><pre class=\"wp-block-code\"> <code class=\"language-excel-formula\" lang=\"excel-formula\">=A1+(10\/1440)<\/code><\/pre><p> Na c\u00e9lula B1, adicionamos (1\/1440) minutos ao valor na c\u00e9lula A1 e obtivemos 00:02. Agora digamos que voc\u00ea deseja adicionar mais de um minuto (dez minutos), neste caso voc\u00ea precisa adicionar (10\/1440) no valor do tempo. Veja o exemplo a seguir para entender. <\/p><div class=\"wp-block-image\"><figure class=\"aligncenter size-full is-resized\"><img loading=\"lazy\" decoding=\"async\" class=\"wp-image-64235\" src=\"https:\/\/exceladvisor.org\/wp-content\/uploads\/2023\/08\/2-ajouter-plus-dune-minute.png\" sizes=\"auto, \" srcset=\"\" alt=\"adicionar mais de um minuto\" width=\"392\" height=\"245\"><\/figure><\/div><h2 class=\"wp-block-heading\"> Usando a fun\u00e7\u00e3o TIME para adicionar tempo<\/h2><p> Voc\u00ea tamb\u00e9m pode usar a fun\u00e7\u00e3o TIME para adicionar minutos a uma hora. Usar este m\u00e9todo tem uma vantagem sobre o m\u00e9todo anterior: voc\u00ea n\u00e3o precisa calcular minutos.<\/p><p> A fun\u00e7\u00e3o de tempo permite adicionar minutos como um n\u00famero no argumento, ent\u00e3o se voc\u00ea quiser adicionar 15 ou 30 minutos, basta inseri-lo na fun\u00e7\u00e3o.<\/p><p> Existem tr\u00eas argumentos na fun\u00e7\u00e3o TIME e voc\u00ea deve especificar os valores dos minutos no segundo argumento. <\/p><div class=\"wp-block-image\"><figure class=\"aligncenter size-full is-resized\"><img loading=\"lazy\" decoding=\"async\" class=\"wp-image-64236\" src=\"https:\/\/exceladvisor.org\/wp-content\/uploads\/2023\/08\/Fonction-3-temps-pour-ajouter-du-temps.png\" sizes=\"auto, \" srcset=\"\" alt=\"fun\u00e7\u00e3o de tempo para adicionar tempo\" width=\"319\" height=\"151\"><\/figure><\/div><p> Vamos dar um exemplo para entender. <\/p><div class=\"wp-block-image\"><figure class=\"aligncenter size-full is-resized\"><img loading=\"lazy\" decoding=\"async\" class=\"wp-image-64237\" src=\"https:\/\/exceladvisor.org\/wp-content\/uploads\/2023\/08\/Exemple-de-fonction-4-temps.png\" sizes=\"auto, \" srcset=\"\" alt=\"exemplo de fun\u00e7\u00e3o de tempo\" width=\"439\" height=\"242\"><\/figure><\/div><p> Voc\u00ea tem o hor\u00e1rio 00h01 na c\u00e9lula A1, e usando a fun\u00e7\u00e3o de tempo especificamos 15 minutos para adicionar, e no resultado temos 00h16. <\/p><div class=\"gb-container gb-container-52dfcee1 gb-container-sample-file\"><h2 class=\"gb-headline gb-headline-e289c143 gb-headline-text gb-headline-4f7959c2\"> Obtenha o arquivo Excel<\/h2><p> <a class=\"gb-button gb-button-e88d6bee gb-button-text gb-button-button1\" href=\"https:\/\/exceladvisor.org\/wp-content\/uploads\/2023\/11\/ajouter-des-minutes-au-temps-2.xlsx\" rel=\"nofollow\">Download<\/a> <\/p><\/div><div class=\"wp-block-group more-tutorials is-layout-flow\"><div class=\"wp-block-group__inner-container\"><h2 class=\"wp-block-heading\"> Mais f\u00f3rmulas <\/h2><div class=\"wp-block-columns is-layout-flex wp-container-11\"><div class=\"wp-block-column is-layout-flow\"><ul><li> <a href=\"https:\/\/exceladvisor.org\/pt\/adicione-horas-no-tempo\/\">Adicione horas ao tempo no Excel<\/a><\/li><li> <a href=\"https:\/\/exceladvisor.org\/pt\/calcular-diferenca-horaria\/\">Diferen\u00e7a entre dois tempos no Excel<\/a><\/li><li> <a href=\"https:\/\/exceladvisor.org\/pt\/alterar-formato-de-hora\/\">Alterar o formato da hora no Excel<\/a><\/li><li> <a href=\"https:\/\/exceladvisor.org\/pt\/tempo-militar\/\">Hor\u00e1rio militar (obter e subtrair) no Excel<\/a><\/li><li> <a href=\"https:\/\/exceladvisor.org\/pt\/data-e-hora-separadas-2\/\">Data e hora separadas no Excel<\/a><\/li><\/ul><\/div><\/div><\/div><\/div>","protected":false},"excerpt":{"rendered":"","protected":false},"author":1,"featured_media":0,"parent":0,"menu_order":0,"comment_status":"open","ping_status":"closed","template":"","meta":{"ub_ctt_via":"","footnotes":""},"class_list":["post-104","page","type-page","status-publish","hentry"],"featured_image_src":null,"yoast_head":"<!-- This site is optimized with the Yoast SEO plugin v25.4 - https:\/\/yoast.com\/wordpress\/plugins\/seo\/ -->\n<title>\u25b7 Como adicionar minutos ao tempo no Excel?<\/title>\n<meta name=\"description\" content=\"Neste tutorial de f\u00f3rmulas, voc\u00ea aprender\u00e1 todos os m\u00e9todos para adicionar minutos ao valor de tempo no Excel usando\" \/>\n<meta name=\"robots\" content=\"index, follow, max-snippet:-1, max-image-preview:large, max-video-preview:-1\" \/>\n<link rel=\"canonical\" href=\"https:\/\/exceladvisor.org\/pt\/adicione-minutos-ao-tempo\/\" \/>\n<meta property=\"og:locale\" content=\"pt_PT\" \/>\n<meta property=\"og:type\" content=\"article\" \/>\n<meta property=\"og:title\" content=\"\u25b7 Como adicionar minutos ao tempo no Excel?\" \/>\n<meta property=\"og:description\" content=\"Neste tutorial de f\u00f3rmulas, voc\u00ea aprender\u00e1 todos os m\u00e9todos para adicionar minutos ao valor de tempo no Excel usando\" \/>\n<meta property=\"og:url\" content=\"https:\/\/exceladvisor.org\/pt\/adicione-minutos-ao-tempo\/\" \/>\n<meta property=\"og:site_name\" content=\"Excel Advisor\" \/>\n<meta property=\"article:modified_time\" content=\"2023-12-06T11:33:55+00:00\" \/>\n<meta property=\"og:image\" content=\"https:\/\/exceladvisor.org\/wp-content\/uploads\/2023\/08\/1-ajouter-des-minutes-au-temps.png\" \/>\n<meta name=\"twitter:card\" content=\"summary_large_image\" \/>\n<meta name=\"twitter:label1\" content=\"Tempo estimado de leitura\" \/>\n\t<meta name=\"twitter:data1\" content=\"2 minutos\" \/>\n<script type=\"application\/ld+json\" class=\"yoast-schema-graph\">{\"@context\":\"https:\/\/schema.org\",\"@graph\":[{\"@type\":\"WebPage\",\"@id\":\"https:\/\/exceladvisor.org\/pt\/adicione-minutos-ao-tempo\/\",\"url\":\"https:\/\/exceladvisor.org\/pt\/adicione-minutos-ao-tempo\/\",\"name\":\"\u25b7 Como adicionar minutos ao tempo no Excel?\",\"isPartOf\":{\"@id\":\"https:\/\/exceladvisor.org\/pt\/#website\"},\"primaryImageOfPage\":{\"@id\":\"https:\/\/exceladvisor.org\/pt\/adicione-minutos-ao-tempo\/#primaryimage\"},\"image\":{\"@id\":\"https:\/\/exceladvisor.org\/pt\/adicione-minutos-ao-tempo\/#primaryimage\"},\"thumbnailUrl\":\"https:\/\/exceladvisor.org\/wp-content\/uploads\/2023\/08\/1-ajouter-des-minutes-au-temps.png\",\"datePublished\":\"2023-11-16T10:10:02+00:00\",\"dateModified\":\"2023-12-06T11:33:55+00:00\",\"description\":\"Neste tutorial de f\u00f3rmulas, voc\u00ea aprender\u00e1 todos os m\u00e9todos para adicionar minutos ao valor de tempo no Excel usando\",\"breadcrumb\":{\"@id\":\"https:\/\/exceladvisor.org\/pt\/adicione-minutos-ao-tempo\/#breadcrumb\"},\"inLanguage\":\"pt-PT\",\"potentialAction\":[{\"@type\":\"ReadAction\",\"target\":[\"https:\/\/exceladvisor.org\/pt\/adicione-minutos-ao-tempo\/\"]}]},{\"@type\":\"ImageObject\",\"inLanguage\":\"pt-PT\",\"@id\":\"https:\/\/exceladvisor.org\/pt\/adicione-minutos-ao-tempo\/#primaryimage\",\"url\":\"https:\/\/exceladvisor.org\/wp-content\/uploads\/2023\/08\/1-ajouter-des-minutes-au-temps.png\",\"contentUrl\":\"https:\/\/exceladvisor.org\/wp-content\/uploads\/2023\/08\/1-ajouter-des-minutes-au-temps.png\"},{\"@type\":\"BreadcrumbList\",\"@id\":\"https:\/\/exceladvisor.org\/pt\/adicione-minutos-ao-tempo\/#breadcrumb\",\"itemListElement\":[{\"@type\":\"ListItem\",\"position\":1,\"name\":\"Lar\",\"item\":\"https:\/\/exceladvisor.org\/pt\/\"},{\"@type\":\"ListItem\",\"position\":2,\"name\":\"Como adicionar minutos ao tempo?\"}]},{\"@type\":\"WebSite\",\"@id\":\"https:\/\/exceladvisor.org\/pt\/#website\",\"url\":\"https:\/\/exceladvisor.org\/pt\/\",\"name\":\"Excel Advisor\",\"description\":\"O seu guia definitivo para dominar os dados!\",\"publisher\":{\"@id\":\"https:\/\/exceladvisor.org\/pt\/#organization\"},\"potentialAction\":[{\"@type\":\"SearchAction\",\"target\":{\"@type\":\"EntryPoint\",\"urlTemplate\":\"https:\/\/exceladvisor.org\/pt\/?s={search_term_string}\"},\"query-input\":{\"@type\":\"PropertyValueSpecification\",\"valueRequired\":true,\"valueName\":\"search_term_string\"}}],\"inLanguage\":\"pt-PT\"},{\"@type\":\"Organization\",\"@id\":\"https:\/\/exceladvisor.org\/pt\/#organization\",\"name\":\"Excel Advisor\",\"url\":\"https:\/\/exceladvisor.org\/pt\/\",\"logo\":{\"@type\":\"ImageObject\",\"inLanguage\":\"pt-PT\",\"@id\":\"https:\/\/exceladvisor.org\/pt\/#\/schema\/logo\/image\/\",\"url\":\"https:\/\/exceladvisor.org\/pt\/wp-content\/uploads\/2023\/12\/exceladvisor.org_.png\",\"contentUrl\":\"https:\/\/exceladvisor.org\/pt\/wp-content\/uploads\/2023\/12\/exceladvisor.org_.png\",\"width\":105,\"height\":36,\"caption\":\"Excel Advisor\"},\"image\":{\"@id\":\"https:\/\/exceladvisor.org\/pt\/#\/schema\/logo\/image\/\"}}]}<\/script>\n<!-- \/ Yoast SEO plugin. -->","yoast_head_json":{"title":"\u25b7 Como adicionar minutos ao tempo no Excel?","description":"Neste tutorial de f\u00f3rmulas, voc\u00ea aprender\u00e1 todos os m\u00e9todos para adicionar minutos ao valor de tempo no Excel usando","robots":{"index":"index","follow":"follow","max-snippet":"max-snippet:-1","max-image-preview":"max-image-preview:large","max-video-preview":"max-video-preview:-1"},"canonical":"https:\/\/exceladvisor.org\/pt\/adicione-minutos-ao-tempo\/","og_locale":"pt_PT","og_type":"article","og_title":"\u25b7 Como adicionar minutos ao tempo no Excel?","og_description":"Neste tutorial de f\u00f3rmulas, voc\u00ea aprender\u00e1 todos os m\u00e9todos para adicionar minutos ao valor de tempo no Excel usando","og_url":"https:\/\/exceladvisor.org\/pt\/adicione-minutos-ao-tempo\/","og_site_name":"Excel Advisor","article_modified_time":"2023-12-06T11:33:55+00:00","og_image":[{"url":"https:\/\/exceladvisor.org\/wp-content\/uploads\/2023\/08\/1-ajouter-des-minutes-au-temps.png","type":"","width":"","height":""}],"twitter_card":"summary_large_image","twitter_misc":{"Tempo estimado de leitura":"2 minutos"},"schema":{"@context":"https:\/\/schema.org","@graph":[{"@type":"WebPage","@id":"https:\/\/exceladvisor.org\/pt\/adicione-minutos-ao-tempo\/","url":"https:\/\/exceladvisor.org\/pt\/adicione-minutos-ao-tempo\/","name":"\u25b7 Como adicionar minutos ao tempo no Excel?","isPartOf":{"@id":"https:\/\/exceladvisor.org\/pt\/#website"},"primaryImageOfPage":{"@id":"https:\/\/exceladvisor.org\/pt\/adicione-minutos-ao-tempo\/#primaryimage"},"image":{"@id":"https:\/\/exceladvisor.org\/pt\/adicione-minutos-ao-tempo\/#primaryimage"},"thumbnailUrl":"https:\/\/exceladvisor.org\/wp-content\/uploads\/2023\/08\/1-ajouter-des-minutes-au-temps.png","datePublished":"2023-11-16T10:10:02+00:00","dateModified":"2023-12-06T11:33:55+00:00","description":"Neste tutorial de f\u00f3rmulas, voc\u00ea aprender\u00e1 todos os m\u00e9todos para adicionar minutos ao valor de tempo no Excel usando","breadcrumb":{"@id":"https:\/\/exceladvisor.org\/pt\/adicione-minutos-ao-tempo\/#breadcrumb"},"inLanguage":"pt-PT","potentialAction":[{"@type":"ReadAction","target":["https:\/\/exceladvisor.org\/pt\/adicione-minutos-ao-tempo\/"]}]},{"@type":"ImageObject","inLanguage":"pt-PT","@id":"https:\/\/exceladvisor.org\/pt\/adicione-minutos-ao-tempo\/#primaryimage","url":"https:\/\/exceladvisor.org\/wp-content\/uploads\/2023\/08\/1-ajouter-des-minutes-au-temps.png","contentUrl":"https:\/\/exceladvisor.org\/wp-content\/uploads\/2023\/08\/1-ajouter-des-minutes-au-temps.png"},{"@type":"BreadcrumbList","@id":"https:\/\/exceladvisor.org\/pt\/adicione-minutos-ao-tempo\/#breadcrumb","itemListElement":[{"@type":"ListItem","position":1,"name":"Lar","item":"https:\/\/exceladvisor.org\/pt\/"},{"@type":"ListItem","position":2,"name":"Como adicionar minutos ao tempo?"}]},{"@type":"WebSite","@id":"https:\/\/exceladvisor.org\/pt\/#website","url":"https:\/\/exceladvisor.org\/pt\/","name":"Excel Advisor","description":"O seu guia definitivo para dominar os dados!","publisher":{"@id":"https:\/\/exceladvisor.org\/pt\/#organization"},"potentialAction":[{"@type":"SearchAction","target":{"@type":"EntryPoint","urlTemplate":"https:\/\/exceladvisor.org\/pt\/?s={search_term_string}"},"query-input":{"@type":"PropertyValueSpecification","valueRequired":true,"valueName":"search_term_string"}}],"inLanguage":"pt-PT"},{"@type":"Organization","@id":"https:\/\/exceladvisor.org\/pt\/#organization","name":"Excel Advisor","url":"https:\/\/exceladvisor.org\/pt\/","logo":{"@type":"ImageObject","inLanguage":"pt-PT","@id":"https:\/\/exceladvisor.org\/pt\/#\/schema\/logo\/image\/","url":"https:\/\/exceladvisor.org\/pt\/wp-content\/uploads\/2023\/12\/exceladvisor.org_.png","contentUrl":"https:\/\/exceladvisor.org\/pt\/wp-content\/uploads\/2023\/12\/exceladvisor.org_.png","width":105,"height":36,"caption":"Excel Advisor"},"image":{"@id":"https:\/\/exceladvisor.org\/pt\/#\/schema\/logo\/image\/"}}]}},"yoast_meta":{"yoast_wpseo_title":"","yoast_wpseo_metadesc":"","yoast_wpseo_canonical":""},"_links":{"self":[{"href":"https:\/\/exceladvisor.org\/pt\/wp-json\/wp\/v2\/pages\/104","targetHints":{"allow":["GET"]}}],"collection":[{"href":"https:\/\/exceladvisor.org\/pt\/wp-json\/wp\/v2\/pages"}],"about":[{"href":"https:\/\/exceladvisor.org\/pt\/wp-json\/wp\/v2\/types\/page"}],"author":[{"embeddable":true,"href":"https:\/\/exceladvisor.org\/pt\/wp-json\/wp\/v2\/users\/1"}],"replies":[{"embeddable":true,"href":"https:\/\/exceladvisor.org\/pt\/wp-json\/wp\/v2\/comments?post=104"}],"version-history":[{"count":1,"href":"https:\/\/exceladvisor.org\/pt\/wp-json\/wp\/v2\/pages\/104\/revisions"}],"predecessor-version":[{"id":784,"href":"https:\/\/exceladvisor.org\/pt\/wp-json\/wp\/v2\/pages\/104\/revisions\/784"}],"wp:attachment":[{"href":"https:\/\/exceladvisor.org\/pt\/wp-json\/wp\/v2\/media?parent=104"}],"curies":[{"name":"wp","href":"https:\/\/api.w.org\/{rel}","templated":true}]}}