{"id":105,"date":"2023-11-16T09:57:07","date_gmt":"2023-11-16T09:57:07","guid":{"rendered":"https:\/\/exceladvisor.org\/pt\/intervalo-de-datas\/"},"modified":"2023-12-06T11:36:53","modified_gmt":"2023-12-06T11:36:53","slug":"intervalo-de-datas","status":"publish","type":"page","link":"https:\/\/exceladvisor.org\/pt\/intervalo-de-datas\/","title":{"rendered":"Como criar um intervalo de datas no excel?"},"content":{"rendered":"<div class=\"excel-before-content-2\" id=\"excel-1924888924\"><script type=\"text\/javascript\">\r\n\tatOptions = {\r\n\t\t'key' : 'c1158f160081d6540a8409e6925dab94',\r\n\t\t'format' : 'iframe',\r\n\t\t'height' : 250,\r\n\t\t'width' : 300,\r\n\t\t'params' : {}\r\n\t};\r\n<\/script>\r\n<script type=\"text\/javascript\" src=\"\/\/www.highperformanceformat.com\/c1158f160081d6540a8409e6925dab94\/invoke.js\"><\/script><\/div><div class=\"excel-before-content\" id=\"excel-2089155723\"><script type=\"text\/javascript\">\r\n\tatOptions = {\r\n\t\t'key' : 'c1158f160081d6540a8409e6925dab94',\r\n\t\t'format' : 'iframe',\r\n\t\t'height' : 250,\r\n\t\t'width' : 300,\r\n\t\t'params' : {}\r\n\t};\r\n<\/script>\r\n<script type=\"text\/javascript\" src=\"\/\/www.highperformanceformat.com\/c1158f160081d6540a8409e6925dab94\/invoke.js\"><\/script><\/div> <p>Ao trabalhar com dados que cont\u00eam datas, pode ser necess\u00e1rio criar um intervalo de datas. Um intervalo \u00e9 algo que tem uma data de in\u00edcio e uma data de t\u00e9rmino. Neste tutorial, voc\u00ea aprender\u00e1 como criar um intervalo de datas.<\/p><h2 class=\"wp-block-heading\"> Crie um per\u00edodo a partir de hoje<\/h2><p> Agora, digamos que voc\u00ea queira criar um per\u00edodo para sete dias a partir de hoje. No exemplo a seguir, temos a data de hoje na c\u00e9lula A1 que obtivemos usando a fun\u00e7\u00e3o hoje. <\/p><div class=\"wp-block-image\"><figure class=\"aligncenter size-full is-resized\"><img loading=\"lazy\" decoding=\"async\" class=\"wp-image-64220\" src=\"https:\/\/exceladvisor.org\/wp-content\/uploads\/2023\/08\/1-plage-de-dates-a-partir-daujourdhui.png\" sizes=\"auto, \" srcset=\"\" alt=\"intervalo de datas a partir de hoje\" width=\"387\" height=\"284\"><\/figure><\/div><pre class=\"wp-block-code\"> <code class=\"language-excel-formula\" lang=\"excel-formula\">=A1+7<\/code><\/pre><p> Para criar um intervalo de datas, siga estas etapas simples:<\/p><ol type=\"1\"><li> Digite \u201c=\u201d na c\u00e9lula B1 ou em qualquer outra c\u00e9lula.<\/li><li> Consulte a c\u00e9lula A1, onde voc\u00ea tem a data de in\u00edcio do intervalo.<\/li><li> Use o sinal \u201c+\u201d para adicionar dias \u00e0 data de hoje.<\/li><li> Especifique o n\u00famero de dias que deseja adicionar \u00e0 data de hoje. <\/li><\/ol><div class=\"wp-block-image\"><figure class=\"aligncenter size-full is-resized\"><img loading=\"lazy\" decoding=\"async\" class=\"wp-image-64221\" src=\"https:\/\/exceladvisor.org\/wp-content\/uploads\/2023\/08\/2-creer-une-plage-de-dates.png\" sizes=\"auto, \" srcset=\"\" alt=\"criar um intervalo de datas\" width=\"395\" height=\"239\"><\/figure><\/div><h2 class=\"wp-block-heading\"> Crie um intervalo de datas em uma \u00fanica c\u00e9lula<\/h2><p> Vamos dar um passo adiante e criar um intervalo de datas em uma \u00fanica c\u00e9lula. E para isso precisamos combinar a data de in\u00edcio e a data de t\u00e9rmino em uma \u00fanica c\u00e9lula. Mas o problema \u00e9 que quando voc\u00ea tenta combinar duas datas em uma \u00fanica c\u00e9lula, ele retorna algo como abaixo. <\/p><div class=\"wp-block-image\"><figure class=\"aligncenter size-full is-resized\"><img loading=\"lazy\" decoding=\"async\" class=\"wp-image-64222\" src=\"https:\/\/exceladvisor.org\/wp-content\/uploads\/2023\/08\/3-creer-une-plage-de-dates-dans-une-seule-cellule.png\" sizes=\"auto, \" srcset=\"\" alt=\"criar um intervalo de datas em uma \u00fanica c\u00e9lula\" width=\"452\" height=\"242\"><\/figure><\/div><p> Agora, para superar esse problema, precisamos usar a fun\u00e7\u00e3o TEXT para converter as datas em texto e depois combin\u00e1-las em um intervalo de datas. A f\u00f3rmula seria algo como a abaixo. <\/p><div class=\"wp-block-image\"><figure class=\"aligncenter size-full is-resized\"><img loading=\"lazy\" decoding=\"async\" class=\"wp-image-64224\" src=\"https:\/\/exceladvisor.org\/wp-content\/uploads\/2023\/08\/4-fonction-de-texte-pour-la-plage-de-dates.png\" sizes=\"auto, \" srcset=\"\" alt=\"fun\u00e7\u00e3o de texto para intervalo de datas\" width=\"626\" height=\"268\"><\/figure><\/div><pre class=\"wp-block-code\"> <code class=\"language-excel-formula\" lang=\"excel-formula\">=TEXT(A1,\"dd\/mmm\/yy\")&amp;\" --- \"&amp;TEXT(B1,\"dd\/mmm\/yy\")<\/code><\/pre><p> Agora, como voc\u00ea pode ver, temos um intervalo de datas na c\u00e9lula C1 de 8 de fevereiro de 22 a 15 de fevereiro de 22. E se quiser criar um intervalo de datas em uma \u00fanica c\u00e9lula, voc\u00ea pode usar a seguinte f\u00f3rmula.<\/p><pre class=\"wp-block-code\"> <code class=\"language-excel-formula\" lang=\"excel-formula\">=TEXT(TODAY(),\"dd\/mmm\/yy\")&amp;\" --- \"&amp;TEXT(A1+7,\"dd\/mmm\/yy\")<\/code><\/pre><p> Na parte sobre como usar a fun\u00e7\u00e3o TEXTO, voc\u00ea pode alterar o formato da data conforme desejar. <\/p><div class=\"gb-container gb-container-52dfcee1 gb-container-sample-file\"><h2 class=\"gb-headline gb-headline-e289c143 gb-headline-text gb-headline-4f7959c2\"> Obtenha o arquivo Excel<\/h2> <a class=\"gb-button gb-button-e88d6bee gb-button-text gb-button-button1\" href=\"https:\/\/exceladvisor.org\/wp-content\/uploads\/2023\/08\/creer-une-plage-de-dates.xlsx\" rel=\"nofollow\">Download<\/a><\/div><div class=\"gb-container gb-container-0df56012 gb-container-mt\"> <a class=\"gb-button gb-button-f9f432f4 gb-button-text gb-button-mt-button\" href=\"https:\/\/exceladvisor.org\/pt\/formulas\/\">Lista de f\u00f3rmulas do Excel<\/a><h2 class=\"gb-headline gb-headline-233444e8 gb-headline-text gb-headline-mt-heading\"> F\u00f3rmulas relacionadas <\/h2><div class=\"gb-grid-wrapper gb-grid-wrapper-a16fa65c gb-grid-wrapper-mt-grid\"><div class=\"gb-grid-column gb-grid-column-50d07e0d\"><div class=\"gb-container gb-container-50d07e0d\"><ul><li> <a href=\"https:\/\/exceladvisor.org\/pt\/comparar-duas-datas\/\">Compare duas datas no Excel<\/a><\/li><li> <a href=\"https:\/\/exceladvisor.org\/pt\/converter-data-em-numero\/\">Converter data em n\u00famero no Excel<\/a><\/li><li> <a href=\"https:\/\/exceladvisor.org\/pt\/texto-ate-o-momento\/\">Converter texto atualizado no Excel<\/a><\/li><li> <a href=\"https:\/\/exceladvisor.org\/pt\/formatos-de-data-personalizados\/\">Formatos de data personalizados no Excel<\/a> <\/li><\/ul><\/div><\/div><div class=\"gb-grid-column gb-grid-column-5b4a0cf9\"><div class=\"gb-container gb-container-5b4a0cf9\"><ul><li> <a href=\"https:\/\/exceladvisor.org\/pt\/destacando-entre-duas-datas\/\">Destacar datas entre duas datas no Excel<\/a><\/li><li> <a href=\"https:\/\/exceladvisor.org\/pt\/concatenar-duas-datas\/\">Concatene rapidamente duas datas no Excel<\/a><\/li><li> <a href=\"https:\/\/exceladvisor.org\/pt\/gerador-de-data-aleatoria\/\">Gerador de data aleat\u00f3ria (f\u00f3rmula Excel) no Excel<\/a><\/li><li> <a href=\"https:\/\/exceladvisor.org\/pt\/combinar-data-e-hora\/\">Combine data e hora no Excel<\/a><\/li><\/ul><\/div><\/div><\/div><\/div>","protected":false},"excerpt":{"rendered":"","protected":false},"author":1,"featured_media":0,"parent":0,"menu_order":0,"comment_status":"open","ping_status":"closed","template":"","meta":{"ub_ctt_via":"","footnotes":""},"class_list":["post-105","page","type-page","status-publish","hentry"],"featured_image_src":null,"yoast_head":"<!-- This site is optimized with the Yoast SEO plugin v25.4 - https:\/\/yoast.com\/wordpress\/plugins\/seo\/ -->\n<title>Como criar um intervalo de datas no Excel? - Consultor Excel<\/title>\n<meta name=\"description\" content=\"Neste tutorial de f\u00f3rmulas, voc\u00ea aprender\u00e1 como criar um intervalo de datas usando a fun\u00e7\u00e3o de texto e o\" \/>\n<meta name=\"robots\" content=\"index, follow, max-snippet:-1, max-image-preview:large, max-video-preview:-1\" \/>\n<link rel=\"canonical\" href=\"https:\/\/exceladvisor.org\/pt\/intervalo-de-datas\/\" \/>\n<meta property=\"og:locale\" content=\"pt_PT\" \/>\n<meta property=\"og:type\" content=\"article\" \/>\n<meta property=\"og:title\" content=\"Como criar um intervalo de datas no Excel? - Consultor Excel\" \/>\n<meta property=\"og:description\" content=\"Neste tutorial de f\u00f3rmulas, voc\u00ea aprender\u00e1 como criar um intervalo de datas usando a fun\u00e7\u00e3o de texto e o\" \/>\n<meta property=\"og:url\" content=\"https:\/\/exceladvisor.org\/pt\/intervalo-de-datas\/\" \/>\n<meta property=\"og:site_name\" content=\"Excel Advisor\" \/>\n<meta property=\"article:modified_time\" content=\"2023-12-06T11:36:53+00:00\" \/>\n<meta property=\"og:image\" content=\"https:\/\/exceladvisor.org\/wp-content\/uploads\/2023\/08\/1-plage-de-dates-a-partir-daujourdhui.png\" \/>\n<meta name=\"twitter:card\" content=\"summary_large_image\" \/>\n<meta name=\"twitter:label1\" content=\"Tempo estimado de leitura\" \/>\n\t<meta name=\"twitter:data1\" content=\"2 minutos\" \/>\n<script type=\"application\/ld+json\" class=\"yoast-schema-graph\">{\"@context\":\"https:\/\/schema.org\",\"@graph\":[{\"@type\":\"WebPage\",\"@id\":\"https:\/\/exceladvisor.org\/pt\/intervalo-de-datas\/\",\"url\":\"https:\/\/exceladvisor.org\/pt\/intervalo-de-datas\/\",\"name\":\"Como criar um intervalo de datas no Excel? - Consultor Excel\",\"isPartOf\":{\"@id\":\"https:\/\/exceladvisor.org\/pt\/#website\"},\"primaryImageOfPage\":{\"@id\":\"https:\/\/exceladvisor.org\/pt\/intervalo-de-datas\/#primaryimage\"},\"image\":{\"@id\":\"https:\/\/exceladvisor.org\/pt\/intervalo-de-datas\/#primaryimage\"},\"thumbnailUrl\":\"https:\/\/exceladvisor.org\/wp-content\/uploads\/2023\/08\/1-plage-de-dates-a-partir-daujourdhui.png\",\"datePublished\":\"2023-11-16T09:57:07+00:00\",\"dateModified\":\"2023-12-06T11:36:53+00:00\",\"description\":\"Neste tutorial de f\u00f3rmulas, voc\u00ea aprender\u00e1 como criar um intervalo de datas usando a fun\u00e7\u00e3o de texto e o\",\"breadcrumb\":{\"@id\":\"https:\/\/exceladvisor.org\/pt\/intervalo-de-datas\/#breadcrumb\"},\"inLanguage\":\"pt-PT\",\"potentialAction\":[{\"@type\":\"ReadAction\",\"target\":[\"https:\/\/exceladvisor.org\/pt\/intervalo-de-datas\/\"]}]},{\"@type\":\"ImageObject\",\"inLanguage\":\"pt-PT\",\"@id\":\"https:\/\/exceladvisor.org\/pt\/intervalo-de-datas\/#primaryimage\",\"url\":\"https:\/\/exceladvisor.org\/wp-content\/uploads\/2023\/08\/1-plage-de-dates-a-partir-daujourdhui.png\",\"contentUrl\":\"https:\/\/exceladvisor.org\/wp-content\/uploads\/2023\/08\/1-plage-de-dates-a-partir-daujourdhui.png\"},{\"@type\":\"BreadcrumbList\",\"@id\":\"https:\/\/exceladvisor.org\/pt\/intervalo-de-datas\/#breadcrumb\",\"itemListElement\":[{\"@type\":\"ListItem\",\"position\":1,\"name\":\"Lar\",\"item\":\"https:\/\/exceladvisor.org\/pt\/\"},{\"@type\":\"ListItem\",\"position\":2,\"name\":\"Como criar um intervalo de datas no excel?\"}]},{\"@type\":\"WebSite\",\"@id\":\"https:\/\/exceladvisor.org\/pt\/#website\",\"url\":\"https:\/\/exceladvisor.org\/pt\/\",\"name\":\"Excel Advisor\",\"description\":\"O seu guia definitivo para dominar os dados!\",\"publisher\":{\"@id\":\"https:\/\/exceladvisor.org\/pt\/#organization\"},\"potentialAction\":[{\"@type\":\"SearchAction\",\"target\":{\"@type\":\"EntryPoint\",\"urlTemplate\":\"https:\/\/exceladvisor.org\/pt\/?s={search_term_string}\"},\"query-input\":{\"@type\":\"PropertyValueSpecification\",\"valueRequired\":true,\"valueName\":\"search_term_string\"}}],\"inLanguage\":\"pt-PT\"},{\"@type\":\"Organization\",\"@id\":\"https:\/\/exceladvisor.org\/pt\/#organization\",\"name\":\"Excel Advisor\",\"url\":\"https:\/\/exceladvisor.org\/pt\/\",\"logo\":{\"@type\":\"ImageObject\",\"inLanguage\":\"pt-PT\",\"@id\":\"https:\/\/exceladvisor.org\/pt\/#\/schema\/logo\/image\/\",\"url\":\"https:\/\/exceladvisor.org\/pt\/wp-content\/uploads\/2023\/12\/exceladvisor.org_.png\",\"contentUrl\":\"https:\/\/exceladvisor.org\/pt\/wp-content\/uploads\/2023\/12\/exceladvisor.org_.png\",\"width\":105,\"height\":36,\"caption\":\"Excel Advisor\"},\"image\":{\"@id\":\"https:\/\/exceladvisor.org\/pt\/#\/schema\/logo\/image\/\"}}]}<\/script>\n<!-- \/ Yoast SEO plugin. -->","yoast_head_json":{"title":"Como criar um intervalo de datas no Excel? - Consultor Excel","description":"Neste tutorial de f\u00f3rmulas, voc\u00ea aprender\u00e1 como criar um intervalo de datas usando a fun\u00e7\u00e3o de texto e o","robots":{"index":"index","follow":"follow","max-snippet":"max-snippet:-1","max-image-preview":"max-image-preview:large","max-video-preview":"max-video-preview:-1"},"canonical":"https:\/\/exceladvisor.org\/pt\/intervalo-de-datas\/","og_locale":"pt_PT","og_type":"article","og_title":"Como criar um intervalo de datas no Excel? - Consultor Excel","og_description":"Neste tutorial de f\u00f3rmulas, voc\u00ea aprender\u00e1 como criar um intervalo de datas usando a fun\u00e7\u00e3o de texto e o","og_url":"https:\/\/exceladvisor.org\/pt\/intervalo-de-datas\/","og_site_name":"Excel Advisor","article_modified_time":"2023-12-06T11:36:53+00:00","og_image":[{"url":"https:\/\/exceladvisor.org\/wp-content\/uploads\/2023\/08\/1-plage-de-dates-a-partir-daujourdhui.png","type":"","width":"","height":""}],"twitter_card":"summary_large_image","twitter_misc":{"Tempo estimado de leitura":"2 minutos"},"schema":{"@context":"https:\/\/schema.org","@graph":[{"@type":"WebPage","@id":"https:\/\/exceladvisor.org\/pt\/intervalo-de-datas\/","url":"https:\/\/exceladvisor.org\/pt\/intervalo-de-datas\/","name":"Como criar um intervalo de datas no Excel? - Consultor Excel","isPartOf":{"@id":"https:\/\/exceladvisor.org\/pt\/#website"},"primaryImageOfPage":{"@id":"https:\/\/exceladvisor.org\/pt\/intervalo-de-datas\/#primaryimage"},"image":{"@id":"https:\/\/exceladvisor.org\/pt\/intervalo-de-datas\/#primaryimage"},"thumbnailUrl":"https:\/\/exceladvisor.org\/wp-content\/uploads\/2023\/08\/1-plage-de-dates-a-partir-daujourdhui.png","datePublished":"2023-11-16T09:57:07+00:00","dateModified":"2023-12-06T11:36:53+00:00","description":"Neste tutorial de f\u00f3rmulas, voc\u00ea aprender\u00e1 como criar um intervalo de datas usando a fun\u00e7\u00e3o de texto e o","breadcrumb":{"@id":"https:\/\/exceladvisor.org\/pt\/intervalo-de-datas\/#breadcrumb"},"inLanguage":"pt-PT","potentialAction":[{"@type":"ReadAction","target":["https:\/\/exceladvisor.org\/pt\/intervalo-de-datas\/"]}]},{"@type":"ImageObject","inLanguage":"pt-PT","@id":"https:\/\/exceladvisor.org\/pt\/intervalo-de-datas\/#primaryimage","url":"https:\/\/exceladvisor.org\/wp-content\/uploads\/2023\/08\/1-plage-de-dates-a-partir-daujourdhui.png","contentUrl":"https:\/\/exceladvisor.org\/wp-content\/uploads\/2023\/08\/1-plage-de-dates-a-partir-daujourdhui.png"},{"@type":"BreadcrumbList","@id":"https:\/\/exceladvisor.org\/pt\/intervalo-de-datas\/#breadcrumb","itemListElement":[{"@type":"ListItem","position":1,"name":"Lar","item":"https:\/\/exceladvisor.org\/pt\/"},{"@type":"ListItem","position":2,"name":"Como criar um intervalo de datas no excel?"}]},{"@type":"WebSite","@id":"https:\/\/exceladvisor.org\/pt\/#website","url":"https:\/\/exceladvisor.org\/pt\/","name":"Excel Advisor","description":"O seu guia definitivo para dominar os dados!","publisher":{"@id":"https:\/\/exceladvisor.org\/pt\/#organization"},"potentialAction":[{"@type":"SearchAction","target":{"@type":"EntryPoint","urlTemplate":"https:\/\/exceladvisor.org\/pt\/?s={search_term_string}"},"query-input":{"@type":"PropertyValueSpecification","valueRequired":true,"valueName":"search_term_string"}}],"inLanguage":"pt-PT"},{"@type":"Organization","@id":"https:\/\/exceladvisor.org\/pt\/#organization","name":"Excel Advisor","url":"https:\/\/exceladvisor.org\/pt\/","logo":{"@type":"ImageObject","inLanguage":"pt-PT","@id":"https:\/\/exceladvisor.org\/pt\/#\/schema\/logo\/image\/","url":"https:\/\/exceladvisor.org\/pt\/wp-content\/uploads\/2023\/12\/exceladvisor.org_.png","contentUrl":"https:\/\/exceladvisor.org\/pt\/wp-content\/uploads\/2023\/12\/exceladvisor.org_.png","width":105,"height":36,"caption":"Excel Advisor"},"image":{"@id":"https:\/\/exceladvisor.org\/pt\/#\/schema\/logo\/image\/"}}]}},"yoast_meta":{"yoast_wpseo_title":"","yoast_wpseo_metadesc":"","yoast_wpseo_canonical":""},"_links":{"self":[{"href":"https:\/\/exceladvisor.org\/pt\/wp-json\/wp\/v2\/pages\/105","targetHints":{"allow":["GET"]}}],"collection":[{"href":"https:\/\/exceladvisor.org\/pt\/wp-json\/wp\/v2\/pages"}],"about":[{"href":"https:\/\/exceladvisor.org\/pt\/wp-json\/wp\/v2\/types\/page"}],"author":[{"embeddable":true,"href":"https:\/\/exceladvisor.org\/pt\/wp-json\/wp\/v2\/users\/1"}],"replies":[{"embeddable":true,"href":"https:\/\/exceladvisor.org\/pt\/wp-json\/wp\/v2\/comments?post=105"}],"version-history":[{"count":1,"href":"https:\/\/exceladvisor.org\/pt\/wp-json\/wp\/v2\/pages\/105\/revisions"}],"predecessor-version":[{"id":993,"href":"https:\/\/exceladvisor.org\/pt\/wp-json\/wp\/v2\/pages\/105\/revisions\/993"}],"wp:attachment":[{"href":"https:\/\/exceladvisor.org\/pt\/wp-json\/wp\/v2\/media?parent=105"}],"curies":[{"name":"wp","href":"https:\/\/api.w.org\/{rel}","templated":true}]}}