{"id":106,"date":"2023-11-16T09:48:27","date_gmt":"2023-11-16T09:48:27","guid":{"rendered":"https:\/\/exceladvisor.org\/pt\/obter-o-nome-da-planilha\/"},"modified":"2023-12-06T11:38:39","modified_gmt":"2023-12-06T11:38:39","slug":"obter-o-nome-da-planilha","status":"publish","type":"page","link":"https:\/\/exceladvisor.org\/pt\/obter-o-nome-da-planilha\/","title":{"rendered":"Como obter o nome da planilha no excel?"},"content":{"rendered":"<div class=\"excel-before-content-2\" id=\"excel-3661242\"><script type=\"text\/javascript\">\r\n\tatOptions = {\r\n\t\t'key' : 'c1158f160081d6540a8409e6925dab94',\r\n\t\t'format' : 'iframe',\r\n\t\t'height' : 250,\r\n\t\t'width' : 300,\r\n\t\t'params' : {}\r\n\t};\r\n<\/script>\r\n<script type=\"text\/javascript\" src=\"\/\/www.highperformanceformat.com\/c1158f160081d6540a8409e6925dab94\/invoke.js\"><\/script><\/div><div class=\"excel-before-content\" id=\"excel-667228742\"><script type=\"text\/javascript\">\r\n\tatOptions = {\r\n\t\t'key' : 'c1158f160081d6540a8409e6925dab94',\r\n\t\t'format' : 'iframe',\r\n\t\t'height' : 250,\r\n\t\t'width' : 300,\r\n\t\t'params' : {}\r\n\t};\r\n<\/script>\r\n<script type=\"text\/javascript\" src=\"\/\/www.highperformanceformat.com\/c1158f160081d6540a8409e6925dab94\/invoke.js\"><\/script><\/div> <p>No Excel, n\u00e3o existe uma fun\u00e7\u00e3o direta para obter o nome da planilha ativa. Agora a solu\u00e7\u00e3o para este problema \u00e9 criar uma f\u00f3rmula usando m\u00faltiplas fun\u00e7\u00f5es ou usar uma fun\u00e7\u00e3o personalizada criada em VBA.<\/p><p> Neste tutorial, voc\u00ea aprender\u00e1 os dois m\u00e9todos com exemplos.<\/p><h2 class=\"wp-block-heading\"> Use uma f\u00f3rmula para obter o nome da planilha<\/h2><p> Para criar uma f\u00f3rmula para obter o nome da planilha, precisamos utilizar as fun\u00e7\u00f5es CELLS, FIND e MID. Aqui est\u00e1 a fun\u00e7\u00e3o onde voc\u00ea pode obter o nome da planilha.<\/p><pre class=\"wp-block-code\"> <code class=\"language-excel-formula\" lang=\"excel-formula\">=MID(CELL(\"filename\"),FIND(\"]\",CELL(\"filename\"))+1,LEN(CELL(\"filename\")))<\/code><\/pre><p> Voc\u00ea insere a f\u00f3rmula acima em uma das c\u00e9lulas da planilha para a qual deseja ter o nome da planilha. Agora vamos entender essa f\u00f3rmula, e para entend\u00ea-la precisamos dividi-la em quatro partes.<\/p><p> Na primeira parte temos uma fun\u00e7\u00e3o CELL que retorna o endere\u00e7o da pasta de trabalho com o nome da planilha atual. <\/p><div class=\"wp-block-image\"><figure class=\"aligncenter size-full is-resized\"><img loading=\"lazy\" decoding=\"async\" class=\"wp-image-64178\" src=\"https:\/\/exceladvisor.org\/wp-content\/uploads\/2023\/08\/1-formule-pour-obtenir-le-nom-de-la-feuille-de-calcul.png\" sizes=\"auto, \" srcset=\"\" alt=\"f\u00f3rmula para obter o nome da planilha\" width=\"577\" height=\"129\"><\/figure><\/div><p> E aqui est\u00e1 o endere\u00e7o que obtivemos da fun\u00e7\u00e3o de c\u00e9lula. Aqui voc\u00ea pode ver que tem o nome da planilha no final do endere\u00e7o e precisa pegar o nome dela. <\/p><div class=\"wp-block-image\"><figure class=\"aligncenter size-full is-resized\"><img loading=\"lazy\" decoding=\"async\" class=\"wp-image-64179\" src=\"https:\/\/exceladvisor.org\/wp-content\/uploads\/2023\/08\/2-adresse-de-feuille-de-calcul.png\" sizes=\"auto, \" srcset=\"\" alt=\"endere\u00e7o da planilha\" width=\"353\" height=\"41\"><\/figure><\/div><p> Agora na segunda parte temos a fun\u00e7\u00e3o FIND que utiliza a fun\u00e7\u00e3o de c\u00e9lula para obter o endere\u00e7o e encontrar a posi\u00e7\u00e3o do caractere que voc\u00ea tem exatamente uma posi\u00e7\u00e3o antes do nome da planilha. <\/p><div class=\"wp-block-image\"><figure class=\"aligncenter size-full is-resized\"><img loading=\"lazy\" decoding=\"async\" class=\"wp-image-64180\" src=\"https:\/\/exceladvisor.org\/wp-content\/uploads\/2023\/08\/3-fonction-de-recherche.png\" sizes=\"auto, \" srcset=\"\" alt=\"fun\u00e7\u00e3o de pesquisa\" width=\"559\" height=\"131\"><\/figure><\/div><p> E depois de obter o n\u00famero da posi\u00e7\u00e3o &#8220;]&#8221;, voc\u00ea precisa adicionar 1 a ele para obter a posi\u00e7\u00e3o do primeiro caractere do nome da planilha. <\/p><div class=\"wp-block-image\"><figure class=\"aligncenter size-full is-resized\"><img loading=\"lazy\" decoding=\"async\" class=\"wp-image-64181\" src=\"https:\/\/exceladvisor.org\/wp-content\/uploads\/2023\/08\/4-ajouter-1-pour-obtenir-la-position.png\" sizes=\"auto, \" srcset=\"\" alt=\"adicionar-1-para-obter-posi\u00e7\u00e3o\" width=\"451\" height=\"125\"><\/figure><\/div><p> Agora na terceira parte voc\u00ea tem as fun\u00e7\u00f5es LEN e CELL para contar os caracteres em todo o caminho. <\/p><div class=\"wp-block-image\"><figure class=\"aligncenter size-full is-resized\"><img loading=\"lazy\" decoding=\"async\" class=\"wp-image-64182\" src=\"https:\/\/exceladvisor.org\/wp-content\/uploads\/2023\/08\/5-fonction-len-et-cellule.png\" sizes=\"auto, \" srcset=\"\" alt=\"fun\u00e7\u00e3o len-and-cell\" width=\"563\" height=\"94\"><\/figure><\/div><p> Agora, neste ponto, temos o caminho do endere\u00e7o, a posi\u00e7\u00e3o do primeiro caractere do nome da planilha e o n\u00famero de caracteres que temos no caminho do endere\u00e7o. <\/p><div class=\"wp-block-image\"><figure class=\"aligncenter size-full is-resized\"><img loading=\"lazy\" decoding=\"async\" class=\"wp-image-64183\" src=\"https:\/\/exceladvisor.org\/wp-content\/uploads\/2023\/08\/6-chemin-dadresse-de-feuille-de-calcul.png\" sizes=\"auto, \" srcset=\"\" alt=\"caminho do endere\u00e7o da planilha\" width=\"495\" height=\"140\"><\/figure><\/div><p> E na quarta parte, usando a fun\u00e7\u00e3o MID, voc\u00ea tem o nome da planilha no resultado.<\/p><h2 class=\"wp-block-heading\"> Crie uma fun\u00e7\u00e3o definida pelo usu\u00e1rio para obter o nome da planilha<\/h2><p> Obter o nome de uma planilha por meio de uma UDF \u00e9 a maneira mais simples. Voc\u00ea n\u00e3o precisa criar uma f\u00f3rmula complexa, mas sim um c\u00f3digo simples como este. <\/p><div class=\"wp-block-image\"><figure class=\"aligncenter size-full is-resized\"><img loading=\"lazy\" decoding=\"async\" class=\"wp-image-64184\" src=\"https:\/\/exceladvisor.org\/wp-content\/uploads\/2023\/08\/7-fonction-definie-par-lutilisateur-pour-obtenir-le-nom-de-la-feuille.png\" sizes=\"auto, \" srcset=\"\" alt=\"fun\u00e7\u00e3o definida pelo usu\u00e1rio para obter o nome da planilha\" width=\"540\" height=\"282\"><\/figure><\/div><pre class=\"wp-block-code\"> <code class=\"language-visual-basic line-numbers\" lang=\"visual-basic\">Function mySheetName() mySheetName = ActiveSheet.Name End Function<\/code><\/pre><p> Agora vamos ver como usar este c\u00f3digo para extrair o nome da planilha atual para uma c\u00e9lula. Use as seguintes etapas:<\/p><ol><li> Primeiro, v\u00e1 para a guia Desenvolvedor e clique em Visual Basic. <br><img loading=\"lazy\" decoding=\"async\" title=\"Desenvolvedor de 8 guias\" src=\"https:\/\/exceladvisor.org\/wp-content\/uploads\/2023\/08\/8-onglet-developpeur.png\" sizes=\"auto, \" srcset=\"\" alt=\"developer-tab\" width=\"653\" height=\"188\"><\/li><li> Agora no Editor do Visual Basic, v\u00e1 na op\u00e7\u00e3o Inserir e clique no m\u00f3dulo para inserir um m\u00f3dulo. <br><img loading=\"lazy\" decoding=\"async\" title=\"9 m\u00f3dulos para inserir\" src=\"https:\/\/exceladvisor.org\/wp-content\/uploads\/2023\/08\/9-module-pour-inserer-le-module.png\" sizes=\"auto, \" srcset=\"\" alt=\"module-to-insert-module\" width=\"221\" height=\"221\"><\/li><li> Depois disso, v\u00e1 at\u00e9 a janela de c\u00f3digo e cole o c\u00f3digo acima l\u00e1. <br><img loading=\"lazy\" decoding=\"async\" title=\"Janela de 10 c\u00f3digos\" src=\"https:\/\/exceladvisor.org\/wp-content\/uploads\/2023\/08\/fenetre-de-10-codes.png\" sizes=\"auto, \" srcset=\"\" alt=\"code-window\" width=\"628\" height=\"380\"><\/li><li> Ao final, feche o editor do Visual Basic e retorne \u00e0 planilha.<\/li><\/ol><p> Agora, selecione uma das c\u00e9lulas da planilha cujo nome voc\u00ea deseja obter e insira a seguinte fun\u00e7\u00e3o nela. <\/p><div class=\"wp-block-image\"><figure class=\"aligncenter size-full is-resized\"><img loading=\"lazy\" decoding=\"async\" class=\"wp-image-64188\" src=\"https:\/\/exceladvisor.org\/wp-content\/uploads\/2023\/08\/11-selectionnez-nimporte-quelle-cellule-pour-obtenir-le-nom.png\" sizes=\"auto, \" srcset=\"\" alt=\"selecione qualquer c\u00e9lula para obter o nome\" width=\"442\" height=\"120\"><\/figure><\/div><p> Voc\u00ea pode aprender mais sobre como criar uma fun\u00e7\u00e3o personalizada neste tutorial. <\/p><div class=\"gb-container gb-container-52dfcee1 gb-container-sample-file\"><h2 class=\"gb-headline gb-headline-e289c143 gb-headline-text gb-headline-4f7959c2\"> Obtenha o arquivo Excel<\/h2> <a class=\"gb-button gb-button-e88d6bee gb-button-text gb-button-button1\" href=\"https:\/\/exceladvisor.org\/wp-content\/uploads\/2023\/08\/obtenir-le-nom-de-la-feuille-2.xlsx\" rel=\"nofollow\">Download<\/a><\/div><div class=\"gb-container gb-container-0df56012 gb-container-mt\"> <a class=\"gb-button gb-button-f9f432f4 gb-button-text gb-button-mt-button\" href=\"https:\/\/exceladvisor.org\/pt\/formulas\/\">Lista de f\u00f3rmulas do Excel<\/a><h2 class=\"gb-headline gb-headline-233444e8 gb-headline-text gb-headline-mt-heading\"> F\u00f3rmulas relacionadas <\/h2><div class=\"gb-grid-wrapper gb-grid-wrapper-a16fa65c gb-grid-wrapper-mt-grid\"><div class=\"gb-grid-column gb-grid-column-50d07e0d\"><div class=\"gb-container gb-container-50d07e0d\"><ul><li> <a href=\"https:\/\/exceladvisor.org\/pt\/filtro-horizontal\/\">Crie um filtro horizontal no Excel<\/a><\/li><li> <a href=\"https:\/\/exceladvisor.org\/pt\/classificacao-por-estrelas\/\">Crie um modelo de classifica\u00e7\u00e3o por estrelas no Excel<\/a><\/li><li> <a href=\"https:\/\/exceladvisor.org\/pt\/obter-o-nome-do-arquivo\/\">Obtenha o nome do arquivo no Excel<\/a><\/li><li> <a href=\"https:\/\/exceladvisor.org\/pt\/gerar-letras-aleatorias\/\">Gere letras aleat\u00f3rias rapidamente no Excel<\/a><\/li><li> <a href=\"https:\/\/exceladvisor.org\/pt\/randomizar-a-lista\/\">Randomizar uma lista (classifica\u00e7\u00e3o aleat\u00f3ria) no Excel<\/a> <\/li><\/ul><\/div><\/div><div class=\"gb-grid-column gb-grid-column-5b4a0cf9\"><div class=\"gb-container gb-container-5b4a0cf9\"><\/div><\/div><\/div><\/div>","protected":false},"excerpt":{"rendered":"","protected":false},"author":1,"featured_media":0,"parent":0,"menu_order":0,"comment_status":"open","ping_status":"closed","template":"","meta":{"ub_ctt_via":"","footnotes":""},"class_list":["post-106","page","type-page","status-publish","hentry"],"featured_image_src":null,"yoast_head":"<!-- This site is optimized with the Yoast SEO plugin v25.4 - https:\/\/yoast.com\/wordpress\/plugins\/seo\/ -->\n<title>Como obter o nome da planilha no Excel? - Consultor Excel<\/title>\n<meta name=\"description\" content=\"Neste tutorial de f\u00f3rmulas, voc\u00ea aprender\u00e1 como obter o nome da planilha usando uma f\u00f3rmula e depois uma fun\u00e7\u00e3o definida\" \/>\n<meta name=\"robots\" content=\"index, follow, max-snippet:-1, max-image-preview:large, max-video-preview:-1\" \/>\n<link rel=\"canonical\" href=\"https:\/\/exceladvisor.org\/pt\/obter-o-nome-da-planilha\/\" \/>\n<meta property=\"og:locale\" content=\"pt_PT\" \/>\n<meta property=\"og:type\" content=\"article\" \/>\n<meta property=\"og:title\" content=\"Como obter o nome da planilha no Excel? - Consultor Excel\" \/>\n<meta property=\"og:description\" content=\"Neste tutorial de f\u00f3rmulas, voc\u00ea aprender\u00e1 como obter o nome da planilha usando uma f\u00f3rmula e depois uma fun\u00e7\u00e3o definida\" \/>\n<meta property=\"og:url\" content=\"https:\/\/exceladvisor.org\/pt\/obter-o-nome-da-planilha\/\" \/>\n<meta property=\"og:site_name\" content=\"Excel Advisor\" \/>\n<meta property=\"article:modified_time\" content=\"2023-12-06T11:38:39+00:00\" \/>\n<meta property=\"og:image\" content=\"https:\/\/exceladvisor.org\/wp-content\/uploads\/2023\/08\/1-formule-pour-obtenir-le-nom-de-la-feuille-de-calcul.png\" \/>\n<meta name=\"twitter:card\" content=\"summary_large_image\" \/>\n<meta name=\"twitter:label1\" content=\"Tempo estimado de leitura\" \/>\n\t<meta name=\"twitter:data1\" content=\"3 minutos\" \/>\n<script type=\"application\/ld+json\" class=\"yoast-schema-graph\">{\"@context\":\"https:\/\/schema.org\",\"@graph\":[{\"@type\":\"WebPage\",\"@id\":\"https:\/\/exceladvisor.org\/pt\/obter-o-nome-da-planilha\/\",\"url\":\"https:\/\/exceladvisor.org\/pt\/obter-o-nome-da-planilha\/\",\"name\":\"Como obter o nome da planilha no Excel? - Consultor Excel\",\"isPartOf\":{\"@id\":\"https:\/\/exceladvisor.org\/pt\/#website\"},\"primaryImageOfPage\":{\"@id\":\"https:\/\/exceladvisor.org\/pt\/obter-o-nome-da-planilha\/#primaryimage\"},\"image\":{\"@id\":\"https:\/\/exceladvisor.org\/pt\/obter-o-nome-da-planilha\/#primaryimage\"},\"thumbnailUrl\":\"https:\/\/exceladvisor.org\/wp-content\/uploads\/2023\/08\/1-formule-pour-obtenir-le-nom-de-la-feuille-de-calcul.png\",\"datePublished\":\"2023-11-16T09:48:27+00:00\",\"dateModified\":\"2023-12-06T11:38:39+00:00\",\"description\":\"Neste tutorial de f\u00f3rmulas, voc\u00ea aprender\u00e1 como obter o nome da planilha usando uma f\u00f3rmula e depois uma fun\u00e7\u00e3o definida\",\"breadcrumb\":{\"@id\":\"https:\/\/exceladvisor.org\/pt\/obter-o-nome-da-planilha\/#breadcrumb\"},\"inLanguage\":\"pt-PT\",\"potentialAction\":[{\"@type\":\"ReadAction\",\"target\":[\"https:\/\/exceladvisor.org\/pt\/obter-o-nome-da-planilha\/\"]}]},{\"@type\":\"ImageObject\",\"inLanguage\":\"pt-PT\",\"@id\":\"https:\/\/exceladvisor.org\/pt\/obter-o-nome-da-planilha\/#primaryimage\",\"url\":\"https:\/\/exceladvisor.org\/wp-content\/uploads\/2023\/08\/1-formule-pour-obtenir-le-nom-de-la-feuille-de-calcul.png\",\"contentUrl\":\"https:\/\/exceladvisor.org\/wp-content\/uploads\/2023\/08\/1-formule-pour-obtenir-le-nom-de-la-feuille-de-calcul.png\"},{\"@type\":\"BreadcrumbList\",\"@id\":\"https:\/\/exceladvisor.org\/pt\/obter-o-nome-da-planilha\/#breadcrumb\",\"itemListElement\":[{\"@type\":\"ListItem\",\"position\":1,\"name\":\"Lar\",\"item\":\"https:\/\/exceladvisor.org\/pt\/\"},{\"@type\":\"ListItem\",\"position\":2,\"name\":\"Como obter o nome da planilha no excel?\"}]},{\"@type\":\"WebSite\",\"@id\":\"https:\/\/exceladvisor.org\/pt\/#website\",\"url\":\"https:\/\/exceladvisor.org\/pt\/\",\"name\":\"Excel Advisor\",\"description\":\"O seu guia definitivo para dominar os dados!\",\"publisher\":{\"@id\":\"https:\/\/exceladvisor.org\/pt\/#organization\"},\"potentialAction\":[{\"@type\":\"SearchAction\",\"target\":{\"@type\":\"EntryPoint\",\"urlTemplate\":\"https:\/\/exceladvisor.org\/pt\/?s={search_term_string}\"},\"query-input\":{\"@type\":\"PropertyValueSpecification\",\"valueRequired\":true,\"valueName\":\"search_term_string\"}}],\"inLanguage\":\"pt-PT\"},{\"@type\":\"Organization\",\"@id\":\"https:\/\/exceladvisor.org\/pt\/#organization\",\"name\":\"Excel Advisor\",\"url\":\"https:\/\/exceladvisor.org\/pt\/\",\"logo\":{\"@type\":\"ImageObject\",\"inLanguage\":\"pt-PT\",\"@id\":\"https:\/\/exceladvisor.org\/pt\/#\/schema\/logo\/image\/\",\"url\":\"https:\/\/exceladvisor.org\/pt\/wp-content\/uploads\/2023\/12\/exceladvisor.org_.png\",\"contentUrl\":\"https:\/\/exceladvisor.org\/pt\/wp-content\/uploads\/2023\/12\/exceladvisor.org_.png\",\"width\":105,\"height\":36,\"caption\":\"Excel Advisor\"},\"image\":{\"@id\":\"https:\/\/exceladvisor.org\/pt\/#\/schema\/logo\/image\/\"}}]}<\/script>\n<!-- \/ Yoast SEO plugin. -->","yoast_head_json":{"title":"Como obter o nome da planilha no Excel? - Consultor Excel","description":"Neste tutorial de f\u00f3rmulas, voc\u00ea aprender\u00e1 como obter o nome da planilha usando uma f\u00f3rmula e depois uma fun\u00e7\u00e3o definida","robots":{"index":"index","follow":"follow","max-snippet":"max-snippet:-1","max-image-preview":"max-image-preview:large","max-video-preview":"max-video-preview:-1"},"canonical":"https:\/\/exceladvisor.org\/pt\/obter-o-nome-da-planilha\/","og_locale":"pt_PT","og_type":"article","og_title":"Como obter o nome da planilha no Excel? - Consultor Excel","og_description":"Neste tutorial de f\u00f3rmulas, voc\u00ea aprender\u00e1 como obter o nome da planilha usando uma f\u00f3rmula e depois uma fun\u00e7\u00e3o definida","og_url":"https:\/\/exceladvisor.org\/pt\/obter-o-nome-da-planilha\/","og_site_name":"Excel Advisor","article_modified_time":"2023-12-06T11:38:39+00:00","og_image":[{"url":"https:\/\/exceladvisor.org\/wp-content\/uploads\/2023\/08\/1-formule-pour-obtenir-le-nom-de-la-feuille-de-calcul.png","type":"","width":"","height":""}],"twitter_card":"summary_large_image","twitter_misc":{"Tempo estimado de leitura":"3 minutos"},"schema":{"@context":"https:\/\/schema.org","@graph":[{"@type":"WebPage","@id":"https:\/\/exceladvisor.org\/pt\/obter-o-nome-da-planilha\/","url":"https:\/\/exceladvisor.org\/pt\/obter-o-nome-da-planilha\/","name":"Como obter o nome da planilha no Excel? - Consultor Excel","isPartOf":{"@id":"https:\/\/exceladvisor.org\/pt\/#website"},"primaryImageOfPage":{"@id":"https:\/\/exceladvisor.org\/pt\/obter-o-nome-da-planilha\/#primaryimage"},"image":{"@id":"https:\/\/exceladvisor.org\/pt\/obter-o-nome-da-planilha\/#primaryimage"},"thumbnailUrl":"https:\/\/exceladvisor.org\/wp-content\/uploads\/2023\/08\/1-formule-pour-obtenir-le-nom-de-la-feuille-de-calcul.png","datePublished":"2023-11-16T09:48:27+00:00","dateModified":"2023-12-06T11:38:39+00:00","description":"Neste tutorial de f\u00f3rmulas, voc\u00ea aprender\u00e1 como obter o nome da planilha usando uma f\u00f3rmula e depois uma fun\u00e7\u00e3o definida","breadcrumb":{"@id":"https:\/\/exceladvisor.org\/pt\/obter-o-nome-da-planilha\/#breadcrumb"},"inLanguage":"pt-PT","potentialAction":[{"@type":"ReadAction","target":["https:\/\/exceladvisor.org\/pt\/obter-o-nome-da-planilha\/"]}]},{"@type":"ImageObject","inLanguage":"pt-PT","@id":"https:\/\/exceladvisor.org\/pt\/obter-o-nome-da-planilha\/#primaryimage","url":"https:\/\/exceladvisor.org\/wp-content\/uploads\/2023\/08\/1-formule-pour-obtenir-le-nom-de-la-feuille-de-calcul.png","contentUrl":"https:\/\/exceladvisor.org\/wp-content\/uploads\/2023\/08\/1-formule-pour-obtenir-le-nom-de-la-feuille-de-calcul.png"},{"@type":"BreadcrumbList","@id":"https:\/\/exceladvisor.org\/pt\/obter-o-nome-da-planilha\/#breadcrumb","itemListElement":[{"@type":"ListItem","position":1,"name":"Lar","item":"https:\/\/exceladvisor.org\/pt\/"},{"@type":"ListItem","position":2,"name":"Como obter o nome da planilha no excel?"}]},{"@type":"WebSite","@id":"https:\/\/exceladvisor.org\/pt\/#website","url":"https:\/\/exceladvisor.org\/pt\/","name":"Excel Advisor","description":"O seu guia definitivo para dominar os dados!","publisher":{"@id":"https:\/\/exceladvisor.org\/pt\/#organization"},"potentialAction":[{"@type":"SearchAction","target":{"@type":"EntryPoint","urlTemplate":"https:\/\/exceladvisor.org\/pt\/?s={search_term_string}"},"query-input":{"@type":"PropertyValueSpecification","valueRequired":true,"valueName":"search_term_string"}}],"inLanguage":"pt-PT"},{"@type":"Organization","@id":"https:\/\/exceladvisor.org\/pt\/#organization","name":"Excel Advisor","url":"https:\/\/exceladvisor.org\/pt\/","logo":{"@type":"ImageObject","inLanguage":"pt-PT","@id":"https:\/\/exceladvisor.org\/pt\/#\/schema\/logo\/image\/","url":"https:\/\/exceladvisor.org\/pt\/wp-content\/uploads\/2023\/12\/exceladvisor.org_.png","contentUrl":"https:\/\/exceladvisor.org\/pt\/wp-content\/uploads\/2023\/12\/exceladvisor.org_.png","width":105,"height":36,"caption":"Excel Advisor"},"image":{"@id":"https:\/\/exceladvisor.org\/pt\/#\/schema\/logo\/image\/"}}]}},"yoast_meta":{"yoast_wpseo_title":"","yoast_wpseo_metadesc":"","yoast_wpseo_canonical":""},"_links":{"self":[{"href":"https:\/\/exceladvisor.org\/pt\/wp-json\/wp\/v2\/pages\/106","targetHints":{"allow":["GET"]}}],"collection":[{"href":"https:\/\/exceladvisor.org\/pt\/wp-json\/wp\/v2\/pages"}],"about":[{"href":"https:\/\/exceladvisor.org\/pt\/wp-json\/wp\/v2\/types\/page"}],"author":[{"embeddable":true,"href":"https:\/\/exceladvisor.org\/pt\/wp-json\/wp\/v2\/users\/1"}],"replies":[{"embeddable":true,"href":"https:\/\/exceladvisor.org\/pt\/wp-json\/wp\/v2\/comments?post=106"}],"version-history":[{"count":1,"href":"https:\/\/exceladvisor.org\/pt\/wp-json\/wp\/v2\/pages\/106\/revisions"}],"predecessor-version":[{"id":1141,"href":"https:\/\/exceladvisor.org\/pt\/wp-json\/wp\/v2\/pages\/106\/revisions\/1141"}],"wp:attachment":[{"href":"https:\/\/exceladvisor.org\/pt\/wp-json\/wp\/v2\/media?parent=106"}],"curies":[{"name":"wp","href":"https:\/\/api.w.org\/{rel}","templated":true}]}}