{"id":107,"date":"2023-11-16T09:26:42","date_gmt":"2023-11-16T09:26:42","guid":{"rendered":"https:\/\/exceladvisor.org\/pt\/tempo-militar\/"},"modified":"2023-12-06T11:35:46","modified_gmt":"2023-12-06T11:35:46","slug":"tempo-militar","status":"publish","type":"page","link":"https:\/\/exceladvisor.org\/pt\/tempo-militar\/","title":{"rendered":"Como converter o hor\u00e1rio padr\u00e3o em hor\u00e1rio militar?"},"content":{"rendered":"<div class=\"excel-before-content-2\" id=\"excel-3170377804\"><script type=\"text\/javascript\">\r\n\tatOptions = {\r\n\t\t'key' : 'c1158f160081d6540a8409e6925dab94',\r\n\t\t'format' : 'iframe',\r\n\t\t'height' : 250,\r\n\t\t'width' : 300,\r\n\t\t'params' : {}\r\n\t};\r\n<\/script>\r\n<script type=\"text\/javascript\" src=\"\/\/www.highperformanceformat.com\/c1158f160081d6540a8409e6925dab94\/invoke.js\"><\/script><\/div><div class=\"excel-before-content\" id=\"excel-3909971187\"><script type=\"text\/javascript\">\r\n\tatOptions = {\r\n\t\t'key' : 'c1158f160081d6540a8409e6925dab94',\r\n\t\t'format' : 'iframe',\r\n\t\t'height' : 250,\r\n\t\t'width' : 300,\r\n\t\t'params' : {}\r\n\t};\r\n<\/script>\r\n<script type=\"text\/javascript\" src=\"\/\/www.highperformanceformat.com\/c1158f160081d6540a8409e6925dab94\/invoke.js\"><\/script><\/div> <figure class=\"wp-block-embed is-type-video is-provider-youtube wp-block-embed-youtube wp-embed-aspect-16-9 wp-has-aspect-ratio\"><div class=\"wp-block-embed__wrapper\"><\/div><\/figure><h2 class=\"wp-block-heading\"> Converter o hor\u00e1rio padr\u00e3o em hor\u00e1rio militar<\/h2><p> Voc\u00ea pode usar a fun\u00e7\u00e3o TEXTO para converter o hor\u00e1rio padr\u00e3o em hor\u00e1rio militar no Excel. No exemplo a seguir, temos a hora nas c\u00e9lulas A1 e A2. A primeira vez \u00e9 em AM e a segunda em PM. <\/p><div class=\"wp-block-image\"><figure class=\"aligncenter size-full is-resized\"><img loading=\"lazy\" decoding=\"async\" class=\"wp-image-64171\" src=\"https:\/\/exceladvisor.org\/wp-content\/uploads\/2023\/08\/1-convertir-le-temps-normal.png\" sizes=\"auto, \" srcset=\"\" alt=\"converter-tempo normal\" width=\"233\" height=\"146\"><\/figure><\/div><p> Agora, usando a fun\u00e7\u00e3o de texto, voc\u00ea pode converter esse hor\u00e1rio para hor\u00e1rio militar e a f\u00f3rmula seria a seguinte. <\/p><pre class=\"wp-block-code\"> <code class=\"language-excel-formula\" lang=\"excel-formula\">=TEXT(A1,\"HHMM\")<\/code><\/pre><div class=\"wp-block-image\"><figure class=\"aligncenter size-full is-resized\"><img loading=\"lazy\" decoding=\"async\" class=\"wp-image-64172\" src=\"https:\/\/exceladvisor.org\/wp-content\/uploads\/2023\/08\/2-temps-militaire.png\" sizes=\"auto, \" srcset=\"\" alt=\"tempo militar\" width=\"393\" height=\"149\"><\/figure><\/div><p> No argumento do formato voc\u00ea tem o formato &#8220;HHMM&#8221;, que n\u00e3o tem dois pontos e exibe a hora como hora militar.<\/p><h2 class=\"wp-block-heading\"> Obtenha o hor\u00e1rio militar usando formata\u00e7\u00e3o personalizada<\/h2><p> Para usar a formata\u00e7\u00e3o personalizada, voc\u00ea deve selecionar a c\u00e9lula ou intervalo de c\u00e9lulas onde deseja obter o hor\u00e1rio militar. <\/p><div class=\"wp-block-image\"><figure class=\"aligncenter size-full is-resized\"><img loading=\"lazy\" decoding=\"async\" class=\"wp-image-64173\" src=\"https:\/\/exceladvisor.org\/wp-content\/uploads\/2023\/08\/3-heures-militaires-utilisant-un-formatage-personnalise.png\" sizes=\"auto, \" srcset=\"\" alt=\"hor\u00e1rio militar usando formata\u00e7\u00e3o personalizada\" width=\"490\" height=\"484\"><\/figure><\/div><ol type=\"1\"><li> Depois de selecionar a c\u00e9lula, use a tecla de atalho Control + 1 para abrir as op\u00e7\u00f5es de formato.<\/li><li> Clique em Personalizado para acessar a op\u00e7\u00e3o de formata\u00e7\u00e3o personalizada.<\/li><li> A partir da\u00ed, clique na caixa de entrada e no formato que voc\u00ea j\u00e1 possui.<\/li><li> Ao final, digite \u201cHHMM\u201d como formato e clique em OK. <\/li><\/ol><div class=\"gb-container gb-container-52dfcee1 gb-container-sample-file\"><h2 class=\"gb-headline gb-headline-e289c143 gb-headline-text gb-headline-4f7959c2\"> Obtenha o arquivo Excel<\/h2><p> <a class=\"gb-button gb-button-e88d6bee gb-button-text gb-button-button1\" href=\"https:\/\/exceladvisor.org\/wp-content\/uploads\/2023\/08\/temps-militaire-2.xlsx\" rel=\"nofollow\">Download<\/a> <\/p><\/div><div class=\"wp-block-group more-tutorials is-layout-flow\"><div class=\"wp-block-group__inner-container\"><h2 class=\"wp-block-heading\"> Mais f\u00f3rmulas <\/h2><div class=\"wp-block-columns is-layout-flex wp-container-7\"><div class=\"wp-block-column is-layout-flow\"><ul><li> <a href=\"https:\/\/exceladvisor.org\/pt\/adicione-horas-no-tempo\/\">Adicione horas ao tempo no Excel<\/a><\/li><li> <a href=\"https:\/\/exceladvisor.org\/pt\/adicione-minutos-ao-tempo\/\">Adicione minutos ao tempo no Excel<\/a><\/li><li> <a href=\"https:\/\/exceladvisor.org\/pt\/calcular-diferenca-horaria\/\">Diferen\u00e7a entre dois tempos no Excel<\/a><\/li><li> <a href=\"https:\/\/exceladvisor.org\/pt\/alterar-formato-de-hora\/\">Alterar o formato da hora no Excel<\/a><\/li><li> <a href=\"https:\/\/exceladvisor.org\/pt\/data-e-hora-separadas-2\/\">Data e hora separadas no Excel<\/a><\/li><\/ul><\/div><div class=\"wp-block-column is-layout-flow\"><ul><li> <a href=\"https:\/\/exceladvisor.org\/pt\/tempo-em-segundos-2\/\">Converter o valor do tempo em segundos<\/a><\/li><li> <a href=\"https:\/\/exceladvisor.org\/pt\/hora-atual-2\/\">Obtenha a hora atual (f\u00f3rmula do Excel)<\/a><\/li><li> <a href=\"https:\/\/exceladvisor.org\/pt\/hora-da-soneca-2\/\">Soma do tempo no Excel (f\u00f3rmula do Excel)<\/a><\/li><li> <a href=\"https:\/\/exceladvisor.org\/pt\/adicione-segundos-ao-tempo\/\">Adicione segundos ao tempo<\/a><\/li><li> <a href=\"https:\/\/exceladvisor.org\/pt\/segundos-a-horas-minutos\/\">Converter segundos em horas e minutos<\/a><\/li><\/ul><\/div><\/div><p> \u21e0 Voltar \u00e0 <a href=\"https:\/\/exceladvisor.org\/pt\/formulas\/\">lista de mais de 100 f\u00f3rmulas do Excel (b\u00e1sico + avan\u00e7ado)<\/a><\/p><\/div><\/div>","protected":false},"excerpt":{"rendered":"","protected":false},"author":1,"featured_media":0,"parent":0,"menu_order":0,"comment_status":"open","ping_status":"closed","template":"","meta":{"ub_ctt_via":"","footnotes":""},"class_list":["post-107","page","type-page","status-publish","hentry"],"featured_image_src":null,"yoast_head":"<!-- This site is optimized with the Yoast SEO plugin v25.4 - https:\/\/yoast.com\/wordpress\/plugins\/seo\/ -->\n<title>\u25b7 Como converter o hor\u00e1rio padr\u00e3o em hor\u00e1rio militar?<\/title>\n<meta name=\"description\" content=\"Neste tutorial de f\u00f3rmula, voc\u00ea aprender\u00e1 como obter o hor\u00e1rio militar e formatar um hor\u00e1rio padr\u00e3o para hor\u00e1rio militar usando um\" \/>\n<meta name=\"robots\" content=\"index, follow, max-snippet:-1, max-image-preview:large, max-video-preview:-1\" \/>\n<link rel=\"canonical\" href=\"https:\/\/exceladvisor.org\/pt\/tempo-militar\/\" \/>\n<meta property=\"og:locale\" content=\"pt_PT\" \/>\n<meta property=\"og:type\" content=\"article\" \/>\n<meta property=\"og:title\" content=\"\u25b7 Como converter o hor\u00e1rio padr\u00e3o em hor\u00e1rio militar?\" \/>\n<meta property=\"og:description\" content=\"Neste tutorial de f\u00f3rmula, voc\u00ea aprender\u00e1 como obter o hor\u00e1rio militar e formatar um hor\u00e1rio padr\u00e3o para hor\u00e1rio militar usando um\" \/>\n<meta property=\"og:url\" content=\"https:\/\/exceladvisor.org\/pt\/tempo-militar\/\" \/>\n<meta property=\"og:site_name\" content=\"Excel Advisor\" \/>\n<meta property=\"article:modified_time\" content=\"2023-12-06T11:35:46+00:00\" \/>\n<meta property=\"og:image\" content=\"https:\/\/exceladvisor.org\/wp-content\/uploads\/2023\/08\/1-convertir-le-temps-normal.png\" \/>\n<meta name=\"twitter:card\" content=\"summary_large_image\" \/>\n<meta name=\"twitter:label1\" content=\"Tempo estimado de leitura\" \/>\n\t<meta name=\"twitter:data1\" content=\"1 minuto\" \/>\n<script type=\"application\/ld+json\" class=\"yoast-schema-graph\">{\"@context\":\"https:\/\/schema.org\",\"@graph\":[{\"@type\":\"WebPage\",\"@id\":\"https:\/\/exceladvisor.org\/pt\/tempo-militar\/\",\"url\":\"https:\/\/exceladvisor.org\/pt\/tempo-militar\/\",\"name\":\"\u25b7 Como converter o hor\u00e1rio padr\u00e3o em hor\u00e1rio militar?\",\"isPartOf\":{\"@id\":\"https:\/\/exceladvisor.org\/pt\/#website\"},\"primaryImageOfPage\":{\"@id\":\"https:\/\/exceladvisor.org\/pt\/tempo-militar\/#primaryimage\"},\"image\":{\"@id\":\"https:\/\/exceladvisor.org\/pt\/tempo-militar\/#primaryimage\"},\"thumbnailUrl\":\"https:\/\/exceladvisor.org\/wp-content\/uploads\/2023\/08\/1-convertir-le-temps-normal.png\",\"datePublished\":\"2023-11-16T09:26:42+00:00\",\"dateModified\":\"2023-12-06T11:35:46+00:00\",\"description\":\"Neste tutorial de f\u00f3rmula, voc\u00ea aprender\u00e1 como obter o hor\u00e1rio militar e formatar um hor\u00e1rio padr\u00e3o para hor\u00e1rio militar usando um\",\"breadcrumb\":{\"@id\":\"https:\/\/exceladvisor.org\/pt\/tempo-militar\/#breadcrumb\"},\"inLanguage\":\"pt-PT\",\"potentialAction\":[{\"@type\":\"ReadAction\",\"target\":[\"https:\/\/exceladvisor.org\/pt\/tempo-militar\/\"]}]},{\"@type\":\"ImageObject\",\"inLanguage\":\"pt-PT\",\"@id\":\"https:\/\/exceladvisor.org\/pt\/tempo-militar\/#primaryimage\",\"url\":\"https:\/\/exceladvisor.org\/wp-content\/uploads\/2023\/08\/1-convertir-le-temps-normal.png\",\"contentUrl\":\"https:\/\/exceladvisor.org\/wp-content\/uploads\/2023\/08\/1-convertir-le-temps-normal.png\"},{\"@type\":\"BreadcrumbList\",\"@id\":\"https:\/\/exceladvisor.org\/pt\/tempo-militar\/#breadcrumb\",\"itemListElement\":[{\"@type\":\"ListItem\",\"position\":1,\"name\":\"Lar\",\"item\":\"https:\/\/exceladvisor.org\/pt\/\"},{\"@type\":\"ListItem\",\"position\":2,\"name\":\"Como converter o hor\u00e1rio padr\u00e3o em hor\u00e1rio militar?\"}]},{\"@type\":\"WebSite\",\"@id\":\"https:\/\/exceladvisor.org\/pt\/#website\",\"url\":\"https:\/\/exceladvisor.org\/pt\/\",\"name\":\"Excel Advisor\",\"description\":\"O seu guia definitivo para dominar os dados!\",\"publisher\":{\"@id\":\"https:\/\/exceladvisor.org\/pt\/#organization\"},\"potentialAction\":[{\"@type\":\"SearchAction\",\"target\":{\"@type\":\"EntryPoint\",\"urlTemplate\":\"https:\/\/exceladvisor.org\/pt\/?s={search_term_string}\"},\"query-input\":{\"@type\":\"PropertyValueSpecification\",\"valueRequired\":true,\"valueName\":\"search_term_string\"}}],\"inLanguage\":\"pt-PT\"},{\"@type\":\"Organization\",\"@id\":\"https:\/\/exceladvisor.org\/pt\/#organization\",\"name\":\"Excel Advisor\",\"url\":\"https:\/\/exceladvisor.org\/pt\/\",\"logo\":{\"@type\":\"ImageObject\",\"inLanguage\":\"pt-PT\",\"@id\":\"https:\/\/exceladvisor.org\/pt\/#\/schema\/logo\/image\/\",\"url\":\"https:\/\/exceladvisor.org\/pt\/wp-content\/uploads\/2023\/12\/exceladvisor.org_.png\",\"contentUrl\":\"https:\/\/exceladvisor.org\/pt\/wp-content\/uploads\/2023\/12\/exceladvisor.org_.png\",\"width\":105,\"height\":36,\"caption\":\"Excel Advisor\"},\"image\":{\"@id\":\"https:\/\/exceladvisor.org\/pt\/#\/schema\/logo\/image\/\"}}]}<\/script>\n<!-- \/ Yoast SEO plugin. -->","yoast_head_json":{"title":"\u25b7 Como converter o hor\u00e1rio padr\u00e3o em hor\u00e1rio militar?","description":"Neste tutorial de f\u00f3rmula, voc\u00ea aprender\u00e1 como obter o hor\u00e1rio militar e formatar um hor\u00e1rio padr\u00e3o para hor\u00e1rio militar usando um","robots":{"index":"index","follow":"follow","max-snippet":"max-snippet:-1","max-image-preview":"max-image-preview:large","max-video-preview":"max-video-preview:-1"},"canonical":"https:\/\/exceladvisor.org\/pt\/tempo-militar\/","og_locale":"pt_PT","og_type":"article","og_title":"\u25b7 Como converter o hor\u00e1rio padr\u00e3o em hor\u00e1rio militar?","og_description":"Neste tutorial de f\u00f3rmula, voc\u00ea aprender\u00e1 como obter o hor\u00e1rio militar e formatar um hor\u00e1rio padr\u00e3o para hor\u00e1rio militar usando um","og_url":"https:\/\/exceladvisor.org\/pt\/tempo-militar\/","og_site_name":"Excel Advisor","article_modified_time":"2023-12-06T11:35:46+00:00","og_image":[{"url":"https:\/\/exceladvisor.org\/wp-content\/uploads\/2023\/08\/1-convertir-le-temps-normal.png","type":"","width":"","height":""}],"twitter_card":"summary_large_image","twitter_misc":{"Tempo estimado de leitura":"1 minuto"},"schema":{"@context":"https:\/\/schema.org","@graph":[{"@type":"WebPage","@id":"https:\/\/exceladvisor.org\/pt\/tempo-militar\/","url":"https:\/\/exceladvisor.org\/pt\/tempo-militar\/","name":"\u25b7 Como converter o hor\u00e1rio padr\u00e3o em hor\u00e1rio militar?","isPartOf":{"@id":"https:\/\/exceladvisor.org\/pt\/#website"},"primaryImageOfPage":{"@id":"https:\/\/exceladvisor.org\/pt\/tempo-militar\/#primaryimage"},"image":{"@id":"https:\/\/exceladvisor.org\/pt\/tempo-militar\/#primaryimage"},"thumbnailUrl":"https:\/\/exceladvisor.org\/wp-content\/uploads\/2023\/08\/1-convertir-le-temps-normal.png","datePublished":"2023-11-16T09:26:42+00:00","dateModified":"2023-12-06T11:35:46+00:00","description":"Neste tutorial de f\u00f3rmula, voc\u00ea aprender\u00e1 como obter o hor\u00e1rio militar e formatar um hor\u00e1rio padr\u00e3o para hor\u00e1rio militar usando um","breadcrumb":{"@id":"https:\/\/exceladvisor.org\/pt\/tempo-militar\/#breadcrumb"},"inLanguage":"pt-PT","potentialAction":[{"@type":"ReadAction","target":["https:\/\/exceladvisor.org\/pt\/tempo-militar\/"]}]},{"@type":"ImageObject","inLanguage":"pt-PT","@id":"https:\/\/exceladvisor.org\/pt\/tempo-militar\/#primaryimage","url":"https:\/\/exceladvisor.org\/wp-content\/uploads\/2023\/08\/1-convertir-le-temps-normal.png","contentUrl":"https:\/\/exceladvisor.org\/wp-content\/uploads\/2023\/08\/1-convertir-le-temps-normal.png"},{"@type":"BreadcrumbList","@id":"https:\/\/exceladvisor.org\/pt\/tempo-militar\/#breadcrumb","itemListElement":[{"@type":"ListItem","position":1,"name":"Lar","item":"https:\/\/exceladvisor.org\/pt\/"},{"@type":"ListItem","position":2,"name":"Como converter o hor\u00e1rio padr\u00e3o em hor\u00e1rio militar?"}]},{"@type":"WebSite","@id":"https:\/\/exceladvisor.org\/pt\/#website","url":"https:\/\/exceladvisor.org\/pt\/","name":"Excel Advisor","description":"O seu guia definitivo para dominar os dados!","publisher":{"@id":"https:\/\/exceladvisor.org\/pt\/#organization"},"potentialAction":[{"@type":"SearchAction","target":{"@type":"EntryPoint","urlTemplate":"https:\/\/exceladvisor.org\/pt\/?s={search_term_string}"},"query-input":{"@type":"PropertyValueSpecification","valueRequired":true,"valueName":"search_term_string"}}],"inLanguage":"pt-PT"},{"@type":"Organization","@id":"https:\/\/exceladvisor.org\/pt\/#organization","name":"Excel Advisor","url":"https:\/\/exceladvisor.org\/pt\/","logo":{"@type":"ImageObject","inLanguage":"pt-PT","@id":"https:\/\/exceladvisor.org\/pt\/#\/schema\/logo\/image\/","url":"https:\/\/exceladvisor.org\/pt\/wp-content\/uploads\/2023\/12\/exceladvisor.org_.png","contentUrl":"https:\/\/exceladvisor.org\/pt\/wp-content\/uploads\/2023\/12\/exceladvisor.org_.png","width":105,"height":36,"caption":"Excel Advisor"},"image":{"@id":"https:\/\/exceladvisor.org\/pt\/#\/schema\/logo\/image\/"}}]}},"yoast_meta":{"yoast_wpseo_title":"","yoast_wpseo_metadesc":"","yoast_wpseo_canonical":""},"_links":{"self":[{"href":"https:\/\/exceladvisor.org\/pt\/wp-json\/wp\/v2\/pages\/107","targetHints":{"allow":["GET"]}}],"collection":[{"href":"https:\/\/exceladvisor.org\/pt\/wp-json\/wp\/v2\/pages"}],"about":[{"href":"https:\/\/exceladvisor.org\/pt\/wp-json\/wp\/v2\/types\/page"}],"author":[{"embeddable":true,"href":"https:\/\/exceladvisor.org\/pt\/wp-json\/wp\/v2\/users\/1"}],"replies":[{"embeddable":true,"href":"https:\/\/exceladvisor.org\/pt\/wp-json\/wp\/v2\/comments?post=107"}],"version-history":[{"count":1,"href":"https:\/\/exceladvisor.org\/pt\/wp-json\/wp\/v2\/pages\/107\/revisions"}],"predecessor-version":[{"id":935,"href":"https:\/\/exceladvisor.org\/pt\/wp-json\/wp\/v2\/pages\/107\/revisions\/935"}],"wp:attachment":[{"href":"https:\/\/exceladvisor.org\/pt\/wp-json\/wp\/v2\/media?parent=107"}],"curies":[{"name":"wp","href":"https:\/\/api.w.org\/{rel}","templated":true}]}}