{"id":108,"date":"2023-11-16T09:18:33","date_gmt":"2023-11-16T09:18:33","guid":{"rendered":"https:\/\/exceladvisor.org\/pt\/ganhe-2-anos-de-servico\/"},"modified":"2023-12-06T11:38:33","modified_gmt":"2023-12-06T11:38:33","slug":"ganhe-2-anos-de-servico","status":"publish","type":"page","link":"https:\/\/exceladvisor.org\/pt\/ganhe-2-anos-de-servico\/","title":{"rendered":"Como obtenho o n\u00famero de anos de servi\u00e7o?"},"content":{"rendered":"<div class=\"excel-before-content-2\" id=\"excel-2721046979\"><script type=\"text\/javascript\">\r\n\tatOptions = {\r\n\t\t'key' : 'c1158f160081d6540a8409e6925dab94',\r\n\t\t'format' : 'iframe',\r\n\t\t'height' : 250,\r\n\t\t'width' : 300,\r\n\t\t'params' : {}\r\n\t};\r\n<\/script>\r\n<script type=\"text\/javascript\" src=\"\/\/www.highperformanceformat.com\/c1158f160081d6540a8409e6925dab94\/invoke.js\"><\/script><\/div><div class=\"excel-before-content\" id=\"excel-180412035\"><script type=\"text\/javascript\">\r\n\tatOptions = {\r\n\t\t'key' : 'c1158f160081d6540a8409e6925dab94',\r\n\t\t'format' : 'iframe',\r\n\t\t'height' : 250,\r\n\t\t'width' : 300,\r\n\t\t'params' : {}\r\n\t};\r\n<\/script>\r\n<script type=\"text\/javascript\" src=\"\/\/www.highperformanceformat.com\/c1158f160081d6540a8409e6925dab94\/invoke.js\"><\/script><\/div> <p>Este tutorial orientar\u00e1 voc\u00ea no processo de cria\u00e7\u00e3o de uma f\u00f3rmula no Excel para calcular anos de servi\u00e7o. A ferramenta que voc\u00ea usar\u00e1 para esta tarefa \u00e9 a fun\u00e7\u00e3o DATEDIF. Se voc\u00ea n\u00e3o est\u00e1 familiarizado com esta fun\u00e7\u00e3o, entender\u00e1 melhor se continuar lendo.<\/p><h2 class=\"wp-block-heading\"> Obtenha o n\u00famero de anos de servi\u00e7o<\/h2><p> No exemplo a seguir, temos uma data de in\u00edcio e uma data de t\u00e9rmino. <\/p><div class=\"wp-block-image\"><figure class=\"aligncenter size-full is-resized\"><img loading=\"lazy\" decoding=\"async\" class=\"wp-image-64911\" src=\"https:\/\/exceladvisor.org\/wp-content\/uploads\/2023\/08\/1-an-de-service.png\" sizes=\"auto, \" srcset=\"\" alt=\"ano de servi\u00e7o\" width=\"478\" height=\"304\"><\/figure><\/div><p> E agora vamos usar as seguintes etapas:<\/p><ol type=\"1\"><li> Digite \u201c= <a href=\"https:\/\/exceladvisor.org\/pt\/data-se\/\">DATEDIF<\/a> (\u201d na c\u00e9lula C2.<\/li><li> Consulte a data de in\u00edcio, que \u00e9 A2, e insira um comando.<\/li><li> Consulte a data de t\u00e9rmino, que \u00e9 B2, e insira um comando.<\/li><li> Digite &#8220;y&#8221;, feche os par\u00eanteses e pressione Enter para obter o resultado. <\/li><\/ol><div class=\"wp-block-image\"><figure class=\"aligncenter size-full is-resized\"><img loading=\"lazy\" decoding=\"async\" class=\"wp-image-64912\" src=\"https:\/\/exceladvisor.org\/wp-content\/uploads\/2023\/08\/2-obtenir-lannee-de-service.png\" sizes=\"auto, \" srcset=\"\" alt=\"obter ano de servi\u00e7o\" width=\"490\" height=\"465\"><\/figure><\/div><p> Deixe-me explicar: quando voc\u00ea usa &#8220;y&#8221; na fun\u00e7\u00e3o DATEDIF, ele retorna o ano completo que voc\u00ea tem entre a data de in\u00edcio e a data de t\u00e9rmino.<\/p><pre class=\"wp-block-code\"> <code class=\"language-excel-formula\" lang=\"excel-formula\">=DATEDIF(A2,B2,\"y\")<\/code><\/pre><p> Agora digamos que voc\u00ea deseja obter um per\u00edodo de servi\u00e7o completo entre duas datas, incluindo ano, m\u00eas e datas. Voc\u00ea pode usar a seguinte f\u00f3rmula. <\/p><pre class=\"wp-block-code\"> <code class=\"language-excel-formula\" lang=\"excel-formula\">=DATEDIF(A2,B2,\"y\")&amp;\" year(s), \"&amp;DATEDIF(A2,B2,\"ym\")&amp;\" months(s), \"&amp;DATEDIF(A2,B2,\"md\")&amp;\" days(s).\"<\/code><\/pre><div class=\"wp-block-image\"><figure class=\"aligncenter size-full is-resized\"><img loading=\"lazy\" decoding=\"async\" class=\"wp-image-64913\" src=\"https:\/\/exceladvisor.org\/wp-content\/uploads\/2023\/08\/3-ans-mois-date-de-service.png\" sizes=\"auto, \" srcset=\"\" alt=\"obter anos-meses-data-de-servi\u00e7o\" width=\"765\" height=\"182\"><\/figure><\/div><h2 class=\"wp-block-heading\"> Obtenha anos de servi\u00e7o a partir da data de hoje<\/h2><p> Agora digamos que voc\u00ea queira calcular os anos de servi\u00e7o usando a data de hoje. Aqui est\u00e1 a f\u00f3rmula que voc\u00ea deve usar. <\/p><pre class=\"wp-block-code\"> <code class=\"language-excel-formula\" lang=\"excel-formula\">=DATEDIF(A2,TODAY(),\"y\")&amp;\" year(s)\"<\/code><\/pre><div class=\"wp-block-image\"><figure class=\"aligncenter size-full is-resized\"><img loading=\"lazy\" decoding=\"async\" class=\"wp-image-64914\" src=\"https:\/\/exceladvisor.org\/wp-content\/uploads\/2023\/08\/4-obtenez-une-annee-de-service-a-partir-daujourdhui.png\" sizes=\"auto, \" srcset=\"\" alt=\"obtenha-ano-de-servi\u00e7o-come\u00e7ando-hoje\" width=\"576\" height=\"430\"><\/figure><\/div><div class=\"gb-container gb-container-52dfcee1 gb-container-sample-file\"><h2 class=\"gb-headline gb-headline-e289c143 gb-headline-text gb-headline-4f7959c2\"> Obtenha o arquivo Excel<\/h2> <a class=\"gb-button gb-button-e88d6bee gb-button-text gb-button-button1\" href=\"https:\/\/exceladvisor.org\/wp-content\/uploads\/2023\/08\/obtenir-des-annees-de-service.xlsx\" rel=\"nofollow\">Download<\/a><\/div><div class=\"gb-container gb-container-0df56012 gb-container-mt\"> <a class=\"gb-button gb-button-f9f432f4 gb-button-text gb-button-mt-button\" href=\"https:\/\/exceladvisor.org\/pt\/formulas\/\">Lista de f\u00f3rmulas do Excel<\/a><h2 class=\"gb-headline gb-headline-233444e8 gb-headline-text gb-headline-mt-heading\"> F\u00f3rmulas relacionadas <\/h2><div class=\"gb-grid-wrapper gb-grid-wrapper-a16fa65c gb-grid-wrapper-mt-grid\"><div class=\"gb-grid-column gb-grid-column-50d07e0d\"><div class=\"gb-container gb-container-50d07e0d\"><ul><li> <a href=\"https:\/\/exceladvisor.org\/pt\/adicionar-anos-ate-a-data\/\">Adicione anos atualizados no Excel<\/a><\/li><li> <a href=\"https:\/\/exceladvisor.org\/pt\/contar-os-anos-entre-duas-datas\/\">Conte anos entre duas datas no Excel<\/a><\/li><li> <a href=\"https:\/\/exceladvisor.org\/pt\/obter-o-numero-do-dia-do-ano\/\">Obtenha o n\u00famero de dias do ano no Excel<\/a> <\/li><\/ul><\/div><\/div><div class=\"gb-grid-column gb-grid-column-5b4a0cf9\"><div class=\"gb-container gb-container-5b4a0cf9\"><ul><li> <a href=\"https:\/\/exceladvisor.org\/pt\/anos-entre-datas\/\">Anos entre datas no Excel<\/a><\/li><li> <a href=\"https:\/\/exceladvisor.org\/pt\/extrair-ano-mes\/\">Extraia (obtenha) o ano ou m\u00eas de uma data no Excel<\/a><\/li><\/ul><\/div><\/div><\/div><\/div>","protected":false},"excerpt":{"rendered":"","protected":false},"author":1,"featured_media":0,"parent":0,"menu_order":0,"comment_status":"open","ping_status":"closed","template":"","meta":{"ub_ctt_via":"","footnotes":""},"class_list":["post-108","page","type-page","status-publish","hentry"],"featured_image_src":null,"yoast_head":"<!-- This site is optimized with the Yoast SEO plugin v25.4 - https:\/\/yoast.com\/wordpress\/plugins\/seo\/ -->\n<title>Como obtenho o n\u00famero de anos de servi\u00e7o? - Consultor Excel<\/title>\n<meta name=\"description\" content=\"Este tutorial orientar\u00e1 voc\u00ea no processo de cria\u00e7\u00e3o de uma f\u00f3rmula no Excel para calcular anos de servi\u00e7o.\" \/>\n<meta name=\"robots\" content=\"index, follow, max-snippet:-1, max-image-preview:large, max-video-preview:-1\" \/>\n<link rel=\"canonical\" href=\"https:\/\/exceladvisor.org\/pt\/ganhe-2-anos-de-servico\/\" \/>\n<meta property=\"og:locale\" content=\"pt_PT\" \/>\n<meta property=\"og:type\" content=\"article\" \/>\n<meta property=\"og:title\" content=\"Como obtenho o n\u00famero de anos de servi\u00e7o? - Consultor Excel\" \/>\n<meta property=\"og:description\" content=\"Este tutorial orientar\u00e1 voc\u00ea no processo de cria\u00e7\u00e3o de uma f\u00f3rmula no Excel para calcular anos de servi\u00e7o.\" \/>\n<meta property=\"og:url\" content=\"https:\/\/exceladvisor.org\/pt\/ganhe-2-anos-de-servico\/\" \/>\n<meta property=\"og:site_name\" content=\"Excel Advisor\" \/>\n<meta property=\"article:modified_time\" content=\"2023-12-06T11:38:33+00:00\" \/>\n<meta property=\"og:image\" content=\"https:\/\/exceladvisor.org\/wp-content\/uploads\/2023\/08\/1-an-de-service.png\" \/>\n<meta name=\"twitter:card\" content=\"summary_large_image\" \/>\n<meta name=\"twitter:label1\" content=\"Tempo estimado de leitura\" \/>\n\t<meta name=\"twitter:data1\" content=\"2 minutos\" \/>\n<script type=\"application\/ld+json\" class=\"yoast-schema-graph\">{\"@context\":\"https:\/\/schema.org\",\"@graph\":[{\"@type\":\"WebPage\",\"@id\":\"https:\/\/exceladvisor.org\/pt\/ganhe-2-anos-de-servico\/\",\"url\":\"https:\/\/exceladvisor.org\/pt\/ganhe-2-anos-de-servico\/\",\"name\":\"Como obtenho o n\u00famero de anos de servi\u00e7o? - Consultor Excel\",\"isPartOf\":{\"@id\":\"https:\/\/exceladvisor.org\/pt\/#website\"},\"primaryImageOfPage\":{\"@id\":\"https:\/\/exceladvisor.org\/pt\/ganhe-2-anos-de-servico\/#primaryimage\"},\"image\":{\"@id\":\"https:\/\/exceladvisor.org\/pt\/ganhe-2-anos-de-servico\/#primaryimage\"},\"thumbnailUrl\":\"https:\/\/exceladvisor.org\/wp-content\/uploads\/2023\/08\/1-an-de-service.png\",\"datePublished\":\"2023-11-16T09:18:33+00:00\",\"dateModified\":\"2023-12-06T11:38:33+00:00\",\"description\":\"Este tutorial orientar\u00e1 voc\u00ea no processo de cria\u00e7\u00e3o de uma f\u00f3rmula no Excel para calcular anos de servi\u00e7o.\",\"breadcrumb\":{\"@id\":\"https:\/\/exceladvisor.org\/pt\/ganhe-2-anos-de-servico\/#breadcrumb\"},\"inLanguage\":\"pt-PT\",\"potentialAction\":[{\"@type\":\"ReadAction\",\"target\":[\"https:\/\/exceladvisor.org\/pt\/ganhe-2-anos-de-servico\/\"]}]},{\"@type\":\"ImageObject\",\"inLanguage\":\"pt-PT\",\"@id\":\"https:\/\/exceladvisor.org\/pt\/ganhe-2-anos-de-servico\/#primaryimage\",\"url\":\"https:\/\/exceladvisor.org\/wp-content\/uploads\/2023\/08\/1-an-de-service.png\",\"contentUrl\":\"https:\/\/exceladvisor.org\/wp-content\/uploads\/2023\/08\/1-an-de-service.png\"},{\"@type\":\"BreadcrumbList\",\"@id\":\"https:\/\/exceladvisor.org\/pt\/ganhe-2-anos-de-servico\/#breadcrumb\",\"itemListElement\":[{\"@type\":\"ListItem\",\"position\":1,\"name\":\"Lar\",\"item\":\"https:\/\/exceladvisor.org\/pt\/\"},{\"@type\":\"ListItem\",\"position\":2,\"name\":\"Como obtenho o n\u00famero de anos de servi\u00e7o?\"}]},{\"@type\":\"WebSite\",\"@id\":\"https:\/\/exceladvisor.org\/pt\/#website\",\"url\":\"https:\/\/exceladvisor.org\/pt\/\",\"name\":\"Excel Advisor\",\"description\":\"O seu guia definitivo para dominar os dados!\",\"publisher\":{\"@id\":\"https:\/\/exceladvisor.org\/pt\/#organization\"},\"potentialAction\":[{\"@type\":\"SearchAction\",\"target\":{\"@type\":\"EntryPoint\",\"urlTemplate\":\"https:\/\/exceladvisor.org\/pt\/?s={search_term_string}\"},\"query-input\":{\"@type\":\"PropertyValueSpecification\",\"valueRequired\":true,\"valueName\":\"search_term_string\"}}],\"inLanguage\":\"pt-PT\"},{\"@type\":\"Organization\",\"@id\":\"https:\/\/exceladvisor.org\/pt\/#organization\",\"name\":\"Excel Advisor\",\"url\":\"https:\/\/exceladvisor.org\/pt\/\",\"logo\":{\"@type\":\"ImageObject\",\"inLanguage\":\"pt-PT\",\"@id\":\"https:\/\/exceladvisor.org\/pt\/#\/schema\/logo\/image\/\",\"url\":\"https:\/\/exceladvisor.org\/pt\/wp-content\/uploads\/2023\/12\/exceladvisor.org_.png\",\"contentUrl\":\"https:\/\/exceladvisor.org\/pt\/wp-content\/uploads\/2023\/12\/exceladvisor.org_.png\",\"width\":105,\"height\":36,\"caption\":\"Excel Advisor\"},\"image\":{\"@id\":\"https:\/\/exceladvisor.org\/pt\/#\/schema\/logo\/image\/\"}}]}<\/script>\n<!-- \/ Yoast SEO plugin. -->","yoast_head_json":{"title":"Como obtenho o n\u00famero de anos de servi\u00e7o? - Consultor Excel","description":"Este tutorial orientar\u00e1 voc\u00ea no processo de cria\u00e7\u00e3o de uma f\u00f3rmula no Excel para calcular anos de servi\u00e7o.","robots":{"index":"index","follow":"follow","max-snippet":"max-snippet:-1","max-image-preview":"max-image-preview:large","max-video-preview":"max-video-preview:-1"},"canonical":"https:\/\/exceladvisor.org\/pt\/ganhe-2-anos-de-servico\/","og_locale":"pt_PT","og_type":"article","og_title":"Como obtenho o n\u00famero de anos de servi\u00e7o? - Consultor Excel","og_description":"Este tutorial orientar\u00e1 voc\u00ea no processo de cria\u00e7\u00e3o de uma f\u00f3rmula no Excel para calcular anos de servi\u00e7o.","og_url":"https:\/\/exceladvisor.org\/pt\/ganhe-2-anos-de-servico\/","og_site_name":"Excel Advisor","article_modified_time":"2023-12-06T11:38:33+00:00","og_image":[{"url":"https:\/\/exceladvisor.org\/wp-content\/uploads\/2023\/08\/1-an-de-service.png","type":"","width":"","height":""}],"twitter_card":"summary_large_image","twitter_misc":{"Tempo estimado de leitura":"2 minutos"},"schema":{"@context":"https:\/\/schema.org","@graph":[{"@type":"WebPage","@id":"https:\/\/exceladvisor.org\/pt\/ganhe-2-anos-de-servico\/","url":"https:\/\/exceladvisor.org\/pt\/ganhe-2-anos-de-servico\/","name":"Como obtenho o n\u00famero de anos de servi\u00e7o? - Consultor Excel","isPartOf":{"@id":"https:\/\/exceladvisor.org\/pt\/#website"},"primaryImageOfPage":{"@id":"https:\/\/exceladvisor.org\/pt\/ganhe-2-anos-de-servico\/#primaryimage"},"image":{"@id":"https:\/\/exceladvisor.org\/pt\/ganhe-2-anos-de-servico\/#primaryimage"},"thumbnailUrl":"https:\/\/exceladvisor.org\/wp-content\/uploads\/2023\/08\/1-an-de-service.png","datePublished":"2023-11-16T09:18:33+00:00","dateModified":"2023-12-06T11:38:33+00:00","description":"Este tutorial orientar\u00e1 voc\u00ea no processo de cria\u00e7\u00e3o de uma f\u00f3rmula no Excel para calcular anos de servi\u00e7o.","breadcrumb":{"@id":"https:\/\/exceladvisor.org\/pt\/ganhe-2-anos-de-servico\/#breadcrumb"},"inLanguage":"pt-PT","potentialAction":[{"@type":"ReadAction","target":["https:\/\/exceladvisor.org\/pt\/ganhe-2-anos-de-servico\/"]}]},{"@type":"ImageObject","inLanguage":"pt-PT","@id":"https:\/\/exceladvisor.org\/pt\/ganhe-2-anos-de-servico\/#primaryimage","url":"https:\/\/exceladvisor.org\/wp-content\/uploads\/2023\/08\/1-an-de-service.png","contentUrl":"https:\/\/exceladvisor.org\/wp-content\/uploads\/2023\/08\/1-an-de-service.png"},{"@type":"BreadcrumbList","@id":"https:\/\/exceladvisor.org\/pt\/ganhe-2-anos-de-servico\/#breadcrumb","itemListElement":[{"@type":"ListItem","position":1,"name":"Lar","item":"https:\/\/exceladvisor.org\/pt\/"},{"@type":"ListItem","position":2,"name":"Como obtenho o n\u00famero de anos de servi\u00e7o?"}]},{"@type":"WebSite","@id":"https:\/\/exceladvisor.org\/pt\/#website","url":"https:\/\/exceladvisor.org\/pt\/","name":"Excel Advisor","description":"O seu guia definitivo para dominar os dados!","publisher":{"@id":"https:\/\/exceladvisor.org\/pt\/#organization"},"potentialAction":[{"@type":"SearchAction","target":{"@type":"EntryPoint","urlTemplate":"https:\/\/exceladvisor.org\/pt\/?s={search_term_string}"},"query-input":{"@type":"PropertyValueSpecification","valueRequired":true,"valueName":"search_term_string"}}],"inLanguage":"pt-PT"},{"@type":"Organization","@id":"https:\/\/exceladvisor.org\/pt\/#organization","name":"Excel Advisor","url":"https:\/\/exceladvisor.org\/pt\/","logo":{"@type":"ImageObject","inLanguage":"pt-PT","@id":"https:\/\/exceladvisor.org\/pt\/#\/schema\/logo\/image\/","url":"https:\/\/exceladvisor.org\/pt\/wp-content\/uploads\/2023\/12\/exceladvisor.org_.png","contentUrl":"https:\/\/exceladvisor.org\/pt\/wp-content\/uploads\/2023\/12\/exceladvisor.org_.png","width":105,"height":36,"caption":"Excel Advisor"},"image":{"@id":"https:\/\/exceladvisor.org\/pt\/#\/schema\/logo\/image\/"}}]}},"yoast_meta":{"yoast_wpseo_title":"","yoast_wpseo_metadesc":"","yoast_wpseo_canonical":""},"_links":{"self":[{"href":"https:\/\/exceladvisor.org\/pt\/wp-json\/wp\/v2\/pages\/108","targetHints":{"allow":["GET"]}}],"collection":[{"href":"https:\/\/exceladvisor.org\/pt\/wp-json\/wp\/v2\/pages"}],"about":[{"href":"https:\/\/exceladvisor.org\/pt\/wp-json\/wp\/v2\/types\/page"}],"author":[{"embeddable":true,"href":"https:\/\/exceladvisor.org\/pt\/wp-json\/wp\/v2\/users\/1"}],"replies":[{"embeddable":true,"href":"https:\/\/exceladvisor.org\/pt\/wp-json\/wp\/v2\/comments?post=108"}],"version-history":[{"count":1,"href":"https:\/\/exceladvisor.org\/pt\/wp-json\/wp\/v2\/pages\/108\/revisions"}],"predecessor-version":[{"id":1133,"href":"https:\/\/exceladvisor.org\/pt\/wp-json\/wp\/v2\/pages\/108\/revisions\/1133"}],"wp:attachment":[{"href":"https:\/\/exceladvisor.org\/pt\/wp-json\/wp\/v2\/media?parent=108"}],"curies":[{"name":"wp","href":"https:\/\/api.w.org\/{rel}","templated":true}]}}