{"id":110,"date":"2023-11-16T09:01:55","date_gmt":"2023-11-16T09:01:55","guid":{"rendered":"https:\/\/exceladvisor.org\/pt\/comparar-duas-datas\/"},"modified":"2023-12-06T11:35:24","modified_gmt":"2023-12-06T11:35:24","slug":"comparar-duas-datas","status":"publish","type":"page","link":"https:\/\/exceladvisor.org\/pt\/comparar-duas-datas\/","title":{"rendered":"Como comparar duas datas no excel?"},"content":{"rendered":"<div class=\"excel-before-content-2\" id=\"excel-3374616496\"><script type=\"text\/javascript\">\r\n\tatOptions = {\r\n\t\t'key' : 'c1158f160081d6540a8409e6925dab94',\r\n\t\t'format' : 'iframe',\r\n\t\t'height' : 250,\r\n\t\t'width' : 300,\r\n\t\t'params' : {}\r\n\t};\r\n<\/script>\r\n<script type=\"text\/javascript\" src=\"\/\/www.highperformanceformat.com\/c1158f160081d6540a8409e6925dab94\/invoke.js\"><\/script><\/div><div class=\"excel-before-content\" id=\"excel-2974868926\"><script type=\"text\/javascript\">\r\n\tatOptions = {\r\n\t\t'key' : 'c1158f160081d6540a8409e6925dab94',\r\n\t\t'format' : 'iframe',\r\n\t\t'height' : 250,\r\n\t\t'width' : 300,\r\n\t\t'params' : {}\r\n\t};\r\n<\/script>\r\n<script type=\"text\/javascript\" src=\"\/\/www.highperformanceformat.com\/c1158f160081d6540a8409e6925dab94\/invoke.js\"><\/script><\/div> <p>No Excel, voc\u00ea pode comparar duas datas usando uma f\u00f3rmula r\u00e1pida e f\u00e1cil que pode retornar VERDADEIRO ou FALSO no resultado. Ou voc\u00ea tamb\u00e9m pode usar a fun\u00e7\u00e3o IF para obter a mensagem personalizada no resultado ao comparar duas datas.<\/p><p> No exemplo a seguir, temos duas datas diferentes nas c\u00e9lulas A1 e B1. <\/p><div class=\"wp-block-image\"><figure class=\"aligncenter size-full is-resized\"><img loading=\"lazy\" decoding=\"async\" class=\"wp-image-64884\" src=\"https:\/\/exceladvisor.org\/wp-content\/uploads\/2023\/08\/1-comparer-deux-dates.png\" sizes=\"auto, \" srcset=\"\" alt=\"comparar duas datas\" width=\"388\" height=\"274\"><\/figure><\/div><p> Voc\u00ea pode usar as seguintes etapas:<\/p><ol type=\"1\"><li> Primeiro, insira o sinal de igual \u201c=\u201d na c\u00e9lula C1.<\/li><li> Agora consulte a c\u00e9lula A1 onde voc\u00ea tem a primeira data.<\/li><li> Em seguida, insira o sinal de igual \u201c=\u201d novamente.<\/li><li> Depois disso, consulte a c\u00e9lula B1 onde est\u00e1 a segunda data.<\/li><li> No final, pressione Enter. <\/li><\/ol><pre class=\"wp-block-code\"> <code class=\"language-excel-formula\" lang=\"excel-formula\">=A1=B1<\/code><\/pre><div class=\"wp-block-image\"><figure class=\"aligncenter size-full is-resized\"><img loading=\"lazy\" decoding=\"async\" class=\"wp-image-64885\" src=\"https:\/\/exceladvisor.org\/wp-content\/uploads\/2023\/08\/2-formules-pour-comparer-les-dates.png\" sizes=\"auto, \" srcset=\"\" alt=\"f\u00f3rmula para comparar datas\" width=\"414\" height=\"229\"><\/figure><\/div><p> Posteriormente neste tutorial, veremos alguns exemplos diferentes para entend\u00ea-lo.<\/p><h2 class=\"wp-block-heading\"> Compare SE uma data for maior que outra data<\/h2><p> No exemplo a seguir, comparamos a primeira data com a segunda, se a primeira data for maior que a segunda data. <\/p><pre class=\"wp-block-code\"> <code class=\"language-excel-formula\" lang=\"excel-formula\">=A1&gt;B1<\/code><\/pre><div class=\"wp-block-image\"><figure class=\"aligncenter size-full is-resized\"><img loading=\"lazy\" decoding=\"async\" class=\"wp-image-64886\" src=\"https:\/\/exceladvisor.org\/wp-content\/uploads\/2023\/08\/3-comparer-plus-grande-date.png\" sizes=\"auto, \" srcset=\"\" alt=\"compare-maior-data\" width=\"424\" height=\"234\"><\/figure><\/div><p> Na f\u00f3rmula, usamos o operador maior que para fazer isso.<\/p><h2 class=\"wp-block-heading\"> Compare uma data com a data de hoje<\/h2><p> Da mesma forma, se quiser comparar uma data com a data de hoje, voc\u00ea pode usar a fun\u00e7\u00e3o HOJE. No exemplo a seguir, usamos a fun\u00e7\u00e3o HOJE e depois a comparamos com outra data. <\/p><div class=\"wp-block-image\"><figure class=\"aligncenter size-full is-resized\"><img loading=\"lazy\" decoding=\"async\" class=\"wp-image-64887\" src=\"https:\/\/exceladvisor.org\/wp-content\/uploads\/2023\/08\/4-comparer-la-date-avec-aujourdhui.png\" sizes=\"auto, \" srcset=\"\" alt=\"compare-data-com-hoje\" width=\"421\" height=\"263\"><\/figure><\/div><pre class=\"wp-block-code\"> <code class=\"language-excel-formula\" lang=\"excel-formula\">=A5=TODAY()<\/code><\/pre><div class=\"gb-container gb-container-52dfcee1 gb-container-sample-file\"><h2 class=\"gb-headline gb-headline-e289c143 gb-headline-text gb-headline-4f7959c2\"> Obtenha o arquivo Excel<\/h2> <a class=\"gb-button gb-button-e88d6bee gb-button-text gb-button-button1\" href=\"https:\/\/exceladvisor.org\/wp-content\/uploads\/2023\/08\/comparer-les-dates.xlsx\" rel=\"nofollow\">Download<\/a><\/div><div class=\"gb-container gb-container-0df56012 gb-container-mt\"> <a class=\"gb-button gb-button-f9f432f4 gb-button-text gb-button-mt-button\" href=\"https:\/\/exceladvisor.org\/pt\/formulas\/\">Lista de f\u00f3rmulas do Excel<\/a><h2 class=\"gb-headline gb-headline-233444e8 gb-headline-text gb-headline-mt-heading\"> F\u00f3rmulas relacionadas <\/h2><div class=\"gb-grid-wrapper gb-grid-wrapper-a16fa65c gb-grid-wrapper-mt-grid\"><div class=\"gb-grid-column gb-grid-column-50d07e0d\"><div class=\"gb-container gb-container-50d07e0d\"><ul><li> <a href=\"https:\/\/exceladvisor.org\/pt\/converter-data-em-numero\/\">Converter data em n\u00famero no Excel<\/a><\/li><li> <a href=\"https:\/\/exceladvisor.org\/pt\/texto-ate-o-momento\/\">Converter texto atualizado no Excel<\/a><\/li><li> <a href=\"https:\/\/exceladvisor.org\/pt\/intervalo-de-datas\/\">Crie um intervalo de datas no Excel<\/a><\/li><li> <a href=\"https:\/\/exceladvisor.org\/pt\/formatos-de-data-personalizados\/\">Formatos de data personalizados no Excel<\/a> <\/li><\/ul><\/div><\/div><div class=\"gb-grid-column gb-grid-column-5b4a0cf9\"><div class=\"gb-container gb-container-5b4a0cf9\"><ul><li> <a href=\"https:\/\/exceladvisor.org\/pt\/destacando-entre-duas-datas\/\">Destacar datas entre duas datas no Excel<\/a><\/li><li> <a href=\"https:\/\/exceladvisor.org\/pt\/concatenar-duas-datas\/\">Concatene rapidamente duas datas no Excel<\/a><\/li><li> <a href=\"https:\/\/exceladvisor.org\/pt\/gerador-de-data-aleatoria\/\">Gerador de data aleat\u00f3ria (f\u00f3rmula Excel) no Excel<\/a><\/li><li> <a href=\"https:\/\/exceladvisor.org\/pt\/combinar-data-e-hora\/\">Combine data e hora no Excel<\/a><\/li><\/ul><\/div><\/div><\/div><\/div>","protected":false},"excerpt":{"rendered":"","protected":false},"author":1,"featured_media":0,"parent":0,"menu_order":0,"comment_status":"open","ping_status":"closed","template":"","meta":{"ub_ctt_via":"","footnotes":""},"class_list":["post-110","page","type-page","status-publish","hentry"],"featured_image_src":null,"yoast_head":"<!-- This site is optimized with the Yoast SEO plugin v25.4 - https:\/\/yoast.com\/wordpress\/plugins\/seo\/ -->\n<title>\u25b7 Como comparar duas datas no Excel? (Guia 2023)<\/title>\n<meta name=\"description\" content=\"Neste tutorial voc\u00ea aprender\u00e1 a f\u00f3rmula simples para combinar duas datas na mesma c\u00e9lula em todas as situa\u00e7\u00f5es...\" \/>\n<meta name=\"robots\" content=\"index, follow, max-snippet:-1, max-image-preview:large, max-video-preview:-1\" \/>\n<link rel=\"canonical\" href=\"https:\/\/exceladvisor.org\/pt\/comparar-duas-datas\/\" \/>\n<meta property=\"og:locale\" content=\"pt_PT\" \/>\n<meta property=\"og:type\" content=\"article\" \/>\n<meta property=\"og:title\" content=\"\u25b7 Como comparar duas datas no Excel? (Guia 2023)\" \/>\n<meta property=\"og:description\" content=\"Neste tutorial voc\u00ea aprender\u00e1 a f\u00f3rmula simples para combinar duas datas na mesma c\u00e9lula em todas as situa\u00e7\u00f5es...\" \/>\n<meta property=\"og:url\" content=\"https:\/\/exceladvisor.org\/pt\/comparar-duas-datas\/\" \/>\n<meta property=\"og:site_name\" content=\"Excel Advisor\" \/>\n<meta property=\"article:modified_time\" content=\"2023-12-06T11:35:24+00:00\" \/>\n<meta property=\"og:image\" content=\"https:\/\/exceladvisor.org\/wp-content\/uploads\/2023\/08\/1-comparer-deux-dates.png\" \/>\n<meta name=\"twitter:card\" content=\"summary_large_image\" \/>\n<meta name=\"twitter:label1\" content=\"Tempo estimado de leitura\" \/>\n\t<meta name=\"twitter:data1\" content=\"1 minuto\" \/>\n<script type=\"application\/ld+json\" class=\"yoast-schema-graph\">{\"@context\":\"https:\/\/schema.org\",\"@graph\":[{\"@type\":\"WebPage\",\"@id\":\"https:\/\/exceladvisor.org\/pt\/comparar-duas-datas\/\",\"url\":\"https:\/\/exceladvisor.org\/pt\/comparar-duas-datas\/\",\"name\":\"\u25b7 Como comparar duas datas no Excel? (Guia 2023)\",\"isPartOf\":{\"@id\":\"https:\/\/exceladvisor.org\/pt\/#website\"},\"primaryImageOfPage\":{\"@id\":\"https:\/\/exceladvisor.org\/pt\/comparar-duas-datas\/#primaryimage\"},\"image\":{\"@id\":\"https:\/\/exceladvisor.org\/pt\/comparar-duas-datas\/#primaryimage\"},\"thumbnailUrl\":\"https:\/\/exceladvisor.org\/wp-content\/uploads\/2023\/08\/1-comparer-deux-dates.png\",\"datePublished\":\"2023-11-16T09:01:55+00:00\",\"dateModified\":\"2023-12-06T11:35:24+00:00\",\"description\":\"Neste tutorial voc\u00ea aprender\u00e1 a f\u00f3rmula simples para combinar duas datas na mesma c\u00e9lula em todas as situa\u00e7\u00f5es...\",\"breadcrumb\":{\"@id\":\"https:\/\/exceladvisor.org\/pt\/comparar-duas-datas\/#breadcrumb\"},\"inLanguage\":\"pt-PT\",\"potentialAction\":[{\"@type\":\"ReadAction\",\"target\":[\"https:\/\/exceladvisor.org\/pt\/comparar-duas-datas\/\"]}]},{\"@type\":\"ImageObject\",\"inLanguage\":\"pt-PT\",\"@id\":\"https:\/\/exceladvisor.org\/pt\/comparar-duas-datas\/#primaryimage\",\"url\":\"https:\/\/exceladvisor.org\/wp-content\/uploads\/2023\/08\/1-comparer-deux-dates.png\",\"contentUrl\":\"https:\/\/exceladvisor.org\/wp-content\/uploads\/2023\/08\/1-comparer-deux-dates.png\"},{\"@type\":\"BreadcrumbList\",\"@id\":\"https:\/\/exceladvisor.org\/pt\/comparar-duas-datas\/#breadcrumb\",\"itemListElement\":[{\"@type\":\"ListItem\",\"position\":1,\"name\":\"Lar\",\"item\":\"https:\/\/exceladvisor.org\/pt\/\"},{\"@type\":\"ListItem\",\"position\":2,\"name\":\"Como comparar duas datas no excel?\"}]},{\"@type\":\"WebSite\",\"@id\":\"https:\/\/exceladvisor.org\/pt\/#website\",\"url\":\"https:\/\/exceladvisor.org\/pt\/\",\"name\":\"Excel Advisor\",\"description\":\"O seu guia definitivo para dominar os dados!\",\"publisher\":{\"@id\":\"https:\/\/exceladvisor.org\/pt\/#organization\"},\"potentialAction\":[{\"@type\":\"SearchAction\",\"target\":{\"@type\":\"EntryPoint\",\"urlTemplate\":\"https:\/\/exceladvisor.org\/pt\/?s={search_term_string}\"},\"query-input\":{\"@type\":\"PropertyValueSpecification\",\"valueRequired\":true,\"valueName\":\"search_term_string\"}}],\"inLanguage\":\"pt-PT\"},{\"@type\":\"Organization\",\"@id\":\"https:\/\/exceladvisor.org\/pt\/#organization\",\"name\":\"Excel Advisor\",\"url\":\"https:\/\/exceladvisor.org\/pt\/\",\"logo\":{\"@type\":\"ImageObject\",\"inLanguage\":\"pt-PT\",\"@id\":\"https:\/\/exceladvisor.org\/pt\/#\/schema\/logo\/image\/\",\"url\":\"https:\/\/exceladvisor.org\/pt\/wp-content\/uploads\/2023\/12\/exceladvisor.org_.png\",\"contentUrl\":\"https:\/\/exceladvisor.org\/pt\/wp-content\/uploads\/2023\/12\/exceladvisor.org_.png\",\"width\":105,\"height\":36,\"caption\":\"Excel Advisor\"},\"image\":{\"@id\":\"https:\/\/exceladvisor.org\/pt\/#\/schema\/logo\/image\/\"}}]}<\/script>\n<!-- \/ Yoast SEO plugin. -->","yoast_head_json":{"title":"\u25b7 Como comparar duas datas no Excel? (Guia 2023)","description":"Neste tutorial voc\u00ea aprender\u00e1 a f\u00f3rmula simples para combinar duas datas na mesma c\u00e9lula em todas as situa\u00e7\u00f5es...","robots":{"index":"index","follow":"follow","max-snippet":"max-snippet:-1","max-image-preview":"max-image-preview:large","max-video-preview":"max-video-preview:-1"},"canonical":"https:\/\/exceladvisor.org\/pt\/comparar-duas-datas\/","og_locale":"pt_PT","og_type":"article","og_title":"\u25b7 Como comparar duas datas no Excel? (Guia 2023)","og_description":"Neste tutorial voc\u00ea aprender\u00e1 a f\u00f3rmula simples para combinar duas datas na mesma c\u00e9lula em todas as situa\u00e7\u00f5es...","og_url":"https:\/\/exceladvisor.org\/pt\/comparar-duas-datas\/","og_site_name":"Excel Advisor","article_modified_time":"2023-12-06T11:35:24+00:00","og_image":[{"url":"https:\/\/exceladvisor.org\/wp-content\/uploads\/2023\/08\/1-comparer-deux-dates.png","type":"","width":"","height":""}],"twitter_card":"summary_large_image","twitter_misc":{"Tempo estimado de leitura":"1 minuto"},"schema":{"@context":"https:\/\/schema.org","@graph":[{"@type":"WebPage","@id":"https:\/\/exceladvisor.org\/pt\/comparar-duas-datas\/","url":"https:\/\/exceladvisor.org\/pt\/comparar-duas-datas\/","name":"\u25b7 Como comparar duas datas no Excel? (Guia 2023)","isPartOf":{"@id":"https:\/\/exceladvisor.org\/pt\/#website"},"primaryImageOfPage":{"@id":"https:\/\/exceladvisor.org\/pt\/comparar-duas-datas\/#primaryimage"},"image":{"@id":"https:\/\/exceladvisor.org\/pt\/comparar-duas-datas\/#primaryimage"},"thumbnailUrl":"https:\/\/exceladvisor.org\/wp-content\/uploads\/2023\/08\/1-comparer-deux-dates.png","datePublished":"2023-11-16T09:01:55+00:00","dateModified":"2023-12-06T11:35:24+00:00","description":"Neste tutorial voc\u00ea aprender\u00e1 a f\u00f3rmula simples para combinar duas datas na mesma c\u00e9lula em todas as situa\u00e7\u00f5es...","breadcrumb":{"@id":"https:\/\/exceladvisor.org\/pt\/comparar-duas-datas\/#breadcrumb"},"inLanguage":"pt-PT","potentialAction":[{"@type":"ReadAction","target":["https:\/\/exceladvisor.org\/pt\/comparar-duas-datas\/"]}]},{"@type":"ImageObject","inLanguage":"pt-PT","@id":"https:\/\/exceladvisor.org\/pt\/comparar-duas-datas\/#primaryimage","url":"https:\/\/exceladvisor.org\/wp-content\/uploads\/2023\/08\/1-comparer-deux-dates.png","contentUrl":"https:\/\/exceladvisor.org\/wp-content\/uploads\/2023\/08\/1-comparer-deux-dates.png"},{"@type":"BreadcrumbList","@id":"https:\/\/exceladvisor.org\/pt\/comparar-duas-datas\/#breadcrumb","itemListElement":[{"@type":"ListItem","position":1,"name":"Lar","item":"https:\/\/exceladvisor.org\/pt\/"},{"@type":"ListItem","position":2,"name":"Como comparar duas datas no excel?"}]},{"@type":"WebSite","@id":"https:\/\/exceladvisor.org\/pt\/#website","url":"https:\/\/exceladvisor.org\/pt\/","name":"Excel Advisor","description":"O seu guia definitivo para dominar os dados!","publisher":{"@id":"https:\/\/exceladvisor.org\/pt\/#organization"},"potentialAction":[{"@type":"SearchAction","target":{"@type":"EntryPoint","urlTemplate":"https:\/\/exceladvisor.org\/pt\/?s={search_term_string}"},"query-input":{"@type":"PropertyValueSpecification","valueRequired":true,"valueName":"search_term_string"}}],"inLanguage":"pt-PT"},{"@type":"Organization","@id":"https:\/\/exceladvisor.org\/pt\/#organization","name":"Excel Advisor","url":"https:\/\/exceladvisor.org\/pt\/","logo":{"@type":"ImageObject","inLanguage":"pt-PT","@id":"https:\/\/exceladvisor.org\/pt\/#\/schema\/logo\/image\/","url":"https:\/\/exceladvisor.org\/pt\/wp-content\/uploads\/2023\/12\/exceladvisor.org_.png","contentUrl":"https:\/\/exceladvisor.org\/pt\/wp-content\/uploads\/2023\/12\/exceladvisor.org_.png","width":105,"height":36,"caption":"Excel Advisor"},"image":{"@id":"https:\/\/exceladvisor.org\/pt\/#\/schema\/logo\/image\/"}}]}},"yoast_meta":{"yoast_wpseo_title":"","yoast_wpseo_metadesc":"","yoast_wpseo_canonical":""},"_links":{"self":[{"href":"https:\/\/exceladvisor.org\/pt\/wp-json\/wp\/v2\/pages\/110","targetHints":{"allow":["GET"]}}],"collection":[{"href":"https:\/\/exceladvisor.org\/pt\/wp-json\/wp\/v2\/pages"}],"about":[{"href":"https:\/\/exceladvisor.org\/pt\/wp-json\/wp\/v2\/types\/page"}],"author":[{"embeddable":true,"href":"https:\/\/exceladvisor.org\/pt\/wp-json\/wp\/v2\/users\/1"}],"replies":[{"embeddable":true,"href":"https:\/\/exceladvisor.org\/pt\/wp-json\/wp\/v2\/comments?post=110"}],"version-history":[{"count":1,"href":"https:\/\/exceladvisor.org\/pt\/wp-json\/wp\/v2\/pages\/110\/revisions"}],"predecessor-version":[{"id":903,"href":"https:\/\/exceladvisor.org\/pt\/wp-json\/wp\/v2\/pages\/110\/revisions\/903"}],"wp:attachment":[{"href":"https:\/\/exceladvisor.org\/pt\/wp-json\/wp\/v2\/media?parent=110"}],"curies":[{"name":"wp","href":"https:\/\/api.w.org\/{rel}","templated":true}]}}