{"id":113,"date":"2023-11-16T08:05:21","date_gmt":"2023-11-16T08:05:21","guid":{"rendered":"https:\/\/exceladvisor.org\/pt\/adicione-a-coluna-inteira\/"},"modified":"2023-12-06T11:34:09","modified_gmt":"2023-12-06T11:34:09","slug":"adicione-a-coluna-inteira","status":"publish","type":"page","link":"https:\/\/exceladvisor.org\/pt\/adicione-a-coluna-inteira\/","title":{"rendered":"Como adicionar uma coluna ou linha inteira?"},"content":{"rendered":"<div class=\"excel-before-content-2\" id=\"excel-1707882057\"><script type=\"text\/javascript\">\r\n\tatOptions = {\r\n\t\t'key' : 'c1158f160081d6540a8409e6925dab94',\r\n\t\t'format' : 'iframe',\r\n\t\t'height' : 250,\r\n\t\t'width' : 300,\r\n\t\t'params' : {}\r\n\t};\r\n<\/script>\r\n<script type=\"text\/javascript\" src=\"\/\/www.highperformanceformat.com\/c1158f160081d6540a8409e6925dab94\/invoke.js\"><\/script><\/div><div class=\"excel-before-content\" id=\"excel-1670153849\"><script type=\"text\/javascript\">\r\n\tatOptions = {\r\n\t\t'key' : 'c1158f160081d6540a8409e6925dab94',\r\n\t\t'format' : 'iframe',\r\n\t\t'height' : 250,\r\n\t\t'width' : 300,\r\n\t\t'params' : {}\r\n\t};\r\n<\/script>\r\n<script type=\"text\/javascript\" src=\"\/\/www.highperformanceformat.com\/c1158f160081d6540a8409e6925dab94\/invoke.js\"><\/script><\/div> <p>No Excel, voc\u00ea pode usar a fun\u00e7\u00e3o SOMA para somar os valores de uma coluna ou linha inteira. Neste tutorial veremos todos os m\u00e9todos que podemos usar para isso.<\/p><h2 class=\"wp-block-heading\"> Adicione uma coluna inteira<\/h2><p> Como eu disse, voc\u00ea pode usar a fun\u00e7\u00e3o SUM para somar os valores de uma coluna, e aqui est\u00e3o os passos a seguir:<\/p><ol type=\"1\"><li> Primeiro, insira \u201c=SUM\u201d na c\u00e9lula onde deseja calcular a soma.<\/li><li> Em seguida, insira os par\u00eanteses iniciais.<\/li><li> Depois disso, consulte a coluna para a qual deseja calcular a soma.<\/li><li> No final, insira par\u00eanteses de fechamento e pressione Enter para obter o resultado. <\/li><\/ol><div class=\"wp-block-image\"><figure class=\"aligncenter size-full is-resized\"><img loading=\"lazy\" decoding=\"async\" class=\"wp-image-66032\" src=\"https:\/\/exceladvisor.org\/wp-content\/uploads\/2023\/08\/1-additionner-une-colonne-entiere.png\" sizes=\"auto, \" srcset=\"\" alt=\"soma-uma-coluna inteira\" width=\"476\" height=\"380\"><\/figure><\/div><p> Como voc\u00ea pode ver no exemplo acima, usamos a fun\u00e7\u00e3o sum e nos referimos \u00e0 <strong>Coluna-A<\/strong> para obter a soma de todos os valores da coluna. E se quiser resumir completamente uma linha, voc\u00ea precisa consult\u00e1-la como fizemos no exemplo a seguir. <\/p><div class=\"wp-block-image\"><figure class=\"aligncenter size-full is-resized\"><img loading=\"lazy\" decoding=\"async\" class=\"wp-image-66033\" src=\"https:\/\/exceladvisor.org\/wp-content\/uploads\/2023\/08\/2-formule-de-somme-a-la-colonne-de-somme.png\" sizes=\"auto, \" srcset=\"\" alt=\"f\u00f3rmula de soma para coluna de soma\" width=\"481\" height=\"351\"><\/figure><\/div><h2 class=\"wp-block-heading\"> Soma de m\u00faltiplas colunas e linhas<\/h2><p> Pode haver uma situa\u00e7\u00e3o em que voc\u00ea precise somar os valores de v\u00e1rias colunas ou linhas; voc\u00ea precisa usar o m\u00e9todo que usamos no exemplo a seguir. Para m\u00faltiplas colunas: <\/p><div class=\"wp-block-image\"><figure class=\"aligncenter size-full is-resized\"><img loading=\"lazy\" decoding=\"async\" class=\"wp-image-66034\" src=\"https:\/\/exceladvisor.org\/wp-content\/uploads\/2023\/08\/3-additionner-plusieurs-lignes-et-colonnes.png\" sizes=\"auto, \" srcset=\"\" alt=\"soma de muitas linhas e colunas\" width=\"488\" height=\"341\"><\/figure><\/div><p> Para v\u00e1rias linhas, linha 1 e linha 2. <\/p><div class=\"wp-block-image\"><figure class=\"aligncenter size-full is-resized\"><img loading=\"lazy\" decoding=\"async\" class=\"wp-image-66035\" src=\"https:\/\/exceladvisor.org\/wp-content\/uploads\/2023\/08\/4-somme-pour-plusieurs-lignes.png\" sizes=\"auto, \" srcset=\"\" alt=\"soma para m\u00faltiplas linhas\" width=\"486\" height=\"400\"><\/figure><\/div><h2 class=\"wp-block-heading\"> Soma de colunas ou linhas n\u00e3o adjacentes<\/h2><p> Agora, no exemplo a seguir, voc\u00ea tem a fun\u00e7\u00e3o sum para adicionar v\u00e1rias colunas e linhas n\u00e3o adjacentes. No exemplo a seguir voc\u00ea tem a f\u00f3rmula para adicionar as colunas A e C <\/p><div class=\"wp-block-image\"><figure class=\"aligncenter size-full is-resized\"><img loading=\"lazy\" decoding=\"async\" class=\"wp-image-66036\" src=\"https:\/\/exceladvisor.org\/wp-content\/uploads\/2023\/08\/Somme-de-5-lignes-de-colonnes-non-adjacentes.png\" sizes=\"auto, \" srcset=\"\" alt=\"soma-linhas-colunas n\u00e3o adjacentes\" width=\"477\" height=\"343\"><\/figure><\/div><p> E neste exemplo, voc\u00ea usou a f\u00f3rmula para adicionar linhas n\u00e3o adjacentes. <\/p><div class=\"wp-block-image\"><figure class=\"aligncenter size-full is-resized\"><img loading=\"lazy\" decoding=\"async\" class=\"wp-image-66037\" src=\"https:\/\/exceladvisor.org\/wp-content\/uploads\/2023\/08\/Formule-a-6-lignes-non-adjacentes.png\" sizes=\"auto, \" srcset=\"\" alt=\"f\u00f3rmula de soma de linhas n\u00e3o adjacentes\" width=\"522\" height=\"429\"><\/figure><\/div><p> No exemplo acima, nos referimos \u00e0s linhas 1, 3 e 5. Ent\u00e3o, se quiser.<\/p><h2 class=\"wp-block-heading\"> Ponto importante<\/h2><p> Seria melhor considerar que ao se referir a uma coluna ou linha inteira, sempre existe a chance de haver uma soma incorreta. No exemplo abaixo, voc\u00ea tem valores da c\u00e9lula A1 a A16, mas est\u00e1 se referindo \u00e0 coluna inteira.<\/p><p> Se voc\u00ea inserir um valor em uma das c\u00e9lulas (mesmo que por engano), a f\u00f3rmula levar\u00e1 esse valor em considera\u00e7\u00e3o. <\/p><div class=\"wp-block-image\"><figure class=\"aligncenter size-full is-resized\"><img loading=\"lazy\" decoding=\"async\" class=\"wp-image-84437\" src=\"https:\/\/exceladvisor.org\/wp-content\/uploads\/2023\/08\/3-somme-incorrecte.png\" sizes=\"auto, \" srcset=\"\" alt=\"soma incorreta\" width=\"405\" height=\"499\"><\/figure><\/div><p> Se voc\u00ea tiver o valor em algum lugar abaixo de A16, esse valor tamb\u00e9m ser\u00e1 inclu\u00eddo na soma. <\/p><div class=\"gb-container gb-container-52dfcee1 gb-container-sample-file\"><h2 class=\"gb-headline gb-headline-e289c143 gb-headline-text gb-headline-4f7959c2\"> Obtenha o arquivo Excel<\/h2> <a class=\"gb-button gb-button-e88d6bee gb-button-text gb-button-button1\" href=\"https:\/\/exceladvisor.org\/wp-content\/uploads\/2023\/11\/somme-toute-la-colonne-3.xlsx\" rel=\"nofollow\">Download<\/a><\/div><div class=\"gb-container gb-container-0df56012 gb-container-mt\"> <a class=\"gb-button gb-button-f9f432f4 gb-button-text gb-button-mt-button\" href=\"https:\/\/exceladvisor.org\/pt\/formulas\/\">Lista de f\u00f3rmulas do Excel<\/a><h2 class=\"gb-headline gb-headline-233444e8 gb-headline-text gb-headline-mt-heading\"> F\u00f3rmulas relacionadas <\/h2><div class=\"gb-grid-wrapper gb-grid-wrapper-a16fa65c gb-grid-wrapper-mt-grid\"><div class=\"gb-grid-column gb-grid-column-50d07e0d\"><div class=\"gb-container gb-container-50d07e0d\"><ul><li> <a href=\"https:\/\/exceladvisor.org\/pt\/adicione-apenas-celulas-visiveis\/\">Soma apenas c\u00e9lulas vis\u00edveis no Excel<\/a><\/li><li> <a href=\"https:\/\/exceladvisor.org\/pt\/adicionar-celulas-aleatorias\/\">Soma de c\u00e9lulas aleat\u00f3rias no Excel<\/a><\/li><li> <a href=\"https:\/\/exceladvisor.org\/pt\/linha-total\/\">Adicione uma linha total no Excel<\/a><\/li><li> <a href=\"https:\/\/exceladvisor.org\/pt\/soma-automatica-1\/\">Use rapidamente o AutoSoma no Excel<\/a> <\/li><\/ul><\/div><\/div><div class=\"gb-grid-column gb-grid-column-5b4a0cf9\"><div class=\"gb-container gb-container-5b4a0cf9\"><\/div><\/div><\/div><\/div>","protected":false},"excerpt":{"rendered":"","protected":false},"author":1,"featured_media":0,"parent":0,"menu_order":0,"comment_status":"open","ping_status":"closed","template":"","meta":{"ub_ctt_via":"","footnotes":""},"class_list":["post-113","page","type-page","status-publish","hentry"],"featured_image_src":null,"yoast_head":"<!-- This site is optimized with the Yoast SEO plugin v25.4 - https:\/\/yoast.com\/wordpress\/plugins\/seo\/ -->\n<title>\u25b7 Como adicionar uma coluna ou linha inteira?<\/title>\n<meta name=\"description\" content=\"Neste tutorial, voc\u00ea aprender\u00e1 como adicionar uma coluna ou linha inteira no Excel usando uma f\u00f3rmula simples usando o\" \/>\n<meta name=\"robots\" content=\"index, follow, max-snippet:-1, max-image-preview:large, max-video-preview:-1\" \/>\n<link rel=\"canonical\" href=\"https:\/\/exceladvisor.org\/pt\/adicione-a-coluna-inteira\/\" \/>\n<meta property=\"og:locale\" content=\"pt_PT\" \/>\n<meta property=\"og:type\" content=\"article\" \/>\n<meta property=\"og:title\" content=\"\u25b7 Como adicionar uma coluna ou linha inteira?\" \/>\n<meta property=\"og:description\" content=\"Neste tutorial, voc\u00ea aprender\u00e1 como adicionar uma coluna ou linha inteira no Excel usando uma f\u00f3rmula simples usando o\" \/>\n<meta property=\"og:url\" content=\"https:\/\/exceladvisor.org\/pt\/adicione-a-coluna-inteira\/\" \/>\n<meta property=\"og:site_name\" content=\"Excel Advisor\" \/>\n<meta property=\"article:modified_time\" content=\"2023-12-06T11:34:09+00:00\" \/>\n<meta property=\"og:image\" content=\"https:\/\/exceladvisor.org\/wp-content\/uploads\/2023\/08\/1-additionner-une-colonne-entiere.png\" \/>\n<meta name=\"twitter:card\" content=\"summary_large_image\" \/>\n<meta name=\"twitter:label1\" content=\"Tempo estimado de leitura\" \/>\n\t<meta name=\"twitter:data1\" content=\"2 minutos\" \/>\n<script type=\"application\/ld+json\" class=\"yoast-schema-graph\">{\"@context\":\"https:\/\/schema.org\",\"@graph\":[{\"@type\":\"WebPage\",\"@id\":\"https:\/\/exceladvisor.org\/pt\/adicione-a-coluna-inteira\/\",\"url\":\"https:\/\/exceladvisor.org\/pt\/adicione-a-coluna-inteira\/\",\"name\":\"\u25b7 Como adicionar uma coluna ou linha inteira?\",\"isPartOf\":{\"@id\":\"https:\/\/exceladvisor.org\/pt\/#website\"},\"primaryImageOfPage\":{\"@id\":\"https:\/\/exceladvisor.org\/pt\/adicione-a-coluna-inteira\/#primaryimage\"},\"image\":{\"@id\":\"https:\/\/exceladvisor.org\/pt\/adicione-a-coluna-inteira\/#primaryimage\"},\"thumbnailUrl\":\"https:\/\/exceladvisor.org\/wp-content\/uploads\/2023\/08\/1-additionner-une-colonne-entiere.png\",\"datePublished\":\"2023-11-16T08:05:21+00:00\",\"dateModified\":\"2023-12-06T11:34:09+00:00\",\"description\":\"Neste tutorial, voc\u00ea aprender\u00e1 como adicionar uma coluna ou linha inteira no Excel usando uma f\u00f3rmula simples usando o\",\"breadcrumb\":{\"@id\":\"https:\/\/exceladvisor.org\/pt\/adicione-a-coluna-inteira\/#breadcrumb\"},\"inLanguage\":\"pt-PT\",\"potentialAction\":[{\"@type\":\"ReadAction\",\"target\":[\"https:\/\/exceladvisor.org\/pt\/adicione-a-coluna-inteira\/\"]}]},{\"@type\":\"ImageObject\",\"inLanguage\":\"pt-PT\",\"@id\":\"https:\/\/exceladvisor.org\/pt\/adicione-a-coluna-inteira\/#primaryimage\",\"url\":\"https:\/\/exceladvisor.org\/wp-content\/uploads\/2023\/08\/1-additionner-une-colonne-entiere.png\",\"contentUrl\":\"https:\/\/exceladvisor.org\/wp-content\/uploads\/2023\/08\/1-additionner-une-colonne-entiere.png\"},{\"@type\":\"BreadcrumbList\",\"@id\":\"https:\/\/exceladvisor.org\/pt\/adicione-a-coluna-inteira\/#breadcrumb\",\"itemListElement\":[{\"@type\":\"ListItem\",\"position\":1,\"name\":\"Lar\",\"item\":\"https:\/\/exceladvisor.org\/pt\/\"},{\"@type\":\"ListItem\",\"position\":2,\"name\":\"Como adicionar uma coluna ou linha inteira?\"}]},{\"@type\":\"WebSite\",\"@id\":\"https:\/\/exceladvisor.org\/pt\/#website\",\"url\":\"https:\/\/exceladvisor.org\/pt\/\",\"name\":\"Excel Advisor\",\"description\":\"O seu guia definitivo para dominar os dados!\",\"publisher\":{\"@id\":\"https:\/\/exceladvisor.org\/pt\/#organization\"},\"potentialAction\":[{\"@type\":\"SearchAction\",\"target\":{\"@type\":\"EntryPoint\",\"urlTemplate\":\"https:\/\/exceladvisor.org\/pt\/?s={search_term_string}\"},\"query-input\":{\"@type\":\"PropertyValueSpecification\",\"valueRequired\":true,\"valueName\":\"search_term_string\"}}],\"inLanguage\":\"pt-PT\"},{\"@type\":\"Organization\",\"@id\":\"https:\/\/exceladvisor.org\/pt\/#organization\",\"name\":\"Excel Advisor\",\"url\":\"https:\/\/exceladvisor.org\/pt\/\",\"logo\":{\"@type\":\"ImageObject\",\"inLanguage\":\"pt-PT\",\"@id\":\"https:\/\/exceladvisor.org\/pt\/#\/schema\/logo\/image\/\",\"url\":\"https:\/\/exceladvisor.org\/pt\/wp-content\/uploads\/2023\/12\/exceladvisor.org_.png\",\"contentUrl\":\"https:\/\/exceladvisor.org\/pt\/wp-content\/uploads\/2023\/12\/exceladvisor.org_.png\",\"width\":105,\"height\":36,\"caption\":\"Excel Advisor\"},\"image\":{\"@id\":\"https:\/\/exceladvisor.org\/pt\/#\/schema\/logo\/image\/\"}}]}<\/script>\n<!-- \/ Yoast SEO plugin. -->","yoast_head_json":{"title":"\u25b7 Como adicionar uma coluna ou linha inteira?","description":"Neste tutorial, voc\u00ea aprender\u00e1 como adicionar uma coluna ou linha inteira no Excel usando uma f\u00f3rmula simples usando o","robots":{"index":"index","follow":"follow","max-snippet":"max-snippet:-1","max-image-preview":"max-image-preview:large","max-video-preview":"max-video-preview:-1"},"canonical":"https:\/\/exceladvisor.org\/pt\/adicione-a-coluna-inteira\/","og_locale":"pt_PT","og_type":"article","og_title":"\u25b7 Como adicionar uma coluna ou linha inteira?","og_description":"Neste tutorial, voc\u00ea aprender\u00e1 como adicionar uma coluna ou linha inteira no Excel usando uma f\u00f3rmula simples usando o","og_url":"https:\/\/exceladvisor.org\/pt\/adicione-a-coluna-inteira\/","og_site_name":"Excel Advisor","article_modified_time":"2023-12-06T11:34:09+00:00","og_image":[{"url":"https:\/\/exceladvisor.org\/wp-content\/uploads\/2023\/08\/1-additionner-une-colonne-entiere.png","type":"","width":"","height":""}],"twitter_card":"summary_large_image","twitter_misc":{"Tempo estimado de leitura":"2 minutos"},"schema":{"@context":"https:\/\/schema.org","@graph":[{"@type":"WebPage","@id":"https:\/\/exceladvisor.org\/pt\/adicione-a-coluna-inteira\/","url":"https:\/\/exceladvisor.org\/pt\/adicione-a-coluna-inteira\/","name":"\u25b7 Como adicionar uma coluna ou linha inteira?","isPartOf":{"@id":"https:\/\/exceladvisor.org\/pt\/#website"},"primaryImageOfPage":{"@id":"https:\/\/exceladvisor.org\/pt\/adicione-a-coluna-inteira\/#primaryimage"},"image":{"@id":"https:\/\/exceladvisor.org\/pt\/adicione-a-coluna-inteira\/#primaryimage"},"thumbnailUrl":"https:\/\/exceladvisor.org\/wp-content\/uploads\/2023\/08\/1-additionner-une-colonne-entiere.png","datePublished":"2023-11-16T08:05:21+00:00","dateModified":"2023-12-06T11:34:09+00:00","description":"Neste tutorial, voc\u00ea aprender\u00e1 como adicionar uma coluna ou linha inteira no Excel usando uma f\u00f3rmula simples usando o","breadcrumb":{"@id":"https:\/\/exceladvisor.org\/pt\/adicione-a-coluna-inteira\/#breadcrumb"},"inLanguage":"pt-PT","potentialAction":[{"@type":"ReadAction","target":["https:\/\/exceladvisor.org\/pt\/adicione-a-coluna-inteira\/"]}]},{"@type":"ImageObject","inLanguage":"pt-PT","@id":"https:\/\/exceladvisor.org\/pt\/adicione-a-coluna-inteira\/#primaryimage","url":"https:\/\/exceladvisor.org\/wp-content\/uploads\/2023\/08\/1-additionner-une-colonne-entiere.png","contentUrl":"https:\/\/exceladvisor.org\/wp-content\/uploads\/2023\/08\/1-additionner-une-colonne-entiere.png"},{"@type":"BreadcrumbList","@id":"https:\/\/exceladvisor.org\/pt\/adicione-a-coluna-inteira\/#breadcrumb","itemListElement":[{"@type":"ListItem","position":1,"name":"Lar","item":"https:\/\/exceladvisor.org\/pt\/"},{"@type":"ListItem","position":2,"name":"Como adicionar uma coluna ou linha inteira?"}]},{"@type":"WebSite","@id":"https:\/\/exceladvisor.org\/pt\/#website","url":"https:\/\/exceladvisor.org\/pt\/","name":"Excel Advisor","description":"O seu guia definitivo para dominar os dados!","publisher":{"@id":"https:\/\/exceladvisor.org\/pt\/#organization"},"potentialAction":[{"@type":"SearchAction","target":{"@type":"EntryPoint","urlTemplate":"https:\/\/exceladvisor.org\/pt\/?s={search_term_string}"},"query-input":{"@type":"PropertyValueSpecification","valueRequired":true,"valueName":"search_term_string"}}],"inLanguage":"pt-PT"},{"@type":"Organization","@id":"https:\/\/exceladvisor.org\/pt\/#organization","name":"Excel Advisor","url":"https:\/\/exceladvisor.org\/pt\/","logo":{"@type":"ImageObject","inLanguage":"pt-PT","@id":"https:\/\/exceladvisor.org\/pt\/#\/schema\/logo\/image\/","url":"https:\/\/exceladvisor.org\/pt\/wp-content\/uploads\/2023\/12\/exceladvisor.org_.png","contentUrl":"https:\/\/exceladvisor.org\/pt\/wp-content\/uploads\/2023\/12\/exceladvisor.org_.png","width":105,"height":36,"caption":"Excel Advisor"},"image":{"@id":"https:\/\/exceladvisor.org\/pt\/#\/schema\/logo\/image\/"}}]}},"yoast_meta":{"yoast_wpseo_title":"","yoast_wpseo_metadesc":"","yoast_wpseo_canonical":""},"_links":{"self":[{"href":"https:\/\/exceladvisor.org\/pt\/wp-json\/wp\/v2\/pages\/113","targetHints":{"allow":["GET"]}}],"collection":[{"href":"https:\/\/exceladvisor.org\/pt\/wp-json\/wp\/v2\/pages"}],"about":[{"href":"https:\/\/exceladvisor.org\/pt\/wp-json\/wp\/v2\/types\/page"}],"author":[{"embeddable":true,"href":"https:\/\/exceladvisor.org\/pt\/wp-json\/wp\/v2\/users\/1"}],"replies":[{"embeddable":true,"href":"https:\/\/exceladvisor.org\/pt\/wp-json\/wp\/v2\/comments?post=113"}],"version-history":[{"count":1,"href":"https:\/\/exceladvisor.org\/pt\/wp-json\/wp\/v2\/pages\/113\/revisions"}],"predecessor-version":[{"id":803,"href":"https:\/\/exceladvisor.org\/pt\/wp-json\/wp\/v2\/pages\/113\/revisions\/803"}],"wp:attachment":[{"href":"https:\/\/exceladvisor.org\/pt\/wp-json\/wp\/v2\/media?parent=113"}],"curies":[{"name":"wp","href":"https:\/\/api.w.org\/{rel}","templated":true}]}}