{"id":119,"date":"2023-11-15T21:59:40","date_gmt":"2023-11-15T21:59:40","guid":{"rendered":"https:\/\/exceladvisor.org\/pt\/cor-de-preenchimento\/"},"modified":"2023-12-06T11:41:48","modified_gmt":"2023-12-06T11:41:48","slug":"cor-de-preenchimento","status":"publish","type":"page","link":"https:\/\/exceladvisor.org\/pt\/cor-de-preenchimento\/","title":{"rendered":"Como preencher cores no excel?"},"content":{"rendered":"<div class=\"excel-before-content-2\" id=\"excel-1572524677\"><script type=\"text\/javascript\">\r\n\tatOptions = {\r\n\t\t'key' : 'c1158f160081d6540a8409e6925dab94',\r\n\t\t'format' : 'iframe',\r\n\t\t'height' : 250,\r\n\t\t'width' : 300,\r\n\t\t'params' : {}\r\n\t};\r\n<\/script>\r\n<script type=\"text\/javascript\" src=\"\/\/www.highperformanceformat.com\/c1158f160081d6540a8409e6925dab94\/invoke.js\"><\/script><\/div><div class=\"excel-before-content\" id=\"excel-3708941302\"><script type=\"text\/javascript\">\r\n\tatOptions = {\r\n\t\t'key' : 'c1158f160081d6540a8409e6925dab94',\r\n\t\t'format' : 'iframe',\r\n\t\t'height' : 250,\r\n\t\t'width' : 300,\r\n\t\t'params' : {}\r\n\t};\r\n<\/script>\r\n<script type=\"text\/javascript\" src=\"\/\/www.highperformanceformat.com\/c1158f160081d6540a8409e6925dab94\/invoke.js\"><\/script><\/div> <p>Muitas vezes, os usu\u00e1rios desejam tornar determinadas c\u00e9lulas facilmente vis\u00edveis para todos e, para isso, preferem destac\u00e1-las adicionando cor a elas usando a op\u00e7\u00e3o de cor de preenchimento. A cor de preenchimento no Excel \u00e9 usada para preencher a cor nas c\u00e9lulas. Os usu\u00e1rios podem escolher qualquer cor dispon\u00edvel e preencher as c\u00e9lulas.<\/p><h2 class=\"wp-block-heading\"> Atalho de teclado para preencher cores no Excel<\/h2><p> <kbd>Alt<\/kbd> \u2192 <kbd>H<\/kbd> \u2192 <kbd>H<\/kbd> <\/p><div class=\"wp-block-image\"><figure class=\"aligncenter size-full is-resized\"><img loading=\"lazy\" decoding=\"async\" class=\"wp-image-72789\" src=\"https:\/\/exceladvisor.org\/wp-content\/uploads\/2023\/08\/1-raccourci-de-couleur-de-remplissage.png\" sizes=\"auto, \" srcset=\"\" alt=\"preencher atalho de cor\" width=\"774\" height=\"303\"><\/figure><\/div><p> N\u00e3o h\u00e1 atalho de teclado direto para escolher, selecionar e preencher a cor da c\u00e9lula, mas ainda assim o usu\u00e1rio pode economizar tempo acessando diretamente o menu de sele\u00e7\u00e3o de cores e selecionando a cor desejada a partir da\u00ed.<\/p><h2 class=\"wp-block-heading\"> Etapas para preencher a cor usando o atalho do teclado<\/h2><ol><li> Primeiro, selecione as c\u00e9lulas onde deseja preencher a cor.<\/li><li> Depois disso, pressione as teclas <kbd>Alt<\/kbd> \u2192 <kbd>H<\/kbd> \u2192 <kbd>H<\/kbd> na ordem e voc\u00ea abrir\u00e1 o menu \u201cCores do tema\u201d para escolher a cor.<\/li><li> Agora, usando as teclas de seta \u201cEsquerda, Direita, Cima e Baixo\u201d do teclado, mova a sele\u00e7\u00e3o para a cor que deseja preencher e pressione Enter. <br><img loading=\"lazy\" decoding=\"async\" title=\"2 cores selecionadas\" src=\"https:\/\/exceladvisor.org\/wp-content\/uploads\/2023\/08\/2-selectionnez-la-couleur.png\" sizes=\"auto, \" srcset=\"\" alt=\"select-the-color\" width=\"482\" height=\"361\"><\/li><li> Depois de pressionar Enter, as c\u00e9lulas selecionadas ser\u00e3o preenchidas com essa cor. <br><img loading=\"lazy\" decoding=\"async\" title=\"3 c\u00e9lulas com cor selecionada\" src=\"https:\/\/exceladvisor.org\/wp-content\/uploads\/2023\/08\/3-cellules-avec-la-couleur-selectionnee.png\" sizes=\"auto, \" srcset=\"\" alt=\"cells-with-selected-color\" width=\"438\" height=\"188\"><\/li><\/ol><h2 class=\"wp-block-heading\"> Aprendizado<\/h2><ol><li> A cor que voc\u00ea adicionou usando a op\u00e7\u00e3o \u201cCor de preenchimento\u201d n\u00e3o ser\u00e1 alterada\/removida a menos que voc\u00ea altere\/remova intencionalmente a cor. Portanto, se voc\u00ea deseja que a cor seja alterada com a altera\u00e7\u00e3o do valor, \u00e9 necess\u00e1rio utilizar a op\u00e7\u00e3o \u201cFormata\u00e7\u00e3o Condicional\u201d. para preencher a cor.<\/li><li> Para remover a cor de qualquer c\u00e9lula, selecione a c\u00e9lula e pressione <kbd>Alt<\/kbd> \u2192 <kbd>H<\/kbd> \u2192 <kbd>H<\/kbd> \u2192 <kbd>N<\/kbd> e a cor ser\u00e1 removida.<\/li><li> Para encontrar mais op\u00e7\u00f5es de cores para escolher, pressione <kbd>Alt<\/kbd> \u2192 <kbd>H<\/kbd> \u2192 <kbd>H<\/kbd> \u2192 <kbd>M<\/kbd> e voc\u00ea abrir\u00e1 a caixa de di\u00e1logo \u201cCores\u201d. <\/li><\/ol><div class=\"wp-block-image\"><figure class=\"aligncenter size-full is-resized\"><img loading=\"lazy\" decoding=\"async\" class=\"wp-image-72792\" src=\"https:\/\/exceladvisor.org\/wp-content\/uploads\/2023\/08\/Boite-de-dialogue-4-couleurs.png\" sizes=\"auto, \" srcset=\"\" alt=\"caixa de di\u00e1logo de cores\" width=\"316\" height=\"342\"><\/figure><\/div><div class=\"gb-container gb-container-2116538e gb-container-mt\"> <a class=\"gb-button gb-button-f7d2c131 gb-button-text gb-button-mt-button\" href=\"https:\/\/exceladvisor.org\/pt\/atalhos-do-teclado\/\">Atalhos de teclado do Excel PDF<\/a><h2 class=\"gb-headline gb-headline-7ed68554 gb-headline-text gb-headline-mt-heading\"> Mais atalhos <\/h2><div class=\"gb-grid-wrapper gb-grid-wrapper-edeef538 gb-grid-wrapper-mt-grid\"><div class=\"gb-grid-column gb-grid-column-6ab6fbc6\"><div class=\"gb-container gb-container-6ab6fbc6\"><ul><li> <a href=\"https:\/\/exceladvisor.org\/pt\/abrir-opcoes-de-formato-de-celula\/\">Op\u00e7\u00e3o para abrir c\u00e9lulas de formato<\/a><\/li><li> <a href=\"https:\/\/exceladvisor.org\/pt\/ajuste-automatico\/\">Ajuste autom\u00e1tico<\/a><\/li><li> <a href=\"https:\/\/exceladvisor.org\/pt\/formato-de-pintor-1\/\">Formato do pintor<\/a><\/li><li> <a href=\"https:\/\/exceladvisor.org\/pt\/quebrar-texto\/\">Quebrar texto<\/a><\/li><li> <a href=\"https:\/\/exceladvisor.org\/pt\/adicione-comentarios\/\">Adicione coment\u00e1rios<\/a> <\/li><\/ul><\/div><\/div><div class=\"gb-grid-column gb-grid-column-766d598b\"><div class=\"gb-container gb-container-766d598b\"><\/div><\/div><\/div><\/div>","protected":false},"excerpt":{"rendered":"","protected":false},"author":1,"featured_media":0,"parent":0,"menu_order":0,"comment_status":"open","ping_status":"closed","template":"","meta":{"ub_ctt_via":"","footnotes":""},"class_list":["post-119","page","type-page","status-publish","hentry"],"featured_image_src":null,"yoast_head":"<!-- This site is optimized with the Yoast SEO plugin v25.4 - https:\/\/yoast.com\/wordpress\/plugins\/seo\/ -->\n<title>\u25b7Como preencher cores no Excel? (atalho do Excel)<\/title>\n<meta name=\"description\" content=\"Neste tutorial, voc\u00ea aprender\u00e1 como usar um atalho de teclado que pode ser usado no Excel para colorir uma c\u00e9lula e obter\" \/>\n<meta name=\"robots\" content=\"index, follow, max-snippet:-1, max-image-preview:large, max-video-preview:-1\" \/>\n<link rel=\"canonical\" href=\"https:\/\/exceladvisor.org\/pt\/cor-de-preenchimento\/\" \/>\n<meta property=\"og:locale\" content=\"pt_PT\" \/>\n<meta property=\"og:type\" content=\"article\" \/>\n<meta property=\"og:title\" content=\"\u25b7Como preencher cores no Excel? (atalho do Excel)\" \/>\n<meta property=\"og:description\" content=\"Neste tutorial, voc\u00ea aprender\u00e1 como usar um atalho de teclado que pode ser usado no Excel para colorir uma c\u00e9lula e obter\" \/>\n<meta property=\"og:url\" content=\"https:\/\/exceladvisor.org\/pt\/cor-de-preenchimento\/\" \/>\n<meta property=\"og:site_name\" content=\"Excel Advisor\" \/>\n<meta property=\"article:modified_time\" content=\"2023-12-06T11:41:48+00:00\" \/>\n<meta property=\"og:image\" content=\"https:\/\/exceladvisor.org\/wp-content\/uploads\/2023\/08\/1-raccourci-de-couleur-de-remplissage.png\" \/>\n<meta name=\"twitter:card\" content=\"summary_large_image\" \/>\n<meta name=\"twitter:label1\" content=\"Tempo estimado de leitura\" \/>\n\t<meta name=\"twitter:data1\" content=\"2 minutos\" \/>\n<script type=\"application\/ld+json\" class=\"yoast-schema-graph\">{\"@context\":\"https:\/\/schema.org\",\"@graph\":[{\"@type\":\"WebPage\",\"@id\":\"https:\/\/exceladvisor.org\/pt\/cor-de-preenchimento\/\",\"url\":\"https:\/\/exceladvisor.org\/pt\/cor-de-preenchimento\/\",\"name\":\"\u25b7Como preencher cores no Excel? (atalho do Excel)\",\"isPartOf\":{\"@id\":\"https:\/\/exceladvisor.org\/pt\/#website\"},\"primaryImageOfPage\":{\"@id\":\"https:\/\/exceladvisor.org\/pt\/cor-de-preenchimento\/#primaryimage\"},\"image\":{\"@id\":\"https:\/\/exceladvisor.org\/pt\/cor-de-preenchimento\/#primaryimage\"},\"thumbnailUrl\":\"https:\/\/exceladvisor.org\/wp-content\/uploads\/2023\/08\/1-raccourci-de-couleur-de-remplissage.png\",\"datePublished\":\"2023-11-15T21:59:40+00:00\",\"dateModified\":\"2023-12-06T11:41:48+00:00\",\"description\":\"Neste tutorial, voc\u00ea aprender\u00e1 como usar um atalho de teclado que pode ser usado no Excel para colorir uma c\u00e9lula e obter\",\"breadcrumb\":{\"@id\":\"https:\/\/exceladvisor.org\/pt\/cor-de-preenchimento\/#breadcrumb\"},\"inLanguage\":\"pt-PT\",\"potentialAction\":[{\"@type\":\"ReadAction\",\"target\":[\"https:\/\/exceladvisor.org\/pt\/cor-de-preenchimento\/\"]}]},{\"@type\":\"ImageObject\",\"inLanguage\":\"pt-PT\",\"@id\":\"https:\/\/exceladvisor.org\/pt\/cor-de-preenchimento\/#primaryimage\",\"url\":\"https:\/\/exceladvisor.org\/wp-content\/uploads\/2023\/08\/1-raccourci-de-couleur-de-remplissage.png\",\"contentUrl\":\"https:\/\/exceladvisor.org\/wp-content\/uploads\/2023\/08\/1-raccourci-de-couleur-de-remplissage.png\"},{\"@type\":\"BreadcrumbList\",\"@id\":\"https:\/\/exceladvisor.org\/pt\/cor-de-preenchimento\/#breadcrumb\",\"itemListElement\":[{\"@type\":\"ListItem\",\"position\":1,\"name\":\"Lar\",\"item\":\"https:\/\/exceladvisor.org\/pt\/\"},{\"@type\":\"ListItem\",\"position\":2,\"name\":\"Como preencher cores no excel?\"}]},{\"@type\":\"WebSite\",\"@id\":\"https:\/\/exceladvisor.org\/pt\/#website\",\"url\":\"https:\/\/exceladvisor.org\/pt\/\",\"name\":\"Excel Advisor\",\"description\":\"O seu guia definitivo para dominar os dados!\",\"publisher\":{\"@id\":\"https:\/\/exceladvisor.org\/pt\/#organization\"},\"potentialAction\":[{\"@type\":\"SearchAction\",\"target\":{\"@type\":\"EntryPoint\",\"urlTemplate\":\"https:\/\/exceladvisor.org\/pt\/?s={search_term_string}\"},\"query-input\":{\"@type\":\"PropertyValueSpecification\",\"valueRequired\":true,\"valueName\":\"search_term_string\"}}],\"inLanguage\":\"pt-PT\"},{\"@type\":\"Organization\",\"@id\":\"https:\/\/exceladvisor.org\/pt\/#organization\",\"name\":\"Excel Advisor\",\"url\":\"https:\/\/exceladvisor.org\/pt\/\",\"logo\":{\"@type\":\"ImageObject\",\"inLanguage\":\"pt-PT\",\"@id\":\"https:\/\/exceladvisor.org\/pt\/#\/schema\/logo\/image\/\",\"url\":\"https:\/\/exceladvisor.org\/pt\/wp-content\/uploads\/2023\/12\/exceladvisor.org_.png\",\"contentUrl\":\"https:\/\/exceladvisor.org\/pt\/wp-content\/uploads\/2023\/12\/exceladvisor.org_.png\",\"width\":105,\"height\":36,\"caption\":\"Excel Advisor\"},\"image\":{\"@id\":\"https:\/\/exceladvisor.org\/pt\/#\/schema\/logo\/image\/\"}}]}<\/script>\n<!-- \/ Yoast SEO plugin. -->","yoast_head_json":{"title":"\u25b7Como preencher cores no Excel? (atalho do Excel)","description":"Neste tutorial, voc\u00ea aprender\u00e1 como usar um atalho de teclado que pode ser usado no Excel para colorir uma c\u00e9lula e obter","robots":{"index":"index","follow":"follow","max-snippet":"max-snippet:-1","max-image-preview":"max-image-preview:large","max-video-preview":"max-video-preview:-1"},"canonical":"https:\/\/exceladvisor.org\/pt\/cor-de-preenchimento\/","og_locale":"pt_PT","og_type":"article","og_title":"\u25b7Como preencher cores no Excel? (atalho do Excel)","og_description":"Neste tutorial, voc\u00ea aprender\u00e1 como usar um atalho de teclado que pode ser usado no Excel para colorir uma c\u00e9lula e obter","og_url":"https:\/\/exceladvisor.org\/pt\/cor-de-preenchimento\/","og_site_name":"Excel Advisor","article_modified_time":"2023-12-06T11:41:48+00:00","og_image":[{"url":"https:\/\/exceladvisor.org\/wp-content\/uploads\/2023\/08\/1-raccourci-de-couleur-de-remplissage.png","type":"","width":"","height":""}],"twitter_card":"summary_large_image","twitter_misc":{"Tempo estimado de leitura":"2 minutos"},"schema":{"@context":"https:\/\/schema.org","@graph":[{"@type":"WebPage","@id":"https:\/\/exceladvisor.org\/pt\/cor-de-preenchimento\/","url":"https:\/\/exceladvisor.org\/pt\/cor-de-preenchimento\/","name":"\u25b7Como preencher cores no Excel? (atalho do Excel)","isPartOf":{"@id":"https:\/\/exceladvisor.org\/pt\/#website"},"primaryImageOfPage":{"@id":"https:\/\/exceladvisor.org\/pt\/cor-de-preenchimento\/#primaryimage"},"image":{"@id":"https:\/\/exceladvisor.org\/pt\/cor-de-preenchimento\/#primaryimage"},"thumbnailUrl":"https:\/\/exceladvisor.org\/wp-content\/uploads\/2023\/08\/1-raccourci-de-couleur-de-remplissage.png","datePublished":"2023-11-15T21:59:40+00:00","dateModified":"2023-12-06T11:41:48+00:00","description":"Neste tutorial, voc\u00ea aprender\u00e1 como usar um atalho de teclado que pode ser usado no Excel para colorir uma c\u00e9lula e obter","breadcrumb":{"@id":"https:\/\/exceladvisor.org\/pt\/cor-de-preenchimento\/#breadcrumb"},"inLanguage":"pt-PT","potentialAction":[{"@type":"ReadAction","target":["https:\/\/exceladvisor.org\/pt\/cor-de-preenchimento\/"]}]},{"@type":"ImageObject","inLanguage":"pt-PT","@id":"https:\/\/exceladvisor.org\/pt\/cor-de-preenchimento\/#primaryimage","url":"https:\/\/exceladvisor.org\/wp-content\/uploads\/2023\/08\/1-raccourci-de-couleur-de-remplissage.png","contentUrl":"https:\/\/exceladvisor.org\/wp-content\/uploads\/2023\/08\/1-raccourci-de-couleur-de-remplissage.png"},{"@type":"BreadcrumbList","@id":"https:\/\/exceladvisor.org\/pt\/cor-de-preenchimento\/#breadcrumb","itemListElement":[{"@type":"ListItem","position":1,"name":"Lar","item":"https:\/\/exceladvisor.org\/pt\/"},{"@type":"ListItem","position":2,"name":"Como preencher cores no excel?"}]},{"@type":"WebSite","@id":"https:\/\/exceladvisor.org\/pt\/#website","url":"https:\/\/exceladvisor.org\/pt\/","name":"Excel Advisor","description":"O seu guia definitivo para dominar os dados!","publisher":{"@id":"https:\/\/exceladvisor.org\/pt\/#organization"},"potentialAction":[{"@type":"SearchAction","target":{"@type":"EntryPoint","urlTemplate":"https:\/\/exceladvisor.org\/pt\/?s={search_term_string}"},"query-input":{"@type":"PropertyValueSpecification","valueRequired":true,"valueName":"search_term_string"}}],"inLanguage":"pt-PT"},{"@type":"Organization","@id":"https:\/\/exceladvisor.org\/pt\/#organization","name":"Excel Advisor","url":"https:\/\/exceladvisor.org\/pt\/","logo":{"@type":"ImageObject","inLanguage":"pt-PT","@id":"https:\/\/exceladvisor.org\/pt\/#\/schema\/logo\/image\/","url":"https:\/\/exceladvisor.org\/pt\/wp-content\/uploads\/2023\/12\/exceladvisor.org_.png","contentUrl":"https:\/\/exceladvisor.org\/pt\/wp-content\/uploads\/2023\/12\/exceladvisor.org_.png","width":105,"height":36,"caption":"Excel Advisor"},"image":{"@id":"https:\/\/exceladvisor.org\/pt\/#\/schema\/logo\/image\/"}}]}},"yoast_meta":{"yoast_wpseo_title":"","yoast_wpseo_metadesc":"","yoast_wpseo_canonical":""},"_links":{"self":[{"href":"https:\/\/exceladvisor.org\/pt\/wp-json\/wp\/v2\/pages\/119","targetHints":{"allow":["GET"]}}],"collection":[{"href":"https:\/\/exceladvisor.org\/pt\/wp-json\/wp\/v2\/pages"}],"about":[{"href":"https:\/\/exceladvisor.org\/pt\/wp-json\/wp\/v2\/types\/page"}],"author":[{"embeddable":true,"href":"https:\/\/exceladvisor.org\/pt\/wp-json\/wp\/v2\/users\/1"}],"replies":[{"embeddable":true,"href":"https:\/\/exceladvisor.org\/pt\/wp-json\/wp\/v2\/comments?post=119"}],"version-history":[{"count":1,"href":"https:\/\/exceladvisor.org\/pt\/wp-json\/wp\/v2\/pages\/119\/revisions"}],"predecessor-version":[{"id":1158,"href":"https:\/\/exceladvisor.org\/pt\/wp-json\/wp\/v2\/pages\/119\/revisions\/1158"}],"wp:attachment":[{"href":"https:\/\/exceladvisor.org\/pt\/wp-json\/wp\/v2\/media?parent=119"}],"curies":[{"name":"wp","href":"https:\/\/api.w.org\/{rel}","templated":true}]}}