{"id":12,"date":"2023-11-22T08:15:52","date_gmt":"2023-11-22T08:15:52","guid":{"rendered":"https:\/\/exceladvisor.org\/pt\/graficos-do-excel\/"},"modified":"2023-12-06T11:51:36","modified_gmt":"2023-12-06T11:51:36","slug":"graficos-do-excel","status":"publish","type":"page","link":"https:\/\/exceladvisor.org\/pt\/graficos-do-excel\/","title":{"rendered":"Tipos de gr\u00e1ficos no excel"},"content":{"rendered":"<div class=\"excel-before-content-2\" id=\"excel-709412193\"><script type=\"text\/javascript\">\r\n\tatOptions = {\r\n\t\t'key' : 'c1158f160081d6540a8409e6925dab94',\r\n\t\t'format' : 'iframe',\r\n\t\t'height' : 250,\r\n\t\t'width' : 300,\r\n\t\t'params' : {}\r\n\t};\r\n<\/script>\r\n<script type=\"text\/javascript\" src=\"\/\/www.highperformanceformat.com\/c1158f160081d6540a8409e6925dab94\/invoke.js\"><\/script><\/div><div class=\"excel-before-content\" id=\"excel-1846043233\"><script type=\"text\/javascript\">\r\n\tatOptions = {\r\n\t\t'key' : 'c1158f160081d6540a8409e6925dab94',\r\n\t\t'format' : 'iframe',\r\n\t\t'height' : 250,\r\n\t\t'width' : 300,\r\n\t\t'params' : {}\r\n\t};\r\n<\/script>\r\n<script type=\"text\/javascript\" src=\"\/\/www.highperformanceformat.com\/c1158f160081d6540a8409e6925dab94\/invoke.js\"><\/script><\/div> <p>O Microsoft Excel oferece uma variedade de tipos de gr\u00e1ficos que voc\u00ea pode usar para representar visualmente seus dados. Aqui est\u00e3o alguns dos tipos comuns de gr\u00e1ficos dispon\u00edveis no Excel:<\/p><h2> Tipo de gr\u00e1ficos do Excel <\/h2><p><img loading=\"lazy\" decoding=\"async\" class=\"alignnone size-full wp-image-13432\" src=\"https:\/\/exceladvisor.org\/wp-content\/uploads\/2023\/11\/Type-de-graphiques-Excel.jpg\" alt=\"Tipo de gr\u00e1ficos do Excel\" width=\"2050\" height=\"1177\" srcset=\"https:\/\/exceladvisor.org\/wp-content\/uploads\/2023\/11\/Type-de-graphiques-Excel.jpg 2050w, https:\/\/exceladvisor.org\/wp-content\/uploads\/2023\/11\/Type-de-graphiques-Excel-300x172.jpg 300w, https:\/\/exceladvisor.org\/wp-content\/uploads\/2023\/11\/Type-de-graphiques-Excel-1024x588.jpg 1024w, https:\/\/exceladvisor.org\/wp-content\/uploads\/2023\/11\/Type-de-graphiques-Excel-768x441.jpg 768w, https:\/\/exceladvisor.org\/wp-content\/uploads\/2023\/11\/Type-de-graphiques-Excel-1536x882.jpg 1536w, https:\/\/exceladvisor.org\/wp-content\/uploads\/2023\/11\/Type-de-graphiques-Excel-2048x1176.jpg 2048w\" sizes=\"auto, (max-width: 2050px) 100vw, 2050px\"><\/p><h3> Gr\u00e1fico de colunas:<\/h3><ul><li> Exibe dados em colunas verticais. Adequado para comparar valores de diferentes categorias.<\/li><\/ul><h3> Gr\u00e1fico de barras:<\/h3><ul><li> Semelhante a um histograma, mas exibe dados em barras horizontais.<\/li><li> \u00datil para comparar valores de diferentes categorias.<\/li><\/ul><h3> Gr\u00e1fico on-line:<\/h3><ul><li> Representa pontos de dados com linhas, \u00fateis para mostrar tend\u00eancias durante um per\u00edodo de tempo.<\/li><li> Normalmente usado para dados de s\u00e9rie temporal.<\/li><\/ul><h3> Diagrama circular:<\/h3><ul><li> Exibe dados como fatias de um gr\u00e1fico de pizza.<\/li><li> Adequado para mostrar a propor\u00e7\u00e3o das partes em rela\u00e7\u00e3o ao todo.<\/li><\/ul><h3> Mesa de rosquinha:<\/h3><ul><li> Semelhante a um gr\u00e1fico de pizza, mas com um furo no centro.<\/li><li> \u00datil para comparar propor\u00e7\u00f5es em v\u00e1rias s\u00e9ries de dados.<\/li><\/ul><h3> Gr\u00e1fico de \u00e1rea:<\/h3><ul><li> Semelhante a um gr\u00e1fico de linhas, mas preenche a \u00e1rea abaixo da linha.<\/li><li> \u00datil para exibir o total acumulado de uma quantidade ao longo do tempo.<\/li><\/ul><h3> Uma nuvem de pontos:<\/h3><ul><li> Exibe pontos de dados individuais em um gr\u00e1fico bidimensional.<\/li><li> \u00datil para mostrar rela\u00e7\u00f5es entre duas vari\u00e1veis.<\/li><\/ul><h3> Gr\u00e1fico de bolhas:<\/h3><ul><li> Semelhante a um gr\u00e1fico de dispers\u00e3o, mas inclui uma terceira dimens\u00e3o, representada pelo tamanho das bolhas.<\/li><li> \u00datil para visualizar tr\u00eas conjuntos de dados.<\/li><\/ul><h3> Mapa de radar:<\/h3><ul><li> Exibe pontos de dados em uma grade circular.<\/li><li> \u00datil para comparar v\u00e1rios conjuntos de dados em diferentes categorias.<\/li><\/ul><h3> Gr\u00e1fico de a\u00e7\u00f5es:<\/h3><ul><li> Especialmente projetado para exibir dados do mercado de a\u00e7\u00f5es, mostrando pre\u00e7os m\u00e1ximos, m\u00ednimos, de abertura e fechamento ao longo do tempo.<\/li><\/ul><h3> Gr\u00e1fico de \u00e1rea:<\/h3><ul><li> Representa dados em formato tridimensional, \u00fatil para visualizar relacionamentos entre tr\u00eas conjuntos de dados.<\/li><\/ul><h3> Gr\u00e1fico combinado:<\/h3><ul><li> Permite combinar diferentes tipos de gr\u00e1ficos no mesmo gr\u00e1fico.<\/li><\/ul><h3> Histograma:<\/h3><ul><li> Representa a distribui\u00e7\u00e3o de dados em um conjunto.<\/li><li> \u00datil para exibir a frequ\u00eancia dos dados em intervalos predefinidos.<\/li><\/ul><h3> Gr\u00e1fico de Gantt:<\/h3><ul><li> Exibe um cronograma do projeto, mostrando as tarefas e suas depend\u00eancias ao longo do tempo.<\/li><\/ul><h3> Gr\u00e1fico em cascata:<\/h3><ul><li> Ilustra como um valor inicial \u00e9 afetado por uma s\u00e9rie de valores intermedi\u00e1rios positivos ou negativos.<\/li><\/ul><p> Para criar um gr\u00e1fico no Excel, selecione seus dados, v\u00e1 at\u00e9 a aba \u201cInserir\u201d e escolha o tipo de gr\u00e1fico que melhor atende \u00e0s suas necessidades. O Excel ir\u00e1 ent\u00e3o gerar um gr\u00e1fico com base em seus dados.<\/p><h2> Guias ilustrativos de gr\u00e1ficos do Excel<\/h2><ul><li> <a style=\"outline: none;\" href=\"https:\/\/exceladvisor.org\/pt\/grafico-de-waffle\/\">Crie um GR\u00c1FICO WAFFLE no Excel<\/a><\/li><li> <a style=\"outline: none;\" href=\"https:\/\/exceladvisor.org\/pt\/copiar-formato-de-grafico\/\">Copiar formato de gr\u00e1fico<\/a><\/li><li> <a style=\"outline: none;\" href=\"https:\/\/exceladvisor.org\/pt\/grafico-de-funil\/\">Gr\u00e1fico de funil no Excel<\/a><\/li><li> <a style=\"outline: none;\" href=\"https:\/\/exceladvisor.org\/pt\/grafico-de-gantt\/\">Gr\u00e1fico de Gantt no Excel<\/a><\/li><li> <a style=\"outline: none;\" href=\"https:\/\/exceladvisor.org\/pt\/adicione-uma-linha-horizontal\/\">Linha horizontal em um gr\u00e1fico no Excel<\/a><\/li><li> <a style=\"outline: none;\" href=\"https:\/\/exceladvisor.org\/pt\/adicione-uma-linha-vertical\/\">Linha vertical em um gr\u00e1fico no Excel<\/a><\/li><li> <a style=\"outline: none;\" href=\"https:\/\/exceladvisor.org\/pt\/quadro-de-marcadores\/\">Gr\u00e1fico com marcadores no Excel<\/a><\/li><li> <a style=\"outline: none;\" href=\"https:\/\/exceladvisor.org\/pt\/faixa-de-grafico-dinamico\/\">Intervalo de gr\u00e1fico din\u00e2mico no Excel<\/a><\/li><li> <a style=\"outline: none;\" href=\"https:\/\/exceladvisor.org\/pt\/titulo-do-grafico-dinamico\/\">T\u00edtulo do gr\u00e1fico din\u00e2mico no Excel<\/a><\/li><li> <a style=\"outline: none;\" href=\"https:\/\/exceladvisor.org\/pt\/mapa-de-calor\/\">Mapa de calor no Excel<\/a><\/li><li> <a style=\"outline: none;\" href=\"https:\/\/exceladvisor.org\/pt\/grafico-de-marcos\/\">Tabela de etapas no Excel<\/a><\/li><li> <a style=\"outline: none;\" href=\"https:\/\/exceladvisor.org\/pt\/diagrama-de-piramide\/\">Gr\u00e1fico de pir\u00e2mide populacional no Excel<\/a><\/li><li> <a style=\"outline: none;\" href=\"https:\/\/exceladvisor.org\/pt\/tabela-de-passos\/\">Tabela de etapas no Excel<\/a><\/li><\/ul><ul><li> <a style=\"outline: none;\" href=\"https:\/\/exceladvisor.org\/pt\/grafico-de-tornado\/\">Gr\u00e1fico de tornado no Excel<\/a><\/li><li> <a style=\"outline: none;\" href=\"https:\/\/exceladvisor.org\/pt\/graficos-interativos\/\">Gr\u00e1ficos interativos no Excel<\/a><\/li><li> <a style=\"outline: none;\" href=\"https:\/\/exceladvisor.org\/pt\/grafico-de-pessoas\/\">Gr\u00e1fico de pessoas no Excel<\/a><\/li><li> <a style=\"outline: none;\" href=\"https:\/\/exceladvisor.org\/pt\/graficos-avancados\/\">Gr\u00e1ficos avan\u00e7ados do Excel<\/a><\/li><li> <a style=\"outline: none;\" href=\"https:\/\/exceladvisor.org\/pt\/eixo-secundario\/\" data-wpil=\"url\">Adicione um eixo secund\u00e1rio a um gr\u00e1fico no Excel<\/a><\/li><li> <a style=\"outline: none;\" href=\"https:\/\/exceladvisor.org\/pt\/histograma\/\">Histograma no Excel<\/a><\/li><li> <a style=\"outline: none;\" href=\"https:\/\/exceladvisor.org\/pt\/pictograma\/\">Pictograma no Excel<\/a><\/li><li> <a style=\"outline: none;\" href=\"https:\/\/exceladvisor.org\/pt\/velocimetro\/\" data-wpil=\"url\">Gr\u00e1fico VELOC\u00cdMETRO no Excel<\/a><\/li><li> <a style=\"outline: none;\" href=\"https:\/\/exceladvisor.org\/pt\/mesa-de-termometro\/\">Tabela de term\u00f4metro no Excel<\/a><\/li><li> <a href=\"https:\/\/exceladvisor.org\/pt\/tabela-dinamica-2\/\">Tabela din\u00e2mica no Excel<\/a><\/li><\/ul>","protected":false},"excerpt":{"rendered":"","protected":false},"author":1,"featured_media":0,"parent":0,"menu_order":0,"comment_status":"open","ping_status":"closed","template":"","meta":{"ub_ctt_via":"","footnotes":""},"class_list":["post-12","page","type-page","status-publish","hentry"],"featured_image_src":null,"yoast_head":"<!-- This site is optimized with the Yoast SEO plugin v25.4 - https:\/\/yoast.com\/wordpress\/plugins\/seo\/ -->\n<title>\u25b7 Tipos de gr\u00e1ficos no Excel (Guia Completo 2023)<\/title>\n<meta name=\"description\" content=\"O Microsoft Excel oferece uma variedade de tipos de gr\u00e1ficos que voc\u00ea pode usar para representar visualmente seus dados.\" \/>\n<meta name=\"robots\" content=\"index, follow, max-snippet:-1, max-image-preview:large, max-video-preview:-1\" \/>\n<link rel=\"canonical\" href=\"https:\/\/exceladvisor.org\/pt\/graficos-do-excel\/\" \/>\n<meta property=\"og:locale\" content=\"pt_PT\" \/>\n<meta property=\"og:type\" content=\"article\" \/>\n<meta property=\"og:title\" content=\"\u25b7 Tipos de gr\u00e1ficos no Excel (Guia Completo 2023)\" \/>\n<meta property=\"og:description\" content=\"O Microsoft Excel oferece uma variedade de tipos de gr\u00e1ficos que voc\u00ea pode usar para representar visualmente seus dados.\" \/>\n<meta property=\"og:url\" content=\"https:\/\/exceladvisor.org\/pt\/graficos-do-excel\/\" \/>\n<meta property=\"og:site_name\" content=\"Excel Advisor\" \/>\n<meta property=\"article:modified_time\" content=\"2023-12-06T11:51:36+00:00\" \/>\n<meta property=\"og:image\" content=\"https:\/\/exceladvisor.org\/wp-content\/uploads\/2023\/11\/Type-de-graphiques-Excel.jpg\" \/>\n<meta name=\"twitter:card\" content=\"summary_large_image\" \/>\n<meta name=\"twitter:label1\" content=\"Tempo estimado de leitura\" \/>\n\t<meta name=\"twitter:data1\" content=\"3 minutos\" \/>\n<script type=\"application\/ld+json\" class=\"yoast-schema-graph\">{\"@context\":\"https:\/\/schema.org\",\"@graph\":[{\"@type\":\"WebPage\",\"@id\":\"https:\/\/exceladvisor.org\/pt\/graficos-do-excel\/\",\"url\":\"https:\/\/exceladvisor.org\/pt\/graficos-do-excel\/\",\"name\":\"\u25b7 Tipos de gr\u00e1ficos no Excel (Guia Completo 2023)\",\"isPartOf\":{\"@id\":\"https:\/\/exceladvisor.org\/pt\/#website\"},\"primaryImageOfPage\":{\"@id\":\"https:\/\/exceladvisor.org\/pt\/graficos-do-excel\/#primaryimage\"},\"image\":{\"@id\":\"https:\/\/exceladvisor.org\/pt\/graficos-do-excel\/#primaryimage\"},\"thumbnailUrl\":\"https:\/\/exceladvisor.org\/wp-content\/uploads\/2023\/11\/Type-de-graphiques-Excel.jpg\",\"datePublished\":\"2023-11-22T08:15:52+00:00\",\"dateModified\":\"2023-12-06T11:51:36+00:00\",\"description\":\"O Microsoft Excel oferece uma variedade de tipos de gr\u00e1ficos que voc\u00ea pode usar para representar visualmente seus dados.\",\"breadcrumb\":{\"@id\":\"https:\/\/exceladvisor.org\/pt\/graficos-do-excel\/#breadcrumb\"},\"inLanguage\":\"pt-PT\",\"potentialAction\":[{\"@type\":\"ReadAction\",\"target\":[\"https:\/\/exceladvisor.org\/pt\/graficos-do-excel\/\"]}]},{\"@type\":\"ImageObject\",\"inLanguage\":\"pt-PT\",\"@id\":\"https:\/\/exceladvisor.org\/pt\/graficos-do-excel\/#primaryimage\",\"url\":\"https:\/\/exceladvisor.org\/wp-content\/uploads\/2023\/11\/Type-de-graphiques-Excel.jpg\",\"contentUrl\":\"https:\/\/exceladvisor.org\/wp-content\/uploads\/2023\/11\/Type-de-graphiques-Excel.jpg\"},{\"@type\":\"BreadcrumbList\",\"@id\":\"https:\/\/exceladvisor.org\/pt\/graficos-do-excel\/#breadcrumb\",\"itemListElement\":[{\"@type\":\"ListItem\",\"position\":1,\"name\":\"Lar\",\"item\":\"https:\/\/exceladvisor.org\/pt\/\"},{\"@type\":\"ListItem\",\"position\":2,\"name\":\"Tipos de gr\u00e1ficos no excel\"}]},{\"@type\":\"WebSite\",\"@id\":\"https:\/\/exceladvisor.org\/pt\/#website\",\"url\":\"https:\/\/exceladvisor.org\/pt\/\",\"name\":\"Excel Advisor\",\"description\":\"O seu guia definitivo para dominar os dados!\",\"publisher\":{\"@id\":\"https:\/\/exceladvisor.org\/pt\/#organization\"},\"potentialAction\":[{\"@type\":\"SearchAction\",\"target\":{\"@type\":\"EntryPoint\",\"urlTemplate\":\"https:\/\/exceladvisor.org\/pt\/?s={search_term_string}\"},\"query-input\":{\"@type\":\"PropertyValueSpecification\",\"valueRequired\":true,\"valueName\":\"search_term_string\"}}],\"inLanguage\":\"pt-PT\"},{\"@type\":\"Organization\",\"@id\":\"https:\/\/exceladvisor.org\/pt\/#organization\",\"name\":\"Excel Advisor\",\"url\":\"https:\/\/exceladvisor.org\/pt\/\",\"logo\":{\"@type\":\"ImageObject\",\"inLanguage\":\"pt-PT\",\"@id\":\"https:\/\/exceladvisor.org\/pt\/#\/schema\/logo\/image\/\",\"url\":\"https:\/\/exceladvisor.org\/pt\/wp-content\/uploads\/2023\/12\/exceladvisor.org_.png\",\"contentUrl\":\"https:\/\/exceladvisor.org\/pt\/wp-content\/uploads\/2023\/12\/exceladvisor.org_.png\",\"width\":105,\"height\":36,\"caption\":\"Excel Advisor\"},\"image\":{\"@id\":\"https:\/\/exceladvisor.org\/pt\/#\/schema\/logo\/image\/\"}}]}<\/script>\n<!-- \/ Yoast SEO plugin. -->","yoast_head_json":{"title":"\u25b7 Tipos de gr\u00e1ficos no Excel (Guia Completo 2023)","description":"O Microsoft Excel oferece uma variedade de tipos de gr\u00e1ficos que voc\u00ea pode usar para representar visualmente seus dados.","robots":{"index":"index","follow":"follow","max-snippet":"max-snippet:-1","max-image-preview":"max-image-preview:large","max-video-preview":"max-video-preview:-1"},"canonical":"https:\/\/exceladvisor.org\/pt\/graficos-do-excel\/","og_locale":"pt_PT","og_type":"article","og_title":"\u25b7 Tipos de gr\u00e1ficos no Excel (Guia Completo 2023)","og_description":"O Microsoft Excel oferece uma variedade de tipos de gr\u00e1ficos que voc\u00ea pode usar para representar visualmente seus dados.","og_url":"https:\/\/exceladvisor.org\/pt\/graficos-do-excel\/","og_site_name":"Excel Advisor","article_modified_time":"2023-12-06T11:51:36+00:00","og_image":[{"url":"https:\/\/exceladvisor.org\/wp-content\/uploads\/2023\/11\/Type-de-graphiques-Excel.jpg","type":"","width":"","height":""}],"twitter_card":"summary_large_image","twitter_misc":{"Tempo estimado de leitura":"3 minutos"},"schema":{"@context":"https:\/\/schema.org","@graph":[{"@type":"WebPage","@id":"https:\/\/exceladvisor.org\/pt\/graficos-do-excel\/","url":"https:\/\/exceladvisor.org\/pt\/graficos-do-excel\/","name":"\u25b7 Tipos de gr\u00e1ficos no Excel (Guia Completo 2023)","isPartOf":{"@id":"https:\/\/exceladvisor.org\/pt\/#website"},"primaryImageOfPage":{"@id":"https:\/\/exceladvisor.org\/pt\/graficos-do-excel\/#primaryimage"},"image":{"@id":"https:\/\/exceladvisor.org\/pt\/graficos-do-excel\/#primaryimage"},"thumbnailUrl":"https:\/\/exceladvisor.org\/wp-content\/uploads\/2023\/11\/Type-de-graphiques-Excel.jpg","datePublished":"2023-11-22T08:15:52+00:00","dateModified":"2023-12-06T11:51:36+00:00","description":"O Microsoft Excel oferece uma variedade de tipos de gr\u00e1ficos que voc\u00ea pode usar para representar visualmente seus dados.","breadcrumb":{"@id":"https:\/\/exceladvisor.org\/pt\/graficos-do-excel\/#breadcrumb"},"inLanguage":"pt-PT","potentialAction":[{"@type":"ReadAction","target":["https:\/\/exceladvisor.org\/pt\/graficos-do-excel\/"]}]},{"@type":"ImageObject","inLanguage":"pt-PT","@id":"https:\/\/exceladvisor.org\/pt\/graficos-do-excel\/#primaryimage","url":"https:\/\/exceladvisor.org\/wp-content\/uploads\/2023\/11\/Type-de-graphiques-Excel.jpg","contentUrl":"https:\/\/exceladvisor.org\/wp-content\/uploads\/2023\/11\/Type-de-graphiques-Excel.jpg"},{"@type":"BreadcrumbList","@id":"https:\/\/exceladvisor.org\/pt\/graficos-do-excel\/#breadcrumb","itemListElement":[{"@type":"ListItem","position":1,"name":"Lar","item":"https:\/\/exceladvisor.org\/pt\/"},{"@type":"ListItem","position":2,"name":"Tipos de gr\u00e1ficos no excel"}]},{"@type":"WebSite","@id":"https:\/\/exceladvisor.org\/pt\/#website","url":"https:\/\/exceladvisor.org\/pt\/","name":"Excel Advisor","description":"O seu guia definitivo para dominar os dados!","publisher":{"@id":"https:\/\/exceladvisor.org\/pt\/#organization"},"potentialAction":[{"@type":"SearchAction","target":{"@type":"EntryPoint","urlTemplate":"https:\/\/exceladvisor.org\/pt\/?s={search_term_string}"},"query-input":{"@type":"PropertyValueSpecification","valueRequired":true,"valueName":"search_term_string"}}],"inLanguage":"pt-PT"},{"@type":"Organization","@id":"https:\/\/exceladvisor.org\/pt\/#organization","name":"Excel Advisor","url":"https:\/\/exceladvisor.org\/pt\/","logo":{"@type":"ImageObject","inLanguage":"pt-PT","@id":"https:\/\/exceladvisor.org\/pt\/#\/schema\/logo\/image\/","url":"https:\/\/exceladvisor.org\/pt\/wp-content\/uploads\/2023\/12\/exceladvisor.org_.png","contentUrl":"https:\/\/exceladvisor.org\/pt\/wp-content\/uploads\/2023\/12\/exceladvisor.org_.png","width":105,"height":36,"caption":"Excel Advisor"},"image":{"@id":"https:\/\/exceladvisor.org\/pt\/#\/schema\/logo\/image\/"}}]}},"yoast_meta":{"yoast_wpseo_title":"","yoast_wpseo_metadesc":"","yoast_wpseo_canonical":""},"_links":{"self":[{"href":"https:\/\/exceladvisor.org\/pt\/wp-json\/wp\/v2\/pages\/12","targetHints":{"allow":["GET"]}}],"collection":[{"href":"https:\/\/exceladvisor.org\/pt\/wp-json\/wp\/v2\/pages"}],"about":[{"href":"https:\/\/exceladvisor.org\/pt\/wp-json\/wp\/v2\/types\/page"}],"author":[{"embeddable":true,"href":"https:\/\/exceladvisor.org\/pt\/wp-json\/wp\/v2\/users\/1"}],"replies":[{"embeddable":true,"href":"https:\/\/exceladvisor.org\/pt\/wp-json\/wp\/v2\/comments?post=12"}],"version-history":[{"count":1,"href":"https:\/\/exceladvisor.org\/pt\/wp-json\/wp\/v2\/pages\/12\/revisions"}],"predecessor-version":[{"id":1488,"href":"https:\/\/exceladvisor.org\/pt\/wp-json\/wp\/v2\/pages\/12\/revisions\/1488"}],"wp:attachment":[{"href":"https:\/\/exceladvisor.org\/pt\/wp-json\/wp\/v2\/media?parent=12"}],"curies":[{"name":"wp","href":"https:\/\/api.w.org\/{rel}","templated":true}]}}