{"id":120,"date":"2023-11-15T21:48:44","date_gmt":"2023-11-15T21:48:44","guid":{"rendered":"https:\/\/exceladvisor.org\/pt\/excluir-celula\/"},"modified":"2023-12-06T11:42:01","modified_gmt":"2023-12-06T11:42:01","slug":"excluir-celula","status":"publish","type":"page","link":"https:\/\/exceladvisor.org\/pt\/excluir-celula\/","title":{"rendered":"Como remover um atalho do excel de uma c\u00e9lula?"},"content":{"rendered":"<div class=\"excel-before-content-2\" id=\"excel-2487120777\"><script type=\"text\/javascript\">\r\n\tatOptions = {\r\n\t\t'key' : 'c1158f160081d6540a8409e6925dab94',\r\n\t\t'format' : 'iframe',\r\n\t\t'height' : 250,\r\n\t\t'width' : 300,\r\n\t\t'params' : {}\r\n\t};\r\n<\/script>\r\n<script type=\"text\/javascript\" src=\"\/\/www.highperformanceformat.com\/c1158f160081d6540a8409e6925dab94\/invoke.js\"><\/script><\/div><div class=\"excel-before-content\" id=\"excel-3856267769\"><script type=\"text\/javascript\">\r\n\tatOptions = {\r\n\t\t'key' : 'c1158f160081d6540a8409e6925dab94',\r\n\t\t'format' : 'iframe',\r\n\t\t'height' : 250,\r\n\t\t'width' : 300,\r\n\t\t'params' : {}\r\n\t};\r\n<\/script>\r\n<script type=\"text\/javascript\" src=\"\/\/www.highperformanceformat.com\/c1158f160081d6540a8409e6925dab94\/invoke.js\"><\/script><\/div> <p>Como o nome sugere, excluir c\u00e9lula refere-se \u00e0 exclus\u00e3o da c\u00e9lula.<\/p><p> O Excel tamb\u00e9m tem a op\u00e7\u00e3o de excluir uma c\u00e9lula ou intervalo de c\u00e9lulas espec\u00edfico em vez de excluir a linha ou coluna inteira.<\/p><p> Assim, sempre que o usu\u00e1rio quiser remover ou excluir uma c\u00e9lula da planilha, ele poder\u00e1 excluir aquela c\u00e9lula espec\u00edfica e ajustar os dados.<\/p><h2 class=\"wp-block-heading\"> Atalho de teclado para excluir uma c\u00e9lula no Excel<\/h2><p> O atalho de teclado para excluir a c\u00e9lula ou intervalo de c\u00e9lulas espec\u00edfico \u00e9 mencionado abaixo:<\/p><p> <kbd>Ctrl<\/kbd> + <kbd>-<\/kbd> <\/p><div class=\"wp-block-image\"><figure class=\"aligncenter size-full is-resized\"><img loading=\"lazy\" decoding=\"async\" class=\"wp-image-72783\" src=\"https:\/\/exceladvisor.org\/wp-content\/uploads\/2023\/08\/1-supprimer-le-raccourci-de-cellule.png\" sizes=\"auto, \" srcset=\"\" alt=\"atalho-excluir-c\u00e9lula\" width=\"748\" height=\"293\"><\/figure><\/div><h2 class=\"wp-block-heading\"> Etapas para excluir uma c\u00e9lula usando um atalho de teclado<\/h2><ol><li> Primeiro, selecione a(s) c\u00e9lula(s) que deseja remover ou remover da planilha.<\/li><li> Depois disso, basta pressionar as teclas <kbd>Ctrl<\/kbd> + <kbd>-<\/kbd> juntas e a caixa de di\u00e1logo \u201cExcluir\u201d ser\u00e1 aberta.<\/li><li> Agora escolha a op\u00e7\u00e3o para onde deseja mover o restante das c\u00e9lulas para substituir a c\u00e9lula selecionada para caber nos dados da planilha.<\/li><li> Uma vez selecionado, pressione Enter e a c\u00e9lula selecionada ser\u00e1 exclu\u00edda e os dados ser\u00e3o ajustados. <\/li><\/ol><div class=\"wp-block-image\"><figure class=\"aligncenter size-full\"><img loading=\"lazy\" decoding=\"async\" class=\"wp-image-72784\" src=\"https:\/\/exceladvisor.org\/wp-content\/uploads\/2023\/08\/2-supprimer-la-boite-de-dialogue.png\" sizes=\"auto, \" srcset=\"\" alt=\"caixa de di\u00e1logo excluir\" width=\"216\" height=\"228\"><\/figure><\/div><p class=\"qt-tip\"> Nota: Se voc\u00ea tiver seus dados no formato de intervalo de tabela e selecionar uma c\u00e9lula espec\u00edfica e pressionar <kbd>Ctrl<\/kbd> + <kbd>-<\/kbd> , a linha inteira ser\u00e1 exclu\u00edda e n\u00e3o apenas aquela c\u00e9lula espec\u00edfica. <\/p><div class=\"wp-block-group more-tutorials is-layout-flow\"><div class=\"wp-block-group__inner-container\"><h2 class=\"wp-block-heading\"> Mais tutoriais <\/h2><div class=\"wp-block-columns is-layout-flex wp-container-139\"><div class=\"wp-block-column is-layout-flow\"><ul><li> <a href=\"https:\/\/exceladvisor.org\/pt\/adicione-a-coluna-1\/\">Adicionar uma coluna<\/a><\/li><li> <a href=\"https:\/\/exceladvisor.org\/pt\/excluir-linha\/\">Excluir linhas<\/a><\/li><li> <a href=\"https:\/\/exceladvisor.org\/pt\/editar-celula\/\">Editar c\u00e9lula<\/a><\/li><li> <a href=\"https:\/\/exceladvisor.org\/pt\/mostrar-colunas\/\">Mostrar colunas<\/a><\/li><\/ul><\/div><div class=\"wp-block-column is-layout-flow\"><ul><li> <a href=\"https:\/\/exceladvisor.org\/pt\/insira-uma-celula\/\">Inserir uma c\u00e9lula<\/a><\/li><li> <a href=\"https:\/\/exceladvisor.org\/pt\/insira-uma-linha\/\">Inserir \u2013 Adicionar linhas<\/a><\/li><li> <a href=\"https:\/\/exceladvisor.org\/pt\/mesclar-celulas-dissociadas-1\/\">Mesclar e desfazer mesclagem de c\u00e9lulas<\/a><\/li><\/ul><\/div><\/div><p> \u21e0 Retornar aos <a href=\"https:\/\/exceladvisor.org\/pt\/atalhos-do-teclado\/\">atalhos do Excel (folha de dicas em PDF)<\/a><\/p><\/div><\/div>","protected":false},"excerpt":{"rendered":"","protected":false},"author":1,"featured_media":0,"parent":0,"menu_order":0,"comment_status":"open","ping_status":"closed","template":"","meta":{"ub_ctt_via":"","footnotes":""},"class_list":["post-120","page","type-page","status-publish","hentry"],"featured_image_src":null,"yoast_head":"<!-- This site is optimized with the Yoast SEO plugin v25.4 - https:\/\/yoast.com\/wordpress\/plugins\/seo\/ -->\n<title>Como deletar uma c\u00e9lula no Excel? (atalho do Excel)<\/title>\n<meta name=\"description\" content=\"Neste tutorial, voc\u00ea aprender\u00e1 como usar um atalho de teclado que pode ser usado no Excel para excluir uma c\u00e9lula e obter\" \/>\n<meta name=\"robots\" content=\"index, follow, max-snippet:-1, max-image-preview:large, max-video-preview:-1\" \/>\n<link rel=\"canonical\" href=\"https:\/\/exceladvisor.org\/pt\/excluir-celula\/\" \/>\n<meta property=\"og:locale\" content=\"pt_PT\" \/>\n<meta property=\"og:type\" content=\"article\" \/>\n<meta property=\"og:title\" content=\"Como deletar uma c\u00e9lula no Excel? (atalho do Excel)\" \/>\n<meta property=\"og:description\" content=\"Neste tutorial, voc\u00ea aprender\u00e1 como usar um atalho de teclado que pode ser usado no Excel para excluir uma c\u00e9lula e obter\" \/>\n<meta property=\"og:url\" content=\"https:\/\/exceladvisor.org\/pt\/excluir-celula\/\" \/>\n<meta property=\"og:site_name\" content=\"Excel Advisor\" \/>\n<meta property=\"article:modified_time\" content=\"2023-12-06T11:42:01+00:00\" \/>\n<meta property=\"og:image\" content=\"https:\/\/exceladvisor.org\/wp-content\/uploads\/2023\/08\/1-supprimer-le-raccourci-de-cellule.png\" \/>\n<meta name=\"twitter:card\" content=\"summary_large_image\" \/>\n<meta name=\"twitter:label1\" content=\"Tempo estimado de leitura\" \/>\n\t<meta name=\"twitter:data1\" content=\"1 minuto\" \/>\n<script type=\"application\/ld+json\" class=\"yoast-schema-graph\">{\"@context\":\"https:\/\/schema.org\",\"@graph\":[{\"@type\":\"WebPage\",\"@id\":\"https:\/\/exceladvisor.org\/pt\/excluir-celula\/\",\"url\":\"https:\/\/exceladvisor.org\/pt\/excluir-celula\/\",\"name\":\"Como deletar uma c\u00e9lula no Excel? (atalho do Excel)\",\"isPartOf\":{\"@id\":\"https:\/\/exceladvisor.org\/pt\/#website\"},\"primaryImageOfPage\":{\"@id\":\"https:\/\/exceladvisor.org\/pt\/excluir-celula\/#primaryimage\"},\"image\":{\"@id\":\"https:\/\/exceladvisor.org\/pt\/excluir-celula\/#primaryimage\"},\"thumbnailUrl\":\"https:\/\/exceladvisor.org\/wp-content\/uploads\/2023\/08\/1-supprimer-le-raccourci-de-cellule.png\",\"datePublished\":\"2023-11-15T21:48:44+00:00\",\"dateModified\":\"2023-12-06T11:42:01+00:00\",\"description\":\"Neste tutorial, voc\u00ea aprender\u00e1 como usar um atalho de teclado que pode ser usado no Excel para excluir uma c\u00e9lula e obter\",\"breadcrumb\":{\"@id\":\"https:\/\/exceladvisor.org\/pt\/excluir-celula\/#breadcrumb\"},\"inLanguage\":\"pt-PT\",\"potentialAction\":[{\"@type\":\"ReadAction\",\"target\":[\"https:\/\/exceladvisor.org\/pt\/excluir-celula\/\"]}]},{\"@type\":\"ImageObject\",\"inLanguage\":\"pt-PT\",\"@id\":\"https:\/\/exceladvisor.org\/pt\/excluir-celula\/#primaryimage\",\"url\":\"https:\/\/exceladvisor.org\/wp-content\/uploads\/2023\/08\/1-supprimer-le-raccourci-de-cellule.png\",\"contentUrl\":\"https:\/\/exceladvisor.org\/wp-content\/uploads\/2023\/08\/1-supprimer-le-raccourci-de-cellule.png\"},{\"@type\":\"BreadcrumbList\",\"@id\":\"https:\/\/exceladvisor.org\/pt\/excluir-celula\/#breadcrumb\",\"itemListElement\":[{\"@type\":\"ListItem\",\"position\":1,\"name\":\"Lar\",\"item\":\"https:\/\/exceladvisor.org\/pt\/\"},{\"@type\":\"ListItem\",\"position\":2,\"name\":\"Como remover um atalho do excel de uma c\u00e9lula?\"}]},{\"@type\":\"WebSite\",\"@id\":\"https:\/\/exceladvisor.org\/pt\/#website\",\"url\":\"https:\/\/exceladvisor.org\/pt\/\",\"name\":\"Excel Advisor\",\"description\":\"O seu guia definitivo para dominar os dados!\",\"publisher\":{\"@id\":\"https:\/\/exceladvisor.org\/pt\/#organization\"},\"potentialAction\":[{\"@type\":\"SearchAction\",\"target\":{\"@type\":\"EntryPoint\",\"urlTemplate\":\"https:\/\/exceladvisor.org\/pt\/?s={search_term_string}\"},\"query-input\":{\"@type\":\"PropertyValueSpecification\",\"valueRequired\":true,\"valueName\":\"search_term_string\"}}],\"inLanguage\":\"pt-PT\"},{\"@type\":\"Organization\",\"@id\":\"https:\/\/exceladvisor.org\/pt\/#organization\",\"name\":\"Excel Advisor\",\"url\":\"https:\/\/exceladvisor.org\/pt\/\",\"logo\":{\"@type\":\"ImageObject\",\"inLanguage\":\"pt-PT\",\"@id\":\"https:\/\/exceladvisor.org\/pt\/#\/schema\/logo\/image\/\",\"url\":\"https:\/\/exceladvisor.org\/pt\/wp-content\/uploads\/2023\/12\/exceladvisor.org_.png\",\"contentUrl\":\"https:\/\/exceladvisor.org\/pt\/wp-content\/uploads\/2023\/12\/exceladvisor.org_.png\",\"width\":105,\"height\":36,\"caption\":\"Excel Advisor\"},\"image\":{\"@id\":\"https:\/\/exceladvisor.org\/pt\/#\/schema\/logo\/image\/\"}}]}<\/script>\n<!-- \/ Yoast SEO plugin. -->","yoast_head_json":{"title":"Como deletar uma c\u00e9lula no Excel? (atalho do Excel)","description":"Neste tutorial, voc\u00ea aprender\u00e1 como usar um atalho de teclado que pode ser usado no Excel para excluir uma c\u00e9lula e obter","robots":{"index":"index","follow":"follow","max-snippet":"max-snippet:-1","max-image-preview":"max-image-preview:large","max-video-preview":"max-video-preview:-1"},"canonical":"https:\/\/exceladvisor.org\/pt\/excluir-celula\/","og_locale":"pt_PT","og_type":"article","og_title":"Como deletar uma c\u00e9lula no Excel? (atalho do Excel)","og_description":"Neste tutorial, voc\u00ea aprender\u00e1 como usar um atalho de teclado que pode ser usado no Excel para excluir uma c\u00e9lula e obter","og_url":"https:\/\/exceladvisor.org\/pt\/excluir-celula\/","og_site_name":"Excel Advisor","article_modified_time":"2023-12-06T11:42:01+00:00","og_image":[{"url":"https:\/\/exceladvisor.org\/wp-content\/uploads\/2023\/08\/1-supprimer-le-raccourci-de-cellule.png","type":"","width":"","height":""}],"twitter_card":"summary_large_image","twitter_misc":{"Tempo estimado de leitura":"1 minuto"},"schema":{"@context":"https:\/\/schema.org","@graph":[{"@type":"WebPage","@id":"https:\/\/exceladvisor.org\/pt\/excluir-celula\/","url":"https:\/\/exceladvisor.org\/pt\/excluir-celula\/","name":"Como deletar uma c\u00e9lula no Excel? (atalho do Excel)","isPartOf":{"@id":"https:\/\/exceladvisor.org\/pt\/#website"},"primaryImageOfPage":{"@id":"https:\/\/exceladvisor.org\/pt\/excluir-celula\/#primaryimage"},"image":{"@id":"https:\/\/exceladvisor.org\/pt\/excluir-celula\/#primaryimage"},"thumbnailUrl":"https:\/\/exceladvisor.org\/wp-content\/uploads\/2023\/08\/1-supprimer-le-raccourci-de-cellule.png","datePublished":"2023-11-15T21:48:44+00:00","dateModified":"2023-12-06T11:42:01+00:00","description":"Neste tutorial, voc\u00ea aprender\u00e1 como usar um atalho de teclado que pode ser usado no Excel para excluir uma c\u00e9lula e obter","breadcrumb":{"@id":"https:\/\/exceladvisor.org\/pt\/excluir-celula\/#breadcrumb"},"inLanguage":"pt-PT","potentialAction":[{"@type":"ReadAction","target":["https:\/\/exceladvisor.org\/pt\/excluir-celula\/"]}]},{"@type":"ImageObject","inLanguage":"pt-PT","@id":"https:\/\/exceladvisor.org\/pt\/excluir-celula\/#primaryimage","url":"https:\/\/exceladvisor.org\/wp-content\/uploads\/2023\/08\/1-supprimer-le-raccourci-de-cellule.png","contentUrl":"https:\/\/exceladvisor.org\/wp-content\/uploads\/2023\/08\/1-supprimer-le-raccourci-de-cellule.png"},{"@type":"BreadcrumbList","@id":"https:\/\/exceladvisor.org\/pt\/excluir-celula\/#breadcrumb","itemListElement":[{"@type":"ListItem","position":1,"name":"Lar","item":"https:\/\/exceladvisor.org\/pt\/"},{"@type":"ListItem","position":2,"name":"Como remover um atalho do excel de uma c\u00e9lula?"}]},{"@type":"WebSite","@id":"https:\/\/exceladvisor.org\/pt\/#website","url":"https:\/\/exceladvisor.org\/pt\/","name":"Excel Advisor","description":"O seu guia definitivo para dominar os dados!","publisher":{"@id":"https:\/\/exceladvisor.org\/pt\/#organization"},"potentialAction":[{"@type":"SearchAction","target":{"@type":"EntryPoint","urlTemplate":"https:\/\/exceladvisor.org\/pt\/?s={search_term_string}"},"query-input":{"@type":"PropertyValueSpecification","valueRequired":true,"valueName":"search_term_string"}}],"inLanguage":"pt-PT"},{"@type":"Organization","@id":"https:\/\/exceladvisor.org\/pt\/#organization","name":"Excel Advisor","url":"https:\/\/exceladvisor.org\/pt\/","logo":{"@type":"ImageObject","inLanguage":"pt-PT","@id":"https:\/\/exceladvisor.org\/pt\/#\/schema\/logo\/image\/","url":"https:\/\/exceladvisor.org\/pt\/wp-content\/uploads\/2023\/12\/exceladvisor.org_.png","contentUrl":"https:\/\/exceladvisor.org\/pt\/wp-content\/uploads\/2023\/12\/exceladvisor.org_.png","width":105,"height":36,"caption":"Excel Advisor"},"image":{"@id":"https:\/\/exceladvisor.org\/pt\/#\/schema\/logo\/image\/"}}]}},"yoast_meta":{"yoast_wpseo_title":"","yoast_wpseo_metadesc":"","yoast_wpseo_canonical":""},"_links":{"self":[{"href":"https:\/\/exceladvisor.org\/pt\/wp-json\/wp\/v2\/pages\/120","targetHints":{"allow":["GET"]}}],"collection":[{"href":"https:\/\/exceladvisor.org\/pt\/wp-json\/wp\/v2\/pages"}],"about":[{"href":"https:\/\/exceladvisor.org\/pt\/wp-json\/wp\/v2\/types\/page"}],"author":[{"embeddable":true,"href":"https:\/\/exceladvisor.org\/pt\/wp-json\/wp\/v2\/users\/1"}],"replies":[{"embeddable":true,"href":"https:\/\/exceladvisor.org\/pt\/wp-json\/wp\/v2\/comments?post=120"}],"version-history":[{"count":1,"href":"https:\/\/exceladvisor.org\/pt\/wp-json\/wp\/v2\/pages\/120\/revisions"}],"predecessor-version":[{"id":1176,"href":"https:\/\/exceladvisor.org\/pt\/wp-json\/wp\/v2\/pages\/120\/revisions\/1176"}],"wp:attachment":[{"href":"https:\/\/exceladvisor.org\/pt\/wp-json\/wp\/v2\/media?parent=120"}],"curies":[{"name":"wp","href":"https:\/\/api.w.org\/{rel}","templated":true}]}}