{"id":121,"date":"2023-11-15T20:03:44","date_gmt":"2023-11-15T20:03:44","guid":{"rendered":"https:\/\/exceladvisor.org\/pt\/excluir\/"},"modified":"2023-12-06T11:37:19","modified_gmt":"2023-12-06T11:37:19","slug":"excluir","status":"publish","type":"page","link":"https:\/\/exceladvisor.org\/pt\/excluir\/","title":{"rendered":"Como deletar valores de c\u00e9lulas no excel?"},"content":{"rendered":"<div class=\"excel-before-content-2\" id=\"excel-3431779966\"><script type=\"text\/javascript\">\r\n\tatOptions = {\r\n\t\t'key' : 'c1158f160081d6540a8409e6925dab94',\r\n\t\t'format' : 'iframe',\r\n\t\t'height' : 250,\r\n\t\t'width' : 300,\r\n\t\t'params' : {}\r\n\t};\r\n<\/script>\r\n<script type=\"text\/javascript\" src=\"\/\/www.highperformanceformat.com\/c1158f160081d6540a8409e6925dab94\/invoke.js\"><\/script><\/div><div class=\"excel-before-content\" id=\"excel-3404165530\"><script type=\"text\/javascript\">\r\n\tatOptions = {\r\n\t\t'key' : 'c1158f160081d6540a8409e6925dab94',\r\n\t\t'format' : 'iframe',\r\n\t\t'height' : 250,\r\n\t\t'width' : 300,\r\n\t\t'params' : {}\r\n\t};\r\n<\/script>\r\n<script type=\"text\/javascript\" src=\"\/\/www.highperformanceformat.com\/c1158f160081d6540a8409e6925dab94\/invoke.js\"><\/script><\/div> <p>A maneira mais r\u00e1pida de excluir valores de c\u00e9lulas \u00e9 usar a tecla \u201cDelete\u201d do teclado. Os usu\u00e1rios podem excluir completamente os valores inseridos nas c\u00e9lulas usando a tecla de atalho \u201cExcluir\u201d do teclado e deixar as c\u00e9lulas em branco.<\/p><p> Ou \u00e0s vezes os usu\u00e1rios descobrem que o valor inserido na c\u00e9lula est\u00e1 digitado incorretamente ou inserido com valor extra e para remover esses caracteres ou valores extras, eles podem usar a tecla de atalho \u201cExcluir\u201d do teclado para corrigir o valor.<\/p><h2 class=\"wp-block-heading\"> Atalho de teclado para excluir no Excel<\/h2><p> O atalho de teclado para excluir valores \u00e9 mencionado abaixo:<\/p><p> <kbd>EXCLUIR<\/kbd> <\/p><div class=\"wp-block-image\"><figure class=\"aligncenter size-full is-resized\"><img loading=\"lazy\" decoding=\"async\" class=\"wp-image-74576\" src=\"https:\/\/exceladvisor.org\/wp-content\/uploads\/2023\/08\/1-touche-de-suppression-du-clavier.png\" sizes=\"auto, \" srcset=\"\" alt=\"excluir-teclado\" width=\"839\" height=\"329\"><\/figure><\/div><h2 class=\"wp-block-heading\"> Etapas para excluir valores usando um atalho de teclado<\/h2><ol><li> Primeiro selecione a(s) c\u00e9lula(s) cujos valores voc\u00ea deseja remover. <br><img decoding=\"async\" title=\"Sele\u00e7\u00e3o de 2 c\u00e9lulas\" src=\"https:\/\/exceladvisor.org\/wp-content\/uploads\/2023\/08\/2-selection-de-cellules.png\" sizes=\"\" srcset=\"\" alt=\"selection-of-cells\"><\/li><li> Uma vez selecionado, basta pressionar a tecla \u201cDelete\u201d do teclado e os valores ser\u00e3o deletados e as c\u00e9lulas ficar\u00e3o vazias. <br><img decoding=\"async\" title=\"C\u00e9lulas de exclus\u00e3o de 3 valores\" src=\"https:\/\/exceladvisor.org\/wp-content\/uploads\/2023\/08\/3-valeurs-supprimees-des-cellules.png\" sizes=\"\" srcset=\"\" alt=\"values-delete-from-cells\"><\/li><li> Ou selecione a c\u00e9lula no modo de edi\u00e7\u00e3o usando as teclas \u201cFn + F2\u201d e mova o cursor para a esquerda do caractere que deseja excluir. <br><img loading=\"lazy\" decoding=\"async\" title=\"4 c\u00e9lulas em modo de edi\u00e7\u00e3o\" src=\"https:\/\/exceladvisor.org\/wp-content\/uploads\/2023\/08\/4-cellules-en-mode-edition.png\" sizes=\"auto, \" srcset=\"\" alt=\"cell-in-edit-mode\" width=\"539\" height=\"229\"><\/li><li> Feito isso, pressione a tecla \u201cDelete\u201d e isso excluir\u00e1 um \u00fanico caractere digitado \u00e0 direita do cursor.<\/li><li> Pressione a tecla \u201cDelete\u201d v\u00e1rias vezes para excluir v\u00e1rios caracteres. <br><img loading=\"lazy\" decoding=\"async\" title=\"5 caracteres de remo\u00e7\u00e3o de valor\" src=\"https:\/\/exceladvisor.org\/wp-content\/uploads\/2023\/08\/5-supprimer-le-caractere-de-la-valeur.png\" sizes=\"auto, \" srcset=\"\" alt=\"delete-character-from-value\" width=\"547\" height=\"234\"><\/li><\/ol><p> Na imagem acima voc\u00ea pode ver que ao pressionar a tecla \u201cDelete\u201d, o Excel excluiu o caractere \u201ct\u201d que estava colocado \u00e0 direita do cursor. <\/p><div class=\"wp-block-group more-tutorials is-layout-flow\"><div class=\"wp-block-group__inner-container\"><h2 class=\"wp-block-heading\"> Mais atalhos <\/h2><div class=\"wp-block-columns is-layout-flex wp-container-122\"><div class=\"wp-block-column is-layout-flow\"><ul><li> <a href=\"https:\/\/exceladvisor.org\/pt\/filtro-1\/\">Aplicar e remover filtro<\/a><\/li><li> <a href=\"https:\/\/exceladvisor.org\/pt\/soma-automatica-2\/\">Soma autom\u00e1tica<\/a><\/li><li> <a href=\"https:\/\/exceladvisor.org\/pt\/conteudo-claro\/\">Limpar conte\u00fado<\/a><\/li><\/ul><\/div><div class=\"wp-block-column is-layout-flow\"><ul><li> <a href=\"https:\/\/exceladvisor.org\/pt\/deslize-para-baixo\/\">Deslize para baixo<\/a><\/li><li> <a href=\"https:\/\/exceladvisor.org\/pt\/mostrar-formulas\/\">Mostrar f\u00f3rmulas<\/a><\/li><\/ul><\/div><\/div><p> \u21e0 Retornar aos <a href=\"https:\/\/exceladvisor.org\/pt\/atalhos-do-teclado\/\">atalhos do Excel (folha de dicas em PDF)<\/a><\/p><\/div><\/div>","protected":false},"excerpt":{"rendered":"","protected":false},"author":1,"featured_media":0,"parent":0,"menu_order":0,"comment_status":"open","ping_status":"closed","template":"","meta":{"ub_ctt_via":"","footnotes":""},"class_list":["post-121","page","type-page","status-publish","hentry"],"featured_image_src":null,"yoast_head":"<!-- This site is optimized with the Yoast SEO plugin v25.4 - https:\/\/yoast.com\/wordpress\/plugins\/seo\/ -->\n<title>\u25b7 Como deletar valores de c\u00e9lulas no Excel?<\/title>\n<meta name=\"description\" content=\"Neste tutorial, aprenderemos como usar um atalho de teclado para excluir valores de uma c\u00e9lula ou intervalo de v\u00e1rios\" \/>\n<meta name=\"robots\" content=\"index, follow, max-snippet:-1, max-image-preview:large, max-video-preview:-1\" \/>\n<link rel=\"canonical\" href=\"https:\/\/exceladvisor.org\/pt\/excluir\/\" \/>\n<meta property=\"og:locale\" content=\"pt_PT\" \/>\n<meta property=\"og:type\" content=\"article\" \/>\n<meta property=\"og:title\" content=\"\u25b7 Como deletar valores de c\u00e9lulas no Excel?\" \/>\n<meta property=\"og:description\" content=\"Neste tutorial, aprenderemos como usar um atalho de teclado para excluir valores de uma c\u00e9lula ou intervalo de v\u00e1rios\" \/>\n<meta property=\"og:url\" content=\"https:\/\/exceladvisor.org\/pt\/excluir\/\" \/>\n<meta property=\"og:site_name\" content=\"Excel Advisor\" \/>\n<meta property=\"article:modified_time\" content=\"2023-12-06T11:37:19+00:00\" \/>\n<meta property=\"og:image\" content=\"https:\/\/exceladvisor.org\/wp-content\/uploads\/2023\/08\/1-touche-de-suppression-du-clavier.png\" \/>\n<meta name=\"twitter:card\" content=\"summary_large_image\" \/>\n<meta name=\"twitter:label1\" content=\"Tempo estimado de leitura\" \/>\n\t<meta name=\"twitter:data1\" content=\"1 minuto\" \/>\n<script type=\"application\/ld+json\" class=\"yoast-schema-graph\">{\"@context\":\"https:\/\/schema.org\",\"@graph\":[{\"@type\":\"WebPage\",\"@id\":\"https:\/\/exceladvisor.org\/pt\/excluir\/\",\"url\":\"https:\/\/exceladvisor.org\/pt\/excluir\/\",\"name\":\"\u25b7 Como deletar valores de c\u00e9lulas no Excel?\",\"isPartOf\":{\"@id\":\"https:\/\/exceladvisor.org\/pt\/#website\"},\"primaryImageOfPage\":{\"@id\":\"https:\/\/exceladvisor.org\/pt\/excluir\/#primaryimage\"},\"image\":{\"@id\":\"https:\/\/exceladvisor.org\/pt\/excluir\/#primaryimage\"},\"thumbnailUrl\":\"https:\/\/exceladvisor.org\/wp-content\/uploads\/2023\/08\/1-touche-de-suppression-du-clavier.png\",\"datePublished\":\"2023-11-15T20:03:44+00:00\",\"dateModified\":\"2023-12-06T11:37:19+00:00\",\"description\":\"Neste tutorial, aprenderemos como usar um atalho de teclado para excluir valores de uma c\u00e9lula ou intervalo de v\u00e1rios\",\"breadcrumb\":{\"@id\":\"https:\/\/exceladvisor.org\/pt\/excluir\/#breadcrumb\"},\"inLanguage\":\"pt-PT\",\"potentialAction\":[{\"@type\":\"ReadAction\",\"target\":[\"https:\/\/exceladvisor.org\/pt\/excluir\/\"]}]},{\"@type\":\"ImageObject\",\"inLanguage\":\"pt-PT\",\"@id\":\"https:\/\/exceladvisor.org\/pt\/excluir\/#primaryimage\",\"url\":\"https:\/\/exceladvisor.org\/wp-content\/uploads\/2023\/08\/1-touche-de-suppression-du-clavier.png\",\"contentUrl\":\"https:\/\/exceladvisor.org\/wp-content\/uploads\/2023\/08\/1-touche-de-suppression-du-clavier.png\"},{\"@type\":\"BreadcrumbList\",\"@id\":\"https:\/\/exceladvisor.org\/pt\/excluir\/#breadcrumb\",\"itemListElement\":[{\"@type\":\"ListItem\",\"position\":1,\"name\":\"Lar\",\"item\":\"https:\/\/exceladvisor.org\/pt\/\"},{\"@type\":\"ListItem\",\"position\":2,\"name\":\"Como deletar valores de c\u00e9lulas no excel?\"}]},{\"@type\":\"WebSite\",\"@id\":\"https:\/\/exceladvisor.org\/pt\/#website\",\"url\":\"https:\/\/exceladvisor.org\/pt\/\",\"name\":\"Excel Advisor\",\"description\":\"O seu guia definitivo para dominar os dados!\",\"publisher\":{\"@id\":\"https:\/\/exceladvisor.org\/pt\/#organization\"},\"potentialAction\":[{\"@type\":\"SearchAction\",\"target\":{\"@type\":\"EntryPoint\",\"urlTemplate\":\"https:\/\/exceladvisor.org\/pt\/?s={search_term_string}\"},\"query-input\":{\"@type\":\"PropertyValueSpecification\",\"valueRequired\":true,\"valueName\":\"search_term_string\"}}],\"inLanguage\":\"pt-PT\"},{\"@type\":\"Organization\",\"@id\":\"https:\/\/exceladvisor.org\/pt\/#organization\",\"name\":\"Excel Advisor\",\"url\":\"https:\/\/exceladvisor.org\/pt\/\",\"logo\":{\"@type\":\"ImageObject\",\"inLanguage\":\"pt-PT\",\"@id\":\"https:\/\/exceladvisor.org\/pt\/#\/schema\/logo\/image\/\",\"url\":\"https:\/\/exceladvisor.org\/pt\/wp-content\/uploads\/2023\/12\/exceladvisor.org_.png\",\"contentUrl\":\"https:\/\/exceladvisor.org\/pt\/wp-content\/uploads\/2023\/12\/exceladvisor.org_.png\",\"width\":105,\"height\":36,\"caption\":\"Excel Advisor\"},\"image\":{\"@id\":\"https:\/\/exceladvisor.org\/pt\/#\/schema\/logo\/image\/\"}}]}<\/script>\n<!-- \/ Yoast SEO plugin. -->","yoast_head_json":{"title":"\u25b7 Como deletar valores de c\u00e9lulas no Excel?","description":"Neste tutorial, aprenderemos como usar um atalho de teclado para excluir valores de uma c\u00e9lula ou intervalo de v\u00e1rios","robots":{"index":"index","follow":"follow","max-snippet":"max-snippet:-1","max-image-preview":"max-image-preview:large","max-video-preview":"max-video-preview:-1"},"canonical":"https:\/\/exceladvisor.org\/pt\/excluir\/","og_locale":"pt_PT","og_type":"article","og_title":"\u25b7 Como deletar valores de c\u00e9lulas no Excel?","og_description":"Neste tutorial, aprenderemos como usar um atalho de teclado para excluir valores de uma c\u00e9lula ou intervalo de v\u00e1rios","og_url":"https:\/\/exceladvisor.org\/pt\/excluir\/","og_site_name":"Excel Advisor","article_modified_time":"2023-12-06T11:37:19+00:00","og_image":[{"url":"https:\/\/exceladvisor.org\/wp-content\/uploads\/2023\/08\/1-touche-de-suppression-du-clavier.png","type":"","width":"","height":""}],"twitter_card":"summary_large_image","twitter_misc":{"Tempo estimado de leitura":"1 minuto"},"schema":{"@context":"https:\/\/schema.org","@graph":[{"@type":"WebPage","@id":"https:\/\/exceladvisor.org\/pt\/excluir\/","url":"https:\/\/exceladvisor.org\/pt\/excluir\/","name":"\u25b7 Como deletar valores de c\u00e9lulas no Excel?","isPartOf":{"@id":"https:\/\/exceladvisor.org\/pt\/#website"},"primaryImageOfPage":{"@id":"https:\/\/exceladvisor.org\/pt\/excluir\/#primaryimage"},"image":{"@id":"https:\/\/exceladvisor.org\/pt\/excluir\/#primaryimage"},"thumbnailUrl":"https:\/\/exceladvisor.org\/wp-content\/uploads\/2023\/08\/1-touche-de-suppression-du-clavier.png","datePublished":"2023-11-15T20:03:44+00:00","dateModified":"2023-12-06T11:37:19+00:00","description":"Neste tutorial, aprenderemos como usar um atalho de teclado para excluir valores de uma c\u00e9lula ou intervalo de v\u00e1rios","breadcrumb":{"@id":"https:\/\/exceladvisor.org\/pt\/excluir\/#breadcrumb"},"inLanguage":"pt-PT","potentialAction":[{"@type":"ReadAction","target":["https:\/\/exceladvisor.org\/pt\/excluir\/"]}]},{"@type":"ImageObject","inLanguage":"pt-PT","@id":"https:\/\/exceladvisor.org\/pt\/excluir\/#primaryimage","url":"https:\/\/exceladvisor.org\/wp-content\/uploads\/2023\/08\/1-touche-de-suppression-du-clavier.png","contentUrl":"https:\/\/exceladvisor.org\/wp-content\/uploads\/2023\/08\/1-touche-de-suppression-du-clavier.png"},{"@type":"BreadcrumbList","@id":"https:\/\/exceladvisor.org\/pt\/excluir\/#breadcrumb","itemListElement":[{"@type":"ListItem","position":1,"name":"Lar","item":"https:\/\/exceladvisor.org\/pt\/"},{"@type":"ListItem","position":2,"name":"Como deletar valores de c\u00e9lulas no excel?"}]},{"@type":"WebSite","@id":"https:\/\/exceladvisor.org\/pt\/#website","url":"https:\/\/exceladvisor.org\/pt\/","name":"Excel Advisor","description":"O seu guia definitivo para dominar os dados!","publisher":{"@id":"https:\/\/exceladvisor.org\/pt\/#organization"},"potentialAction":[{"@type":"SearchAction","target":{"@type":"EntryPoint","urlTemplate":"https:\/\/exceladvisor.org\/pt\/?s={search_term_string}"},"query-input":{"@type":"PropertyValueSpecification","valueRequired":true,"valueName":"search_term_string"}}],"inLanguage":"pt-PT"},{"@type":"Organization","@id":"https:\/\/exceladvisor.org\/pt\/#organization","name":"Excel Advisor","url":"https:\/\/exceladvisor.org\/pt\/","logo":{"@type":"ImageObject","inLanguage":"pt-PT","@id":"https:\/\/exceladvisor.org\/pt\/#\/schema\/logo\/image\/","url":"https:\/\/exceladvisor.org\/pt\/wp-content\/uploads\/2023\/12\/exceladvisor.org_.png","contentUrl":"https:\/\/exceladvisor.org\/pt\/wp-content\/uploads\/2023\/12\/exceladvisor.org_.png","width":105,"height":36,"caption":"Excel Advisor"},"image":{"@id":"https:\/\/exceladvisor.org\/pt\/#\/schema\/logo\/image\/"}}]}},"yoast_meta":{"yoast_wpseo_title":"","yoast_wpseo_metadesc":"","yoast_wpseo_canonical":""},"_links":{"self":[{"href":"https:\/\/exceladvisor.org\/pt\/wp-json\/wp\/v2\/pages\/121","targetHints":{"allow":["GET"]}}],"collection":[{"href":"https:\/\/exceladvisor.org\/pt\/wp-json\/wp\/v2\/pages"}],"about":[{"href":"https:\/\/exceladvisor.org\/pt\/wp-json\/wp\/v2\/types\/page"}],"author":[{"embeddable":true,"href":"https:\/\/exceladvisor.org\/pt\/wp-json\/wp\/v2\/users\/1"}],"replies":[{"embeddable":true,"href":"https:\/\/exceladvisor.org\/pt\/wp-json\/wp\/v2\/comments?post=121"}],"version-history":[{"count":1,"href":"https:\/\/exceladvisor.org\/pt\/wp-json\/wp\/v2\/pages\/121\/revisions"}],"predecessor-version":[{"id":1029,"href":"https:\/\/exceladvisor.org\/pt\/wp-json\/wp\/v2\/pages\/121\/revisions\/1029"}],"wp:attachment":[{"href":"https:\/\/exceladvisor.org\/pt\/wp-json\/wp\/v2\/media?parent=121"}],"curies":[{"name":"wp","href":"https:\/\/api.w.org\/{rel}","templated":true}]}}