{"id":122,"date":"2023-11-15T18:44:47","date_gmt":"2023-11-15T18:44:47","guid":{"rendered":"https:\/\/exceladvisor.org\/pt\/copiar-e-colar\/"},"modified":"2023-12-06T11:41:52","modified_gmt":"2023-12-06T11:41:52","slug":"copiar-e-colar","status":"publish","type":"page","link":"https:\/\/exceladvisor.org\/pt\/copiar-e-colar\/","title":{"rendered":"Como recortar e colar no excel?"},"content":{"rendered":"<div class=\"excel-before-content-2\" id=\"excel-3018395275\"><script type=\"text\/javascript\">\r\n\tatOptions = {\r\n\t\t'key' : 'c1158f160081d6540a8409e6925dab94',\r\n\t\t'format' : 'iframe',\r\n\t\t'height' : 250,\r\n\t\t'width' : 300,\r\n\t\t'params' : {}\r\n\t};\r\n<\/script>\r\n<script type=\"text\/javascript\" src=\"\/\/www.highperformanceformat.com\/c1158f160081d6540a8409e6925dab94\/invoke.js\"><\/script><\/div><div class=\"excel-before-content\" id=\"excel-879475455\"><script type=\"text\/javascript\">\r\n\tatOptions = {\r\n\t\t'key' : 'c1158f160081d6540a8409e6925dab94',\r\n\t\t'format' : 'iframe',\r\n\t\t'height' : 250,\r\n\t\t'width' : 300,\r\n\t\t'params' : {}\r\n\t};\r\n<\/script>\r\n<script type=\"text\/javascript\" src=\"\/\/www.highperformanceformat.com\/c1158f160081d6540a8409e6925dab94\/invoke.js\"><\/script><\/div> <p>No Excel, com a fun\u00e7\u00e3o copiar e colar, o usu\u00e1rio s\u00f3 pode copiar os dados de um local e col\u00e1-los em outro, o que significa que os dados ap\u00f3s a colagem estar\u00e3o dispon\u00edveis em ambos os locais.<\/p><p> Mas a fun\u00e7\u00e3o recortar \u00e9 usada para cortar os dados de seu lugar para mov\u00ea-los para outro lugar, o que significa que quando voc\u00ea usa a op\u00e7\u00e3o recortar para mover os dados, as c\u00e9lulas das quais voc\u00ea cortou os dados ficar\u00e3o vazias uma vez. esses dados em outro lugar.<\/p><p> Neste tutorial, explicamos como usar o atalho do teclado para recortar e colar dados de um lugar para outro.<\/p><h2 class=\"wp-block-heading\"> Atalho de teclado para recortar e colar no Excel<\/h2><p> <kbd>Ctrl<\/kbd> + <kbd>X<\/kbd> <\/p><div class=\"wp-block-image\"><figure class=\"aligncenter size-full is-resized\"><img loading=\"lazy\" decoding=\"async\" class=\"wp-image-69429\" src=\"https:\/\/exceladvisor.org\/wp-content\/uploads\/2023\/08\/1-couper-le-raccourci-clavier.png\" sizes=\"auto, \" srcset=\"\" alt=\"cortar-teclado-atalho\" width=\"812\" height=\"318\"><\/figure><\/div><p> <kbd>Ctrl<\/kbd> + <kbd>V<\/kbd> ou <kbd>Enter<\/kbd> <\/p><div class=\"wp-block-image\"><figure class=\"aligncenter size-full is-resized\"><img loading=\"lazy\" decoding=\"async\" class=\"wp-image-69430\" src=\"https:\/\/exceladvisor.org\/wp-content\/uploads\/2023\/08\/2-coller-le-raccourci-clavier.png\" sizes=\"auto, \" srcset=\"\" alt=\"colar teclado de atalho\" width=\"810\" height=\"318\"><\/figure><\/div><h2 class=\"wp-block-heading\"> Etapas para recortar e colar usando atalho de teclado<\/h2><ul><li> Primeiro, v\u00e1 at\u00e9 a c\u00e9lula ou selecione o intervalo de c\u00e9lulas do qual deseja cortar os dados e pressione as teclas \u201cCtrl + X\u201d. <br><img decoding=\"async\" title=\"3 c\u00e9lulas cortadas usando atalho de teclado\" src=\"https:\/\/exceladvisor.org\/wp-content\/uploads\/2023\/08\/3-cellules-coupees-a-laide-dun-raccourci-clavier.png\" sizes=\"\" srcset=\"\" alt=\"cut-cells-using-keyboard-shortcut\"><\/li><li> Depois disso, v\u00e1 at\u00e9 a c\u00e9lula para onde deseja mover esses dados e pressione a tecla \u201cEnter\u201d ou as teclas \u201cCtrl + V\u201d e seus dados ser\u00e3o movidos para l\u00e1. <br><img decoding=\"async\" title=\"4-cole os dados de corte\" src=\"https:\/\/exceladvisor.org\/wp-content\/uploads\/2023\/08\/4-coller-les-donnees-coupees.png\" sizes=\"\" srcset=\"\" alt=\"paste-the-cut-data\"><\/li><\/ul><p> Na imagem acima, voc\u00ea pode ver que pressionamos \u201cEnter\u201d ou \u201cCtrl + V\u201d na c\u00e9lula \u201cF2\u201d, e os dados foram movidos para l\u00e1 e as c\u00e9lulas que copiamos dos dados ficam vazias, o que mostra que os dados foram mudou de um local para outro. <\/p><div class=\"wp-block-group more-tutorials is-layout-flow\"><div class=\"wp-block-group__inner-container\"><h2 class=\"wp-block-heading\"> Mais tutoriais <\/h2><div class=\"wp-block-columns is-layout-flex wp-container-15\"><div class=\"wp-block-column is-layout-flow\"><ul><li> <a href=\"https:\/\/exceladvisor.org\/pt\/referencia-absoluta\/\">Refer\u00eancia absoluta<\/a><\/li><li> <a href=\"https:\/\/exceladvisor.org\/pt\/copiar-colar\/\">Copiar e colar<\/a><\/li><li> Bloquear c\u00e9lulas<\/li><\/ul><\/div><div class=\"wp-block-column is-layout-flow\"><ul><li> <a href=\"https:\/\/exceladvisor.org\/pt\/colar-valores\/\">Colar valores<\/a><\/li><li> <a href=\"https:\/\/exceladvisor.org\/pt\/selecione-uma-linha\/\">Selecione uma linha<\/a><\/li><li> <a href=\"https:\/\/exceladvisor.org\/pt\/transpor-2\/\">Transpor<\/a><\/li><\/ul><\/div><\/div><p> \u21e0 Retornar aos <a href=\"https:\/\/exceladvisor.org\/pt\/atalhos-do-teclado\/\">atalhos do Excel (folha de dicas em PDF)<\/a><\/p><\/div><\/div>","protected":false},"excerpt":{"rendered":"","protected":false},"author":1,"featured_media":0,"parent":0,"menu_order":0,"comment_status":"open","ping_status":"closed","template":"","meta":{"ub_ctt_via":"","footnotes":""},"class_list":["post-122","page","type-page","status-publish","hentry"],"featured_image_src":null,"yoast_head":"<!-- This site is optimized with the Yoast SEO plugin v25.4 - https:\/\/yoast.com\/wordpress\/plugins\/seo\/ -->\n<title>\u25b7Como recortar e colar no Excel? (atalho do Excel)<\/title>\n<meta name=\"description\" content=\"Neste tutorial, voc\u00ea aprender\u00e1 como usar um atalho de teclado para copiar e colar no Excel. Agora este atalho\" \/>\n<meta name=\"robots\" content=\"index, follow, max-snippet:-1, max-image-preview:large, max-video-preview:-1\" \/>\n<link rel=\"canonical\" href=\"https:\/\/exceladvisor.org\/pt\/copiar-e-colar\/\" \/>\n<meta property=\"og:locale\" content=\"pt_PT\" \/>\n<meta property=\"og:type\" content=\"article\" \/>\n<meta property=\"og:title\" content=\"\u25b7Como recortar e colar no Excel? (atalho do Excel)\" \/>\n<meta property=\"og:description\" content=\"Neste tutorial, voc\u00ea aprender\u00e1 como usar um atalho de teclado para copiar e colar no Excel. Agora este atalho\" \/>\n<meta property=\"og:url\" content=\"https:\/\/exceladvisor.org\/pt\/copiar-e-colar\/\" \/>\n<meta property=\"og:site_name\" content=\"Excel Advisor\" \/>\n<meta property=\"article:modified_time\" content=\"2023-12-06T11:41:52+00:00\" \/>\n<meta property=\"og:image\" content=\"https:\/\/exceladvisor.org\/wp-content\/uploads\/2023\/08\/1-couper-le-raccourci-clavier.png\" \/>\n<meta name=\"twitter:card\" content=\"summary_large_image\" \/>\n<meta name=\"twitter:label1\" content=\"Tempo estimado de leitura\" \/>\n\t<meta name=\"twitter:data1\" content=\"1 minuto\" \/>\n<script type=\"application\/ld+json\" class=\"yoast-schema-graph\">{\"@context\":\"https:\/\/schema.org\",\"@graph\":[{\"@type\":\"WebPage\",\"@id\":\"https:\/\/exceladvisor.org\/pt\/copiar-e-colar\/\",\"url\":\"https:\/\/exceladvisor.org\/pt\/copiar-e-colar\/\",\"name\":\"\u25b7Como recortar e colar no Excel? (atalho do Excel)\",\"isPartOf\":{\"@id\":\"https:\/\/exceladvisor.org\/pt\/#website\"},\"primaryImageOfPage\":{\"@id\":\"https:\/\/exceladvisor.org\/pt\/copiar-e-colar\/#primaryimage\"},\"image\":{\"@id\":\"https:\/\/exceladvisor.org\/pt\/copiar-e-colar\/#primaryimage\"},\"thumbnailUrl\":\"https:\/\/exceladvisor.org\/wp-content\/uploads\/2023\/08\/1-couper-le-raccourci-clavier.png\",\"datePublished\":\"2023-11-15T18:44:47+00:00\",\"dateModified\":\"2023-12-06T11:41:52+00:00\",\"description\":\"Neste tutorial, voc\u00ea aprender\u00e1 como usar um atalho de teclado para copiar e colar no Excel. Agora este atalho\",\"breadcrumb\":{\"@id\":\"https:\/\/exceladvisor.org\/pt\/copiar-e-colar\/#breadcrumb\"},\"inLanguage\":\"pt-PT\",\"potentialAction\":[{\"@type\":\"ReadAction\",\"target\":[\"https:\/\/exceladvisor.org\/pt\/copiar-e-colar\/\"]}]},{\"@type\":\"ImageObject\",\"inLanguage\":\"pt-PT\",\"@id\":\"https:\/\/exceladvisor.org\/pt\/copiar-e-colar\/#primaryimage\",\"url\":\"https:\/\/exceladvisor.org\/wp-content\/uploads\/2023\/08\/1-couper-le-raccourci-clavier.png\",\"contentUrl\":\"https:\/\/exceladvisor.org\/wp-content\/uploads\/2023\/08\/1-couper-le-raccourci-clavier.png\"},{\"@type\":\"BreadcrumbList\",\"@id\":\"https:\/\/exceladvisor.org\/pt\/copiar-e-colar\/#breadcrumb\",\"itemListElement\":[{\"@type\":\"ListItem\",\"position\":1,\"name\":\"Lar\",\"item\":\"https:\/\/exceladvisor.org\/pt\/\"},{\"@type\":\"ListItem\",\"position\":2,\"name\":\"Como recortar e colar no excel?\"}]},{\"@type\":\"WebSite\",\"@id\":\"https:\/\/exceladvisor.org\/pt\/#website\",\"url\":\"https:\/\/exceladvisor.org\/pt\/\",\"name\":\"Excel Advisor\",\"description\":\"O seu guia definitivo para dominar os dados!\",\"publisher\":{\"@id\":\"https:\/\/exceladvisor.org\/pt\/#organization\"},\"potentialAction\":[{\"@type\":\"SearchAction\",\"target\":{\"@type\":\"EntryPoint\",\"urlTemplate\":\"https:\/\/exceladvisor.org\/pt\/?s={search_term_string}\"},\"query-input\":{\"@type\":\"PropertyValueSpecification\",\"valueRequired\":true,\"valueName\":\"search_term_string\"}}],\"inLanguage\":\"pt-PT\"},{\"@type\":\"Organization\",\"@id\":\"https:\/\/exceladvisor.org\/pt\/#organization\",\"name\":\"Excel Advisor\",\"url\":\"https:\/\/exceladvisor.org\/pt\/\",\"logo\":{\"@type\":\"ImageObject\",\"inLanguage\":\"pt-PT\",\"@id\":\"https:\/\/exceladvisor.org\/pt\/#\/schema\/logo\/image\/\",\"url\":\"https:\/\/exceladvisor.org\/pt\/wp-content\/uploads\/2023\/12\/exceladvisor.org_.png\",\"contentUrl\":\"https:\/\/exceladvisor.org\/pt\/wp-content\/uploads\/2023\/12\/exceladvisor.org_.png\",\"width\":105,\"height\":36,\"caption\":\"Excel Advisor\"},\"image\":{\"@id\":\"https:\/\/exceladvisor.org\/pt\/#\/schema\/logo\/image\/\"}}]}<\/script>\n<!-- \/ Yoast SEO plugin. -->","yoast_head_json":{"title":"\u25b7Como recortar e colar no Excel? (atalho do Excel)","description":"Neste tutorial, voc\u00ea aprender\u00e1 como usar um atalho de teclado para copiar e colar no Excel. Agora este atalho","robots":{"index":"index","follow":"follow","max-snippet":"max-snippet:-1","max-image-preview":"max-image-preview:large","max-video-preview":"max-video-preview:-1"},"canonical":"https:\/\/exceladvisor.org\/pt\/copiar-e-colar\/","og_locale":"pt_PT","og_type":"article","og_title":"\u25b7Como recortar e colar no Excel? (atalho do Excel)","og_description":"Neste tutorial, voc\u00ea aprender\u00e1 como usar um atalho de teclado para copiar e colar no Excel. Agora este atalho","og_url":"https:\/\/exceladvisor.org\/pt\/copiar-e-colar\/","og_site_name":"Excel Advisor","article_modified_time":"2023-12-06T11:41:52+00:00","og_image":[{"url":"https:\/\/exceladvisor.org\/wp-content\/uploads\/2023\/08\/1-couper-le-raccourci-clavier.png","type":"","width":"","height":""}],"twitter_card":"summary_large_image","twitter_misc":{"Tempo estimado de leitura":"1 minuto"},"schema":{"@context":"https:\/\/schema.org","@graph":[{"@type":"WebPage","@id":"https:\/\/exceladvisor.org\/pt\/copiar-e-colar\/","url":"https:\/\/exceladvisor.org\/pt\/copiar-e-colar\/","name":"\u25b7Como recortar e colar no Excel? (atalho do Excel)","isPartOf":{"@id":"https:\/\/exceladvisor.org\/pt\/#website"},"primaryImageOfPage":{"@id":"https:\/\/exceladvisor.org\/pt\/copiar-e-colar\/#primaryimage"},"image":{"@id":"https:\/\/exceladvisor.org\/pt\/copiar-e-colar\/#primaryimage"},"thumbnailUrl":"https:\/\/exceladvisor.org\/wp-content\/uploads\/2023\/08\/1-couper-le-raccourci-clavier.png","datePublished":"2023-11-15T18:44:47+00:00","dateModified":"2023-12-06T11:41:52+00:00","description":"Neste tutorial, voc\u00ea aprender\u00e1 como usar um atalho de teclado para copiar e colar no Excel. Agora este atalho","breadcrumb":{"@id":"https:\/\/exceladvisor.org\/pt\/copiar-e-colar\/#breadcrumb"},"inLanguage":"pt-PT","potentialAction":[{"@type":"ReadAction","target":["https:\/\/exceladvisor.org\/pt\/copiar-e-colar\/"]}]},{"@type":"ImageObject","inLanguage":"pt-PT","@id":"https:\/\/exceladvisor.org\/pt\/copiar-e-colar\/#primaryimage","url":"https:\/\/exceladvisor.org\/wp-content\/uploads\/2023\/08\/1-couper-le-raccourci-clavier.png","contentUrl":"https:\/\/exceladvisor.org\/wp-content\/uploads\/2023\/08\/1-couper-le-raccourci-clavier.png"},{"@type":"BreadcrumbList","@id":"https:\/\/exceladvisor.org\/pt\/copiar-e-colar\/#breadcrumb","itemListElement":[{"@type":"ListItem","position":1,"name":"Lar","item":"https:\/\/exceladvisor.org\/pt\/"},{"@type":"ListItem","position":2,"name":"Como recortar e colar no excel?"}]},{"@type":"WebSite","@id":"https:\/\/exceladvisor.org\/pt\/#website","url":"https:\/\/exceladvisor.org\/pt\/","name":"Excel Advisor","description":"O seu guia definitivo para dominar os dados!","publisher":{"@id":"https:\/\/exceladvisor.org\/pt\/#organization"},"potentialAction":[{"@type":"SearchAction","target":{"@type":"EntryPoint","urlTemplate":"https:\/\/exceladvisor.org\/pt\/?s={search_term_string}"},"query-input":{"@type":"PropertyValueSpecification","valueRequired":true,"valueName":"search_term_string"}}],"inLanguage":"pt-PT"},{"@type":"Organization","@id":"https:\/\/exceladvisor.org\/pt\/#organization","name":"Excel Advisor","url":"https:\/\/exceladvisor.org\/pt\/","logo":{"@type":"ImageObject","inLanguage":"pt-PT","@id":"https:\/\/exceladvisor.org\/pt\/#\/schema\/logo\/image\/","url":"https:\/\/exceladvisor.org\/pt\/wp-content\/uploads\/2023\/12\/exceladvisor.org_.png","contentUrl":"https:\/\/exceladvisor.org\/pt\/wp-content\/uploads\/2023\/12\/exceladvisor.org_.png","width":105,"height":36,"caption":"Excel Advisor"},"image":{"@id":"https:\/\/exceladvisor.org\/pt\/#\/schema\/logo\/image\/"}}]}},"yoast_meta":{"yoast_wpseo_title":"","yoast_wpseo_metadesc":"","yoast_wpseo_canonical":""},"_links":{"self":[{"href":"https:\/\/exceladvisor.org\/pt\/wp-json\/wp\/v2\/pages\/122","targetHints":{"allow":["GET"]}}],"collection":[{"href":"https:\/\/exceladvisor.org\/pt\/wp-json\/wp\/v2\/pages"}],"about":[{"href":"https:\/\/exceladvisor.org\/pt\/wp-json\/wp\/v2\/types\/page"}],"author":[{"embeddable":true,"href":"https:\/\/exceladvisor.org\/pt\/wp-json\/wp\/v2\/users\/1"}],"replies":[{"embeddable":true,"href":"https:\/\/exceladvisor.org\/pt\/wp-json\/wp\/v2\/comments?post=122"}],"version-history":[{"count":1,"href":"https:\/\/exceladvisor.org\/pt\/wp-json\/wp\/v2\/pages\/122\/revisions"}],"predecessor-version":[{"id":1164,"href":"https:\/\/exceladvisor.org\/pt\/wp-json\/wp\/v2\/pages\/122\/revisions\/1164"}],"wp:attachment":[{"href":"https:\/\/exceladvisor.org\/pt\/wp-json\/wp\/v2\/media?parent=122"}],"curies":[{"name":"wp","href":"https:\/\/api.w.org\/{rel}","templated":true}]}}