{"id":124,"date":"2023-11-15T14:55:11","date_gmt":"2023-11-15T14:55:11","guid":{"rendered":"https:\/\/exceladvisor.org\/pt\/renomear-planilha\/"},"modified":"2023-12-06T11:42:05","modified_gmt":"2023-12-06T11:42:05","slug":"renomear-planilha","status":"publish","type":"page","link":"https:\/\/exceladvisor.org\/pt\/renomear-planilha\/","title":{"rendered":"Como renomear uma planilha usando vba no excel?"},"content":{"rendered":"<div class=\"excel-before-content-2\" id=\"excel-2540920890\"><script type=\"text\/javascript\">\r\n\tatOptions = {\r\n\t\t'key' : 'c1158f160081d6540a8409e6925dab94',\r\n\t\t'format' : 'iframe',\r\n\t\t'height' : 250,\r\n\t\t'width' : 300,\r\n\t\t'params' : {}\r\n\t};\r\n<\/script>\r\n<script type=\"text\/javascript\" src=\"\/\/www.highperformanceformat.com\/c1158f160081d6540a8409e6925dab94\/invoke.js\"><\/script><\/div><div class=\"excel-before-content\" id=\"excel-1854630155\"><script type=\"text\/javascript\">\r\n\tatOptions = {\r\n\t\t'key' : 'c1158f160081d6540a8409e6925dab94',\r\n\t\t'format' : 'iframe',\r\n\t\t'height' : 250,\r\n\t\t'width' : 300,\r\n\t\t'params' : {}\r\n\t};\r\n<\/script>\r\n<script type=\"text\/javascript\" src=\"\/\/www.highperformanceformat.com\/c1158f160081d6540a8409e6925dab94\/invoke.js\"><\/script><\/div> <p>Ao adicionar uma nova planilha a uma pasta de trabalho, voc\u00ea tem a op\u00e7\u00e3o de nome\u00e1-la. Mas voc\u00ea tamb\u00e9m pode renome\u00e1-lo a qualquer momento usando a propriedade name da planilha. Neste tutorial, veremos diferentes maneiras de renomear uma planilha ou v\u00e1rias planilhas usando c\u00f3digo VBA.<\/p><h2 class=\"wp-block-heading\"> Etapas para renomear uma planilha usando c\u00f3digo VBA<\/h2><ol type=\"1\"><li> Primeiro, defina a planilha que deseja renomear usando o objeto planilha.<\/li><li> Depois disso, voc\u00ea precisa usar (.Name) para acessar a propriedade do nome que deseja modificar.<\/li><li> Em seguida, digite um sinal de igual para informar ao VBA o valor que deseja usar para renomear a planilha.<\/li><li> Ao final, digite o nome da planilha que deseja usar. <\/li><\/ol><div class=\"wp-block-image\"><figure class=\"aligncenter size-large is-resized\"><img loading=\"lazy\" decoding=\"async\" class=\"wp-image-52084\" src=\"https:\/\/exceladvisor.org\/wp-content\/uploads\/2023\/08\/1-definir-la-feuille-que-vous-souhaitez-renommer.png\" sizes=\"auto, \" srcset=\"\" alt=\"defina a planilha que voc\u00ea deseja renomear\" width=\"448\" height=\"220\"><\/figure><\/div><p class=\"content-box-grey\"> <em>Links \u00fateis: <a href=\"https:\/\/exceladvisor.org\/pt\/executar-uma-macro-2\/\">Executar uma macro<\/a> \u2013 <a href=\"https:\/\/exceladvisor.org\/pt\/gravar-uma-macro\/\">Gravador de macro<\/a> \u2013 <a href=\"https:\/\/exceladvisor.org\/pt\/editor-visual-basico\/\">Editor Visual Basic<\/a> \u2013 <a href=\"https:\/\/exceladvisor.org\/pt\/caderno-macro-pessoal\/\">Manual pessoal de macros<\/a><\/em><\/p><h2 class=\"wp-block-heading\"> Renomear planilha ativa<\/h2><p> Se voc\u00ea deseja renomear a planilha ativa, neste caso voc\u00ea n\u00e3o precisa definir o nome da planilha, em vez disso voc\u00ea precisa usar o objeto ActiveSheet que diz ao VBA para se referir \u00e0 planilha ativa neste momento. Aqui est\u00e1 o c\u00f3digo. <\/p><pre class=\"wp-block-code\"> <code class=\"language-visual-basic\" lang=\"visual-basic\">Activesheet.Name = \"mySheet\"<\/code><\/pre><div class=\"wp-block-image\"><figure class=\"aligncenter size-large is-resized\"><img loading=\"lazy\" decoding=\"async\" class=\"wp-image-52085\" src=\"https:\/\/exceladvisor.org\/wp-content\/uploads\/2023\/08\/2-renommer-la-feuille-active.png\" sizes=\"auto, \" srcset=\"\" alt=\"renomear planilha ativa\" width=\"319\" height=\"166\"><\/figure><\/div><p class=\"qt-tip\"> <strong>Nota:<\/strong> Para renomear uma planilha, n\u00e3o \u00e9 necess\u00e1rio ativ\u00e1-la.<\/p><h2 class=\"wp-block-heading\"> Renomeie uma planilha usando o n\u00famero da planilha<\/h2><p> Como voc\u00ea sabe, cada planilha possui um n\u00famero dependendo de sua posi\u00e7\u00e3o na pasta de trabalho. Digamos que voc\u00ea queira renomear a planilha que possui no quinto n\u00famero, o c\u00f3digo seria. <\/p><pre class=\"wp-block-code\"> <code class=\"language-visual-basic\" lang=\"visual-basic\">Sheets(5).Name = \"mySheet5\"<\/code><\/pre><div class=\"wp-block-image\"><figure class=\"aligncenter size-large is-resized\"><img loading=\"lazy\" decoding=\"async\" class=\"wp-image-52086\" src=\"https:\/\/exceladvisor.org\/wp-content\/uploads\/2023\/08\/3-renommer-une-feuille-en-utilisant-le-numero-de-feuille.png\" sizes=\"auto, \" srcset=\"\" alt=\"renomear uma planilha usando o n\u00famero da planilha\" width=\"335\" height=\"169\"><\/figure><\/div><p> Ao <a href=\"https:\/\/exceladvisor.org\/pt\/executar-uma-macro-2\/\">executar a macro acima<\/a> , ela renomeia a planilha que est\u00e1 no quinto n\u00famero. <\/p><div class=\"wp-block-image\"><figure class=\"aligncenter size-large is-resized\"><img loading=\"lazy\" decoding=\"async\" class=\"wp-image-52087\" src=\"https:\/\/exceladvisor.org\/wp-content\/uploads\/2023\/08\/4-renommer-la-feuille-selon-le-numero.png\" sizes=\"auto, \" srcset=\"\" alt=\"renomear planilha como por n\u00famero\" width=\"322\" height=\"43\"><\/figure><\/div><h2 class=\"wp-block-heading\"> Verifique se a planilha existe antes de renomear<\/h2><p> Se voc\u00ea tentar renomear uma planilha que n\u00e3o existe, o VBA mostrar\u00e1 um erro, como abaixo. <\/p><div class=\"wp-block-image\"><figure class=\"aligncenter size-large is-resized\"><img loading=\"lazy\" decoding=\"async\" class=\"wp-image-52088\" src=\"https:\/\/exceladvisor.org\/wp-content\/uploads\/2023\/08\/5-verifier-si-la-feuille-existe-avant-de-renommer.png\" sizes=\"auto, \" srcset=\"\" alt=\"verifique se a planilha existe antes de renomear\" width=\"572\" height=\"394\"><\/figure><\/div><p> A solu\u00e7\u00e3o para esse problema \u00e9 o c\u00f3digo a seguir que usa <a href=\"https:\/\/exceladvisor.org\/pt\/para-o-circuito\/\">FOR EACH<\/a> , que pode <a href=\"https:\/\/exceladvisor.org\/pt\/folhas-de-laco\/\">percorrer todas as planilhas<\/a> para encontrar a planilha que voc\u00ea definiu e renome\u00e1-la.<\/p><pre class=\"wp-block-code\"> <code class=\"language-visual-basic\" lang=\"visual-basic\">Sub check_sheet_rename() Dim ws As Worksheet Dim mySheet As String Dim SheetName As String mySheet = InputBox(\"enter the name of the sheet that you want to rename.\") SheetName = InputBox(\"Enter new name for the sheet.\") For Each ws In ThisWorkbook.Worksheets If mySheet = ws.Name Then ws.Name = SheetName End If Next ws End Sub<\/code><\/pre><h2 class=\"wp-block-heading\"> Renomeie uma planilha usando o valor de uma c\u00e9lula ou intervalo<\/h2><p> Voc\u00ea tamb\u00e9m pode renomear uma planilha assumindo o valor de uma c\u00e9lula. Digamos que o valor esteja na c\u00e9lula A1.<\/p><pre class=\"wp-block-code\"> <code class=\"language-visual-basic\" lang=\"visual-basic\">Sheets(\"Sheet1\").name = Range(\"A1\").Value<\/code><\/pre><p> Mas digamos que voc\u00ea queira nomear v\u00e1rias planilhas com base nos valores de um intervalo de c\u00e9lulas. Neste caso voc\u00ea deve ter um c\u00f3digo como este.<\/p><pre class=\"wp-block-code\"> <code class=\"language-visual-basic\" lang=\"visual-basic\">Sub vba_sheet_rename_multiple() Dim wsCount As Long Dim rCount As Long Dim ws As Worksheet Dim name As Range Dim i As Long wsCount = ThisWorkbook.Worksheets.Count rCount = Range(\"A1:A10\").Rows.Count 'Checks if the count of the names provided is less _ or more than the sheets in the workbook If wsCount &lt;&gt; rCount Then MsgBox \"There's some problem with the names provided.\" Exit Sub Else 'Check if any of the cells in the name range is empty. For Each name In Range(\"A1:A10\") If IsEmpty(name) = True Then i = i + 1 End If Next name If i &gt; 0 Then MsgBox \"There's is a blank cell in the names range.\" Exit Sub End If End If 'rename each sheet using the value from the range cell by cell. i = 1 For Each ws In ThisWorkbook.Worksheets ws.name = Range(\"A1:A10\").Cells(i, 1).Value i = 1 + i Next ws End Sub<\/code><\/pre><p> Ao executar esse c\u00f3digo VBA, ele primeiro verifica se as c\u00e9lulas do intervalo s\u00e3o iguais ao n\u00famero de planilhas que voc\u00ea possui na pasta de trabalho. Depois disso, ele verificar\u00e1 se todas as c\u00e9lulas do intervalo que voc\u00ea especificou possuem valores ou n\u00e3o. E no final renomeie todas as planilhas usando esses nomes.<\/p><p> Ele verificar\u00e1 duas condi\u00e7\u00f5es usando <a href=\"https:\/\/exceladvisor.org\/pt\/se-2\/\">IF THEN ELSE<\/a> e renomear\u00e1 todas as planilhas.<\/p><div class=\"gb-container gb-container-4db6181c gb-container-mt\"> <a class=\"gb-button gb-button-c5897111 gb-button-text gb-button-mt-button\" href=\"https:\/\/exceladvisor.org\/pt\/vba\/\">O que \u00e9 VBA<\/a><h2 class=\"gb-headline gb-headline-665e5f6b gb-headline-text gb-headline-mt-heading\"> Tutoriais relacionados <\/h2><div class=\"gb-grid-wrapper gb-grid-wrapper-a20baf7c gb-grid-wrapper-mt-grid\"><div class=\"gb-grid-column gb-grid-column-65ddf67e\"><div class=\"gb-container gb-container-65ddf67e\"><ul><li> <a href=\"https:\/\/exceladvisor.org\/pt\/limpar-folha\/\">LIMPAR uma planilha inteira usando VBA no Excel<\/a><\/li><li> <a href=\"https:\/\/exceladvisor.org\/pt\/folha-de-copia\/\">Copie e mova uma planilha no Excel usando VBA<\/a><\/li><li> <a href=\"https:\/\/exceladvisor.org\/pt\/conte-as-folhas\/\">COUNT planilhas usando VBA no Excel<\/a><\/li><li> <a href=\"https:\/\/exceladvisor.org\/pt\/excluir-uma-planilha-1\/\">EXCLUIR uma FOLHA usando VBA no Excel<\/a><\/li><li> <a href=\"https:\/\/exceladvisor.org\/pt\/ocultar-planilha\/\">Ocultar e mostrar uma planilha usando VBA no Excel<\/a> <\/li><\/ul><\/div><\/div><div class=\"gb-grid-column gb-grid-column-50067b57\"><div class=\"gb-container gb-container-50067b57\"><\/div><\/div><\/div><\/div>","protected":false},"excerpt":{"rendered":"","protected":false},"author":1,"featured_media":0,"parent":0,"menu_order":0,"comment_status":"open","ping_status":"closed","template":"","meta":{"ub_ctt_via":"","footnotes":""},"class_list":["post-124","page","type-page","status-publish","hentry"],"featured_image_src":null,"yoast_head":"<!-- This site is optimized with the Yoast SEO plugin v25.4 - https:\/\/yoast.com\/wordpress\/plugins\/seo\/ -->\n<title>Como renomear uma planilha usando VBA no Excel?<\/title>\n<meta name=\"description\" content=\"Este tutorial ajuda voc\u00ea a aprender como renomear uma planilha no Excel usando c\u00f3digo VBA. Voc\u00ea tem a op\u00e7\u00e3o de usar um valor\" \/>\n<meta name=\"robots\" content=\"index, follow, max-snippet:-1, max-image-preview:large, max-video-preview:-1\" \/>\n<link rel=\"canonical\" href=\"https:\/\/exceladvisor.org\/pt\/renomear-planilha\/\" \/>\n<meta property=\"og:locale\" content=\"pt_PT\" \/>\n<meta property=\"og:type\" content=\"article\" \/>\n<meta property=\"og:title\" content=\"Como renomear uma planilha usando VBA no Excel?\" \/>\n<meta property=\"og:description\" content=\"Este tutorial ajuda voc\u00ea a aprender como renomear uma planilha no Excel usando c\u00f3digo VBA. Voc\u00ea tem a op\u00e7\u00e3o de usar um valor\" \/>\n<meta property=\"og:url\" content=\"https:\/\/exceladvisor.org\/pt\/renomear-planilha\/\" \/>\n<meta property=\"og:site_name\" content=\"Excel Advisor\" \/>\n<meta property=\"article:modified_time\" content=\"2023-12-06T11:42:05+00:00\" \/>\n<meta property=\"og:image\" content=\"https:\/\/exceladvisor.org\/wp-content\/uploads\/2023\/08\/1-definir-la-feuille-que-vous-souhaitez-renommer.png\" \/>\n<meta name=\"twitter:card\" content=\"summary_large_image\" \/>\n<meta name=\"twitter:label1\" content=\"Tempo estimado de leitura\" \/>\n\t<meta name=\"twitter:data1\" content=\"4 minutos\" \/>\n<script type=\"application\/ld+json\" class=\"yoast-schema-graph\">{\"@context\":\"https:\/\/schema.org\",\"@graph\":[{\"@type\":\"WebPage\",\"@id\":\"https:\/\/exceladvisor.org\/pt\/renomear-planilha\/\",\"url\":\"https:\/\/exceladvisor.org\/pt\/renomear-planilha\/\",\"name\":\"Como renomear uma planilha usando VBA no Excel?\",\"isPartOf\":{\"@id\":\"https:\/\/exceladvisor.org\/pt\/#website\"},\"primaryImageOfPage\":{\"@id\":\"https:\/\/exceladvisor.org\/pt\/renomear-planilha\/#primaryimage\"},\"image\":{\"@id\":\"https:\/\/exceladvisor.org\/pt\/renomear-planilha\/#primaryimage\"},\"thumbnailUrl\":\"https:\/\/exceladvisor.org\/wp-content\/uploads\/2023\/08\/1-definir-la-feuille-que-vous-souhaitez-renommer.png\",\"datePublished\":\"2023-11-15T14:55:11+00:00\",\"dateModified\":\"2023-12-06T11:42:05+00:00\",\"description\":\"Este tutorial ajuda voc\u00ea a aprender como renomear uma planilha no Excel usando c\u00f3digo VBA. Voc\u00ea tem a op\u00e7\u00e3o de usar um valor\",\"breadcrumb\":{\"@id\":\"https:\/\/exceladvisor.org\/pt\/renomear-planilha\/#breadcrumb\"},\"inLanguage\":\"pt-PT\",\"potentialAction\":[{\"@type\":\"ReadAction\",\"target\":[\"https:\/\/exceladvisor.org\/pt\/renomear-planilha\/\"]}]},{\"@type\":\"ImageObject\",\"inLanguage\":\"pt-PT\",\"@id\":\"https:\/\/exceladvisor.org\/pt\/renomear-planilha\/#primaryimage\",\"url\":\"https:\/\/exceladvisor.org\/wp-content\/uploads\/2023\/08\/1-definir-la-feuille-que-vous-souhaitez-renommer.png\",\"contentUrl\":\"https:\/\/exceladvisor.org\/wp-content\/uploads\/2023\/08\/1-definir-la-feuille-que-vous-souhaitez-renommer.png\"},{\"@type\":\"BreadcrumbList\",\"@id\":\"https:\/\/exceladvisor.org\/pt\/renomear-planilha\/#breadcrumb\",\"itemListElement\":[{\"@type\":\"ListItem\",\"position\":1,\"name\":\"Lar\",\"item\":\"https:\/\/exceladvisor.org\/pt\/\"},{\"@type\":\"ListItem\",\"position\":2,\"name\":\"Como renomear uma planilha usando vba no excel?\"}]},{\"@type\":\"WebSite\",\"@id\":\"https:\/\/exceladvisor.org\/pt\/#website\",\"url\":\"https:\/\/exceladvisor.org\/pt\/\",\"name\":\"Excel Advisor\",\"description\":\"O seu guia definitivo para dominar os dados!\",\"publisher\":{\"@id\":\"https:\/\/exceladvisor.org\/pt\/#organization\"},\"potentialAction\":[{\"@type\":\"SearchAction\",\"target\":{\"@type\":\"EntryPoint\",\"urlTemplate\":\"https:\/\/exceladvisor.org\/pt\/?s={search_term_string}\"},\"query-input\":{\"@type\":\"PropertyValueSpecification\",\"valueRequired\":true,\"valueName\":\"search_term_string\"}}],\"inLanguage\":\"pt-PT\"},{\"@type\":\"Organization\",\"@id\":\"https:\/\/exceladvisor.org\/pt\/#organization\",\"name\":\"Excel Advisor\",\"url\":\"https:\/\/exceladvisor.org\/pt\/\",\"logo\":{\"@type\":\"ImageObject\",\"inLanguage\":\"pt-PT\",\"@id\":\"https:\/\/exceladvisor.org\/pt\/#\/schema\/logo\/image\/\",\"url\":\"https:\/\/exceladvisor.org\/pt\/wp-content\/uploads\/2023\/12\/exceladvisor.org_.png\",\"contentUrl\":\"https:\/\/exceladvisor.org\/pt\/wp-content\/uploads\/2023\/12\/exceladvisor.org_.png\",\"width\":105,\"height\":36,\"caption\":\"Excel Advisor\"},\"image\":{\"@id\":\"https:\/\/exceladvisor.org\/pt\/#\/schema\/logo\/image\/\"}}]}<\/script>\n<!-- \/ Yoast SEO plugin. -->","yoast_head_json":{"title":"Como renomear uma planilha usando VBA no Excel?","description":"Este tutorial ajuda voc\u00ea a aprender como renomear uma planilha no Excel usando c\u00f3digo VBA. Voc\u00ea tem a op\u00e7\u00e3o de usar um valor","robots":{"index":"index","follow":"follow","max-snippet":"max-snippet:-1","max-image-preview":"max-image-preview:large","max-video-preview":"max-video-preview:-1"},"canonical":"https:\/\/exceladvisor.org\/pt\/renomear-planilha\/","og_locale":"pt_PT","og_type":"article","og_title":"Como renomear uma planilha usando VBA no Excel?","og_description":"Este tutorial ajuda voc\u00ea a aprender como renomear uma planilha no Excel usando c\u00f3digo VBA. Voc\u00ea tem a op\u00e7\u00e3o de usar um valor","og_url":"https:\/\/exceladvisor.org\/pt\/renomear-planilha\/","og_site_name":"Excel Advisor","article_modified_time":"2023-12-06T11:42:05+00:00","og_image":[{"url":"https:\/\/exceladvisor.org\/wp-content\/uploads\/2023\/08\/1-definir-la-feuille-que-vous-souhaitez-renommer.png","type":"","width":"","height":""}],"twitter_card":"summary_large_image","twitter_misc":{"Tempo estimado de leitura":"4 minutos"},"schema":{"@context":"https:\/\/schema.org","@graph":[{"@type":"WebPage","@id":"https:\/\/exceladvisor.org\/pt\/renomear-planilha\/","url":"https:\/\/exceladvisor.org\/pt\/renomear-planilha\/","name":"Como renomear uma planilha usando VBA no Excel?","isPartOf":{"@id":"https:\/\/exceladvisor.org\/pt\/#website"},"primaryImageOfPage":{"@id":"https:\/\/exceladvisor.org\/pt\/renomear-planilha\/#primaryimage"},"image":{"@id":"https:\/\/exceladvisor.org\/pt\/renomear-planilha\/#primaryimage"},"thumbnailUrl":"https:\/\/exceladvisor.org\/wp-content\/uploads\/2023\/08\/1-definir-la-feuille-que-vous-souhaitez-renommer.png","datePublished":"2023-11-15T14:55:11+00:00","dateModified":"2023-12-06T11:42:05+00:00","description":"Este tutorial ajuda voc\u00ea a aprender como renomear uma planilha no Excel usando c\u00f3digo VBA. Voc\u00ea tem a op\u00e7\u00e3o de usar um valor","breadcrumb":{"@id":"https:\/\/exceladvisor.org\/pt\/renomear-planilha\/#breadcrumb"},"inLanguage":"pt-PT","potentialAction":[{"@type":"ReadAction","target":["https:\/\/exceladvisor.org\/pt\/renomear-planilha\/"]}]},{"@type":"ImageObject","inLanguage":"pt-PT","@id":"https:\/\/exceladvisor.org\/pt\/renomear-planilha\/#primaryimage","url":"https:\/\/exceladvisor.org\/wp-content\/uploads\/2023\/08\/1-definir-la-feuille-que-vous-souhaitez-renommer.png","contentUrl":"https:\/\/exceladvisor.org\/wp-content\/uploads\/2023\/08\/1-definir-la-feuille-que-vous-souhaitez-renommer.png"},{"@type":"BreadcrumbList","@id":"https:\/\/exceladvisor.org\/pt\/renomear-planilha\/#breadcrumb","itemListElement":[{"@type":"ListItem","position":1,"name":"Lar","item":"https:\/\/exceladvisor.org\/pt\/"},{"@type":"ListItem","position":2,"name":"Como renomear uma planilha usando vba no excel?"}]},{"@type":"WebSite","@id":"https:\/\/exceladvisor.org\/pt\/#website","url":"https:\/\/exceladvisor.org\/pt\/","name":"Excel Advisor","description":"O seu guia definitivo para dominar os dados!","publisher":{"@id":"https:\/\/exceladvisor.org\/pt\/#organization"},"potentialAction":[{"@type":"SearchAction","target":{"@type":"EntryPoint","urlTemplate":"https:\/\/exceladvisor.org\/pt\/?s={search_term_string}"},"query-input":{"@type":"PropertyValueSpecification","valueRequired":true,"valueName":"search_term_string"}}],"inLanguage":"pt-PT"},{"@type":"Organization","@id":"https:\/\/exceladvisor.org\/pt\/#organization","name":"Excel Advisor","url":"https:\/\/exceladvisor.org\/pt\/","logo":{"@type":"ImageObject","inLanguage":"pt-PT","@id":"https:\/\/exceladvisor.org\/pt\/#\/schema\/logo\/image\/","url":"https:\/\/exceladvisor.org\/pt\/wp-content\/uploads\/2023\/12\/exceladvisor.org_.png","contentUrl":"https:\/\/exceladvisor.org\/pt\/wp-content\/uploads\/2023\/12\/exceladvisor.org_.png","width":105,"height":36,"caption":"Excel Advisor"},"image":{"@id":"https:\/\/exceladvisor.org\/pt\/#\/schema\/logo\/image\/"}}]}},"yoast_meta":{"yoast_wpseo_title":"","yoast_wpseo_metadesc":"","yoast_wpseo_canonical":""},"_links":{"self":[{"href":"https:\/\/exceladvisor.org\/pt\/wp-json\/wp\/v2\/pages\/124","targetHints":{"allow":["GET"]}}],"collection":[{"href":"https:\/\/exceladvisor.org\/pt\/wp-json\/wp\/v2\/pages"}],"about":[{"href":"https:\/\/exceladvisor.org\/pt\/wp-json\/wp\/v2\/types\/page"}],"author":[{"embeddable":true,"href":"https:\/\/exceladvisor.org\/pt\/wp-json\/wp\/v2\/users\/1"}],"replies":[{"embeddable":true,"href":"https:\/\/exceladvisor.org\/pt\/wp-json\/wp\/v2\/comments?post=124"}],"version-history":[{"count":1,"href":"https:\/\/exceladvisor.org\/pt\/wp-json\/wp\/v2\/pages\/124\/revisions"}],"predecessor-version":[{"id":1181,"href":"https:\/\/exceladvisor.org\/pt\/wp-json\/wp\/v2\/pages\/124\/revisions\/1181"}],"wp:attachment":[{"href":"https:\/\/exceladvisor.org\/pt\/wp-json\/wp\/v2\/media?parent=124"}],"curies":[{"name":"wp","href":"https:\/\/api.w.org\/{rel}","templated":true}]}}