{"id":125,"date":"2023-11-15T14:20:43","date_gmt":"2023-11-15T14:20:43","guid":{"rendered":"https:\/\/exceladvisor.org\/pt\/se-e-1\/"},"modified":"2023-12-06T11:35:20","modified_gmt":"2023-12-06T11:35:20","slug":"se-e-1","status":"publish","type":"page","link":"https:\/\/exceladvisor.org\/pt\/se-e-1\/","title":{"rendered":"Como combinar fun\u00e7\u00f5es if e and no excel?"},"content":{"rendered":"<div class=\"excel-before-content-2\" id=\"excel-1253604316\"><script type=\"text\/javascript\">\r\n\tatOptions = {\r\n\t\t'key' : 'c1158f160081d6540a8409e6925dab94',\r\n\t\t'format' : 'iframe',\r\n\t\t'height' : 250,\r\n\t\t'width' : 300,\r\n\t\t'params' : {}\r\n\t};\r\n<\/script>\r\n<script type=\"text\/javascript\" src=\"\/\/www.highperformanceformat.com\/c1158f160081d6540a8409e6925dab94\/invoke.js\"><\/script><\/div><div class=\"excel-before-content\" id=\"excel-720505741\"><script type=\"text\/javascript\">\r\n\tatOptions = {\r\n\t\t'key' : 'c1158f160081d6540a8409e6925dab94',\r\n\t\t'format' : 'iframe',\r\n\t\t'height' : 250,\r\n\t\t'width' : 300,\r\n\t\t'params' : {}\r\n\t};\r\n<\/script>\r\n<script type=\"text\/javascript\" src=\"\/\/www.highperformanceformat.com\/c1158f160081d6540a8409e6925dab94\/invoke.js\"><\/script><\/div> <p>Como eu disse, combinando IF com outras fun\u00e7\u00f5es voc\u00ea pode aumentar seus poderes. A fun\u00e7\u00e3o AND \u00e9 uma das fun\u00e7\u00f5es mais \u00fateis para combinar com a fun\u00e7\u00e3o IF.<\/p><p> \u00c0 medida que voc\u00ea combina fun\u00e7\u00f5es <a href=\"https:\/\/exceladvisor.org\/pt\/se-ou-1\/\">IF e OR<\/a> para testar v\u00e1rias condi\u00e7\u00f5es. Da mesma forma, voc\u00ea pode combinar as fun\u00e7\u00f5es IF e AND.<\/p><p> H\u00e1 uma pequena diferen\u00e7a no uso das fun\u00e7\u00f5es OR e AND com IF. Neste artigo voc\u00ea aprender\u00e1 como combinar fun\u00e7\u00f5es IF e AND e tamb\u00e9m por que precisamos combinar ambas.<\/p><h2 id=\"1\" class=\"wp-block-heading\"> Introdu\u00e7\u00e3o r\u00e1pida<\/h2><p> Ambas as fun\u00e7\u00f5es s\u00e3o \u00fateis, mas ao us\u00e1-las juntas voc\u00ea pode resolver alguns problemas do mundo real. Aqui est\u00e1 uma r\u00e1pida introdu\u00e7\u00e3o a ambos.<\/p><ol><li> <strong>Fun\u00e7\u00e3o IF<\/strong> \u2013 Para testar uma condi\u00e7\u00e3o e retornar um valor espec\u00edfico se esta condi\u00e7\u00e3o for verdadeira ou outro valor espec\u00edfico se esta condi\u00e7\u00e3o for falsa.<\/li><li> <strong>Fun\u00e7\u00e3o AND<\/strong> \u2013 Para testar m\u00faltiplas condi\u00e7\u00f5es. Se todas as condi\u00e7\u00f5es forem verdadeiras, retornar\u00e1 verdadeiro e se alguma das condi\u00e7\u00f5es for falsa, retornar\u00e1 falso.<\/li><\/ol><h2 class=\"wp-block-heading\"> <strong>Por que isso \u00e9 importante?<\/strong><\/h2><ol><li> Voc\u00ea pode testar v\u00e1rias condi\u00e7\u00f5es com a fun\u00e7\u00e3o IF.<\/li><li> Ele retornar\u00e1 um valor espec\u00edfico se todas as condi\u00e7\u00f5es forem verdadeiras.<\/li><li> Ou retornar\u00e1 outro valor espec\u00edfico se alguma das condi\u00e7\u00f5es for falsa.<\/li><\/ol><h2 class=\"wp-block-heading\"> Como funcionam as fun\u00e7\u00f5es IF e AND?<\/h2><p> Para combinar as fun\u00e7\u00f5es IF e AND, basta substituir o argumento teste_l\u00f3gico na fun\u00e7\u00e3o IF pela fun\u00e7\u00e3o AND. Usando a fun\u00e7\u00e3o AND, voc\u00ea pode especificar v\u00e1rias condi\u00e7\u00f5es. <\/p><div class=\"wp-block-image\"><figure class=\"aligncenter\"><img loading=\"lazy\" decoding=\"async\" class=\"wp-image-9625\" src=\"https:\/\/exceladvisor.org\/wp-content\/uploads\/2023\/08\/comment-combiner-si-et-et-les-fonctions-remplacent-le-test-logique-1.png\" sizes=\"auto, \" srcset=\"\" alt=\"como combinar fun\u00e7\u00f5es if e e substituem o teste l\u00f3gico\" width=\"486\" height=\"140\"><\/figure><\/div><p> <span style=\"font-size: inherit; background-color: initial;\">Agora a fun\u00e7\u00e3o AND testar\u00e1 todas as suas condi\u00e7\u00f5es aqui.<\/span> <span style=\"font-size: inherit; background-color: initial;\">Se todas as condi\u00e7\u00f5es forem verdadeiras, a fun\u00e7\u00e3o AND retornar\u00e1 verdadeiro e a fun\u00e7\u00e3o IF retornar\u00e1 o valor que voc\u00ea especificou como verdadeiro.<\/span><\/p><p> <span style=\"font-size: inherit; background-color: initial;\">E, se alguma das condi\u00e7\u00f5es for falsa, a fun\u00e7\u00e3o AND retornar\u00e1 falso e a fun\u00e7\u00e3o IF retornar\u00e1 o valor que voc\u00ea especificou para falso.<\/span> <span style=\"font-size: inherit; background-color: initial;\">Deixe-me mostrar um exemplo concreto.<\/span><\/p><h2 id=\"3\" class=\"wp-block-heading\"> Exemplos<\/h2><p> Aqui eu tenho uma folha de notas dos alunos. E quero adicionar algumas notas \u00e0 planilha. <\/p><div class=\"wp-block-image\"><figure class=\"aligncenter\"><img loading=\"lazy\" decoding=\"async\" class=\"wp-image-9630\" src=\"https:\/\/exceladvisor.org\/wp-content\/uploads\/2023\/08\/comment-combiner-si-et-et-la-table-des-fonctions-pour-ajouter-un-statut-1.png\" sizes=\"auto, \" srcset=\"\" alt=\"como combinar a tabela de fun\u00e7\u00f5es if e and para adicionar status\" width=\"569\" height=\"221\"><\/figure><\/div><p> Caso o aluno seja aprovado em ambas as disciplinas com 40 valores ou mais, o status dever\u00e1 ser \u201cAprovado\u201d. E, caso o aluno tenha menos de 40 pontos nas duas disciplinas ou mesmo em uma disciplina, o status dever\u00e1 ser \u201cReprovado\u201d. A f\u00f3rmula ser\u00e1. <\/p><pre class=\"wp-block-code\"> <code class=\"language-excel-formula\" lang=\"excel-formula\">=IF(AND(B2&gt;=40,C2&gt;=40),\"Pass\",\"Fail\")<\/code><\/pre><div class=\"wp-block-image\"><figure class=\"aligncenter\"><img loading=\"lazy\" decoding=\"async\" class=\"wp-image-9631\" src=\"https:\/\/exceladvisor.org\/wp-content\/uploads\/2023\/08\/comment-combiner-si-et-et-fonctions-inserer-une-formule-1.png\" sizes=\"auto, \" srcset=\"\" alt=\"como combinar fun\u00e7\u00f5es if e e inserir uma f\u00f3rmula\" width=\"572\" height=\"267\"><\/figure><\/div><p> Na f\u00f3rmula acima, se houver um valor maior ou igual a 40 em alguma das c\u00e9lulas (B2 e C2), a fun\u00e7\u00e3o AND retornar\u00e1 verdadeiro e IF retornar\u00e1 o valor \u201cPass\u201d. Isso significa que se um aluno for aprovado nas duas disciplinas, ele ser\u00e1 aprovado.<\/p><p> Por\u00e9m, se ambas as c\u00e9lulas tiverem um valor menor que 40, AND retornar\u00e1 falso e IF retornar\u00e1 o valor \u201cFalha\u201d. Se um aluno for reprovado em alguma das disciplinas, ele ser\u00e1 reprovado. <\/p><div class=\"wp-block-group download-box is-layout-constrained\"><div class=\"wp-block-group__inner-container\"><h2 class=\"wp-block-heading\"> Baixe um arquivo de amostra <\/h2><ul id=\"ub_styled_list-da8638b8-2d76-405d-a27d-456029ffc773\" class=\"ub_styled_list\"><li class=\"ub_styled_list_item\"> <a href=\"https:\/\/exceladvisor.org\/wp-content\/uploads\/2023\/11\/si-la-cellule-est-vide-2.xlsx\" rel=\"nofollow\">Arquivo de exemplo<\/a><\/li><\/ul><\/div><\/div><div class=\"gb-container gb-container-0df56012 gb-container-mt\"> <a class=\"gb-button gb-button-f9f432f4 gb-button-text gb-button-mt-button\" href=\"https:\/\/exceladvisor.org\/pt\/formulas\/\">Lista de f\u00f3rmulas do Excel<\/a><h2 class=\"gb-headline gb-headline-233444e8 gb-headline-text gb-headline-mt-heading\"> F\u00f3rmulas relacionadas <\/h2><div class=\"gb-grid-wrapper gb-grid-wrapper-a16fa65c gb-grid-wrapper-mt-grid\"><div class=\"gb-grid-column gb-grid-column-50d07e0d\"><div class=\"gb-container gb-container-50d07e0d\"><ul><li> <a href=\"https:\/\/exceladvisor.org\/pt\/se-zero-entao-vazio\/\">Marque SE 0 (zero) e deixe em branco no Excel<\/a><\/li><li> <a href=\"https:\/\/exceladvisor.org\/pt\/verificar-se-existe-um-valor-em-um-intervalo\/\">Verifique se existe um valor em um intervalo no Excel<\/a><\/li><li> <a href=\"https:\/\/exceladvisor.org\/pt\/se-ou-1\/\">Combine fun\u00e7\u00f5es SE e OU no Excel<\/a><\/li><li> <a href=\"https:\/\/exceladvisor.org\/pt\/se-a-celula-estiver-vazia\/\">SE a c\u00e9lula estiver vazia (vazia) usando IF + ISBLANK no Excel<\/a><\/li><li> <a href=\"https:\/\/exceladvisor.org\/pt\/se-negativo-entao-zero\/\">SE negativo, ent\u00e3o zero (0) no Excel<\/a> <\/li><\/ul><\/div><\/div><div class=\"gb-grid-column gb-grid-column-5b4a0cf9\"><div class=\"gb-container gb-container-5b4a0cf9\"><\/div><\/div><\/div><\/div>","protected":false},"excerpt":{"rendered":"","protected":false},"author":1,"featured_media":0,"parent":0,"menu_order":0,"comment_status":"open","ping_status":"closed","template":"","meta":{"ub_ctt_via":"","footnotes":""},"class_list":["post-125","page","type-page","status-publish","hentry"],"featured_image_src":null,"yoast_head":"<!-- This site is optimized with the Yoast SEO plugin v25.4 - https:\/\/yoast.com\/wordpress\/plugins\/seo\/ -->\n<title>Como usar a combina\u00e7\u00e3o das fun\u00e7\u00f5es SE e AND no Excel<\/title>\n<meta name=\"description\" content=\"Neste artigo, voc\u00ea aprender\u00e1 como combinar as fun\u00e7\u00f5es IF e AND. Voc\u00ea pode usar AND para testar m\u00faltiplas condi\u00e7\u00f5es e IF para\" \/>\n<meta name=\"robots\" content=\"index, follow, max-snippet:-1, max-image-preview:large, max-video-preview:-1\" \/>\n<link rel=\"canonical\" href=\"https:\/\/exceladvisor.org\/pt\/se-e-1\/\" \/>\n<meta property=\"og:locale\" content=\"pt_PT\" \/>\n<meta property=\"og:type\" content=\"article\" \/>\n<meta property=\"og:title\" content=\"Como usar a combina\u00e7\u00e3o das fun\u00e7\u00f5es SE e AND no Excel\" \/>\n<meta property=\"og:description\" content=\"Neste artigo, voc\u00ea aprender\u00e1 como combinar as fun\u00e7\u00f5es IF e AND. Voc\u00ea pode usar AND para testar m\u00faltiplas condi\u00e7\u00f5es e IF para\" \/>\n<meta property=\"og:url\" content=\"https:\/\/exceladvisor.org\/pt\/se-e-1\/\" \/>\n<meta property=\"og:site_name\" content=\"Excel Advisor\" \/>\n<meta property=\"article:modified_time\" content=\"2023-12-06T11:35:20+00:00\" \/>\n<meta property=\"og:image\" content=\"https:\/\/exceladvisor.org\/wp-content\/uploads\/2023\/08\/comment-combiner-si-et-et-les-fonctions-remplacent-le-test-logique-1.png\" \/>\n<meta name=\"twitter:card\" content=\"summary_large_image\" \/>\n<meta name=\"twitter:label1\" content=\"Tempo estimado de leitura\" \/>\n\t<meta name=\"twitter:data1\" content=\"3 minutos\" \/>\n<script type=\"application\/ld+json\" class=\"yoast-schema-graph\">{\"@context\":\"https:\/\/schema.org\",\"@graph\":[{\"@type\":\"WebPage\",\"@id\":\"https:\/\/exceladvisor.org\/pt\/se-e-1\/\",\"url\":\"https:\/\/exceladvisor.org\/pt\/se-e-1\/\",\"name\":\"Como usar a combina\u00e7\u00e3o das fun\u00e7\u00f5es SE e AND no Excel\",\"isPartOf\":{\"@id\":\"https:\/\/exceladvisor.org\/pt\/#website\"},\"primaryImageOfPage\":{\"@id\":\"https:\/\/exceladvisor.org\/pt\/se-e-1\/#primaryimage\"},\"image\":{\"@id\":\"https:\/\/exceladvisor.org\/pt\/se-e-1\/#primaryimage\"},\"thumbnailUrl\":\"https:\/\/exceladvisor.org\/wp-content\/uploads\/2023\/08\/comment-combiner-si-et-et-les-fonctions-remplacent-le-test-logique-1.png\",\"datePublished\":\"2023-11-15T14:20:43+00:00\",\"dateModified\":\"2023-12-06T11:35:20+00:00\",\"description\":\"Neste artigo, voc\u00ea aprender\u00e1 como combinar as fun\u00e7\u00f5es IF e AND. Voc\u00ea pode usar AND para testar m\u00faltiplas condi\u00e7\u00f5es e IF para\",\"breadcrumb\":{\"@id\":\"https:\/\/exceladvisor.org\/pt\/se-e-1\/#breadcrumb\"},\"inLanguage\":\"pt-PT\",\"potentialAction\":[{\"@type\":\"ReadAction\",\"target\":[\"https:\/\/exceladvisor.org\/pt\/se-e-1\/\"]}]},{\"@type\":\"ImageObject\",\"inLanguage\":\"pt-PT\",\"@id\":\"https:\/\/exceladvisor.org\/pt\/se-e-1\/#primaryimage\",\"url\":\"https:\/\/exceladvisor.org\/wp-content\/uploads\/2023\/08\/comment-combiner-si-et-et-les-fonctions-remplacent-le-test-logique-1.png\",\"contentUrl\":\"https:\/\/exceladvisor.org\/wp-content\/uploads\/2023\/08\/comment-combiner-si-et-et-les-fonctions-remplacent-le-test-logique-1.png\"},{\"@type\":\"BreadcrumbList\",\"@id\":\"https:\/\/exceladvisor.org\/pt\/se-e-1\/#breadcrumb\",\"itemListElement\":[{\"@type\":\"ListItem\",\"position\":1,\"name\":\"Lar\",\"item\":\"https:\/\/exceladvisor.org\/pt\/\"},{\"@type\":\"ListItem\",\"position\":2,\"name\":\"Como combinar fun\u00e7\u00f5es if e and no excel?\"}]},{\"@type\":\"WebSite\",\"@id\":\"https:\/\/exceladvisor.org\/pt\/#website\",\"url\":\"https:\/\/exceladvisor.org\/pt\/\",\"name\":\"Excel Advisor\",\"description\":\"O seu guia definitivo para dominar os dados!\",\"publisher\":{\"@id\":\"https:\/\/exceladvisor.org\/pt\/#organization\"},\"potentialAction\":[{\"@type\":\"SearchAction\",\"target\":{\"@type\":\"EntryPoint\",\"urlTemplate\":\"https:\/\/exceladvisor.org\/pt\/?s={search_term_string}\"},\"query-input\":{\"@type\":\"PropertyValueSpecification\",\"valueRequired\":true,\"valueName\":\"search_term_string\"}}],\"inLanguage\":\"pt-PT\"},{\"@type\":\"Organization\",\"@id\":\"https:\/\/exceladvisor.org\/pt\/#organization\",\"name\":\"Excel Advisor\",\"url\":\"https:\/\/exceladvisor.org\/pt\/\",\"logo\":{\"@type\":\"ImageObject\",\"inLanguage\":\"pt-PT\",\"@id\":\"https:\/\/exceladvisor.org\/pt\/#\/schema\/logo\/image\/\",\"url\":\"https:\/\/exceladvisor.org\/pt\/wp-content\/uploads\/2023\/12\/exceladvisor.org_.png\",\"contentUrl\":\"https:\/\/exceladvisor.org\/pt\/wp-content\/uploads\/2023\/12\/exceladvisor.org_.png\",\"width\":105,\"height\":36,\"caption\":\"Excel Advisor\"},\"image\":{\"@id\":\"https:\/\/exceladvisor.org\/pt\/#\/schema\/logo\/image\/\"}}]}<\/script>\n<!-- \/ Yoast SEO plugin. -->","yoast_head_json":{"title":"Como usar a combina\u00e7\u00e3o das fun\u00e7\u00f5es SE e AND no Excel","description":"Neste artigo, voc\u00ea aprender\u00e1 como combinar as fun\u00e7\u00f5es IF e AND. Voc\u00ea pode usar AND para testar m\u00faltiplas condi\u00e7\u00f5es e IF para","robots":{"index":"index","follow":"follow","max-snippet":"max-snippet:-1","max-image-preview":"max-image-preview:large","max-video-preview":"max-video-preview:-1"},"canonical":"https:\/\/exceladvisor.org\/pt\/se-e-1\/","og_locale":"pt_PT","og_type":"article","og_title":"Como usar a combina\u00e7\u00e3o das fun\u00e7\u00f5es SE e AND no Excel","og_description":"Neste artigo, voc\u00ea aprender\u00e1 como combinar as fun\u00e7\u00f5es IF e AND. Voc\u00ea pode usar AND para testar m\u00faltiplas condi\u00e7\u00f5es e IF para","og_url":"https:\/\/exceladvisor.org\/pt\/se-e-1\/","og_site_name":"Excel Advisor","article_modified_time":"2023-12-06T11:35:20+00:00","og_image":[{"url":"https:\/\/exceladvisor.org\/wp-content\/uploads\/2023\/08\/comment-combiner-si-et-et-les-fonctions-remplacent-le-test-logique-1.png","type":"","width":"","height":""}],"twitter_card":"summary_large_image","twitter_misc":{"Tempo estimado de leitura":"3 minutos"},"schema":{"@context":"https:\/\/schema.org","@graph":[{"@type":"WebPage","@id":"https:\/\/exceladvisor.org\/pt\/se-e-1\/","url":"https:\/\/exceladvisor.org\/pt\/se-e-1\/","name":"Como usar a combina\u00e7\u00e3o das fun\u00e7\u00f5es SE e AND no Excel","isPartOf":{"@id":"https:\/\/exceladvisor.org\/pt\/#website"},"primaryImageOfPage":{"@id":"https:\/\/exceladvisor.org\/pt\/se-e-1\/#primaryimage"},"image":{"@id":"https:\/\/exceladvisor.org\/pt\/se-e-1\/#primaryimage"},"thumbnailUrl":"https:\/\/exceladvisor.org\/wp-content\/uploads\/2023\/08\/comment-combiner-si-et-et-les-fonctions-remplacent-le-test-logique-1.png","datePublished":"2023-11-15T14:20:43+00:00","dateModified":"2023-12-06T11:35:20+00:00","description":"Neste artigo, voc\u00ea aprender\u00e1 como combinar as fun\u00e7\u00f5es IF e AND. Voc\u00ea pode usar AND para testar m\u00faltiplas condi\u00e7\u00f5es e IF para","breadcrumb":{"@id":"https:\/\/exceladvisor.org\/pt\/se-e-1\/#breadcrumb"},"inLanguage":"pt-PT","potentialAction":[{"@type":"ReadAction","target":["https:\/\/exceladvisor.org\/pt\/se-e-1\/"]}]},{"@type":"ImageObject","inLanguage":"pt-PT","@id":"https:\/\/exceladvisor.org\/pt\/se-e-1\/#primaryimage","url":"https:\/\/exceladvisor.org\/wp-content\/uploads\/2023\/08\/comment-combiner-si-et-et-les-fonctions-remplacent-le-test-logique-1.png","contentUrl":"https:\/\/exceladvisor.org\/wp-content\/uploads\/2023\/08\/comment-combiner-si-et-et-les-fonctions-remplacent-le-test-logique-1.png"},{"@type":"BreadcrumbList","@id":"https:\/\/exceladvisor.org\/pt\/se-e-1\/#breadcrumb","itemListElement":[{"@type":"ListItem","position":1,"name":"Lar","item":"https:\/\/exceladvisor.org\/pt\/"},{"@type":"ListItem","position":2,"name":"Como combinar fun\u00e7\u00f5es if e and no excel?"}]},{"@type":"WebSite","@id":"https:\/\/exceladvisor.org\/pt\/#website","url":"https:\/\/exceladvisor.org\/pt\/","name":"Excel Advisor","description":"O seu guia definitivo para dominar os dados!","publisher":{"@id":"https:\/\/exceladvisor.org\/pt\/#organization"},"potentialAction":[{"@type":"SearchAction","target":{"@type":"EntryPoint","urlTemplate":"https:\/\/exceladvisor.org\/pt\/?s={search_term_string}"},"query-input":{"@type":"PropertyValueSpecification","valueRequired":true,"valueName":"search_term_string"}}],"inLanguage":"pt-PT"},{"@type":"Organization","@id":"https:\/\/exceladvisor.org\/pt\/#organization","name":"Excel Advisor","url":"https:\/\/exceladvisor.org\/pt\/","logo":{"@type":"ImageObject","inLanguage":"pt-PT","@id":"https:\/\/exceladvisor.org\/pt\/#\/schema\/logo\/image\/","url":"https:\/\/exceladvisor.org\/pt\/wp-content\/uploads\/2023\/12\/exceladvisor.org_.png","contentUrl":"https:\/\/exceladvisor.org\/pt\/wp-content\/uploads\/2023\/12\/exceladvisor.org_.png","width":105,"height":36,"caption":"Excel Advisor"},"image":{"@id":"https:\/\/exceladvisor.org\/pt\/#\/schema\/logo\/image\/"}}]}},"yoast_meta":{"yoast_wpseo_title":"","yoast_wpseo_metadesc":"","yoast_wpseo_canonical":""},"_links":{"self":[{"href":"https:\/\/exceladvisor.org\/pt\/wp-json\/wp\/v2\/pages\/125","targetHints":{"allow":["GET"]}}],"collection":[{"href":"https:\/\/exceladvisor.org\/pt\/wp-json\/wp\/v2\/pages"}],"about":[{"href":"https:\/\/exceladvisor.org\/pt\/wp-json\/wp\/v2\/types\/page"}],"author":[{"embeddable":true,"href":"https:\/\/exceladvisor.org\/pt\/wp-json\/wp\/v2\/users\/1"}],"replies":[{"embeddable":true,"href":"https:\/\/exceladvisor.org\/pt\/wp-json\/wp\/v2\/comments?post=125"}],"version-history":[{"count":1,"href":"https:\/\/exceladvisor.org\/pt\/wp-json\/wp\/v2\/pages\/125\/revisions"}],"predecessor-version":[{"id":897,"href":"https:\/\/exceladvisor.org\/pt\/wp-json\/wp\/v2\/pages\/125\/revisions\/897"}],"wp:attachment":[{"href":"https:\/\/exceladvisor.org\/pt\/wp-json\/wp\/v2\/media?parent=125"}],"curies":[{"name":"wp","href":"https:\/\/api.w.org\/{rel}","templated":true}]}}