{"id":126,"date":"2023-11-15T14:06:42","date_gmt":"2023-11-15T14:06:42","guid":{"rendered":"https:\/\/exceladvisor.org\/pt\/pesquisa-bidirecional\/"},"modified":"2023-12-06T11:37:49","modified_gmt":"2023-12-06T11:37:49","slug":"pesquisa-bidirecional","status":"publish","type":"page","link":"https:\/\/exceladvisor.org\/pt\/pesquisa-bidirecional\/","title":{"rendered":"Como fazer uma pesquisa bidirecional no excel?"},"content":{"rendered":"<div class=\"excel-before-content-2\" id=\"excel-567497231\"><script type=\"text\/javascript\">\r\n\tatOptions = {\r\n\t\t'key' : 'c1158f160081d6540a8409e6925dab94',\r\n\t\t'format' : 'iframe',\r\n\t\t'height' : 250,\r\n\t\t'width' : 300,\r\n\t\t'params' : {}\r\n\t};\r\n<\/script>\r\n<script type=\"text\/javascript\" src=\"\/\/www.highperformanceformat.com\/c1158f160081d6540a8409e6925dab94\/invoke.js\"><\/script><\/div><div class=\"excel-before-content\" id=\"excel-3991825014\"><script type=\"text\/javascript\">\r\n\tatOptions = {\r\n\t\t'key' : 'c1158f160081d6540a8409e6925dab94',\r\n\t\t'format' : 'iframe',\r\n\t\t'height' : 250,\r\n\t\t'width' : 300,\r\n\t\t'params' : {}\r\n\t};\r\n<\/script>\r\n<script type=\"text\/javascript\" src=\"\/\/www.highperformanceformat.com\/c1158f160081d6540a8409e6925dab94\/invoke.js\"><\/script><\/div> <p class=\"has-text-align-left\">Isso acontece \u00e0s vezes quando precisamos procurar um valor em uma tabela com base no cabe\u00e7alho da linha e no cabe\u00e7alho da coluna. <\/p><div class=\"wp-block-image\"><figure class=\"aligncenter\"><img decoding=\"async\" src=\"https:\/\/exceladvisor.org\/wp-content\/uploads\/2023\/08\/comment-effectuer-une-recherche-bidirectionnelle-dans-un-tableau-a-deux-dimensions-Excel-1.png\" sizes=\"\" srcset=\"\" alt=\"como realizar uma pesquisa bidirecional em uma tabela bidimensional no Excel\"><\/figure><\/div><p> Suponha que voc\u00ea precise obter os valores da tabela acima para um determinado m\u00eas e zona. Aqui nesta situa\u00e7\u00e3o voc\u00ea pode usar uma pesquisa bidirecional.<\/p><p> A realiza\u00e7\u00e3o de uma pesquisa bidirecional envolve a obten\u00e7\u00e3o de um valor de uma tabela bidimensional. Isso significa que voc\u00ea pode obter um valor de qualquer c\u00e9lula de uma tabela.<\/p><p> E para isso voc\u00ea precisa <a style=\"outline: none;\" href=\"https:\/\/exceladvisor.org\/pt\/correspondencia-vsearch\/\">combinar a fun\u00e7\u00e3o match com VLOOKUP<\/a> .<\/p><p> Como voc\u00ea sabe, um VLOOKUP normal s\u00f3 pode retornar um valor observando uma coluna por vez.<\/p><p> A raz\u00e3o \u00e9 que o argumento col_index de VLOOKUP \u00e9 um valor est\u00e1tico. Mas se voc\u00ea combinar a fun\u00e7\u00e3o de correspond\u00eancia com VLOOKUP, poder\u00e1 torn\u00e1-la din\u00e2mica.<\/p><h2 id=\"h-how-to-use-vlookup-match-for-a-two-way-lookup\" class=\"wp-block-heading\"> Como usar VLOOKUP + MATCH para PESQUISA bidirecional<\/h2><p> Voltemos ao nosso exemplo. Temos uma tabela com a quantidade de vendas mensais para quatro \u00e1reas diferentes de uma empresa. <\/p><div class=\"wp-block-image\"><figure class=\"aligncenter\"><img decoding=\"async\" src=\"https:\/\/exceladvisor.org\/wp-content\/uploads\/2023\/08\/comment-effectuer-une-recherche-bidirectionnelle-dans-un-tableau-a-deux-dimensions-Excel-1.png\" sizes=\"\" srcset=\"\" alt=\"como realizar uma pesquisa bidirecional em uma tabela bidimensional no Excel\"><\/figure><\/div><p> Agora suponha que seu chefe queira verificar a quantidade de uma zona para um determinado m\u00eas (por exemplo: setembro e zona norte). E ele n\u00e3o gosta de olhar para a mesa para isso, e aqui est\u00e1 a f\u00f3rmula: <\/p><pre class=\"wp-block-code\"> <code class=\"language-excel-formula\" lang=\"excel-formula\">=VLOOKUP(month,table,MATCH(zone,heading_row,0),0)<\/code><\/pre><div class=\"wp-block-image\"><figure class=\"aligncenter\"><img decoding=\"async\" src=\"https:\/\/exceladvisor.org\/wp-content\/uploads\/2023\/08\/comment-effectuer-une-recherche-bidirectionnelle-dans-la-formule-Excel-dans-le-tableau-1.png\" sizes=\"\" srcset=\"\" alt=\"como fazer pesquisa bidirecional na f\u00f3rmula do Excel na tabela\"><\/figure><\/div><h3 id=\"h-how-it-works\" class=\"wp-block-heading\"> Como funciona<\/h3><p> Como eu disse antes, precisamos de uma fun\u00e7\u00e3o match para tornar col_index din\u00e2mico. Esta f\u00f3rmula funciona em duas partes. Ao selecionar o campo, a fun\u00e7\u00e3o de correspond\u00eancia retorna a posi\u00e7\u00e3o do campo na linha do cabe\u00e7alho. <\/p><div class=\"wp-block-image\"><figure class=\"aligncenter\"><img decoding=\"async\" src=\"https:\/\/exceladvisor.org\/wp-content\/uploads\/2023\/08\/comment-effectuer-une-recherche-bidirectionnelle-fonction-de-correspondance-inexcel-pour-lindex-col-1.gif\" sizes=\"\" srcset=\"\" alt=\"como fazer uma pesquisa bidirecional na fun\u00e7\u00e3o de correspond\u00eancia do Excel para o \u00edndice col\"><\/figure><\/div><p> E ent\u00e3o VLOOKUP usa esta posi\u00e7\u00e3o para obter o valor desta coluna. <\/p><div class=\"wp-block-image\"><figure class=\"aligncenter\"><img decoding=\"async\" src=\"https:\/\/exceladvisor.org\/wp-content\/uploads\/2023\/08\/comment-effectuer-une-recherche-bidirectionnelle-dans-excel-comment-ca-marche-1.png\" sizes=\"\" srcset=\"\" alt=\"como realizar uma pesquisa bidirecional no excel como funciona\"><\/figure><\/div><p> Cada vez que voc\u00ea selecionar o m\u00eas e a zona, ser\u00e1 retornado o valor que est\u00e1 na interse\u00e7\u00e3o da linha e da coluna. A quest\u00e3o \u00e9 que voc\u00ea tem um col_index din\u00e2mico que permite obter valores de diferentes colunas com VLOOKUP. <\/p><div class=\"gb-container gb-container-bafb25cc gb-container-download-2\"><div class=\"gb-grid-wrapper gb-grid-wrapper-91201309\"><div class=\"gb-grid-column gb-grid-column-15a917ef\"><div class=\"gb-container gb-container-15a917ef\"><h2 class=\"gb-headline gb-headline-f2deb261 gb-headline-text gb-headline-download-2\"> Obtenha o arquivo Excel <\/h2><\/div><\/div><div class=\"gb-grid-column gb-grid-column-18357188\"><div class=\"gb-container gb-container-18357188\"><div class=\"gb-container gb-container-76cbe15e\"> <a class=\"gb-button gb-button-cb63d00a gb-button-text gb-button-download-2\" href=\"https:\/\/exceladvisor.org\/wp-content\/uploads\/2023\/11\/recherche-bidirectionnelle-dans-excel.xlsx\" rel=\"nofollow\">Download<\/a><\/div><\/div><\/div><\/div><\/div><div class=\"gb-container gb-container-0df56012 gb-container-mt\"> <a class=\"gb-button gb-button-f9f432f4 gb-button-text gb-button-mt-button\" href=\"https:\/\/exceladvisor.org\/pt\/formulas\/\">Lista de f\u00f3rmulas do Excel<\/a><h2 class=\"gb-headline gb-headline-233444e8 gb-headline-text gb-headline-mt-heading\"> F\u00f3rmulas relacionadas <\/h2><div class=\"gb-grid-wrapper gb-grid-wrapper-a16fa65c gb-grid-wrapper-mt-grid\"><div class=\"gb-grid-column gb-grid-column-50d07e0d\"><div class=\"gb-container gb-container-50d07e0d\"><ul><li> <a href=\"https:\/\/exceladvisor.org\/pt\/iferror-vlookup\/\">IFERROR com VLOOKUP no Excel para substituir #N\/A no Excel<\/a><\/li><li> <a href=\"https:\/\/exceladvisor.org\/pt\/pesquisa-reversa\/\">PROCV invertido (para tr\u00e1s: da direita para a esquerda) no Excel<\/a><\/li><li> <a href=\"https:\/\/exceladvisor.org\/pt\/correspondencia-vsearch\/\">Combinando VLOOKUP MATCH no Excel<\/a><\/li><li> <a href=\"https:\/\/exceladvisor.org\/pt\/vlookup-varios-criterios\/\">VLOOKUP com v\u00e1rios crit\u00e9rios no Excel<\/a><\/li><li> <a href=\"https:\/\/exceladvisor.org\/pt\/curingas-com-vlookup\/\">Curingas com VLOOKUP no Excel<\/a><\/li><\/ul><\/div><\/div><\/div><\/div>","protected":false},"excerpt":{"rendered":"","protected":false},"author":1,"featured_media":0,"parent":0,"menu_order":0,"comment_status":"open","ping_status":"closed","template":"","meta":{"ub_ctt_via":"","footnotes":""},"class_list":["post-126","page","type-page","status-publish","hentry"],"featured_image_src":null,"yoast_head":"<!-- This site is optimized with the Yoast SEO plugin v25.4 - https:\/\/yoast.com\/wordpress\/plugins\/seo\/ -->\n<title>Como fazer uma pesquisa bidirecional no Excel?<\/title>\n<meta name=\"description\" content=\"Neste artigo, voc\u00ea aprender\u00e1 sobre pesquisa bidirecional. Realizar uma pesquisa bidirecional envolve obter um valor em\" \/>\n<meta name=\"robots\" content=\"index, follow, max-snippet:-1, max-image-preview:large, max-video-preview:-1\" \/>\n<link rel=\"canonical\" href=\"https:\/\/exceladvisor.org\/pt\/pesquisa-bidirecional\/\" \/>\n<meta property=\"og:locale\" content=\"pt_PT\" \/>\n<meta property=\"og:type\" content=\"article\" \/>\n<meta property=\"og:title\" content=\"Como fazer uma pesquisa bidirecional no Excel?\" \/>\n<meta property=\"og:description\" content=\"Neste artigo, voc\u00ea aprender\u00e1 sobre pesquisa bidirecional. Realizar uma pesquisa bidirecional envolve obter um valor em\" \/>\n<meta property=\"og:url\" content=\"https:\/\/exceladvisor.org\/pt\/pesquisa-bidirecional\/\" \/>\n<meta property=\"og:site_name\" content=\"Excel Advisor\" \/>\n<meta property=\"article:modified_time\" content=\"2023-12-06T11:37:49+00:00\" \/>\n<meta property=\"og:image\" content=\"https:\/\/exceladvisor.org\/wp-content\/uploads\/2023\/08\/comment-effectuer-une-recherche-bidirectionnelle-dans-un-tableau-a-deux-dimensions-Excel-1.png\" \/>\n<meta name=\"twitter:card\" content=\"summary_large_image\" \/>\n<meta name=\"twitter:label1\" content=\"Tempo estimado de leitura\" \/>\n\t<meta name=\"twitter:data1\" content=\"2 minutos\" \/>\n<script type=\"application\/ld+json\" class=\"yoast-schema-graph\">{\"@context\":\"https:\/\/schema.org\",\"@graph\":[{\"@type\":\"WebPage\",\"@id\":\"https:\/\/exceladvisor.org\/pt\/pesquisa-bidirecional\/\",\"url\":\"https:\/\/exceladvisor.org\/pt\/pesquisa-bidirecional\/\",\"name\":\"Como fazer uma pesquisa bidirecional no Excel?\",\"isPartOf\":{\"@id\":\"https:\/\/exceladvisor.org\/pt\/#website\"},\"primaryImageOfPage\":{\"@id\":\"https:\/\/exceladvisor.org\/pt\/pesquisa-bidirecional\/#primaryimage\"},\"image\":{\"@id\":\"https:\/\/exceladvisor.org\/pt\/pesquisa-bidirecional\/#primaryimage\"},\"thumbnailUrl\":\"https:\/\/exceladvisor.org\/wp-content\/uploads\/2023\/08\/comment-effectuer-une-recherche-bidirectionnelle-dans-un-tableau-a-deux-dimensions-Excel-1.png\",\"datePublished\":\"2023-11-15T14:06:42+00:00\",\"dateModified\":\"2023-12-06T11:37:49+00:00\",\"description\":\"Neste artigo, voc\u00ea aprender\u00e1 sobre pesquisa bidirecional. Realizar uma pesquisa bidirecional envolve obter um valor em\",\"breadcrumb\":{\"@id\":\"https:\/\/exceladvisor.org\/pt\/pesquisa-bidirecional\/#breadcrumb\"},\"inLanguage\":\"pt-PT\",\"potentialAction\":[{\"@type\":\"ReadAction\",\"target\":[\"https:\/\/exceladvisor.org\/pt\/pesquisa-bidirecional\/\"]}]},{\"@type\":\"ImageObject\",\"inLanguage\":\"pt-PT\",\"@id\":\"https:\/\/exceladvisor.org\/pt\/pesquisa-bidirecional\/#primaryimage\",\"url\":\"https:\/\/exceladvisor.org\/wp-content\/uploads\/2023\/08\/comment-effectuer-une-recherche-bidirectionnelle-dans-un-tableau-a-deux-dimensions-Excel-1.png\",\"contentUrl\":\"https:\/\/exceladvisor.org\/wp-content\/uploads\/2023\/08\/comment-effectuer-une-recherche-bidirectionnelle-dans-un-tableau-a-deux-dimensions-Excel-1.png\"},{\"@type\":\"BreadcrumbList\",\"@id\":\"https:\/\/exceladvisor.org\/pt\/pesquisa-bidirecional\/#breadcrumb\",\"itemListElement\":[{\"@type\":\"ListItem\",\"position\":1,\"name\":\"Lar\",\"item\":\"https:\/\/exceladvisor.org\/pt\/\"},{\"@type\":\"ListItem\",\"position\":2,\"name\":\"Como fazer uma pesquisa bidirecional no excel?\"}]},{\"@type\":\"WebSite\",\"@id\":\"https:\/\/exceladvisor.org\/pt\/#website\",\"url\":\"https:\/\/exceladvisor.org\/pt\/\",\"name\":\"Excel Advisor\",\"description\":\"O seu guia definitivo para dominar os dados!\",\"publisher\":{\"@id\":\"https:\/\/exceladvisor.org\/pt\/#organization\"},\"potentialAction\":[{\"@type\":\"SearchAction\",\"target\":{\"@type\":\"EntryPoint\",\"urlTemplate\":\"https:\/\/exceladvisor.org\/pt\/?s={search_term_string}\"},\"query-input\":{\"@type\":\"PropertyValueSpecification\",\"valueRequired\":true,\"valueName\":\"search_term_string\"}}],\"inLanguage\":\"pt-PT\"},{\"@type\":\"Organization\",\"@id\":\"https:\/\/exceladvisor.org\/pt\/#organization\",\"name\":\"Excel Advisor\",\"url\":\"https:\/\/exceladvisor.org\/pt\/\",\"logo\":{\"@type\":\"ImageObject\",\"inLanguage\":\"pt-PT\",\"@id\":\"https:\/\/exceladvisor.org\/pt\/#\/schema\/logo\/image\/\",\"url\":\"https:\/\/exceladvisor.org\/pt\/wp-content\/uploads\/2023\/12\/exceladvisor.org_.png\",\"contentUrl\":\"https:\/\/exceladvisor.org\/pt\/wp-content\/uploads\/2023\/12\/exceladvisor.org_.png\",\"width\":105,\"height\":36,\"caption\":\"Excel Advisor\"},\"image\":{\"@id\":\"https:\/\/exceladvisor.org\/pt\/#\/schema\/logo\/image\/\"}}]}<\/script>\n<!-- \/ Yoast SEO plugin. -->","yoast_head_json":{"title":"Como fazer uma pesquisa bidirecional no Excel?","description":"Neste artigo, voc\u00ea aprender\u00e1 sobre pesquisa bidirecional. Realizar uma pesquisa bidirecional envolve obter um valor em","robots":{"index":"index","follow":"follow","max-snippet":"max-snippet:-1","max-image-preview":"max-image-preview:large","max-video-preview":"max-video-preview:-1"},"canonical":"https:\/\/exceladvisor.org\/pt\/pesquisa-bidirecional\/","og_locale":"pt_PT","og_type":"article","og_title":"Como fazer uma pesquisa bidirecional no Excel?","og_description":"Neste artigo, voc\u00ea aprender\u00e1 sobre pesquisa bidirecional. Realizar uma pesquisa bidirecional envolve obter um valor em","og_url":"https:\/\/exceladvisor.org\/pt\/pesquisa-bidirecional\/","og_site_name":"Excel Advisor","article_modified_time":"2023-12-06T11:37:49+00:00","og_image":[{"url":"https:\/\/exceladvisor.org\/wp-content\/uploads\/2023\/08\/comment-effectuer-une-recherche-bidirectionnelle-dans-un-tableau-a-deux-dimensions-Excel-1.png","type":"","width":"","height":""}],"twitter_card":"summary_large_image","twitter_misc":{"Tempo estimado de leitura":"2 minutos"},"schema":{"@context":"https:\/\/schema.org","@graph":[{"@type":"WebPage","@id":"https:\/\/exceladvisor.org\/pt\/pesquisa-bidirecional\/","url":"https:\/\/exceladvisor.org\/pt\/pesquisa-bidirecional\/","name":"Como fazer uma pesquisa bidirecional no Excel?","isPartOf":{"@id":"https:\/\/exceladvisor.org\/pt\/#website"},"primaryImageOfPage":{"@id":"https:\/\/exceladvisor.org\/pt\/pesquisa-bidirecional\/#primaryimage"},"image":{"@id":"https:\/\/exceladvisor.org\/pt\/pesquisa-bidirecional\/#primaryimage"},"thumbnailUrl":"https:\/\/exceladvisor.org\/wp-content\/uploads\/2023\/08\/comment-effectuer-une-recherche-bidirectionnelle-dans-un-tableau-a-deux-dimensions-Excel-1.png","datePublished":"2023-11-15T14:06:42+00:00","dateModified":"2023-12-06T11:37:49+00:00","description":"Neste artigo, voc\u00ea aprender\u00e1 sobre pesquisa bidirecional. Realizar uma pesquisa bidirecional envolve obter um valor em","breadcrumb":{"@id":"https:\/\/exceladvisor.org\/pt\/pesquisa-bidirecional\/#breadcrumb"},"inLanguage":"pt-PT","potentialAction":[{"@type":"ReadAction","target":["https:\/\/exceladvisor.org\/pt\/pesquisa-bidirecional\/"]}]},{"@type":"ImageObject","inLanguage":"pt-PT","@id":"https:\/\/exceladvisor.org\/pt\/pesquisa-bidirecional\/#primaryimage","url":"https:\/\/exceladvisor.org\/wp-content\/uploads\/2023\/08\/comment-effectuer-une-recherche-bidirectionnelle-dans-un-tableau-a-deux-dimensions-Excel-1.png","contentUrl":"https:\/\/exceladvisor.org\/wp-content\/uploads\/2023\/08\/comment-effectuer-une-recherche-bidirectionnelle-dans-un-tableau-a-deux-dimensions-Excel-1.png"},{"@type":"BreadcrumbList","@id":"https:\/\/exceladvisor.org\/pt\/pesquisa-bidirecional\/#breadcrumb","itemListElement":[{"@type":"ListItem","position":1,"name":"Lar","item":"https:\/\/exceladvisor.org\/pt\/"},{"@type":"ListItem","position":2,"name":"Como fazer uma pesquisa bidirecional no excel?"}]},{"@type":"WebSite","@id":"https:\/\/exceladvisor.org\/pt\/#website","url":"https:\/\/exceladvisor.org\/pt\/","name":"Excel Advisor","description":"O seu guia definitivo para dominar os dados!","publisher":{"@id":"https:\/\/exceladvisor.org\/pt\/#organization"},"potentialAction":[{"@type":"SearchAction","target":{"@type":"EntryPoint","urlTemplate":"https:\/\/exceladvisor.org\/pt\/?s={search_term_string}"},"query-input":{"@type":"PropertyValueSpecification","valueRequired":true,"valueName":"search_term_string"}}],"inLanguage":"pt-PT"},{"@type":"Organization","@id":"https:\/\/exceladvisor.org\/pt\/#organization","name":"Excel Advisor","url":"https:\/\/exceladvisor.org\/pt\/","logo":{"@type":"ImageObject","inLanguage":"pt-PT","@id":"https:\/\/exceladvisor.org\/pt\/#\/schema\/logo\/image\/","url":"https:\/\/exceladvisor.org\/pt\/wp-content\/uploads\/2023\/12\/exceladvisor.org_.png","contentUrl":"https:\/\/exceladvisor.org\/pt\/wp-content\/uploads\/2023\/12\/exceladvisor.org_.png","width":105,"height":36,"caption":"Excel Advisor"},"image":{"@id":"https:\/\/exceladvisor.org\/pt\/#\/schema\/logo\/image\/"}}]}},"yoast_meta":{"yoast_wpseo_title":"","yoast_wpseo_metadesc":"","yoast_wpseo_canonical":""},"_links":{"self":[{"href":"https:\/\/exceladvisor.org\/pt\/wp-json\/wp\/v2\/pages\/126","targetHints":{"allow":["GET"]}}],"collection":[{"href":"https:\/\/exceladvisor.org\/pt\/wp-json\/wp\/v2\/pages"}],"about":[{"href":"https:\/\/exceladvisor.org\/pt\/wp-json\/wp\/v2\/types\/page"}],"author":[{"embeddable":true,"href":"https:\/\/exceladvisor.org\/pt\/wp-json\/wp\/v2\/users\/1"}],"replies":[{"embeddable":true,"href":"https:\/\/exceladvisor.org\/pt\/wp-json\/wp\/v2\/comments?post=126"}],"version-history":[{"count":1,"href":"https:\/\/exceladvisor.org\/pt\/wp-json\/wp\/v2\/pages\/126\/revisions"}],"predecessor-version":[{"id":1072,"href":"https:\/\/exceladvisor.org\/pt\/wp-json\/wp\/v2\/pages\/126\/revisions\/1072"}],"wp:attachment":[{"href":"https:\/\/exceladvisor.org\/pt\/wp-json\/wp\/v2\/media?parent=126"}],"curies":[{"name":"wp","href":"https:\/\/api.w.org\/{rel}","templated":true}]}}