{"id":127,"date":"2023-11-15T14:02:58","date_gmt":"2023-11-15T14:02:58","guid":{"rendered":"https:\/\/exceladvisor.org\/pt\/mesclar\/"},"modified":"2023-12-06T11:38:23","modified_gmt":"2023-12-06T11:38:23","slug":"mesclar","status":"publish","type":"page","link":"https:\/\/exceladvisor.org\/pt\/mesclar\/","title":{"rendered":"Como mesclar c\u00e9lulas no excel usando c\u00f3digo vba"},"content":{"rendered":"<div class=\"excel-before-content-2\" id=\"excel-3920349490\"><script type=\"text\/javascript\">\r\n\tatOptions = {\r\n\t\t'key' : 'c1158f160081d6540a8409e6925dab94',\r\n\t\t'format' : 'iframe',\r\n\t\t'height' : 250,\r\n\t\t'width' : 300,\r\n\t\t'params' : {}\r\n\t};\r\n<\/script>\r\n<script type=\"text\/javascript\" src=\"\/\/www.highperformanceformat.com\/c1158f160081d6540a8409e6925dab94\/invoke.js\"><\/script><\/div><div class=\"excel-before-content\" id=\"excel-2741240830\"><script type=\"text\/javascript\">\r\n\tatOptions = {\r\n\t\t'key' : 'c1158f160081d6540a8409e6925dab94',\r\n\t\t'format' : 'iframe',\r\n\t\t'height' : 250,\r\n\t\t'width' : 300,\r\n\t\t'params' : {}\r\n\t};\r\n<\/script>\r\n<script type=\"text\/javascript\" src=\"\/\/www.highperformanceformat.com\/c1158f160081d6540a8409e6925dab94\/invoke.js\"><\/script><\/div> <p>No VBA, existe um m\u00e9todo \u201cMERGE\u201d que voc\u00ea pode usar para <strong>mesclar um intervalo de c\u00e9lulas<\/strong> ou at\u00e9 mesmo v\u00e1rios intervalos em um. Este m\u00e9todo possui um argumento &#8220;Across&#8221; que \u00e9 opcional. Se voc\u00ea especificar TRUE, cada linha do intervalo ser\u00e1 mesclada separadamente e, se voc\u00ea especificar FALSE, todo o intervalo ser\u00e1 mesclado em um. <\/p><div class=\"wp-block-image\"><figure class=\"aligncenter size-large is-resized\"><img loading=\"lazy\" decoding=\"async\" class=\"wp-image-52303\" src=\"https:\/\/exceladvisor.org\/wp-content\/uploads\/2023\/08\/1-fusionner-et-dissocier-des-cellules-a-laide-de-vba.png\" sizes=\"auto, \" srcset=\"\" alt=\"mesclar e desagrupar c\u00e9lulas usando vba\" width=\"637\" height=\"74\"><\/figure><\/div><p> <strong>Etapas para usar VBA para mesclar c\u00e9lulas:<\/strong><\/p><ol><li> Primeiro, voc\u00ea precisa definir o intervalo de c\u00e9lulas que deseja mesclar. <br><img loading=\"lazy\" decoding=\"async\" title=\"2-definir-o-intervalo-de-uma-c\u00e9lula-quer-mesclar\" src=\"https:\/\/exceladvisor.org\/wp-content\/uploads\/2023\/08\/2-definir-la-plage-dune-cellule-que-vous-souhaitez-fusionner.png\" sizes=\"auto, \" srcset=\"\" alt=\"define-the-range-of-a-cell-want-to-merge\" width=\"291\" height=\"220\"><\/li><li> Depois disso, digite um ponto (.) para obter a lista de propriedades e m\u00e9todos e selecione \u201cMesclar\u201d dessa lista ou voc\u00ea pode digit\u00e1-lo diretamente. <br><img loading=\"lazy\" decoding=\"async\" title=\"Per\u00edodo de 3 tipos para obter lista de propriedades\" src=\"https:\/\/exceladvisor.org\/wp-content\/uploads\/2023\/08\/3-tapez-un-point-pour-obtenir-la-liste-des-proprietes.png\" sizes=\"auto, \" srcset=\"\" alt=\"type-a-dot-to-get-the-list-of-properties\" width=\"338\" height=\"198\"><\/li><li> Depois disso, voc\u00ea precisa definir o argumento \u201cAcross\u201d como TRUE ou FALSE. <br><img loading=\"lazy\" decoding=\"async\" title=\"Argumento de 4 conjuntos em todos os lugares\" src=\"https:\/\/exceladvisor.org\/wp-content\/uploads\/2023\/08\/4-definir-largument-a-travers.png\" sizes=\"auto, \" srcset=\"\" alt=\"define-the-argument-across\" width=\"365\" height=\"177\"><\/li><li> No final, execute este c\u00f3digo para mesclar o intervalo.<\/li><\/ol><p> Aqui est\u00e1 o c\u00f3digo.<\/p><pre class=\"wp-block-code\"> <code class=\"language-visual-basic\" lang=\"visual-basic\">Range(\"A1:A2\").Merge False<\/code><\/pre><p> E se quiser mesclar linhas em todo o intervalo, voc\u00ea pode usar TRUE para o argumento across. <\/p><div class=\"wp-block-image\"><figure class=\"aligncenter size-large is-resized\"><img loading=\"lazy\" decoding=\"async\" class=\"wp-image-52307\" src=\"https:\/\/exceladvisor.org\/wp-content\/uploads\/2023\/08\/5-tapez-true-si-vous-souhaitez-fusionner-sur-toute-la-plage.png\" sizes=\"auto, \" srcset=\"\" alt=\"digite-true-se-voc\u00ea-deseja-mesclar-no-intervalo\" width=\"657\" height=\"283\"><\/figure><\/div><pre class=\"wp-block-code\"> <code class=\"language-visual-basic\" lang=\"visual-basic\">Selection.Merge Across:=True<\/code><\/pre><p> No c\u00f3digo acima voc\u00ea selecionou como intervalo, m\u00e9todo de mesclagem e atrav\u00e9s como verdadeiro. E mesclou todas as linhas do intervalo selecionado.<\/p><p> Agora, digamos que voc\u00ea queira mesclar o intervalo de c\u00e9lulas de outra planilha, n\u00e3o \u00e9 necess\u00e1rio habilit\u00e1-lo primeiro. Voc\u00ea pode simplesmente consultar a planilha primeiro e depois usar os m\u00e9todos de mesclagem com o renegado que deseja mesclar.<\/p><pre class=\"wp-block-code\"> <code class=\"language-visual-basic\" lang=\"visual-basic\">Worksheets(\"Sheet1\").Range(\"A1:A2\").Merge<\/code><\/pre><p> Da mesma forma, voc\u00ea tamb\u00e9m pode fazer refer\u00eancia a uma pasta de trabalho especificando o nome da pasta de trabalho.<\/p><pre class=\"wp-block-code\"> <code class=\"language-visual-basic\" lang=\"visual-basic\">Workbooks(\"Book1.xlsx\").Worksheets(\"Sheet1\").Range(\"A1:A2\").Merge<\/code><\/pre><h2 class=\"wp-block-heading\"> Mesclar um intervalo e alinhar o conte\u00fado da c\u00e9lula<\/h2><p> Agora, ao mesclar duas ou mais c\u00e9lulas, voc\u00ea precisa alinhar o conte\u00fado que possui na c\u00e9lula. Veja o instant\u00e2neo abaixo, onde voc\u00ea mesclou as c\u00e9lulas A1 e A2 e o valor nas c\u00e9lulas est\u00e1 alinhado na parte inferior. Para resolver esse problema, voc\u00ea pode usar a propriedade de alinhamento e alinhar o conte\u00fado da c\u00e9lula ao centro e ao meio para facilitar a leitura. <\/p><div class=\"wp-block-image\"><figure class=\"aligncenter size-large is-resized\"><img loading=\"lazy\" decoding=\"async\" class=\"wp-image-52308\" src=\"https:\/\/exceladvisor.org\/wp-content\/uploads\/2023\/08\/6-fusionner-une-plage-et-aligner-le-contenu-de-la-cellule.png\" sizes=\"auto, \" srcset=\"\" alt=\"mesclar um intervalo e alinhar o conte\u00fado da c\u00e9lula\" width=\"551\" height=\"450\"><\/figure><\/div><pre class=\"wp-block-code\"> <code class=\"language-visual-basic\" lang=\"visual-basic\">With Range(\"A1:A2\") .Merge .HorizontalAlignment = xlCenter .VerticalAlignment = xlCenter End With<\/code><\/pre><h2 class=\"wp-block-heading\"> Combine o texto e depois mescle<\/h2><p> Vamos falar sobre um cen\u00e1rio da vida real. Voc\u00ea tem texto em um intervalo de c\u00e9lulas e precisa mesclar essas c\u00e9lulas, mas n\u00e3o quer perder o conte\u00fado que possui. Bem, voc\u00ea pode escrever um loop de c\u00f3digo em todo o intervalo usando cada um e combinar o texto e adicion\u00e1-lo ao intervalo mesclado no final. <\/p><div class=\"wp-block-image\"><figure class=\"aligncenter size-large is-resized\"><img loading=\"lazy\" decoding=\"async\" class=\"wp-image-52309\" src=\"https:\/\/exceladvisor.org\/wp-content\/uploads\/2023\/08\/7-combiner-le-test-et-fusionner.png\" sizes=\"auto, \" srcset=\"\" alt=\"combinar-teste-e-mesclagem\" width=\"512\" height=\"588\"><\/figure><\/div><ol><li> Na primeira parte, voc\u00ea tem vari\u00e1veis para usar para armazenar valores de intervalo e defini-los.<\/li><li> Na segunda parte voc\u00ea tem um LOOP para combinar os valores de cada c\u00e9lula para criar uma nova string com ela.<\/li><li> Na terceira parte, mescle o intervalo, adicione a string combinada, aplique quebra de linha e alinhe o conte\u00fado da c\u00e9lula.<\/li><\/ol><p> Aqui est\u00e1 o c\u00f3digo completo.<\/p><pre class=\"wp-block-code\"> <code class=\"language-visual-basic\" lang=\"visual-basic\">Sub vba_merge_with_values() Dim val As String Dim rng As Range Set rng = Range(\"A1:A10\") For Each Cell In rng val = val &amp; \" \" &amp; Cell.Value Next Cell With rng .Merge .Value = Trim(val) .WrapText = True .HorizontalAlignment = xlCenter .VerticalAlignment = xlCenter End With End Sub<\/code><\/pre><div class=\"gb-container gb-container-4db6181c gb-container-mt\"> <a class=\"gb-button gb-button-c5897111 gb-button-text gb-button-mt-button\" href=\"https:\/\/exceladvisor.org\/pt\/vba\/\">O que \u00e9 VBA<\/a><h2 class=\"gb-headline gb-headline-665e5f6b gb-headline-text gb-headline-mt-heading\"> Tutoriais relacionados <\/h2><div class=\"gb-grid-wrapper gb-grid-wrapper-a20baf7c gb-grid-wrapper-mt-grid\"><div class=\"gb-grid-column gb-grid-column-65ddf67e\"><div class=\"gb-container gb-container-65ddf67e\"><ul><li> <a href=\"https:\/\/exceladvisor.org\/pt\/numero-de-linhas\/\">Contar linhas usando VBA no Excel<\/a><\/li><li> <a href=\"https:\/\/exceladvisor.org\/pt\/fonte-de-caracteres\/\">Fonte Excel VBA (cor, tamanho, tipo e negrito)<\/a><\/li><li> <a href=\"https:\/\/exceladvisor.org\/pt\/ocultar-mostrar-linha-da-coluna\/\">Excel VBA Ocultar e mostrar uma coluna ou linha<\/a><\/li><li> <a href=\"https:\/\/exceladvisor.org\/pt\/intervalo-1\/\">Intervalo VBA do Excel \u2013 Trabalhando com intervalo e c\u00e9lulas<\/a><\/li><li> <a href=\"https:\/\/exceladvisor.org\/pt\/fronteiras\/\">Aplicar bordas a uma c\u00e9lula usando VBA no Excel<\/a><\/li><\/ul><\/div><\/div><\/div><\/div>","protected":false},"excerpt":{"rendered":"","protected":false},"author":1,"featured_media":0,"parent":0,"menu_order":0,"comment_status":"open","ping_status":"closed","template":"","meta":{"ub_ctt_via":"","footnotes":""},"class_list":["post-127","page","type-page","status-publish","hentry"],"featured_image_src":null,"yoast_head":"<!-- This site is optimized with the Yoast SEO plugin v25.4 - https:\/\/yoast.com\/wordpress\/plugins\/seo\/ -->\n<title>Como mesclar c\u00e9lulas no Excel usando c\u00f3digo VBA<\/title>\n<meta name=\"description\" content=\"Aqui voc\u00ea aprender\u00e1 como usar o VBA para mesclar c\u00e9lulas (at\u00e9 mesmo v\u00e1rios intervalos em um e alinhar o valor ao centro).\" \/>\n<meta name=\"robots\" content=\"index, follow, max-snippet:-1, max-image-preview:large, max-video-preview:-1\" \/>\n<link rel=\"canonical\" href=\"https:\/\/exceladvisor.org\/pt\/mesclar\/\" \/>\n<meta property=\"og:locale\" content=\"pt_PT\" \/>\n<meta property=\"og:type\" content=\"article\" \/>\n<meta property=\"og:title\" content=\"Como mesclar c\u00e9lulas no Excel usando c\u00f3digo VBA\" \/>\n<meta property=\"og:description\" content=\"Aqui voc\u00ea aprender\u00e1 como usar o VBA para mesclar c\u00e9lulas (at\u00e9 mesmo v\u00e1rios intervalos em um e alinhar o valor ao centro).\" \/>\n<meta property=\"og:url\" content=\"https:\/\/exceladvisor.org\/pt\/mesclar\/\" \/>\n<meta property=\"og:site_name\" content=\"Excel Advisor\" \/>\n<meta property=\"article:modified_time\" content=\"2023-12-06T11:38:23+00:00\" \/>\n<meta property=\"og:image\" content=\"https:\/\/exceladvisor.org\/wp-content\/uploads\/2023\/08\/1-fusionner-et-dissocier-des-cellules-a-laide-de-vba.png\" \/>\n<meta name=\"twitter:card\" content=\"summary_large_image\" \/>\n<meta name=\"twitter:label1\" content=\"Tempo estimado de leitura\" \/>\n\t<meta name=\"twitter:data1\" content=\"3 minutos\" \/>\n<script type=\"application\/ld+json\" class=\"yoast-schema-graph\">{\"@context\":\"https:\/\/schema.org\",\"@graph\":[{\"@type\":\"WebPage\",\"@id\":\"https:\/\/exceladvisor.org\/pt\/mesclar\/\",\"url\":\"https:\/\/exceladvisor.org\/pt\/mesclar\/\",\"name\":\"Como mesclar c\u00e9lulas no Excel usando c\u00f3digo VBA\",\"isPartOf\":{\"@id\":\"https:\/\/exceladvisor.org\/pt\/#website\"},\"primaryImageOfPage\":{\"@id\":\"https:\/\/exceladvisor.org\/pt\/mesclar\/#primaryimage\"},\"image\":{\"@id\":\"https:\/\/exceladvisor.org\/pt\/mesclar\/#primaryimage\"},\"thumbnailUrl\":\"https:\/\/exceladvisor.org\/wp-content\/uploads\/2023\/08\/1-fusionner-et-dissocier-des-cellules-a-laide-de-vba.png\",\"datePublished\":\"2023-11-15T14:02:58+00:00\",\"dateModified\":\"2023-12-06T11:38:23+00:00\",\"description\":\"Aqui voc\u00ea aprender\u00e1 como usar o VBA para mesclar c\u00e9lulas (at\u00e9 mesmo v\u00e1rios intervalos em um e alinhar o valor ao centro).\",\"breadcrumb\":{\"@id\":\"https:\/\/exceladvisor.org\/pt\/mesclar\/#breadcrumb\"},\"inLanguage\":\"pt-PT\",\"potentialAction\":[{\"@type\":\"ReadAction\",\"target\":[\"https:\/\/exceladvisor.org\/pt\/mesclar\/\"]}]},{\"@type\":\"ImageObject\",\"inLanguage\":\"pt-PT\",\"@id\":\"https:\/\/exceladvisor.org\/pt\/mesclar\/#primaryimage\",\"url\":\"https:\/\/exceladvisor.org\/wp-content\/uploads\/2023\/08\/1-fusionner-et-dissocier-des-cellules-a-laide-de-vba.png\",\"contentUrl\":\"https:\/\/exceladvisor.org\/wp-content\/uploads\/2023\/08\/1-fusionner-et-dissocier-des-cellules-a-laide-de-vba.png\"},{\"@type\":\"BreadcrumbList\",\"@id\":\"https:\/\/exceladvisor.org\/pt\/mesclar\/#breadcrumb\",\"itemListElement\":[{\"@type\":\"ListItem\",\"position\":1,\"name\":\"Lar\",\"item\":\"https:\/\/exceladvisor.org\/pt\/\"},{\"@type\":\"ListItem\",\"position\":2,\"name\":\"Como mesclar c\u00e9lulas no excel usando c\u00f3digo vba\"}]},{\"@type\":\"WebSite\",\"@id\":\"https:\/\/exceladvisor.org\/pt\/#website\",\"url\":\"https:\/\/exceladvisor.org\/pt\/\",\"name\":\"Excel Advisor\",\"description\":\"O seu guia definitivo para dominar os dados!\",\"publisher\":{\"@id\":\"https:\/\/exceladvisor.org\/pt\/#organization\"},\"potentialAction\":[{\"@type\":\"SearchAction\",\"target\":{\"@type\":\"EntryPoint\",\"urlTemplate\":\"https:\/\/exceladvisor.org\/pt\/?s={search_term_string}\"},\"query-input\":{\"@type\":\"PropertyValueSpecification\",\"valueRequired\":true,\"valueName\":\"search_term_string\"}}],\"inLanguage\":\"pt-PT\"},{\"@type\":\"Organization\",\"@id\":\"https:\/\/exceladvisor.org\/pt\/#organization\",\"name\":\"Excel Advisor\",\"url\":\"https:\/\/exceladvisor.org\/pt\/\",\"logo\":{\"@type\":\"ImageObject\",\"inLanguage\":\"pt-PT\",\"@id\":\"https:\/\/exceladvisor.org\/pt\/#\/schema\/logo\/image\/\",\"url\":\"https:\/\/exceladvisor.org\/pt\/wp-content\/uploads\/2023\/12\/exceladvisor.org_.png\",\"contentUrl\":\"https:\/\/exceladvisor.org\/pt\/wp-content\/uploads\/2023\/12\/exceladvisor.org_.png\",\"width\":105,\"height\":36,\"caption\":\"Excel Advisor\"},\"image\":{\"@id\":\"https:\/\/exceladvisor.org\/pt\/#\/schema\/logo\/image\/\"}}]}<\/script>\n<!-- \/ Yoast SEO plugin. -->","yoast_head_json":{"title":"Como mesclar c\u00e9lulas no Excel usando c\u00f3digo VBA","description":"Aqui voc\u00ea aprender\u00e1 como usar o VBA para mesclar c\u00e9lulas (at\u00e9 mesmo v\u00e1rios intervalos em um e alinhar o valor ao centro).","robots":{"index":"index","follow":"follow","max-snippet":"max-snippet:-1","max-image-preview":"max-image-preview:large","max-video-preview":"max-video-preview:-1"},"canonical":"https:\/\/exceladvisor.org\/pt\/mesclar\/","og_locale":"pt_PT","og_type":"article","og_title":"Como mesclar c\u00e9lulas no Excel usando c\u00f3digo VBA","og_description":"Aqui voc\u00ea aprender\u00e1 como usar o VBA para mesclar c\u00e9lulas (at\u00e9 mesmo v\u00e1rios intervalos em um e alinhar o valor ao centro).","og_url":"https:\/\/exceladvisor.org\/pt\/mesclar\/","og_site_name":"Excel Advisor","article_modified_time":"2023-12-06T11:38:23+00:00","og_image":[{"url":"https:\/\/exceladvisor.org\/wp-content\/uploads\/2023\/08\/1-fusionner-et-dissocier-des-cellules-a-laide-de-vba.png","type":"","width":"","height":""}],"twitter_card":"summary_large_image","twitter_misc":{"Tempo estimado de leitura":"3 minutos"},"schema":{"@context":"https:\/\/schema.org","@graph":[{"@type":"WebPage","@id":"https:\/\/exceladvisor.org\/pt\/mesclar\/","url":"https:\/\/exceladvisor.org\/pt\/mesclar\/","name":"Como mesclar c\u00e9lulas no Excel usando c\u00f3digo VBA","isPartOf":{"@id":"https:\/\/exceladvisor.org\/pt\/#website"},"primaryImageOfPage":{"@id":"https:\/\/exceladvisor.org\/pt\/mesclar\/#primaryimage"},"image":{"@id":"https:\/\/exceladvisor.org\/pt\/mesclar\/#primaryimage"},"thumbnailUrl":"https:\/\/exceladvisor.org\/wp-content\/uploads\/2023\/08\/1-fusionner-et-dissocier-des-cellules-a-laide-de-vba.png","datePublished":"2023-11-15T14:02:58+00:00","dateModified":"2023-12-06T11:38:23+00:00","description":"Aqui voc\u00ea aprender\u00e1 como usar o VBA para mesclar c\u00e9lulas (at\u00e9 mesmo v\u00e1rios intervalos em um e alinhar o valor ao centro).","breadcrumb":{"@id":"https:\/\/exceladvisor.org\/pt\/mesclar\/#breadcrumb"},"inLanguage":"pt-PT","potentialAction":[{"@type":"ReadAction","target":["https:\/\/exceladvisor.org\/pt\/mesclar\/"]}]},{"@type":"ImageObject","inLanguage":"pt-PT","@id":"https:\/\/exceladvisor.org\/pt\/mesclar\/#primaryimage","url":"https:\/\/exceladvisor.org\/wp-content\/uploads\/2023\/08\/1-fusionner-et-dissocier-des-cellules-a-laide-de-vba.png","contentUrl":"https:\/\/exceladvisor.org\/wp-content\/uploads\/2023\/08\/1-fusionner-et-dissocier-des-cellules-a-laide-de-vba.png"},{"@type":"BreadcrumbList","@id":"https:\/\/exceladvisor.org\/pt\/mesclar\/#breadcrumb","itemListElement":[{"@type":"ListItem","position":1,"name":"Lar","item":"https:\/\/exceladvisor.org\/pt\/"},{"@type":"ListItem","position":2,"name":"Como mesclar c\u00e9lulas no excel usando c\u00f3digo vba"}]},{"@type":"WebSite","@id":"https:\/\/exceladvisor.org\/pt\/#website","url":"https:\/\/exceladvisor.org\/pt\/","name":"Excel Advisor","description":"O seu guia definitivo para dominar os dados!","publisher":{"@id":"https:\/\/exceladvisor.org\/pt\/#organization"},"potentialAction":[{"@type":"SearchAction","target":{"@type":"EntryPoint","urlTemplate":"https:\/\/exceladvisor.org\/pt\/?s={search_term_string}"},"query-input":{"@type":"PropertyValueSpecification","valueRequired":true,"valueName":"search_term_string"}}],"inLanguage":"pt-PT"},{"@type":"Organization","@id":"https:\/\/exceladvisor.org\/pt\/#organization","name":"Excel Advisor","url":"https:\/\/exceladvisor.org\/pt\/","logo":{"@type":"ImageObject","inLanguage":"pt-PT","@id":"https:\/\/exceladvisor.org\/pt\/#\/schema\/logo\/image\/","url":"https:\/\/exceladvisor.org\/pt\/wp-content\/uploads\/2023\/12\/exceladvisor.org_.png","contentUrl":"https:\/\/exceladvisor.org\/pt\/wp-content\/uploads\/2023\/12\/exceladvisor.org_.png","width":105,"height":36,"caption":"Excel Advisor"},"image":{"@id":"https:\/\/exceladvisor.org\/pt\/#\/schema\/logo\/image\/"}}]}},"yoast_meta":{"yoast_wpseo_title":"","yoast_wpseo_metadesc":"","yoast_wpseo_canonical":""},"_links":{"self":[{"href":"https:\/\/exceladvisor.org\/pt\/wp-json\/wp\/v2\/pages\/127","targetHints":{"allow":["GET"]}}],"collection":[{"href":"https:\/\/exceladvisor.org\/pt\/wp-json\/wp\/v2\/pages"}],"about":[{"href":"https:\/\/exceladvisor.org\/pt\/wp-json\/wp\/v2\/types\/page"}],"author":[{"embeddable":true,"href":"https:\/\/exceladvisor.org\/pt\/wp-json\/wp\/v2\/users\/1"}],"replies":[{"embeddable":true,"href":"https:\/\/exceladvisor.org\/pt\/wp-json\/wp\/v2\/comments?post=127"}],"version-history":[{"count":1,"href":"https:\/\/exceladvisor.org\/pt\/wp-json\/wp\/v2\/pages\/127\/revisions"}],"predecessor-version":[{"id":1120,"href":"https:\/\/exceladvisor.org\/pt\/wp-json\/wp\/v2\/pages\/127\/revisions\/1120"}],"wp:attachment":[{"href":"https:\/\/exceladvisor.org\/pt\/wp-json\/wp\/v2\/media?parent=127"}],"curies":[{"name":"wp","href":"https:\/\/api.w.org\/{rel}","templated":true}]}}