{"id":128,"date":"2023-11-15T13:53:32","date_gmt":"2023-11-15T13:53:32","guid":{"rendered":"https:\/\/exceladvisor.org\/pt\/gerar-letras-aleatorias\/"},"modified":"2023-12-06T11:37:55","modified_gmt":"2023-12-06T11:37:55","slug":"gerar-letras-aleatorias","status":"publish","type":"page","link":"https:\/\/exceladvisor.org\/pt\/gerar-letras-aleatorias\/","title":{"rendered":"Como gerar letras aleat\u00f3rias no excel?"},"content":{"rendered":"<div class=\"excel-before-content-2\" id=\"excel-3825671343\"><script type=\"text\/javascript\">\r\n\tatOptions = {\r\n\t\t'key' : 'c1158f160081d6540a8409e6925dab94',\r\n\t\t'format' : 'iframe',\r\n\t\t'height' : 250,\r\n\t\t'width' : 300,\r\n\t\t'params' : {}\r\n\t};\r\n<\/script>\r\n<script type=\"text\/javascript\" src=\"\/\/www.highperformanceformat.com\/c1158f160081d6540a8409e6925dab94\/invoke.js\"><\/script><\/div><div class=\"excel-before-content\" id=\"excel-2352329333\"><script type=\"text\/javascript\">\r\n\tatOptions = {\r\n\t\t'key' : 'c1158f160081d6540a8409e6925dab94',\r\n\t\t'format' : 'iframe',\r\n\t\t'height' : 250,\r\n\t\t'width' : 300,\r\n\t\t'params' : {}\r\n\t};\r\n<\/script>\r\n<script type=\"text\/javascript\" src=\"\/\/www.highperformanceformat.com\/c1158f160081d6540a8409e6925dab94\/invoke.js\"><\/script><\/div> <p>Voc\u00ea j\u00e1 enfrentou uma situa\u00e7\u00e3o em que teve que gerar letras aleat\u00f3rias? Bem, \u00e0s vezes voc\u00ea precisa gerar alfabetos aleat\u00f3rios.<\/p><p> CERTO? No Excel, voc\u00ea tem fun\u00e7\u00f5es como RAND e RANDBETWEEN para gerar n\u00fameros aleat\u00f3rios, mas n\u00e3o temos uma fun\u00e7\u00e3o especial para gerar letras.<\/p><p> Hoje gostaria de compartilhar com voc\u00eas um incr\u00edvel truque de f\u00f3rmula para gerar letras aleat\u00f3rias no Excel. E o melhor \u00e9 que \u00e9 simples e f\u00e1cil de usar.<\/p><h2 id=\"so-what-s-the-formula-to-generate-random-letters-in-excel\" class=\"wp-block-heading\"> Ent\u00e3o, qual \u00e9 a f\u00f3rmula para gerar letras aleat\u00f3rias no Excel?<\/h2><p> Como eu disse, n\u00e3o existe uma fun\u00e7\u00e3o direta no Excel que possa ajud\u00e1-lo a obter letras\/alfabetos aleat\u00f3rios. Por\u00e9m, voc\u00ea pode usar uma <strong><span style=\"color: #000000;\">combina\u00e7\u00e3o de RANDBETWEEN e CHAR<\/span><\/strong> para criar uma f\u00f3rmula para obter letras aleat\u00f3rias.<\/p><h2 id=\"if-you-want-to-generate-capital-random-letters\" class=\"wp-block-heading\"> Se voc\u00ea deseja gerar letras mai\u00fasculas aleat\u00f3rias<\/h2><p> Nesta f\u00f3rmula, voc\u00ea precisa usar 65 e 90 para colocar a letra aleat\u00f3ria em mai\u00fascula. <\/p><pre class=\"wp-block-code\"> <code class=\"language-excel-formula\" lang=\"excel-formula\">=CHAR(RANDBETWEEN(65,90))<\/code><\/pre><div class=\"wp-block-image\"><figure class=\"aligncenter\"><img decoding=\"async\" src=\"https:\/\/exceladvisor.org\/wp-content\/uploads\/2023\/08\/generer-des-lettres-aleatoires-avec-des-majuscules-1.gif\" sizes=\"\" srcset=\"\" alt=\"gerar letras aleat\u00f3rias com mai\u00fasculas\"><\/figure><\/div><h2 id=\"or-if-you-want-to-generate-small-random-letters\" class=\"wp-block-heading\"> Ou se voc\u00ea quiser gerar pequenas letras aleat\u00f3rias:<\/h2><p> Nesta f\u00f3rmula, voc\u00ea precisa usar 97 e 122 para colocar a letra aleat\u00f3ria em mai\u00fascula. <\/p><pre class=\"wp-block-code\"> <code class=\"language-excel-formula\" lang=\"excel-formula\">=CHAR(RANDBETWEEN(97,122))<\/code><\/pre><div class=\"wp-block-image\"><figure class=\"aligncenter\"><img decoding=\"async\" src=\"https:\/\/exceladvisor.org\/wp-content\/uploads\/2023\/08\/generer-des-lettres-aleatoires-avec-des-petites-lettres-1.gif\" sizes=\"\" srcset=\"\" alt=\"gerar letras aleat\u00f3rias com letras min\u00fasculas\"><\/figure><\/div><h2 id=\"how-this-formula-works\" class=\"wp-block-heading\"> Como funciona essa f\u00f3rmula?<\/h2><p> Agora deixe-me contar como essa f\u00f3rmula gera essas letras. <strong><span style=\"color: #000000;\">Em primeiro lugar,<\/span><\/strong> \u00e9 preciso entender que esta f\u00f3rmula funciona em duas partes diferentes. <\/p><div class=\"wp-block-image\"><figure class=\"aligncenter\"><img decoding=\"async\" src=\"https:\/\/exceladvisor.org\/wp-content\/uploads\/2023\/08\/comment-cette-formule-genere-des-lettres-aleatoires-1.png\" sizes=\"\" srcset=\"\" alt=\"como esta f\u00f3rmula gera letras aleat\u00f3rias\"><\/figure><\/div><p> <span style=\"color: #000000;\">Na <strong>primeira parte<\/strong> , voc\u00ea tem a fun\u00e7\u00e3o RANDBETWEEN que pode gerar n\u00fameros aleat\u00f3rios para voc\u00ea.<\/span> <span style=\"color: #000000;\">Voc\u00ea s\u00f3 precisa especificar o n\u00famero mais baixo e o n\u00famero mais alto e ele retornar\u00e1 um n\u00famero aleat\u00f3rio desse intervalo.<\/span> <span style=\"color: #000000;\">Resumindo, voc\u00ea obter\u00e1 um n\u00famero aleat\u00f3rio no resultado do intervalo.<\/span> <\/p><div class=\"wp-block-image\"><figure class=\"aligncenter\"><img decoding=\"async\" src=\"https:\/\/exceladvisor.org\/wp-content\/uploads\/2023\/08\/generer-des-lettres-aleatoires-modifier-randbetween-1.gif\" sizes=\"\" srcset=\"\" alt=\"gerar letras aleat\u00f3rias editar randbetween\"><\/figure><\/div><p> Agora na <strong><span style=\"color: #000000;\">segunda parte<\/span><\/strong> , voc\u00ea tem a fun\u00e7\u00e3o CHAR que pode retornar um caractere espec\u00edfico quando voc\u00ea especifica um n\u00famero nele. Isso significa que para cada caractere existe um n\u00famero espec\u00edfico que voc\u00ea precisa inserir na fun\u00e7\u00e3o CHAR. E os n\u00fameros 65 a 90 representam letras mai\u00fasculas e 97 a 122 letras min\u00fasculas. <\/p><div class=\"wp-block-image\"><figure class=\"aligncenter\"><img decoding=\"async\" src=\"https:\/\/exceladvisor.org\/wp-content\/uploads\/2023\/08\/generer-des-lettres-aleatoires-modifier-le-caractere-1.gif\" sizes=\"\" srcset=\"\" alt=\"gerar letras aleat\u00f3rias modificar caractere\"><\/figure><\/div><p> Se voc\u00ea inserir 65 em CHAR ele retornar\u00e1 &#8216;A&#8217; e para 97 retornar\u00e1 &#8216;a&#8217;.<\/p><h2 id=\"the-bottom-line-is\" class=\"wp-block-heading\"> <strong>O resultado final \u00e9:<\/strong><\/h2><ul><li> Quando voc\u00ea especifica um dos intervalos acima, RANDBETWEEN retorna um n\u00famero aleat\u00f3rio.<\/li><li> E depois disso CHAR retorna um caractere para esse n\u00famero. <\/li><\/ul><div class=\"wp-block-image\"><figure class=\"aligncenter\"><img decoding=\"async\" src=\"https:\/\/exceladvisor.org\/wp-content\/uploads\/2023\/08\/generer-des-lettres-aleatoires-deroulantes-1.gif\" sizes=\"\" srcset=\"\" alt=\"gerar letras suspensas aleat\u00f3rias\"><\/figure><\/div><p> Essa \u00e9 a hist\u00f3ria toda.<\/p><h2 id=\"in-the-end\" class=\"wp-block-heading\"> No final,<\/h2><p> A f\u00f3rmula que voc\u00ea usou acima \u00e9 simples e f\u00e1cil de aplicar, sem d\u00favida. O melhor uso desse m\u00e9todo no mundo real que descobri \u00e9 que voc\u00ea pode gerar grupos aleat\u00f3rios para participantes com base no alfabeto.<\/p><p> <em><strong>Voc\u00ea tem outro m\u00e9todo para criar letras aleat\u00f3rias?<\/strong><\/em><\/p><p> N\u00e3o se esque\u00e7a de compartilhar suas opini\u00f5es comigo na se\u00e7\u00e3o de coment\u00e1rios, eu adoraria ouvir de voc\u00ea e n\u00e3o se esque\u00e7a de compartilhar esta postagem com seus amigos, tenho certeza que eles o far\u00e3o. apreciar\u00e1. <\/p><div class=\"gb-container gb-container-bafb25cc gb-container-download-2\"><div class=\"gb-grid-wrapper gb-grid-wrapper-91201309\"><div class=\"gb-grid-column gb-grid-column-15a917ef\"><div class=\"gb-container gb-container-15a917ef\"><h2 class=\"gb-headline gb-headline-f2deb261 gb-headline-text gb-headline-download-2\"> Obtenha o arquivo Excel <\/h2><\/div><\/div><div class=\"gb-grid-column gb-grid-column-18357188\"><div class=\"gb-container gb-container-18357188\"><div class=\"gb-container gb-container-76cbe15e\"> <a class=\"gb-button gb-button-cb63d00a gb-button-text gb-button-download-2\" href=\"https:\/\/exceladvisor.org\/wp-content\/uploads\/2023\/11\/lettres-aleatoires.xlsx\" rel=\"nofollow\">Download<\/a><\/div><\/div><\/div><\/div><\/div><div class=\"gb-container gb-container-0df56012 gb-container-mt\"> <a class=\"gb-button gb-button-f9f432f4 gb-button-text gb-button-mt-button\" href=\"https:\/\/exceladvisor.org\/pt\/formulas\/\">Lista de f\u00f3rmulas do Excel<\/a><h2 class=\"gb-headline gb-headline-233444e8 gb-headline-text gb-headline-mt-heading\"> F\u00f3rmulas relacionadas <\/h2><div class=\"gb-grid-wrapper gb-grid-wrapper-a16fa65c gb-grid-wrapper-mt-grid\"><div class=\"gb-grid-column gb-grid-column-50d07e0d\"><div class=\"gb-container gb-container-50d07e0d\"><ul><li> <a href=\"https:\/\/exceladvisor.org\/pt\/filtro-horizontal\/\">Crie um filtro horizontal no Excel<\/a><\/li><li> <a href=\"https:\/\/exceladvisor.org\/pt\/classificacao-por-estrelas\/\">Crie um modelo de classifica\u00e7\u00e3o por estrelas no Excel<\/a><\/li><li> <a href=\"https:\/\/exceladvisor.org\/pt\/obter-o-nome-do-arquivo\/\">Obtenha o nome do arquivo no Excel<\/a><\/li><li> <a href=\"https:\/\/exceladvisor.org\/pt\/obter-o-nome-da-planilha\/\">Obtenha o nome da planilha no Excel<\/a><\/li><li> <a href=\"https:\/\/exceladvisor.org\/pt\/randomizar-a-lista\/\">Randomizar uma lista (classifica\u00e7\u00e3o aleat\u00f3ria) no Excel<\/a> <\/li><\/ul><\/div><\/div><div class=\"gb-grid-column gb-grid-column-5b4a0cf9\"><div class=\"gb-container gb-container-5b4a0cf9\"><\/div><\/div><\/div><\/div>","protected":false},"excerpt":{"rendered":"","protected":false},"author":1,"featured_media":0,"parent":0,"menu_order":0,"comment_status":"open","ping_status":"closed","template":"","meta":{"ub_ctt_via":"","footnotes":""},"class_list":["post-128","page","type-page","status-publish","hentry"],"featured_image_src":null,"yoast_head":"<!-- This site is optimized with the Yoast SEO plugin v25.4 - https:\/\/yoast.com\/wordpress\/plugins\/seo\/ -->\n<title>Como gerar letras aleat\u00f3rias no Excel? (2023)<\/title>\n<meta name=\"description\" content=\"Hoje vou compartilhar com voc\u00eas um incr\u00edvel truque de f\u00f3rmula para gerar letras aleat\u00f3rias no Excel. E, o melhor\" \/>\n<meta name=\"robots\" content=\"index, follow, max-snippet:-1, max-image-preview:large, max-video-preview:-1\" \/>\n<link rel=\"canonical\" href=\"https:\/\/exceladvisor.org\/pt\/gerar-letras-aleatorias\/\" \/>\n<meta property=\"og:locale\" content=\"pt_PT\" \/>\n<meta property=\"og:type\" content=\"article\" \/>\n<meta property=\"og:title\" content=\"Como gerar letras aleat\u00f3rias no Excel? (2023)\" \/>\n<meta property=\"og:description\" content=\"Hoje vou compartilhar com voc\u00eas um incr\u00edvel truque de f\u00f3rmula para gerar letras aleat\u00f3rias no Excel. E, o melhor\" \/>\n<meta property=\"og:url\" content=\"https:\/\/exceladvisor.org\/pt\/gerar-letras-aleatorias\/\" \/>\n<meta property=\"og:site_name\" content=\"Excel Advisor\" \/>\n<meta property=\"article:modified_time\" content=\"2023-12-06T11:37:55+00:00\" \/>\n<meta property=\"og:image\" content=\"https:\/\/exceladvisor.org\/wp-content\/uploads\/2023\/08\/generer-des-lettres-aleatoires-avec-des-majuscules-1.gif\" \/>\n<meta name=\"twitter:card\" content=\"summary_large_image\" \/>\n<meta name=\"twitter:label1\" content=\"Tempo estimado de leitura\" \/>\n\t<meta name=\"twitter:data1\" content=\"3 minutos\" \/>\n<script type=\"application\/ld+json\" class=\"yoast-schema-graph\">{\"@context\":\"https:\/\/schema.org\",\"@graph\":[{\"@type\":\"WebPage\",\"@id\":\"https:\/\/exceladvisor.org\/pt\/gerar-letras-aleatorias\/\",\"url\":\"https:\/\/exceladvisor.org\/pt\/gerar-letras-aleatorias\/\",\"name\":\"Como gerar letras aleat\u00f3rias no Excel? (2023)\",\"isPartOf\":{\"@id\":\"https:\/\/exceladvisor.org\/pt\/#website\"},\"primaryImageOfPage\":{\"@id\":\"https:\/\/exceladvisor.org\/pt\/gerar-letras-aleatorias\/#primaryimage\"},\"image\":{\"@id\":\"https:\/\/exceladvisor.org\/pt\/gerar-letras-aleatorias\/#primaryimage\"},\"thumbnailUrl\":\"https:\/\/exceladvisor.org\/wp-content\/uploads\/2023\/08\/generer-des-lettres-aleatoires-avec-des-majuscules-1.gif\",\"datePublished\":\"2023-11-15T13:53:32+00:00\",\"dateModified\":\"2023-12-06T11:37:55+00:00\",\"description\":\"Hoje vou compartilhar com voc\u00eas um incr\u00edvel truque de f\u00f3rmula para gerar letras aleat\u00f3rias no Excel. E, o melhor\",\"breadcrumb\":{\"@id\":\"https:\/\/exceladvisor.org\/pt\/gerar-letras-aleatorias\/#breadcrumb\"},\"inLanguage\":\"pt-PT\",\"potentialAction\":[{\"@type\":\"ReadAction\",\"target\":[\"https:\/\/exceladvisor.org\/pt\/gerar-letras-aleatorias\/\"]}]},{\"@type\":\"ImageObject\",\"inLanguage\":\"pt-PT\",\"@id\":\"https:\/\/exceladvisor.org\/pt\/gerar-letras-aleatorias\/#primaryimage\",\"url\":\"https:\/\/exceladvisor.org\/wp-content\/uploads\/2023\/08\/generer-des-lettres-aleatoires-avec-des-majuscules-1.gif\",\"contentUrl\":\"https:\/\/exceladvisor.org\/wp-content\/uploads\/2023\/08\/generer-des-lettres-aleatoires-avec-des-majuscules-1.gif\"},{\"@type\":\"BreadcrumbList\",\"@id\":\"https:\/\/exceladvisor.org\/pt\/gerar-letras-aleatorias\/#breadcrumb\",\"itemListElement\":[{\"@type\":\"ListItem\",\"position\":1,\"name\":\"Lar\",\"item\":\"https:\/\/exceladvisor.org\/pt\/\"},{\"@type\":\"ListItem\",\"position\":2,\"name\":\"Como gerar letras aleat\u00f3rias no excel?\"}]},{\"@type\":\"WebSite\",\"@id\":\"https:\/\/exceladvisor.org\/pt\/#website\",\"url\":\"https:\/\/exceladvisor.org\/pt\/\",\"name\":\"Excel Advisor\",\"description\":\"O seu guia definitivo para dominar os dados!\",\"publisher\":{\"@id\":\"https:\/\/exceladvisor.org\/pt\/#organization\"},\"potentialAction\":[{\"@type\":\"SearchAction\",\"target\":{\"@type\":\"EntryPoint\",\"urlTemplate\":\"https:\/\/exceladvisor.org\/pt\/?s={search_term_string}\"},\"query-input\":{\"@type\":\"PropertyValueSpecification\",\"valueRequired\":true,\"valueName\":\"search_term_string\"}}],\"inLanguage\":\"pt-PT\"},{\"@type\":\"Organization\",\"@id\":\"https:\/\/exceladvisor.org\/pt\/#organization\",\"name\":\"Excel Advisor\",\"url\":\"https:\/\/exceladvisor.org\/pt\/\",\"logo\":{\"@type\":\"ImageObject\",\"inLanguage\":\"pt-PT\",\"@id\":\"https:\/\/exceladvisor.org\/pt\/#\/schema\/logo\/image\/\",\"url\":\"https:\/\/exceladvisor.org\/pt\/wp-content\/uploads\/2023\/12\/exceladvisor.org_.png\",\"contentUrl\":\"https:\/\/exceladvisor.org\/pt\/wp-content\/uploads\/2023\/12\/exceladvisor.org_.png\",\"width\":105,\"height\":36,\"caption\":\"Excel Advisor\"},\"image\":{\"@id\":\"https:\/\/exceladvisor.org\/pt\/#\/schema\/logo\/image\/\"}}]}<\/script>\n<!-- \/ Yoast SEO plugin. -->","yoast_head_json":{"title":"Como gerar letras aleat\u00f3rias no Excel? (2023)","description":"Hoje vou compartilhar com voc\u00eas um incr\u00edvel truque de f\u00f3rmula para gerar letras aleat\u00f3rias no Excel. E, o melhor","robots":{"index":"index","follow":"follow","max-snippet":"max-snippet:-1","max-image-preview":"max-image-preview:large","max-video-preview":"max-video-preview:-1"},"canonical":"https:\/\/exceladvisor.org\/pt\/gerar-letras-aleatorias\/","og_locale":"pt_PT","og_type":"article","og_title":"Como gerar letras aleat\u00f3rias no Excel? (2023)","og_description":"Hoje vou compartilhar com voc\u00eas um incr\u00edvel truque de f\u00f3rmula para gerar letras aleat\u00f3rias no Excel. E, o melhor","og_url":"https:\/\/exceladvisor.org\/pt\/gerar-letras-aleatorias\/","og_site_name":"Excel Advisor","article_modified_time":"2023-12-06T11:37:55+00:00","og_image":[{"url":"https:\/\/exceladvisor.org\/wp-content\/uploads\/2023\/08\/generer-des-lettres-aleatoires-avec-des-majuscules-1.gif","type":"","width":"","height":""}],"twitter_card":"summary_large_image","twitter_misc":{"Tempo estimado de leitura":"3 minutos"},"schema":{"@context":"https:\/\/schema.org","@graph":[{"@type":"WebPage","@id":"https:\/\/exceladvisor.org\/pt\/gerar-letras-aleatorias\/","url":"https:\/\/exceladvisor.org\/pt\/gerar-letras-aleatorias\/","name":"Como gerar letras aleat\u00f3rias no Excel? (2023)","isPartOf":{"@id":"https:\/\/exceladvisor.org\/pt\/#website"},"primaryImageOfPage":{"@id":"https:\/\/exceladvisor.org\/pt\/gerar-letras-aleatorias\/#primaryimage"},"image":{"@id":"https:\/\/exceladvisor.org\/pt\/gerar-letras-aleatorias\/#primaryimage"},"thumbnailUrl":"https:\/\/exceladvisor.org\/wp-content\/uploads\/2023\/08\/generer-des-lettres-aleatoires-avec-des-majuscules-1.gif","datePublished":"2023-11-15T13:53:32+00:00","dateModified":"2023-12-06T11:37:55+00:00","description":"Hoje vou compartilhar com voc\u00eas um incr\u00edvel truque de f\u00f3rmula para gerar letras aleat\u00f3rias no Excel. E, o melhor","breadcrumb":{"@id":"https:\/\/exceladvisor.org\/pt\/gerar-letras-aleatorias\/#breadcrumb"},"inLanguage":"pt-PT","potentialAction":[{"@type":"ReadAction","target":["https:\/\/exceladvisor.org\/pt\/gerar-letras-aleatorias\/"]}]},{"@type":"ImageObject","inLanguage":"pt-PT","@id":"https:\/\/exceladvisor.org\/pt\/gerar-letras-aleatorias\/#primaryimage","url":"https:\/\/exceladvisor.org\/wp-content\/uploads\/2023\/08\/generer-des-lettres-aleatoires-avec-des-majuscules-1.gif","contentUrl":"https:\/\/exceladvisor.org\/wp-content\/uploads\/2023\/08\/generer-des-lettres-aleatoires-avec-des-majuscules-1.gif"},{"@type":"BreadcrumbList","@id":"https:\/\/exceladvisor.org\/pt\/gerar-letras-aleatorias\/#breadcrumb","itemListElement":[{"@type":"ListItem","position":1,"name":"Lar","item":"https:\/\/exceladvisor.org\/pt\/"},{"@type":"ListItem","position":2,"name":"Como gerar letras aleat\u00f3rias no excel?"}]},{"@type":"WebSite","@id":"https:\/\/exceladvisor.org\/pt\/#website","url":"https:\/\/exceladvisor.org\/pt\/","name":"Excel Advisor","description":"O seu guia definitivo para dominar os dados!","publisher":{"@id":"https:\/\/exceladvisor.org\/pt\/#organization"},"potentialAction":[{"@type":"SearchAction","target":{"@type":"EntryPoint","urlTemplate":"https:\/\/exceladvisor.org\/pt\/?s={search_term_string}"},"query-input":{"@type":"PropertyValueSpecification","valueRequired":true,"valueName":"search_term_string"}}],"inLanguage":"pt-PT"},{"@type":"Organization","@id":"https:\/\/exceladvisor.org\/pt\/#organization","name":"Excel Advisor","url":"https:\/\/exceladvisor.org\/pt\/","logo":{"@type":"ImageObject","inLanguage":"pt-PT","@id":"https:\/\/exceladvisor.org\/pt\/#\/schema\/logo\/image\/","url":"https:\/\/exceladvisor.org\/pt\/wp-content\/uploads\/2023\/12\/exceladvisor.org_.png","contentUrl":"https:\/\/exceladvisor.org\/pt\/wp-content\/uploads\/2023\/12\/exceladvisor.org_.png","width":105,"height":36,"caption":"Excel Advisor"},"image":{"@id":"https:\/\/exceladvisor.org\/pt\/#\/schema\/logo\/image\/"}}]}},"yoast_meta":{"yoast_wpseo_title":"","yoast_wpseo_metadesc":"","yoast_wpseo_canonical":""},"_links":{"self":[{"href":"https:\/\/exceladvisor.org\/pt\/wp-json\/wp\/v2\/pages\/128","targetHints":{"allow":["GET"]}}],"collection":[{"href":"https:\/\/exceladvisor.org\/pt\/wp-json\/wp\/v2\/pages"}],"about":[{"href":"https:\/\/exceladvisor.org\/pt\/wp-json\/wp\/v2\/types\/page"}],"author":[{"embeddable":true,"href":"https:\/\/exceladvisor.org\/pt\/wp-json\/wp\/v2\/users\/1"}],"replies":[{"embeddable":true,"href":"https:\/\/exceladvisor.org\/pt\/wp-json\/wp\/v2\/comments?post=128"}],"version-history":[{"count":1,"href":"https:\/\/exceladvisor.org\/pt\/wp-json\/wp\/v2\/pages\/128\/revisions"}],"predecessor-version":[{"id":1080,"href":"https:\/\/exceladvisor.org\/pt\/wp-json\/wp\/v2\/pages\/128\/revisions\/1080"}],"wp:attachment":[{"href":"https:\/\/exceladvisor.org\/pt\/wp-json\/wp\/v2\/media?parent=128"}],"curies":[{"name":"wp","href":"https:\/\/api.w.org\/{rel}","templated":true}]}}