{"id":13,"date":"2023-11-22T03:33:36","date_gmt":"2023-11-22T03:33:36","guid":{"rendered":"https:\/\/exceladvisor.org\/pt\/vantagens-do-microsoft-excel\/"},"modified":"2023-12-06T11:51:23","modified_gmt":"2023-12-06T11:51:23","slug":"vantagens-do-microsoft-excel","status":"publish","type":"page","link":"https:\/\/exceladvisor.org\/pt\/vantagens-do-microsoft-excel\/","title":{"rendered":"Os 10 principais benef\u00edcios do microsoft excel"},"content":{"rendered":"<div class=\"excel-before-content-2\" id=\"excel-641365642\"><script type=\"text\/javascript\">\r\n\tatOptions = {\r\n\t\t'key' : 'c1158f160081d6540a8409e6925dab94',\r\n\t\t'format' : 'iframe',\r\n\t\t'height' : 250,\r\n\t\t'width' : 300,\r\n\t\t'params' : {}\r\n\t};\r\n<\/script>\r\n<script type=\"text\/javascript\" src=\"\/\/www.highperformanceformat.com\/c1158f160081d6540a8409e6925dab94\/invoke.js\"><\/script><\/div><div class=\"excel-before-content\" id=\"excel-2374096222\"><script type=\"text\/javascript\">\r\n\tatOptions = {\r\n\t\t'key' : 'c1158f160081d6540a8409e6925dab94',\r\n\t\t'format' : 'iframe',\r\n\t\t'height' : 250,\r\n\t\t'width' : 300,\r\n\t\t'params' : {}\r\n\t};\r\n<\/script>\r\n<script type=\"text\/javascript\" src=\"\/\/www.highperformanceformat.com\/c1158f160081d6540a8409e6925dab94\/invoke.js\"><\/script><\/div> <p>Por ser o aplicativo de planilha mais importante do planeta, o Microsoft Excel traz muitas vantagens para quem sabe utiliz\u00e1-lo.<\/p><p> E se voc\u00ea \u00e9 uma daquelas pessoas <a href=\"https:\/\/exceladvisor.org\/pt\/nocoes-basicas-de-excel\/\">que quer aprender<\/a> e se pergunta como isso pode te ajudar no seu trabalho, listei aqui os dez principais benef\u00edcios do Microsoft Excel.<\/p><h2 class=\"wp-block-heading\"> 10 benef\u00edcios do Microsoft Excel<\/h2><ol><li> Melhor maneira de armazenar dados<\/li><li> Voc\u00ea pode realizar c\u00e1lculos<\/li><li> Todas as ferramentas de an\u00e1lise de dados<\/li><li> Visualiza\u00e7\u00f5es f\u00e1ceis de dados com gr\u00e1ficos<\/li><li> Voc\u00ea pode imprimir relat\u00f3rios facilmente<\/li><li> Muitos modelos gratuitos para usar<\/li><li> Voc\u00ea pode codificar para aut\u00f4mato<\/li><li> Transforme e limpe dados<\/li><li> Armazene dados com milh\u00f5es de linhas<\/li><li> Voc\u00ea pode trabalhar com Excel online + aplicativo m\u00f3vel<\/li><\/ol><h3 class=\"wp-block-heading\"> 1. A melhor forma de armazenar dados<\/h3><p> Mesmo que voc\u00ea n\u00e3o use nenhuma das op\u00e7\u00f5es ou ferramentas que o Excel oferece, \u00e9 a melhor forma de armazenar dados. Por que digo isso porque o Excel \u00e9 um tipo de aplicativo usado por milh\u00f5es de pessoas. <\/p><div class=\"wp-block-image\"><figure class=\"aligncenter size-large is-resized\"><img loading=\"lazy\" decoding=\"async\" class=\"wp-image-48570\" src=\"https:\/\/exceladvisor.org\/wp-content\/uploads\/2023\/08\/1-meilleure-facon-de-stocker-des-donnees.png\" sizes=\"auto, \" srcset=\"\" alt=\"Melhor maneira de armazenar dados\" width=\"579\" height=\"108\"><\/figure><\/div><p> Assim, quando voc\u00ea armazena dados no Excel e depois os compartilha com outras pessoas, elas podem acess\u00e1-los facilmente.<\/p><h3 class=\"wp-block-heading\"> 2. Voc\u00ea pode fazer c\u00e1lculos<\/h3><p> O que faz do Excel a melhor planilha do mundo \u00e9 sua capacidade de realizar c\u00e1lculos. No Excel, voc\u00ea tem uma lista abrangente de fun\u00e7\u00f5es que pode usar para c\u00e1lculos. <\/p><div class=\"wp-block-image\"><figure class=\"aligncenter size-large is-resized\"><img loading=\"lazy\" decoding=\"async\" class=\"wp-image-48571\" src=\"https:\/\/exceladvisor.org\/wp-content\/uploads\/2023\/08\/2-effectuer-des-calculs.png\" sizes=\"auto, \" srcset=\"\" alt=\"realizar c\u00e1lculos\" width=\"569\" height=\"141\"><\/figure><\/div><p> Basicamente, uma fun\u00e7\u00e3o do Excel \u00e9 uma f\u00f3rmula predefinida que retorna um resultado espec\u00edfico com base nos valores que voc\u00ea especifica.<\/p><p> Mas, al\u00e9m disso, voc\u00ea tamb\u00e9m pode criar suas pr\u00f3prias f\u00f3rmulas combinando duas ou mais fun\u00e7\u00f5es ou simplesmente realizando c\u00e1lculos usando operadores.<\/p><ul><li> <a href=\"https:\/\/exceladvisor.org\/pt\/formulas\/\">Lista de mais de 100 f\u00f3rmulas do Excel<\/a><\/li><li> <a href=\"https:\/\/exceladvisor.org\/pt\/funcoes-do-excel\/\">Lista de mais de 100 fun\u00e7\u00f5es do Excel<\/a><\/li><\/ul><p> <em><strong>F\u00f3rmulas R\u00e1pidas:<\/strong> <a href=\"https:\/\/exceladvisor.org\/pt\/calcular-diferenca-horaria\/\">Calcular Diferen\u00e7a de Tempo<\/a> \u2013 <a href=\"https:\/\/exceladvisor.org\/pt\/juros-compostos\/\">Juros Compostos<\/a> \u2013 <a href=\"https:\/\/exceladvisor.org\/pt\/contar-celulas-com-texto\/\">Contar C\u00e9lulas com Texto<\/a> \u2013 <a href=\"https:\/\/exceladvisor.org\/pt\/contar-valores-unicos-1\/\">Contar Valores \u00danicos<\/a> \u2013 <a href=\"https:\/\/exceladvisor.org\/pt\/trimestre\/\">F\u00f3rmula Trimestral<\/a><\/em><\/p><h3 class=\"wp-block-heading\"> 3. Todas as ferramentas de an\u00e1lise de dados<\/h3><p> A principal raz\u00e3o para ter dados \u00e9 analis\u00e1-los e aprender com eles. A boa not\u00edcia \u00e9 que o Excel possui algumas das ferramentas mais poderosas para an\u00e1lise de dados.<\/p><p> Imagine que voc\u00ea tem dados com milhares de linhas, voc\u00ea pode inserir uma tabela din\u00e2mica a partir desses dados e criar uma tabela resumo. <\/p><div class=\"wp-block-image\"><figure class=\"aligncenter size-large is-resized\"><img loading=\"lazy\" decoding=\"async\" class=\"wp-image-48572\" src=\"https:\/\/exceladvisor.org\/wp-content\/uploads\/2023\/08\/3-analyses-ata.png\" sizes=\"auto, \" srcset=\"\" alt=\"an\u00e1lise de dados\" width=\"497\" height=\"270\"><\/figure><\/div><p> <em>Algumas das coisas que voc\u00ea pode fazer com tabelas din\u00e2micas para analisar dados: <a href=\"https:\/\/exceladvisor.org\/pt\/datas-do-grupo\/\">Agrupamento de datas em uma tabela din\u00e2mica<\/a> \u2013 <a href=\"https:\/\/exceladvisor.org\/pt\/aplicar-formatacao-condicional\/\">Formata\u00e7\u00e3o condicional em uma tabela din\u00e2mica<\/a> \u2013 <a href=\"https:\/\/exceladvisor.org\/pt\/coluna-de-classificacoes\/\">Classifica\u00e7\u00e3o de coluna em uma tabela din\u00e2mica<\/a> \u2013 <a href=\"https:\/\/exceladvisor.org\/pt\/filtro-de-linha-do-tempo\/\">Adicionando uma linha do tempo de data a uma tabela din\u00e2mica de tabela din\u00e2mica<\/a> \u2013 <a href=\"https:\/\/exceladvisor.org\/pt\/total-cumulativo\/\">Executando coluna total em uma tabela din\u00e2mica Tabela<\/a><\/em><\/p><h3 class=\"wp-block-heading\"> 4. F\u00e1cil de criar visualiza\u00e7\u00f5es de dados com gr\u00e1ficos<\/h3><p> No Excel voc\u00ea tem todas essas op\u00e7\u00f5es para criar gr\u00e1ficos e apresentar seus dados visualmente. Todos esses principais tipos de gr\u00e1ficos que voc\u00ea precisa usar para apresentar seus dados j\u00e1 est\u00e3o l\u00e1 e voc\u00ea pode inseri-los com apenas um clique.<\/p><p> Se voc\u00ea for at\u00e9 a aba Inserir, no grupo Gr\u00e1ficos, voc\u00ea encontrar\u00e1 todos os gr\u00e1ficos que pode inserir. <\/p><div class=\"wp-block-image\"><figure class=\"aligncenter size-large is-resized\"><img loading=\"lazy\" decoding=\"async\" class=\"wp-image-48573\" src=\"https:\/\/exceladvisor.org\/wp-content\/uploads\/2023\/08\/4-graphiques-de-visualisation-de-donnees.png\" sizes=\"auto, \" srcset=\"\" alt=\"gr\u00e1fico de visualiza\u00e7\u00e3o de dados\" width=\"531\" height=\"114\"><\/figure><\/div><p> Al\u00e9m disso, h\u00e1 tamb\u00e9m um bot\u00e3o chamado Gr\u00e1ficos Recomendados que voc\u00ea pode usar para permitir que o Microsoft Excel recomende o melhor gr\u00e1fico poss\u00edvel para usar com os dados que voc\u00ea tem em sua planilha. <\/p><div class=\"wp-block-image\"><figure class=\"aligncenter size-large is-resized\"><img loading=\"lazy\" decoding=\"async\" class=\"wp-image-48574\" src=\"https:\/\/exceladvisor.org\/wp-content\/uploads\/2023\/08\/5-insert-graphique.png\" sizes=\"auto, \" srcset=\"\" alt=\"gr\u00e1fico de inser\u00e7\u00e3o\" width=\"551\" height=\"424\"><\/figure><\/div><p> E se achar que precisa de algo diferente dos gr\u00e1ficos padr\u00e3o, voc\u00ea tem a op\u00e7\u00e3o de criar gr\u00e1ficos avan\u00e7ados usando m\u00e9todos espec\u00edficos.<\/p><p> Aqui temos uma lista dos<a href=\"https:\/\/exceladvisor.org\/pt\/graficos-avancados\/\" target=\"_blank\" rel=\"noreferrer noopener\">10 melhores gr\u00e1ficos avan\u00e7ados do Excel<\/a> que voc\u00ea pode usar no Excel. E voc\u00ea tamb\u00e9m pode criar gr\u00e1ficos nas c\u00e9lulas para tornar seus dados facilmente compreens\u00edveis para todos.<\/p><h3 class=\"wp-block-heading\"> 5. Voc\u00ea pode imprimir relat\u00f3rios facilmente<\/h3><p> Mesmo que voc\u00ea goste de salvar \u00e1rvores, pode ser necess\u00e1rio imprimir relat\u00f3rios para compartilhar com outras pessoas ou mostr\u00e1-los a algu\u00e9m.<\/p><p> Pois bem, o Excel permite imprimir com muita personaliza\u00e7\u00e3o onde voc\u00ea pode alterar a margem, tamanho do papel, orienta\u00e7\u00e3o, etc. <\/p><div class=\"wp-block-image\"><figure class=\"aligncenter size-large is-resized\"><img loading=\"lazy\" decoding=\"async\" class=\"wp-image-48575\" src=\"https:\/\/exceladvisor.org\/wp-content\/uploads\/2023\/08\/6-impression-facile.png\" sizes=\"auto, \" srcset=\"\" alt=\"impress\u00e3o f\u00e1cil\" width=\"368\" height=\"134\"><\/figure><\/div><p> Existem v\u00e1rias op\u00e7\u00f5es que voc\u00ea pode usar para o layout antes de imprimir um relat\u00f3rio.<\/p><h3 class=\"wp-block-heading\"> 6. Tantos modelos gratuitos para usar<\/h3><p> Uma das coisas mais populares do Excel \u00e9 que voc\u00ea pode criar pain\u00e9is e modelos. <\/p><div class=\"wp-block-image\"><figure class=\"aligncenter size-large is-resized\"><img loading=\"lazy\" decoding=\"async\" class=\"wp-image-48576\" src=\"https:\/\/exceladvisor.org\/wp-content\/uploads\/2023\/08\/7-utiliser-des-modeles.png\" sizes=\"auto, \" srcset=\"\" alt=\"usar modelos\" width=\"654\" height=\"302\"><\/figure><\/div><p> Existem v\u00e1rios modelos gratuitos que voc\u00ea pode baixar e usar. Modelos Excel gratuitos para come\u00e7ar<\/p><ul><li> <a href=\"https:\/\/exceladvisor.org\/pt\/modelo-de-gerenciamento-de-estoque-formularios-de-usuario-excel-vba\/\">Modelo de invent\u00e1rio Excel com f\u00f3rmulas<\/a><\/li><li> <a href=\"https:\/\/exceladvisor.org\/pt\/relatorio-de-vendas\/\">Modelo de vendas<\/a><\/li><li> <a href=\"https:\/\/exceladvisor.org\/pt\/grafico-de-gantt\/\">Acompanhamento de despesas<\/a><\/li><\/ul><h3 class=\"wp-block-heading\"> 7. Voc\u00ea pode codificar para aut\u00f4mato<\/h3><p> O Microsoft Office tem sua pr\u00f3pria linguagem de codifica\u00e7\u00e3o chamada VBA (visual basic para aplicativos) e permite escrever c\u00f3digo para quase todas as atividades realizadas manualmente no Excel. <\/p><div class=\"wp-block-image\"><figure class=\"aligncenter size-large is-resized\"><img loading=\"lazy\" decoding=\"async\" class=\"wp-image-48577\" src=\"https:\/\/exceladvisor.org\/wp-content\/uploads\/2023\/08\/8-codes-vba.png\" sizes=\"auto, \" srcset=\"\" alt=\"c\u00f3digo vba\" width=\"661\" height=\"357\"><\/figure><\/div><p> Voc\u00ea pode automatizar todos os tipos de atividades, desde as mais simples (negrito) at\u00e9 as mais complexas (inserir uma tabela din\u00e2mica) usando c\u00f3digo VBA.<\/p><p> <strong>Comece a aprender VBA<\/strong><\/p><ul><li> <a href=\"https:\/\/exceladvisor.org\/pt\/vba\/\">Tutorial Excel VBA (guia cap\u00edtulo por cap\u00edtulo)<\/a><\/li><li> <a href=\"https:\/\/exceladvisor.org\/pt\/se-2\/\">VBA SE<\/a><\/li><li> <a href=\"https:\/\/exceladvisor.org\/pt\/caixa-de-mensagens-vba\/\">Caixa de mensagem VBA<\/a><\/li><li> <a href=\"https:\/\/exceladvisor.org\/pt\/caderno-macro-pessoal\/\">Pasta de trabalho de macros pessoais<\/a><\/li><li> <a href=\"https:\/\/exceladvisor.org\/pt\/funcoes\/\">Fun\u00e7\u00f5es VBA<\/a><\/li><\/ul><p> Depois de aprender o b\u00e1sico do VBA, voc\u00ea tamb\u00e9m pode criar uma <a href=\"https:\/\/exceladvisor.org\/pt\/funcao-definida-pelo-usuario-2\/\">fun\u00e7\u00e3o personalizada<\/a> escrevendo c\u00f3digo.<\/p><h3 class=\"wp-block-heading\"> 8. Transforme e limpe dados<\/h3><p> Se voc\u00ea \u00e9 uma daquelas pessoas que trabalha muito com dados ou conhece algu\u00e9m que o faz, h\u00e1 muitas situa\u00e7\u00f5es em que voc\u00ea precisa lidar com dados confusos que precisam ser limpos antes de us\u00e1-los.<\/p><p> O processo de limpeza e transforma\u00e7\u00e3o de dados ocupa muito tempo e pode ser um processo tedioso.<\/p><p> Para isso, a Microsoft introduziu o Power Query que \u00e9 um mecanismo de transforma\u00e7\u00e3o e limpeza de dados. Voc\u00ea pode carregar dados de v\u00e1rias fontes, transform\u00e1-los e recarreg\u00e1-los na planilha. <\/p><div class=\"wp-block-image\"><figure class=\"aligncenter size-large is-resized\"><img loading=\"lazy\" decoding=\"async\" class=\"wp-image-48578\" src=\"https:\/\/exceladvisor.org\/wp-content\/uploads\/2023\/08\/9-transformer-des-donnees-propres.png\" sizes=\"auto, \" srcset=\"\" alt=\"transforma\u00e7\u00e3o de dados limpos\" width=\"650\" height=\"352\"><\/figure><\/div><p> O que torna a consulta avan\u00e7ada uma ferramenta t\u00e3o poderosa? Confira este <a href=\"https:\/\/exceladvisor.org\/pt\/solicitacao-de-energia\/\">guia completo do POWER QUERY<\/a> para entender.<\/p><h3 class=\"wp-block-heading\"> 9. Armazene dados com milh\u00f5es de linhas<\/h3><p> Bem, n\u00e3o h\u00e1 limite de dados, mas o Excel tem um limite em termos de linhas e colunas. \u00c9 por isso que a Microsoft criou o Power Pivot, onde voc\u00ea pode armazenar dados com milh\u00f5es de linhas e depois realizar c\u00e1lculos no Power Pivot. <\/p><div class=\"wp-block-image\"><figure class=\"aligncenter size-large is-resized\"><img loading=\"lazy\" decoding=\"async\" class=\"wp-image-48579\" src=\"https:\/\/exceladvisor.org\/wp-content\/uploads\/2023\/08\/10-stocker-des-donnees-avec-des-millions-de-lignes.png\" sizes=\"auto, \" srcset=\"\" alt=\"armazenar dados com milh\u00f5es de linhas\" width=\"541\" height=\"357\"><\/figure><\/div><h3 class=\"wp-block-heading\"> 10. Voc\u00ea pode trabalhar com Excel online + aplicativo m\u00f3vel<\/h3><p> Hoje em dia, a maioria das empresas est\u00e1 migrando para a nuvem e o Microsoft Excel tem sua pr\u00f3pria vers\u00e3o web. Possui muitos recursos, como fun\u00e7\u00f5es, tabelas din\u00e2micas e <a href=\"https:\/\/exceladvisor.org\/pt\/tabela-dinamica-2\/\" data-wpil=\"url\">gr\u00e1ficos din\u00e2micos,<\/a> assim como o aplicativo de desktop. <\/p><div class=\"wp-block-image\"><figure class=\"aligncenter size-large is-resized\"><img loading=\"lazy\" decoding=\"async\" class=\"wp-image-48580\" src=\"https:\/\/exceladvisor.org\/wp-content\/uploads\/2023\/08\/11-application-mobile-en-ligne-Excel.png\" sizes=\"auto, \" srcset=\"\" alt=\"aplicativo m\u00f3vel-online-excel\" width=\"541\" height=\"310\"><\/figure><\/div><p> E recentemente, a Microsoft lan\u00e7ou seu aplicativo de desktop completo que voc\u00ea tamb\u00e9m pode usar para trabalhar em planilhas e em dispositivos m\u00f3veis. <\/p><div class=\"wp-block-image\"><figure class=\"aligncenter size-large is-resized\"><img loading=\"lazy\" decoding=\"async\" class=\"wp-image-48581\" src=\"https:\/\/exceladvisor.org\/wp-content\/uploads\/2023\/08\/12-applications-bureautiques-tout-en-un.png\" sizes=\"auto, \" srcset=\"\" alt=\"aplicativo de desktop tudo-em-um\" width=\"337\" height=\"257\"><\/figure><\/div><div class=\"gb-container gb-container-db066fb5\"><div class=\"gb-container gb-container-4db6181c gb-container-mt\"> <a class=\"gb-button gb-button-c5897111 gb-button-text gb-button-mt-button\" href=\"https:\/\/exceladvisor.org\/pt\/blog\/\">Blog do Excel<\/a><\/div><\/div>","protected":false},"excerpt":{"rendered":"","protected":false},"author":1,"featured_media":0,"parent":0,"menu_order":0,"comment_status":"open","ping_status":"closed","template":"","meta":{"ub_ctt_via":"","footnotes":""},"class_list":["post-13","page","type-page","status-publish","hentry"],"featured_image_src":null,"yoast_head":"<!-- This site is optimized with the Yoast SEO plugin v25.4 - https:\/\/yoast.com\/wordpress\/plugins\/seo\/ -->\n<title>Os 10 principais benef\u00edcios do Microsoft Excel em 2023<\/title>\n<meta name=\"description\" content=\"Se voc\u00ea \u00e9 uma daquelas pessoas que queremos aprender e est\u00e1 se perguntando como isso pode ajud\u00e1-lo em seu trabalho\" \/>\n<meta name=\"robots\" content=\"index, follow, max-snippet:-1, max-image-preview:large, max-video-preview:-1\" \/>\n<link rel=\"canonical\" href=\"https:\/\/exceladvisor.org\/pt\/vantagens-do-microsoft-excel\/\" \/>\n<meta property=\"og:locale\" content=\"pt_PT\" \/>\n<meta property=\"og:type\" content=\"article\" \/>\n<meta property=\"og:title\" content=\"Os 10 principais benef\u00edcios do Microsoft Excel em 2023\" \/>\n<meta property=\"og:description\" content=\"Se voc\u00ea \u00e9 uma daquelas pessoas que queremos aprender e est\u00e1 se perguntando como isso pode ajud\u00e1-lo em seu trabalho\" \/>\n<meta property=\"og:url\" content=\"https:\/\/exceladvisor.org\/pt\/vantagens-do-microsoft-excel\/\" \/>\n<meta property=\"og:site_name\" content=\"Excel Advisor\" \/>\n<meta property=\"article:modified_time\" content=\"2023-12-06T11:51:23+00:00\" \/>\n<meta property=\"og:image\" content=\"https:\/\/exceladvisor.org\/wp-content\/uploads\/2023\/08\/1-meilleure-facon-de-stocker-des-donnees.png\" \/>\n<meta name=\"twitter:card\" content=\"summary_large_image\" \/>\n<meta name=\"twitter:label1\" content=\"Tempo estimado de leitura\" \/>\n\t<meta name=\"twitter:data1\" content=\"6 minutos\" \/>\n<script type=\"application\/ld+json\" class=\"yoast-schema-graph\">{\"@context\":\"https:\/\/schema.org\",\"@graph\":[{\"@type\":\"WebPage\",\"@id\":\"https:\/\/exceladvisor.org\/pt\/vantagens-do-microsoft-excel\/\",\"url\":\"https:\/\/exceladvisor.org\/pt\/vantagens-do-microsoft-excel\/\",\"name\":\"Os 10 principais benef\u00edcios do Microsoft Excel em 2023\",\"isPartOf\":{\"@id\":\"https:\/\/exceladvisor.org\/pt\/#website\"},\"primaryImageOfPage\":{\"@id\":\"https:\/\/exceladvisor.org\/pt\/vantagens-do-microsoft-excel\/#primaryimage\"},\"image\":{\"@id\":\"https:\/\/exceladvisor.org\/pt\/vantagens-do-microsoft-excel\/#primaryimage\"},\"thumbnailUrl\":\"https:\/\/exceladvisor.org\/wp-content\/uploads\/2023\/08\/1-meilleure-facon-de-stocker-des-donnees.png\",\"datePublished\":\"2023-11-22T03:33:36+00:00\",\"dateModified\":\"2023-12-06T11:51:23+00:00\",\"description\":\"Se voc\u00ea \u00e9 uma daquelas pessoas que queremos aprender e est\u00e1 se perguntando como isso pode ajud\u00e1-lo em seu trabalho\",\"breadcrumb\":{\"@id\":\"https:\/\/exceladvisor.org\/pt\/vantagens-do-microsoft-excel\/#breadcrumb\"},\"inLanguage\":\"pt-PT\",\"potentialAction\":[{\"@type\":\"ReadAction\",\"target\":[\"https:\/\/exceladvisor.org\/pt\/vantagens-do-microsoft-excel\/\"]}]},{\"@type\":\"ImageObject\",\"inLanguage\":\"pt-PT\",\"@id\":\"https:\/\/exceladvisor.org\/pt\/vantagens-do-microsoft-excel\/#primaryimage\",\"url\":\"https:\/\/exceladvisor.org\/wp-content\/uploads\/2023\/08\/1-meilleure-facon-de-stocker-des-donnees.png\",\"contentUrl\":\"https:\/\/exceladvisor.org\/wp-content\/uploads\/2023\/08\/1-meilleure-facon-de-stocker-des-donnees.png\"},{\"@type\":\"BreadcrumbList\",\"@id\":\"https:\/\/exceladvisor.org\/pt\/vantagens-do-microsoft-excel\/#breadcrumb\",\"itemListElement\":[{\"@type\":\"ListItem\",\"position\":1,\"name\":\"Lar\",\"item\":\"https:\/\/exceladvisor.org\/pt\/\"},{\"@type\":\"ListItem\",\"position\":2,\"name\":\"Os 10 principais benef\u00edcios do microsoft excel\"}]},{\"@type\":\"WebSite\",\"@id\":\"https:\/\/exceladvisor.org\/pt\/#website\",\"url\":\"https:\/\/exceladvisor.org\/pt\/\",\"name\":\"Excel Advisor\",\"description\":\"O seu guia definitivo para dominar os dados!\",\"publisher\":{\"@id\":\"https:\/\/exceladvisor.org\/pt\/#organization\"},\"potentialAction\":[{\"@type\":\"SearchAction\",\"target\":{\"@type\":\"EntryPoint\",\"urlTemplate\":\"https:\/\/exceladvisor.org\/pt\/?s={search_term_string}\"},\"query-input\":{\"@type\":\"PropertyValueSpecification\",\"valueRequired\":true,\"valueName\":\"search_term_string\"}}],\"inLanguage\":\"pt-PT\"},{\"@type\":\"Organization\",\"@id\":\"https:\/\/exceladvisor.org\/pt\/#organization\",\"name\":\"Excel Advisor\",\"url\":\"https:\/\/exceladvisor.org\/pt\/\",\"logo\":{\"@type\":\"ImageObject\",\"inLanguage\":\"pt-PT\",\"@id\":\"https:\/\/exceladvisor.org\/pt\/#\/schema\/logo\/image\/\",\"url\":\"https:\/\/exceladvisor.org\/pt\/wp-content\/uploads\/2023\/12\/exceladvisor.org_.png\",\"contentUrl\":\"https:\/\/exceladvisor.org\/pt\/wp-content\/uploads\/2023\/12\/exceladvisor.org_.png\",\"width\":105,\"height\":36,\"caption\":\"Excel Advisor\"},\"image\":{\"@id\":\"https:\/\/exceladvisor.org\/pt\/#\/schema\/logo\/image\/\"}}]}<\/script>\n<!-- \/ Yoast SEO plugin. -->","yoast_head_json":{"title":"Os 10 principais benef\u00edcios do Microsoft Excel em 2023","description":"Se voc\u00ea \u00e9 uma daquelas pessoas que queremos aprender e est\u00e1 se perguntando como isso pode ajud\u00e1-lo em seu trabalho","robots":{"index":"index","follow":"follow","max-snippet":"max-snippet:-1","max-image-preview":"max-image-preview:large","max-video-preview":"max-video-preview:-1"},"canonical":"https:\/\/exceladvisor.org\/pt\/vantagens-do-microsoft-excel\/","og_locale":"pt_PT","og_type":"article","og_title":"Os 10 principais benef\u00edcios do Microsoft Excel em 2023","og_description":"Se voc\u00ea \u00e9 uma daquelas pessoas que queremos aprender e est\u00e1 se perguntando como isso pode ajud\u00e1-lo em seu trabalho","og_url":"https:\/\/exceladvisor.org\/pt\/vantagens-do-microsoft-excel\/","og_site_name":"Excel Advisor","article_modified_time":"2023-12-06T11:51:23+00:00","og_image":[{"url":"https:\/\/exceladvisor.org\/wp-content\/uploads\/2023\/08\/1-meilleure-facon-de-stocker-des-donnees.png","type":"","width":"","height":""}],"twitter_card":"summary_large_image","twitter_misc":{"Tempo estimado de leitura":"6 minutos"},"schema":{"@context":"https:\/\/schema.org","@graph":[{"@type":"WebPage","@id":"https:\/\/exceladvisor.org\/pt\/vantagens-do-microsoft-excel\/","url":"https:\/\/exceladvisor.org\/pt\/vantagens-do-microsoft-excel\/","name":"Os 10 principais benef\u00edcios do Microsoft Excel em 2023","isPartOf":{"@id":"https:\/\/exceladvisor.org\/pt\/#website"},"primaryImageOfPage":{"@id":"https:\/\/exceladvisor.org\/pt\/vantagens-do-microsoft-excel\/#primaryimage"},"image":{"@id":"https:\/\/exceladvisor.org\/pt\/vantagens-do-microsoft-excel\/#primaryimage"},"thumbnailUrl":"https:\/\/exceladvisor.org\/wp-content\/uploads\/2023\/08\/1-meilleure-facon-de-stocker-des-donnees.png","datePublished":"2023-11-22T03:33:36+00:00","dateModified":"2023-12-06T11:51:23+00:00","description":"Se voc\u00ea \u00e9 uma daquelas pessoas que queremos aprender e est\u00e1 se perguntando como isso pode ajud\u00e1-lo em seu trabalho","breadcrumb":{"@id":"https:\/\/exceladvisor.org\/pt\/vantagens-do-microsoft-excel\/#breadcrumb"},"inLanguage":"pt-PT","potentialAction":[{"@type":"ReadAction","target":["https:\/\/exceladvisor.org\/pt\/vantagens-do-microsoft-excel\/"]}]},{"@type":"ImageObject","inLanguage":"pt-PT","@id":"https:\/\/exceladvisor.org\/pt\/vantagens-do-microsoft-excel\/#primaryimage","url":"https:\/\/exceladvisor.org\/wp-content\/uploads\/2023\/08\/1-meilleure-facon-de-stocker-des-donnees.png","contentUrl":"https:\/\/exceladvisor.org\/wp-content\/uploads\/2023\/08\/1-meilleure-facon-de-stocker-des-donnees.png"},{"@type":"BreadcrumbList","@id":"https:\/\/exceladvisor.org\/pt\/vantagens-do-microsoft-excel\/#breadcrumb","itemListElement":[{"@type":"ListItem","position":1,"name":"Lar","item":"https:\/\/exceladvisor.org\/pt\/"},{"@type":"ListItem","position":2,"name":"Os 10 principais benef\u00edcios do microsoft excel"}]},{"@type":"WebSite","@id":"https:\/\/exceladvisor.org\/pt\/#website","url":"https:\/\/exceladvisor.org\/pt\/","name":"Excel Advisor","description":"O seu guia definitivo para dominar os dados!","publisher":{"@id":"https:\/\/exceladvisor.org\/pt\/#organization"},"potentialAction":[{"@type":"SearchAction","target":{"@type":"EntryPoint","urlTemplate":"https:\/\/exceladvisor.org\/pt\/?s={search_term_string}"},"query-input":{"@type":"PropertyValueSpecification","valueRequired":true,"valueName":"search_term_string"}}],"inLanguage":"pt-PT"},{"@type":"Organization","@id":"https:\/\/exceladvisor.org\/pt\/#organization","name":"Excel Advisor","url":"https:\/\/exceladvisor.org\/pt\/","logo":{"@type":"ImageObject","inLanguage":"pt-PT","@id":"https:\/\/exceladvisor.org\/pt\/#\/schema\/logo\/image\/","url":"https:\/\/exceladvisor.org\/pt\/wp-content\/uploads\/2023\/12\/exceladvisor.org_.png","contentUrl":"https:\/\/exceladvisor.org\/pt\/wp-content\/uploads\/2023\/12\/exceladvisor.org_.png","width":105,"height":36,"caption":"Excel Advisor"},"image":{"@id":"https:\/\/exceladvisor.org\/pt\/#\/schema\/logo\/image\/"}}]}},"yoast_meta":{"yoast_wpseo_title":"","yoast_wpseo_metadesc":"","yoast_wpseo_canonical":""},"_links":{"self":[{"href":"https:\/\/exceladvisor.org\/pt\/wp-json\/wp\/v2\/pages\/13","targetHints":{"allow":["GET"]}}],"collection":[{"href":"https:\/\/exceladvisor.org\/pt\/wp-json\/wp\/v2\/pages"}],"about":[{"href":"https:\/\/exceladvisor.org\/pt\/wp-json\/wp\/v2\/types\/page"}],"author":[{"embeddable":true,"href":"https:\/\/exceladvisor.org\/pt\/wp-json\/wp\/v2\/users\/1"}],"replies":[{"embeddable":true,"href":"https:\/\/exceladvisor.org\/pt\/wp-json\/wp\/v2\/comments?post=13"}],"version-history":[{"count":1,"href":"https:\/\/exceladvisor.org\/pt\/wp-json\/wp\/v2\/pages\/13\/revisions"}],"predecessor-version":[{"id":1471,"href":"https:\/\/exceladvisor.org\/pt\/wp-json\/wp\/v2\/pages\/13\/revisions\/1471"}],"wp:attachment":[{"href":"https:\/\/exceladvisor.org\/pt\/wp-json\/wp\/v2\/media?parent=13"}],"curies":[{"name":"wp","href":"https:\/\/api.w.org\/{rel}","templated":true}]}}