{"id":130,"date":"2023-11-15T13:06:05","date_gmt":"2023-11-15T13:06:05","guid":{"rendered":"https:\/\/exceladvisor.org\/pt\/nome-do-mes\/"},"modified":"2023-12-06T11:42:25","modified_gmt":"2023-12-06T11:42:25","slug":"nome-do-mes","status":"publish","type":"page","link":"https:\/\/exceladvisor.org\/pt\/nome-do-mes\/","title":{"rendered":"Como tirar um m\u00eas de uma data?"},"content":{"rendered":"<div class=\"excel-before-content-2\" id=\"excel-2668438483\"><script type=\"text\/javascript\">\r\n\tatOptions = {\r\n\t\t'key' : 'c1158f160081d6540a8409e6925dab94',\r\n\t\t'format' : 'iframe',\r\n\t\t'height' : 250,\r\n\t\t'width' : 300,\r\n\t\t'params' : {}\r\n\t};\r\n<\/script>\r\n<script type=\"text\/javascript\" src=\"\/\/www.highperformanceformat.com\/c1158f160081d6540a8409e6925dab94\/invoke.js\"><\/script><\/div><div class=\"excel-before-content\" id=\"excel-3394950293\"><script type=\"text\/javascript\">\r\n\tatOptions = {\r\n\t\t'key' : 'c1158f160081d6540a8409e6925dab94',\r\n\t\t'format' : 'iframe',\r\n\t\t'height' : 250,\r\n\t\t'width' : 300,\r\n\t\t'params' : {}\r\n\t};\r\n<\/script>\r\n<script type=\"text\/javascript\" src=\"\/\/www.highperformanceformat.com\/c1158f160081d6540a8409e6925dab94\/invoke.js\"><\/script><\/div> <p>As datas s\u00e3o uma parte importante dos dados. H\u00e1 alguns momentos em que s\u00f3 precisamos usar parte de uma data. Vejamos um exemplo do m\u00eas. \u00c0s vezes voc\u00ea s\u00f3 precisa de um m\u00eas a partir de uma data.<\/p><p> Um m\u00eas \u00e9 um dos componentes \u00fateis de uma data que voc\u00ea pode usar para resumir dados e quando se trata de Excel, temos diferentes m\u00e9todos para obter um m\u00eas a partir de uma data.<\/p><p> Encontrei um total de 5 m\u00e9todos para isso. E hoje neste artigo gostaria de compartilhar com voc\u00eas todos esses m\u00e9todos para obter\/extrair m\u00eas de uma data. Ent\u00e3o, vamos ao que interessa.<\/p><h2 id=\"tab-con-4\" class=\"wp-block-heading\"> 1. Fun\u00e7\u00e3o M\u00caS<\/h2><p> Usar a fun\u00e7\u00e3o M\u00caS \u00e9 o m\u00e9todo mais simples para extrair um m\u00eas de uma data. Tudo o que voc\u00ea precisa fazer \u00e9 simplesmente referir-se a uma data v\u00e1lida nesta fun\u00e7\u00e3o e ela retornar\u00e1 o n\u00famero do m\u00eas variando de 1 a 12. <\/p><pre class=\"wp-block-preformatted\"> = <a href=\"https:\/\/exceladvisor.org\/fonctions-de-date-excel\/\">MONTH<\/a> (A2) <\/pre><p class=\"has-text-align-center\"><img loading=\"lazy\" decoding=\"async\" src=\"https:\/\/exceladvisor.org\/wp-content\/uploads\/2023\/08\/obtenir-le-mois-a-partir-dune-date-avec-la-fonction-mois-min-1.png\" sizes=\"auto, \" srcset=\"\" alt=\"obter o m\u00eas a partir de uma data com a fun\u00e7\u00e3o m\u00eas\" width=\"348\" height=\"348\" data-id=\"11843\"><\/p><p> Voc\u00ea tamb\u00e9m pode inserir uma data diretamente na fun\u00e7\u00e3o usando o <a href=\"https:\/\/exceladvisor.org\/pt\/texto-ate-o-momento\/\">formato de data correto<\/a> . <\/p><figure class=\"wp-block-table\"><table class=\"mtr-table mtr-thead-th\"><thead><tr><th class=\"mtr-th-tag\" data-mtr-content=\"Pro\"><div class=\"mtr-cell-content\"> Pr\u00f3<\/div><\/th><th class=\"mtr-th-tag\" data-mtr-content=\"Con\"><div class=\"mtr-cell-content\"> Idiota <\/div><\/th><\/tr><\/thead><tbody><tr><td class=\"mtr-td-tag\" data-mtr-content=\"Pro\"><div class=\"mtr-cell-content\">\u00c9 f\u00e1cil de aplicar e n\u00e3o h\u00e1 necessidade de combin\u00e1-lo com outras fun\u00e7\u00f5es.<\/div><\/td><td class=\"mtr-td-tag\" data-mtr-content=\"Con\"><div class=\"mtr-cell-content\"> O n\u00famero do m\u00eas tem uso limitado, na maioria das vezes \u00e9 melhor apresentar o nome do m\u00eas em vez de n\u00fameros e se voc\u00ea quiser o nome do m\u00eas, precisar\u00e1 de um m\u00e9todo diferente.<\/div><\/td><\/tr><\/tbody><\/table><\/figure><h2 id=\"tab-con-2\" class=\"wp-block-heading\"> 2. Fun\u00e7\u00e3o TEXTO<\/h2><p> Como eu disse, \u00e9 melhor usar o nome do m\u00eas em vez do n\u00famero do m\u00eas. Usar a fun\u00e7\u00e3o TEXT \u00e9 um m\u00e9todo perfeito para extrair o nome do m\u00eas de uma data. A tarefa b\u00e1sica da fun\u00e7\u00e3o de texto aqui \u00e9 converter uma data em um m\u00eas usando um formato espec\u00edfico. <\/p><pre class=\"wp-block-preformatted\"> <span style=\"font-family: 'Courier New', Courier, monospace;\">=<\/span> <span style=\"font-family: 'Courier New', Courier, monospace;\">TEXT<\/span> <span style=\"font-family: 'Courier New', Courier, monospace;\">(A2,\"MMM\")<\/span> <\/pre><div class=\"wp-block-image\"><figure class=\"aligncenter is-resized\"><img loading=\"lazy\" decoding=\"async\" src=\"https:\/\/exceladvisor.org\/wp-content\/uploads\/2023\/08\/obtenir-le-mois-a-partir-dune-date-avec-la-fonction-de-texte-min-1.png\" sizes=\"auto, \" srcset=\"\" alt=\"obter o m\u00eas a partir de uma data com fun\u00e7\u00e3o de texto\" width=\"421\" height=\"383\"><\/figure><\/div><p> Por padr\u00e3o, voc\u00ea tem <a href=\"https:\/\/support.office.com\/en-us\/article\/TEXT-function-20d5ac4d-7b94-49fd-bb38-93d29371225c\" target=\"_blank\" rel=\"noopener noreferrer\">5 formatos de data diferentes<\/a> que podem ser usados na fun\u00e7\u00e3o de texto. Esses formatos retornar\u00e3o o nome do m\u00eas como texto. Tudo o que voc\u00ea precisa fazer \u00e9 referir-se a uma data na fun\u00e7\u00e3o e especificar um formato. Sim, isso \u00e9 tudo. E certifique-se de que a data usada seja uma <a style=\"outline: none;\" href=\"https:\/\/exceladvisor.org\/pt\/texto-ate-o-momento\/\">data v\u00e1lida<\/a> de acordo com o sistema de datas do Excel. <\/p><figure class=\"wp-block-table\"><table class=\"has-fixed-layout mtr-table mtr-thead-th\"><thead><tr><th class=\"mtr-th-tag\" data-mtr-content=\"Pros\"><div class=\"mtr-cell-content\"> Benef\u00edcios<\/div><\/th><th class=\"mtr-th-tag\" data-mtr-content=\"Cons\"><div class=\"mtr-cell-content\"> As desvantagens <\/div><\/th><\/tr><\/thead><tbody><tr><td class=\"mtr-td-tag\" data-mtr-content=\"Pros\"><div class=\"mtr-cell-content\"> Voc\u00ea tem a op\u00e7\u00e3o de escolher um formato entre 5 formatos diferentes e a coluna de data original permanecer\u00e1 a mesma.<\/div><\/td><td class=\"mtr-td-tag\" data-mtr-content=\"Cons\"><div class=\"mtr-cell-content\"> Ele retornar\u00e1 o nome do m\u00eas, que ser\u00e1 um texto e n\u00e3o ser\u00e1 poss\u00edvel usar uma abreviatura personalizada para o nome do m\u00eas.<\/div><\/td><\/tr><\/tbody><\/table><\/figure><h2 id=\"tab-con-3\" class=\"wp-block-heading\"> 3. ESCOLHA a fun\u00e7\u00e3o<\/h2><p> Digamos que voc\u00ea queira obter um nome de m\u00eas personalizado ou talvez um nome em um idioma diferente, em vez de um n\u00famero ou nome normal. Nesta situa\u00e7\u00e3o, a fun\u00e7\u00e3o CHOOSE pode ajud\u00e1-lo. Voc\u00ea precisa especificar um nome personalizado para os 12 meses na fun\u00e7\u00e3o e usar a fun\u00e7\u00e3o m\u00eas para obter o n\u00famero do m\u00eas a partir da data. <\/p><pre class=\"wp-block-preformatted\"> =CHOOSE(MONTH(A1),\"Jan\",\"Feb\",\"Mar\",\"Apr\",\"May\",\"Jun\",\"Jul\",\"Aug\",\"Sep\",\"Oct\",\"Nov \",\"Dec\") <\/pre><div class=\"wp-block-image\"><figure class=\"aligncenter\"><img decoding=\"async\" src=\"https:\/\/exceladvisor.org\/wp-content\/uploads\/2023\/08\/obtenir-le-mois-a-partir-dune-date-avec-choisir-la-fonction-min-1.png\" sizes=\"\" srcset=\"\" alt=\"dados com nome do m\u00eas a partir de uma data\"><\/figure><\/div><p> Quando a fun\u00e7\u00e3o do m\u00eas retorna um n\u00famero do m\u00eas a partir da data, a escolha da fun\u00e7\u00e3o retornar\u00e1 o nome do m\u00eas personalizado em vez desse n\u00famero.<\/p><p> <strong>Relacionado:<\/strong> <a href=\"https:\/\/exceladvisor.org\/pt\/barra-de-formulas-do-excel\/\">Barra de F\u00f3rmula<\/a> <\/p><figure class=\"wp-block-table\"><table class=\"has-fixed-layout mtr-table mtr-thead-th\"><thead><tr><th class=\"mtr-th-tag\" data-mtr-content=\"Pros\"><div class=\"mtr-cell-content\"> Benef\u00edcios<\/div><\/th><th class=\"mtr-th-tag\" data-mtr-content=\"Cons\"><div class=\"mtr-cell-content\"> As desvantagens <\/div><\/th><\/tr><\/thead><tbody><tr><td class=\"mtr-td-tag\" data-mtr-content=\"Pros\"><div class=\"mtr-cell-content\"> Isso permite mais flexibilidade e voc\u00ea pode especificar um nome de m\u00eas personalizado para cada m\u00eas.<\/div><\/td><td class=\"mtr-td-tag\" data-mtr-content=\"Cons\"><div class=\"mtr-cell-content\"> \u00c9 um processo demorado adicionar todos os valores da fun\u00e7\u00e3o um por um.<\/div><\/td><\/tr><\/tbody><\/table><\/figure><h2 id=\"tab-con-1\" class=\"wp-block-heading\"> 4. PowerQuery<\/h2><p> Se voc\u00ea deseja obter o nome de um m\u00eas a partir de uma data de maneira inteligente, a consulta avan\u00e7ada \u00e9 sua decis\u00e3o. Ele pode permitir que voc\u00ea converta uma data em m\u00eas e tamb\u00e9m extraia o n\u00famero ou nome do m\u00eas de uma data. Power Query \u00e9 um pacote completo que permite trabalhar com datas. Aqui voc\u00ea tem os dados abaixo e aqui voc\u00ea precisa de meses a partir das datas.<\/p><ul><li> Primeiro, converta seus dados em uma tabela.<\/li><li> Depois disso, selecione uma das c\u00e9lulas da tabela e v\u00e1 at\u00e9 a aba Dados.<\/li><li> Na aba de dados, clique em \u201cDa tabela\u201d. <\/li><\/ul><div class=\"wp-block-image\"><figure class=\"aligncenter\"><img decoding=\"async\" src=\"https:\/\/exceladvisor.org\/wp-content\/uploads\/2023\/08\/cliquez-sur-le-tableau-pour-obtenir-le-mois-a-partir-de-la-date-avec-la-requete-de-puissance-min-1.png\" sizes=\"\" srcset=\"\" alt=\"clique na tabela para obter o m\u00eas a partir da data com consulta avan\u00e7ada\"><\/figure><\/div><ul><li> Ele carregar\u00e1 sua tabela no Power Query Editor.<\/li><\/ul><p> A partir daqui voc\u00ea tem duas op\u00e7\u00f5es diferentes: uma \u00e9 adicionar uma nova coluna com o nome ou n\u00famero do m\u00eas ou converter suas datas para o nome ou n\u00famero do m\u00eas. Pule as pr\u00f3ximas duas etapas se quiser apenas converter suas datas em meses sem adicionar uma nova coluna.<\/p><ul><li> Primeiro, clique com o bot\u00e3o direito no cabe\u00e7alho da coluna.<\/li><li> E depois clique em \u201cDuplicar Coluna\u201d. <\/li><\/ul><div class=\"wp-block-image\"><figure class=\"aligncenter\"><img decoding=\"async\" src=\"https:\/\/exceladvisor.org\/wp-content\/uploads\/2023\/08\/ajouter-une-colonne-en-double-pour-obtenir-le-mois-a-partir-dune-date-min-1.png\" sizes=\"\" srcset=\"\" alt=\"adicione coluna duplicada para obter o m\u00eas de uma data\"><\/figure><\/div><ul><li> Selecione a nova coluna no cabe\u00e7alho e clique com o bot\u00e3o direito nela.<\/li><li> V\u00e1 para Transformar \u279c M\u00eas \u279c Nome do m\u00eas ou m\u00eas. <\/li><\/ul><div class=\"wp-block-image\"><figure class=\"aligncenter\"><img decoding=\"async\" src=\"https:\/\/exceladvisor.org\/wp-content\/uploads\/2023\/08\/selectionnez-le-nom-du-mois-pour-obtenir-le-mois-min-1.png\" sizes=\"\" srcset=\"\" alt=\"selecione o nome do m\u00eas para obter o m\u00eas\"><\/figure><\/div><ul><li> Ele converter\u00e1 instantaneamente datas em meses. <\/li><\/ul><div class=\"wp-block-image\"><figure class=\"aligncenter\"><img decoding=\"async\" src=\"https:\/\/exceladvisor.org\/wp-content\/uploads\/2023\/08\/cliquez-sur-fermer-et-chargez-pour-obtenir-le-mois-a-partir-dune-date-min-1.png\" sizes=\"\" srcset=\"\" alt=\"clique em fechar e carregar para obter o m\u00eas de uma data\"><\/figure><\/div><ul><li> Mais uma coisa, clique com o bot\u00e3o direito no cabe\u00e7alho da coluna e renomeie a coluna para \u201cM\u00eas\u201d.<\/li><li> Ao final, clique em \u201cFechar e Carregar\u201d e seus dados ser\u00e3o carregados em uma planilha. <\/li><\/ul><div class=\"wp-block-image\"><figure class=\"aligncenter\"><img decoding=\"async\" src=\"https:\/\/exceladvisor.org\/wp-content\/uploads\/2023\/08\/donnees-avec-le-nom-du-mois-a-partir-dune-date-min-1.png\" sizes=\"\" srcset=\"\" alt=\"dados com nome do m\u00eas a partir de uma data\"><\/figure><\/div><figure class=\"wp-block-table\"><table class=\"has-fixed-layout mtr-table mtr-thead-th\"><thead><tr><th class=\"mtr-th-tag\" data-mtr-content=\"Pro\"><div class=\"mtr-cell-content\"> Pr\u00f3<\/div><\/th><th class=\"mtr-th-tag\" data-mtr-content=\"Con\"><div class=\"mtr-cell-content\"> Idiota <\/div><\/th><\/tr><\/thead><tbody><tr><td class=\"mtr-td-tag\" data-mtr-content=\"Pro\"><div class=\"mtr-cell-content\">\u00c9 uma configura\u00e7\u00e3o din\u00e2mica e pontual. Seus dados originais n\u00e3o ser\u00e3o afetados.<\/div><\/td><td class=\"mtr-td-tag\" data-mtr-content=\"Con\"><div class=\"mtr-cell-content\"> Voc\u00ea deve ter uma consulta avan\u00e7ada em sua vers\u00e3o Excel e o nome do m\u00eas ser\u00e1 um nome completo.<\/div><\/td><\/tr><\/tbody><\/table><\/figure><h2 id=\"tab-con-0\" class=\"wp-block-heading\"> 5. Formata\u00e7\u00e3o personalizada<\/h2><p> Se voc\u00ea n\u00e3o quiser entrar em um m\u00e9todo de f\u00f3rmula, a maneira simples de us\u00e1-lo para converter uma data em um m\u00eas \u00e9 <a href=\"https:\/\/support.office.com\/en-us\/article\/Create-or-delete-a-custom-number-format-78f2a361-936b-4c03-8772-09fab54be7f4?ui=en-US&amp;rs=en-US&amp;ad=US&amp;fromAR=1\" target=\"_blank\" rel=\"noopener noreferrer\">aplicar formata\u00e7\u00e3o personalizada<\/a> . Siga estes passos simples.<\/p><ol><li> Selecione o intervalo de c\u00e9lulas ou coluna.<\/li><li> Pressione a tecla de atalho Ctrl + 1.<\/li><li> Na op\u00e7\u00e3o de formato, v\u00e1 em \u201cPersonalizado\u201d.<\/li><li> Agora, na barra de entrada \u201cTipo\u201d, digite \u201cMM\u201d, \u201cMMM\u201d ou \u201cMMMMMM\u201d.<\/li><li> Clique OK. <\/li><\/ol><div class=\"wp-block-image\"><figure class=\"aligncenter is-resized\"><img loading=\"lazy\" decoding=\"async\" src=\"https:\/\/exceladvisor.org\/wp-content\/uploads\/2023\/08\/obtenir-le-mois-a-partir-dune-date-avec-des-options-de-mise-en-forme-ouvertes-de-mise-en-forme-conditionnelle-min-1.png\" sizes=\"auto, \" srcset=\"\" alt=\"obter o m\u00eas a partir de uma data com formata\u00e7\u00e3o condicional, abrir op\u00e7\u00f5es de formata\u00e7\u00e3o\" width=\"534\" height=\"466\"><\/figure><\/div><figure class=\"wp-block-table\"><table class=\"has-fixed-layout mtr-table mtr-thead-th\"><thead><tr><th class=\"mtr-th-tag\" data-mtr-content=\"Pros\"><div class=\"mtr-cell-content\"> Benef\u00edcios<\/div><\/th><th class=\"mtr-th-tag\" data-mtr-content=\"Cons\"><div class=\"mtr-cell-content\"> As desvantagens <\/div><\/th><\/tr><\/thead><tbody><tr><td class=\"mtr-td-tag\" data-mtr-content=\"Pros\"><div class=\"mtr-cell-content\"> \u00c9 f\u00e1cil de aplicar e n\u00e3o altera a data mas sim o seu formato.<\/div><\/td><td class=\"mtr-td-tag\" data-mtr-content=\"Cons\"><div class=\"mtr-cell-content\"> Como o valor \u00e9 uma data, quando voc\u00ea o copia e cola em outro lugar como valor, ser\u00e1 uma data, n\u00e3o um texto. Se algu\u00e9m alterar o formato, o nome do m\u00eas ser\u00e1 perdido.<\/div><\/td><\/tr><\/tbody><\/table><\/figure><h2 class=\"wp-block-heading\"> Conclus\u00e3o<\/h2><p> Todos os m\u00e9todos acima podem ser usados em diferentes situa\u00e7\u00f5es. Mas alguns deles s\u00e3o usados com mais frequ\u00eancia.<\/p><p> A fun\u00e7\u00e3o TEXT \u00e9 aplic\u00e1vel na maioria das situa\u00e7\u00f5es. Por outro lado, voc\u00ea tamb\u00e9m tem uma consulta avan\u00e7ada para obter meses com apenas alguns cliques. Se voc\u00ea me perguntar, eu uso o recurso de texto, mas hoje em dia estou mais apaixonado pela consulta avan\u00e7ada, ent\u00e3o gostaria de us\u00e1-la tamb\u00e9m.<\/p><p> No final, quero apenas dizer que voc\u00ea pode usar qualquer um desses m\u00e9todos dependendo de suas necessidades. Mas voc\u00ea tem que me dizer uma coisa.<\/p><p> <strong>Qual \u00e9 o seu m\u00e9todo preferido?<\/strong><\/p><p> Por favor, compartilhe comigo na se\u00e7\u00e3o de coment\u00e1rios, eu adoraria ouvir de voc\u00ea. E n\u00e3o se esque\u00e7a de compartilhar com seus amigos. <\/p><div class=\"gb-container gb-container-52dfcee1 gb-container-sample-file\"><h2 class=\"gb-headline gb-headline-e289c143 gb-headline-text gb-headline-4f7959c2\"> Obtenha o arquivo Excel<\/h2><p> <a class=\"gb-button gb-button-e88d6bee gb-button-text gb-button-button1\" href=\"https:\/\/exceladvisor.org\/wp-content\/uploads\/2023\/08\/obtenir-le-mois-a-partir-de-la-date-2.xlsx\" rel=\"nofollow\">Download<\/a><\/p><\/div><div class=\"gb-container gb-container-0df56012 gb-container-mt\"> <a class=\"gb-button gb-button-f9f432f4 gb-button-text gb-button-mt-button\" href=\"https:\/\/exceladvisor.org\/pt\/formulas\/\">Lista de f\u00f3rmulas do Excel<\/a><h2 class=\"gb-headline gb-headline-233444e8 gb-headline-text gb-headline-mt-heading\"> F\u00f3rmulas relacionadas <\/h2><div class=\"gb-grid-wrapper gb-grid-wrapper-a16fa65c gb-grid-wrapper-mt-grid\"><div class=\"gb-grid-column gb-grid-column-50d07e0d\"><div class=\"gb-container gb-container-50d07e0d\"><ul><li> <a href=\"https:\/\/exceladvisor.org\/pt\/adicione-um-mes-a-uma-data-2\/\">Adicione um m\u00eas a uma data no Excel<\/a><\/li><li> <a href=\"https:\/\/exceladvisor.org\/pt\/fim-do-mes\/\">Obtenha a data de t\u00e9rmino do m\u00eas no Excel<\/a><\/li><li> <a href=\"https:\/\/exceladvisor.org\/pt\/primeiro-dia-do-mes-2\/\">Obtenha o primeiro dia do m\u00eas no Excel (in\u00edcio do m\u00eas)<\/a><\/li><li> <a href=\"https:\/\/exceladvisor.org\/pt\/trimestre\/\">Obtenha um trimestre a partir de uma data [Fiscal + Calend\u00e1rio] no Excel<\/a><\/li><li> <a href=\"https:\/\/exceladvisor.org\/pt\/mes-entre-duas-datas\/\">N\u00famero de meses entre duas datas no Excel<\/a> <\/li><\/ul><\/div><\/div><div class=\"gb-grid-column gb-grid-column-5b4a0cf9\"><div class=\"gb-container gb-container-5b4a0cf9\"><\/div><\/div><\/div><\/div>","protected":false},"excerpt":{"rendered":"","protected":false},"author":1,"featured_media":0,"parent":0,"menu_order":0,"comment_status":"open","ping_status":"closed","template":"","meta":{"ub_ctt_via":"","footnotes":""},"class_list":["post-130","page","type-page","status-publish","hentry"],"featured_image_src":null,"yoast_head":"<!-- This site is optimized with the Yoast SEO plugin v25.4 - https:\/\/yoast.com\/wordpress\/plugins\/seo\/ -->\n<title>Como tirar um m\u00eas de uma data? (Guia 2023)<\/title>\n<meta name=\"description\" content=\"Neste tutorial, voc\u00ea aprender\u00e1 como obter\/extrair o nome do m\u00eas de uma data no Excel usando cinco m\u00e9todos diferentes que\" \/>\n<meta name=\"robots\" content=\"index, follow, max-snippet:-1, max-image-preview:large, max-video-preview:-1\" \/>\n<link rel=\"canonical\" href=\"https:\/\/exceladvisor.org\/pt\/nome-do-mes\/\" \/>\n<meta property=\"og:locale\" content=\"pt_PT\" \/>\n<meta property=\"og:type\" content=\"article\" \/>\n<meta property=\"og:title\" content=\"Como tirar um m\u00eas de uma data? (Guia 2023)\" \/>\n<meta property=\"og:description\" content=\"Neste tutorial, voc\u00ea aprender\u00e1 como obter\/extrair o nome do m\u00eas de uma data no Excel usando cinco m\u00e9todos diferentes que\" \/>\n<meta property=\"og:url\" content=\"https:\/\/exceladvisor.org\/pt\/nome-do-mes\/\" \/>\n<meta property=\"og:site_name\" content=\"Excel Advisor\" \/>\n<meta property=\"article:modified_time\" content=\"2023-12-06T11:42:25+00:00\" \/>\n<meta property=\"og:image\" content=\"https:\/\/exceladvisor.org\/wp-content\/uploads\/2023\/08\/obtenir-le-mois-a-partir-dune-date-avec-la-fonction-mois-min-1.png\" \/>\n<meta name=\"twitter:card\" content=\"summary_large_image\" \/>\n<meta name=\"twitter:label1\" content=\"Tempo estimado de leitura\" \/>\n\t<meta name=\"twitter:data1\" content=\"6 minutos\" \/>\n<script type=\"application\/ld+json\" class=\"yoast-schema-graph\">{\"@context\":\"https:\/\/schema.org\",\"@graph\":[{\"@type\":\"WebPage\",\"@id\":\"https:\/\/exceladvisor.org\/pt\/nome-do-mes\/\",\"url\":\"https:\/\/exceladvisor.org\/pt\/nome-do-mes\/\",\"name\":\"Como tirar um m\u00eas de uma data? (Guia 2023)\",\"isPartOf\":{\"@id\":\"https:\/\/exceladvisor.org\/pt\/#website\"},\"primaryImageOfPage\":{\"@id\":\"https:\/\/exceladvisor.org\/pt\/nome-do-mes\/#primaryimage\"},\"image\":{\"@id\":\"https:\/\/exceladvisor.org\/pt\/nome-do-mes\/#primaryimage\"},\"thumbnailUrl\":\"https:\/\/exceladvisor.org\/wp-content\/uploads\/2023\/08\/obtenir-le-mois-a-partir-dune-date-avec-la-fonction-mois-min-1.png\",\"datePublished\":\"2023-11-15T13:06:05+00:00\",\"dateModified\":\"2023-12-06T11:42:25+00:00\",\"description\":\"Neste tutorial, voc\u00ea aprender\u00e1 como obter\/extrair o nome do m\u00eas de uma data no Excel usando cinco m\u00e9todos diferentes que\",\"breadcrumb\":{\"@id\":\"https:\/\/exceladvisor.org\/pt\/nome-do-mes\/#breadcrumb\"},\"inLanguage\":\"pt-PT\",\"potentialAction\":[{\"@type\":\"ReadAction\",\"target\":[\"https:\/\/exceladvisor.org\/pt\/nome-do-mes\/\"]}]},{\"@type\":\"ImageObject\",\"inLanguage\":\"pt-PT\",\"@id\":\"https:\/\/exceladvisor.org\/pt\/nome-do-mes\/#primaryimage\",\"url\":\"https:\/\/exceladvisor.org\/wp-content\/uploads\/2023\/08\/obtenir-le-mois-a-partir-dune-date-avec-la-fonction-mois-min-1.png\",\"contentUrl\":\"https:\/\/exceladvisor.org\/wp-content\/uploads\/2023\/08\/obtenir-le-mois-a-partir-dune-date-avec-la-fonction-mois-min-1.png\"},{\"@type\":\"BreadcrumbList\",\"@id\":\"https:\/\/exceladvisor.org\/pt\/nome-do-mes\/#breadcrumb\",\"itemListElement\":[{\"@type\":\"ListItem\",\"position\":1,\"name\":\"Lar\",\"item\":\"https:\/\/exceladvisor.org\/pt\/\"},{\"@type\":\"ListItem\",\"position\":2,\"name\":\"Como tirar um m\u00eas de uma data?\"}]},{\"@type\":\"WebSite\",\"@id\":\"https:\/\/exceladvisor.org\/pt\/#website\",\"url\":\"https:\/\/exceladvisor.org\/pt\/\",\"name\":\"Excel Advisor\",\"description\":\"O seu guia definitivo para dominar os dados!\",\"publisher\":{\"@id\":\"https:\/\/exceladvisor.org\/pt\/#organization\"},\"potentialAction\":[{\"@type\":\"SearchAction\",\"target\":{\"@type\":\"EntryPoint\",\"urlTemplate\":\"https:\/\/exceladvisor.org\/pt\/?s={search_term_string}\"},\"query-input\":{\"@type\":\"PropertyValueSpecification\",\"valueRequired\":true,\"valueName\":\"search_term_string\"}}],\"inLanguage\":\"pt-PT\"},{\"@type\":\"Organization\",\"@id\":\"https:\/\/exceladvisor.org\/pt\/#organization\",\"name\":\"Excel Advisor\",\"url\":\"https:\/\/exceladvisor.org\/pt\/\",\"logo\":{\"@type\":\"ImageObject\",\"inLanguage\":\"pt-PT\",\"@id\":\"https:\/\/exceladvisor.org\/pt\/#\/schema\/logo\/image\/\",\"url\":\"https:\/\/exceladvisor.org\/pt\/wp-content\/uploads\/2023\/12\/exceladvisor.org_.png\",\"contentUrl\":\"https:\/\/exceladvisor.org\/pt\/wp-content\/uploads\/2023\/12\/exceladvisor.org_.png\",\"width\":105,\"height\":36,\"caption\":\"Excel Advisor\"},\"image\":{\"@id\":\"https:\/\/exceladvisor.org\/pt\/#\/schema\/logo\/image\/\"}}]}<\/script>\n<!-- \/ Yoast SEO plugin. -->","yoast_head_json":{"title":"Como tirar um m\u00eas de uma data? (Guia 2023)","description":"Neste tutorial, voc\u00ea aprender\u00e1 como obter\/extrair o nome do m\u00eas de uma data no Excel usando cinco m\u00e9todos diferentes que","robots":{"index":"index","follow":"follow","max-snippet":"max-snippet:-1","max-image-preview":"max-image-preview:large","max-video-preview":"max-video-preview:-1"},"canonical":"https:\/\/exceladvisor.org\/pt\/nome-do-mes\/","og_locale":"pt_PT","og_type":"article","og_title":"Como tirar um m\u00eas de uma data? (Guia 2023)","og_description":"Neste tutorial, voc\u00ea aprender\u00e1 como obter\/extrair o nome do m\u00eas de uma data no Excel usando cinco m\u00e9todos diferentes que","og_url":"https:\/\/exceladvisor.org\/pt\/nome-do-mes\/","og_site_name":"Excel Advisor","article_modified_time":"2023-12-06T11:42:25+00:00","og_image":[{"url":"https:\/\/exceladvisor.org\/wp-content\/uploads\/2023\/08\/obtenir-le-mois-a-partir-dune-date-avec-la-fonction-mois-min-1.png","type":"","width":"","height":""}],"twitter_card":"summary_large_image","twitter_misc":{"Tempo estimado de leitura":"6 minutos"},"schema":{"@context":"https:\/\/schema.org","@graph":[{"@type":"WebPage","@id":"https:\/\/exceladvisor.org\/pt\/nome-do-mes\/","url":"https:\/\/exceladvisor.org\/pt\/nome-do-mes\/","name":"Como tirar um m\u00eas de uma data? (Guia 2023)","isPartOf":{"@id":"https:\/\/exceladvisor.org\/pt\/#website"},"primaryImageOfPage":{"@id":"https:\/\/exceladvisor.org\/pt\/nome-do-mes\/#primaryimage"},"image":{"@id":"https:\/\/exceladvisor.org\/pt\/nome-do-mes\/#primaryimage"},"thumbnailUrl":"https:\/\/exceladvisor.org\/wp-content\/uploads\/2023\/08\/obtenir-le-mois-a-partir-dune-date-avec-la-fonction-mois-min-1.png","datePublished":"2023-11-15T13:06:05+00:00","dateModified":"2023-12-06T11:42:25+00:00","description":"Neste tutorial, voc\u00ea aprender\u00e1 como obter\/extrair o nome do m\u00eas de uma data no Excel usando cinco m\u00e9todos diferentes que","breadcrumb":{"@id":"https:\/\/exceladvisor.org\/pt\/nome-do-mes\/#breadcrumb"},"inLanguage":"pt-PT","potentialAction":[{"@type":"ReadAction","target":["https:\/\/exceladvisor.org\/pt\/nome-do-mes\/"]}]},{"@type":"ImageObject","inLanguage":"pt-PT","@id":"https:\/\/exceladvisor.org\/pt\/nome-do-mes\/#primaryimage","url":"https:\/\/exceladvisor.org\/wp-content\/uploads\/2023\/08\/obtenir-le-mois-a-partir-dune-date-avec-la-fonction-mois-min-1.png","contentUrl":"https:\/\/exceladvisor.org\/wp-content\/uploads\/2023\/08\/obtenir-le-mois-a-partir-dune-date-avec-la-fonction-mois-min-1.png"},{"@type":"BreadcrumbList","@id":"https:\/\/exceladvisor.org\/pt\/nome-do-mes\/#breadcrumb","itemListElement":[{"@type":"ListItem","position":1,"name":"Lar","item":"https:\/\/exceladvisor.org\/pt\/"},{"@type":"ListItem","position":2,"name":"Como tirar um m\u00eas de uma data?"}]},{"@type":"WebSite","@id":"https:\/\/exceladvisor.org\/pt\/#website","url":"https:\/\/exceladvisor.org\/pt\/","name":"Excel Advisor","description":"O seu guia definitivo para dominar os dados!","publisher":{"@id":"https:\/\/exceladvisor.org\/pt\/#organization"},"potentialAction":[{"@type":"SearchAction","target":{"@type":"EntryPoint","urlTemplate":"https:\/\/exceladvisor.org\/pt\/?s={search_term_string}"},"query-input":{"@type":"PropertyValueSpecification","valueRequired":true,"valueName":"search_term_string"}}],"inLanguage":"pt-PT"},{"@type":"Organization","@id":"https:\/\/exceladvisor.org\/pt\/#organization","name":"Excel Advisor","url":"https:\/\/exceladvisor.org\/pt\/","logo":{"@type":"ImageObject","inLanguage":"pt-PT","@id":"https:\/\/exceladvisor.org\/pt\/#\/schema\/logo\/image\/","url":"https:\/\/exceladvisor.org\/pt\/wp-content\/uploads\/2023\/12\/exceladvisor.org_.png","contentUrl":"https:\/\/exceladvisor.org\/pt\/wp-content\/uploads\/2023\/12\/exceladvisor.org_.png","width":105,"height":36,"caption":"Excel Advisor"},"image":{"@id":"https:\/\/exceladvisor.org\/pt\/#\/schema\/logo\/image\/"}}]}},"yoast_meta":{"yoast_wpseo_title":"","yoast_wpseo_metadesc":"","yoast_wpseo_canonical":""},"_links":{"self":[{"href":"https:\/\/exceladvisor.org\/pt\/wp-json\/wp\/v2\/pages\/130","targetHints":{"allow":["GET"]}}],"collection":[{"href":"https:\/\/exceladvisor.org\/pt\/wp-json\/wp\/v2\/pages"}],"about":[{"href":"https:\/\/exceladvisor.org\/pt\/wp-json\/wp\/v2\/types\/page"}],"author":[{"embeddable":true,"href":"https:\/\/exceladvisor.org\/pt\/wp-json\/wp\/v2\/users\/1"}],"replies":[{"embeddable":true,"href":"https:\/\/exceladvisor.org\/pt\/wp-json\/wp\/v2\/comments?post=130"}],"version-history":[{"count":1,"href":"https:\/\/exceladvisor.org\/pt\/wp-json\/wp\/v2\/pages\/130\/revisions"}],"predecessor-version":[{"id":1209,"href":"https:\/\/exceladvisor.org\/pt\/wp-json\/wp\/v2\/pages\/130\/revisions\/1209"}],"wp:attachment":[{"href":"https:\/\/exceladvisor.org\/pt\/wp-json\/wp\/v2\/media?parent=130"}],"curies":[{"name":"wp","href":"https:\/\/api.w.org\/{rel}","templated":true}]}}