{"id":131,"date":"2023-11-15T12:57:17","date_gmt":"2023-11-15T12:57:17","guid":{"rendered":"https:\/\/exceladvisor.org\/pt\/arredondar-para-o-5-mais-proximo\/"},"modified":"2023-12-06T11:34:47","modified_gmt":"2023-12-06T11:34:47","slug":"arredondar-para-o-5-mais-proximo","status":"publish","type":"page","link":"https:\/\/exceladvisor.org\/pt\/arredondar-para-o-5-mais-proximo\/","title":{"rendered":"Como arredondar para 0,5, 5 e 50 mais pr\u00f3ximos no excel?"},"content":{"rendered":"<div class=\"excel-before-content-2\" id=\"excel-322016072\"><script type=\"text\/javascript\">\r\n\tatOptions = {\r\n\t\t'key' : 'c1158f160081d6540a8409e6925dab94',\r\n\t\t'format' : 'iframe',\r\n\t\t'height' : 250,\r\n\t\t'width' : 300,\r\n\t\t'params' : {}\r\n\t};\r\n<\/script>\r\n<script type=\"text\/javascript\" src=\"\/\/www.highperformanceformat.com\/c1158f160081d6540a8409e6925dab94\/invoke.js\"><\/script><\/div><div class=\"excel-before-content\" id=\"excel-392964364\"><script type=\"text\/javascript\">\r\n\tatOptions = {\r\n\t\t'key' : 'c1158f160081d6540a8409e6925dab94',\r\n\t\t'format' : 'iframe',\r\n\t\t'height' : 250,\r\n\t\t'width' : 300,\r\n\t\t'params' : {}\r\n\t};\r\n<\/script>\r\n<script type=\"text\/javascript\" src=\"\/\/www.highperformanceformat.com\/c1158f160081d6540a8409e6925dab94\/invoke.js\"><\/script><\/div> <p>Neste tutorial de f\u00f3rmulas, aprenderemos como arredondar um n\u00famero para 5, 50 e 0,5 mais pr\u00f3ximos. Voc\u00ea pode usar essas f\u00f3rmulas no Excel 2007, Excel 2010, Excel 2013, Excel 2016, Excel 2019 e Excel para Mac.<\/p><h2 class=\"wp-block-heading\"> Arredonde para 0,5, 5 e 50 mais pr\u00f3ximos<\/h2><p> Para arredondar para o 5 mais pr\u00f3ximo, voc\u00ea pode usar a fun\u00e7\u00e3o MROUND, onde pode especificar o argumento do qual obter o m\u00faltiplo. Observe a seguinte f\u00f3rmula. <\/p><div class=\"wp-block-image\"><figure class=\"aligncenter size-full is-resized\"><img loading=\"lazy\" decoding=\"async\" class=\"wp-image-63656\" src=\"https:\/\/exceladvisor.org\/wp-content\/uploads\/2023\/08\/1-fonction-ronde.png\" sizes=\"auto, \" srcset=\"\" alt=\"fun\u00e7\u00e3o redonda\" width=\"420\" height=\"195\"><\/figure><\/div><pre class=\"wp-block-code\"> <code class=\"language-excel-formula\" lang=\"excel-formula\">=MROUND(A2,5)<\/code><\/pre><p> Na f\u00f3rmula acima, voc\u00ea usou 5 como m\u00faltiplo para arredondar o valor. Agora, se voc\u00ea olhar para o primeiro valor na c\u00e9lula A2 que \u00e9 4 e o m\u00faltiplo mais pr\u00f3ximo de 5 \u00e9 5. E, para o segundo valor, voc\u00ea tem 15 que \u00e9 o m\u00faltiplo mais pr\u00f3ximo de 5.<\/p><p> Da mesma forma, com a fun\u00e7\u00e3o MROUND voc\u00ea pode usar 50. <\/p><div class=\"wp-block-image\"><figure class=\"aligncenter size-full is-resized\"><img loading=\"lazy\" decoding=\"async\" class=\"wp-image-63657\" src=\"https:\/\/exceladvisor.org\/wp-content\/uploads\/2023\/08\/2-mround-fonction-avec-argument.png\" sizes=\"auto, \" srcset=\"\" alt=\"fun\u00e7\u00e3o mround com argumento\" width=\"415\" height=\"217\"><\/figure><\/div><p> E a mesma fun\u00e7\u00e3o vale para 0,5. <\/p><div class=\"wp-block-image\"><figure class=\"aligncenter size-full is-resized\"><img loading=\"lazy\" decoding=\"async\" class=\"wp-image-63658\" src=\"https:\/\/exceladvisor.org\/wp-content\/uploads\/2023\/08\/3-mrond-fonction-rond-le-plus-proche.png\" sizes=\"auto, \" srcset=\"\" alt=\"mround-function-round-mais pr\u00f3ximo\" width=\"425\" height=\"207\"><\/figure><\/div><h2 class=\"wp-block-heading\"> Arredonde para o 5 mais pr\u00f3ximo<\/h2><p> Para arredondar um n\u00famero para 5, voc\u00ea deve usar a fun\u00e7\u00e3o FLOOR. Esta fun\u00e7\u00e3o possui os mesmos argumentos que voc\u00ea possui na fun\u00e7\u00e3o MROUND. <\/p><div class=\"wp-block-image\"><figure class=\"aligncenter size-full is-resized\"><img loading=\"lazy\" decoding=\"async\" class=\"wp-image-63659\" src=\"https:\/\/exceladvisor.org\/wp-content\/uploads\/2023\/08\/4-arrondir-au-cinq-le-plus-proche.png\" sizes=\"auto, \" srcset=\"\" alt=\"arredondar para os cinco mais pr\u00f3ximos\" width=\"431\" height=\"202\"><\/figure><\/div><pre class=\"wp-block-code\"> <code class=\"language-excel-formula\" lang=\"excel-formula\">=FLOOR(D8,5)<\/code><\/pre><p> E o mesmo para os 50. <\/p><div class=\"wp-block-image\"><figure class=\"aligncenter size-full is-resized\"><img loading=\"lazy\" decoding=\"async\" class=\"wp-image-63660\" src=\"https:\/\/exceladvisor.org\/wp-content\/uploads\/2023\/08\/5-arrondir-a-la-cinquantaine-inferieure.png\" sizes=\"auto, \" srcset=\"\" alt=\"arredondar para os cinquenta mais pr\u00f3ximos\" width=\"436\" height=\"201\"><\/figure><\/div><p> E por 0,5 tamb\u00e9m. <\/p><div class=\"wp-block-image\"><figure class=\"aligncenter size-full is-resized\"><img loading=\"lazy\" decoding=\"async\" class=\"wp-image-63661\" src=\"https:\/\/exceladvisor.org\/wp-content\/uploads\/2023\/08\/6-arrondir-au-point-cinq-le-plus-proche.png\" sizes=\"auto, \" srcset=\"\" alt=\"arredondar para o n\u00famero cinco mais pr\u00f3ximo\" width=\"442\" height=\"203\"><\/figure><\/div><h2 class=\"wp-block-heading\"> Arredondado para o 5 mais pr\u00f3ximo<\/h2><p> Para arredondar um n\u00famero para o 5 mais pr\u00f3ximo, voc\u00ea deve usar a fun\u00e7\u00e3o CEILING. <\/p><div class=\"wp-block-image\"><figure class=\"aligncenter size-full is-resized\"><img loading=\"lazy\" decoding=\"async\" class=\"wp-image-63662\" src=\"https:\/\/exceladvisor.org\/wp-content\/uploads\/2023\/08\/7-arrondir-au-cinq-le-plus-proche.png\" sizes=\"auto, \" srcset=\"\" alt=\"arredondar para os cinco mais pr\u00f3ximos\" width=\"453\" height=\"200\"><\/figure><\/div><p> Rua 50. <\/p><div class=\"wp-block-image\"><figure class=\"aligncenter size-full is-resized\"><img loading=\"lazy\" decoding=\"async\" class=\"wp-image-63663\" src=\"https:\/\/exceladvisor.org\/wp-content\/uploads\/2023\/08\/8-arrondir-a-la-cinquantaine-la-plus-proche.png\" sizes=\"auto, \" srcset=\"\" alt=\"arredondar para os cinquenta mais pr\u00f3ximos\" width=\"458\" height=\"210\"><\/figure><\/div><p> E no final, por 0,5. <\/p><div class=\"wp-block-image\"><figure class=\"aligncenter size-full is-resized\"><img loading=\"lazy\" decoding=\"async\" class=\"wp-image-63664\" src=\"https:\/\/exceladvisor.org\/wp-content\/uploads\/2023\/08\/9-arrondir-au-point-cinq-le-plus-proche.png\" sizes=\"auto, \" srcset=\"\" alt=\"arredondado para o ponto cinco mais pr\u00f3ximo\" width=\"455\" height=\"206\"><\/figure><\/div><div class=\"gb-container gb-container-52dfcee1 gb-container-sample-file\"><h2 class=\"gb-headline gb-headline-e289c143 gb-headline-text gb-headline-4f7959c2\"> Obtenha o arquivo Excel<\/h2><p> <a class=\"gb-button gb-button-e88d6bee gb-button-text gb-button-button1\" href=\"https:\/\/exceladvisor.org\/wp-content\/uploads\/2023\/11\/arrondir-au-cinq-superieur-le-plus-proche.xlsx\" rel=\"nofollow\">Download<\/a><\/p><\/div><div class=\"gb-container gb-container-0df56012 gb-container-mt\"> <a class=\"gb-button gb-button-f9f432f4 gb-button-text gb-button-mt-button\" href=\"https:\/\/exceladvisor.org\/pt\/formulas\/\">Lista de f\u00f3rmulas do Excel<\/a><h2 class=\"gb-headline gb-headline-233444e8 gb-headline-text gb-headline-mt-heading\"> F\u00f3rmulas relacionadas <\/h2><div class=\"gb-grid-wrapper gb-grid-wrapper-a16fa65c gb-grid-wrapper-mt-grid\"><div class=\"gb-grid-column gb-grid-column-50d07e0d\"><div class=\"gb-container gb-container-50d07e0d\"><ul><li> <a href=\"https:\/\/exceladvisor.org\/pt\/arredondar-para-o-milhar-mais-proximo\/\">Arredonde um n\u00famero para o milhar mais pr\u00f3ximo no Excel<\/a><\/li><li> <a href=\"https:\/\/exceladvisor.org\/pt\/porcentagem-redonda-2\/\">Porcentagem de valores redondos<\/a> <\/li><\/ul><\/div><\/div><div class=\"gb-grid-column gb-grid-column-5b4a0cf9\"><div class=\"gb-container gb-container-5b4a0cf9\"><\/div><\/div><\/div><\/div>","protected":false},"excerpt":{"rendered":"","protected":false},"author":1,"featured_media":0,"parent":0,"menu_order":0,"comment_status":"open","ping_status":"closed","template":"","meta":{"ub_ctt_via":"","footnotes":""},"class_list":["post-131","page","type-page","status-publish","hentry"],"featured_image_src":null,"yoast_head":"<!-- This site is optimized with the Yoast SEO plugin v25.4 - https:\/\/yoast.com\/wordpress\/plugins\/seo\/ -->\n<title>\u25b7 Como arredondar para 0,5, 5 e 50 mais pr\u00f3ximos no Excel?<\/title>\n<meta name=\"description\" content=\"Para arredondar para o 5 mais pr\u00f3ximo, voc\u00ea pode usar a fun\u00e7\u00e3o MROUND, na qual voc\u00ea pode especificar o argumento para\" \/>\n<meta name=\"robots\" content=\"index, follow, max-snippet:-1, max-image-preview:large, max-video-preview:-1\" \/>\n<link rel=\"canonical\" href=\"https:\/\/exceladvisor.org\/pt\/arredondar-para-o-5-mais-proximo\/\" \/>\n<meta property=\"og:locale\" content=\"pt_PT\" \/>\n<meta property=\"og:type\" content=\"article\" \/>\n<meta property=\"og:title\" content=\"\u25b7 Como arredondar para 0,5, 5 e 50 mais pr\u00f3ximos no Excel?\" \/>\n<meta property=\"og:description\" content=\"Para arredondar para o 5 mais pr\u00f3ximo, voc\u00ea pode usar a fun\u00e7\u00e3o MROUND, na qual voc\u00ea pode especificar o argumento para\" \/>\n<meta property=\"og:url\" content=\"https:\/\/exceladvisor.org\/pt\/arredondar-para-o-5-mais-proximo\/\" \/>\n<meta property=\"og:site_name\" content=\"Excel Advisor\" \/>\n<meta property=\"article:modified_time\" content=\"2023-12-06T11:34:47+00:00\" \/>\n<meta property=\"og:image\" content=\"https:\/\/exceladvisor.org\/wp-content\/uploads\/2023\/08\/1-fonction-ronde.png\" \/>\n<meta name=\"twitter:card\" content=\"summary_large_image\" \/>\n<meta name=\"twitter:label1\" content=\"Tempo estimado de leitura\" \/>\n\t<meta name=\"twitter:data1\" content=\"1 minuto\" \/>\n<script type=\"application\/ld+json\" class=\"yoast-schema-graph\">{\"@context\":\"https:\/\/schema.org\",\"@graph\":[{\"@type\":\"WebPage\",\"@id\":\"https:\/\/exceladvisor.org\/pt\/arredondar-para-o-5-mais-proximo\/\",\"url\":\"https:\/\/exceladvisor.org\/pt\/arredondar-para-o-5-mais-proximo\/\",\"name\":\"\u25b7 Como arredondar para 0,5, 5 e 50 mais pr\u00f3ximos no Excel?\",\"isPartOf\":{\"@id\":\"https:\/\/exceladvisor.org\/pt\/#website\"},\"primaryImageOfPage\":{\"@id\":\"https:\/\/exceladvisor.org\/pt\/arredondar-para-o-5-mais-proximo\/#primaryimage\"},\"image\":{\"@id\":\"https:\/\/exceladvisor.org\/pt\/arredondar-para-o-5-mais-proximo\/#primaryimage\"},\"thumbnailUrl\":\"https:\/\/exceladvisor.org\/wp-content\/uploads\/2023\/08\/1-fonction-ronde.png\",\"datePublished\":\"2023-11-15T12:57:17+00:00\",\"dateModified\":\"2023-12-06T11:34:47+00:00\",\"description\":\"Para arredondar para o 5 mais pr\u00f3ximo, voc\u00ea pode usar a fun\u00e7\u00e3o MROUND, na qual voc\u00ea pode especificar o argumento para\",\"breadcrumb\":{\"@id\":\"https:\/\/exceladvisor.org\/pt\/arredondar-para-o-5-mais-proximo\/#breadcrumb\"},\"inLanguage\":\"pt-PT\",\"potentialAction\":[{\"@type\":\"ReadAction\",\"target\":[\"https:\/\/exceladvisor.org\/pt\/arredondar-para-o-5-mais-proximo\/\"]}]},{\"@type\":\"ImageObject\",\"inLanguage\":\"pt-PT\",\"@id\":\"https:\/\/exceladvisor.org\/pt\/arredondar-para-o-5-mais-proximo\/#primaryimage\",\"url\":\"https:\/\/exceladvisor.org\/wp-content\/uploads\/2023\/08\/1-fonction-ronde.png\",\"contentUrl\":\"https:\/\/exceladvisor.org\/wp-content\/uploads\/2023\/08\/1-fonction-ronde.png\"},{\"@type\":\"BreadcrumbList\",\"@id\":\"https:\/\/exceladvisor.org\/pt\/arredondar-para-o-5-mais-proximo\/#breadcrumb\",\"itemListElement\":[{\"@type\":\"ListItem\",\"position\":1,\"name\":\"Lar\",\"item\":\"https:\/\/exceladvisor.org\/pt\/\"},{\"@type\":\"ListItem\",\"position\":2,\"name\":\"Como arredondar para 0,5, 5 e 50 mais pr\u00f3ximos no excel?\"}]},{\"@type\":\"WebSite\",\"@id\":\"https:\/\/exceladvisor.org\/pt\/#website\",\"url\":\"https:\/\/exceladvisor.org\/pt\/\",\"name\":\"Excel Advisor\",\"description\":\"O seu guia definitivo para dominar os dados!\",\"publisher\":{\"@id\":\"https:\/\/exceladvisor.org\/pt\/#organization\"},\"potentialAction\":[{\"@type\":\"SearchAction\",\"target\":{\"@type\":\"EntryPoint\",\"urlTemplate\":\"https:\/\/exceladvisor.org\/pt\/?s={search_term_string}\"},\"query-input\":{\"@type\":\"PropertyValueSpecification\",\"valueRequired\":true,\"valueName\":\"search_term_string\"}}],\"inLanguage\":\"pt-PT\"},{\"@type\":\"Organization\",\"@id\":\"https:\/\/exceladvisor.org\/pt\/#organization\",\"name\":\"Excel Advisor\",\"url\":\"https:\/\/exceladvisor.org\/pt\/\",\"logo\":{\"@type\":\"ImageObject\",\"inLanguage\":\"pt-PT\",\"@id\":\"https:\/\/exceladvisor.org\/pt\/#\/schema\/logo\/image\/\",\"url\":\"https:\/\/exceladvisor.org\/pt\/wp-content\/uploads\/2023\/12\/exceladvisor.org_.png\",\"contentUrl\":\"https:\/\/exceladvisor.org\/pt\/wp-content\/uploads\/2023\/12\/exceladvisor.org_.png\",\"width\":105,\"height\":36,\"caption\":\"Excel Advisor\"},\"image\":{\"@id\":\"https:\/\/exceladvisor.org\/pt\/#\/schema\/logo\/image\/\"}}]}<\/script>\n<!-- \/ Yoast SEO plugin. -->","yoast_head_json":{"title":"\u25b7 Como arredondar para 0,5, 5 e 50 mais pr\u00f3ximos no Excel?","description":"Para arredondar para o 5 mais pr\u00f3ximo, voc\u00ea pode usar a fun\u00e7\u00e3o MROUND, na qual voc\u00ea pode especificar o argumento para","robots":{"index":"index","follow":"follow","max-snippet":"max-snippet:-1","max-image-preview":"max-image-preview:large","max-video-preview":"max-video-preview:-1"},"canonical":"https:\/\/exceladvisor.org\/pt\/arredondar-para-o-5-mais-proximo\/","og_locale":"pt_PT","og_type":"article","og_title":"\u25b7 Como arredondar para 0,5, 5 e 50 mais pr\u00f3ximos no Excel?","og_description":"Para arredondar para o 5 mais pr\u00f3ximo, voc\u00ea pode usar a fun\u00e7\u00e3o MROUND, na qual voc\u00ea pode especificar o argumento para","og_url":"https:\/\/exceladvisor.org\/pt\/arredondar-para-o-5-mais-proximo\/","og_site_name":"Excel Advisor","article_modified_time":"2023-12-06T11:34:47+00:00","og_image":[{"url":"https:\/\/exceladvisor.org\/wp-content\/uploads\/2023\/08\/1-fonction-ronde.png","type":"","width":"","height":""}],"twitter_card":"summary_large_image","twitter_misc":{"Tempo estimado de leitura":"1 minuto"},"schema":{"@context":"https:\/\/schema.org","@graph":[{"@type":"WebPage","@id":"https:\/\/exceladvisor.org\/pt\/arredondar-para-o-5-mais-proximo\/","url":"https:\/\/exceladvisor.org\/pt\/arredondar-para-o-5-mais-proximo\/","name":"\u25b7 Como arredondar para 0,5, 5 e 50 mais pr\u00f3ximos no Excel?","isPartOf":{"@id":"https:\/\/exceladvisor.org\/pt\/#website"},"primaryImageOfPage":{"@id":"https:\/\/exceladvisor.org\/pt\/arredondar-para-o-5-mais-proximo\/#primaryimage"},"image":{"@id":"https:\/\/exceladvisor.org\/pt\/arredondar-para-o-5-mais-proximo\/#primaryimage"},"thumbnailUrl":"https:\/\/exceladvisor.org\/wp-content\/uploads\/2023\/08\/1-fonction-ronde.png","datePublished":"2023-11-15T12:57:17+00:00","dateModified":"2023-12-06T11:34:47+00:00","description":"Para arredondar para o 5 mais pr\u00f3ximo, voc\u00ea pode usar a fun\u00e7\u00e3o MROUND, na qual voc\u00ea pode especificar o argumento para","breadcrumb":{"@id":"https:\/\/exceladvisor.org\/pt\/arredondar-para-o-5-mais-proximo\/#breadcrumb"},"inLanguage":"pt-PT","potentialAction":[{"@type":"ReadAction","target":["https:\/\/exceladvisor.org\/pt\/arredondar-para-o-5-mais-proximo\/"]}]},{"@type":"ImageObject","inLanguage":"pt-PT","@id":"https:\/\/exceladvisor.org\/pt\/arredondar-para-o-5-mais-proximo\/#primaryimage","url":"https:\/\/exceladvisor.org\/wp-content\/uploads\/2023\/08\/1-fonction-ronde.png","contentUrl":"https:\/\/exceladvisor.org\/wp-content\/uploads\/2023\/08\/1-fonction-ronde.png"},{"@type":"BreadcrumbList","@id":"https:\/\/exceladvisor.org\/pt\/arredondar-para-o-5-mais-proximo\/#breadcrumb","itemListElement":[{"@type":"ListItem","position":1,"name":"Lar","item":"https:\/\/exceladvisor.org\/pt\/"},{"@type":"ListItem","position":2,"name":"Como arredondar para 0,5, 5 e 50 mais pr\u00f3ximos no excel?"}]},{"@type":"WebSite","@id":"https:\/\/exceladvisor.org\/pt\/#website","url":"https:\/\/exceladvisor.org\/pt\/","name":"Excel Advisor","description":"O seu guia definitivo para dominar os dados!","publisher":{"@id":"https:\/\/exceladvisor.org\/pt\/#organization"},"potentialAction":[{"@type":"SearchAction","target":{"@type":"EntryPoint","urlTemplate":"https:\/\/exceladvisor.org\/pt\/?s={search_term_string}"},"query-input":{"@type":"PropertyValueSpecification","valueRequired":true,"valueName":"search_term_string"}}],"inLanguage":"pt-PT"},{"@type":"Organization","@id":"https:\/\/exceladvisor.org\/pt\/#organization","name":"Excel Advisor","url":"https:\/\/exceladvisor.org\/pt\/","logo":{"@type":"ImageObject","inLanguage":"pt-PT","@id":"https:\/\/exceladvisor.org\/pt\/#\/schema\/logo\/image\/","url":"https:\/\/exceladvisor.org\/pt\/wp-content\/uploads\/2023\/12\/exceladvisor.org_.png","contentUrl":"https:\/\/exceladvisor.org\/pt\/wp-content\/uploads\/2023\/12\/exceladvisor.org_.png","width":105,"height":36,"caption":"Excel Advisor"},"image":{"@id":"https:\/\/exceladvisor.org\/pt\/#\/schema\/logo\/image\/"}}]}},"yoast_meta":{"yoast_wpseo_title":"","yoast_wpseo_metadesc":"","yoast_wpseo_canonical":""},"_links":{"self":[{"href":"https:\/\/exceladvisor.org\/pt\/wp-json\/wp\/v2\/pages\/131","targetHints":{"allow":["GET"]}}],"collection":[{"href":"https:\/\/exceladvisor.org\/pt\/wp-json\/wp\/v2\/pages"}],"about":[{"href":"https:\/\/exceladvisor.org\/pt\/wp-json\/wp\/v2\/types\/page"}],"author":[{"embeddable":true,"href":"https:\/\/exceladvisor.org\/pt\/wp-json\/wp\/v2\/users\/1"}],"replies":[{"embeddable":true,"href":"https:\/\/exceladvisor.org\/pt\/wp-json\/wp\/v2\/comments?post=131"}],"version-history":[{"count":1,"href":"https:\/\/exceladvisor.org\/pt\/wp-json\/wp\/v2\/pages\/131\/revisions"}],"predecessor-version":[{"id":853,"href":"https:\/\/exceladvisor.org\/pt\/wp-json\/wp\/v2\/pages\/131\/revisions\/853"}],"wp:attachment":[{"href":"https:\/\/exceladvisor.org\/pt\/wp-json\/wp\/v2\/media?parent=131"}],"curies":[{"name":"wp","href":"https:\/\/api.w.org\/{rel}","templated":true}]}}