{"id":132,"date":"2023-11-15T12:37:37","date_gmt":"2023-11-15T12:37:37","guid":{"rendered":"https:\/\/exceladvisor.org\/pt\/adicionar-anos-ate-a-data\/"},"modified":"2023-12-06T11:33:46","modified_gmt":"2023-12-06T11:33:46","slug":"adicionar-anos-ate-a-data","status":"publish","type":"page","link":"https:\/\/exceladvisor.org\/pt\/adicionar-anos-ate-a-data\/","title":{"rendered":"Como adicionar anos a uma data no excel?"},"content":{"rendered":"<div class=\"excel-before-content-2\" id=\"excel-1974882932\"><script type=\"text\/javascript\">\r\n\tatOptions = {\r\n\t\t'key' : 'c1158f160081d6540a8409e6925dab94',\r\n\t\t'format' : 'iframe',\r\n\t\t'height' : 250,\r\n\t\t'width' : 300,\r\n\t\t'params' : {}\r\n\t};\r\n<\/script>\r\n<script type=\"text\/javascript\" src=\"\/\/www.highperformanceformat.com\/c1158f160081d6540a8409e6925dab94\/invoke.js\"><\/script><\/div><div class=\"excel-before-content\" id=\"excel-2843807455\"><script type=\"text\/javascript\">\r\n\tatOptions = {\r\n\t\t'key' : 'c1158f160081d6540a8409e6925dab94',\r\n\t\t'format' : 'iframe',\r\n\t\t'height' : 250,\r\n\t\t'width' : 300,\r\n\t\t'params' : {}\r\n\t};\r\n<\/script>\r\n<script type=\"text\/javascript\" src=\"\/\/www.highperformanceformat.com\/c1158f160081d6540a8409e6925dab94\/invoke.js\"><\/script><\/div> <p>Digamos que voc\u00ea tenha uma data e queira adicionar um ano para obter a mesma data para o pr\u00f3ximo ano. Neste tutorial, veremos alguns exemplos para criar uma f\u00f3rmula para essa finalidade.<\/p><h2 id=\"add-a-3-years-in-a-date-in-excel\" class=\"wp-block-heading\"> Adicione 3 anos a uma data no Excel<\/h2><p> Aqui usamos a data 1\u00ba de janeiro de 2021 para ficar mais compreens\u00edvel para voc\u00ea, e voc\u00ea precisa adicionar tr\u00eas anos a esta data, ent\u00e3o a data seria 1\u00ba de janeiro de 2024. Para isso usaremos a fun\u00e7\u00e3o EDATE. <\/p><div class=\"wp-block-image\"><figure class=\"aligncenter size-full is-resized\"><img loading=\"lazy\" decoding=\"async\" class=\"wp-image-63960\" src=\"https:\/\/exceladvisor.org\/wp-content\/uploads\/2023\/08\/1-ajouter-une-date-dans-excel.png\" sizes=\"auto, \" srcset=\"\" alt=\"adicionar uma data no Excel\" width=\"366\" height=\"269\"><\/figure><\/div><ol type=\"1\"><li> Primeiro, voc\u00ea precisa da fun\u00e7\u00e3o EDATE na c\u00e9lula B1.<\/li><li> Depois disso, no primeiro argumento, consulte a c\u00e9lula A1.<\/li><li> Depois 12 para especificar 12 meses.<\/li><li> Agora multiplique 12 por 3 para especificar 3 anos.<\/li><li> No final, insira os par\u00eanteses de fechamento e pressione Enter. <\/li><\/ol><div class=\"wp-block-image\"><figure class=\"aligncenter size-full is-resized\"><img loading=\"lazy\" decoding=\"async\" class=\"wp-image-63961\" src=\"https:\/\/exceladvisor.org\/wp-content\/uploads\/2023\/08\/2-fonction-date.png\" sizes=\"auto, \" srcset=\"\" alt=\"fun\u00e7\u00e3o de edi\u00e7\u00e3o\" width=\"664\" height=\"256\"><\/figure><\/div><pre class=\"wp-block-code\"> <code class=\"language-excel-formula\" lang=\"excel-formula\">=EDATE(A1,12*3)<\/code><\/pre><h2 id=\"add-5-years-in-a-date\" class=\"wp-block-heading\"> Adicione 5 anos a uma data<\/h2><p> Agora, da mesma forma, se voc\u00ea quiser adicionar 5 anos \u00e0 data, a f\u00f3rmula ficaria assim. <\/p><div class=\"wp-block-image\"><figure class=\"aligncenter size-full is-resized\"><img loading=\"lazy\" decoding=\"async\" class=\"wp-image-63962\" src=\"https:\/\/exceladvisor.org\/wp-content\/uploads\/2023\/08\/3-ajouter-5-ans-a-la-date.png\" sizes=\"auto, \" srcset=\"\" alt=\"add-5 anos de data\" width=\"658\" height=\"292\"><\/figure><\/div><pre class=\"wp-block-code\"> <code class=\"language-excel-formula\" lang=\"excel-formula\">=EDATE(A1,12*5)<\/code><\/pre><h2 id=\"subtract-10-years-from-a-date\" class=\"wp-block-heading\"> Subtraia 10 anos de uma data<\/h2><p> E se quiser subtrair um ano, digamos dez anos, voc\u00ea pode usar uma f\u00f3rmula como abaixo. <\/p><div class=\"wp-block-image\"><figure class=\"aligncenter size-full is-resized\"><img loading=\"lazy\" decoding=\"async\" class=\"wp-image-63963\" src=\"https:\/\/exceladvisor.org\/wp-content\/uploads\/2023\/08\/4-soustraire-10-ans-a-partir-de-la-date.png\" sizes=\"auto, \" srcset=\"\" alt=\"subtrair 10 anos desde a data\" width=\"681\" height=\"264\"><\/figure><\/div><h2 id=\"other-method-to-add-and-subtract-years-from-a-date\" class=\"wp-block-heading\">Outro m\u00e9todo para adicionar e subtrair anos de uma data<\/h2><p> Voc\u00ea tamb\u00e9m pode usar uma combina\u00e7\u00e3o de fun\u00e7\u00f5es (Data, Ano, M\u00eas e Dia) para adicionar ou subtrair anos de uma data. <\/p><div class=\"wp-block-image\"><figure class=\"aligncenter size-full is-resized\"><img loading=\"lazy\" decoding=\"async\" class=\"wp-image-63964\" src=\"https:\/\/exceladvisor.org\/wp-content\/uploads\/2023\/08\/5-ajouter-et-soustraire-des-annees-a-partir-de-la-date.png\" sizes=\"auto, \" srcset=\"\" alt=\"adicionar e subtrair anos da data\" width=\"782\" height=\"349\"><\/figure><\/div><p> Nesta f\u00f3rmula:<\/p><ol type=\"1\"><li> A fun\u00e7\u00e3o ano obt\u00e9m o ano a partir da data.<\/li><li> A fun\u00e7\u00e3o m\u00eas tira um m\u00eas da data e adiciona cinco anos (60 meses) a ela.<\/li><li> A fun\u00e7\u00e3o do dia leva um dia a partir da data.<\/li><li> E a fun\u00e7\u00e3o de data, no final, cria uma nova data usando as entradas de todas as fun\u00e7\u00f5es.<\/li><\/ol><pre class=\"wp-block-code\"> <code class=\"language-excel-formula\" lang=\"excel-formula\">=DATE(YEAR(A1),(MONTH(A1)+(12*5)),DAY(A1))<\/code><\/pre><p> Voc\u00ea tamb\u00e9m pode usar a mesma f\u00f3rmula para subtrair anos de uma data. <\/p><div class=\"wp-block-image\"><figure class=\"aligncenter size-full is-resized\"><img loading=\"lazy\" decoding=\"async\" class=\"wp-image-63965\" src=\"https:\/\/exceladvisor.org\/wp-content\/uploads\/2023\/08\/6-fromula-pour-ajouter-et-supprimer-des-annees-a-partir-de-la-date.png\" sizes=\"auto, \" srcset=\"\" alt=\"f\u00f3rmula para adicionar e remover anos a partir da data\" width=\"815\" height=\"295\"><\/figure><\/div><pre class=\"wp-block-code\"> <code class=\"language-excel-formula\" lang=\"excel-formula\">=DATE(YEAR(A1),(MONTH(A1)+(-12*5)),DAY(A1))<\/code><\/pre><div class=\"gb-container gb-container-52dfcee1 gb-container-sample-file\"><h2 class=\"gb-headline gb-headline-e289c143 gb-headline-text gb-headline-4f7959c2\"> Obtenha o arquivo Excel<\/h2><p> <a class=\"gb-button gb-button-e88d6bee gb-button-text gb-button-button1\" href=\"https:\/\/exceladvisor.org\/wp-content\/uploads\/2023\/11\/ajouter-des-annees-a-ce-jour-3.xlsx\" rel=\"nofollow\">Download<\/a><\/p><\/div><div class=\"gb-container gb-container-0df56012 gb-container-mt\"> <a class=\"gb-button gb-button-f9f432f4 gb-button-text gb-button-mt-button\" href=\"https:\/\/exceladvisor.org\/pt\/formulas\/\">Lista de f\u00f3rmulas do Excel<\/a><h2 class=\"gb-headline gb-headline-233444e8 gb-headline-text gb-headline-mt-heading\"> F\u00f3rmulas relacionadas <\/h2><div class=\"gb-grid-wrapper gb-grid-wrapper-a16fa65c gb-grid-wrapper-mt-grid\"><div class=\"gb-grid-column gb-grid-column-50d07e0d\"><div class=\"gb-container gb-container-50d07e0d\"><ul><li> <a href=\"https:\/\/exceladvisor.org\/pt\/contar-os-anos-entre-duas-datas\/\">Conte anos entre duas datas no Excel<\/a><\/li><li> <a href=\"https:\/\/exceladvisor.org\/pt\/obter-o-numero-do-dia-do-ano\/\">Obtenha o n\u00famero de dias do ano no Excel<\/a><\/li><li> <a href=\"https:\/\/exceladvisor.org\/pt\/ganhe-2-anos-de-servico\/\">Obtenha anos de servi\u00e7o no Excel<\/a><\/li><li> <a href=\"https:\/\/exceladvisor.org\/pt\/anos-entre-datas\/\">Anos entre datas no Excel<\/a><\/li><li> <a href=\"https:\/\/exceladvisor.org\/pt\/extrair-ano-mes\/\">Extraia (obtenha) o ano ou m\u00eas de uma data no Excel<\/a> <\/li><\/ul><\/div><\/div><div class=\"gb-grid-column gb-grid-column-5b4a0cf9\"><div class=\"gb-container gb-container-5b4a0cf9\"><\/div><\/div><\/div><\/div>","protected":false},"excerpt":{"rendered":"","protected":false},"author":1,"featured_media":0,"parent":0,"menu_order":0,"comment_status":"open","ping_status":"closed","template":"","meta":{"ub_ctt_via":"","footnotes":""},"class_list":["post-132","page","type-page","status-publish","hentry"],"featured_image_src":null,"yoast_head":"<!-- This site is optimized with the Yoast SEO plugin v25.4 - https:\/\/yoast.com\/wordpress\/plugins\/seo\/ -->\n<title>\u25b7 Como adicionar anos a uma data no Excel?<\/title>\n<meta name=\"description\" content=\"Neste tutorial de f\u00f3rmulas, voc\u00ea aprender\u00e1 como adicionar um ou mais anos a uma data. E voc\u00ea tamb\u00e9m aprender\u00e1 a\" \/>\n<meta name=\"robots\" content=\"index, follow, max-snippet:-1, max-image-preview:large, max-video-preview:-1\" \/>\n<link rel=\"canonical\" href=\"https:\/\/exceladvisor.org\/pt\/adicionar-anos-ate-a-data\/\" \/>\n<meta property=\"og:locale\" content=\"pt_PT\" \/>\n<meta property=\"og:type\" content=\"article\" \/>\n<meta property=\"og:title\" content=\"\u25b7 Como adicionar anos a uma data no Excel?\" \/>\n<meta property=\"og:description\" content=\"Neste tutorial de f\u00f3rmulas, voc\u00ea aprender\u00e1 como adicionar um ou mais anos a uma data. E voc\u00ea tamb\u00e9m aprender\u00e1 a\" \/>\n<meta property=\"og:url\" content=\"https:\/\/exceladvisor.org\/pt\/adicionar-anos-ate-a-data\/\" \/>\n<meta property=\"og:site_name\" content=\"Excel Advisor\" \/>\n<meta property=\"article:modified_time\" content=\"2023-12-06T11:33:46+00:00\" \/>\n<meta property=\"og:image\" content=\"https:\/\/exceladvisor.org\/wp-content\/uploads\/2023\/08\/1-ajouter-une-date-dans-excel.png\" \/>\n<meta name=\"twitter:card\" content=\"summary_large_image\" \/>\n<meta name=\"twitter:label1\" content=\"Tempo estimado de leitura\" \/>\n\t<meta name=\"twitter:data1\" content=\"2 minutos\" \/>\n<script type=\"application\/ld+json\" class=\"yoast-schema-graph\">{\"@context\":\"https:\/\/schema.org\",\"@graph\":[{\"@type\":\"WebPage\",\"@id\":\"https:\/\/exceladvisor.org\/pt\/adicionar-anos-ate-a-data\/\",\"url\":\"https:\/\/exceladvisor.org\/pt\/adicionar-anos-ate-a-data\/\",\"name\":\"\u25b7 Como adicionar anos a uma data no Excel?\",\"isPartOf\":{\"@id\":\"https:\/\/exceladvisor.org\/pt\/#website\"},\"primaryImageOfPage\":{\"@id\":\"https:\/\/exceladvisor.org\/pt\/adicionar-anos-ate-a-data\/#primaryimage\"},\"image\":{\"@id\":\"https:\/\/exceladvisor.org\/pt\/adicionar-anos-ate-a-data\/#primaryimage\"},\"thumbnailUrl\":\"https:\/\/exceladvisor.org\/wp-content\/uploads\/2023\/08\/1-ajouter-une-date-dans-excel.png\",\"datePublished\":\"2023-11-15T12:37:37+00:00\",\"dateModified\":\"2023-12-06T11:33:46+00:00\",\"description\":\"Neste tutorial de f\u00f3rmulas, voc\u00ea aprender\u00e1 como adicionar um ou mais anos a uma data. E voc\u00ea tamb\u00e9m aprender\u00e1 a\",\"breadcrumb\":{\"@id\":\"https:\/\/exceladvisor.org\/pt\/adicionar-anos-ate-a-data\/#breadcrumb\"},\"inLanguage\":\"pt-PT\",\"potentialAction\":[{\"@type\":\"ReadAction\",\"target\":[\"https:\/\/exceladvisor.org\/pt\/adicionar-anos-ate-a-data\/\"]}]},{\"@type\":\"ImageObject\",\"inLanguage\":\"pt-PT\",\"@id\":\"https:\/\/exceladvisor.org\/pt\/adicionar-anos-ate-a-data\/#primaryimage\",\"url\":\"https:\/\/exceladvisor.org\/wp-content\/uploads\/2023\/08\/1-ajouter-une-date-dans-excel.png\",\"contentUrl\":\"https:\/\/exceladvisor.org\/wp-content\/uploads\/2023\/08\/1-ajouter-une-date-dans-excel.png\"},{\"@type\":\"BreadcrumbList\",\"@id\":\"https:\/\/exceladvisor.org\/pt\/adicionar-anos-ate-a-data\/#breadcrumb\",\"itemListElement\":[{\"@type\":\"ListItem\",\"position\":1,\"name\":\"Lar\",\"item\":\"https:\/\/exceladvisor.org\/pt\/\"},{\"@type\":\"ListItem\",\"position\":2,\"name\":\"Como adicionar anos a uma data no excel?\"}]},{\"@type\":\"WebSite\",\"@id\":\"https:\/\/exceladvisor.org\/pt\/#website\",\"url\":\"https:\/\/exceladvisor.org\/pt\/\",\"name\":\"Excel Advisor\",\"description\":\"O seu guia definitivo para dominar os dados!\",\"publisher\":{\"@id\":\"https:\/\/exceladvisor.org\/pt\/#organization\"},\"potentialAction\":[{\"@type\":\"SearchAction\",\"target\":{\"@type\":\"EntryPoint\",\"urlTemplate\":\"https:\/\/exceladvisor.org\/pt\/?s={search_term_string}\"},\"query-input\":{\"@type\":\"PropertyValueSpecification\",\"valueRequired\":true,\"valueName\":\"search_term_string\"}}],\"inLanguage\":\"pt-PT\"},{\"@type\":\"Organization\",\"@id\":\"https:\/\/exceladvisor.org\/pt\/#organization\",\"name\":\"Excel Advisor\",\"url\":\"https:\/\/exceladvisor.org\/pt\/\",\"logo\":{\"@type\":\"ImageObject\",\"inLanguage\":\"pt-PT\",\"@id\":\"https:\/\/exceladvisor.org\/pt\/#\/schema\/logo\/image\/\",\"url\":\"https:\/\/exceladvisor.org\/pt\/wp-content\/uploads\/2023\/12\/exceladvisor.org_.png\",\"contentUrl\":\"https:\/\/exceladvisor.org\/pt\/wp-content\/uploads\/2023\/12\/exceladvisor.org_.png\",\"width\":105,\"height\":36,\"caption\":\"Excel Advisor\"},\"image\":{\"@id\":\"https:\/\/exceladvisor.org\/pt\/#\/schema\/logo\/image\/\"}}]}<\/script>\n<!-- \/ Yoast SEO plugin. -->","yoast_head_json":{"title":"\u25b7 Como adicionar anos a uma data no Excel?","description":"Neste tutorial de f\u00f3rmulas, voc\u00ea aprender\u00e1 como adicionar um ou mais anos a uma data. E voc\u00ea tamb\u00e9m aprender\u00e1 a","robots":{"index":"index","follow":"follow","max-snippet":"max-snippet:-1","max-image-preview":"max-image-preview:large","max-video-preview":"max-video-preview:-1"},"canonical":"https:\/\/exceladvisor.org\/pt\/adicionar-anos-ate-a-data\/","og_locale":"pt_PT","og_type":"article","og_title":"\u25b7 Como adicionar anos a uma data no Excel?","og_description":"Neste tutorial de f\u00f3rmulas, voc\u00ea aprender\u00e1 como adicionar um ou mais anos a uma data. E voc\u00ea tamb\u00e9m aprender\u00e1 a","og_url":"https:\/\/exceladvisor.org\/pt\/adicionar-anos-ate-a-data\/","og_site_name":"Excel Advisor","article_modified_time":"2023-12-06T11:33:46+00:00","og_image":[{"url":"https:\/\/exceladvisor.org\/wp-content\/uploads\/2023\/08\/1-ajouter-une-date-dans-excel.png","type":"","width":"","height":""}],"twitter_card":"summary_large_image","twitter_misc":{"Tempo estimado de leitura":"2 minutos"},"schema":{"@context":"https:\/\/schema.org","@graph":[{"@type":"WebPage","@id":"https:\/\/exceladvisor.org\/pt\/adicionar-anos-ate-a-data\/","url":"https:\/\/exceladvisor.org\/pt\/adicionar-anos-ate-a-data\/","name":"\u25b7 Como adicionar anos a uma data no Excel?","isPartOf":{"@id":"https:\/\/exceladvisor.org\/pt\/#website"},"primaryImageOfPage":{"@id":"https:\/\/exceladvisor.org\/pt\/adicionar-anos-ate-a-data\/#primaryimage"},"image":{"@id":"https:\/\/exceladvisor.org\/pt\/adicionar-anos-ate-a-data\/#primaryimage"},"thumbnailUrl":"https:\/\/exceladvisor.org\/wp-content\/uploads\/2023\/08\/1-ajouter-une-date-dans-excel.png","datePublished":"2023-11-15T12:37:37+00:00","dateModified":"2023-12-06T11:33:46+00:00","description":"Neste tutorial de f\u00f3rmulas, voc\u00ea aprender\u00e1 como adicionar um ou mais anos a uma data. E voc\u00ea tamb\u00e9m aprender\u00e1 a","breadcrumb":{"@id":"https:\/\/exceladvisor.org\/pt\/adicionar-anos-ate-a-data\/#breadcrumb"},"inLanguage":"pt-PT","potentialAction":[{"@type":"ReadAction","target":["https:\/\/exceladvisor.org\/pt\/adicionar-anos-ate-a-data\/"]}]},{"@type":"ImageObject","inLanguage":"pt-PT","@id":"https:\/\/exceladvisor.org\/pt\/adicionar-anos-ate-a-data\/#primaryimage","url":"https:\/\/exceladvisor.org\/wp-content\/uploads\/2023\/08\/1-ajouter-une-date-dans-excel.png","contentUrl":"https:\/\/exceladvisor.org\/wp-content\/uploads\/2023\/08\/1-ajouter-une-date-dans-excel.png"},{"@type":"BreadcrumbList","@id":"https:\/\/exceladvisor.org\/pt\/adicionar-anos-ate-a-data\/#breadcrumb","itemListElement":[{"@type":"ListItem","position":1,"name":"Lar","item":"https:\/\/exceladvisor.org\/pt\/"},{"@type":"ListItem","position":2,"name":"Como adicionar anos a uma data no excel?"}]},{"@type":"WebSite","@id":"https:\/\/exceladvisor.org\/pt\/#website","url":"https:\/\/exceladvisor.org\/pt\/","name":"Excel Advisor","description":"O seu guia definitivo para dominar os dados!","publisher":{"@id":"https:\/\/exceladvisor.org\/pt\/#organization"},"potentialAction":[{"@type":"SearchAction","target":{"@type":"EntryPoint","urlTemplate":"https:\/\/exceladvisor.org\/pt\/?s={search_term_string}"},"query-input":{"@type":"PropertyValueSpecification","valueRequired":true,"valueName":"search_term_string"}}],"inLanguage":"pt-PT"},{"@type":"Organization","@id":"https:\/\/exceladvisor.org\/pt\/#organization","name":"Excel Advisor","url":"https:\/\/exceladvisor.org\/pt\/","logo":{"@type":"ImageObject","inLanguage":"pt-PT","@id":"https:\/\/exceladvisor.org\/pt\/#\/schema\/logo\/image\/","url":"https:\/\/exceladvisor.org\/pt\/wp-content\/uploads\/2023\/12\/exceladvisor.org_.png","contentUrl":"https:\/\/exceladvisor.org\/pt\/wp-content\/uploads\/2023\/12\/exceladvisor.org_.png","width":105,"height":36,"caption":"Excel Advisor"},"image":{"@id":"https:\/\/exceladvisor.org\/pt\/#\/schema\/logo\/image\/"}}]}},"yoast_meta":{"yoast_wpseo_title":"","yoast_wpseo_metadesc":"","yoast_wpseo_canonical":""},"_links":{"self":[{"href":"https:\/\/exceladvisor.org\/pt\/wp-json\/wp\/v2\/pages\/132","targetHints":{"allow":["GET"]}}],"collection":[{"href":"https:\/\/exceladvisor.org\/pt\/wp-json\/wp\/v2\/pages"}],"about":[{"href":"https:\/\/exceladvisor.org\/pt\/wp-json\/wp\/v2\/types\/page"}],"author":[{"embeddable":true,"href":"https:\/\/exceladvisor.org\/pt\/wp-json\/wp\/v2\/users\/1"}],"replies":[{"embeddable":true,"href":"https:\/\/exceladvisor.org\/pt\/wp-json\/wp\/v2\/comments?post=132"}],"version-history":[{"count":1,"href":"https:\/\/exceladvisor.org\/pt\/wp-json\/wp\/v2\/pages\/132\/revisions"}],"predecessor-version":[{"id":772,"href":"https:\/\/exceladvisor.org\/pt\/wp-json\/wp\/v2\/pages\/132\/revisions\/772"}],"wp:attachment":[{"href":"https:\/\/exceladvisor.org\/pt\/wp-json\/wp\/v2\/media?parent=132"}],"curies":[{"name":"wp","href":"https:\/\/api.w.org\/{rel}","templated":true}]}}