{"id":133,"date":"2023-11-15T12:20:42","date_gmt":"2023-11-15T12:20:42","guid":{"rendered":"https:\/\/exceladvisor.org\/pt\/colocar-a-primeira-letra-em-maiuscula\/"},"modified":"2023-12-06T11:35:18","modified_gmt":"2023-12-06T11:35:18","slug":"colocar-a-primeira-letra-em-maiuscula","status":"publish","type":"page","link":"https:\/\/exceladvisor.org\/pt\/colocar-a-primeira-letra-em-maiuscula\/","title":{"rendered":"Como colocar a primeira letra em mai\u00fascula no excel?"},"content":{"rendered":"<div class=\"excel-before-content-2\" id=\"excel-3796073938\"><script type=\"text\/javascript\">\r\n\tatOptions = {\r\n\t\t'key' : 'c1158f160081d6540a8409e6925dab94',\r\n\t\t'format' : 'iframe',\r\n\t\t'height' : 250,\r\n\t\t'width' : 300,\r\n\t\t'params' : {}\r\n\t};\r\n<\/script>\r\n<script type=\"text\/javascript\" src=\"\/\/www.highperformanceformat.com\/c1158f160081d6540a8409e6925dab94\/invoke.js\"><\/script><\/div><div class=\"excel-before-content\" id=\"excel-1090206054\"><script type=\"text\/javascript\">\r\n\tatOptions = {\r\n\t\t'key' : 'c1158f160081d6540a8409e6925dab94',\r\n\t\t'format' : 'iframe',\r\n\t\t'height' : 250,\r\n\t\t'width' : 300,\r\n\t\t'params' : {}\r\n\t};\r\n<\/script>\r\n<script type=\"text\/javascript\" src=\"\/\/www.highperformanceformat.com\/c1158f160081d6540a8409e6925dab94\/invoke.js\"><\/script><\/div> <p>Digamos que voc\u00ea tenha uma lista de valores de texto e queira colocar a primeira letra de cada texto em mai\u00fascula.<\/p><p> Isso pode ser feito facilmente usando uma f\u00f3rmula simples. E neste tutorial aprenderemos como escrever esta f\u00f3rmula para colocar a primeira letra de uma palavra em mai\u00fascula.<\/p><h2 id=\"proper-function-to-capitalize-first-letter\" class=\"wp-block-heading\"> Fun\u00e7\u00e3o PROPER para colocar a primeira letra em mai\u00fascula<\/h2><p> No exemplo a seguir, voc\u00ea tem uma lista de nomes e todos esses nomes est\u00e3o em letras min\u00fasculas. Agora voc\u00ea precisa converter a primeira letra para mai\u00fascula. <\/p><div class=\"wp-block-image\"><figure class=\"aligncenter size-full is-resized\"><img loading=\"lazy\" decoding=\"async\" class=\"wp-image-64150\" src=\"https:\/\/exceladvisor.org\/wp-content\/uploads\/2023\/08\/1-premiere-lettre-en-majuscule.png\" sizes=\"auto, \" srcset=\"\" alt=\"primeira letra mai\u00fascula\" width=\"230\" height=\"299\"><\/figure><\/div><p> Use as etapas a seguir para colocar a primeira letra em mai\u00fascula.<\/p><ol type=\"1\"><li> Digite igual na c\u00e9lula B2.<\/li><li> Insira a fun\u00e7\u00e3o TEXTO e digite os par\u00eanteses iniciais.<\/li><li> Consulte a c\u00e9lula A2 onde voc\u00ea tem o texto com a primeira letra mai\u00fascula.<\/li><li> No final, insira par\u00eanteses de fechamento e pressione Enter para obter o resultado. <\/li><\/ol><div class=\"wp-block-image\"><figure class=\"aligncenter size-full is-resized\"><img loading=\"lazy\" decoding=\"async\" class=\"wp-image-64151\" src=\"https:\/\/exceladvisor.org\/wp-content\/uploads\/2023\/08\/2-bon-fonctionnement.png\" sizes=\"auto, \" srcset=\"\" alt=\"fun\u00e7\u00e3o pr\u00f3pria\" width=\"463\" height=\"404\"><\/figure><\/div><h2 id=\"only-capitalize-first-letter-of-the-first-word\" class=\"wp-block-heading\"> Coloque em mai\u00fascula apenas a primeira letra da primeira palavra<\/h2><p> Agora vamos pegar outra situa\u00e7\u00e3o em que voc\u00ea s\u00f3 precisa colocar a primeira letra da primeira palavra em mai\u00fascula e n\u00e3o o resto das palavras. Voc\u00ea pode usar a seguinte f\u00f3rmula para isso. <\/p><pre class=\"wp-block-code\"> <code class=\"language-excel-formula\" lang=\"excel-formula\">=UPPER(LEFT(A2,1))&amp;LOWER(RIGHT(A2,LEN(A2)-1))<\/code><\/pre><div class=\"wp-block-image\"><figure class=\"aligncenter size-full is-resized\"><img loading=\"lazy\" decoding=\"async\" class=\"wp-image-64152\" src=\"https:\/\/exceladvisor.org\/wp-content\/uploads\/2023\/08\/3-ne-mettre-en-majuscule-que-la-premiere-lettre.png\" sizes=\"auto, \" srcset=\"\" alt=\"colocar em mai\u00fascula apenas a primeira letra\" width=\"536\" height=\"377\"><\/figure><\/div><p> Para entender esta f\u00f3rmula, precisamos dividi-la em duas partes.<\/p><p> A primeira parte da f\u00f3rmula usa a fun\u00e7\u00e3o UPPER e LEFT que extrai a primeira letra do texto e a converte para mai\u00fascula. <\/p><div class=\"wp-block-image\"><figure class=\"aligncenter size-full is-resized\"><img loading=\"lazy\" decoding=\"async\" class=\"wp-image-64153\" src=\"https:\/\/exceladvisor.org\/wp-content\/uploads\/2023\/08\/4-fonction-superieure.png\" sizes=\"auto, \" srcset=\"\" alt=\"fun\u00e7\u00e3o superior\" width=\"259\" height=\"61\"><\/figure><\/div><p> E a segunda parte da f\u00f3rmula usa as fun\u00e7\u00f5es RIGHT, DOWN e LEFT. Essas fun\u00e7\u00f5es pegam o restante da parte do texto e convertem essa parte em texto em min\u00fasculas. <\/p><div class=\"wp-block-image\"><figure class=\"aligncenter size-full is-resized\"><img loading=\"lazy\" decoding=\"async\" class=\"wp-image-64154\" src=\"https:\/\/exceladvisor.org\/wp-content\/uploads\/2023\/08\/5-fonction-inferieure.png\" sizes=\"auto, \" srcset=\"\" alt=\"fun\u00e7\u00e3o inferior\" width=\"392\" height=\"62\"><\/figure><\/div><p> Mas se quiser colocar a primeira letra em mai\u00fascula e quiser deixar o restante da parte como estava, voc\u00ea pode alterar a f\u00f3rmula acima. Veja o que segue.<\/p><pre class=\"wp-block-code\"> <code class=\"language-excel-formula\" lang=\"excel-formula\">=UPPER(LEFT(A2,1))&amp;RIGHT(A2,LEN(A2)-1)<\/code><\/pre><p> Esta f\u00f3rmula n\u00e3o far\u00e1 nenhuma altera\u00e7\u00e3o no texto al\u00e9m da primeira letra da primeira palavra. <\/p><div class=\"gb-container gb-container-52dfcee1 gb-container-sample-file\"><h2 class=\"gb-headline gb-headline-e289c143 gb-headline-text gb-headline-4f7959c2\"> Obtenha o arquivo Excel<\/h2> <a class=\"gb-button gb-button-e88d6bee gb-button-text gb-button-button1\" href=\"https:\/\/exceladvisor.org\/wp-content\/uploads\/2023\/08\/mettre-la-premiere-lettre-en-majuscule-2.xlsx\" rel=\"nofollow\">Download<\/a><\/div><div class=\"gb-container gb-container-0df56012 gb-container-mt\"> <a class=\"gb-button gb-button-f9f432f4 gb-button-text gb-button-mt-button\" href=\"https:\/\/exceladvisor.org\/pt\/formulas\/\">Lista de f\u00f3rmulas do Excel<\/a><h2 class=\"gb-headline gb-headline-233444e8 gb-headline-text gb-headline-mt-heading\"> F\u00f3rmulas relacionadas <\/h2><div class=\"gb-grid-wrapper gb-grid-wrapper-a16fa65c gb-grid-wrapper-mt-grid\"><div class=\"gb-grid-column gb-grid-column-50d07e0d\"><div class=\"gb-container gb-container-50d07e0d\"><ul><li> <a href=\"https:\/\/exceladvisor.org\/pt\/coluna-para-linha\/\">Alterar coluna para linha (vice-versa) no Excel<\/a><\/li><li> <a href=\"https:\/\/exceladvisor.org\/pt\/caso-de-frase\/\">Mudar para mai\u00fasculas e min\u00fasculas no Excel<\/a><\/li><li> <a href=\"https:\/\/exceladvisor.org\/pt\/retorne-os-primeiros-nomes-virgula-entre\/\">Retorne o nome e o sobrenome e adicione uma v\u00edrgula entre<\/a><\/li><li> <a href=\"https:\/\/exceladvisor.org\/pt\/alterar-maiusculas-e-minusculas-do-texto\/\">Alterar mai\u00fasculas e min\u00fasculas do texto (mai\u00fasculas, min\u00fasculas, adequadas)<\/a> <\/li><\/ul><\/div><\/div><div class=\"gb-grid-column gb-grid-column-5b4a0cf9\"><div class=\"gb-container gb-container-5b4a0cf9\"><\/div><\/div><\/div><\/div>","protected":false},"excerpt":{"rendered":"","protected":false},"author":1,"featured_media":0,"parent":0,"menu_order":0,"comment_status":"open","ping_status":"closed","template":"","meta":{"ub_ctt_via":"","footnotes":""},"class_list":["post-133","page","type-page","status-publish","hentry"],"featured_image_src":null,"yoast_head":"<!-- This site is optimized with the Yoast SEO plugin v25.4 - https:\/\/yoast.com\/wordpress\/plugins\/seo\/ -->\n<title>Como colocar a primeira letra em mai\u00fascula no Excel?<\/title>\n<meta name=\"description\" content=\"Neste tutorial de f\u00f3rmulas, voc\u00ea aprender\u00e1 como colocar a primeira letra do texto em mai\u00fascula em uma c\u00e9lula usando uma combina\u00e7\u00e3o de fun\u00e7\u00f5es.\" \/>\n<meta name=\"robots\" content=\"index, follow, max-snippet:-1, max-image-preview:large, max-video-preview:-1\" \/>\n<link rel=\"canonical\" href=\"https:\/\/exceladvisor.org\/pt\/colocar-a-primeira-letra-em-maiuscula\/\" \/>\n<meta property=\"og:locale\" content=\"pt_PT\" \/>\n<meta property=\"og:type\" content=\"article\" \/>\n<meta property=\"og:title\" content=\"Como colocar a primeira letra em mai\u00fascula no Excel?\" \/>\n<meta property=\"og:description\" content=\"Neste tutorial de f\u00f3rmulas, voc\u00ea aprender\u00e1 como colocar a primeira letra do texto em mai\u00fascula em uma c\u00e9lula usando uma combina\u00e7\u00e3o de fun\u00e7\u00f5es.\" \/>\n<meta property=\"og:url\" content=\"https:\/\/exceladvisor.org\/pt\/colocar-a-primeira-letra-em-maiuscula\/\" \/>\n<meta property=\"og:site_name\" content=\"Excel Advisor\" \/>\n<meta property=\"article:modified_time\" content=\"2023-12-06T11:35:18+00:00\" \/>\n<meta property=\"og:image\" content=\"https:\/\/exceladvisor.org\/wp-content\/uploads\/2023\/08\/1-premiere-lettre-en-majuscule.png\" \/>\n<meta name=\"twitter:card\" content=\"summary_large_image\" \/>\n<meta name=\"twitter:label1\" content=\"Tempo estimado de leitura\" \/>\n\t<meta name=\"twitter:data1\" content=\"2 minutos\" \/>\n<script type=\"application\/ld+json\" class=\"yoast-schema-graph\">{\"@context\":\"https:\/\/schema.org\",\"@graph\":[{\"@type\":\"WebPage\",\"@id\":\"https:\/\/exceladvisor.org\/pt\/colocar-a-primeira-letra-em-maiuscula\/\",\"url\":\"https:\/\/exceladvisor.org\/pt\/colocar-a-primeira-letra-em-maiuscula\/\",\"name\":\"Como colocar a primeira letra em mai\u00fascula no Excel?\",\"isPartOf\":{\"@id\":\"https:\/\/exceladvisor.org\/pt\/#website\"},\"primaryImageOfPage\":{\"@id\":\"https:\/\/exceladvisor.org\/pt\/colocar-a-primeira-letra-em-maiuscula\/#primaryimage\"},\"image\":{\"@id\":\"https:\/\/exceladvisor.org\/pt\/colocar-a-primeira-letra-em-maiuscula\/#primaryimage\"},\"thumbnailUrl\":\"https:\/\/exceladvisor.org\/wp-content\/uploads\/2023\/08\/1-premiere-lettre-en-majuscule.png\",\"datePublished\":\"2023-11-15T12:20:42+00:00\",\"dateModified\":\"2023-12-06T11:35:18+00:00\",\"description\":\"Neste tutorial de f\u00f3rmulas, voc\u00ea aprender\u00e1 como colocar a primeira letra do texto em mai\u00fascula em uma c\u00e9lula usando uma combina\u00e7\u00e3o de fun\u00e7\u00f5es.\",\"breadcrumb\":{\"@id\":\"https:\/\/exceladvisor.org\/pt\/colocar-a-primeira-letra-em-maiuscula\/#breadcrumb\"},\"inLanguage\":\"pt-PT\",\"potentialAction\":[{\"@type\":\"ReadAction\",\"target\":[\"https:\/\/exceladvisor.org\/pt\/colocar-a-primeira-letra-em-maiuscula\/\"]}]},{\"@type\":\"ImageObject\",\"inLanguage\":\"pt-PT\",\"@id\":\"https:\/\/exceladvisor.org\/pt\/colocar-a-primeira-letra-em-maiuscula\/#primaryimage\",\"url\":\"https:\/\/exceladvisor.org\/wp-content\/uploads\/2023\/08\/1-premiere-lettre-en-majuscule.png\",\"contentUrl\":\"https:\/\/exceladvisor.org\/wp-content\/uploads\/2023\/08\/1-premiere-lettre-en-majuscule.png\"},{\"@type\":\"BreadcrumbList\",\"@id\":\"https:\/\/exceladvisor.org\/pt\/colocar-a-primeira-letra-em-maiuscula\/#breadcrumb\",\"itemListElement\":[{\"@type\":\"ListItem\",\"position\":1,\"name\":\"Lar\",\"item\":\"https:\/\/exceladvisor.org\/pt\/\"},{\"@type\":\"ListItem\",\"position\":2,\"name\":\"Como colocar a primeira letra em mai\u00fascula no excel?\"}]},{\"@type\":\"WebSite\",\"@id\":\"https:\/\/exceladvisor.org\/pt\/#website\",\"url\":\"https:\/\/exceladvisor.org\/pt\/\",\"name\":\"Excel Advisor\",\"description\":\"O seu guia definitivo para dominar os dados!\",\"publisher\":{\"@id\":\"https:\/\/exceladvisor.org\/pt\/#organization\"},\"potentialAction\":[{\"@type\":\"SearchAction\",\"target\":{\"@type\":\"EntryPoint\",\"urlTemplate\":\"https:\/\/exceladvisor.org\/pt\/?s={search_term_string}\"},\"query-input\":{\"@type\":\"PropertyValueSpecification\",\"valueRequired\":true,\"valueName\":\"search_term_string\"}}],\"inLanguage\":\"pt-PT\"},{\"@type\":\"Organization\",\"@id\":\"https:\/\/exceladvisor.org\/pt\/#organization\",\"name\":\"Excel Advisor\",\"url\":\"https:\/\/exceladvisor.org\/pt\/\",\"logo\":{\"@type\":\"ImageObject\",\"inLanguage\":\"pt-PT\",\"@id\":\"https:\/\/exceladvisor.org\/pt\/#\/schema\/logo\/image\/\",\"url\":\"https:\/\/exceladvisor.org\/pt\/wp-content\/uploads\/2023\/12\/exceladvisor.org_.png\",\"contentUrl\":\"https:\/\/exceladvisor.org\/pt\/wp-content\/uploads\/2023\/12\/exceladvisor.org_.png\",\"width\":105,\"height\":36,\"caption\":\"Excel Advisor\"},\"image\":{\"@id\":\"https:\/\/exceladvisor.org\/pt\/#\/schema\/logo\/image\/\"}}]}<\/script>\n<!-- \/ Yoast SEO plugin. -->","yoast_head_json":{"title":"Como colocar a primeira letra em mai\u00fascula no Excel?","description":"Neste tutorial de f\u00f3rmulas, voc\u00ea aprender\u00e1 como colocar a primeira letra do texto em mai\u00fascula em uma c\u00e9lula usando uma combina\u00e7\u00e3o de fun\u00e7\u00f5es.","robots":{"index":"index","follow":"follow","max-snippet":"max-snippet:-1","max-image-preview":"max-image-preview:large","max-video-preview":"max-video-preview:-1"},"canonical":"https:\/\/exceladvisor.org\/pt\/colocar-a-primeira-letra-em-maiuscula\/","og_locale":"pt_PT","og_type":"article","og_title":"Como colocar a primeira letra em mai\u00fascula no Excel?","og_description":"Neste tutorial de f\u00f3rmulas, voc\u00ea aprender\u00e1 como colocar a primeira letra do texto em mai\u00fascula em uma c\u00e9lula usando uma combina\u00e7\u00e3o de fun\u00e7\u00f5es.","og_url":"https:\/\/exceladvisor.org\/pt\/colocar-a-primeira-letra-em-maiuscula\/","og_site_name":"Excel Advisor","article_modified_time":"2023-12-06T11:35:18+00:00","og_image":[{"url":"https:\/\/exceladvisor.org\/wp-content\/uploads\/2023\/08\/1-premiere-lettre-en-majuscule.png","type":"","width":"","height":""}],"twitter_card":"summary_large_image","twitter_misc":{"Tempo estimado de leitura":"2 minutos"},"schema":{"@context":"https:\/\/schema.org","@graph":[{"@type":"WebPage","@id":"https:\/\/exceladvisor.org\/pt\/colocar-a-primeira-letra-em-maiuscula\/","url":"https:\/\/exceladvisor.org\/pt\/colocar-a-primeira-letra-em-maiuscula\/","name":"Como colocar a primeira letra em mai\u00fascula no Excel?","isPartOf":{"@id":"https:\/\/exceladvisor.org\/pt\/#website"},"primaryImageOfPage":{"@id":"https:\/\/exceladvisor.org\/pt\/colocar-a-primeira-letra-em-maiuscula\/#primaryimage"},"image":{"@id":"https:\/\/exceladvisor.org\/pt\/colocar-a-primeira-letra-em-maiuscula\/#primaryimage"},"thumbnailUrl":"https:\/\/exceladvisor.org\/wp-content\/uploads\/2023\/08\/1-premiere-lettre-en-majuscule.png","datePublished":"2023-11-15T12:20:42+00:00","dateModified":"2023-12-06T11:35:18+00:00","description":"Neste tutorial de f\u00f3rmulas, voc\u00ea aprender\u00e1 como colocar a primeira letra do texto em mai\u00fascula em uma c\u00e9lula usando uma combina\u00e7\u00e3o de fun\u00e7\u00f5es.","breadcrumb":{"@id":"https:\/\/exceladvisor.org\/pt\/colocar-a-primeira-letra-em-maiuscula\/#breadcrumb"},"inLanguage":"pt-PT","potentialAction":[{"@type":"ReadAction","target":["https:\/\/exceladvisor.org\/pt\/colocar-a-primeira-letra-em-maiuscula\/"]}]},{"@type":"ImageObject","inLanguage":"pt-PT","@id":"https:\/\/exceladvisor.org\/pt\/colocar-a-primeira-letra-em-maiuscula\/#primaryimage","url":"https:\/\/exceladvisor.org\/wp-content\/uploads\/2023\/08\/1-premiere-lettre-en-majuscule.png","contentUrl":"https:\/\/exceladvisor.org\/wp-content\/uploads\/2023\/08\/1-premiere-lettre-en-majuscule.png"},{"@type":"BreadcrumbList","@id":"https:\/\/exceladvisor.org\/pt\/colocar-a-primeira-letra-em-maiuscula\/#breadcrumb","itemListElement":[{"@type":"ListItem","position":1,"name":"Lar","item":"https:\/\/exceladvisor.org\/pt\/"},{"@type":"ListItem","position":2,"name":"Como colocar a primeira letra em mai\u00fascula no excel?"}]},{"@type":"WebSite","@id":"https:\/\/exceladvisor.org\/pt\/#website","url":"https:\/\/exceladvisor.org\/pt\/","name":"Excel Advisor","description":"O seu guia definitivo para dominar os dados!","publisher":{"@id":"https:\/\/exceladvisor.org\/pt\/#organization"},"potentialAction":[{"@type":"SearchAction","target":{"@type":"EntryPoint","urlTemplate":"https:\/\/exceladvisor.org\/pt\/?s={search_term_string}"},"query-input":{"@type":"PropertyValueSpecification","valueRequired":true,"valueName":"search_term_string"}}],"inLanguage":"pt-PT"},{"@type":"Organization","@id":"https:\/\/exceladvisor.org\/pt\/#organization","name":"Excel Advisor","url":"https:\/\/exceladvisor.org\/pt\/","logo":{"@type":"ImageObject","inLanguage":"pt-PT","@id":"https:\/\/exceladvisor.org\/pt\/#\/schema\/logo\/image\/","url":"https:\/\/exceladvisor.org\/pt\/wp-content\/uploads\/2023\/12\/exceladvisor.org_.png","contentUrl":"https:\/\/exceladvisor.org\/pt\/wp-content\/uploads\/2023\/12\/exceladvisor.org_.png","width":105,"height":36,"caption":"Excel Advisor"},"image":{"@id":"https:\/\/exceladvisor.org\/pt\/#\/schema\/logo\/image\/"}}]}},"yoast_meta":{"yoast_wpseo_title":"","yoast_wpseo_metadesc":"","yoast_wpseo_canonical":""},"_links":{"self":[{"href":"https:\/\/exceladvisor.org\/pt\/wp-json\/wp\/v2\/pages\/133","targetHints":{"allow":["GET"]}}],"collection":[{"href":"https:\/\/exceladvisor.org\/pt\/wp-json\/wp\/v2\/pages"}],"about":[{"href":"https:\/\/exceladvisor.org\/pt\/wp-json\/wp\/v2\/types\/page"}],"author":[{"embeddable":true,"href":"https:\/\/exceladvisor.org\/pt\/wp-json\/wp\/v2\/users\/1"}],"replies":[{"embeddable":true,"href":"https:\/\/exceladvisor.org\/pt\/wp-json\/wp\/v2\/comments?post=133"}],"version-history":[{"count":1,"href":"https:\/\/exceladvisor.org\/pt\/wp-json\/wp\/v2\/pages\/133\/revisions"}],"predecessor-version":[{"id":895,"href":"https:\/\/exceladvisor.org\/pt\/wp-json\/wp\/v2\/pages\/133\/revisions\/895"}],"wp:attachment":[{"href":"https:\/\/exceladvisor.org\/pt\/wp-json\/wp\/v2\/media?parent=133"}],"curies":[{"name":"wp","href":"https:\/\/api.w.org\/{rel}","templated":true}]}}