{"id":134,"date":"2023-11-15T12:06:15","date_gmt":"2023-11-15T12:06:15","guid":{"rendered":"https:\/\/exceladvisor.org\/pt\/adicione-a-data-da-semana\/"},"modified":"2023-12-06T11:42:24","modified_gmt":"2023-12-06T11:42:24","slug":"adicione-a-data-da-semana","status":"publish","type":"page","link":"https:\/\/exceladvisor.org\/pt\/adicione-a-data-da-semana\/","title":{"rendered":"Como somar\/subtrair uma semana de uma data?"},"content":{"rendered":"<div class=\"excel-before-content-2\" id=\"excel-1870870256\"><script type=\"text\/javascript\">\r\n\tatOptions = {\r\n\t\t'key' : 'c1158f160081d6540a8409e6925dab94',\r\n\t\t'format' : 'iframe',\r\n\t\t'height' : 250,\r\n\t\t'width' : 300,\r\n\t\t'params' : {}\r\n\t};\r\n<\/script>\r\n<script type=\"text\/javascript\" src=\"\/\/www.highperformanceformat.com\/c1158f160081d6540a8409e6925dab94\/invoke.js\"><\/script><\/div><div class=\"excel-before-content\" id=\"excel-3592786481\"><script type=\"text\/javascript\">\r\n\tatOptions = {\r\n\t\t'key' : 'c1158f160081d6540a8409e6925dab94',\r\n\t\t'format' : 'iframe',\r\n\t\t'height' : 250,\r\n\t\t'width' : 300,\r\n\t\t'params' : {}\r\n\t};\r\n<\/script>\r\n<script type=\"text\/javascript\" src=\"\/\/www.highperformanceformat.com\/c1158f160081d6540a8409e6925dab94\/invoke.js\"><\/script><\/div> <p>Para adicionar ou subtrair uma data do Excel, existe um m\u00e9todo aritm\u00e9tico simples que voc\u00ea pode usar. Mas, al\u00e9m disso, existem algumas outras maneiras que voc\u00ea pode usar. Neste tutorial, veremos todos esses m\u00e9todos um por um.<\/p><h2 id=\"add-a-week-in-a-date\" class=\"wp-block-heading\"> Adicione uma semana a uma data<\/h2><p> No exemplo a seguir, voc\u00ea tem uma data na c\u00e9lula A1 e agora precisa adicionar uma semana \u00e0 data. <\/p><div class=\"wp-block-image\"><figure class=\"aligncenter size-full is-resized\"><img loading=\"lazy\" decoding=\"async\" class=\"wp-image-64159\" src=\"https:\/\/exceladvisor.org\/wp-content\/uploads\/2023\/08\/1-ajouter-une-semaine-dans-une-date.png\" sizes=\"auto, \" srcset=\"\" alt=\"adicionar uma semana a uma data\" width=\"414\" height=\"271\"><\/figure><\/div><ol type=\"1\"><li> Primeiro, insira \u201c=\u201d na c\u00e9lula B1.<\/li><li> A seguir, consulte a c\u00e9lula onde voc\u00ea tem a data.<\/li><li> Agora digite \u201c+\u201d para adicionar.<\/li><li> No final, insira 7 para adicionar uma \u00fanica semana \u00e0 data. <\/li><\/ol><div class=\"wp-block-image\"><figure class=\"aligncenter size-full is-resized\"><img loading=\"lazy\" decoding=\"async\" class=\"wp-image-64160\" src=\"https:\/\/exceladvisor.org\/wp-content\/uploads\/2023\/08\/2-semaine-et-date-dans-une-colonne.png\" sizes=\"auto, \" srcset=\"\" alt=\"fim de semana e encontro em uma coluna\" width=\"507\" height=\"286\"><\/figure><\/div><p> Como voc\u00ea pode ver, depois de adicionar sete dias aos dados, voc\u00ea obteve 8 <sup>de dezembro<\/sup> , exatamente uma semana depois de <sup>1\u00ba<\/sup> de dezembro. Agora, se quiser somar mais de uma semana a uma data, voc\u00ea pode multiplicar o 7 por esse n\u00famero. . <\/p><div class=\"wp-block-image\"><figure class=\"aligncenter size-full is-resized\"><img loading=\"lazy\" decoding=\"async\" class=\"wp-image-64161\" src=\"https:\/\/exceladvisor.org\/wp-content\/uploads\/2023\/08\/3-ajouter-des-nombres-dans-la-date-de-la-semaine.png\" sizes=\"auto, \" srcset=\"\" alt=\"adicionar n\u00fameros na data da semana\" width=\"520\" height=\"249\"><\/figure><\/div><p> No exemplo acima, voc\u00ea multiplica (7*3) para somar 21 dias, o que equivale a 3 semanas.<\/p><h2 id=\"subtract-week-from-a-data\" class=\"wp-block-heading\"> Subtraia uma semana dos dados<\/h2><p> Usando exatamente o mesmo m\u00e9todo, voc\u00ea tamb\u00e9m pode subtrair uma semana ou v\u00e1rias semanas de uma data. Voc\u00ea deve usar subtra\u00e7\u00e3o em vez de adi\u00e7\u00e3o. <\/p><div class=\"wp-block-image\"><figure class=\"aligncenter size-full is-resized\"><img loading=\"lazy\" decoding=\"async\" class=\"wp-image-64162\" src=\"https:\/\/exceladvisor.org\/wp-content\/uploads\/2023\/08\/4-soustraire-une-semaine-a-une-date.png\" sizes=\"auto, \" srcset=\"\" alt=\"subtrair semana de uma data\" width=\"517\" height=\"286\"><\/figure><\/div><p> E se quiser subtrair mais de uma semana de uma data, voc\u00ea pode multiplicar 7 por esse n\u00famero. <\/p><div class=\"wp-block-image\"><figure class=\"aligncenter size-full is-resized\"><img loading=\"lazy\" decoding=\"async\" class=\"wp-image-64163\" src=\"https:\/\/exceladvisor.org\/wp-content\/uploads\/2023\/08\/5-soustraire-une-semaine-de-la-date-de-la-semaine.png\" sizes=\"auto, \" srcset=\"\" alt=\"subtrair-uma-semana-da-data-da-semana\" width=\"536\" height=\"276\"><\/figure><\/div><h2 id=\"other-methods-sum-function\" class=\"wp-block-heading\"> Outros m\u00e9todos (fun\u00e7\u00e3o SUM)<\/h2><p> Existe outro m\u00e9todo que voc\u00ea pode usar para adicionar ou subtrair semanas de uma data. Em vez de usar um operador de adi\u00e7\u00e3o ou subtra\u00e7\u00e3o, voc\u00ea pode usar a fun\u00e7\u00e3o soma.<\/p><p> No exemplo a seguir voc\u00ea tem a fun\u00e7\u00e3o soma onde o primeiro argumento \u00e9 a data e no segundo argumento temos 7 para adicionar uma semana \u00e0 data. <\/p><pre class=\"wp-block-code\"> <code class=\"language-excel-formula\" lang=\"excel-formula\">=SUM(A1,7)<\/code><\/pre><div class=\"wp-block-image\"><figure class=\"aligncenter size-full is-resized\"><img loading=\"lazy\" decoding=\"async\" class=\"wp-image-64164\" src=\"https:\/\/exceladvisor.org\/wp-content\/uploads\/2023\/08\/6-fonction-de-somme-ajouter-supprimer-la-date-de-la-semaine.png\" sizes=\"auto, \" srcset=\"\" alt=\"fun\u00e7\u00e3o de soma-adicionar-excluir-data da semana\" width=\"531\" height=\"293\"><\/figure><\/div><p> E isso por v\u00e1rias semanas. <\/p><pre class=\"wp-block-code\"> <code class=\"language-excel-formula\" lang=\"excel-formula\">=SUM(A1,7*3)<\/code><\/pre><div class=\"wp-block-image\"><figure class=\"aligncenter size-full is-resized\"><img loading=\"lazy\" decoding=\"async\" class=\"wp-image-64165\" src=\"https:\/\/exceladvisor.org\/wp-content\/uploads\/2023\/08\/7-ajouter-plusieurs-semaines-dans-la-date-de-la-semaine.png\" sizes=\"auto, \" srcset=\"\" alt=\"adicionar v\u00e1rias semanas na data da semana\" width=\"549\" height=\"261\"><\/figure><\/div><div class=\"gb-container gb-container-52dfcee1 gb-container-sample-file\"><h2 class=\"gb-headline gb-headline-e289c143 gb-headline-text gb-headline-4f7959c2\"> Obtenha o arquivo Excel<\/h2><p> <a class=\"gb-button gb-button-e88d6bee gb-button-text gb-button-button1\" href=\"https:\/\/exceladvisor.org\/wp-content\/uploads\/2023\/11\/ajouter-une-semaine-a-une-date-2.xlsx\" rel=\"nofollow\">Download<\/a><\/p><\/div><div class=\"gb-container gb-container-0df56012 gb-container-mt\"> <a class=\"gb-button gb-button-f9f432f4 gb-button-text gb-button-mt-button\" href=\"https:\/\/exceladvisor.org\/pt\/formulas\/\">Lista de f\u00f3rmulas do Excel<\/a><h2 class=\"gb-headline gb-headline-233444e8 gb-headline-text gb-headline-mt-heading\"> F\u00f3rmulas relacionadas <\/h2><div class=\"gb-grid-wrapper gb-grid-wrapper-a16fa65c gb-grid-wrapper-mt-grid\"><div class=\"gb-grid-column gb-grid-column-50d07e0d\"><div class=\"gb-container gb-container-50d07e0d\"><ul><li> <a href=\"https:\/\/exceladvisor.org\/pt\/pegue-o-nome-do-dia\/\">Obtenha o nome do dia de uma data no Excel<\/a><\/li><li> <a href=\"https:\/\/exceladvisor.org\/pt\/dias-do-mes\/\">Obtenha o n\u00famero total de dias dos meses no Excel<\/a><\/li><li> <a href=\"https:\/\/exceladvisor.org\/pt\/meses-dias-uteis\/\">Dias \u00fateis em um m\u00eas<\/a><\/li><li> <a href=\"https:\/\/exceladvisor.org\/pt\/data-para-texto-2\/\">Converter data em texto<\/a> <\/li><\/ul><\/div><\/div><div class=\"gb-grid-column gb-grid-column-5b4a0cf9\"><div class=\"gb-container gb-container-5b4a0cf9\"><\/div><\/div><\/div><\/div>","protected":false},"excerpt":{"rendered":"","protected":false},"author":1,"featured_media":0,"parent":0,"menu_order":0,"comment_status":"open","ping_status":"closed","template":"","meta":{"ub_ctt_via":"","footnotes":""},"class_list":["post-134","page","type-page","status-publish","hentry"],"featured_image_src":null,"yoast_head":"<!-- This site is optimized with the Yoast SEO plugin v25.4 - https:\/\/yoast.com\/wordpress\/plugins\/seo\/ -->\n<title>\u25b7 Como somar\/subtrair uma semana de uma data?<\/title>\n<meta name=\"description\" content=\"Neste tutorial de f\u00f3rmulas, voc\u00ea aprender\u00e1 como adicionar uma ou mais semanas a uma data. E voc\u00ea tamb\u00e9m aprender\u00e1 a subtrair\" \/>\n<meta name=\"robots\" content=\"index, follow, max-snippet:-1, max-image-preview:large, max-video-preview:-1\" \/>\n<link rel=\"canonical\" href=\"https:\/\/exceladvisor.org\/pt\/adicione-a-data-da-semana\/\" \/>\n<meta property=\"og:locale\" content=\"pt_PT\" \/>\n<meta property=\"og:type\" content=\"article\" \/>\n<meta property=\"og:title\" content=\"\u25b7 Como somar\/subtrair uma semana de uma data?\" \/>\n<meta property=\"og:description\" content=\"Neste tutorial de f\u00f3rmulas, voc\u00ea aprender\u00e1 como adicionar uma ou mais semanas a uma data. E voc\u00ea tamb\u00e9m aprender\u00e1 a subtrair\" \/>\n<meta property=\"og:url\" content=\"https:\/\/exceladvisor.org\/pt\/adicione-a-data-da-semana\/\" \/>\n<meta property=\"og:site_name\" content=\"Excel Advisor\" \/>\n<meta property=\"article:modified_time\" content=\"2023-12-06T11:42:24+00:00\" \/>\n<meta property=\"og:image\" content=\"https:\/\/exceladvisor.org\/wp-content\/uploads\/2023\/08\/1-ajouter-une-semaine-dans-une-date.png\" \/>\n<meta name=\"twitter:card\" content=\"summary_large_image\" \/>\n<meta name=\"twitter:label1\" content=\"Tempo estimado de leitura\" \/>\n\t<meta name=\"twitter:data1\" content=\"2 minutos\" \/>\n<script type=\"application\/ld+json\" class=\"yoast-schema-graph\">{\"@context\":\"https:\/\/schema.org\",\"@graph\":[{\"@type\":\"WebPage\",\"@id\":\"https:\/\/exceladvisor.org\/pt\/adicione-a-data-da-semana\/\",\"url\":\"https:\/\/exceladvisor.org\/pt\/adicione-a-data-da-semana\/\",\"name\":\"\u25b7 Como somar\/subtrair uma semana de uma data?\",\"isPartOf\":{\"@id\":\"https:\/\/exceladvisor.org\/pt\/#website\"},\"primaryImageOfPage\":{\"@id\":\"https:\/\/exceladvisor.org\/pt\/adicione-a-data-da-semana\/#primaryimage\"},\"image\":{\"@id\":\"https:\/\/exceladvisor.org\/pt\/adicione-a-data-da-semana\/#primaryimage\"},\"thumbnailUrl\":\"https:\/\/exceladvisor.org\/wp-content\/uploads\/2023\/08\/1-ajouter-une-semaine-dans-une-date.png\",\"datePublished\":\"2023-11-15T12:06:15+00:00\",\"dateModified\":\"2023-12-06T11:42:24+00:00\",\"description\":\"Neste tutorial de f\u00f3rmulas, voc\u00ea aprender\u00e1 como adicionar uma ou mais semanas a uma data. E voc\u00ea tamb\u00e9m aprender\u00e1 a subtrair\",\"breadcrumb\":{\"@id\":\"https:\/\/exceladvisor.org\/pt\/adicione-a-data-da-semana\/#breadcrumb\"},\"inLanguage\":\"pt-PT\",\"potentialAction\":[{\"@type\":\"ReadAction\",\"target\":[\"https:\/\/exceladvisor.org\/pt\/adicione-a-data-da-semana\/\"]}]},{\"@type\":\"ImageObject\",\"inLanguage\":\"pt-PT\",\"@id\":\"https:\/\/exceladvisor.org\/pt\/adicione-a-data-da-semana\/#primaryimage\",\"url\":\"https:\/\/exceladvisor.org\/wp-content\/uploads\/2023\/08\/1-ajouter-une-semaine-dans-une-date.png\",\"contentUrl\":\"https:\/\/exceladvisor.org\/wp-content\/uploads\/2023\/08\/1-ajouter-une-semaine-dans-une-date.png\"},{\"@type\":\"BreadcrumbList\",\"@id\":\"https:\/\/exceladvisor.org\/pt\/adicione-a-data-da-semana\/#breadcrumb\",\"itemListElement\":[{\"@type\":\"ListItem\",\"position\":1,\"name\":\"Lar\",\"item\":\"https:\/\/exceladvisor.org\/pt\/\"},{\"@type\":\"ListItem\",\"position\":2,\"name\":\"Como somar\/subtrair uma semana de uma data?\"}]},{\"@type\":\"WebSite\",\"@id\":\"https:\/\/exceladvisor.org\/pt\/#website\",\"url\":\"https:\/\/exceladvisor.org\/pt\/\",\"name\":\"Excel Advisor\",\"description\":\"O seu guia definitivo para dominar os dados!\",\"publisher\":{\"@id\":\"https:\/\/exceladvisor.org\/pt\/#organization\"},\"potentialAction\":[{\"@type\":\"SearchAction\",\"target\":{\"@type\":\"EntryPoint\",\"urlTemplate\":\"https:\/\/exceladvisor.org\/pt\/?s={search_term_string}\"},\"query-input\":{\"@type\":\"PropertyValueSpecification\",\"valueRequired\":true,\"valueName\":\"search_term_string\"}}],\"inLanguage\":\"pt-PT\"},{\"@type\":\"Organization\",\"@id\":\"https:\/\/exceladvisor.org\/pt\/#organization\",\"name\":\"Excel Advisor\",\"url\":\"https:\/\/exceladvisor.org\/pt\/\",\"logo\":{\"@type\":\"ImageObject\",\"inLanguage\":\"pt-PT\",\"@id\":\"https:\/\/exceladvisor.org\/pt\/#\/schema\/logo\/image\/\",\"url\":\"https:\/\/exceladvisor.org\/pt\/wp-content\/uploads\/2023\/12\/exceladvisor.org_.png\",\"contentUrl\":\"https:\/\/exceladvisor.org\/pt\/wp-content\/uploads\/2023\/12\/exceladvisor.org_.png\",\"width\":105,\"height\":36,\"caption\":\"Excel Advisor\"},\"image\":{\"@id\":\"https:\/\/exceladvisor.org\/pt\/#\/schema\/logo\/image\/\"}}]}<\/script>\n<!-- \/ Yoast SEO plugin. -->","yoast_head_json":{"title":"\u25b7 Como somar\/subtrair uma semana de uma data?","description":"Neste tutorial de f\u00f3rmulas, voc\u00ea aprender\u00e1 como adicionar uma ou mais semanas a uma data. E voc\u00ea tamb\u00e9m aprender\u00e1 a subtrair","robots":{"index":"index","follow":"follow","max-snippet":"max-snippet:-1","max-image-preview":"max-image-preview:large","max-video-preview":"max-video-preview:-1"},"canonical":"https:\/\/exceladvisor.org\/pt\/adicione-a-data-da-semana\/","og_locale":"pt_PT","og_type":"article","og_title":"\u25b7 Como somar\/subtrair uma semana de uma data?","og_description":"Neste tutorial de f\u00f3rmulas, voc\u00ea aprender\u00e1 como adicionar uma ou mais semanas a uma data. E voc\u00ea tamb\u00e9m aprender\u00e1 a subtrair","og_url":"https:\/\/exceladvisor.org\/pt\/adicione-a-data-da-semana\/","og_site_name":"Excel Advisor","article_modified_time":"2023-12-06T11:42:24+00:00","og_image":[{"url":"https:\/\/exceladvisor.org\/wp-content\/uploads\/2023\/08\/1-ajouter-une-semaine-dans-une-date.png","type":"","width":"","height":""}],"twitter_card":"summary_large_image","twitter_misc":{"Tempo estimado de leitura":"2 minutos"},"schema":{"@context":"https:\/\/schema.org","@graph":[{"@type":"WebPage","@id":"https:\/\/exceladvisor.org\/pt\/adicione-a-data-da-semana\/","url":"https:\/\/exceladvisor.org\/pt\/adicione-a-data-da-semana\/","name":"\u25b7 Como somar\/subtrair uma semana de uma data?","isPartOf":{"@id":"https:\/\/exceladvisor.org\/pt\/#website"},"primaryImageOfPage":{"@id":"https:\/\/exceladvisor.org\/pt\/adicione-a-data-da-semana\/#primaryimage"},"image":{"@id":"https:\/\/exceladvisor.org\/pt\/adicione-a-data-da-semana\/#primaryimage"},"thumbnailUrl":"https:\/\/exceladvisor.org\/wp-content\/uploads\/2023\/08\/1-ajouter-une-semaine-dans-une-date.png","datePublished":"2023-11-15T12:06:15+00:00","dateModified":"2023-12-06T11:42:24+00:00","description":"Neste tutorial de f\u00f3rmulas, voc\u00ea aprender\u00e1 como adicionar uma ou mais semanas a uma data. E voc\u00ea tamb\u00e9m aprender\u00e1 a subtrair","breadcrumb":{"@id":"https:\/\/exceladvisor.org\/pt\/adicione-a-data-da-semana\/#breadcrumb"},"inLanguage":"pt-PT","potentialAction":[{"@type":"ReadAction","target":["https:\/\/exceladvisor.org\/pt\/adicione-a-data-da-semana\/"]}]},{"@type":"ImageObject","inLanguage":"pt-PT","@id":"https:\/\/exceladvisor.org\/pt\/adicione-a-data-da-semana\/#primaryimage","url":"https:\/\/exceladvisor.org\/wp-content\/uploads\/2023\/08\/1-ajouter-une-semaine-dans-une-date.png","contentUrl":"https:\/\/exceladvisor.org\/wp-content\/uploads\/2023\/08\/1-ajouter-une-semaine-dans-une-date.png"},{"@type":"BreadcrumbList","@id":"https:\/\/exceladvisor.org\/pt\/adicione-a-data-da-semana\/#breadcrumb","itemListElement":[{"@type":"ListItem","position":1,"name":"Lar","item":"https:\/\/exceladvisor.org\/pt\/"},{"@type":"ListItem","position":2,"name":"Como somar\/subtrair uma semana de uma data?"}]},{"@type":"WebSite","@id":"https:\/\/exceladvisor.org\/pt\/#website","url":"https:\/\/exceladvisor.org\/pt\/","name":"Excel Advisor","description":"O seu guia definitivo para dominar os dados!","publisher":{"@id":"https:\/\/exceladvisor.org\/pt\/#organization"},"potentialAction":[{"@type":"SearchAction","target":{"@type":"EntryPoint","urlTemplate":"https:\/\/exceladvisor.org\/pt\/?s={search_term_string}"},"query-input":{"@type":"PropertyValueSpecification","valueRequired":true,"valueName":"search_term_string"}}],"inLanguage":"pt-PT"},{"@type":"Organization","@id":"https:\/\/exceladvisor.org\/pt\/#organization","name":"Excel Advisor","url":"https:\/\/exceladvisor.org\/pt\/","logo":{"@type":"ImageObject","inLanguage":"pt-PT","@id":"https:\/\/exceladvisor.org\/pt\/#\/schema\/logo\/image\/","url":"https:\/\/exceladvisor.org\/pt\/wp-content\/uploads\/2023\/12\/exceladvisor.org_.png","contentUrl":"https:\/\/exceladvisor.org\/pt\/wp-content\/uploads\/2023\/12\/exceladvisor.org_.png","width":105,"height":36,"caption":"Excel Advisor"},"image":{"@id":"https:\/\/exceladvisor.org\/pt\/#\/schema\/logo\/image\/"}}]}},"yoast_meta":{"yoast_wpseo_title":"","yoast_wpseo_metadesc":"","yoast_wpseo_canonical":""},"_links":{"self":[{"href":"https:\/\/exceladvisor.org\/pt\/wp-json\/wp\/v2\/pages\/134","targetHints":{"allow":["GET"]}}],"collection":[{"href":"https:\/\/exceladvisor.org\/pt\/wp-json\/wp\/v2\/pages"}],"about":[{"href":"https:\/\/exceladvisor.org\/pt\/wp-json\/wp\/v2\/types\/page"}],"author":[{"embeddable":true,"href":"https:\/\/exceladvisor.org\/pt\/wp-json\/wp\/v2\/users\/1"}],"replies":[{"embeddable":true,"href":"https:\/\/exceladvisor.org\/pt\/wp-json\/wp\/v2\/comments?post=134"}],"version-history":[{"count":1,"href":"https:\/\/exceladvisor.org\/pt\/wp-json\/wp\/v2\/pages\/134\/revisions"}],"predecessor-version":[{"id":1206,"href":"https:\/\/exceladvisor.org\/pt\/wp-json\/wp\/v2\/pages\/134\/revisions\/1206"}],"wp:attachment":[{"href":"https:\/\/exceladvisor.org\/pt\/wp-json\/wp\/v2\/media?parent=134"}],"curies":[{"name":"wp","href":"https:\/\/api.w.org\/{rel}","templated":true}]}}