{"id":135,"date":"2023-11-15T11:48:49","date_gmt":"2023-11-15T11:48:49","guid":{"rendered":"https:\/\/exceladvisor.org\/pt\/se-negativo-entao-zero\/"},"modified":"2023-12-06T11:50:33","modified_gmt":"2023-12-06T11:50:33","slug":"se-negativo-entao-zero","status":"publish","type":"page","link":"https:\/\/exceladvisor.org\/pt\/se-negativo-entao-zero\/","title":{"rendered":"Como zerar valores negativos no excel?"},"content":{"rendered":"<div class=\"excel-before-content-2\" id=\"excel-186850401\"><script type=\"text\/javascript\">\r\n\tatOptions = {\r\n\t\t'key' : 'c1158f160081d6540a8409e6925dab94',\r\n\t\t'format' : 'iframe',\r\n\t\t'height' : 250,\r\n\t\t'width' : 300,\r\n\t\t'params' : {}\r\n\t};\r\n<\/script>\r\n<script type=\"text\/javascript\" src=\"\/\/www.highperformanceformat.com\/c1158f160081d6540a8409e6925dab94\/invoke.js\"><\/script><\/div><div class=\"excel-before-content\" id=\"excel-670154796\"><script type=\"text\/javascript\">\r\n\tatOptions = {\r\n\t\t'key' : 'c1158f160081d6540a8409e6925dab94',\r\n\t\t'format' : 'iframe',\r\n\t\t'height' : 250,\r\n\t\t'width' : 300,\r\n\t\t'params' : {}\r\n\t};\r\n<\/script>\r\n<script type=\"text\/javascript\" src=\"\/\/www.highperformanceformat.com\/c1158f160081d6540a8409e6925dab94\/invoke.js\"><\/script><\/div> <p>Deixe-me compartilhar um exemplo com voc\u00ea. Na tabela a seguir, voc\u00ea tem uma tabela com as duas listas de n\u00fameros nas colunas A e B. E na coluna C, voc\u00ea tem uma diferen\u00e7a entre as duas. <\/p><div class=\"wp-block-image\"><figure class=\"aligncenter size-full is-resized\"><img loading=\"lazy\" decoding=\"async\" class=\"wp-image-64144\" src=\"https:\/\/exceladvisor.org\/wp-content\/uploads\/2023\/08\/1-tableau-avec-des-valeurs-negatives.png\" sizes=\"auto, \" srcset=\"\" alt=\"tabela com valores negativos\" width=\"381\" height=\"298\"><\/figure><\/div><p> Agora, aqui precisamos usar uma f\u00f3rmula para transformar valores negativos em zeros. Portanto, neste tutorial, veremos todas as diferentes maneiras de escrever uma f\u00f3rmula para converter n\u00fameros negativos em zeros.<\/p><h2 id=\"convert-negative-numbers-using-if\" class=\"wp-block-heading\"> Converta n\u00fameros negativos usando IF<\/h2><p> O primeiro m\u00e9todo \u00e9 usar a fun\u00e7\u00e3o SE, que permite criar uma condi\u00e7\u00e3o para verificar se um n\u00famero \u00e9 negativo e depois converter esse n\u00famero em zero. <\/p><div class=\"wp-block-image\"><figure class=\"aligncenter size-full is-resized\"><img loading=\"lazy\" decoding=\"async\" class=\"wp-image-64145\" src=\"https:\/\/exceladvisor.org\/wp-content\/uploads\/2023\/08\/convertir-un-nombre-negatif.png\" sizes=\"auto, \" srcset=\"\" alt=\"converter n\u00famero negativo\" width=\"372\" height=\"293\"><\/figure><\/div><p> Use as etapas a seguir.<\/p><ol type=\"1\"><li> Insira a fun\u00e7\u00e3o SE na c\u00e9lula C2.<\/li><li> Especifique a f\u00f3rmula de subtra\u00e7\u00e3o para a c\u00e9lula A1 de B1.<\/li><li> Use o sinal maior com zero para criar uma condi\u00e7\u00e3o.<\/li><li> Para value_if_true, especifique zero.<\/li><li> E para value_if_false, insira a subtra\u00e7\u00e3o da f\u00f3rmula usada na condi\u00e7\u00e3o.<\/li><li> Insira os par\u00eanteses de fechamento e pressione Enter para obter o resultado.<\/li><\/ol><p> Seguindo os passos acima, voc\u00ea escreveu uma f\u00f3rmula que subtrai dois valores e testa o resultado. Se o resultado for um n\u00famero negativo, converta esse n\u00famero negativo em zero ou no resultado normal. <\/p><pre class=\"wp-block-code\"> <code class=\"language-excel-formula\" lang=\"excel-formula\">=IF(A2-B2&lt;0,0,A2-B2)<\/code><\/pre><h2 id=\"change-negative-numbers-into-a-zero-with-max-function\" class=\"wp-block-heading\"> Mude os n\u00fameros negativos para zero com a fun\u00e7\u00e3o MAX<\/h2><p> Voc\u00ea tamb\u00e9m pode usar a fun\u00e7\u00e3o MAX para alterar um n\u00famero negativo para zero. Tomemos o mesmo exemplo. <\/p><div class=\"wp-block-image\"><figure class=\"aligncenter size-full is-resized\"><img loading=\"lazy\" decoding=\"async\" class=\"wp-image-64147\" src=\"https:\/\/exceladvisor.org\/wp-content\/uploads\/2023\/08\/3-changer-les-nombres-negatifs-en-zero.png\" sizes=\"auto, \" srcset=\"\" alt=\"alterar n\u00fameros negativos para zero\" width=\"401\" height=\"321\"><\/figure><\/div><pre class=\"wp-block-code\"> <code class=\"language-excel-formula\" lang=\"excel-formula\">=MAX(A2-B2,0)<\/code><\/pre><p> Na f\u00f3rmula acima, voc\u00ea usou a fun\u00e7\u00e3o max onde um argumento \u00e9 a f\u00f3rmula para subtrair A2 de B2 e o segundo \u00e9 zero.<\/p><p> Vamos entender desta forma, a fun\u00e7\u00e3o max retorna os valores m\u00e1ximos de m\u00faltiplos valores. Quando o resultado da subtra\u00e7\u00e3o for um n\u00famero positivo, ele retornar\u00e1 esse n\u00famero, mas se o resultado for um n\u00famero negativo, ele retornar\u00e1 zero.<\/p><h2 id=\"show-a-zero-for-negative-number\" class=\"wp-block-heading\"> Mostre um zero para um n\u00famero negativo<\/h2><p> Voc\u00ea tamb\u00e9m pode usar a formata\u00e7\u00e3o personalizada para exibir um zero para um n\u00famero negativo. Use as etapas abaixo para aplic\u00e1-lo.<\/p><ol type=\"1\"><li> Selecione uma c\u00e9lula ou intervalo de c\u00e9lulas.<\/li><li> Pressione a tecla de atalho Control + 1 (Command +1 se estiver usando Mac) para abrir a caixa de di\u00e1logo Formatar c\u00e9lulas.<\/li><li> Clique na op\u00e7\u00e3o personalizada e digite 0; \u201c0\u201d; 0 na caixa de entrada.<\/li><li> Clique em OK para aplicar as configura\u00e7\u00f5es. <\/li><\/ol><div class=\"wp-block-image\"><figure class=\"aligncenter size-full is-resized\"><img loading=\"lazy\" decoding=\"async\" class=\"wp-image-64148\" src=\"https:\/\/exceladvisor.org\/wp-content\/uploads\/2023\/08\/4-zero-pour-les-nombres-negatifs.png\" sizes=\"auto, \" srcset=\"\" alt=\"zero para n\u00fameros negativos\" width=\"535\" height=\"324\"><\/figure><\/div><p> Este m\u00e9todo n\u00e3o alterar\u00e1 o valor, mas a formata\u00e7\u00e3o. O valor original permanecer\u00e1 intacto. <\/p><div class=\"gb-container gb-container-52dfcee1 gb-container-sample-file\"><h2 class=\"gb-headline gb-headline-e289c143 gb-headline-text gb-headline-4f7959c2\"> Obtenha o arquivo Excel<\/h2> <a class=\"gb-button gb-button-e88d6bee gb-button-text gb-button-button1\" href=\"https:\/\/exceladvisor.org\/wp-content\/uploads\/2023\/08\/si-negatif-alors-zero-2.xlsx\" rel=\"nofollow\">Download<\/a><\/div><div class=\"gb-container gb-container-0df56012 gb-container-mt\"> <a class=\"gb-button gb-button-f9f432f4 gb-button-text gb-button-mt-button\" href=\"https:\/\/exceladvisor.org\/pt\/formulas\/\">Lista de f\u00f3rmulas do Excel<\/a><h2 class=\"gb-headline gb-headline-233444e8 gb-headline-text gb-headline-mt-heading\"> F\u00f3rmulas relacionadas <\/h2><div class=\"gb-grid-wrapper gb-grid-wrapper-a16fa65c gb-grid-wrapper-mt-grid\"><div class=\"gb-grid-column gb-grid-column-50d07e0d\"><div class=\"gb-container gb-container-50d07e0d\"><ul><li> <a href=\"https:\/\/exceladvisor.org\/pt\/se-zero-entao-vazio\/\">Marque SE 0 (zero) e deixe em branco no Excel<\/a><\/li><li> <a href=\"https:\/\/exceladvisor.org\/pt\/verificar-se-existe-um-valor-em-um-intervalo\/\">Verifique se existe um valor em um intervalo no Excel<\/a><\/li><li> <a href=\"https:\/\/exceladvisor.org\/pt\/se-e-1\/\">Combine fun\u00e7\u00f5es SE e AND no Excel<\/a><\/li><li> <a href=\"https:\/\/exceladvisor.org\/pt\/se-ou-1\/\">Combine fun\u00e7\u00f5es SE e OU no Excel<\/a><\/li><li> <a href=\"https:\/\/exceladvisor.org\/pt\/se-a-celula-estiver-vazia\/\">SE a c\u00e9lula estiver vazia (em branco) usando IF + ISBLANK no Excel<\/a> <\/li><\/ul><\/div><\/div><div class=\"gb-grid-column gb-grid-column-5b4a0cf9\"><div class=\"gb-container gb-container-5b4a0cf9\"><\/div><\/div><\/div><\/div>","protected":false},"excerpt":{"rendered":"","protected":false},"author":1,"featured_media":0,"parent":0,"menu_order":0,"comment_status":"open","ping_status":"closed","template":"","meta":{"ub_ctt_via":"","footnotes":""},"class_list":["post-135","page","type-page","status-publish","hentry"],"featured_image_src":null,"yoast_head":"<!-- This site is optimized with the Yoast SEO plugin v25.4 - https:\/\/yoast.com\/wordpress\/plugins\/seo\/ -->\n<title>Como zerar valores negativos no Excel?<\/title>\n<meta name=\"description\" content=\"Neste tutorial de f\u00f3rmulas, aprenderemos como usar a fun\u00e7\u00e3o SE para criar uma f\u00f3rmula que retornar\u00e1 zero se um valor for\" \/>\n<meta name=\"robots\" content=\"index, follow, max-snippet:-1, max-image-preview:large, max-video-preview:-1\" \/>\n<link rel=\"canonical\" href=\"https:\/\/exceladvisor.org\/pt\/se-negativo-entao-zero\/\" \/>\n<meta property=\"og:locale\" content=\"pt_PT\" \/>\n<meta property=\"og:type\" content=\"article\" \/>\n<meta property=\"og:title\" content=\"Como zerar valores negativos no Excel?\" \/>\n<meta property=\"og:description\" content=\"Neste tutorial de f\u00f3rmulas, aprenderemos como usar a fun\u00e7\u00e3o SE para criar uma f\u00f3rmula que retornar\u00e1 zero se um valor for\" \/>\n<meta property=\"og:url\" content=\"https:\/\/exceladvisor.org\/pt\/se-negativo-entao-zero\/\" \/>\n<meta property=\"og:site_name\" content=\"Excel Advisor\" \/>\n<meta property=\"article:modified_time\" content=\"2023-12-06T11:50:33+00:00\" \/>\n<meta property=\"og:image\" content=\"https:\/\/exceladvisor.org\/wp-content\/uploads\/2023\/08\/1-tableau-avec-des-valeurs-negatives.png\" \/>\n<meta name=\"twitter:card\" content=\"summary_large_image\" \/>\n<meta name=\"twitter:label1\" content=\"Tempo estimado de leitura\" \/>\n\t<meta name=\"twitter:data1\" content=\"2 minutos\" \/>\n<script type=\"application\/ld+json\" class=\"yoast-schema-graph\">{\"@context\":\"https:\/\/schema.org\",\"@graph\":[{\"@type\":\"WebPage\",\"@id\":\"https:\/\/exceladvisor.org\/pt\/se-negativo-entao-zero\/\",\"url\":\"https:\/\/exceladvisor.org\/pt\/se-negativo-entao-zero\/\",\"name\":\"Como zerar valores negativos no Excel?\",\"isPartOf\":{\"@id\":\"https:\/\/exceladvisor.org\/pt\/#website\"},\"primaryImageOfPage\":{\"@id\":\"https:\/\/exceladvisor.org\/pt\/se-negativo-entao-zero\/#primaryimage\"},\"image\":{\"@id\":\"https:\/\/exceladvisor.org\/pt\/se-negativo-entao-zero\/#primaryimage\"},\"thumbnailUrl\":\"https:\/\/exceladvisor.org\/wp-content\/uploads\/2023\/08\/1-tableau-avec-des-valeurs-negatives.png\",\"datePublished\":\"2023-11-15T11:48:49+00:00\",\"dateModified\":\"2023-12-06T11:50:33+00:00\",\"description\":\"Neste tutorial de f\u00f3rmulas, aprenderemos como usar a fun\u00e7\u00e3o SE para criar uma f\u00f3rmula que retornar\u00e1 zero se um valor for\",\"breadcrumb\":{\"@id\":\"https:\/\/exceladvisor.org\/pt\/se-negativo-entao-zero\/#breadcrumb\"},\"inLanguage\":\"pt-PT\",\"potentialAction\":[{\"@type\":\"ReadAction\",\"target\":[\"https:\/\/exceladvisor.org\/pt\/se-negativo-entao-zero\/\"]}]},{\"@type\":\"ImageObject\",\"inLanguage\":\"pt-PT\",\"@id\":\"https:\/\/exceladvisor.org\/pt\/se-negativo-entao-zero\/#primaryimage\",\"url\":\"https:\/\/exceladvisor.org\/wp-content\/uploads\/2023\/08\/1-tableau-avec-des-valeurs-negatives.png\",\"contentUrl\":\"https:\/\/exceladvisor.org\/wp-content\/uploads\/2023\/08\/1-tableau-avec-des-valeurs-negatives.png\"},{\"@type\":\"BreadcrumbList\",\"@id\":\"https:\/\/exceladvisor.org\/pt\/se-negativo-entao-zero\/#breadcrumb\",\"itemListElement\":[{\"@type\":\"ListItem\",\"position\":1,\"name\":\"Lar\",\"item\":\"https:\/\/exceladvisor.org\/pt\/\"},{\"@type\":\"ListItem\",\"position\":2,\"name\":\"Como zerar valores negativos no excel?\"}]},{\"@type\":\"WebSite\",\"@id\":\"https:\/\/exceladvisor.org\/pt\/#website\",\"url\":\"https:\/\/exceladvisor.org\/pt\/\",\"name\":\"Excel Advisor\",\"description\":\"O seu guia definitivo para dominar os dados!\",\"publisher\":{\"@id\":\"https:\/\/exceladvisor.org\/pt\/#organization\"},\"potentialAction\":[{\"@type\":\"SearchAction\",\"target\":{\"@type\":\"EntryPoint\",\"urlTemplate\":\"https:\/\/exceladvisor.org\/pt\/?s={search_term_string}\"},\"query-input\":{\"@type\":\"PropertyValueSpecification\",\"valueRequired\":true,\"valueName\":\"search_term_string\"}}],\"inLanguage\":\"pt-PT\"},{\"@type\":\"Organization\",\"@id\":\"https:\/\/exceladvisor.org\/pt\/#organization\",\"name\":\"Excel Advisor\",\"url\":\"https:\/\/exceladvisor.org\/pt\/\",\"logo\":{\"@type\":\"ImageObject\",\"inLanguage\":\"pt-PT\",\"@id\":\"https:\/\/exceladvisor.org\/pt\/#\/schema\/logo\/image\/\",\"url\":\"https:\/\/exceladvisor.org\/pt\/wp-content\/uploads\/2023\/12\/exceladvisor.org_.png\",\"contentUrl\":\"https:\/\/exceladvisor.org\/pt\/wp-content\/uploads\/2023\/12\/exceladvisor.org_.png\",\"width\":105,\"height\":36,\"caption\":\"Excel Advisor\"},\"image\":{\"@id\":\"https:\/\/exceladvisor.org\/pt\/#\/schema\/logo\/image\/\"}}]}<\/script>\n<!-- \/ Yoast SEO plugin. -->","yoast_head_json":{"title":"Como zerar valores negativos no Excel?","description":"Neste tutorial de f\u00f3rmulas, aprenderemos como usar a fun\u00e7\u00e3o SE para criar uma f\u00f3rmula que retornar\u00e1 zero se um valor for","robots":{"index":"index","follow":"follow","max-snippet":"max-snippet:-1","max-image-preview":"max-image-preview:large","max-video-preview":"max-video-preview:-1"},"canonical":"https:\/\/exceladvisor.org\/pt\/se-negativo-entao-zero\/","og_locale":"pt_PT","og_type":"article","og_title":"Como zerar valores negativos no Excel?","og_description":"Neste tutorial de f\u00f3rmulas, aprenderemos como usar a fun\u00e7\u00e3o SE para criar uma f\u00f3rmula que retornar\u00e1 zero se um valor for","og_url":"https:\/\/exceladvisor.org\/pt\/se-negativo-entao-zero\/","og_site_name":"Excel Advisor","article_modified_time":"2023-12-06T11:50:33+00:00","og_image":[{"url":"https:\/\/exceladvisor.org\/wp-content\/uploads\/2023\/08\/1-tableau-avec-des-valeurs-negatives.png","type":"","width":"","height":""}],"twitter_card":"summary_large_image","twitter_misc":{"Tempo estimado de leitura":"2 minutos"},"schema":{"@context":"https:\/\/schema.org","@graph":[{"@type":"WebPage","@id":"https:\/\/exceladvisor.org\/pt\/se-negativo-entao-zero\/","url":"https:\/\/exceladvisor.org\/pt\/se-negativo-entao-zero\/","name":"Como zerar valores negativos no Excel?","isPartOf":{"@id":"https:\/\/exceladvisor.org\/pt\/#website"},"primaryImageOfPage":{"@id":"https:\/\/exceladvisor.org\/pt\/se-negativo-entao-zero\/#primaryimage"},"image":{"@id":"https:\/\/exceladvisor.org\/pt\/se-negativo-entao-zero\/#primaryimage"},"thumbnailUrl":"https:\/\/exceladvisor.org\/wp-content\/uploads\/2023\/08\/1-tableau-avec-des-valeurs-negatives.png","datePublished":"2023-11-15T11:48:49+00:00","dateModified":"2023-12-06T11:50:33+00:00","description":"Neste tutorial de f\u00f3rmulas, aprenderemos como usar a fun\u00e7\u00e3o SE para criar uma f\u00f3rmula que retornar\u00e1 zero se um valor for","breadcrumb":{"@id":"https:\/\/exceladvisor.org\/pt\/se-negativo-entao-zero\/#breadcrumb"},"inLanguage":"pt-PT","potentialAction":[{"@type":"ReadAction","target":["https:\/\/exceladvisor.org\/pt\/se-negativo-entao-zero\/"]}]},{"@type":"ImageObject","inLanguage":"pt-PT","@id":"https:\/\/exceladvisor.org\/pt\/se-negativo-entao-zero\/#primaryimage","url":"https:\/\/exceladvisor.org\/wp-content\/uploads\/2023\/08\/1-tableau-avec-des-valeurs-negatives.png","contentUrl":"https:\/\/exceladvisor.org\/wp-content\/uploads\/2023\/08\/1-tableau-avec-des-valeurs-negatives.png"},{"@type":"BreadcrumbList","@id":"https:\/\/exceladvisor.org\/pt\/se-negativo-entao-zero\/#breadcrumb","itemListElement":[{"@type":"ListItem","position":1,"name":"Lar","item":"https:\/\/exceladvisor.org\/pt\/"},{"@type":"ListItem","position":2,"name":"Como zerar valores negativos no excel?"}]},{"@type":"WebSite","@id":"https:\/\/exceladvisor.org\/pt\/#website","url":"https:\/\/exceladvisor.org\/pt\/","name":"Excel Advisor","description":"O seu guia definitivo para dominar os dados!","publisher":{"@id":"https:\/\/exceladvisor.org\/pt\/#organization"},"potentialAction":[{"@type":"SearchAction","target":{"@type":"EntryPoint","urlTemplate":"https:\/\/exceladvisor.org\/pt\/?s={search_term_string}"},"query-input":{"@type":"PropertyValueSpecification","valueRequired":true,"valueName":"search_term_string"}}],"inLanguage":"pt-PT"},{"@type":"Organization","@id":"https:\/\/exceladvisor.org\/pt\/#organization","name":"Excel Advisor","url":"https:\/\/exceladvisor.org\/pt\/","logo":{"@type":"ImageObject","inLanguage":"pt-PT","@id":"https:\/\/exceladvisor.org\/pt\/#\/schema\/logo\/image\/","url":"https:\/\/exceladvisor.org\/pt\/wp-content\/uploads\/2023\/12\/exceladvisor.org_.png","contentUrl":"https:\/\/exceladvisor.org\/pt\/wp-content\/uploads\/2023\/12\/exceladvisor.org_.png","width":105,"height":36,"caption":"Excel Advisor"},"image":{"@id":"https:\/\/exceladvisor.org\/pt\/#\/schema\/logo\/image\/"}}]}},"yoast_meta":{"yoast_wpseo_title":"","yoast_wpseo_metadesc":"","yoast_wpseo_canonical":""},"_links":{"self":[{"href":"https:\/\/exceladvisor.org\/pt\/wp-json\/wp\/v2\/pages\/135","targetHints":{"allow":["GET"]}}],"collection":[{"href":"https:\/\/exceladvisor.org\/pt\/wp-json\/wp\/v2\/pages"}],"about":[{"href":"https:\/\/exceladvisor.org\/pt\/wp-json\/wp\/v2\/types\/page"}],"author":[{"embeddable":true,"href":"https:\/\/exceladvisor.org\/pt\/wp-json\/wp\/v2\/users\/1"}],"replies":[{"embeddable":true,"href":"https:\/\/exceladvisor.org\/pt\/wp-json\/wp\/v2\/comments?post=135"}],"version-history":[{"count":1,"href":"https:\/\/exceladvisor.org\/pt\/wp-json\/wp\/v2\/pages\/135\/revisions"}],"predecessor-version":[{"id":1401,"href":"https:\/\/exceladvisor.org\/pt\/wp-json\/wp\/v2\/pages\/135\/revisions\/1401"}],"wp:attachment":[{"href":"https:\/\/exceladvisor.org\/pt\/wp-json\/wp\/v2\/media?parent=135"}],"curies":[{"name":"wp","href":"https:\/\/api.w.org\/{rel}","templated":true}]}}