{"id":136,"date":"2023-11-15T11:37:07","date_gmt":"2023-11-15T11:37:07","guid":{"rendered":"https:\/\/exceladvisor.org\/pt\/referencia-3d\/"},"modified":"2023-12-06T11:37:05","modified_gmt":"2023-12-06T11:37:05","slug":"referencia-3d","status":"publish","type":"page","link":"https:\/\/exceladvisor.org\/pt\/referencia-3d\/","title":{"rendered":"Como criar uma refer\u00eancia 3d no excel?"},"content":{"rendered":"<div class=\"excel-before-content-2\" id=\"excel-548912391\"><script type=\"text\/javascript\">\r\n\tatOptions = {\r\n\t\t'key' : 'c1158f160081d6540a8409e6925dab94',\r\n\t\t'format' : 'iframe',\r\n\t\t'height' : 250,\r\n\t\t'width' : 300,\r\n\t\t'params' : {}\r\n\t};\r\n<\/script>\r\n<script type=\"text\/javascript\" src=\"\/\/www.highperformanceformat.com\/c1158f160081d6540a8409e6925dab94\/invoke.js\"><\/script><\/div><div class=\"excel-before-content\" id=\"excel-3069965548\"><script type=\"text\/javascript\">\r\n\tatOptions = {\r\n\t\t'key' : 'c1158f160081d6540a8409e6925dab94',\r\n\t\t'format' : 'iframe',\r\n\t\t'height' : 250,\r\n\t\t'width' : 300,\r\n\t\t'params' : {}\r\n\t};\r\n<\/script>\r\n<script type=\"text\/javascript\" src=\"\/\/www.highperformanceformat.com\/c1158f160081d6540a8409e6925dab94\/invoke.js\"><\/script><\/div> <p>Todos n\u00f3s queremos economizar tempo. Al\u00e9m disso, usar a Refer\u00eancia 3D no Excel pode economizar muito tempo.<\/p><p> \u00c9 como um gr\u00e1fico ou imagem tridimensional com mais de uma fase. <span style=\"font-size: 1em;\">Um intervalo normal \u00e9 para um grupo de c\u00e9lulas em uma \u00fanica planilha.<\/span><\/p><p> Por exemplo, em =SOMA(Planilha1!A1:A10), &#8220;A1:A10&#8221; \u00e9 um grupo de c\u00e9lulas referenciado na Planilha1.<\/p><p> No entanto, uma refer\u00eancia 3D \u00e9 um intervalo de c\u00e9lulas no qual voc\u00ea pode consultar as mesmas c\u00e9lulas de v\u00e1rias planilhas usando uma \u00fanica refer\u00eancia. Em termos simples, consulte a mesma c\u00e9lula ou intervalo em v\u00e1rias planilhas.<\/p><h2 id=\"h-create-a-3d-reference\" class=\"wp-block-heading\"> Crie uma refer\u00eancia 3D<\/h2><p> A \u00fanica coisa que voc\u00ea precisa cuidar antes de usar uma refer\u00eancia 3D \u00e9 que todas as planilhas devem estar em sequ\u00eancia. Deixe-me mostrar-lhe um exemplo. <\/p><div class=\"wp-block-image\"><figure class=\"aligncenter\"><img decoding=\"async\" src=\"https:\/\/exceladvisor.org\/wp-content\/uploads\/2023\/08\/Ajouter-des-feuilles-de-calcul-pour-utiliser-la-plage-Excel-3D.png\" sizes=\"\" srcset=\"\" alt=\"Adicione planilhas para usar o intervalo 3D do Excel\"><\/figure><\/div><p> Agora, aqui voc\u00ea tem 5 planilhas em uma pasta de trabalho. Portanto, se voc\u00ea deseja calcular a soma do intervalo C5:D6 de todas as 5 planilhas, voc\u00ea precisa usar uma f\u00f3rmula como a abaixo.<\/p><pre class=\"wp-block-code\"> <code class=\"language-excel-formula\" lang=\"excel-formula\">=('2009'!A1:A10,'2010'!A1:A10,'2011'!A1:A10,'2012'!A1:A10,'2013'!A1:A10)<\/code><\/pre><p> Mas se voc\u00ea quiser criar uma f\u00f3rmula 3D com refer\u00eancia 3D, ser\u00e1 algo assim.<\/p><pre class=\"wp-block-code\"> <code class=\"language-excel-formula\" lang=\"excel-formula\">=SUM('2009:2013'!A1:A10)<\/code><\/pre><h2 id=\"h-how-3d-reference-works-in-excel\" class=\"wp-block-heading\"> Como funciona a refer\u00eancia 3D no Excel<\/h2><p> Uma f\u00f3rmula de intervalo 3D sempre funciona em duas partes diferentes. <\/p><div class=\"wp-block-image\"><figure class=\"aligncenter\"><img decoding=\"async\" src=\"https:\/\/exceladvisor.org\/wp-content\/uploads\/2023\/08\/Comment-fonctionne-la-gamme-Excel-3D-1.png\" sizes=\"\" srcset=\"\" alt=\"Como funciona a gama Excel 3D\"><\/figure><\/div><ul><li> <strong>Primeiro:<\/strong> um intervalo de planilha: como um intervalo de c\u00e9lulas, voc\u00ea precisa criar um intervalo de planilha a partir do qual deseja fazer refer\u00eancia \u00e0s c\u00e9lulas. O intervalo da planilha deve ser um intervalo cont\u00ednuo. No exemplo acima, tenho 5 planilhas de 2009 a 2013.<\/li><li> <strong>Segundo<\/strong> : um intervalo de c\u00e9lulas. Um intervalo normal de c\u00e9lulas ao qual <span style=\"font-size: revert;\">voc\u00ea deseja consultar em todas as planilhas.<\/span><\/li><\/ul><h2 id=\"h-adding-a-new-worksheet\" class=\"wp-block-heading\"> Adicionando uma nova planilha<\/h2><p> Digamos que voc\u00ea insira uma planilha entre 2009 e 2013. Ela incluir\u00e1 automaticamente o valor do intervalo A1:A10 da nova planilha na fun\u00e7\u00e3o que voc\u00ea utiliza. <\/p><div class=\"wp-block-image\"><figure class=\"aligncenter\"><img decoding=\"async\" src=\"https:\/\/exceladvisor.org\/wp-content\/uploads\/2023\/08\/Comment-creer-une-plage-3D5-1.png\" sizes=\"\" srcset=\"\" alt=\"mais informa\u00e7\u00f5es sobre como adicionar novas planilhas \u00e0 faixa 3D\"><\/figure><\/div><h2 id=\"h-deleting-a-worksheet\" class=\"wp-block-heading\"> Excluindo uma planilha:<\/h2><p> Se voc\u00ea excluir uma planilha de 2009 a 2013. Isso excluir\u00e1 automaticamente o valor na c\u00e9lula C4 da fun\u00e7\u00e3o que voc\u00ea est\u00e1 usando.<\/p><h2 id=\"h-the-sequence-of-worksheets\" class=\"wp-block-heading\"> A sequ\u00eancia da planilha:<\/h2><p> Aqui neste exemplo, o intervalo da planilha come\u00e7a em \u201cPlanilha 2009\u201d e termina em \u201cPlanilha 2013\u201d. A quest\u00e3o \u00e9 que se voc\u00ea mover uma planilha para fora desse intervalo, essa planilha ser\u00e1 exclu\u00edda do c\u00e1lculo da f\u00f3rmula.<\/p><h2 id=\"h-conclusion\" class=\"wp-block-heading\"> Conclus\u00e3o<\/h2><p> Um dos benef\u00edcios mais importantes das refer\u00eancias 3D \u00e9 que elas podem encurtar f\u00f3rmulas complexas. Voc\u00ea n\u00e3o precisa fazer refer\u00eancia a todas as planilhas separadamente nas f\u00f3rmulas. E espero que este m\u00e9todo ajude voc\u00ea a escrever f\u00f3rmulas melhores.<\/p><p> Agora me diga uma coisa. Voc\u00ea j\u00e1 tentou isso antes? Por favor, compartilhe suas id\u00e9ias comigo na se\u00e7\u00e3o de coment\u00e1rios, eu adoraria ouvir de voc\u00ea. E n\u00e3o se esque\u00e7a de compartilhar com seus amigos. <\/p><div class=\"gb-container gb-container-bafb25cc gb-container-download-2\"><div class=\"gb-grid-wrapper gb-grid-wrapper-91201309\"><div class=\"gb-grid-column gb-grid-column-15a917ef\"><div class=\"gb-container gb-container-15a917ef\"><h2 class=\"gb-headline gb-headline-f2deb261 gb-headline-text gb-headline-download-2\"> Obtenha o arquivo Excel <\/h2><\/div><\/div><div class=\"gb-grid-column gb-grid-column-18357188\"><div class=\"gb-container gb-container-18357188\"><div class=\"gb-container gb-container-76cbe15e\"> <a class=\"gb-button gb-button-cb63d00a gb-button-text gb-button-download-2\" href=\"https:\/\/exceladvisor.org\/wp-content\/uploads\/2023\/08\/gamme-3d.xlsx\" rel=\"nofollow\">Download<\/a><\/div><\/div><\/div><\/div><\/div><div class=\"gb-container gb-container-0df56012 gb-container-mt\"> <a class=\"gb-button gb-button-f9f432f4 gb-button-text gb-button-mt-button\" href=\"https:\/\/exceladvisor.org\/pt\/formulas\/\">Lista de f\u00f3rmulas do Excel<\/a><h2 class=\"gb-headline gb-headline-233444e8 gb-headline-text gb-headline-mt-heading\"> F\u00f3rmulas relacionadas <\/h2><div class=\"gb-grid-wrapper gb-grid-wrapper-a16fa65c gb-grid-wrapper-mt-grid\"><div class=\"gb-grid-column gb-grid-column-50d07e0d\"><div class=\"gb-container gb-container-50d07e0d\"><ul><li> <a href=\"https:\/\/exceladvisor.org\/pt\/curingas-2\/\">Curingas no Excel<\/a><\/li><li> <a href=\"https:\/\/exceladvisor.org\/pt\/ocultar-formula\/\">Ocultar f\u00f3rmula no Excel<\/a><\/li><li> <a href=\"https:\/\/exceladvisor.org\/pt\/r1c1\/\">Estilo de refer\u00eancia R1C1 no Excel<\/a> <\/li><\/ul><\/div><\/div><div class=\"gb-grid-column gb-grid-column-5b4a0cf9\"><div class=\"gb-container gb-container-5b4a0cf9\"><\/div><\/div><\/div><\/div>","protected":false},"excerpt":{"rendered":"","protected":false},"author":1,"featured_media":0,"parent":0,"menu_order":0,"comment_status":"open","ping_status":"closed","template":"","meta":{"ub_ctt_via":"","footnotes":""},"class_list":["post-136","page","type-page","status-publish","hentry"],"featured_image_src":null,"yoast_head":"<!-- This site is optimized with the Yoast SEO plugin v25.4 - https:\/\/yoast.com\/wordpress\/plugins\/seo\/ -->\n<title>Como criar uma refer\u00eancia 3D no Excel? (Tutorial 2023)<\/title>\n<meta name=\"description\" content=\"Com a refer\u00eancia 3D do Excel, voc\u00ea pode fazer refer\u00eancia ao mesmo intervalo de c\u00e9lulas de planilhas diferentes. Pode\" \/>\n<meta name=\"robots\" content=\"index, follow, max-snippet:-1, max-image-preview:large, max-video-preview:-1\" \/>\n<link rel=\"canonical\" href=\"https:\/\/exceladvisor.org\/pt\/referencia-3d\/\" \/>\n<meta property=\"og:locale\" content=\"pt_PT\" \/>\n<meta property=\"og:type\" content=\"article\" \/>\n<meta property=\"og:title\" content=\"Como criar uma refer\u00eancia 3D no Excel? (Tutorial 2023)\" \/>\n<meta property=\"og:description\" content=\"Com a refer\u00eancia 3D do Excel, voc\u00ea pode fazer refer\u00eancia ao mesmo intervalo de c\u00e9lulas de planilhas diferentes. Pode\" \/>\n<meta property=\"og:url\" content=\"https:\/\/exceladvisor.org\/pt\/referencia-3d\/\" \/>\n<meta property=\"og:site_name\" content=\"Excel Advisor\" \/>\n<meta property=\"article:modified_time\" content=\"2023-12-06T11:37:05+00:00\" \/>\n<meta property=\"og:image\" content=\"https:\/\/exceladvisor.org\/wp-content\/uploads\/2023\/08\/Ajouter-des-feuilles-de-calcul-pour-utiliser-la-plage-Excel-3D.png\" \/>\n<meta name=\"twitter:card\" content=\"summary_large_image\" \/>\n<meta name=\"twitter:label1\" content=\"Tempo estimado de leitura\" \/>\n\t<meta name=\"twitter:data1\" content=\"3 minutos\" \/>\n<script type=\"application\/ld+json\" class=\"yoast-schema-graph\">{\"@context\":\"https:\/\/schema.org\",\"@graph\":[{\"@type\":\"WebPage\",\"@id\":\"https:\/\/exceladvisor.org\/pt\/referencia-3d\/\",\"url\":\"https:\/\/exceladvisor.org\/pt\/referencia-3d\/\",\"name\":\"Como criar uma refer\u00eancia 3D no Excel? (Tutorial 2023)\",\"isPartOf\":{\"@id\":\"https:\/\/exceladvisor.org\/pt\/#website\"},\"primaryImageOfPage\":{\"@id\":\"https:\/\/exceladvisor.org\/pt\/referencia-3d\/#primaryimage\"},\"image\":{\"@id\":\"https:\/\/exceladvisor.org\/pt\/referencia-3d\/#primaryimage\"},\"thumbnailUrl\":\"https:\/\/exceladvisor.org\/wp-content\/uploads\/2023\/08\/Ajouter-des-feuilles-de-calcul-pour-utiliser-la-plage-Excel-3D.png\",\"datePublished\":\"2023-11-15T11:37:07+00:00\",\"dateModified\":\"2023-12-06T11:37:05+00:00\",\"description\":\"Com a refer\u00eancia 3D do Excel, voc\u00ea pode fazer refer\u00eancia ao mesmo intervalo de c\u00e9lulas de planilhas diferentes. Pode\",\"breadcrumb\":{\"@id\":\"https:\/\/exceladvisor.org\/pt\/referencia-3d\/#breadcrumb\"},\"inLanguage\":\"pt-PT\",\"potentialAction\":[{\"@type\":\"ReadAction\",\"target\":[\"https:\/\/exceladvisor.org\/pt\/referencia-3d\/\"]}]},{\"@type\":\"ImageObject\",\"inLanguage\":\"pt-PT\",\"@id\":\"https:\/\/exceladvisor.org\/pt\/referencia-3d\/#primaryimage\",\"url\":\"https:\/\/exceladvisor.org\/wp-content\/uploads\/2023\/08\/Ajouter-des-feuilles-de-calcul-pour-utiliser-la-plage-Excel-3D.png\",\"contentUrl\":\"https:\/\/exceladvisor.org\/wp-content\/uploads\/2023\/08\/Ajouter-des-feuilles-de-calcul-pour-utiliser-la-plage-Excel-3D.png\"},{\"@type\":\"BreadcrumbList\",\"@id\":\"https:\/\/exceladvisor.org\/pt\/referencia-3d\/#breadcrumb\",\"itemListElement\":[{\"@type\":\"ListItem\",\"position\":1,\"name\":\"Lar\",\"item\":\"https:\/\/exceladvisor.org\/pt\/\"},{\"@type\":\"ListItem\",\"position\":2,\"name\":\"Como criar uma refer\u00eancia 3d no excel?\"}]},{\"@type\":\"WebSite\",\"@id\":\"https:\/\/exceladvisor.org\/pt\/#website\",\"url\":\"https:\/\/exceladvisor.org\/pt\/\",\"name\":\"Excel Advisor\",\"description\":\"O seu guia definitivo para dominar os dados!\",\"publisher\":{\"@id\":\"https:\/\/exceladvisor.org\/pt\/#organization\"},\"potentialAction\":[{\"@type\":\"SearchAction\",\"target\":{\"@type\":\"EntryPoint\",\"urlTemplate\":\"https:\/\/exceladvisor.org\/pt\/?s={search_term_string}\"},\"query-input\":{\"@type\":\"PropertyValueSpecification\",\"valueRequired\":true,\"valueName\":\"search_term_string\"}}],\"inLanguage\":\"pt-PT\"},{\"@type\":\"Organization\",\"@id\":\"https:\/\/exceladvisor.org\/pt\/#organization\",\"name\":\"Excel Advisor\",\"url\":\"https:\/\/exceladvisor.org\/pt\/\",\"logo\":{\"@type\":\"ImageObject\",\"inLanguage\":\"pt-PT\",\"@id\":\"https:\/\/exceladvisor.org\/pt\/#\/schema\/logo\/image\/\",\"url\":\"https:\/\/exceladvisor.org\/pt\/wp-content\/uploads\/2023\/12\/exceladvisor.org_.png\",\"contentUrl\":\"https:\/\/exceladvisor.org\/pt\/wp-content\/uploads\/2023\/12\/exceladvisor.org_.png\",\"width\":105,\"height\":36,\"caption\":\"Excel Advisor\"},\"image\":{\"@id\":\"https:\/\/exceladvisor.org\/pt\/#\/schema\/logo\/image\/\"}}]}<\/script>\n<!-- \/ Yoast SEO plugin. -->","yoast_head_json":{"title":"Como criar uma refer\u00eancia 3D no Excel? (Tutorial 2023)","description":"Com a refer\u00eancia 3D do Excel, voc\u00ea pode fazer refer\u00eancia ao mesmo intervalo de c\u00e9lulas de planilhas diferentes. Pode","robots":{"index":"index","follow":"follow","max-snippet":"max-snippet:-1","max-image-preview":"max-image-preview:large","max-video-preview":"max-video-preview:-1"},"canonical":"https:\/\/exceladvisor.org\/pt\/referencia-3d\/","og_locale":"pt_PT","og_type":"article","og_title":"Como criar uma refer\u00eancia 3D no Excel? (Tutorial 2023)","og_description":"Com a refer\u00eancia 3D do Excel, voc\u00ea pode fazer refer\u00eancia ao mesmo intervalo de c\u00e9lulas de planilhas diferentes. Pode","og_url":"https:\/\/exceladvisor.org\/pt\/referencia-3d\/","og_site_name":"Excel Advisor","article_modified_time":"2023-12-06T11:37:05+00:00","og_image":[{"url":"https:\/\/exceladvisor.org\/wp-content\/uploads\/2023\/08\/Ajouter-des-feuilles-de-calcul-pour-utiliser-la-plage-Excel-3D.png","type":"","width":"","height":""}],"twitter_card":"summary_large_image","twitter_misc":{"Tempo estimado de leitura":"3 minutos"},"schema":{"@context":"https:\/\/schema.org","@graph":[{"@type":"WebPage","@id":"https:\/\/exceladvisor.org\/pt\/referencia-3d\/","url":"https:\/\/exceladvisor.org\/pt\/referencia-3d\/","name":"Como criar uma refer\u00eancia 3D no Excel? (Tutorial 2023)","isPartOf":{"@id":"https:\/\/exceladvisor.org\/pt\/#website"},"primaryImageOfPage":{"@id":"https:\/\/exceladvisor.org\/pt\/referencia-3d\/#primaryimage"},"image":{"@id":"https:\/\/exceladvisor.org\/pt\/referencia-3d\/#primaryimage"},"thumbnailUrl":"https:\/\/exceladvisor.org\/wp-content\/uploads\/2023\/08\/Ajouter-des-feuilles-de-calcul-pour-utiliser-la-plage-Excel-3D.png","datePublished":"2023-11-15T11:37:07+00:00","dateModified":"2023-12-06T11:37:05+00:00","description":"Com a refer\u00eancia 3D do Excel, voc\u00ea pode fazer refer\u00eancia ao mesmo intervalo de c\u00e9lulas de planilhas diferentes. Pode","breadcrumb":{"@id":"https:\/\/exceladvisor.org\/pt\/referencia-3d\/#breadcrumb"},"inLanguage":"pt-PT","potentialAction":[{"@type":"ReadAction","target":["https:\/\/exceladvisor.org\/pt\/referencia-3d\/"]}]},{"@type":"ImageObject","inLanguage":"pt-PT","@id":"https:\/\/exceladvisor.org\/pt\/referencia-3d\/#primaryimage","url":"https:\/\/exceladvisor.org\/wp-content\/uploads\/2023\/08\/Ajouter-des-feuilles-de-calcul-pour-utiliser-la-plage-Excel-3D.png","contentUrl":"https:\/\/exceladvisor.org\/wp-content\/uploads\/2023\/08\/Ajouter-des-feuilles-de-calcul-pour-utiliser-la-plage-Excel-3D.png"},{"@type":"BreadcrumbList","@id":"https:\/\/exceladvisor.org\/pt\/referencia-3d\/#breadcrumb","itemListElement":[{"@type":"ListItem","position":1,"name":"Lar","item":"https:\/\/exceladvisor.org\/pt\/"},{"@type":"ListItem","position":2,"name":"Como criar uma refer\u00eancia 3d no excel?"}]},{"@type":"WebSite","@id":"https:\/\/exceladvisor.org\/pt\/#website","url":"https:\/\/exceladvisor.org\/pt\/","name":"Excel Advisor","description":"O seu guia definitivo para dominar os dados!","publisher":{"@id":"https:\/\/exceladvisor.org\/pt\/#organization"},"potentialAction":[{"@type":"SearchAction","target":{"@type":"EntryPoint","urlTemplate":"https:\/\/exceladvisor.org\/pt\/?s={search_term_string}"},"query-input":{"@type":"PropertyValueSpecification","valueRequired":true,"valueName":"search_term_string"}}],"inLanguage":"pt-PT"},{"@type":"Organization","@id":"https:\/\/exceladvisor.org\/pt\/#organization","name":"Excel Advisor","url":"https:\/\/exceladvisor.org\/pt\/","logo":{"@type":"ImageObject","inLanguage":"pt-PT","@id":"https:\/\/exceladvisor.org\/pt\/#\/schema\/logo\/image\/","url":"https:\/\/exceladvisor.org\/pt\/wp-content\/uploads\/2023\/12\/exceladvisor.org_.png","contentUrl":"https:\/\/exceladvisor.org\/pt\/wp-content\/uploads\/2023\/12\/exceladvisor.org_.png","width":105,"height":36,"caption":"Excel Advisor"},"image":{"@id":"https:\/\/exceladvisor.org\/pt\/#\/schema\/logo\/image\/"}}]}},"yoast_meta":{"yoast_wpseo_title":"","yoast_wpseo_metadesc":"","yoast_wpseo_canonical":""},"_links":{"self":[{"href":"https:\/\/exceladvisor.org\/pt\/wp-json\/wp\/v2\/pages\/136","targetHints":{"allow":["GET"]}}],"collection":[{"href":"https:\/\/exceladvisor.org\/pt\/wp-json\/wp\/v2\/pages"}],"about":[{"href":"https:\/\/exceladvisor.org\/pt\/wp-json\/wp\/v2\/types\/page"}],"author":[{"embeddable":true,"href":"https:\/\/exceladvisor.org\/pt\/wp-json\/wp\/v2\/users\/1"}],"replies":[{"embeddable":true,"href":"https:\/\/exceladvisor.org\/pt\/wp-json\/wp\/v2\/comments?post=136"}],"version-history":[{"count":1,"href":"https:\/\/exceladvisor.org\/pt\/wp-json\/wp\/v2\/pages\/136\/revisions"}],"predecessor-version":[{"id":1010,"href":"https:\/\/exceladvisor.org\/pt\/wp-json\/wp\/v2\/pages\/136\/revisions\/1010"}],"wp:attachment":[{"href":"https:\/\/exceladvisor.org\/pt\/wp-json\/wp\/v2\/media?parent=136"}],"curies":[{"name":"wp","href":"https:\/\/api.w.org\/{rel}","templated":true}]}}