{"id":139,"date":"2023-11-15T10:56:18","date_gmt":"2023-11-15T10:56:18","guid":{"rendered":"https:\/\/exceladvisor.org\/pt\/data-e-hora-separadas-2\/"},"modified":"2023-12-06T11:42:16","modified_gmt":"2023-12-06T11:42:16","slug":"data-e-hora-separadas-2","status":"publish","type":"page","link":"https:\/\/exceladvisor.org\/pt\/data-e-hora-separadas-2\/","title":{"rendered":"Como separar data e hora no excel?"},"content":{"rendered":"<div class=\"excel-before-content-2\" id=\"excel-2417913530\"><script type=\"text\/javascript\">\r\n\tatOptions = {\r\n\t\t'key' : 'c1158f160081d6540a8409e6925dab94',\r\n\t\t'format' : 'iframe',\r\n\t\t'height' : 250,\r\n\t\t'width' : 300,\r\n\t\t'params' : {}\r\n\t};\r\n<\/script>\r\n<script type=\"text\/javascript\" src=\"\/\/www.highperformanceformat.com\/c1158f160081d6540a8409e6925dab94\/invoke.js\"><\/script><\/div><div class=\"excel-before-content\" id=\"excel-785812305\"><script type=\"text\/javascript\">\r\n\tatOptions = {\r\n\t\t'key' : 'c1158f160081d6540a8409e6925dab94',\r\n\t\t'format' : 'iframe',\r\n\t\t'height' : 250,\r\n\t\t'width' : 300,\r\n\t\t'params' : {}\r\n\t};\r\n<\/script>\r\n<script type=\"text\/javascript\" src=\"\/\/www.highperformanceformat.com\/c1158f160081d6540a8409e6925dab94\/invoke.js\"><\/script><\/div> <p>No Excel, se voc\u00ea tiver data e hora combinadas em uma \u00fanica c\u00e9lula, poder\u00e1 separ\u00e1-las em dois valores diferentes, como data e hora. Neste tutorial, veremos alguns dos m\u00e9todos simples e \u00fateis para isso.<\/p><p> F\u00f3rmulas r\u00e1pidas para separar a data<\/p><ul><li> =INT(A1)<\/li><li> =ARREDONDAMENTO(A1,0)<\/li><li> = TRONCO (A1)<\/li><\/ul><p> F\u00f3rmulas r\u00e1pidas para separar o tempo<\/p><ul><li> =A1-INT(A1)<\/li><\/ul><p> Nas f\u00f3rmulas acima, A1 \u00e9 a c\u00e9lula onde est\u00e1 a data e a hora.<\/p><h2 id=\"understanding-date-and-time-in-excel\" class=\"wp-block-heading\"> Compreendendo data e hora no Excel<\/h2><p> O Excel armazena uma data como um valor num\u00e9rico e a hora como uma fra\u00e7\u00e3o.<\/p><p> E no exemplo a seguir voc\u00ea pode ver que para a data na c\u00e9lula A1 voc\u00ea tem o valor num\u00e9rico 44541, para a hora na c\u00e9lula A2 \u00e9 0,52, e na c\u00e9lula A3 voc\u00ea tem uma data e hora combinadas nas c\u00e9lulas e o valor num\u00e9rico 44541,52. <\/p><div class=\"wp-block-image\"><figure class=\"aligncenter size-full is-resized\"><img loading=\"lazy\" decoding=\"async\" class=\"wp-image-63798\" src=\"https:\/\/exceladvisor.org\/wp-content\/uploads\/2023\/08\/1-date-et-heure-dans-excel.png\" sizes=\"auto, \" srcset=\"\" alt=\"data e hora no excel\" width=\"415\" height=\"283\"><\/figure><\/div><p> Portanto, se voc\u00ea deseja separar a data e a hora em dois valores separados, \u00e9 necess\u00e1rio separar a parte inteira e a parte fracion\u00e1ria do valor. <\/p><div class=\"wp-block-image\"><figure class=\"aligncenter size-full is-resized\"><img loading=\"lazy\" decoding=\"async\" class=\"wp-image-63799\" src=\"https:\/\/exceladvisor.org\/wp-content\/uploads\/2023\/08\/2-separer-la-partie-entiere.png\" sizes=\"auto, \" srcset=\"\" alt=\"separe a parte inteira\" width=\"342\" height=\"161\"><\/figure><\/div><h2 id=\"separate-date-from-time-in-excel\" class=\"wp-block-heading\"> Separe a data da hora no Excel<\/h2><p> Uma das melhores maneiras de separar uma data de um valor de data e hora \u00e9 usar a fun\u00e7\u00e3o INT. A fun\u00e7\u00e3o INT pega um n\u00famero inteiro de um n\u00famero e omite a parte fracion\u00e1ria. <\/p><pre class=\"wp-block-code\"> <code class=\"language-excel-formula\" lang=\"excel-formula\">=INT(A1)<\/code><\/pre><div class=\"wp-block-image\"><figure class=\"aligncenter size-full is-resized\"><img loading=\"lazy\" decoding=\"async\" class=\"wp-image-63800\" src=\"https:\/\/exceladvisor.org\/wp-content\/uploads\/2023\/08\/3-date-et-heure-distinctes.png\" sizes=\"auto, \" srcset=\"\" alt=\"data-de-hora separada\" width=\"430\" height=\"258\"><\/figure><\/div><p> No exemplo acima voc\u00ea tem a fun\u00e7\u00e3o INT que leva a refer\u00eancia da c\u00e9lula A1 onde voc\u00ea tem a data e hora em um valor num\u00e9rico. E retornou 44541 no resultado. <\/p><div class=\"wp-block-image\"><figure class=\"aligncenter size-full is-resized\"><img loading=\"lazy\" decoding=\"async\" class=\"wp-image-63801\" src=\"https:\/\/exceladvisor.org\/wp-content\/uploads\/2023\/08\/4-format-de-valeur-comme-date.png\" sizes=\"auto, \" srcset=\"\" alt=\"formato-valor-como-data\" width=\"577\" height=\"234\"><\/figure><\/div><p> E agora, quando voc\u00ea formata isso como uma data, ele mostra apenas a data. Agora, al\u00e9m dos m\u00e9todos acima, voc\u00ea tamb\u00e9m pode usar as duas fun\u00e7\u00f5es a seguir para obter uma data distinta.<\/p><p> Usando a fun\u00e7\u00e3o ROUNDDOWN para remover a hora e dividir a data. <\/p><div class=\"wp-block-image\"><figure class=\"aligncenter size-full is-resized\"><img loading=\"lazy\" decoding=\"async\" class=\"wp-image-63802\" src=\"https:\/\/exceladvisor.org\/wp-content\/uploads\/2023\/08\/5-fonction-darrondi.png\" sizes=\"auto, \" srcset=\"\" alt=\"fun\u00e7\u00e3o de arredondamento\" width=\"576\" height=\"229\"><\/figure><\/div><pre class=\"wp-block-code\"> <code class=\"language-excel-formula\" lang=\"excel-formula\">=ROUNDDOWN(A1,0)<\/code><\/pre><p> E voc\u00ea tamb\u00e9m pode usar a fun\u00e7\u00e3o TRUNC para cortar a casa decimal para separar a data. <\/p><pre class=\"wp-block-code\"> <code class=\"language-excel-formula\" lang=\"excel-formula\">=TRUNC(A1)<\/code><\/pre><div class=\"wp-block-image\"><figure class=\"aligncenter size-full is-resized\"><img loading=\"lazy\" decoding=\"async\" class=\"wp-image-63803\" src=\"https:\/\/exceladvisor.org\/wp-content\/uploads\/2023\/08\/6-fonction-tronc.png\" sizes=\"auto, \" srcset=\"\" alt=\"fun\u00e7\u00e3o de tronco\" width=\"583\" height=\"231\"><\/figure><\/div><h2 id=\"separate-time-from-date-in-excel\" class=\"wp-block-heading\"> Separe a hora da data no Excel<\/h2><p> Para separar o tempo, voc\u00ea pode usar uma f\u00f3rmula usando a fun\u00e7\u00e3o INT. No exemplo a seguir, voc\u00ea deduziu a parte inteira do n\u00famero real e o valor restante \u00e9 a hora. <\/p><div class=\"wp-block-image\"><figure class=\"aligncenter size-full is-resized\"><img loading=\"lazy\" decoding=\"async\" class=\"wp-image-63804\" src=\"https:\/\/exceladvisor.org\/wp-content\/uploads\/2023\/08\/7-int-fonction-pour-separer-lheure-de-la-date.png\" sizes=\"auto, \" srcset=\"\" alt=\"fun\u00e7\u00e3o int para separar hora da data\" width=\"590\" height=\"269\"><\/figure><\/div><pre class=\"wp-block-code\"> <code class=\"language-excel-formula\" lang=\"excel-formula\">=A1-INT(A1)<\/code><\/pre><div class=\"gb-container gb-container-52dfcee1 gb-container-sample-file\"><h2 class=\"gb-headline gb-headline-e289c143 gb-headline-text gb-headline-4f7959c2\"> Obtenha o arquivo Excel<\/h2><p> <a class=\"gb-button gb-button-e88d6bee gb-button-text gb-button-button1\" href=\"https:\/\/exceladvisor.org\/wp-content\/uploads\/2023\/08\/date-et-heure-separees.xlsx\" rel=\"nofollow\">Download<\/a> <\/p><\/div><div class=\"wp-block-group more-tutorials is-layout-flow\"><div class=\"wp-block-group__inner-container\"><h2 class=\"wp-block-heading\"> Mais f\u00f3rmulas <\/h2><div class=\"wp-block-columns is-layout-flex wp-container-15\"><div class=\"wp-block-column is-layout-flow\"><ul><li> <a href=\"https:\/\/exceladvisor.org\/pt\/adicione-horas-no-tempo\/\">Adicione horas ao tempo no Excel<\/a><\/li><li> <a href=\"https:\/\/exceladvisor.org\/pt\/adicione-minutos-ao-tempo\/\">Adicione minutos ao tempo no Excel<\/a><\/li><li> <a href=\"https:\/\/exceladvisor.org\/pt\/calcular-diferenca-horaria\/\">Diferen\u00e7a entre dois tempos no Excel<\/a><\/li><li> <a href=\"https:\/\/exceladvisor.org\/pt\/alterar-formato-de-hora\/\">Alterar o formato da hora no Excel<\/a><\/li><\/ul><\/div><div class=\"wp-block-column is-layout-flow\"><ul><li> <a href=\"https:\/\/exceladvisor.org\/pt\/tempo-em-minutos-2\/\">Converter o valor do tempo em minutos (f\u00f3rmula do Excel)<\/a><\/li><li> <a href=\"https:\/\/exceladvisor.org\/pt\/tempo-em-segundos-2\/\">Converter o valor do tempo em segundos<\/a><\/li><li> <a href=\"https:\/\/exceladvisor.org\/pt\/hora-atual-2\/\">Obtenha a hora atual (f\u00f3rmula do Excel)<\/a><\/li><li> <a href=\"https:\/\/exceladvisor.org\/pt\/hora-da-soneca-2\/\">Soma do tempo no Excel (f\u00f3rmula do Excel)<\/a><\/li><\/ul><\/div><\/div><p> \u21e0 Voltar \u00e0 <a href=\"https:\/\/exceladvisor.org\/pt\/formulas\/\">lista de mais de 100 f\u00f3rmulas do Excel (b\u00e1sico + avan\u00e7ado)<\/a><\/p><\/div><\/div>","protected":false},"excerpt":{"rendered":"","protected":false},"author":1,"featured_media":0,"parent":0,"menu_order":0,"comment_status":"open","ping_status":"closed","template":"","meta":{"ub_ctt_via":"","footnotes":""},"class_list":["post-139","page","type-page","status-publish","hentry"],"featured_image_src":null,"yoast_head":"<!-- This site is optimized with the Yoast SEO plugin v25.4 - https:\/\/yoast.com\/wordpress\/plugins\/seo\/ -->\n<title>Como separar data e hora no Excel? - Consultor Excel<\/title>\n<meta name=\"description\" content=\"No Excel, voc\u00ea pode usar diferentes fun\u00e7\u00f5es para separar data e hora. E neste tutorial veremos tudo isso\" \/>\n<meta name=\"robots\" content=\"index, follow, max-snippet:-1, max-image-preview:large, max-video-preview:-1\" \/>\n<link rel=\"canonical\" href=\"https:\/\/exceladvisor.org\/pt\/data-e-hora-separadas-2\/\" \/>\n<meta property=\"og:locale\" content=\"pt_PT\" \/>\n<meta property=\"og:type\" content=\"article\" \/>\n<meta property=\"og:title\" content=\"Como separar data e hora no Excel? - Consultor Excel\" \/>\n<meta property=\"og:description\" content=\"No Excel, voc\u00ea pode usar diferentes fun\u00e7\u00f5es para separar data e hora. E neste tutorial veremos tudo isso\" \/>\n<meta property=\"og:url\" content=\"https:\/\/exceladvisor.org\/pt\/data-e-hora-separadas-2\/\" \/>\n<meta property=\"og:site_name\" content=\"Excel Advisor\" \/>\n<meta property=\"article:modified_time\" content=\"2023-12-06T11:42:16+00:00\" \/>\n<meta property=\"og:image\" content=\"https:\/\/exceladvisor.org\/wp-content\/uploads\/2023\/08\/1-date-et-heure-dans-excel.png\" \/>\n<meta name=\"twitter:card\" content=\"summary_large_image\" \/>\n<meta name=\"twitter:label1\" content=\"Tempo estimado de leitura\" \/>\n\t<meta name=\"twitter:data1\" content=\"2 minutos\" \/>\n<script type=\"application\/ld+json\" class=\"yoast-schema-graph\">{\"@context\":\"https:\/\/schema.org\",\"@graph\":[{\"@type\":\"WebPage\",\"@id\":\"https:\/\/exceladvisor.org\/pt\/data-e-hora-separadas-2\/\",\"url\":\"https:\/\/exceladvisor.org\/pt\/data-e-hora-separadas-2\/\",\"name\":\"Como separar data e hora no Excel? - Consultor Excel\",\"isPartOf\":{\"@id\":\"https:\/\/exceladvisor.org\/pt\/#website\"},\"primaryImageOfPage\":{\"@id\":\"https:\/\/exceladvisor.org\/pt\/data-e-hora-separadas-2\/#primaryimage\"},\"image\":{\"@id\":\"https:\/\/exceladvisor.org\/pt\/data-e-hora-separadas-2\/#primaryimage\"},\"thumbnailUrl\":\"https:\/\/exceladvisor.org\/wp-content\/uploads\/2023\/08\/1-date-et-heure-dans-excel.png\",\"datePublished\":\"2023-11-15T10:56:18+00:00\",\"dateModified\":\"2023-12-06T11:42:16+00:00\",\"description\":\"No Excel, voc\u00ea pode usar diferentes fun\u00e7\u00f5es para separar data e hora. E neste tutorial veremos tudo isso\",\"breadcrumb\":{\"@id\":\"https:\/\/exceladvisor.org\/pt\/data-e-hora-separadas-2\/#breadcrumb\"},\"inLanguage\":\"pt-PT\",\"potentialAction\":[{\"@type\":\"ReadAction\",\"target\":[\"https:\/\/exceladvisor.org\/pt\/data-e-hora-separadas-2\/\"]}]},{\"@type\":\"ImageObject\",\"inLanguage\":\"pt-PT\",\"@id\":\"https:\/\/exceladvisor.org\/pt\/data-e-hora-separadas-2\/#primaryimage\",\"url\":\"https:\/\/exceladvisor.org\/wp-content\/uploads\/2023\/08\/1-date-et-heure-dans-excel.png\",\"contentUrl\":\"https:\/\/exceladvisor.org\/wp-content\/uploads\/2023\/08\/1-date-et-heure-dans-excel.png\"},{\"@type\":\"BreadcrumbList\",\"@id\":\"https:\/\/exceladvisor.org\/pt\/data-e-hora-separadas-2\/#breadcrumb\",\"itemListElement\":[{\"@type\":\"ListItem\",\"position\":1,\"name\":\"Lar\",\"item\":\"https:\/\/exceladvisor.org\/pt\/\"},{\"@type\":\"ListItem\",\"position\":2,\"name\":\"Como separar data e hora no excel?\"}]},{\"@type\":\"WebSite\",\"@id\":\"https:\/\/exceladvisor.org\/pt\/#website\",\"url\":\"https:\/\/exceladvisor.org\/pt\/\",\"name\":\"Excel Advisor\",\"description\":\"O seu guia definitivo para dominar os dados!\",\"publisher\":{\"@id\":\"https:\/\/exceladvisor.org\/pt\/#organization\"},\"potentialAction\":[{\"@type\":\"SearchAction\",\"target\":{\"@type\":\"EntryPoint\",\"urlTemplate\":\"https:\/\/exceladvisor.org\/pt\/?s={search_term_string}\"},\"query-input\":{\"@type\":\"PropertyValueSpecification\",\"valueRequired\":true,\"valueName\":\"search_term_string\"}}],\"inLanguage\":\"pt-PT\"},{\"@type\":\"Organization\",\"@id\":\"https:\/\/exceladvisor.org\/pt\/#organization\",\"name\":\"Excel Advisor\",\"url\":\"https:\/\/exceladvisor.org\/pt\/\",\"logo\":{\"@type\":\"ImageObject\",\"inLanguage\":\"pt-PT\",\"@id\":\"https:\/\/exceladvisor.org\/pt\/#\/schema\/logo\/image\/\",\"url\":\"https:\/\/exceladvisor.org\/pt\/wp-content\/uploads\/2023\/12\/exceladvisor.org_.png\",\"contentUrl\":\"https:\/\/exceladvisor.org\/pt\/wp-content\/uploads\/2023\/12\/exceladvisor.org_.png\",\"width\":105,\"height\":36,\"caption\":\"Excel Advisor\"},\"image\":{\"@id\":\"https:\/\/exceladvisor.org\/pt\/#\/schema\/logo\/image\/\"}}]}<\/script>\n<!-- \/ Yoast SEO plugin. -->","yoast_head_json":{"title":"Como separar data e hora no Excel? - Consultor Excel","description":"No Excel, voc\u00ea pode usar diferentes fun\u00e7\u00f5es para separar data e hora. E neste tutorial veremos tudo isso","robots":{"index":"index","follow":"follow","max-snippet":"max-snippet:-1","max-image-preview":"max-image-preview:large","max-video-preview":"max-video-preview:-1"},"canonical":"https:\/\/exceladvisor.org\/pt\/data-e-hora-separadas-2\/","og_locale":"pt_PT","og_type":"article","og_title":"Como separar data e hora no Excel? - Consultor Excel","og_description":"No Excel, voc\u00ea pode usar diferentes fun\u00e7\u00f5es para separar data e hora. E neste tutorial veremos tudo isso","og_url":"https:\/\/exceladvisor.org\/pt\/data-e-hora-separadas-2\/","og_site_name":"Excel Advisor","article_modified_time":"2023-12-06T11:42:16+00:00","og_image":[{"url":"https:\/\/exceladvisor.org\/wp-content\/uploads\/2023\/08\/1-date-et-heure-dans-excel.png","type":"","width":"","height":""}],"twitter_card":"summary_large_image","twitter_misc":{"Tempo estimado de leitura":"2 minutos"},"schema":{"@context":"https:\/\/schema.org","@graph":[{"@type":"WebPage","@id":"https:\/\/exceladvisor.org\/pt\/data-e-hora-separadas-2\/","url":"https:\/\/exceladvisor.org\/pt\/data-e-hora-separadas-2\/","name":"Como separar data e hora no Excel? - Consultor Excel","isPartOf":{"@id":"https:\/\/exceladvisor.org\/pt\/#website"},"primaryImageOfPage":{"@id":"https:\/\/exceladvisor.org\/pt\/data-e-hora-separadas-2\/#primaryimage"},"image":{"@id":"https:\/\/exceladvisor.org\/pt\/data-e-hora-separadas-2\/#primaryimage"},"thumbnailUrl":"https:\/\/exceladvisor.org\/wp-content\/uploads\/2023\/08\/1-date-et-heure-dans-excel.png","datePublished":"2023-11-15T10:56:18+00:00","dateModified":"2023-12-06T11:42:16+00:00","description":"No Excel, voc\u00ea pode usar diferentes fun\u00e7\u00f5es para separar data e hora. E neste tutorial veremos tudo isso","breadcrumb":{"@id":"https:\/\/exceladvisor.org\/pt\/data-e-hora-separadas-2\/#breadcrumb"},"inLanguage":"pt-PT","potentialAction":[{"@type":"ReadAction","target":["https:\/\/exceladvisor.org\/pt\/data-e-hora-separadas-2\/"]}]},{"@type":"ImageObject","inLanguage":"pt-PT","@id":"https:\/\/exceladvisor.org\/pt\/data-e-hora-separadas-2\/#primaryimage","url":"https:\/\/exceladvisor.org\/wp-content\/uploads\/2023\/08\/1-date-et-heure-dans-excel.png","contentUrl":"https:\/\/exceladvisor.org\/wp-content\/uploads\/2023\/08\/1-date-et-heure-dans-excel.png"},{"@type":"BreadcrumbList","@id":"https:\/\/exceladvisor.org\/pt\/data-e-hora-separadas-2\/#breadcrumb","itemListElement":[{"@type":"ListItem","position":1,"name":"Lar","item":"https:\/\/exceladvisor.org\/pt\/"},{"@type":"ListItem","position":2,"name":"Como separar data e hora no excel?"}]},{"@type":"WebSite","@id":"https:\/\/exceladvisor.org\/pt\/#website","url":"https:\/\/exceladvisor.org\/pt\/","name":"Excel Advisor","description":"O seu guia definitivo para dominar os dados!","publisher":{"@id":"https:\/\/exceladvisor.org\/pt\/#organization"},"potentialAction":[{"@type":"SearchAction","target":{"@type":"EntryPoint","urlTemplate":"https:\/\/exceladvisor.org\/pt\/?s={search_term_string}"},"query-input":{"@type":"PropertyValueSpecification","valueRequired":true,"valueName":"search_term_string"}}],"inLanguage":"pt-PT"},{"@type":"Organization","@id":"https:\/\/exceladvisor.org\/pt\/#organization","name":"Excel Advisor","url":"https:\/\/exceladvisor.org\/pt\/","logo":{"@type":"ImageObject","inLanguage":"pt-PT","@id":"https:\/\/exceladvisor.org\/pt\/#\/schema\/logo\/image\/","url":"https:\/\/exceladvisor.org\/pt\/wp-content\/uploads\/2023\/12\/exceladvisor.org_.png","contentUrl":"https:\/\/exceladvisor.org\/pt\/wp-content\/uploads\/2023\/12\/exceladvisor.org_.png","width":105,"height":36,"caption":"Excel Advisor"},"image":{"@id":"https:\/\/exceladvisor.org\/pt\/#\/schema\/logo\/image\/"}}]}},"yoast_meta":{"yoast_wpseo_title":"","yoast_wpseo_metadesc":"","yoast_wpseo_canonical":""},"_links":{"self":[{"href":"https:\/\/exceladvisor.org\/pt\/wp-json\/wp\/v2\/pages\/139","targetHints":{"allow":["GET"]}}],"collection":[{"href":"https:\/\/exceladvisor.org\/pt\/wp-json\/wp\/v2\/pages"}],"about":[{"href":"https:\/\/exceladvisor.org\/pt\/wp-json\/wp\/v2\/types\/page"}],"author":[{"embeddable":true,"href":"https:\/\/exceladvisor.org\/pt\/wp-json\/wp\/v2\/users\/1"}],"replies":[{"embeddable":true,"href":"https:\/\/exceladvisor.org\/pt\/wp-json\/wp\/v2\/comments?post=139"}],"version-history":[{"count":1,"href":"https:\/\/exceladvisor.org\/pt\/wp-json\/wp\/v2\/pages\/139\/revisions"}],"predecessor-version":[{"id":1196,"href":"https:\/\/exceladvisor.org\/pt\/wp-json\/wp\/v2\/pages\/139\/revisions\/1196"}],"wp:attachment":[{"href":"https:\/\/exceladvisor.org\/pt\/wp-json\/wp\/v2\/media?parent=139"}],"curies":[{"name":"wp","href":"https:\/\/api.w.org\/{rel}","templated":true}]}}