{"id":140,"date":"2023-11-15T10:51:02","date_gmt":"2023-11-15T10:51:02","guid":{"rendered":"https:\/\/exceladvisor.org\/pt\/contar-entre-dois-numeros\/"},"modified":"2023-12-06T11:35:37","modified_gmt":"2023-12-06T11:35:37","slug":"contar-entre-dois-numeros","status":"publish","type":"page","link":"https:\/\/exceladvisor.org\/pt\/contar-entre-dois-numeros\/","title":{"rendered":"Como contar entre dois n\u00fameros?"},"content":{"rendered":"<div class=\"excel-before-content-2\" id=\"excel-1650479742\"><script type=\"text\/javascript\">\r\n\tatOptions = {\r\n\t\t'key' : 'c1158f160081d6540a8409e6925dab94',\r\n\t\t'format' : 'iframe',\r\n\t\t'height' : 250,\r\n\t\t'width' : 300,\r\n\t\t'params' : {}\r\n\t};\r\n<\/script>\r\n<script type=\"text\/javascript\" src=\"\/\/www.highperformanceformat.com\/c1158f160081d6540a8409e6925dab94\/invoke.js\"><\/script><\/div><div class=\"excel-before-content\" id=\"excel-3279648419\"><script type=\"text\/javascript\">\r\n\tatOptions = {\r\n\t\t'key' : 'c1158f160081d6540a8409e6925dab94',\r\n\t\t'format' : 'iframe',\r\n\t\t'height' : 250,\r\n\t\t'width' : 300,\r\n\t\t'params' : {}\r\n\t};\r\n<\/script>\r\n<script type=\"text\/javascript\" src=\"\/\/www.highperformanceformat.com\/c1158f160081d6540a8409e6925dab94\/invoke.js\"><\/script><\/div> <div class=\"adthrive-video-player in-post\" data-video-id=\"ss6mCvLf\" data-player-type=\"default\"><\/div><p> No Excel, voc\u00ea pode contar entre dois n\u00fameros usando a fun\u00e7\u00e3o CONT.SE. Com a fun\u00e7\u00e3o COUNTIFS, voc\u00ea pode especificar um limite superior de n\u00fameros e um limite inferior para criar um intervalo de n\u00fameros para contar. No exemplo a seguir temos uma lista de nomes com idade. Agora temos que contar pessoas de duas idades, ou seja, dois n\u00fameros. <\/p><div class=\"gb-container gb-container-52dfcee1 gb-container-sample-file\"><h2 class=\"gb-headline gb-headline-e289c143 gb-headline-text gb-headline-4f7959c2\"> Obtenha o arquivo Excel<\/h2> <a class=\"gb-button gb-button-e88d6bee gb-button-text gb-button-button1\" href=\"https:\/\/exceladvisor.org\/wp-content\/uploads\/2023\/08\/compter-entre-deux-nombres-2.xlsx\" rel=\"nofollow\">Download<\/a> <\/div><div class=\"wp-block-image\"><figure class=\"aligncenter size-full is-resized\"><img loading=\"lazy\" decoding=\"async\" class=\"wp-image-63808\" src=\"https:\/\/exceladvisor.org\/wp-content\/uploads\/2023\/08\/1-liste-de-noms-et-dage.png\" sizes=\"auto, \" srcset=\"\" alt=\"lista de nomes e idade\" width=\"491\" height=\"515\"><\/figure><\/div><h2 id=\"using-countifs-to-count-between-two-numbers\" class=\"wp-block-heading\"> Use COUNTIFS para contar entre dois n\u00fameros<\/h2><p> Voc\u00ea pode usar as etapas a seguir para criar f\u00f3rmulas usando COUNTIFS para contar n\u00fameros entre 10 e 25.<\/p><ol><li> Primeiro, insira \u201c=COUNTIS(\u201d na c\u00e9lula C1. <br><img loading=\"lazy\" decoding=\"async\" title=\"Fun\u00e7\u00e3o 2 contagens de uso\" src=\"https:\/\/exceladvisor.org\/wp-content\/uploads\/2023\/08\/2-utiliser-la-fonction-countifs.png\" sizes=\"auto, \" srcset=\"\" alt=\"use-countifs-function\" width=\"530\" height=\"193\"><\/li><li> Depois disso, consulte o intervalo a partir do qual deseja contar os valores. <br><img loading=\"lazy\" decoding=\"async\" title=\"3-consulte-um-intervalo\" src=\"https:\/\/exceladvisor.org\/wp-content\/uploads\/2023\/08\/3-font-reference-a-une-gamme.png\" sizes=\"auto, \" srcset=\"\" alt=\"refer-to-a-range\" width=\"483\" height=\"273\"><\/li><li> Ent\u00e3o voc\u00ea precisa especificar o n\u00famero superior usando o sinal superior e de igual. <br><img loading=\"lazy\" decoding=\"async\" title=\"4-especifique o n\u00famero superior\" src=\"https:\/\/exceladvisor.org\/wp-content\/uploads\/2023\/08\/4-specifiez-le-chiffre-superieur.png\" sizes=\"auto, \" srcset=\"\" alt=\"specify-the-upper-number\" width=\"574\" height=\"267\"><\/li><li> A partir daqui, novamente, voc\u00ea precisa consultar o intervalo de n\u00fameros nos crit\u00e9rios2. <br><img loading=\"lazy\" decoding=\"async\" title=\"5-consulte o intervalo\" src=\"https:\/\/exceladvisor.org\/wp-content\/uploads\/2023\/08\/5-se-referer-a-la-gamme.png\" sizes=\"auto, \" srcset=\"\" alt=\"refer-to-the-range\" width=\"653\" height=\"284\"><\/li><li> No final, use os sinais de menor e de igual para especificar um n\u00famero menor que 10 no intervalo de contagem. <br><img loading=\"lazy\" decoding=\"async\" title=\"6-especifique o n\u00famero abaixo\" src=\"https:\/\/exceladvisor.org\/wp-content\/uploads\/2023\/08\/6-precisez-le-nombre-ci-dessous.png\" sizes=\"auto, \" srcset=\"\" alt=\"specify-the-number-below\" width=\"560\" height=\"260\"><\/li><\/ol><pre class=\"wp-block-code\"> <code class=\"language-excel-formula\" lang=\"excel-formula\">=COUNTIFS(B2:B26,\"&lt;=25\",B2:B26,\"&gt;=10\")<\/code><\/pre><p> COUNTIFS pode pegar v\u00e1rios crit\u00e9rios e contar valores com base neles, e para entender essa f\u00f3rmula precisamos dividi-la em duas partes. <\/p><div class=\"wp-block-image\"><figure class=\"aligncenter size-full is-resized\"><img loading=\"lazy\" decoding=\"async\" class=\"wp-image-63814\" src=\"https:\/\/exceladvisor.org\/wp-content\/uploads\/2023\/08\/7-diviser-la-fonction-countifs.png\" sizes=\"auto, \" srcset=\"\" alt=\"fun\u00e7\u00e3o dividir os contadores\" width=\"614\" height=\"177\"><\/figure><\/div><ol type=\"1\"><li> Primeiro, voc\u00ea especifica o intervalo a partir do qual deseja contar os n\u00fameros e o n\u00famero superior usando os sinais de maior e de igual.<\/li><li> Depois disso, voc\u00ea especificou o n\u00famero inferior e o intervalo num\u00e9rico. <\/li><\/ol><div class=\"gb-container gb-container-1b09ec6c gb-container-sample-file\"><h2 class=\"gb-headline gb-headline-176a8592 gb-headline-text gb-headline-4f7959c2\"> Obtenha o arquivo Excel<\/h2> <a class=\"gb-button gb-button-c9e1c226 gb-button-text gb-button-button1\" href=\"https:\/\/exceladvisor.org\/wp-content\/uploads\/2023\/08\/compter-entre-deux-nombres-2.xlsx\" rel=\"nofollow\">Download<\/a><\/div><h2 id=\"using-sumproduct-to-count-cells-between-two-numbers\" class=\"wp-block-heading\"> Usando SUMPRODUCT para contar c\u00e9lulas entre dois n\u00fameros<\/h2><p> Voc\u00ea tamb\u00e9m pode usar a fun\u00e7\u00e3o SUMPRODUCT para contar o n\u00famero de c\u00e9lulas entre dois n\u00fameros. Nesta f\u00f3rmula precisamos usar a fun\u00e7\u00e3o INT com SUMPRODUCT. Veja a f\u00f3rmula abaixo: <\/p><pre class=\"wp-block-code\"> <code class=\"language-excel-formula\" lang=\"excel-formula\">=SUMPRODUCT(INT(B2:B26&gt;=10), INT(B2:B26&lt;=25))<\/code><\/pre><div class=\"wp-block-image\"><figure class=\"aligncenter size-full is-resized\"><img loading=\"lazy\" decoding=\"async\" class=\"wp-image-63815\" src=\"https:\/\/exceladvisor.org\/wp-content\/uploads\/2023\/08\/8-sumproduct-pour-compter-les-cellules.png\" sizes=\"auto, \" srcset=\"\" alt=\"somaproduto para contagem de c\u00e9lulas\" width=\"571\" height=\"264\"><\/figure><\/div><p> <strong>Para entender a f\u00f3rmula, precisamos dividi-la:<\/strong><\/p><p> Na primeira fun\u00e7\u00e3o INT, usamos o intervalo de c\u00e9lulas a partir do qual queremos contar os n\u00fameros. E sinais &gt;= para se referir apenas a n\u00fameros maiores ou iguais a 10. E retorna uma matriz mostrando todos os n\u00fameros maiores que 10 usando 1. <\/p><div class=\"wp-block-image\"><figure class=\"aligncenter size-full is-resized\"><img loading=\"lazy\" decoding=\"async\" class=\"wp-image-63816\" src=\"https:\/\/exceladvisor.org\/wp-content\/uploads\/2023\/08\/9-formule-de-produit-de-somme-divisee.png\" sizes=\"auto, \" srcset=\"\" alt=\"f\u00f3rmula de produto de soma fracion\u00e1ria\" width=\"577\" height=\"280\"><\/figure><\/div><p> E na segunda fun\u00e7\u00e3o INT voc\u00ea tem novamente o mesmo intervalo que considera n\u00fameros menores e iguais a 25. <\/p><div class=\"wp-block-image\"><figure class=\"aligncenter size-full is-resized\"><img loading=\"lazy\" decoding=\"async\" class=\"wp-image-63817\" src=\"https:\/\/exceladvisor.org\/wp-content\/uploads\/2023\/08\/10-sumproduct-avec-differents-tableaux.png\" sizes=\"auto, \" srcset=\"\" alt=\"somaproduto com matrizes diferentes\" width=\"593\" height=\"299\"><\/figure><\/div><p> Com as duas fun\u00e7\u00f5es INT voc\u00ea tem dois arrays diferentes. No primeiro, voc\u00ea tem 1 para cada n\u00famero maior ou igual a 10, e no segundo, 1 para valores menores ou iguais a 25. <\/p><div class=\"wp-block-image\"><figure class=\"aligncenter size-full is-resized\"><img loading=\"lazy\" decoding=\"async\" class=\"wp-image-63818\" src=\"https:\/\/exceladvisor.org\/wp-content\/uploads\/2023\/08\/11-int-avec-deux-tableaux-differents.png\" sizes=\"auto, \" srcset=\"\" alt=\"int-com-duas-matrizes-diferentes\" width=\"633\" height=\"84\"><\/figure><\/div><p> No final,<\/p><ul><li> SUMPRODUCT multiplica cada valor da primeira matriz pelo valor da segunda matriz e voc\u00ea obter\u00e1 uma matriz de valores que representa n\u00fameros entre 10 e 25.<\/li><li> E depois retorne a soma desses valores do array. <\/li><\/ul><div class=\"gb-container gb-container-6d5b6d9c gb-container-sample-file\"><h2 class=\"gb-headline gb-headline-acbdb120 gb-headline-text gb-headline-4f7959c2\"> Obtenha o arquivo Excel<\/h2> <a class=\"gb-button gb-button-b1d8e62f gb-button-text gb-button-button1\" href=\"https:\/\/exceladvisor.org\/wp-content\/uploads\/2023\/08\/compter-entre-deux-nombres-2.xlsx\" rel=\"nofollow\">Download<\/a><\/div><div class=\"gb-container gb-container-0df56012 gb-container-mt\"> <a class=\"gb-button gb-button-f9f432f4 gb-button-text gb-button-mt-button\" href=\"https:\/\/exceladvisor.org\/pt\/formulas\/\">Lista de f\u00f3rmulas do Excel<\/a><h2 class=\"gb-headline gb-headline-233444e8 gb-headline-text gb-headline-mt-heading\"> F\u00f3rmulas relacionadas <\/h2><div class=\"gb-grid-wrapper gb-grid-wrapper-a16fa65c gb-grid-wrapper-mt-grid\"><div class=\"gb-grid-column gb-grid-column-50d07e0d\"><div class=\"gb-container gb-container-50d07e0d\"><ul><li> <a href=\"https:\/\/exceladvisor.org\/pt\/numero-de-celulas-vazias\/\">Conte c\u00e9lulas em branco (em branco) usando CONT.SE no Excel<\/a><\/li><li> <a href=\"https:\/\/exceladvisor.org\/pt\/conte-se-for-menor-que\/\">Contar c\u00e9lulas menores que um valor espec\u00edfico (CONT.SE) no Excel<\/a><\/li><li> <a href=\"https:\/\/exceladvisor.org\/pt\/contar-celulas-diferentes-de\/\">Contar c\u00e9lulas diferentes do Excel (COUNTIF)<\/a><\/li><li> <a href=\"https:\/\/exceladvisor.org\/pt\/contar-celulas-nao-vazias\/\">Contar c\u00e9lulas que n\u00e3o est\u00e3o vazias no Excel<\/a><\/li><li> <a href=\"https:\/\/exceladvisor.org\/pt\/conta-maior-que-zero\/\">Contagem maior que 0 (CONT.SE) no Excel<\/a> <\/li><\/ul><\/div><\/div><div class=\"gb-grid-column gb-grid-column-5b4a0cf9\"><div class=\"gb-container gb-container-5b4a0cf9\"><\/div><\/div><\/div><\/div>","protected":false},"excerpt":{"rendered":"","protected":false},"author":1,"featured_media":0,"parent":0,"menu_order":0,"comment_status":"open","ping_status":"closed","template":"","meta":{"ub_ctt_via":"","footnotes":""},"class_list":["post-140","page","type-page","status-publish","hentry"],"featured_image_src":null,"yoast_head":"<!-- This site is optimized with the Yoast SEO plugin v25.4 - https:\/\/yoast.com\/wordpress\/plugins\/seo\/ -->\n<title>Como contar entre dois n\u00fameros? (M\u00e9todos 2023)<\/title>\n<meta name=\"description\" content=\"Neste tutorial de f\u00f3rmulas, voc\u00ea aprender\u00e1 como contar os valores entre dois n\u00fameros usando a fun\u00e7\u00e3o COUNTIFS do Excel.\" \/>\n<meta name=\"robots\" content=\"index, follow, max-snippet:-1, max-image-preview:large, max-video-preview:-1\" \/>\n<link rel=\"canonical\" href=\"https:\/\/exceladvisor.org\/pt\/contar-entre-dois-numeros\/\" \/>\n<meta property=\"og:locale\" content=\"pt_PT\" \/>\n<meta property=\"og:type\" content=\"article\" \/>\n<meta property=\"og:title\" content=\"Como contar entre dois n\u00fameros? (M\u00e9todos 2023)\" \/>\n<meta property=\"og:description\" content=\"Neste tutorial de f\u00f3rmulas, voc\u00ea aprender\u00e1 como contar os valores entre dois n\u00fameros usando a fun\u00e7\u00e3o COUNTIFS do Excel.\" \/>\n<meta property=\"og:url\" content=\"https:\/\/exceladvisor.org\/pt\/contar-entre-dois-numeros\/\" \/>\n<meta property=\"og:site_name\" content=\"Excel Advisor\" \/>\n<meta property=\"article:modified_time\" content=\"2023-12-06T11:35:37+00:00\" \/>\n<meta property=\"og:image\" content=\"https:\/\/exceladvisor.org\/wp-content\/uploads\/2023\/08\/1-liste-de-noms-et-dage.png\" \/>\n<meta name=\"twitter:card\" content=\"summary_large_image\" \/>\n<meta name=\"twitter:label1\" content=\"Tempo estimado de leitura\" \/>\n\t<meta name=\"twitter:data1\" content=\"3 minutos\" \/>\n<script type=\"application\/ld+json\" class=\"yoast-schema-graph\">{\"@context\":\"https:\/\/schema.org\",\"@graph\":[{\"@type\":\"WebPage\",\"@id\":\"https:\/\/exceladvisor.org\/pt\/contar-entre-dois-numeros\/\",\"url\":\"https:\/\/exceladvisor.org\/pt\/contar-entre-dois-numeros\/\",\"name\":\"Como contar entre dois n\u00fameros? (M\u00e9todos 2023)\",\"isPartOf\":{\"@id\":\"https:\/\/exceladvisor.org\/pt\/#website\"},\"primaryImageOfPage\":{\"@id\":\"https:\/\/exceladvisor.org\/pt\/contar-entre-dois-numeros\/#primaryimage\"},\"image\":{\"@id\":\"https:\/\/exceladvisor.org\/pt\/contar-entre-dois-numeros\/#primaryimage\"},\"thumbnailUrl\":\"https:\/\/exceladvisor.org\/wp-content\/uploads\/2023\/08\/1-liste-de-noms-et-dage.png\",\"datePublished\":\"2023-11-15T10:51:02+00:00\",\"dateModified\":\"2023-12-06T11:35:37+00:00\",\"description\":\"Neste tutorial de f\u00f3rmulas, voc\u00ea aprender\u00e1 como contar os valores entre dois n\u00fameros usando a fun\u00e7\u00e3o COUNTIFS do Excel.\",\"breadcrumb\":{\"@id\":\"https:\/\/exceladvisor.org\/pt\/contar-entre-dois-numeros\/#breadcrumb\"},\"inLanguage\":\"pt-PT\",\"potentialAction\":[{\"@type\":\"ReadAction\",\"target\":[\"https:\/\/exceladvisor.org\/pt\/contar-entre-dois-numeros\/\"]}]},{\"@type\":\"ImageObject\",\"inLanguage\":\"pt-PT\",\"@id\":\"https:\/\/exceladvisor.org\/pt\/contar-entre-dois-numeros\/#primaryimage\",\"url\":\"https:\/\/exceladvisor.org\/wp-content\/uploads\/2023\/08\/1-liste-de-noms-et-dage.png\",\"contentUrl\":\"https:\/\/exceladvisor.org\/wp-content\/uploads\/2023\/08\/1-liste-de-noms-et-dage.png\"},{\"@type\":\"BreadcrumbList\",\"@id\":\"https:\/\/exceladvisor.org\/pt\/contar-entre-dois-numeros\/#breadcrumb\",\"itemListElement\":[{\"@type\":\"ListItem\",\"position\":1,\"name\":\"Lar\",\"item\":\"https:\/\/exceladvisor.org\/pt\/\"},{\"@type\":\"ListItem\",\"position\":2,\"name\":\"Como contar entre dois n\u00fameros?\"}]},{\"@type\":\"WebSite\",\"@id\":\"https:\/\/exceladvisor.org\/pt\/#website\",\"url\":\"https:\/\/exceladvisor.org\/pt\/\",\"name\":\"Excel Advisor\",\"description\":\"O seu guia definitivo para dominar os dados!\",\"publisher\":{\"@id\":\"https:\/\/exceladvisor.org\/pt\/#organization\"},\"potentialAction\":[{\"@type\":\"SearchAction\",\"target\":{\"@type\":\"EntryPoint\",\"urlTemplate\":\"https:\/\/exceladvisor.org\/pt\/?s={search_term_string}\"},\"query-input\":{\"@type\":\"PropertyValueSpecification\",\"valueRequired\":true,\"valueName\":\"search_term_string\"}}],\"inLanguage\":\"pt-PT\"},{\"@type\":\"Organization\",\"@id\":\"https:\/\/exceladvisor.org\/pt\/#organization\",\"name\":\"Excel Advisor\",\"url\":\"https:\/\/exceladvisor.org\/pt\/\",\"logo\":{\"@type\":\"ImageObject\",\"inLanguage\":\"pt-PT\",\"@id\":\"https:\/\/exceladvisor.org\/pt\/#\/schema\/logo\/image\/\",\"url\":\"https:\/\/exceladvisor.org\/pt\/wp-content\/uploads\/2023\/12\/exceladvisor.org_.png\",\"contentUrl\":\"https:\/\/exceladvisor.org\/pt\/wp-content\/uploads\/2023\/12\/exceladvisor.org_.png\",\"width\":105,\"height\":36,\"caption\":\"Excel Advisor\"},\"image\":{\"@id\":\"https:\/\/exceladvisor.org\/pt\/#\/schema\/logo\/image\/\"}}]}<\/script>\n<!-- \/ Yoast SEO plugin. -->","yoast_head_json":{"title":"Como contar entre dois n\u00fameros? (M\u00e9todos 2023)","description":"Neste tutorial de f\u00f3rmulas, voc\u00ea aprender\u00e1 como contar os valores entre dois n\u00fameros usando a fun\u00e7\u00e3o COUNTIFS do Excel.","robots":{"index":"index","follow":"follow","max-snippet":"max-snippet:-1","max-image-preview":"max-image-preview:large","max-video-preview":"max-video-preview:-1"},"canonical":"https:\/\/exceladvisor.org\/pt\/contar-entre-dois-numeros\/","og_locale":"pt_PT","og_type":"article","og_title":"Como contar entre dois n\u00fameros? (M\u00e9todos 2023)","og_description":"Neste tutorial de f\u00f3rmulas, voc\u00ea aprender\u00e1 como contar os valores entre dois n\u00fameros usando a fun\u00e7\u00e3o COUNTIFS do Excel.","og_url":"https:\/\/exceladvisor.org\/pt\/contar-entre-dois-numeros\/","og_site_name":"Excel Advisor","article_modified_time":"2023-12-06T11:35:37+00:00","og_image":[{"url":"https:\/\/exceladvisor.org\/wp-content\/uploads\/2023\/08\/1-liste-de-noms-et-dage.png","type":"","width":"","height":""}],"twitter_card":"summary_large_image","twitter_misc":{"Tempo estimado de leitura":"3 minutos"},"schema":{"@context":"https:\/\/schema.org","@graph":[{"@type":"WebPage","@id":"https:\/\/exceladvisor.org\/pt\/contar-entre-dois-numeros\/","url":"https:\/\/exceladvisor.org\/pt\/contar-entre-dois-numeros\/","name":"Como contar entre dois n\u00fameros? (M\u00e9todos 2023)","isPartOf":{"@id":"https:\/\/exceladvisor.org\/pt\/#website"},"primaryImageOfPage":{"@id":"https:\/\/exceladvisor.org\/pt\/contar-entre-dois-numeros\/#primaryimage"},"image":{"@id":"https:\/\/exceladvisor.org\/pt\/contar-entre-dois-numeros\/#primaryimage"},"thumbnailUrl":"https:\/\/exceladvisor.org\/wp-content\/uploads\/2023\/08\/1-liste-de-noms-et-dage.png","datePublished":"2023-11-15T10:51:02+00:00","dateModified":"2023-12-06T11:35:37+00:00","description":"Neste tutorial de f\u00f3rmulas, voc\u00ea aprender\u00e1 como contar os valores entre dois n\u00fameros usando a fun\u00e7\u00e3o COUNTIFS do Excel.","breadcrumb":{"@id":"https:\/\/exceladvisor.org\/pt\/contar-entre-dois-numeros\/#breadcrumb"},"inLanguage":"pt-PT","potentialAction":[{"@type":"ReadAction","target":["https:\/\/exceladvisor.org\/pt\/contar-entre-dois-numeros\/"]}]},{"@type":"ImageObject","inLanguage":"pt-PT","@id":"https:\/\/exceladvisor.org\/pt\/contar-entre-dois-numeros\/#primaryimage","url":"https:\/\/exceladvisor.org\/wp-content\/uploads\/2023\/08\/1-liste-de-noms-et-dage.png","contentUrl":"https:\/\/exceladvisor.org\/wp-content\/uploads\/2023\/08\/1-liste-de-noms-et-dage.png"},{"@type":"BreadcrumbList","@id":"https:\/\/exceladvisor.org\/pt\/contar-entre-dois-numeros\/#breadcrumb","itemListElement":[{"@type":"ListItem","position":1,"name":"Lar","item":"https:\/\/exceladvisor.org\/pt\/"},{"@type":"ListItem","position":2,"name":"Como contar entre dois n\u00fameros?"}]},{"@type":"WebSite","@id":"https:\/\/exceladvisor.org\/pt\/#website","url":"https:\/\/exceladvisor.org\/pt\/","name":"Excel Advisor","description":"O seu guia definitivo para dominar os dados!","publisher":{"@id":"https:\/\/exceladvisor.org\/pt\/#organization"},"potentialAction":[{"@type":"SearchAction","target":{"@type":"EntryPoint","urlTemplate":"https:\/\/exceladvisor.org\/pt\/?s={search_term_string}"},"query-input":{"@type":"PropertyValueSpecification","valueRequired":true,"valueName":"search_term_string"}}],"inLanguage":"pt-PT"},{"@type":"Organization","@id":"https:\/\/exceladvisor.org\/pt\/#organization","name":"Excel Advisor","url":"https:\/\/exceladvisor.org\/pt\/","logo":{"@type":"ImageObject","inLanguage":"pt-PT","@id":"https:\/\/exceladvisor.org\/pt\/#\/schema\/logo\/image\/","url":"https:\/\/exceladvisor.org\/pt\/wp-content\/uploads\/2023\/12\/exceladvisor.org_.png","contentUrl":"https:\/\/exceladvisor.org\/pt\/wp-content\/uploads\/2023\/12\/exceladvisor.org_.png","width":105,"height":36,"caption":"Excel Advisor"},"image":{"@id":"https:\/\/exceladvisor.org\/pt\/#\/schema\/logo\/image\/"}}]}},"yoast_meta":{"yoast_wpseo_title":"","yoast_wpseo_metadesc":"","yoast_wpseo_canonical":""},"_links":{"self":[{"href":"https:\/\/exceladvisor.org\/pt\/wp-json\/wp\/v2\/pages\/140","targetHints":{"allow":["GET"]}}],"collection":[{"href":"https:\/\/exceladvisor.org\/pt\/wp-json\/wp\/v2\/pages"}],"about":[{"href":"https:\/\/exceladvisor.org\/pt\/wp-json\/wp\/v2\/types\/page"}],"author":[{"embeddable":true,"href":"https:\/\/exceladvisor.org\/pt\/wp-json\/wp\/v2\/users\/1"}],"replies":[{"embeddable":true,"href":"https:\/\/exceladvisor.org\/pt\/wp-json\/wp\/v2\/comments?post=140"}],"version-history":[{"count":1,"href":"https:\/\/exceladvisor.org\/pt\/wp-json\/wp\/v2\/pages\/140\/revisions"}],"predecessor-version":[{"id":922,"href":"https:\/\/exceladvisor.org\/pt\/wp-json\/wp\/v2\/pages\/140\/revisions\/922"}],"wp:attachment":[{"href":"https:\/\/exceladvisor.org\/pt\/wp-json\/wp\/v2\/media?parent=140"}],"curies":[{"name":"wp","href":"https:\/\/api.w.org\/{rel}","templated":true}]}}