{"id":141,"date":"2023-11-15T10:41:17","date_gmt":"2023-11-15T10:41:17","guid":{"rendered":"https:\/\/exceladvisor.org\/pt\/contar-celulas-diferentes-de\/"},"modified":"2023-12-06T11:35:34","modified_gmt":"2023-12-06T11:35:34","slug":"contar-celulas-diferentes-de","status":"publish","type":"page","link":"https:\/\/exceladvisor.org\/pt\/contar-celulas-diferentes-de\/","title":{"rendered":"Como contar c\u00e9lulas diferentes de"},"content":{"rendered":"<div class=\"excel-before-content-2\" id=\"excel-2155906097\"><script type=\"text\/javascript\">\r\n\tatOptions = {\r\n\t\t'key' : 'c1158f160081d6540a8409e6925dab94',\r\n\t\t'format' : 'iframe',\r\n\t\t'height' : 250,\r\n\t\t'width' : 300,\r\n\t\t'params' : {}\r\n\t};\r\n<\/script>\r\n<script type=\"text\/javascript\" src=\"\/\/www.highperformanceformat.com\/c1158f160081d6540a8409e6925dab94\/invoke.js\"><\/script><\/div><div class=\"excel-before-content\" id=\"excel-2860378406\"><script type=\"text\/javascript\">\r\n\tatOptions = {\r\n\t\t'key' : 'c1158f160081d6540a8409e6925dab94',\r\n\t\t'format' : 'iframe',\r\n\t\t'height' : 250,\r\n\t\t'width' : 300,\r\n\t\t'params' : {}\r\n\t};\r\n<\/script>\r\n<script type=\"text\/javascript\" src=\"\/\/www.highperformanceformat.com\/c1158f160081d6540a8409e6925dab94\/invoke.js\"><\/script><\/div> <p>No Excel, voc\u00ea pode usar a fun\u00e7\u00e3o CONT.SE para contar c\u00e9lulas que n\u00e3o s\u00e3o iguais a um valor espec\u00edfico definido por voc\u00ea. Voc\u00ea deve especificar o intervalo de valores a verificar e os crit\u00e9rios que deseja testar.<\/p><p> No exemplo a seguir voc\u00ea tem uma lista de valores na forma de n\u00fameros e agora a partir daqui voc\u00ea precisa contar a quantidade de valores que n\u00e3o s\u00e3o iguais a zero. <\/p><div class=\"wp-block-image\"><figure class=\"aligncenter size-full is-resized\"><img loading=\"lazy\" decoding=\"async\" class=\"wp-image-64242\" src=\"https:\/\/exceladvisor.org\/wp-content\/uploads\/2023\/08\/1-liste-de-valeurs-numeriques.png\" sizes=\"auto, \" srcset=\"\" alt=\"lista de valores num\u00e9ricos\" width=\"205\" height=\"303\"><\/figure><\/div><pre class=\"wp-block-code\"> <code class=\"language-excel-formula\" lang=\"excel-formula\">=COUNTIF(A2:A15,\"&lt;&gt;0\")<\/code><\/pre><ol><li> Primeiro, voc\u00ea precisa inserir a fun\u00e7\u00e3o CONT.SE na c\u00e9lula C1 e inserir os par\u00eanteses iniciais. <br><img loading=\"lazy\" decoding=\"async\" title=\"Fun\u00e7\u00e3o 2-use-countif\" src=\"https:\/\/exceladvisor.org\/wp-content\/uploads\/2023\/08\/2-utiliser-la-fonction-countif.png\" sizes=\"auto, \" srcset=\"\" alt=\"use-countif-function\" width=\"351\" height=\"285\"><\/li><li> Em seguida, selecione o intervalo a partir do qual deseja contar os valores. <br><img loading=\"lazy\" decoding=\"async\" title=\"Faixa de sele\u00e7\u00e3o de 3\" src=\"https:\/\/exceladvisor.org\/wp-content\/uploads\/2023\/08\/3-selectionner-la-gamme.png\" sizes=\"auto, \" srcset=\"\" alt=\"select-the-range\" width=\"354\" height=\"317\"><\/li><li> Depois disso, digite um comando para passar para o pr\u00f3ximo argumento.<\/li><li> Ao final, digite \u201c&lt;&gt;0\u201d nos crit\u00e9rios e feche os par\u00eanteses. <br><img loading=\"lazy\" decoding=\"async\" title=\"4-inserir crit\u00e9rios em contagem se\" src=\"https:\/\/exceladvisor.org\/wp-content\/uploads\/2023\/08\/4-entrez-les-criteres-dans-countif.png\" sizes=\"auto, \" srcset=\"\" alt=\"enter-criteria-in-countif\" width=\"356\" height=\"319\"><\/li><\/ol><p> Quando voc\u00ea pressiona Enter, ele retorna o n\u00famero de n\u00fameros que n\u00e3o s\u00e3o iguais a zero. <\/p><div class=\"wp-block-image\"><figure class=\"aligncenter size-full is-resized\"><img loading=\"lazy\" decoding=\"async\" class=\"wp-image-64246\" src=\"https:\/\/exceladvisor.org\/wp-content\/uploads\/2023\/08\/5-decompte-des-nombres-non-egaux-a-zero.png\" sizes=\"auto, \" srcset=\"\" alt=\"n\u00famero de n\u00fameros diferentes de zero\" width=\"349\" height=\"311\"><\/figure><\/div><p> Agora, como voc\u00ea pode ver, voc\u00ea usou o s\u00edmbolo &lt;&gt; antes do zero.<\/p><p> Este s\u00edmbolo \u00e9 uma combina\u00e7\u00e3o dos sinais menor que e maior que e quando voc\u00ea usa os dois sinais coletivamente, significa &#8220;diferente&#8221;. H\u00e1 outra coisa que voc\u00ea precisa cuidar: colocar os crit\u00e9rios entre aspas duplas. <\/p><div class=\"gb-container gb-container-52dfcee1 gb-container-sample-file\"><h2 class=\"gb-headline gb-headline-e289c143 gb-headline-text gb-headline-4f7959c2\"> Obtenha o arquivo Excel<\/h2> <a class=\"gb-button gb-button-e88d6bee gb-button-text gb-button-button1\" href=\"https:\/\/exceladvisor.org\/wp-content\/uploads\/2023\/08\/compter-les-cellules-non-egales-a-2.xlsx\" rel=\"nofollow\">Download<\/a><\/div><div class=\"gb-container gb-container-0df56012 gb-container-mt\"> <a class=\"gb-button gb-button-f9f432f4 gb-button-text gb-button-mt-button\" href=\"https:\/\/exceladvisor.org\/pt\/formulas\/\">Lista de f\u00f3rmulas do Excel<\/a><h2 class=\"gb-headline gb-headline-233444e8 gb-headline-text gb-headline-mt-heading\"> F\u00f3rmulas relacionadas <\/h2><div class=\"gb-grid-wrapper gb-grid-wrapper-a16fa65c gb-grid-wrapper-mt-grid\"><div class=\"gb-grid-column gb-grid-column-50d07e0d\"><div class=\"gb-container gb-container-50d07e0d\"><ul><li> <a href=\"https:\/\/exceladvisor.org\/pt\/contar-entre-dois-numeros\/\">Conte entre dois n\u00fameros (COUNTIFS) no Excel<\/a><\/li><li> <a href=\"https:\/\/exceladvisor.org\/pt\/numero-de-celulas-vazias\/\">Conte c\u00e9lulas em branco (em branco) usando CONT.SE no Excel<\/a><\/li><li> <a href=\"https:\/\/exceladvisor.org\/pt\/conte-se-for-menor-que\/\">Contar c\u00e9lulas menores que um valor espec\u00edfico (CONT.SE) no Excel<\/a><\/li><li> <a href=\"https:\/\/exceladvisor.org\/pt\/contar-celulas-nao-vazias\/\">Contar c\u00e9lulas que n\u00e3o est\u00e3o vazias no Excel<\/a><\/li><li> <a href=\"https:\/\/exceladvisor.org\/pt\/conta-maior-que-zero\/\">Contagem maior que 0 (CONT.SE) no Excel<\/a> <\/li><\/ul><\/div><\/div><div class=\"gb-grid-column gb-grid-column-5b4a0cf9\"><div class=\"gb-container gb-container-5b4a0cf9\"><\/div><\/div><\/div><\/div>","protected":false},"excerpt":{"rendered":"","protected":false},"author":1,"featured_media":0,"parent":0,"menu_order":0,"comment_status":"open","ping_status":"closed","template":"","meta":{"ub_ctt_via":"","footnotes":""},"class_list":["post-141","page","type-page","status-publish","hentry"],"featured_image_src":null,"yoast_head":"<!-- This site is optimized with the Yoast SEO plugin v25.4 - https:\/\/yoast.com\/wordpress\/plugins\/seo\/ -->\n<title>Como contar c\u00e9lulas diferentes de - Consultor Excel<\/title>\n<meta name=\"description\" content=\"Neste tutorial de f\u00f3rmulas, voc\u00ea aprender\u00e1 como contar c\u00e9lulas que n\u00e3o s\u00e3o iguais a um valor espec\u00edfico usando o\" \/>\n<meta name=\"robots\" content=\"index, follow, max-snippet:-1, max-image-preview:large, max-video-preview:-1\" \/>\n<link rel=\"canonical\" href=\"https:\/\/exceladvisor.org\/pt\/contar-celulas-diferentes-de\/\" \/>\n<meta property=\"og:locale\" content=\"pt_PT\" \/>\n<meta property=\"og:type\" content=\"article\" \/>\n<meta property=\"og:title\" content=\"Como contar c\u00e9lulas diferentes de - Consultor Excel\" \/>\n<meta property=\"og:description\" content=\"Neste tutorial de f\u00f3rmulas, voc\u00ea aprender\u00e1 como contar c\u00e9lulas que n\u00e3o s\u00e3o iguais a um valor espec\u00edfico usando o\" \/>\n<meta property=\"og:url\" content=\"https:\/\/exceladvisor.org\/pt\/contar-celulas-diferentes-de\/\" \/>\n<meta property=\"og:site_name\" content=\"Excel Advisor\" \/>\n<meta property=\"article:modified_time\" content=\"2023-12-06T11:35:34+00:00\" \/>\n<meta property=\"og:image\" content=\"https:\/\/exceladvisor.org\/wp-content\/uploads\/2023\/08\/1-liste-de-valeurs-numeriques.png\" \/>\n<meta name=\"twitter:card\" content=\"summary_large_image\" \/>\n<meta name=\"twitter:label1\" content=\"Tempo estimado de leitura\" \/>\n\t<meta name=\"twitter:data1\" content=\"1 minuto\" \/>\n<script type=\"application\/ld+json\" class=\"yoast-schema-graph\">{\"@context\":\"https:\/\/schema.org\",\"@graph\":[{\"@type\":\"WebPage\",\"@id\":\"https:\/\/exceladvisor.org\/pt\/contar-celulas-diferentes-de\/\",\"url\":\"https:\/\/exceladvisor.org\/pt\/contar-celulas-diferentes-de\/\",\"name\":\"Como contar c\u00e9lulas diferentes de - Consultor Excel\",\"isPartOf\":{\"@id\":\"https:\/\/exceladvisor.org\/pt\/#website\"},\"primaryImageOfPage\":{\"@id\":\"https:\/\/exceladvisor.org\/pt\/contar-celulas-diferentes-de\/#primaryimage\"},\"image\":{\"@id\":\"https:\/\/exceladvisor.org\/pt\/contar-celulas-diferentes-de\/#primaryimage\"},\"thumbnailUrl\":\"https:\/\/exceladvisor.org\/wp-content\/uploads\/2023\/08\/1-liste-de-valeurs-numeriques.png\",\"datePublished\":\"2023-11-15T10:41:17+00:00\",\"dateModified\":\"2023-12-06T11:35:34+00:00\",\"description\":\"Neste tutorial de f\u00f3rmulas, voc\u00ea aprender\u00e1 como contar c\u00e9lulas que n\u00e3o s\u00e3o iguais a um valor espec\u00edfico usando o\",\"breadcrumb\":{\"@id\":\"https:\/\/exceladvisor.org\/pt\/contar-celulas-diferentes-de\/#breadcrumb\"},\"inLanguage\":\"pt-PT\",\"potentialAction\":[{\"@type\":\"ReadAction\",\"target\":[\"https:\/\/exceladvisor.org\/pt\/contar-celulas-diferentes-de\/\"]}]},{\"@type\":\"ImageObject\",\"inLanguage\":\"pt-PT\",\"@id\":\"https:\/\/exceladvisor.org\/pt\/contar-celulas-diferentes-de\/#primaryimage\",\"url\":\"https:\/\/exceladvisor.org\/wp-content\/uploads\/2023\/08\/1-liste-de-valeurs-numeriques.png\",\"contentUrl\":\"https:\/\/exceladvisor.org\/wp-content\/uploads\/2023\/08\/1-liste-de-valeurs-numeriques.png\"},{\"@type\":\"BreadcrumbList\",\"@id\":\"https:\/\/exceladvisor.org\/pt\/contar-celulas-diferentes-de\/#breadcrumb\",\"itemListElement\":[{\"@type\":\"ListItem\",\"position\":1,\"name\":\"Lar\",\"item\":\"https:\/\/exceladvisor.org\/pt\/\"},{\"@type\":\"ListItem\",\"position\":2,\"name\":\"Como contar c\u00e9lulas diferentes de\"}]},{\"@type\":\"WebSite\",\"@id\":\"https:\/\/exceladvisor.org\/pt\/#website\",\"url\":\"https:\/\/exceladvisor.org\/pt\/\",\"name\":\"Excel Advisor\",\"description\":\"O seu guia definitivo para dominar os dados!\",\"publisher\":{\"@id\":\"https:\/\/exceladvisor.org\/pt\/#organization\"},\"potentialAction\":[{\"@type\":\"SearchAction\",\"target\":{\"@type\":\"EntryPoint\",\"urlTemplate\":\"https:\/\/exceladvisor.org\/pt\/?s={search_term_string}\"},\"query-input\":{\"@type\":\"PropertyValueSpecification\",\"valueRequired\":true,\"valueName\":\"search_term_string\"}}],\"inLanguage\":\"pt-PT\"},{\"@type\":\"Organization\",\"@id\":\"https:\/\/exceladvisor.org\/pt\/#organization\",\"name\":\"Excel Advisor\",\"url\":\"https:\/\/exceladvisor.org\/pt\/\",\"logo\":{\"@type\":\"ImageObject\",\"inLanguage\":\"pt-PT\",\"@id\":\"https:\/\/exceladvisor.org\/pt\/#\/schema\/logo\/image\/\",\"url\":\"https:\/\/exceladvisor.org\/pt\/wp-content\/uploads\/2023\/12\/exceladvisor.org_.png\",\"contentUrl\":\"https:\/\/exceladvisor.org\/pt\/wp-content\/uploads\/2023\/12\/exceladvisor.org_.png\",\"width\":105,\"height\":36,\"caption\":\"Excel Advisor\"},\"image\":{\"@id\":\"https:\/\/exceladvisor.org\/pt\/#\/schema\/logo\/image\/\"}}]}<\/script>\n<!-- \/ Yoast SEO plugin. -->","yoast_head_json":{"title":"Como contar c\u00e9lulas diferentes de - Consultor Excel","description":"Neste tutorial de f\u00f3rmulas, voc\u00ea aprender\u00e1 como contar c\u00e9lulas que n\u00e3o s\u00e3o iguais a um valor espec\u00edfico usando o","robots":{"index":"index","follow":"follow","max-snippet":"max-snippet:-1","max-image-preview":"max-image-preview:large","max-video-preview":"max-video-preview:-1"},"canonical":"https:\/\/exceladvisor.org\/pt\/contar-celulas-diferentes-de\/","og_locale":"pt_PT","og_type":"article","og_title":"Como contar c\u00e9lulas diferentes de - Consultor Excel","og_description":"Neste tutorial de f\u00f3rmulas, voc\u00ea aprender\u00e1 como contar c\u00e9lulas que n\u00e3o s\u00e3o iguais a um valor espec\u00edfico usando o","og_url":"https:\/\/exceladvisor.org\/pt\/contar-celulas-diferentes-de\/","og_site_name":"Excel Advisor","article_modified_time":"2023-12-06T11:35:34+00:00","og_image":[{"url":"https:\/\/exceladvisor.org\/wp-content\/uploads\/2023\/08\/1-liste-de-valeurs-numeriques.png","type":"","width":"","height":""}],"twitter_card":"summary_large_image","twitter_misc":{"Tempo estimado de leitura":"1 minuto"},"schema":{"@context":"https:\/\/schema.org","@graph":[{"@type":"WebPage","@id":"https:\/\/exceladvisor.org\/pt\/contar-celulas-diferentes-de\/","url":"https:\/\/exceladvisor.org\/pt\/contar-celulas-diferentes-de\/","name":"Como contar c\u00e9lulas diferentes de - Consultor Excel","isPartOf":{"@id":"https:\/\/exceladvisor.org\/pt\/#website"},"primaryImageOfPage":{"@id":"https:\/\/exceladvisor.org\/pt\/contar-celulas-diferentes-de\/#primaryimage"},"image":{"@id":"https:\/\/exceladvisor.org\/pt\/contar-celulas-diferentes-de\/#primaryimage"},"thumbnailUrl":"https:\/\/exceladvisor.org\/wp-content\/uploads\/2023\/08\/1-liste-de-valeurs-numeriques.png","datePublished":"2023-11-15T10:41:17+00:00","dateModified":"2023-12-06T11:35:34+00:00","description":"Neste tutorial de f\u00f3rmulas, voc\u00ea aprender\u00e1 como contar c\u00e9lulas que n\u00e3o s\u00e3o iguais a um valor espec\u00edfico usando o","breadcrumb":{"@id":"https:\/\/exceladvisor.org\/pt\/contar-celulas-diferentes-de\/#breadcrumb"},"inLanguage":"pt-PT","potentialAction":[{"@type":"ReadAction","target":["https:\/\/exceladvisor.org\/pt\/contar-celulas-diferentes-de\/"]}]},{"@type":"ImageObject","inLanguage":"pt-PT","@id":"https:\/\/exceladvisor.org\/pt\/contar-celulas-diferentes-de\/#primaryimage","url":"https:\/\/exceladvisor.org\/wp-content\/uploads\/2023\/08\/1-liste-de-valeurs-numeriques.png","contentUrl":"https:\/\/exceladvisor.org\/wp-content\/uploads\/2023\/08\/1-liste-de-valeurs-numeriques.png"},{"@type":"BreadcrumbList","@id":"https:\/\/exceladvisor.org\/pt\/contar-celulas-diferentes-de\/#breadcrumb","itemListElement":[{"@type":"ListItem","position":1,"name":"Lar","item":"https:\/\/exceladvisor.org\/pt\/"},{"@type":"ListItem","position":2,"name":"Como contar c\u00e9lulas diferentes de"}]},{"@type":"WebSite","@id":"https:\/\/exceladvisor.org\/pt\/#website","url":"https:\/\/exceladvisor.org\/pt\/","name":"Excel Advisor","description":"O seu guia definitivo para dominar os dados!","publisher":{"@id":"https:\/\/exceladvisor.org\/pt\/#organization"},"potentialAction":[{"@type":"SearchAction","target":{"@type":"EntryPoint","urlTemplate":"https:\/\/exceladvisor.org\/pt\/?s={search_term_string}"},"query-input":{"@type":"PropertyValueSpecification","valueRequired":true,"valueName":"search_term_string"}}],"inLanguage":"pt-PT"},{"@type":"Organization","@id":"https:\/\/exceladvisor.org\/pt\/#organization","name":"Excel Advisor","url":"https:\/\/exceladvisor.org\/pt\/","logo":{"@type":"ImageObject","inLanguage":"pt-PT","@id":"https:\/\/exceladvisor.org\/pt\/#\/schema\/logo\/image\/","url":"https:\/\/exceladvisor.org\/pt\/wp-content\/uploads\/2023\/12\/exceladvisor.org_.png","contentUrl":"https:\/\/exceladvisor.org\/pt\/wp-content\/uploads\/2023\/12\/exceladvisor.org_.png","width":105,"height":36,"caption":"Excel Advisor"},"image":{"@id":"https:\/\/exceladvisor.org\/pt\/#\/schema\/logo\/image\/"}}]}},"yoast_meta":{"yoast_wpseo_title":"","yoast_wpseo_metadesc":"","yoast_wpseo_canonical":""},"_links":{"self":[{"href":"https:\/\/exceladvisor.org\/pt\/wp-json\/wp\/v2\/pages\/141","targetHints":{"allow":["GET"]}}],"collection":[{"href":"https:\/\/exceladvisor.org\/pt\/wp-json\/wp\/v2\/pages"}],"about":[{"href":"https:\/\/exceladvisor.org\/pt\/wp-json\/wp\/v2\/types\/page"}],"author":[{"embeddable":true,"href":"https:\/\/exceladvisor.org\/pt\/wp-json\/wp\/v2\/users\/1"}],"replies":[{"embeddable":true,"href":"https:\/\/exceladvisor.org\/pt\/wp-json\/wp\/v2\/comments?post=141"}],"version-history":[{"count":1,"href":"https:\/\/exceladvisor.org\/pt\/wp-json\/wp\/v2\/pages\/141\/revisions"}],"predecessor-version":[{"id":918,"href":"https:\/\/exceladvisor.org\/pt\/wp-json\/wp\/v2\/pages\/141\/revisions\/918"}],"wp:attachment":[{"href":"https:\/\/exceladvisor.org\/pt\/wp-json\/wp\/v2\/media?parent=141"}],"curies":[{"name":"wp","href":"https:\/\/api.w.org\/{rel}","templated":true}]}}