{"id":142,"date":"2023-11-15T10:25:02","date_gmt":"2023-11-15T10:25:02","guid":{"rendered":"https:\/\/exceladvisor.org\/pt\/soma-4\/"},"modified":"2023-12-06T11:50:54","modified_gmt":"2023-12-06T11:50:54","slug":"soma-4","status":"publish","type":"page","link":"https:\/\/exceladvisor.org\/pt\/soma-4\/","title":{"rendered":"Fun\u00e7\u00e3o excel: somase"},"content":{"rendered":"<div class=\"excel-before-content-2\" id=\"excel-4151453732\"><script type=\"text\/javascript\">\r\n\tatOptions = {\r\n\t\t'key' : 'c1158f160081d6540a8409e6925dab94',\r\n\t\t'format' : 'iframe',\r\n\t\t'height' : 250,\r\n\t\t'width' : 300,\r\n\t\t'params' : {}\r\n\t};\r\n<\/script>\r\n<script type=\"text\/javascript\" src=\"\/\/www.highperformanceformat.com\/c1158f160081d6540a8409e6925dab94\/invoke.js\"><\/script><\/div><div class=\"excel-before-content\" id=\"excel-1094992454\"><script type=\"text\/javascript\">\r\n\tatOptions = {\r\n\t\t'key' : 'c1158f160081d6540a8409e6925dab94',\r\n\t\t'format' : 'iframe',\r\n\t\t'height' : 250,\r\n\t\t'width' : 300,\r\n\t\t'params' : {}\r\n\t};\r\n<\/script>\r\n<script type=\"text\/javascript\" src=\"\/\/www.highperformanceformat.com\/c1158f160081d6540a8409e6925dab94\/invoke.js\"><\/script><\/div> <div class=\"wp-block-group is-layout-constrained\"><div class=\"wp-block-group__inner-container\"><h2 id=\"0-intro-sumif-function\" class=\"wp-block-heading\"> Introdu\u00e7\u00e3o: fun\u00e7\u00e3o SUMIF<\/h2><p> No Excel, quando voc\u00ea usa a fun\u00e7\u00e3o SOMASE, ela retorna a soma dos valores que atendem \u00e0 condi\u00e7\u00e3o especificada. Voc\u00ea deve especificar o intervalo de c\u00e9lulas para verificar a condi\u00e7\u00e3o, depois um valor para verificar como a condi\u00e7\u00e3o e, no final, um intervalo para somar os valores. H\u00e1, portanto, tr\u00eas argumentos a especificar. <\/p><\/div><\/div><div class=\"wp-block-group is-layout-constrained\"><div class=\"wp-block-group__inner-container\"><h2 id=\"1-syntax\" class=\"wp-block-heading\"> Sintaxe<\/h2><p> SOMASE(intervalo, crit\u00e9rios, [intervalo_soma]) <\/p><\/div><\/div><div class=\"wp-block-group is-layout-constrained\"><div class=\"wp-block-group__inner-container\"><h2 id=\"2-arguments\" class=\"wp-block-heading\"> Argumentos<\/h2><ul><li> <strong>intervalo<\/strong> : um intervalo de c\u00e9lulas a partir do qual voc\u00ea deseja verificar os crit\u00e9rios.<\/li><li> <strong>crit\u00e9rios<\/strong> : um crit\u00e9rio que pode ser um n\u00famero, texto, express\u00e3o, refer\u00eancia de c\u00e9lula ou fun\u00e7\u00e3o.<\/li><li> <strong>[sum_range]<\/strong> : um intervalo de c\u00e9lulas contendo os valores que voc\u00ea deseja somar. <\/li><\/ul><\/div><\/div><div class=\"wp-block-group is-layout-constrained\"><div class=\"wp-block-group__inner-container\"><h2 id=\"3-example\" class=\"wp-block-heading\"> Exemplo<\/h2><p> No exemplo abaixo, especificamos A1:A9 como intervalo de crit\u00e9rios e B1:B9 como intervalo de soma e depois especificamos os crit\u00e9rios em A12 que tem o valor C. <\/p><div class=\"wp-block-image\"><figure class=\"aligncenter is-resized\"><img loading=\"lazy\" decoding=\"async\" class=\"wp-image-37333\" src=\"https:\/\/exceladvisor.org\/wp-content\/uploads\/2023\/08\/excel-fonction-sumif-exemple-1.png\" sizes=\"auto, \" srcset=\"\" alt=\"excel-sum-fun\u00e7\u00e3o-exemplo-1\" width=\"416\" height=\"469\"><\/figure><\/div><p> Voc\u00ea tamb\u00e9m pode inserir crit\u00e9rios diretamente na fun\u00e7\u00e3o. No exemplo abaixo, usamos um curinga asterisco para especificar um crit\u00e9rio que possui o alfabeto \u201cS\u201d. <\/p><div class=\"wp-block-image\"><figure class=\"aligncenter is-resized\"><img loading=\"lazy\" decoding=\"async\" class=\"wp-image-37334\" src=\"https:\/\/exceladvisor.org\/wp-content\/uploads\/2023\/08\/excel-fonction-sumif-exemple-2.png\" sizes=\"auto, \" srcset=\"\" alt=\"excel-sum-fun\u00e7\u00e3o-exemplo-2\" width=\"457\" height=\"488\"><\/figure><\/div><p> E, se voc\u00ea ignorar o intervalo de soma, voc\u00ea obter\u00e1 a soma do intervalo de crit\u00e9rios. Mas isso s\u00f3 ser\u00e1 poss\u00edvel se a faixa de crit\u00e9rios possuir valores num\u00e9ricos. <\/p><div class=\"wp-block-image\"><figure class=\"aligncenter is-resized\"><img loading=\"lazy\" decoding=\"async\" class=\"wp-image-37335\" src=\"https:\/\/exceladvisor.org\/wp-content\/uploads\/2023\/08\/excel-fonction-sumif-exemple-3.png\" sizes=\"auto, \" srcset=\"\" alt=\"excel-sum-fun\u00e7\u00e3o-exemplo-3\" width=\"449\" height=\"450\"><\/figure><\/div><\/div><\/div><h2 class=\"wp-block-heading\"> Arquivo de exemplo<\/h2><p> <em><a href=\"https:\/\/exceladvisor.org\/wp-content\/uploads\/2023\/08\/somme-2.xlsx\">Baixe um arquivo de amostra<\/a><\/em> <\/p><div class=\"wp-block-group main-page-bottom is-layout-flow\"><div class=\"wp-block-group__inner-container\"><h2 id=\"4-related\" class=\"wp-block-heading\"> Mais tutoriais<\/h2><ul><li> <a class=\"\" href=\"https:\/\/exceladvisor.org\/pt\/sumif-com-curingas\/\">SUMIF com curingas no Excel<\/a><\/li><li> <a class=\"\" href=\"https:\/\/exceladvisor.org\/pt\/soma-dos-valores-entre-duas-datas\/\">Soma dos valores entre duas datas no Excel<\/a><\/li><li> <a class=\"\" href=\"https:\/\/exceladvisor.org\/pt\/sumif-sumifs-ou-logica\/\">SUMIF\/SUMIFS com l\u00f3gica OR no Excel<\/a><\/li><li> <a class=\"\" href=\"https:\/\/exceladvisor.org\/pt\/sumivos-nao-sao-iguais\/\">Soma de valores diferentes (SUMIFS) no Excel<\/a><\/li><li> <a class=\"\" href=\"https:\/\/exceladvisor.org\/pt\/soma-se-for-maior-que\/\">Some valores maiores usando SUMIF no Excel<\/a><\/li><\/ul><h2 class=\"wp-block-heading\"> Fun\u00e7\u00f5es relacionadas<\/h2><ul><li> <a href=\"https:\/\/exceladvisor.org\/pt\/sumivas-2\/\">Fun\u00e7\u00e3o SOMA do Excel<\/a><\/li><li> <a href=\"https:\/\/exceladvisor.org\/pt\/somaproduto-2\/\">Fun\u00e7\u00e3o Excel SOMARPRODUTO<\/a><\/li><\/ul><\/div><\/div>","protected":false},"excerpt":{"rendered":"","protected":false},"author":1,"featured_media":0,"parent":0,"menu_order":0,"comment_status":"open","ping_status":"closed","template":"","meta":{"ub_ctt_via":"","footnotes":""},"class_list":["post-142","page","type-page","status-publish","hentry"],"featured_image_src":null,"yoast_head":"<!-- This site is optimized with the Yoast SEO plugin v25.4 - https:\/\/yoast.com\/wordpress\/plugins\/seo\/ -->\n<title>Fun\u00e7\u00e3o SUMIF no Excel (tutorial r\u00e1pido do Excel)<\/title>\n<meta name=\"description\" content=\"Este tutorial mostra como usar a fun\u00e7\u00e3o SUMIF do Excel para adicionar valores usando um crit\u00e9rio.\" \/>\n<meta name=\"robots\" content=\"index, follow, max-snippet:-1, max-image-preview:large, max-video-preview:-1\" \/>\n<link rel=\"canonical\" href=\"https:\/\/exceladvisor.org\/pt\/soma-4\/\" \/>\n<meta property=\"og:locale\" content=\"pt_PT\" \/>\n<meta property=\"og:type\" content=\"article\" \/>\n<meta property=\"og:title\" content=\"Fun\u00e7\u00e3o SUMIF no Excel (tutorial r\u00e1pido do Excel)\" \/>\n<meta property=\"og:description\" content=\"Este tutorial mostra como usar a fun\u00e7\u00e3o SUMIF do Excel para adicionar valores usando um crit\u00e9rio.\" \/>\n<meta property=\"og:url\" content=\"https:\/\/exceladvisor.org\/pt\/soma-4\/\" \/>\n<meta property=\"og:site_name\" content=\"Excel Advisor\" \/>\n<meta property=\"article:modified_time\" content=\"2023-12-06T11:50:54+00:00\" \/>\n<meta property=\"og:image\" content=\"https:\/\/exceladvisor.org\/wp-content\/uploads\/2023\/08\/excel-fonction-sumif-exemple-1.png\" \/>\n<meta name=\"twitter:card\" content=\"summary_large_image\" \/>\n<meta name=\"twitter:label1\" content=\"Tempo estimado de leitura\" \/>\n\t<meta name=\"twitter:data1\" content=\"1 minuto\" \/>\n<script type=\"application\/ld+json\" class=\"yoast-schema-graph\">{\"@context\":\"https:\/\/schema.org\",\"@graph\":[{\"@type\":\"WebPage\",\"@id\":\"https:\/\/exceladvisor.org\/pt\/soma-4\/\",\"url\":\"https:\/\/exceladvisor.org\/pt\/soma-4\/\",\"name\":\"Fun\u00e7\u00e3o SUMIF no Excel (tutorial r\u00e1pido do Excel)\",\"isPartOf\":{\"@id\":\"https:\/\/exceladvisor.org\/pt\/#website\"},\"primaryImageOfPage\":{\"@id\":\"https:\/\/exceladvisor.org\/pt\/soma-4\/#primaryimage\"},\"image\":{\"@id\":\"https:\/\/exceladvisor.org\/pt\/soma-4\/#primaryimage\"},\"thumbnailUrl\":\"https:\/\/exceladvisor.org\/wp-content\/uploads\/2023\/08\/excel-fonction-sumif-exemple-1.png\",\"datePublished\":\"2023-11-15T10:25:02+00:00\",\"dateModified\":\"2023-12-06T11:50:54+00:00\",\"description\":\"Este tutorial mostra como usar a fun\u00e7\u00e3o SUMIF do Excel para adicionar valores usando um crit\u00e9rio.\",\"breadcrumb\":{\"@id\":\"https:\/\/exceladvisor.org\/pt\/soma-4\/#breadcrumb\"},\"inLanguage\":\"pt-PT\",\"potentialAction\":[{\"@type\":\"ReadAction\",\"target\":[\"https:\/\/exceladvisor.org\/pt\/soma-4\/\"]}]},{\"@type\":\"ImageObject\",\"inLanguage\":\"pt-PT\",\"@id\":\"https:\/\/exceladvisor.org\/pt\/soma-4\/#primaryimage\",\"url\":\"https:\/\/exceladvisor.org\/wp-content\/uploads\/2023\/08\/excel-fonction-sumif-exemple-1.png\",\"contentUrl\":\"https:\/\/exceladvisor.org\/wp-content\/uploads\/2023\/08\/excel-fonction-sumif-exemple-1.png\"},{\"@type\":\"BreadcrumbList\",\"@id\":\"https:\/\/exceladvisor.org\/pt\/soma-4\/#breadcrumb\",\"itemListElement\":[{\"@type\":\"ListItem\",\"position\":1,\"name\":\"Lar\",\"item\":\"https:\/\/exceladvisor.org\/pt\/\"},{\"@type\":\"ListItem\",\"position\":2,\"name\":\"Fun\u00e7\u00e3o excel: somase\"}]},{\"@type\":\"WebSite\",\"@id\":\"https:\/\/exceladvisor.org\/pt\/#website\",\"url\":\"https:\/\/exceladvisor.org\/pt\/\",\"name\":\"Excel Advisor\",\"description\":\"O seu guia definitivo para dominar os dados!\",\"publisher\":{\"@id\":\"https:\/\/exceladvisor.org\/pt\/#organization\"},\"potentialAction\":[{\"@type\":\"SearchAction\",\"target\":{\"@type\":\"EntryPoint\",\"urlTemplate\":\"https:\/\/exceladvisor.org\/pt\/?s={search_term_string}\"},\"query-input\":{\"@type\":\"PropertyValueSpecification\",\"valueRequired\":true,\"valueName\":\"search_term_string\"}}],\"inLanguage\":\"pt-PT\"},{\"@type\":\"Organization\",\"@id\":\"https:\/\/exceladvisor.org\/pt\/#organization\",\"name\":\"Excel Advisor\",\"url\":\"https:\/\/exceladvisor.org\/pt\/\",\"logo\":{\"@type\":\"ImageObject\",\"inLanguage\":\"pt-PT\",\"@id\":\"https:\/\/exceladvisor.org\/pt\/#\/schema\/logo\/image\/\",\"url\":\"https:\/\/exceladvisor.org\/pt\/wp-content\/uploads\/2023\/12\/exceladvisor.org_.png\",\"contentUrl\":\"https:\/\/exceladvisor.org\/pt\/wp-content\/uploads\/2023\/12\/exceladvisor.org_.png\",\"width\":105,\"height\":36,\"caption\":\"Excel Advisor\"},\"image\":{\"@id\":\"https:\/\/exceladvisor.org\/pt\/#\/schema\/logo\/image\/\"}}]}<\/script>\n<!-- \/ Yoast SEO plugin. -->","yoast_head_json":{"title":"Fun\u00e7\u00e3o SUMIF no Excel (tutorial r\u00e1pido do Excel)","description":"Este tutorial mostra como usar a fun\u00e7\u00e3o SUMIF do Excel para adicionar valores usando um crit\u00e9rio.","robots":{"index":"index","follow":"follow","max-snippet":"max-snippet:-1","max-image-preview":"max-image-preview:large","max-video-preview":"max-video-preview:-1"},"canonical":"https:\/\/exceladvisor.org\/pt\/soma-4\/","og_locale":"pt_PT","og_type":"article","og_title":"Fun\u00e7\u00e3o SUMIF no Excel (tutorial r\u00e1pido do Excel)","og_description":"Este tutorial mostra como usar a fun\u00e7\u00e3o SUMIF do Excel para adicionar valores usando um crit\u00e9rio.","og_url":"https:\/\/exceladvisor.org\/pt\/soma-4\/","og_site_name":"Excel Advisor","article_modified_time":"2023-12-06T11:50:54+00:00","og_image":[{"url":"https:\/\/exceladvisor.org\/wp-content\/uploads\/2023\/08\/excel-fonction-sumif-exemple-1.png","type":"","width":"","height":""}],"twitter_card":"summary_large_image","twitter_misc":{"Tempo estimado de leitura":"1 minuto"},"schema":{"@context":"https:\/\/schema.org","@graph":[{"@type":"WebPage","@id":"https:\/\/exceladvisor.org\/pt\/soma-4\/","url":"https:\/\/exceladvisor.org\/pt\/soma-4\/","name":"Fun\u00e7\u00e3o SUMIF no Excel (tutorial r\u00e1pido do Excel)","isPartOf":{"@id":"https:\/\/exceladvisor.org\/pt\/#website"},"primaryImageOfPage":{"@id":"https:\/\/exceladvisor.org\/pt\/soma-4\/#primaryimage"},"image":{"@id":"https:\/\/exceladvisor.org\/pt\/soma-4\/#primaryimage"},"thumbnailUrl":"https:\/\/exceladvisor.org\/wp-content\/uploads\/2023\/08\/excel-fonction-sumif-exemple-1.png","datePublished":"2023-11-15T10:25:02+00:00","dateModified":"2023-12-06T11:50:54+00:00","description":"Este tutorial mostra como usar a fun\u00e7\u00e3o SUMIF do Excel para adicionar valores usando um crit\u00e9rio.","breadcrumb":{"@id":"https:\/\/exceladvisor.org\/pt\/soma-4\/#breadcrumb"},"inLanguage":"pt-PT","potentialAction":[{"@type":"ReadAction","target":["https:\/\/exceladvisor.org\/pt\/soma-4\/"]}]},{"@type":"ImageObject","inLanguage":"pt-PT","@id":"https:\/\/exceladvisor.org\/pt\/soma-4\/#primaryimage","url":"https:\/\/exceladvisor.org\/wp-content\/uploads\/2023\/08\/excel-fonction-sumif-exemple-1.png","contentUrl":"https:\/\/exceladvisor.org\/wp-content\/uploads\/2023\/08\/excel-fonction-sumif-exemple-1.png"},{"@type":"BreadcrumbList","@id":"https:\/\/exceladvisor.org\/pt\/soma-4\/#breadcrumb","itemListElement":[{"@type":"ListItem","position":1,"name":"Lar","item":"https:\/\/exceladvisor.org\/pt\/"},{"@type":"ListItem","position":2,"name":"Fun\u00e7\u00e3o excel: somase"}]},{"@type":"WebSite","@id":"https:\/\/exceladvisor.org\/pt\/#website","url":"https:\/\/exceladvisor.org\/pt\/","name":"Excel Advisor","description":"O seu guia definitivo para dominar os dados!","publisher":{"@id":"https:\/\/exceladvisor.org\/pt\/#organization"},"potentialAction":[{"@type":"SearchAction","target":{"@type":"EntryPoint","urlTemplate":"https:\/\/exceladvisor.org\/pt\/?s={search_term_string}"},"query-input":{"@type":"PropertyValueSpecification","valueRequired":true,"valueName":"search_term_string"}}],"inLanguage":"pt-PT"},{"@type":"Organization","@id":"https:\/\/exceladvisor.org\/pt\/#organization","name":"Excel Advisor","url":"https:\/\/exceladvisor.org\/pt\/","logo":{"@type":"ImageObject","inLanguage":"pt-PT","@id":"https:\/\/exceladvisor.org\/pt\/#\/schema\/logo\/image\/","url":"https:\/\/exceladvisor.org\/pt\/wp-content\/uploads\/2023\/12\/exceladvisor.org_.png","contentUrl":"https:\/\/exceladvisor.org\/pt\/wp-content\/uploads\/2023\/12\/exceladvisor.org_.png","width":105,"height":36,"caption":"Excel Advisor"},"image":{"@id":"https:\/\/exceladvisor.org\/pt\/#\/schema\/logo\/image\/"}}]}},"yoast_meta":{"yoast_wpseo_title":"","yoast_wpseo_metadesc":"","yoast_wpseo_canonical":""},"_links":{"self":[{"href":"https:\/\/exceladvisor.org\/pt\/wp-json\/wp\/v2\/pages\/142","targetHints":{"allow":["GET"]}}],"collection":[{"href":"https:\/\/exceladvisor.org\/pt\/wp-json\/wp\/v2\/pages"}],"about":[{"href":"https:\/\/exceladvisor.org\/pt\/wp-json\/wp\/v2\/types\/page"}],"author":[{"embeddable":true,"href":"https:\/\/exceladvisor.org\/pt\/wp-json\/wp\/v2\/users\/1"}],"replies":[{"embeddable":true,"href":"https:\/\/exceladvisor.org\/pt\/wp-json\/wp\/v2\/comments?post=142"}],"version-history":[{"count":1,"href":"https:\/\/exceladvisor.org\/pt\/wp-json\/wp\/v2\/pages\/142\/revisions"}],"predecessor-version":[{"id":1430,"href":"https:\/\/exceladvisor.org\/pt\/wp-json\/wp\/v2\/pages\/142\/revisions\/1430"}],"wp:attachment":[{"href":"https:\/\/exceladvisor.org\/pt\/wp-json\/wp\/v2\/media?parent=142"}],"curies":[{"name":"wp","href":"https:\/\/api.w.org\/{rel}","templated":true}]}}