{"id":144,"date":"2023-11-15T09:18:53","date_gmt":"2023-11-15T09:18:53","guid":{"rendered":"https:\/\/exceladvisor.org\/pt\/filtro-de-linha-do-tempo\/"},"modified":"2023-12-06T11:51:02","modified_gmt":"2023-12-06T11:51:02","slug":"filtro-de-linha-do-tempo","status":"publish","type":"page","link":"https:\/\/exceladvisor.org\/pt\/filtro-de-linha-do-tempo\/","title":{"rendered":"Linha do tempo da tabela din\u00e2mica"},"content":{"rendered":"<div class=\"excel-before-content-2\" id=\"excel-2019472000\"><script type=\"text\/javascript\">\r\n\tatOptions = {\r\n\t\t'key' : 'c1158f160081d6540a8409e6925dab94',\r\n\t\t'format' : 'iframe',\r\n\t\t'height' : 250,\r\n\t\t'width' : 300,\r\n\t\t'params' : {}\r\n\t};\r\n<\/script>\r\n<script type=\"text\/javascript\" src=\"\/\/www.highperformanceformat.com\/c1158f160081d6540a8409e6925dab94\/invoke.js\"><\/script><\/div><div class=\"excel-before-content\" id=\"excel-3261976188\"><script type=\"text\/javascript\">\r\n\tatOptions = {\r\n\t\t'key' : 'c1158f160081d6540a8409e6925dab94',\r\n\t\t'format' : 'iframe',\r\n\t\t'height' : 250,\r\n\t\t'width' : 300,\r\n\t\t'params' : {}\r\n\t};\r\n<\/script>\r\n<script type=\"text\/javascript\" src=\"\/\/www.highperformanceformat.com\/c1158f160081d6540a8409e6925dab94\/invoke.js\"><\/script><\/div> <p>O recurso de linha do tempo foi introduzido pela primeira vez no Excel 2013 e a boa not\u00edcia \u00e9 que voc\u00ea tamb\u00e9m pode us\u00e1-lo com uma tabela din\u00e2mica. Filtrar datas em uma tabela din\u00e2mica pode ser uma virada de jogo.<\/p><p> Porque o problema com a op\u00e7\u00e3o de filtro padr\u00e3o \u00e9 que \u00e9 muito dif\u00edcil filtrar com meses, trimestres e anos se voc\u00ea tiver datas simples.<\/p><p> Mas com um filtro de linha do tempo, voc\u00ea n\u00e3o precisa abrir o filtro repetidamente, basta fazer isso com um clique. \u00c9 por isso que a Microsoft introduziu a op\u00e7\u00e3o de filtro de linha do tempo. <\/p><div class=\"wp-block-image\"><figure class=\"aligncenter\"><img decoding=\"async\" src=\"https:\/\/exceladvisor.org\/wp-content\/uploads\/2023\/08\/Remplacer-le-filtre-normal-par-la-chronologie-du-tableau-croise-dynamique-1.png\" sizes=\"\" srcset=\"\" alt=\"Substitua o filtro normal pela linha do tempo da tabela din\u00e2mica\"><\/figure><\/div><p> Uma linha do tempo \u00e9 <a style=\"outline: none;\" href=\"https:\/\/exceladvisor.org\/pt\/vincular-o-slicer-a-varias-tabelas-dinamicas\/\" data-wpel-link=\"internal\">como um segmento<\/a> , a diferen\u00e7a \u00e9 que a linha do tempo apenas filtra as datas. Ent\u00e3o, hoje neste artigo, gostaria de compartilhar com voc\u00eas etapas simples para adicionar filtro de linha do tempo para filtrar datas na tabela din\u00e2mica.<\/p><p class=\"qt-tip\"> NOTA: As tabelas din\u00e2micas fazem parte das <a style=\"outline: none;\" href=\"https:\/\/exceladvisor.org\/pt\/habilidades-de-excelencia\/\">HABILIDADES INTERMEDI\u00c1RIAS DE EXCEL<\/a> .<\/p><h2 id=\"tab-con-1\" class=\"wp-block-heading\"> Etapas para inserir uma linha do tempo em uma tabela din\u00e2mica<\/h2><p> <a style=\"outline: none;\" href=\"https:\/\/exceladvisor.org\/wp-content\/uploads\/2023\/11\/utiliser-la-chronologie-du-tableau-croise-dynamique.xlsx\" rel=\"nofollow\">arquivo de amostra<\/a> <\/p><ol id=\"block-67eca96c-43a3-4ad9-b21e-127f3a0dca02\" class=\"block-editor-rich-text__editable block-editor-block-list__block wp-block is-selected rich-text\" tabindex=\"0\" role=\"group\" contenteditable=\"true\" aria-multiline=\"true\" aria-label=\"Block: List\" data-block=\"67eca96c-43a3-4ad9-b21e-127f3a0dca02\" data-type=\"core\/list\" data-title=\"List\"><li> Selecione uma das c\u00e9lulas da sua tabela din\u00e2mica. <br><img decoding=\"async\" title=\"nt\/uploads\/2016\/05\/Select-Pivot-Table-To-Add-Pivot-Table-Timeline\" src=\"https:\/\/exceladvisor.org\/wp-content\/uploads\/2023\/08\/Selectionnez-le-tableau-croise-dynamique-pour-ajouter-une-chronologie-de-tableau-croise-dynamique.png\" sizes=\"\" srcset=\"\" alt=\"nt\/uploads\/2016\/05\/select-pivot-table-to-add-pivot-table-timeline\"><\/li><li> V\u00e1 para Ferramentas de Tabela Din\u00e2mica \u2192 Analisar \u2192 Filtro \u2192 Inserir Linha do Tempo. <br><img decoding=\"async\" title=\"nt\/uploads\/2016\/05\/Add-Pivot-Table-Timeline\" src=\"https:\/\/exceladvisor.org\/wp-content\/uploads\/2023\/08\/Ajouter-une-chronologie-de-tableau-croise-dynamique-1.png\" sizes=\"\" srcset=\"\" alt=\"nt\/uploads\/2016\/05\/add-pivot-table-timeline\"><\/li><li> Clique em inserir linha do tempo e voc\u00ea ver\u00e1 uma caixa de di\u00e1logo.<\/li><li> Na janela pop-up, selecione as colunas de data que voc\u00ea possui em seus dados.<\/li><li> Clique OK. <br><img decoding=\"async\" title=\"nt\/uploads\/2016\/05\/Select-Date-To-Insert-Pivot-Table-Timeline\" src=\"https:\/\/exceladvisor.org\/wp-content\/uploads\/2023\/08\/Selectionnez-la-date-pour-inserer-la-chronologie-du-tableau-croise-dynamique.png\" sizes=\"\" srcset=\"\" alt=\"nt\/uploads\/2016\/05\/select-date-to-insert-pivot-table-timeline\"><\/li><\/ol><p> Agora voc\u00ea tem um filtro de linha do tempo em sua planilha e pode filtrar sua tabela din\u00e2mica com ele. <\/p><div class=\"wp-block-image\"><figure class=\"aligncenter\"><img decoding=\"async\" src=\"https:\/\/exceladvisor.org\/wp-content\/uploads\/2023\/08\/25.png\" sizes=\"\" srcset=\"\" alt=\"Linha do tempo da tabela din\u00e2mica\"><\/figure><\/div><p> Relacionado: <a href=\"https:\/\/exceladvisor.org\/pt\/fatiador-de-excel\/\"><strong>Fatiador do Excel<\/strong><\/a><\/p><h2 class=\"wp-block-heading\"> Componentes de um filtro de linha do tempo<\/h2><p> Aqui est\u00e3o alguns componentes principais que voc\u00ea pode usar para dominar os cronogramas. <\/p><div class=\"wp-block-image\"><figure class=\"aligncenter\"><img decoding=\"async\" src=\"https:\/\/exceladvisor.org\/wp-content\/uploads\/2023\/08\/Chronologie-du-tableau-croise-dynamique-des-composants-1.png\" sizes=\"\" srcset=\"\" alt=\"Linha do tempo da tabela din\u00e2mica do componente\"><\/figure><\/div><ol><li> <strong>Limpar filtros:<\/strong> voc\u00ea pode usar este bot\u00e3o para limpar todos os filtros.<\/li><li> <strong>N\u00edvel de tempo:<\/strong> Na op\u00e7\u00e3o de n\u00edvel de tempo, voc\u00ea pode usar quatro n\u00edveis de tempo diferentes. Voc\u00ea tem dias, meses, trimestres e anos para usar como n\u00edvel de tempo.<\/li><li> <strong>Linha do tempo:<\/strong> use a linha do tempo para filtrar datas do per\u00edodo desejado. Voc\u00ea pode filtrar datas por dias, meses, trimestres e anos. Voc\u00ea tamb\u00e9m seleciona mais de um dia, m\u00eas, trimestre e ano, mas apenas na ordem.<\/li><li> <strong>Barra de rolagem:<\/strong> use a barra de rolagem para percorrer dias, meses, trimestres e anos.<\/li><\/ol><h2 id=\"tab-con-3\" class=\"wp-block-heading\"> Personalize uma linha do tempo<\/h2><p> Voc\u00ea tamb\u00e9m tem op\u00e7\u00f5es para personalizar sua linha do tempo. Voc\u00ea pode fazer as seguintes altera\u00e7\u00f5es nele.<\/p><h3 id=\"tab-con-4\" class=\"wp-block-heading\"> 1. Alterar tamanho<\/h3><p> Voc\u00ea pode alterar o tamanho de uma linha do tempo de tabela din\u00e2mica seguindo estas etapas.<\/p><ul><li> Selecione sua linha do tempo.<\/li><li> V\u00e1 para Ferramentas da Linha do Tempo \u2192 Op\u00e7\u00f5es \u2192 Tamanho.<\/li><li> Altere a altura e a largura da sua linha do tempo. <\/li><\/ul><div class=\"wp-block-image\"><figure class=\"aligncenter\"><img decoding=\"async\" src=\"https:\/\/exceladvisor.org\/wp-content\/uploads\/2023\/08\/Chronologie-du-tableau-croise-dynamique-de-la-taille-du-changement.png\" sizes=\"\" srcset=\"\" alt=\"Alterar o tamanho da linha do tempo da tabela din\u00e2mica\"><\/figure><\/div><p> E outra melhor maneira \u00e9 redimensionar uma linha do tempo a partir de suas bordas.<\/p><h3 id=\"tab-con-5\" class=\"wp-block-heading\"> 2. Altere o nome da legenda<\/h3><p> Por padr\u00e3o, ele mostrar\u00e1 o mesmo nome de legenda que o nome da coluna que voc\u00ea selecionou para inserir uma linha do tempo. Mas voc\u00ea pode alter\u00e1-lo a qualquer momento fazendo o seguinte.<\/p><ul><li> Selecione sua linha do tempo.<\/li><li> V\u00e1 para Ferramentas da Linha do Tempo \u2192 Op\u00e7\u00f5es \u2192 Linha do Tempo \u2192 Legenda da Linha do Tempo.<\/li><li> Digite um novo nome.<\/li><li> Pressione Enter. <\/li><\/ul><div class=\"wp-block-image\"><figure class=\"aligncenter\"><img decoding=\"async\" src=\"https:\/\/exceladvisor.org\/wp-content\/uploads\/2023\/08\/Modifier-le-nom-de-la-legende-Tableau-croise-dynamique-Chronologie.png\" sizes=\"\" srcset=\"\" alt=\"Alterar o nome da legenda Linha do tempo da tabela din\u00e2mica\"><\/figure><\/div><h3 id=\"tab-con-6\" class=\"wp-block-heading\"> 3. Aplique estilos de linha do tempo<\/h3><p> Sim, voc\u00ea pode usar estilos diferentes para sua linha do tempo na tabela din\u00e2mica. H\u00e1 um total de 12 estilos de tema diferentes que voc\u00ea pode usar para a linha do tempo da tabela din\u00e2mica. <\/p><div class=\"wp-block-image\"><figure class=\"aligncenter\"><img decoding=\"async\" src=\"https:\/\/exceladvisor.org\/wp-content\/uploads\/2023\/08\/Differents-styles-a-utiliser-dans-la-chronologie-du-tableau-croise-dynamique-1.png\" sizes=\"\" srcset=\"\" alt=\"Diferentes estilos para usar na linha do tempo da tabela din\u00e2mica\"><\/figure><\/div><p> Voc\u00ea tamb\u00e9m pode criar um tema personalizado para sua linha do tempo criando um novo estilo de linha do tempo. <\/p><div class=\"wp-block-image\"><figure class=\"aligncenter\"><img decoding=\"async\" src=\"https:\/\/exceladvisor.org\/wp-content\/uploads\/2023\/08\/Creer-un-nouveau-style-pour-la-chronologie-du-tableau-croise-dynamique-1.png\" sizes=\"\" srcset=\"\" alt=\"Crie um novo estilo para a linha do tempo da tabela din\u00e2mica\"><\/figure><\/div><p> Voc\u00ea tem as seguintes op\u00e7\u00f5es para personalizar sua linha do tempo. <\/p><div class=\"wp-block-image\"><figure class=\"aligncenter\"><img decoding=\"async\" src=\"https:\/\/exceladvisor.org\/wp-content\/uploads\/2023\/08\/Personnaliser-le-style-de-chronologie-du-nouveau-tableau-croise-dynamique.png\" sizes=\"\" srcset=\"\" alt=\"Personalize o estilo da linha do tempo da nova tabela din\u00e2mica\"><\/figure><\/div><h3 id=\"tab-con-7\" class=\"wp-block-heading\"> 4. Associe uma linha do tempo a v\u00e1rias tabelas din\u00e2micas<\/h3><p> <a style=\"outline: none;\" href=\"https:\/\/exceladvisor.org\/pt\/vincular-o-slicer-a-varias-tabelas-dinamicas\/\">Assim como um slicer<\/a> , voc\u00ea tamb\u00e9m pode vincular uma linha do tempo a v\u00e1rias tabelas din\u00e2micas. Basta seguir estes passos simples para fazer isso. <\/p><ol id=\"block-e8e85b1b-1b94-4023-96d4-7c6c30c5236e\" class=\"block-editor-rich-text__editable block-editor-block-list__block wp-block is-selected rich-text\" tabindex=\"0\" role=\"group\" contenteditable=\"true\" aria-multiline=\"true\" aria-label=\"Block: List\" data-block=\"e8e85b1b-1b94-4023-96d4-7c6c30c5236e\" data-type=\"core\/list\" data-title=\"List\"><li> Selecione sua linha do tempo e clique com o bot\u00e3o direito nela.<\/li><li> Agora clique em Reportar conex\u00f5es. <br><img decoding=\"async\" title=\"nt\/uploads\/2016\/05\/Click-Report-Connections-ToLink-Pivot-Table-Timeline\" src=\"https:\/\/exceladvisor.org\/wp-content\/uploads\/2023\/08\/Cliquez-sur-Rapporter-les-connexions-pour-lier-la-chronologie-du-tableau-croise-dynamique.png\" sizes=\"\" srcset=\"\" alt=\"nt\/uploads\/2016\/05\/click-report-connections-tolink-pivot-table-timeline\"><\/li><li> Agora voc\u00ea ver\u00e1 uma janela pop-up com a lista de tabelas din\u00e2micas.<\/li><li> Verifique as tabelas din\u00e2micas que voc\u00ea deseja vincular \u00e0 linha do tempo. <br><img decoding=\"async\" title=\"nt\/uploads\/2016\/05\/Tick-Mark-All-Pivot-Table-To-Link-Pivot-Tables-Timeline\" src=\"https:\/\/exceladvisor.org\/wp-content\/uploads\/2023\/08\/Cochez-Marquer-tous-les-tableaux-croises-dynamiques-pour-lier-la-chronologie-des-tableaux-croises-dynamiques.png\" sizes=\"\" srcset=\"\" alt=\"nt\/uploads\/2016\/05\/tick-mark-all-pivot-table-to-link-pivot-tables-timeline\"><\/li><li> E clique em OK.<\/li><\/ol><h2 class=\"wp-block-heading\"> Saiba mais sobre tabelas din\u00e2micas<\/h2><ol><li> <a style=\"outline: none;\" href=\"https:\/\/exceladvisor.org\/pt\/vincular-o-slicer-a-varias-tabelas-dinamicas\/\">Conecte segmenta\u00e7\u00f5es de dados a v\u00e1rias tabelas din\u00e2micas<\/a><\/li><li> <a style=\"outline: none;\" href=\"https:\/\/exceladvisor.org\/pt\/tabela-dinamica-faz-referencia-cruzada-a-varios-arquivos\/\">Crie uma tabela din\u00e2mica com v\u00e1rias pastas de trabalho<\/a><\/li><li> <a style=\"outline: none;\" href=\"https:\/\/exceladvisor.org\/pt\/coluna-de-classificacoes\/\" data-wpel-link=\"internal\">Como classificar em uma tabela din\u00e2mica no Excel<\/a><\/li><li> <a style=\"outline: none;\" href=\"https:\/\/exceladvisor.org\/pt\/total-cumulativo\/\" data-wpel-link=\"internal\">Adicionar total acumulado na tabela din\u00e2mica<\/a><\/li><li> <a style=\"outline: none;\" href=\"https:\/\/exceladvisor.org\/pt\/faixa-de-atualizacao-automatica\/\">Atualizar automaticamente um intervalo de tabela din\u00e2mica<\/a><\/li><\/ol>","protected":false},"excerpt":{"rendered":"","protected":false},"author":1,"featured_media":0,"parent":0,"menu_order":0,"comment_status":"open","ping_status":"closed","template":"","meta":{"ub_ctt_via":"","footnotes":""},"class_list":["post-144","page","type-page","status-publish","hentry"],"featured_image_src":null,"yoast_head":"<!-- This site is optimized with the Yoast SEO plugin v25.4 - https:\/\/yoast.com\/wordpress\/plugins\/seo\/ -->\n<title>Filtro cronol\u00f3gico | Tutorial de tabela din\u00e2mica do Excel<\/title>\n<meta name=\"description\" content=\"Voc\u00ea quer ser um usu\u00e1rio avan\u00e7ado de tabelas din\u00e2micas? Voc\u00ea precisa saber mais sobre a linha do tempo da tabela din\u00e2mica\" \/>\n<meta name=\"robots\" content=\"index, follow, max-snippet:-1, max-image-preview:large, max-video-preview:-1\" \/>\n<link rel=\"canonical\" href=\"https:\/\/exceladvisor.org\/pt\/filtro-de-linha-do-tempo\/\" \/>\n<meta property=\"og:locale\" content=\"pt_PT\" \/>\n<meta property=\"og:type\" content=\"article\" \/>\n<meta property=\"og:title\" content=\"Filtro cronol\u00f3gico | Tutorial de tabela din\u00e2mica do Excel\" \/>\n<meta property=\"og:description\" content=\"Voc\u00ea quer ser um usu\u00e1rio avan\u00e7ado de tabelas din\u00e2micas? Voc\u00ea precisa saber mais sobre a linha do tempo da tabela din\u00e2mica\" \/>\n<meta property=\"og:url\" content=\"https:\/\/exceladvisor.org\/pt\/filtro-de-linha-do-tempo\/\" \/>\n<meta property=\"og:site_name\" content=\"Excel Advisor\" \/>\n<meta property=\"article:modified_time\" content=\"2023-12-06T11:51:02+00:00\" \/>\n<meta property=\"og:image\" content=\"https:\/\/exceladvisor.org\/wp-content\/uploads\/2023\/08\/Remplacer-le-filtre-normal-par-la-chronologie-du-tableau-croise-dynamique-1.png\" \/>\n<meta name=\"twitter:card\" content=\"summary_large_image\" \/>\n<meta name=\"twitter:label1\" content=\"Tempo estimado de leitura\" \/>\n\t<meta name=\"twitter:data1\" content=\"4 minutos\" \/>\n<script type=\"application\/ld+json\" class=\"yoast-schema-graph\">{\"@context\":\"https:\/\/schema.org\",\"@graph\":[{\"@type\":\"WebPage\",\"@id\":\"https:\/\/exceladvisor.org\/pt\/filtro-de-linha-do-tempo\/\",\"url\":\"https:\/\/exceladvisor.org\/pt\/filtro-de-linha-do-tempo\/\",\"name\":\"Filtro cronol\u00f3gico | Tutorial de tabela din\u00e2mica do Excel\",\"isPartOf\":{\"@id\":\"https:\/\/exceladvisor.org\/pt\/#website\"},\"primaryImageOfPage\":{\"@id\":\"https:\/\/exceladvisor.org\/pt\/filtro-de-linha-do-tempo\/#primaryimage\"},\"image\":{\"@id\":\"https:\/\/exceladvisor.org\/pt\/filtro-de-linha-do-tempo\/#primaryimage\"},\"thumbnailUrl\":\"https:\/\/exceladvisor.org\/wp-content\/uploads\/2023\/08\/Remplacer-le-filtre-normal-par-la-chronologie-du-tableau-croise-dynamique-1.png\",\"datePublished\":\"2023-11-15T09:18:53+00:00\",\"dateModified\":\"2023-12-06T11:51:02+00:00\",\"description\":\"Voc\u00ea quer ser um usu\u00e1rio avan\u00e7ado de tabelas din\u00e2micas? Voc\u00ea precisa saber mais sobre a linha do tempo da tabela din\u00e2mica\",\"breadcrumb\":{\"@id\":\"https:\/\/exceladvisor.org\/pt\/filtro-de-linha-do-tempo\/#breadcrumb\"},\"inLanguage\":\"pt-PT\",\"potentialAction\":[{\"@type\":\"ReadAction\",\"target\":[\"https:\/\/exceladvisor.org\/pt\/filtro-de-linha-do-tempo\/\"]}]},{\"@type\":\"ImageObject\",\"inLanguage\":\"pt-PT\",\"@id\":\"https:\/\/exceladvisor.org\/pt\/filtro-de-linha-do-tempo\/#primaryimage\",\"url\":\"https:\/\/exceladvisor.org\/wp-content\/uploads\/2023\/08\/Remplacer-le-filtre-normal-par-la-chronologie-du-tableau-croise-dynamique-1.png\",\"contentUrl\":\"https:\/\/exceladvisor.org\/wp-content\/uploads\/2023\/08\/Remplacer-le-filtre-normal-par-la-chronologie-du-tableau-croise-dynamique-1.png\"},{\"@type\":\"BreadcrumbList\",\"@id\":\"https:\/\/exceladvisor.org\/pt\/filtro-de-linha-do-tempo\/#breadcrumb\",\"itemListElement\":[{\"@type\":\"ListItem\",\"position\":1,\"name\":\"Lar\",\"item\":\"https:\/\/exceladvisor.org\/pt\/\"},{\"@type\":\"ListItem\",\"position\":2,\"name\":\"Linha do tempo da tabela din\u00e2mica\"}]},{\"@type\":\"WebSite\",\"@id\":\"https:\/\/exceladvisor.org\/pt\/#website\",\"url\":\"https:\/\/exceladvisor.org\/pt\/\",\"name\":\"Excel Advisor\",\"description\":\"O seu guia definitivo para dominar os dados!\",\"publisher\":{\"@id\":\"https:\/\/exceladvisor.org\/pt\/#organization\"},\"potentialAction\":[{\"@type\":\"SearchAction\",\"target\":{\"@type\":\"EntryPoint\",\"urlTemplate\":\"https:\/\/exceladvisor.org\/pt\/?s={search_term_string}\"},\"query-input\":{\"@type\":\"PropertyValueSpecification\",\"valueRequired\":true,\"valueName\":\"search_term_string\"}}],\"inLanguage\":\"pt-PT\"},{\"@type\":\"Organization\",\"@id\":\"https:\/\/exceladvisor.org\/pt\/#organization\",\"name\":\"Excel Advisor\",\"url\":\"https:\/\/exceladvisor.org\/pt\/\",\"logo\":{\"@type\":\"ImageObject\",\"inLanguage\":\"pt-PT\",\"@id\":\"https:\/\/exceladvisor.org\/pt\/#\/schema\/logo\/image\/\",\"url\":\"https:\/\/exceladvisor.org\/pt\/wp-content\/uploads\/2023\/12\/exceladvisor.org_.png\",\"contentUrl\":\"https:\/\/exceladvisor.org\/pt\/wp-content\/uploads\/2023\/12\/exceladvisor.org_.png\",\"width\":105,\"height\":36,\"caption\":\"Excel Advisor\"},\"image\":{\"@id\":\"https:\/\/exceladvisor.org\/pt\/#\/schema\/logo\/image\/\"}}]}<\/script>\n<!-- \/ Yoast SEO plugin. -->","yoast_head_json":{"title":"Filtro cronol\u00f3gico | Tutorial de tabela din\u00e2mica do Excel","description":"Voc\u00ea quer ser um usu\u00e1rio avan\u00e7ado de tabelas din\u00e2micas? Voc\u00ea precisa saber mais sobre a linha do tempo da tabela din\u00e2mica","robots":{"index":"index","follow":"follow","max-snippet":"max-snippet:-1","max-image-preview":"max-image-preview:large","max-video-preview":"max-video-preview:-1"},"canonical":"https:\/\/exceladvisor.org\/pt\/filtro-de-linha-do-tempo\/","og_locale":"pt_PT","og_type":"article","og_title":"Filtro cronol\u00f3gico | Tutorial de tabela din\u00e2mica do Excel","og_description":"Voc\u00ea quer ser um usu\u00e1rio avan\u00e7ado de tabelas din\u00e2micas? Voc\u00ea precisa saber mais sobre a linha do tempo da tabela din\u00e2mica","og_url":"https:\/\/exceladvisor.org\/pt\/filtro-de-linha-do-tempo\/","og_site_name":"Excel Advisor","article_modified_time":"2023-12-06T11:51:02+00:00","og_image":[{"url":"https:\/\/exceladvisor.org\/wp-content\/uploads\/2023\/08\/Remplacer-le-filtre-normal-par-la-chronologie-du-tableau-croise-dynamique-1.png","type":"","width":"","height":""}],"twitter_card":"summary_large_image","twitter_misc":{"Tempo estimado de leitura":"4 minutos"},"schema":{"@context":"https:\/\/schema.org","@graph":[{"@type":"WebPage","@id":"https:\/\/exceladvisor.org\/pt\/filtro-de-linha-do-tempo\/","url":"https:\/\/exceladvisor.org\/pt\/filtro-de-linha-do-tempo\/","name":"Filtro cronol\u00f3gico | Tutorial de tabela din\u00e2mica do Excel","isPartOf":{"@id":"https:\/\/exceladvisor.org\/pt\/#website"},"primaryImageOfPage":{"@id":"https:\/\/exceladvisor.org\/pt\/filtro-de-linha-do-tempo\/#primaryimage"},"image":{"@id":"https:\/\/exceladvisor.org\/pt\/filtro-de-linha-do-tempo\/#primaryimage"},"thumbnailUrl":"https:\/\/exceladvisor.org\/wp-content\/uploads\/2023\/08\/Remplacer-le-filtre-normal-par-la-chronologie-du-tableau-croise-dynamique-1.png","datePublished":"2023-11-15T09:18:53+00:00","dateModified":"2023-12-06T11:51:02+00:00","description":"Voc\u00ea quer ser um usu\u00e1rio avan\u00e7ado de tabelas din\u00e2micas? Voc\u00ea precisa saber mais sobre a linha do tempo da tabela din\u00e2mica","breadcrumb":{"@id":"https:\/\/exceladvisor.org\/pt\/filtro-de-linha-do-tempo\/#breadcrumb"},"inLanguage":"pt-PT","potentialAction":[{"@type":"ReadAction","target":["https:\/\/exceladvisor.org\/pt\/filtro-de-linha-do-tempo\/"]}]},{"@type":"ImageObject","inLanguage":"pt-PT","@id":"https:\/\/exceladvisor.org\/pt\/filtro-de-linha-do-tempo\/#primaryimage","url":"https:\/\/exceladvisor.org\/wp-content\/uploads\/2023\/08\/Remplacer-le-filtre-normal-par-la-chronologie-du-tableau-croise-dynamique-1.png","contentUrl":"https:\/\/exceladvisor.org\/wp-content\/uploads\/2023\/08\/Remplacer-le-filtre-normal-par-la-chronologie-du-tableau-croise-dynamique-1.png"},{"@type":"BreadcrumbList","@id":"https:\/\/exceladvisor.org\/pt\/filtro-de-linha-do-tempo\/#breadcrumb","itemListElement":[{"@type":"ListItem","position":1,"name":"Lar","item":"https:\/\/exceladvisor.org\/pt\/"},{"@type":"ListItem","position":2,"name":"Linha do tempo da tabela din\u00e2mica"}]},{"@type":"WebSite","@id":"https:\/\/exceladvisor.org\/pt\/#website","url":"https:\/\/exceladvisor.org\/pt\/","name":"Excel Advisor","description":"O seu guia definitivo para dominar os dados!","publisher":{"@id":"https:\/\/exceladvisor.org\/pt\/#organization"},"potentialAction":[{"@type":"SearchAction","target":{"@type":"EntryPoint","urlTemplate":"https:\/\/exceladvisor.org\/pt\/?s={search_term_string}"},"query-input":{"@type":"PropertyValueSpecification","valueRequired":true,"valueName":"search_term_string"}}],"inLanguage":"pt-PT"},{"@type":"Organization","@id":"https:\/\/exceladvisor.org\/pt\/#organization","name":"Excel Advisor","url":"https:\/\/exceladvisor.org\/pt\/","logo":{"@type":"ImageObject","inLanguage":"pt-PT","@id":"https:\/\/exceladvisor.org\/pt\/#\/schema\/logo\/image\/","url":"https:\/\/exceladvisor.org\/pt\/wp-content\/uploads\/2023\/12\/exceladvisor.org_.png","contentUrl":"https:\/\/exceladvisor.org\/pt\/wp-content\/uploads\/2023\/12\/exceladvisor.org_.png","width":105,"height":36,"caption":"Excel Advisor"},"image":{"@id":"https:\/\/exceladvisor.org\/pt\/#\/schema\/logo\/image\/"}}]}},"yoast_meta":{"yoast_wpseo_title":"","yoast_wpseo_metadesc":"","yoast_wpseo_canonical":""},"_links":{"self":[{"href":"https:\/\/exceladvisor.org\/pt\/wp-json\/wp\/v2\/pages\/144","targetHints":{"allow":["GET"]}}],"collection":[{"href":"https:\/\/exceladvisor.org\/pt\/wp-json\/wp\/v2\/pages"}],"about":[{"href":"https:\/\/exceladvisor.org\/pt\/wp-json\/wp\/v2\/types\/page"}],"author":[{"embeddable":true,"href":"https:\/\/exceladvisor.org\/pt\/wp-json\/wp\/v2\/users\/1"}],"replies":[{"embeddable":true,"href":"https:\/\/exceladvisor.org\/pt\/wp-json\/wp\/v2\/comments?post=144"}],"version-history":[{"count":1,"href":"https:\/\/exceladvisor.org\/pt\/wp-json\/wp\/v2\/pages\/144\/revisions"}],"predecessor-version":[{"id":1441,"href":"https:\/\/exceladvisor.org\/pt\/wp-json\/wp\/v2\/pages\/144\/revisions\/1441"}],"wp:attachment":[{"href":"https:\/\/exceladvisor.org\/pt\/wp-json\/wp\/v2\/media?parent=144"}],"curies":[{"name":"wp","href":"https:\/\/api.w.org\/{rel}","templated":true}]}}