{"id":145,"date":"2023-11-15T08:44:03","date_gmt":"2023-11-15T08:44:03","guid":{"rendered":"https:\/\/exceladvisor.org\/pt\/datas-do-grupo\/"},"modified":"2023-12-06T11:34:23","modified_gmt":"2023-12-06T11:34:23","slug":"datas-do-grupo","status":"publish","type":"page","link":"https:\/\/exceladvisor.org\/pt\/datas-do-grupo\/","title":{"rendered":"Como agrupar datas em uma tabela din\u00e2mica?"},"content":{"rendered":"<div class=\"excel-before-content-2\" id=\"excel-2270131339\"><script type=\"text\/javascript\">\r\n\tatOptions = {\r\n\t\t'key' : 'c1158f160081d6540a8409e6925dab94',\r\n\t\t'format' : 'iframe',\r\n\t\t'height' : 250,\r\n\t\t'width' : 300,\r\n\t\t'params' : {}\r\n\t};\r\n<\/script>\r\n<script type=\"text\/javascript\" src=\"\/\/www.highperformanceformat.com\/c1158f160081d6540a8409e6925dab94\/invoke.js\"><\/script><\/div><div class=\"excel-before-content\" id=\"excel-3470206987\"><script type=\"text\/javascript\">\r\n\tatOptions = {\r\n\t\t'key' : 'c1158f160081d6540a8409e6925dab94',\r\n\t\t'format' : 'iframe',\r\n\t\t'height' : 250,\r\n\t\t'width' : 300,\r\n\t\t'params' : {}\r\n\t};\r\n<\/script>\r\n<script type=\"text\/javascript\" src=\"\/\/www.highperformanceformat.com\/c1158f160081d6540a8409e6925dab94\/invoke.js\"><\/script><\/div> <p>Ao agrupar datas em uma tabela din\u00e2mica, voc\u00ea pode criar relat\u00f3rios instant\u00e2neos.<\/p><p> O ponto \u00e9 o seguinte: digamos que voc\u00ea queira agrupar todas as datas em meses, em vez de adicionar uma coluna diferente aos seus dados, \u00e9 melhor agrupar as datas.<\/p><p> \u00c9 muito f\u00e1cil. Agora, aqui est\u00e1 a boa not\u00edcia: al\u00e9m de meses, voc\u00ea pode usar anos, trimestres, hora e at\u00e9 um intervalo de datas personalizado para agrupamento. E hoje neste artigo gostaria de mostrar os passos exatos para isso.<\/p><h2 class=\"wp-block-heading\"> Agrupa datas em uma tabela din\u00e2mica por m\u00eas<\/h2><p> Abaixo est\u00e3o as etapas para agrupar datas em uma tabela din\u00e2mica. <\/p><div class=\"wp-block-image\"><figure class=\"aligncenter\"><img decoding=\"async\" src=\"https:\/\/exceladvisor.org\/wp-content\/uploads\/2023\/08\/Regrouper-les-dates-dans-le-tableau-croise-dynamique-par-mois-1.gif\" sizes=\"\" srcset=\"\" alt=\"Agrupar datas na tabela din\u00e2mica por m\u00eas\"><\/figure><\/div><ol><li> Selecione uma das c\u00e9lulas na coluna de data.<\/li><li> Clique com o bot\u00e3o direito nele e selecione o grupo.<\/li><li> Voc\u00ea receber\u00e1 um pop-up para agrupar as datas.<\/li><li> Selecione \u201cM\u00eas\u201d na op\u00e7\u00e3o Agrupar por e clique em OK.<\/li><\/ol><p> Voc\u00ea tamb\u00e9m pode usar as etapas acima para agrupar datas em uma tabela din\u00e2mica por anos, trimestres e dias.<\/p><h2 class=\"wp-block-heading\"> Resumo semanal<\/h2><p> Voc\u00ea tamb\u00e9m pode criar um grupo de 7 dias para obter um resumo por semana. Siga as etapas abaixo para isso. <\/p><ol id=\"block-26cc26a7-05d3-44b1-8868-96e4a0adf65d\" class=\"block-editor-rich-text__editable block-editor-block-list__block wp-block is-selected rich-text\" tabindex=\"0\" role=\"group\" contenteditable=\"true\" aria-multiline=\"true\" aria-label=\"Block: List\" data-block=\"26cc26a7-05d3-44b1-8868-96e4a0adf65d\" data-type=\"core\/list\" data-title=\"List\"><li> Selecione a op\u00e7\u00e3o \u201cdias\u201d na op\u00e7\u00e3o Agrupar por.<\/li><li> Insira 7 em v\u00e1rios dias. <br><img decoding=\"async\" title=\"nt\/uploads\/2016\/06\/Tabela Din\u00e2mica-Com-Group-Dates-In-Pivot-Table-By-Week\" src=\"https:\/\/exceladvisor.org\/wp-content\/uploads\/2023\/08\/Tableau-croise-dynamique-avec-dates-de-groupe-dans-le-tableau-croise-dynamique-par-semaine.png\" sizes=\"\" srcset=\"\" alt=\"nt\/uploads\/2016\/06\/pivot-table-with-group-dates-in-pivot-table-by-week\"><\/li><li> Clique OK.<\/li><\/ol><p> Voc\u00ea pode usar as etapas acima para criar um grupo de datas para qualquer n\u00famero de dias e observe que a semana criada pela tabela din\u00e2mica n\u00e3o \u00e9 baseada em segunda a domingo.<\/p><h2 class=\"wp-block-heading\"> Resumo por hora<\/h2><p> Voc\u00ea tamb\u00e9m tem a op\u00e7\u00e3o de agrupar datas por per\u00edodo. Digamos que voc\u00ea tenha datas com hora e queira obter um resumo de hora em hora. Basta seguir estes passos simples para isso. <\/p><ol id=\"block-d9624e32-6e69-4d48-b573-17a41bd63acb\" class=\"block-editor-rich-text__editable block-editor-block-list__block wp-block is-selected rich-text\" tabindex=\"0\" role=\"group\" contenteditable=\"true\" aria-multiline=\"true\" aria-label=\"Block: List\" data-block=\"d9624e32-6e69-4d48-b573-17a41bd63acb\" data-type=\"core\/list\" data-title=\"List\"><li> Selecione uma das c\u00e9lulas com uma data.<\/li><li> Clique com o bot\u00e3o direito nele e selecione o grupo.<\/li><li> Selecione a hora na op\u00e7\u00e3o Agrupar por. <br><img decoding=\"async\" title=\"nt\/uploads\/2016\/06\/Group-Dates-In-Pivot-Table-By-Hour\" src=\"https:\/\/exceladvisor.org\/wp-content\/uploads\/2023\/08\/Regrouper-les-dates-dans-le-tableau-croise-dynamique-par-heure.png\" sizes=\"\" srcset=\"\" alt=\"nt\/uploads\/2016\/06\/group-dates-in-pivot-table-by-hour\"><\/li><li> Clique OK. <br><img decoding=\"async\" title=\"nt\/uploads\/2016\/06\/Pivot-Table-With-Group-Dates-In-Pivot-Table-By-Hour\" src=\"https:\/\/exceladvisor.org\/wp-content\/uploads\/2023\/08\/Tableau-croise-dynamique-avec-dates-de-groupe-dans-le-tableau-croise-dynamique-par-heure.png\" sizes=\"\" srcset=\"\" alt=\"nt\/uploads\/2016\/06\/pivot-table-with-group-dates-in-pivot-table-by-hour\"><\/li><\/ol><p> Voc\u00ea tamb\u00e9m pode usar as etapas acima para agrupar datas na tabela din\u00e2mica por minutos e segundos.<\/p><h2 class=\"wp-block-heading\"> Resumo do intervalo de datas personalizado<\/h2><p> Na tabela din\u00e2mica abaixo, voc\u00ea tem datas que variam de 1\u00ba de outubro de 2014 a 31 de junho de 2015. <\/p><div class=\"wp-block-image\"><figure class=\"aligncenter\"><img decoding=\"async\" src=\"https:\/\/exceladvisor.org\/wp-content\/uploads\/2023\/08\/Regrouper-les-dates-dans-le-tableau-croise-dynamique-par-personnalise.png\" sizes=\"\" srcset=\"\" alt=\"Agrupar datas na tabela din\u00e2mica por personaliza\u00e7\u00e3o\"><\/figure><\/div><p> E voc\u00ea deseja criar um grupo de datas por m\u00eas, mas apenas para 6 meses de 2015 e todos os meses de 2014 em um grupo. Bem, voc\u00ea tamb\u00e9m pode criar um grupo de datas usando um intervalo personalizado, siga estes passos simples para isso. <\/p><ol id=\"block-4fad4bd4-b65d-4e5c-8791-abcc5781503e\" class=\"block-editor-rich-text__editable block-editor-block-list__block wp-block is-selected rich-text\" tabindex=\"0\" role=\"group\" contenteditable=\"true\" aria-multiline=\"true\" aria-label=\"Block: List\" data-block=\"4fad4bd4-b65d-4e5c-8791-abcc5781503e\" data-type=\"core\/list\" data-title=\"List\"><li> Clique com o bot\u00e3o direito na coluna da data e selecione \u201cgrupo\u201d.<\/li><li> Desmarque a data de in\u00edcio e t\u00e9rmino na op\u00e7\u00e3o autom\u00e1tica. E insira suas datas personalizadas.<\/li><li> Selecione o m\u00eas na op\u00e7\u00e3o de grupo. <br><img decoding=\"async\" title=\"nt\/uploads\/2016\/06\/Group-Dates-In-Pivot-Table-With-Custom-Dates\" src=\"https:\/\/exceladvisor.org\/wp-content\/uploads\/2023\/08\/Regrouper-les-dates-dans-un-tableau-croise-dynamique-avec-des-dates-personnalisees-1.png\" sizes=\"\" srcset=\"\" alt=\"nt\/uploads\/2016\/06\/group-dates-in-pivot-table-with-custom-dates\"><\/li><li> No final, clique em OK. <br><img decoding=\"async\" title=\"nt\/uploads\/2016\/06\/Group-Dates-In-Pivot-Table-By-Custom-Dates\" src=\"https:\/\/exceladvisor.org\/wp-content\/uploads\/2023\/08\/Regrouper-les-dates-dans-le-tableau-croise-dynamique-par-personnalise.png\" sizes=\"\" srcset=\"\" alt=\"nt\/uploads\/2016\/06\/group-dates-in-pivot-table-by-custom-dates\"><\/li><\/ol><p> No piv\u00f4 acima, agora voc\u00ea tem datas em um grupo por m\u00eas para o per\u00edodo mencionado e o restante das datas que n\u00e3o est\u00e3o no per\u00edodo est\u00e3o em uma categoria.<\/p><p> <strong>Relacionado: <a style=\"outline: none;\" href=\"https:\/\/exceladvisor.org\/pt\/fatiador-de-excel\/\">Fatiador do Excel<\/a><\/strong><\/p><h2 class=\"wp-block-heading\"> Agrupar dois campos diferentes<\/h2><p> \u00c0s vezes voc\u00ea precisa usar v\u00e1rios per\u00edodos de tempo para agrupar datas em uma tabela din\u00e2mica. Digamos que na tabela din\u00e2mica abaixo voc\u00ea queira agrupar as datas por trimestres e meses. <\/p><div class=\"wp-block-image\"><figure class=\"aligncenter\"><img decoding=\"async\" src=\"https:\/\/exceladvisor.org\/wp-content\/uploads\/2023\/08\/Regrouper-les-dates-dans-le-tableau-croise-dynamique-par-plusieurs-fois-1.png\" sizes=\"\" srcset=\"\" alt=\"Agrupar datas na tabela din\u00e2mica v\u00e1rias vezes\"><\/figure><\/div><ol><li> Primeiro, selecione a op\u00e7\u00e3o de grupo no menu direito.<\/li><li> Depois disso, selecione trimestres e meses.<\/li><li> No final, clique em OK. <\/li><\/ol><div class=\"wp-block-image\"><figure class=\"aligncenter\"><img decoding=\"async\" src=\"https:\/\/exceladvisor.org\/wp-content\/uploads\/2023\/08\/Utiliser-deux-periodes-pour-regrouper-les-dates-dans-les-tableaux-croises-dynamiques-1.png\" sizes=\"\" srcset=\"\" alt=\"Use dois per\u00edodos de tempo para agrupar datas em tabelas din\u00e2micas\"><\/figure><\/div><p> Depois de criar v\u00e1rios grupos de datas na tabela din\u00e2mica, voc\u00ea tamb\u00e9m ter\u00e1 uma op\u00e7\u00e3o de expandir e recolher.<\/p><h2 class=\"wp-block-heading\"> Desagrega\u00e7\u00e3o<\/h2><p> Se voc\u00ea deseja recuperar suas datas ou desvincular datas, pode faz\u00ea-lo com a op\u00e7\u00e3o \u201cDesvincular\u201d.<\/p><ol><li> Selecione uma c\u00e9lula na coluna de dados.<\/li><li> Clique com o bot\u00e3o direito.<\/li><li> Selecione \u201cDesagrupar\u201d. <\/li><\/ol><div class=\"wp-block-image\"><figure class=\"aligncenter\"><img decoding=\"async\" src=\"https:\/\/exceladvisor.org\/wp-content\/uploads\/2023\/08\/Regrouper-les-dates-dans-le-degroupement-du-tableau-croise-dynamique.gif\" sizes=\"\" srcset=\"\" alt=\"Agrupar datas na tabela din\u00e2mica\"><\/figure><\/div><h2 id=\"tab-con-3\" class=\"wp-block-heading\"> Arquivo de exemplo<\/h2><p> <a href=\"https:\/\/exceladvisor.org\/wp-content\/uploads\/2023\/08\/tableau-croise-dynamique-des-dates-de-groupe.xlsx\" rel=\"nofollow\" data-wpel-link=\"internal\">download<\/a> <\/p><div class=\"wp-block-group main-page-bottom is-layout-flow\"><div class=\"wp-block-group__inner-container\"><h2 class=\"wp-block-heading\"> Saiba mais sobre tabelas din\u00e2micas<\/h2><ul><li> <a href=\"https:\/\/exceladvisor.org\/pt\/calculo-em-tabela-dinamica\/\">Adicione um campo calculado e um item (f\u00f3rmulas em uma tabela din\u00e2mica)<\/a><\/li><li> <a href=\"https:\/\/exceladvisor.org\/pt\/contar-valores-unicos\/\">Conte valores \u00fanicos em uma tabela din\u00e2mica no Excel<\/a><\/li><li> <a href=\"https:\/\/exceladvisor.org\/pt\/coluna-de-classificacoes\/\">Adicionar linhas na tabela din\u00e2mica no Excel<\/a><\/li><\/ul><\/div><\/div>","protected":false},"excerpt":{"rendered":"","protected":false},"author":1,"featured_media":0,"parent":0,"menu_order":0,"comment_status":"open","ping_status":"closed","template":"","meta":{"ub_ctt_via":"","footnotes":""},"class_list":["post-145","page","type-page","status-publish","hentry"],"featured_image_src":null,"yoast_head":"<!-- This site is optimized with the Yoast SEO plugin v25.4 - https:\/\/yoast.com\/wordpress\/plugins\/seo\/ -->\n<title>Como agrupar datas em uma tabela din\u00e2mica?<\/title>\n<meta name=\"description\" content=\"Neste tutorial, voc\u00ea aprender\u00e1 como agrupar datas em uma tabela din\u00e2mica para melhor an\u00e1lise de dados.\" \/>\n<meta name=\"robots\" content=\"index, follow, max-snippet:-1, max-image-preview:large, max-video-preview:-1\" \/>\n<link rel=\"canonical\" href=\"https:\/\/exceladvisor.org\/pt\/datas-do-grupo\/\" \/>\n<meta property=\"og:locale\" content=\"pt_PT\" \/>\n<meta property=\"og:type\" content=\"article\" \/>\n<meta property=\"og:title\" content=\"Como agrupar datas em uma tabela din\u00e2mica?\" \/>\n<meta property=\"og:description\" content=\"Neste tutorial, voc\u00ea aprender\u00e1 como agrupar datas em uma tabela din\u00e2mica para melhor an\u00e1lise de dados.\" \/>\n<meta property=\"og:url\" content=\"https:\/\/exceladvisor.org\/pt\/datas-do-grupo\/\" \/>\n<meta property=\"og:site_name\" content=\"Excel Advisor\" \/>\n<meta property=\"article:modified_time\" content=\"2023-12-06T11:34:23+00:00\" \/>\n<meta property=\"og:image\" content=\"https:\/\/exceladvisor.org\/wp-content\/uploads\/2023\/08\/Regrouper-les-dates-dans-le-tableau-croise-dynamique-par-mois-1.gif\" \/>\n<meta name=\"twitter:card\" content=\"summary_large_image\" \/>\n<meta name=\"twitter:label1\" content=\"Tempo estimado de leitura\" \/>\n\t<meta name=\"twitter:data1\" content=\"3 minutos\" \/>\n<script type=\"application\/ld+json\" class=\"yoast-schema-graph\">{\"@context\":\"https:\/\/schema.org\",\"@graph\":[{\"@type\":\"WebPage\",\"@id\":\"https:\/\/exceladvisor.org\/pt\/datas-do-grupo\/\",\"url\":\"https:\/\/exceladvisor.org\/pt\/datas-do-grupo\/\",\"name\":\"Como agrupar datas em uma tabela din\u00e2mica?\",\"isPartOf\":{\"@id\":\"https:\/\/exceladvisor.org\/pt\/#website\"},\"primaryImageOfPage\":{\"@id\":\"https:\/\/exceladvisor.org\/pt\/datas-do-grupo\/#primaryimage\"},\"image\":{\"@id\":\"https:\/\/exceladvisor.org\/pt\/datas-do-grupo\/#primaryimage\"},\"thumbnailUrl\":\"https:\/\/exceladvisor.org\/wp-content\/uploads\/2023\/08\/Regrouper-les-dates-dans-le-tableau-croise-dynamique-par-mois-1.gif\",\"datePublished\":\"2023-11-15T08:44:03+00:00\",\"dateModified\":\"2023-12-06T11:34:23+00:00\",\"description\":\"Neste tutorial, voc\u00ea aprender\u00e1 como agrupar datas em uma tabela din\u00e2mica para melhor an\u00e1lise de dados.\",\"breadcrumb\":{\"@id\":\"https:\/\/exceladvisor.org\/pt\/datas-do-grupo\/#breadcrumb\"},\"inLanguage\":\"pt-PT\",\"potentialAction\":[{\"@type\":\"ReadAction\",\"target\":[\"https:\/\/exceladvisor.org\/pt\/datas-do-grupo\/\"]}]},{\"@type\":\"ImageObject\",\"inLanguage\":\"pt-PT\",\"@id\":\"https:\/\/exceladvisor.org\/pt\/datas-do-grupo\/#primaryimage\",\"url\":\"https:\/\/exceladvisor.org\/wp-content\/uploads\/2023\/08\/Regrouper-les-dates-dans-le-tableau-croise-dynamique-par-mois-1.gif\",\"contentUrl\":\"https:\/\/exceladvisor.org\/wp-content\/uploads\/2023\/08\/Regrouper-les-dates-dans-le-tableau-croise-dynamique-par-mois-1.gif\"},{\"@type\":\"BreadcrumbList\",\"@id\":\"https:\/\/exceladvisor.org\/pt\/datas-do-grupo\/#breadcrumb\",\"itemListElement\":[{\"@type\":\"ListItem\",\"position\":1,\"name\":\"Lar\",\"item\":\"https:\/\/exceladvisor.org\/pt\/\"},{\"@type\":\"ListItem\",\"position\":2,\"name\":\"Como agrupar datas em uma tabela din\u00e2mica?\"}]},{\"@type\":\"WebSite\",\"@id\":\"https:\/\/exceladvisor.org\/pt\/#website\",\"url\":\"https:\/\/exceladvisor.org\/pt\/\",\"name\":\"Excel Advisor\",\"description\":\"O seu guia definitivo para dominar os dados!\",\"publisher\":{\"@id\":\"https:\/\/exceladvisor.org\/pt\/#organization\"},\"potentialAction\":[{\"@type\":\"SearchAction\",\"target\":{\"@type\":\"EntryPoint\",\"urlTemplate\":\"https:\/\/exceladvisor.org\/pt\/?s={search_term_string}\"},\"query-input\":{\"@type\":\"PropertyValueSpecification\",\"valueRequired\":true,\"valueName\":\"search_term_string\"}}],\"inLanguage\":\"pt-PT\"},{\"@type\":\"Organization\",\"@id\":\"https:\/\/exceladvisor.org\/pt\/#organization\",\"name\":\"Excel Advisor\",\"url\":\"https:\/\/exceladvisor.org\/pt\/\",\"logo\":{\"@type\":\"ImageObject\",\"inLanguage\":\"pt-PT\",\"@id\":\"https:\/\/exceladvisor.org\/pt\/#\/schema\/logo\/image\/\",\"url\":\"https:\/\/exceladvisor.org\/pt\/wp-content\/uploads\/2023\/12\/exceladvisor.org_.png\",\"contentUrl\":\"https:\/\/exceladvisor.org\/pt\/wp-content\/uploads\/2023\/12\/exceladvisor.org_.png\",\"width\":105,\"height\":36,\"caption\":\"Excel Advisor\"},\"image\":{\"@id\":\"https:\/\/exceladvisor.org\/pt\/#\/schema\/logo\/image\/\"}}]}<\/script>\n<!-- \/ Yoast SEO plugin. -->","yoast_head_json":{"title":"Como agrupar datas em uma tabela din\u00e2mica?","description":"Neste tutorial, voc\u00ea aprender\u00e1 como agrupar datas em uma tabela din\u00e2mica para melhor an\u00e1lise de dados.","robots":{"index":"index","follow":"follow","max-snippet":"max-snippet:-1","max-image-preview":"max-image-preview:large","max-video-preview":"max-video-preview:-1"},"canonical":"https:\/\/exceladvisor.org\/pt\/datas-do-grupo\/","og_locale":"pt_PT","og_type":"article","og_title":"Como agrupar datas em uma tabela din\u00e2mica?","og_description":"Neste tutorial, voc\u00ea aprender\u00e1 como agrupar datas em uma tabela din\u00e2mica para melhor an\u00e1lise de dados.","og_url":"https:\/\/exceladvisor.org\/pt\/datas-do-grupo\/","og_site_name":"Excel Advisor","article_modified_time":"2023-12-06T11:34:23+00:00","og_image":[{"url":"https:\/\/exceladvisor.org\/wp-content\/uploads\/2023\/08\/Regrouper-les-dates-dans-le-tableau-croise-dynamique-par-mois-1.gif","type":"","width":"","height":""}],"twitter_card":"summary_large_image","twitter_misc":{"Tempo estimado de leitura":"3 minutos"},"schema":{"@context":"https:\/\/schema.org","@graph":[{"@type":"WebPage","@id":"https:\/\/exceladvisor.org\/pt\/datas-do-grupo\/","url":"https:\/\/exceladvisor.org\/pt\/datas-do-grupo\/","name":"Como agrupar datas em uma tabela din\u00e2mica?","isPartOf":{"@id":"https:\/\/exceladvisor.org\/pt\/#website"},"primaryImageOfPage":{"@id":"https:\/\/exceladvisor.org\/pt\/datas-do-grupo\/#primaryimage"},"image":{"@id":"https:\/\/exceladvisor.org\/pt\/datas-do-grupo\/#primaryimage"},"thumbnailUrl":"https:\/\/exceladvisor.org\/wp-content\/uploads\/2023\/08\/Regrouper-les-dates-dans-le-tableau-croise-dynamique-par-mois-1.gif","datePublished":"2023-11-15T08:44:03+00:00","dateModified":"2023-12-06T11:34:23+00:00","description":"Neste tutorial, voc\u00ea aprender\u00e1 como agrupar datas em uma tabela din\u00e2mica para melhor an\u00e1lise de dados.","breadcrumb":{"@id":"https:\/\/exceladvisor.org\/pt\/datas-do-grupo\/#breadcrumb"},"inLanguage":"pt-PT","potentialAction":[{"@type":"ReadAction","target":["https:\/\/exceladvisor.org\/pt\/datas-do-grupo\/"]}]},{"@type":"ImageObject","inLanguage":"pt-PT","@id":"https:\/\/exceladvisor.org\/pt\/datas-do-grupo\/#primaryimage","url":"https:\/\/exceladvisor.org\/wp-content\/uploads\/2023\/08\/Regrouper-les-dates-dans-le-tableau-croise-dynamique-par-mois-1.gif","contentUrl":"https:\/\/exceladvisor.org\/wp-content\/uploads\/2023\/08\/Regrouper-les-dates-dans-le-tableau-croise-dynamique-par-mois-1.gif"},{"@type":"BreadcrumbList","@id":"https:\/\/exceladvisor.org\/pt\/datas-do-grupo\/#breadcrumb","itemListElement":[{"@type":"ListItem","position":1,"name":"Lar","item":"https:\/\/exceladvisor.org\/pt\/"},{"@type":"ListItem","position":2,"name":"Como agrupar datas em uma tabela din\u00e2mica?"}]},{"@type":"WebSite","@id":"https:\/\/exceladvisor.org\/pt\/#website","url":"https:\/\/exceladvisor.org\/pt\/","name":"Excel Advisor","description":"O seu guia definitivo para dominar os dados!","publisher":{"@id":"https:\/\/exceladvisor.org\/pt\/#organization"},"potentialAction":[{"@type":"SearchAction","target":{"@type":"EntryPoint","urlTemplate":"https:\/\/exceladvisor.org\/pt\/?s={search_term_string}"},"query-input":{"@type":"PropertyValueSpecification","valueRequired":true,"valueName":"search_term_string"}}],"inLanguage":"pt-PT"},{"@type":"Organization","@id":"https:\/\/exceladvisor.org\/pt\/#organization","name":"Excel Advisor","url":"https:\/\/exceladvisor.org\/pt\/","logo":{"@type":"ImageObject","inLanguage":"pt-PT","@id":"https:\/\/exceladvisor.org\/pt\/#\/schema\/logo\/image\/","url":"https:\/\/exceladvisor.org\/pt\/wp-content\/uploads\/2023\/12\/exceladvisor.org_.png","contentUrl":"https:\/\/exceladvisor.org\/pt\/wp-content\/uploads\/2023\/12\/exceladvisor.org_.png","width":105,"height":36,"caption":"Excel Advisor"},"image":{"@id":"https:\/\/exceladvisor.org\/pt\/#\/schema\/logo\/image\/"}}]}},"yoast_meta":{"yoast_wpseo_title":"","yoast_wpseo_metadesc":"","yoast_wpseo_canonical":""},"_links":{"self":[{"href":"https:\/\/exceladvisor.org\/pt\/wp-json\/wp\/v2\/pages\/145","targetHints":{"allow":["GET"]}}],"collection":[{"href":"https:\/\/exceladvisor.org\/pt\/wp-json\/wp\/v2\/pages"}],"about":[{"href":"https:\/\/exceladvisor.org\/pt\/wp-json\/wp\/v2\/types\/page"}],"author":[{"embeddable":true,"href":"https:\/\/exceladvisor.org\/pt\/wp-json\/wp\/v2\/users\/1"}],"replies":[{"embeddable":true,"href":"https:\/\/exceladvisor.org\/pt\/wp-json\/wp\/v2\/comments?post=145"}],"version-history":[{"count":1,"href":"https:\/\/exceladvisor.org\/pt\/wp-json\/wp\/v2\/pages\/145\/revisions"}],"predecessor-version":[{"id":821,"href":"https:\/\/exceladvisor.org\/pt\/wp-json\/wp\/v2\/pages\/145\/revisions\/821"}],"wp:attachment":[{"href":"https:\/\/exceladvisor.org\/pt\/wp-json\/wp\/v2\/media?parent=145"}],"curies":[{"name":"wp","href":"https:\/\/api.w.org\/{rel}","templated":true}]}}