{"id":146,"date":"2023-11-15T08:08:27","date_gmt":"2023-11-15T08:08:27","guid":{"rendered":"https:\/\/exceladvisor.org\/pt\/classificar-uma-tabela-dinamica\/"},"modified":"2023-12-06T11:35:18","modified_gmt":"2023-12-06T11:35:18","slug":"classificar-uma-tabela-dinamica","status":"publish","type":"page","link":"https:\/\/exceladvisor.org\/pt\/classificar-uma-tabela-dinamica\/","title":{"rendered":"Como classificar uma tabela din\u00e2mica no excel?"},"content":{"rendered":"<div class=\"excel-before-content-2\" id=\"excel-194467275\"><script type=\"text\/javascript\">\r\n\tatOptions = {\r\n\t\t'key' : 'c1158f160081d6540a8409e6925dab94',\r\n\t\t'format' : 'iframe',\r\n\t\t'height' : 250,\r\n\t\t'width' : 300,\r\n\t\t'params' : {}\r\n\t};\r\n<\/script>\r\n<script type=\"text\/javascript\" src=\"\/\/www.highperformanceformat.com\/c1158f160081d6540a8409e6925dab94\/invoke.js\"><\/script><\/div><div class=\"excel-before-content\" id=\"excel-3237137136\"><script type=\"text\/javascript\">\r\n\tatOptions = {\r\n\t\t'key' : 'c1158f160081d6540a8409e6925dab94',\r\n\t\t'format' : 'iframe',\r\n\t\t'height' : 250,\r\n\t\t'width' : 300,\r\n\t\t'params' : {}\r\n\t};\r\n<\/script>\r\n<script type=\"text\/javascript\" src=\"\/\/www.highperformanceformat.com\/c1158f160081d6540a8409e6925dab94\/invoke.js\"><\/script><\/div> <p>Sim, voc\u00ea pode classificar uma tabela din\u00e2mica no Excel. A classifica\u00e7\u00e3o pode ser feita de diferentes maneiras, dependendo de suas necessidades espec\u00edficas. Aqui est\u00e3o as etapas gerais para classificar uma tabela din\u00e2mica:<\/p><h2 class=\"wp-block-heading\"> <strong>Classificar por valores<\/strong><\/h2><p> Vamos organizar uma tabela din\u00e2mica muito b\u00e1sica. Aqui, quer\u00edamos classificar o total geral do menor para o maior para descobrir o produto mais vendido. <\/p><div class=\"wp-block-image\"><figure class=\"aligncenter size-large is-resized\"><img loading=\"lazy\" decoding=\"async\" class=\"wp-image-59372\" src=\"https:\/\/exceladvisor.org\/wp-content\/uploads\/2023\/08\/1-tri-base-sur-les-valeurs.png\" sizes=\"auto, \" srcset=\"\" alt=\"classificar com base em valores\" width=\"526\" height=\"186\"><\/figure><\/div><ol><li> Primeiro, selecione qualquer c\u00e9lula na coluna do total geral e v\u00e1 para a guia P\u00e1gina inicial. <br><img loading=\"lazy\" decoding=\"async\" title=\"guia 2-ir para casa\" src=\"https:\/\/exceladvisor.org\/wp-content\/uploads\/2023\/08\/2-aller-a-longlet-daccueil.png\" sizes=\"auto, \" srcset=\"\" alt=\"go-to-home-tab\" width=\"858\" height=\"111\"><\/li><li> Em seguida, clique em Classificar e filtrar em Edi\u00e7\u00e3o. <br><img loading=\"lazy\" decoding=\"async\" title=\"3-classifique e filtre durante a edi\u00e7\u00e3o\" src=\"https:\/\/exceladvisor.org\/wp-content\/uploads\/2023\/08\/3-trier-et-filtrer-sous-edition.png\" sizes=\"auto, \" srcset=\"\" alt=\"sort-and-filter-under-editing\" width=\"835\" height=\"108\"><\/li><li> Ap\u00f3s clicar na op\u00e7\u00e3o Classificar e Filtrar, uma lista suspensa aparecer\u00e1. <br><img loading=\"lazy\" decoding=\"async\" title=\"4 op\u00e7\u00f5es de classifica\u00e7\u00e3o e filtragem\" src=\"https:\/\/exceladvisor.org\/wp-content\/uploads\/2023\/08\/4-options-de-tri-et-de-filtrage.png\" sizes=\"auto, \" srcset=\"\" alt=\"sort-and-filter-option\" width=\"187\" height=\"233\"><\/li><li> Aqui voc\u00ea encontrar\u00e1 a op\u00e7\u00e3o necess\u00e1ria \u201cClassificar do maior para o menor\u201d. Apenas um clique para classificar seus dados. <br><img loading=\"lazy\" decoding=\"async\" title=\"5 feiti\u00e7os do maior ao menor\" src=\"https:\/\/exceladvisor.org\/wp-content\/uploads\/2023\/08\/5-trier-du-plus-grand-au-plus-petit.png\" sizes=\"auto, \" srcset=\"\" alt=\"sort-largest-to-smallest\" width=\"187\" height=\"232\"><\/li><li> Finalmente, os dados s\u00e3o classificados. <br><img loading=\"lazy\" decoding=\"async\" title=\"6 dados classificados\" src=\"https:\/\/exceladvisor.org\/wp-content\/uploads\/2023\/08\/6-donnees-triees.png\" sizes=\"auto, \" srcset=\"\" alt=\"sorted-data\" width=\"517\" height=\"180\"><\/li><\/ol><p> Da mesma forma, voc\u00ea pode classificar os dados do menor para o maior valor seguindo as mesmas etapas.<\/p><ol><li> Para come\u00e7ar, clique novamente em qualquer c\u00e9lula da linha de total. <br><img loading=\"lazy\" decoding=\"async\" title=\"7 cliques em qualquer c\u00e9lula da linha total\" src=\"https:\/\/exceladvisor.org\/wp-content\/uploads\/2023\/08\/7-cliquez-sur-nimporte-quelle-cellule-dans-la-ligne-totale.png\" sizes=\"auto, \" srcset=\"\" alt=\"click-any-cell-in-total-row\" width=\"513\" height=\"182\"><\/li><li> Agora v\u00e1 para Home \u2192 Classificar e Filtrar. <br><img loading=\"lazy\" decoding=\"async\" title=\"Classifique e filtre em 8 cliques\" src=\"https:\/\/exceladvisor.org\/wp-content\/uploads\/2023\/08\/Trier-et-filtrer-en-8-clics.png\" sizes=\"auto, \" srcset=\"\" alt=\"click-sort-and-filter\" width=\"882\" height=\"114\"><\/li><li> A partir da\u00ed, clique do Maior para o Menor. <br><img loading=\"lazy\" decoding=\"async\" title=\"9 classificar do maior para o menor\" src=\"https:\/\/exceladvisor.org\/wp-content\/uploads\/2023\/08\/9-trier-du-plus-grand-au-plus-petit.png\" sizes=\"auto, \" srcset=\"\" alt=\"sort-largest-to-smallest\" width=\"197\" height=\"245\"><\/li><li> A linha total \u00e9 classificada da maior para a menor. <br><img loading=\"lazy\" decoding=\"async\" title=\"Total de 10 linhas classificadas\" src=\"https:\/\/exceladvisor.org\/wp-content\/uploads\/2023\/08\/10-lignes-au-total-triees.png\" sizes=\"auto, \" srcset=\"\" alt=\"total-row-sorted\" width=\"499\" height=\"170\"><\/li><\/ol><p> Aqui na tabela din\u00e2mica acima, o total geral de colunas e linhas s\u00e3o classificados do maior para o menor valor.<\/p><h2 class=\"wp-block-heading\"> <strong>Classifica\u00e7\u00e3o personalizada de uma tabela din\u00e2mica<\/strong><\/h2><p> Imagine, agora voc\u00ea tem que classificar o Bolo de Produto do \u201cmenor para o maior\u201d ou vice-versa. Voc\u00ea pode fazer isso usando uma op\u00e7\u00e3o de classifica\u00e7\u00e3o personalizada.<\/p><ol><li> Clique em qualquer valor na linha Bolo, excluindo o total geral, porque n\u00e3o classificamos os totais gerais. <br><img loading=\"lazy\" decoding=\"async\" title=\"11 tipos personalizados girat\u00f3rios\" src=\"https:\/\/exceladvisor.org\/wp-content\/uploads\/2023\/08\/11-tri-personnalise-dun-tableau-croise-dynamique.png\" sizes=\"auto, \" srcset=\"\" alt=\"custom-sort-a-pivot-table\" width=\"516\" height=\"180\"><\/li><li> Agora clique em In\u00edcio \u2192 Classificar e editar. <br><img loading=\"lazy\" decoding=\"async\" title=\"12 classificar e editar\" src=\"https:\/\/exceladvisor.org\/wp-content\/uploads\/2023\/08\/12-trier-et-editer.png\" sizes=\"auto, \" srcset=\"\" alt=\"sort-and-editing\" width=\"896\" height=\"114\"><\/li><li> Depois de clicar na seta suspensa, clique em Classifica\u00e7\u00e3o personalizada. <br><img loading=\"lazy\" decoding=\"async\" title=\"Classifica\u00e7\u00e3o personalizada em 13 cliques\" src=\"https:\/\/exceladvisor.org\/wp-content\/uploads\/2023\/08\/Tri-personnalise-en-13-clics.png\" sizes=\"auto, \" srcset=\"\" alt=\"click-custom-sort\" width=\"194\" height=\"236\"><\/li><li> Aqui voc\u00ea abrir\u00e1 a janela \u201cClassificar por valor\u201d. <br><img loading=\"lazy\" decoding=\"async\" title=\"14 op\u00e7\u00f5es de classifica\u00e7\u00e3o por valor\" src=\"https:\/\/exceladvisor.org\/wp-content\/uploads\/2023\/08\/14-option-de-tri-par-valeur.png\" sizes=\"auto, \" srcset=\"\" alt=\"sort-by-value-option\" width=\"360\" height=\"263\"><\/li><li> Agora selecione Do maior para o menor em Op\u00e7\u00e3o de classifica\u00e7\u00e3o. <br><img loading=\"lazy\" decoding=\"async\" title=\"15 sele\u00e7\u00f5es do maior ao menor\" src=\"https:\/\/exceladvisor.org\/wp-content\/uploads\/2023\/08\/15-selectionner-du-plus-grand-au-plus-petit.png\" sizes=\"auto, \" srcset=\"\" alt=\"select-largest-to-smallest\" width=\"360\" height=\"263\"><\/li><li> Da mesma forma, selecione a dire\u00e7\u00e3o de classifica\u00e7\u00e3o. Como aqui, queremos classificar da esquerda para a direita, ent\u00e3o selecionaremos da esquerda para a direita. <br><img loading=\"lazy\" decoding=\"async\" title=\"16-selecionar-dire\u00e7\u00e3o de classifica\u00e7\u00e3o\" src=\"https:\/\/exceladvisor.org\/wp-content\/uploads\/2023\/08\/16-selectionner-le-sens-du-tri.png\" sizes=\"auto, \" srcset=\"\" alt=\"select-the-sort-direction\" width=\"360\" height=\"263\"><\/li><li> Aqui estamos. Agora voc\u00ea pode descobrir facilmente qual m\u00eas teve as vendas mais altas e mais baixas. <br><img loading=\"lazy\" decoding=\"async\" title=\"Dados classificados em ordem de 17 meses\" src=\"https:\/\/exceladvisor.org\/wp-content\/uploads\/2023\/08\/Donnees-triees-sur-17-mois.png\" sizes=\"auto, \" srcset=\"\" alt=\"month-wise-sorted-data\" width=\"518\" height=\"180\"><\/li><\/ol><p> Agora, e se voc\u00ea precisar fazer uma pequena altera\u00e7\u00e3o diferente do modelo selecionado em seu piv\u00f4.<\/p><p> Por exemplo, voc\u00ea tem dados de vendas de janeiro a dezembro. Suponha que voc\u00ea trouxesse o m\u00eas atual, digamos agosto, para o topo? Isso n\u00e3o se enquadra em nenhum modelo definido.<\/p><p> N\u00e3o se preocupe, \u00e9 poss\u00edvel. Nesses casos, voc\u00ea pode classificar a tabela din\u00e2mica manualmente. Aqui est\u00e1 um exemplo simples. <\/p><div class=\"wp-block-image\"><figure class=\"aligncenter size-large is-resized\"><img loading=\"lazy\" decoding=\"async\" class=\"wp-image-59409\" src=\"https:\/\/exceladvisor.org\/wp-content\/uploads\/2023\/08\/18-trier-le-tableau-croise-dynamique-manuellement.png\" sizes=\"auto, \" srcset=\"\" alt=\"classificar-pivot-array-manualmente\" width=\"481\" height=\"301\"><\/figure><\/div><p> Agora na tabela acima temos os dados organizados de janeiro a dezembro em colunas e pa\u00edses ordenados alfabeticamente. Siga as etapas abaixo para trazer \u201cAgosto\u201d para a primeira coluna e \u201c\u00cdndia\u201d para a linha superior.<\/p><ol><li> Primeiro, selecione o cabe\u00e7alho da coluna para a qual deseja mover. Assim como aqui, queremos mudar o m\u00eas de agosto. Ent\u00e3o, vamos selecionar a c\u00e9lula Aug. <br><img loading=\"lazy\" decoding=\"async\" title=\"Cabe\u00e7alho de coluna de sele\u00e7\u00e3o de 19\" src=\"https:\/\/exceladvisor.org\/wp-content\/uploads\/2023\/08\/19-selectionner-len-tete-de-colonne.png\" sizes=\"auto, \" srcset=\"\" alt=\"select-the-header-of-column\" width=\"675\" height=\"280\"><\/li><li> Lembre-se, s\u00f3 precisamos selecionar a c\u00e9lula do cabe\u00e7alho.<\/li><li> Agora, depois de mover o cursor para a borda da c\u00e9lula selecionada, um cursor de movimento de objeto aparecer\u00e1. <br><img loading=\"lazy\" decoding=\"async\" title=\"20 c\u00e9lulas de cabe\u00e7alho de sele\u00e7\u00e3o\" src=\"https:\/\/exceladvisor.org\/wp-content\/uploads\/2023\/08\/20-selectionnez-la-cellule-den-tete.png\" sizes=\"auto, \" srcset=\"\" alt=\"select-the-header-cell\" width=\"450\" height=\"279\"><\/li><li> Depois disso, clique com o mouse e arraste a coluna para a posi\u00e7\u00e3o para onde deseja mover. Aqui vamos arrast\u00e1-lo para a primeira coluna. <br><img loading=\"lazy\" decoding=\"async\" title=\"Coluna de 21 slides para posi\u00e7\u00e3o\" src=\"https:\/\/exceladvisor.org\/wp-content\/uploads\/2023\/08\/21-faites-glisser-la-colonne-vers-la-position.png\" sizes=\"auto, \" srcset=\"\" alt=\"drag-the-column-to-the-position\" width=\"684\" height=\"284\"><\/li><li> Da mesma forma, repita os passos com o pa\u00eds.<\/li><li> Selecione &#8220;\u00cdndia&#8221; e mova o cursor na borda para obter o cursor de movimento e apenas arraste-o para a primeira posi\u00e7\u00e3o. <br><img loading=\"lazy\" decoding=\"async\" title=\"22 deslize para a primeira posi\u00e7\u00e3o\" src=\"https:\/\/exceladvisor.org\/wp-content\/uploads\/2023\/08\/22-glisser-vers-la-premiere-position.png\" sizes=\"auto, \" srcset=\"\" alt=\"drag-to-first-position\" width=\"484\" height=\"311\"><\/li><\/ol><h2 class=\"wp-block-heading\"> <strong>Classificar em ordem alfab\u00e9tica<\/strong><\/h2><p> Agora vamos classificar os pa\u00edses em ordem alfab\u00e9tica para conveni\u00eancia do nosso p\u00fablico. Isso pode ser feito de duas maneiras diferentes. <\/p><div class=\"wp-block-image\"><figure class=\"aligncenter size-large is-resized\"><img loading=\"lazy\" decoding=\"async\" class=\"wp-image-59418\" src=\"https:\/\/exceladvisor.org\/wp-content\/uploads\/2023\/08\/23-trier-par-ordre-alphabetique.png\" sizes=\"auto, \" srcset=\"\" alt=\"classificar em ordem alfab\u00e9tica\" width=\"296\" height=\"227\"><\/figure><\/div><ol><li> Para come\u00e7ar, clique na c\u00e9lula superior \u201c\u00cdndia\u201d neste exemplo. <br><img loading=\"lazy\" decoding=\"async\" title=\"24 cliques na c\u00e9lula superior\" src=\"https:\/\/exceladvisor.org\/wp-content\/uploads\/2023\/08\/24-cliquez-sur-la-cellule-du-haut.png\" sizes=\"auto, \" srcset=\"\" alt=\"click-the-top-cell\" width=\"281\" height=\"213\"><\/li><li> Agora clique na guia In\u00edcio e v\u00e1 para o bot\u00e3o Classificar e Filtrar. <br><img loading=\"lazy\" decoding=\"async\" title=\"Classifique e filtre em 25 etapas\" src=\"https:\/\/exceladvisor.org\/wp-content\/uploads\/2023\/08\/25-aller-pour-trier-et-filtrer.png\" sizes=\"auto, \" srcset=\"\" alt=\"go-to-sort-and-filter\" width=\"135\" height=\"227\"><\/li><li> Clique aqui na op\u00e7\u00e3o \u201cClassificar de A a Z\u201d. <br><img loading=\"lazy\" decoding=\"async\" title=\"26 feiti\u00e7os de A a Z\" src=\"https:\/\/exceladvisor.org\/wp-content\/uploads\/2023\/08\/26-trier-de-a-a-z.png\" sizes=\"auto, \" srcset=\"\" alt=\"sort-A-to-Z\" width=\"134\" height=\"154\"><\/li><li> Os dados s\u00e3o classificados. Agora voc\u00ea v\u00ea que os pa\u00edses est\u00e3o classificados em ordem alfab\u00e9tica de A a Z. <br><img loading=\"lazy\" decoding=\"async\" title=\"27 dados classificados\" src=\"https:\/\/exceladvisor.org\/wp-content\/uploads\/2023\/08\/27-donnees-triees.png\" sizes=\"auto, \" srcset=\"\" alt=\"sorted-data\" width=\"290\" height=\"222\"><\/li><\/ol><p> Voc\u00ea tamb\u00e9m pode usar as etapas a seguir para usar outro m\u00e9todo de classifica\u00e7\u00e3o em ordem alfab\u00e9tica.<\/p><ol><li> Selecione a c\u00e9lula do cabe\u00e7alho, ou seja, \u201cPa\u00eds\u201d na tabela din\u00e2mica. <br><img loading=\"lazy\" decoding=\"async\" title=\"28 c\u00e9lulas de cabe\u00e7alho de sele\u00e7\u00e3o\" src=\"https:\/\/exceladvisor.org\/wp-content\/uploads\/2023\/08\/28-selectionner-la-cellule-den-tete.png\" sizes=\"auto, \" srcset=\"\" alt=\"select-the-header-cell\" width=\"292\" height=\"222\"><\/li><li> Agora clique na pequena seta suspensa ao lado de \u201cPa\u00eds\u201d. <br><img loading=\"lazy\" decoding=\"async\" title=\"29 cliques na lista suspensa\" src=\"https:\/\/exceladvisor.org\/wp-content\/uploads\/2023\/08\/29-cliquez-sur-le-menu-deroulant.png\" sizes=\"auto, \" srcset=\"\" alt=\"click-on-drop-down\" width=\"228\" height=\"341\"><\/li><li> Agora clique na primeira op\u00e7\u00e3o, ou seja, \u201cClassificar de A a Z\u201d. <br><img loading=\"lazy\" decoding=\"async\" title=\"30 feiti\u00e7os de A a Z\" src=\"https:\/\/exceladvisor.org\/wp-content\/uploads\/2023\/08\/30-trier-de-a-a-z.png\" sizes=\"auto, \" srcset=\"\" alt=\"sort-A-to-Z\" width=\"226\" height=\"337\"><\/li><li> Aqui estamos. Os pa\u00edses est\u00e3o listados em ordem alfab\u00e9tica de A a Z. <br><img loading=\"lazy\" decoding=\"async\" title=\"31 dados classificados de A a Z\" src=\"https:\/\/exceladvisor.org\/wp-content\/uploads\/2023\/08\/31-donnees-triees-de-a-a-z.png\" sizes=\"auto, \" srcset=\"\" alt=\"sorted-data-A-to-Z\" width=\"281\" height=\"216\"><\/li><\/ol>","protected":false},"excerpt":{"rendered":"","protected":false},"author":1,"featured_media":0,"parent":0,"menu_order":0,"comment_status":"open","ping_status":"closed","template":"","meta":{"ub_ctt_via":"","footnotes":""},"class_list":["post-146","page","type-page","status-publish","hentry"],"featured_image_src":null,"yoast_head":"<!-- This site is optimized with the Yoast SEO plugin v25.4 - https:\/\/yoast.com\/wordpress\/plugins\/seo\/ -->\n<title>Como classificar uma tabela din\u00e2mica no Excel?<\/title>\n<meta name=\"description\" content=\"Neste tutorial, voc\u00ea aprender\u00e1 como classificar uma tabela din\u00e2mica usando diferentes m\u00e9todos que podem ajud\u00e1-lo a classificar\" \/>\n<meta name=\"robots\" content=\"index, follow, max-snippet:-1, max-image-preview:large, max-video-preview:-1\" \/>\n<link rel=\"canonical\" href=\"https:\/\/exceladvisor.org\/pt\/classificar-uma-tabela-dinamica\/\" \/>\n<meta property=\"og:locale\" content=\"pt_PT\" \/>\n<meta property=\"og:type\" content=\"article\" \/>\n<meta property=\"og:title\" content=\"Como classificar uma tabela din\u00e2mica no Excel?\" \/>\n<meta property=\"og:description\" content=\"Neste tutorial, voc\u00ea aprender\u00e1 como classificar uma tabela din\u00e2mica usando diferentes m\u00e9todos que podem ajud\u00e1-lo a classificar\" \/>\n<meta property=\"og:url\" content=\"https:\/\/exceladvisor.org\/pt\/classificar-uma-tabela-dinamica\/\" \/>\n<meta property=\"og:site_name\" content=\"Excel Advisor\" \/>\n<meta property=\"article:modified_time\" content=\"2023-12-06T11:35:18+00:00\" \/>\n<meta property=\"og:image\" content=\"https:\/\/exceladvisor.org\/wp-content\/uploads\/2023\/08\/1-tri-base-sur-les-valeurs.png\" \/>\n<meta name=\"twitter:card\" content=\"summary_large_image\" \/>\n<meta name=\"twitter:label1\" content=\"Tempo estimado de leitura\" \/>\n\t<meta name=\"twitter:data1\" content=\"4 minutos\" \/>\n<script type=\"application\/ld+json\" class=\"yoast-schema-graph\">{\"@context\":\"https:\/\/schema.org\",\"@graph\":[{\"@type\":\"WebPage\",\"@id\":\"https:\/\/exceladvisor.org\/pt\/classificar-uma-tabela-dinamica\/\",\"url\":\"https:\/\/exceladvisor.org\/pt\/classificar-uma-tabela-dinamica\/\",\"name\":\"Como classificar uma tabela din\u00e2mica no Excel?\",\"isPartOf\":{\"@id\":\"https:\/\/exceladvisor.org\/pt\/#website\"},\"primaryImageOfPage\":{\"@id\":\"https:\/\/exceladvisor.org\/pt\/classificar-uma-tabela-dinamica\/#primaryimage\"},\"image\":{\"@id\":\"https:\/\/exceladvisor.org\/pt\/classificar-uma-tabela-dinamica\/#primaryimage\"},\"thumbnailUrl\":\"https:\/\/exceladvisor.org\/wp-content\/uploads\/2023\/08\/1-tri-base-sur-les-valeurs.png\",\"datePublished\":\"2023-11-15T08:08:27+00:00\",\"dateModified\":\"2023-12-06T11:35:18+00:00\",\"description\":\"Neste tutorial, voc\u00ea aprender\u00e1 como classificar uma tabela din\u00e2mica usando diferentes m\u00e9todos que podem ajud\u00e1-lo a classificar\",\"breadcrumb\":{\"@id\":\"https:\/\/exceladvisor.org\/pt\/classificar-uma-tabela-dinamica\/#breadcrumb\"},\"inLanguage\":\"pt-PT\",\"potentialAction\":[{\"@type\":\"ReadAction\",\"target\":[\"https:\/\/exceladvisor.org\/pt\/classificar-uma-tabela-dinamica\/\"]}]},{\"@type\":\"ImageObject\",\"inLanguage\":\"pt-PT\",\"@id\":\"https:\/\/exceladvisor.org\/pt\/classificar-uma-tabela-dinamica\/#primaryimage\",\"url\":\"https:\/\/exceladvisor.org\/wp-content\/uploads\/2023\/08\/1-tri-base-sur-les-valeurs.png\",\"contentUrl\":\"https:\/\/exceladvisor.org\/wp-content\/uploads\/2023\/08\/1-tri-base-sur-les-valeurs.png\"},{\"@type\":\"BreadcrumbList\",\"@id\":\"https:\/\/exceladvisor.org\/pt\/classificar-uma-tabela-dinamica\/#breadcrumb\",\"itemListElement\":[{\"@type\":\"ListItem\",\"position\":1,\"name\":\"Lar\",\"item\":\"https:\/\/exceladvisor.org\/pt\/\"},{\"@type\":\"ListItem\",\"position\":2,\"name\":\"Como classificar uma tabela din\u00e2mica no excel?\"}]},{\"@type\":\"WebSite\",\"@id\":\"https:\/\/exceladvisor.org\/pt\/#website\",\"url\":\"https:\/\/exceladvisor.org\/pt\/\",\"name\":\"Excel Advisor\",\"description\":\"O seu guia definitivo para dominar os dados!\",\"publisher\":{\"@id\":\"https:\/\/exceladvisor.org\/pt\/#organization\"},\"potentialAction\":[{\"@type\":\"SearchAction\",\"target\":{\"@type\":\"EntryPoint\",\"urlTemplate\":\"https:\/\/exceladvisor.org\/pt\/?s={search_term_string}\"},\"query-input\":{\"@type\":\"PropertyValueSpecification\",\"valueRequired\":true,\"valueName\":\"search_term_string\"}}],\"inLanguage\":\"pt-PT\"},{\"@type\":\"Organization\",\"@id\":\"https:\/\/exceladvisor.org\/pt\/#organization\",\"name\":\"Excel Advisor\",\"url\":\"https:\/\/exceladvisor.org\/pt\/\",\"logo\":{\"@type\":\"ImageObject\",\"inLanguage\":\"pt-PT\",\"@id\":\"https:\/\/exceladvisor.org\/pt\/#\/schema\/logo\/image\/\",\"url\":\"https:\/\/exceladvisor.org\/pt\/wp-content\/uploads\/2023\/12\/exceladvisor.org_.png\",\"contentUrl\":\"https:\/\/exceladvisor.org\/pt\/wp-content\/uploads\/2023\/12\/exceladvisor.org_.png\",\"width\":105,\"height\":36,\"caption\":\"Excel Advisor\"},\"image\":{\"@id\":\"https:\/\/exceladvisor.org\/pt\/#\/schema\/logo\/image\/\"}}]}<\/script>\n<!-- \/ Yoast SEO plugin. -->","yoast_head_json":{"title":"Como classificar uma tabela din\u00e2mica no Excel?","description":"Neste tutorial, voc\u00ea aprender\u00e1 como classificar uma tabela din\u00e2mica usando diferentes m\u00e9todos que podem ajud\u00e1-lo a classificar","robots":{"index":"index","follow":"follow","max-snippet":"max-snippet:-1","max-image-preview":"max-image-preview:large","max-video-preview":"max-video-preview:-1"},"canonical":"https:\/\/exceladvisor.org\/pt\/classificar-uma-tabela-dinamica\/","og_locale":"pt_PT","og_type":"article","og_title":"Como classificar uma tabela din\u00e2mica no Excel?","og_description":"Neste tutorial, voc\u00ea aprender\u00e1 como classificar uma tabela din\u00e2mica usando diferentes m\u00e9todos que podem ajud\u00e1-lo a classificar","og_url":"https:\/\/exceladvisor.org\/pt\/classificar-uma-tabela-dinamica\/","og_site_name":"Excel Advisor","article_modified_time":"2023-12-06T11:35:18+00:00","og_image":[{"url":"https:\/\/exceladvisor.org\/wp-content\/uploads\/2023\/08\/1-tri-base-sur-les-valeurs.png","type":"","width":"","height":""}],"twitter_card":"summary_large_image","twitter_misc":{"Tempo estimado de leitura":"4 minutos"},"schema":{"@context":"https:\/\/schema.org","@graph":[{"@type":"WebPage","@id":"https:\/\/exceladvisor.org\/pt\/classificar-uma-tabela-dinamica\/","url":"https:\/\/exceladvisor.org\/pt\/classificar-uma-tabela-dinamica\/","name":"Como classificar uma tabela din\u00e2mica no Excel?","isPartOf":{"@id":"https:\/\/exceladvisor.org\/pt\/#website"},"primaryImageOfPage":{"@id":"https:\/\/exceladvisor.org\/pt\/classificar-uma-tabela-dinamica\/#primaryimage"},"image":{"@id":"https:\/\/exceladvisor.org\/pt\/classificar-uma-tabela-dinamica\/#primaryimage"},"thumbnailUrl":"https:\/\/exceladvisor.org\/wp-content\/uploads\/2023\/08\/1-tri-base-sur-les-valeurs.png","datePublished":"2023-11-15T08:08:27+00:00","dateModified":"2023-12-06T11:35:18+00:00","description":"Neste tutorial, voc\u00ea aprender\u00e1 como classificar uma tabela din\u00e2mica usando diferentes m\u00e9todos que podem ajud\u00e1-lo a classificar","breadcrumb":{"@id":"https:\/\/exceladvisor.org\/pt\/classificar-uma-tabela-dinamica\/#breadcrumb"},"inLanguage":"pt-PT","potentialAction":[{"@type":"ReadAction","target":["https:\/\/exceladvisor.org\/pt\/classificar-uma-tabela-dinamica\/"]}]},{"@type":"ImageObject","inLanguage":"pt-PT","@id":"https:\/\/exceladvisor.org\/pt\/classificar-uma-tabela-dinamica\/#primaryimage","url":"https:\/\/exceladvisor.org\/wp-content\/uploads\/2023\/08\/1-tri-base-sur-les-valeurs.png","contentUrl":"https:\/\/exceladvisor.org\/wp-content\/uploads\/2023\/08\/1-tri-base-sur-les-valeurs.png"},{"@type":"BreadcrumbList","@id":"https:\/\/exceladvisor.org\/pt\/classificar-uma-tabela-dinamica\/#breadcrumb","itemListElement":[{"@type":"ListItem","position":1,"name":"Lar","item":"https:\/\/exceladvisor.org\/pt\/"},{"@type":"ListItem","position":2,"name":"Como classificar uma tabela din\u00e2mica no excel?"}]},{"@type":"WebSite","@id":"https:\/\/exceladvisor.org\/pt\/#website","url":"https:\/\/exceladvisor.org\/pt\/","name":"Excel Advisor","description":"O seu guia definitivo para dominar os dados!","publisher":{"@id":"https:\/\/exceladvisor.org\/pt\/#organization"},"potentialAction":[{"@type":"SearchAction","target":{"@type":"EntryPoint","urlTemplate":"https:\/\/exceladvisor.org\/pt\/?s={search_term_string}"},"query-input":{"@type":"PropertyValueSpecification","valueRequired":true,"valueName":"search_term_string"}}],"inLanguage":"pt-PT"},{"@type":"Organization","@id":"https:\/\/exceladvisor.org\/pt\/#organization","name":"Excel Advisor","url":"https:\/\/exceladvisor.org\/pt\/","logo":{"@type":"ImageObject","inLanguage":"pt-PT","@id":"https:\/\/exceladvisor.org\/pt\/#\/schema\/logo\/image\/","url":"https:\/\/exceladvisor.org\/pt\/wp-content\/uploads\/2023\/12\/exceladvisor.org_.png","contentUrl":"https:\/\/exceladvisor.org\/pt\/wp-content\/uploads\/2023\/12\/exceladvisor.org_.png","width":105,"height":36,"caption":"Excel Advisor"},"image":{"@id":"https:\/\/exceladvisor.org\/pt\/#\/schema\/logo\/image\/"}}]}},"yoast_meta":{"yoast_wpseo_title":"","yoast_wpseo_metadesc":"","yoast_wpseo_canonical":""},"_links":{"self":[{"href":"https:\/\/exceladvisor.org\/pt\/wp-json\/wp\/v2\/pages\/146","targetHints":{"allow":["GET"]}}],"collection":[{"href":"https:\/\/exceladvisor.org\/pt\/wp-json\/wp\/v2\/pages"}],"about":[{"href":"https:\/\/exceladvisor.org\/pt\/wp-json\/wp\/v2\/types\/page"}],"author":[{"embeddable":true,"href":"https:\/\/exceladvisor.org\/pt\/wp-json\/wp\/v2\/users\/1"}],"replies":[{"embeddable":true,"href":"https:\/\/exceladvisor.org\/pt\/wp-json\/wp\/v2\/comments?post=146"}],"version-history":[{"count":1,"href":"https:\/\/exceladvisor.org\/pt\/wp-json\/wp\/v2\/pages\/146\/revisions"}],"predecessor-version":[{"id":894,"href":"https:\/\/exceladvisor.org\/pt\/wp-json\/wp\/v2\/pages\/146\/revisions\/894"}],"wp:attachment":[{"href":"https:\/\/exceladvisor.org\/pt\/wp-json\/wp\/v2\/media?parent=146"}],"curies":[{"name":"wp","href":"https:\/\/api.w.org\/{rel}","templated":true}]}}