{"id":147,"date":"2023-11-15T07:48:42","date_gmt":"2023-11-15T07:48:42","guid":{"rendered":"https:\/\/exceladvisor.org\/pt\/zona-de-texto\/"},"modified":"2023-12-06T11:38:12","modified_gmt":"2023-12-06T11:38:12","slug":"zona-de-texto","status":"publish","type":"page","link":"https:\/\/exceladvisor.org\/pt\/zona-de-texto\/","title":{"rendered":"Como inserir uma caixa de texto no excel?"},"content":{"rendered":"<div class=\"excel-before-content-2\" id=\"excel-1282417101\"><script type=\"text\/javascript\">\r\n\tatOptions = {\r\n\t\t'key' : 'c1158f160081d6540a8409e6925dab94',\r\n\t\t'format' : 'iframe',\r\n\t\t'height' : 250,\r\n\t\t'width' : 300,\r\n\t\t'params' : {}\r\n\t};\r\n<\/script>\r\n<script type=\"text\/javascript\" src=\"\/\/www.highperformanceformat.com\/c1158f160081d6540a8409e6925dab94\/invoke.js\"><\/script><\/div><div class=\"excel-before-content\" id=\"excel-363843351\"><script type=\"text\/javascript\">\r\n\tatOptions = {\r\n\t\t'key' : 'c1158f160081d6540a8409e6925dab94',\r\n\t\t'format' : 'iframe',\r\n\t\t'height' : 250,\r\n\t\t'width' : 300,\r\n\t\t'params' : {}\r\n\t};\r\n<\/script>\r\n<script type=\"text\/javascript\" src=\"\/\/www.highperformanceformat.com\/c1158f160081d6540a8409e6925dab94\/invoke.js\"><\/script><\/div> <p>Ao inserir uma caixa de texto no Excel, voc\u00ea pode adicionar texto a ela e mov\u00ea-la para qualquer lugar da planilha. Voc\u00ea tamb\u00e9m pode personaliz\u00e1-lo alterando o estilo da fonte, contorno, cor, etc.<\/p><p> Neste tutorial, voc\u00ea aprender\u00e1 todos os m\u00e9todos para inseri-lo, bem como as propriedades e op\u00e7\u00f5es que o acompanham. Vamos come\u00e7ar.<\/p><h2 class=\"wp-block-heading\"> Etapas para inserir caixa de texto no Excel<\/h2><p> Para adicionar uma caixa de texto \u00e0 sua planilha, siga as etapas abaixo:<\/p><ol><li> Primeiro, v\u00e1 para a guia Inserir e clique em \u201cTexto\u201d e selecione \u201cCaixa de Texto\u201d na faixa de op\u00e7\u00f5es. <br><img loading=\"lazy\" decoding=\"async\" title=\"1-inserir \u00e1rea de texto de texto\" src=\"https:\/\/exceladvisor.org\/wp-content\/uploads\/2023\/08\/1-zone-de-texte-dinsertion-de-texte.png\" sizes=\"auto, \" srcset=\"\" alt=\"insert-text-textbox\" width=\"946\" height=\"186\"><\/li><li> Em seguida, na planilha Excel, coloque o cursor no local onde deseja adicionar a caixa de texto e arraste-o para baixo segurando o bot\u00e3o esquerdo do mouse. <br><img loading=\"lazy\" decoding=\"async\" title=\"2-adicionar-uma-\u00e1rea-de-texto-na-planilha\" src=\"https:\/\/exceladvisor.org\/wp-content\/uploads\/2023\/08\/2-ajouter-une-zone-de-texte-dans-la-feuille-de-calcul.png\" sizes=\"auto, \" srcset=\"\" alt=\"add-text-box-in-worksheet\" width=\"491\" height=\"305\"><\/li><li> Agora voc\u00ea ver\u00e1 o cursor dentro da caixa de texto para escrever qualquer coisa l\u00e1.<\/li><li> Basta come\u00e7ar a digitar e inserir o texto que deseja inserir. <br><img loading=\"lazy\" decoding=\"async\" title=\"3-adicionar texto na \u00e1rea de texto\" src=\"https:\/\/exceladvisor.org\/wp-content\/uploads\/2023\/08\/3-ajouter-du-texte-dans-la-zone-de-texte.png\" sizes=\"auto, \" srcset=\"\" alt=\"add-text-into-the-textbox\" width=\"514\" height=\"318\"><\/li><\/ol><p class=\"mytip\"> Existe um <a href=\"https:\/\/exceladvisor.org\/pt\/atalhos-do-teclado\/\">atalho de teclado<\/a> que voc\u00ea pode usar para inserir uma caixa de texto no Excel <kbd>Alt<\/kbd> \u21e2 <kbd>N<\/kbd> \u21e2 <kbd>X.<\/kbd><\/p><h2 class=\"wp-block-heading\"> Adicione uma caixa de texto de formas<\/h2><ol><li> Primeiro, v\u00e1 at\u00e9 a aba Inserir, clique em \u201cIlustra\u00e7\u00f5es\u201d e selecione \u201cFormas\u201d. <br><img loading=\"lazy\" decoding=\"async\" title=\"4-insira ent\u00e3o a arte e selecione as formas\" src=\"https:\/\/exceladvisor.org\/wp-content\/uploads\/2023\/08\/4-inserez-ensuite-des-illustrations-et-selectionnez-des-formes.png\" sizes=\"auto, \" srcset=\"\" alt=\"insert-then-illustrations-and-select-shapes\" width=\"405\" height=\"222\"><\/li><li> Agora selecione a caixa de texto na lista de formas. <br><img loading=\"lazy\" decoding=\"async\" title=\"5 selecione a caixa de texto das formas\" src=\"https:\/\/exceladvisor.org\/wp-content\/uploads\/2023\/08\/5-selectionner-une-zone-de-texte-a-partir-de-formes.png\" sizes=\"auto, \" srcset=\"\" alt=\"select-text-box-from-shapes\" width=\"323\" height=\"509\"><\/li><li> Depois disso, clique no local da planilha onde deseja inseri-lo.<\/li><li> No final, adicione o texto na caixa de texto como desejar. <br><img loading=\"lazy\" decoding=\"async\" title=\"6-caixa de texto com texto pronto\" src=\"https:\/\/exceladvisor.org\/wp-content\/uploads\/2023\/08\/6-zone-de-texte-avec-le-texte-est-pret.png\" sizes=\"auto, \" srcset=\"\" alt=\"text-box-with-text-is-ready\" width=\"361\" height=\"170\"><\/li><\/ol><h2 class=\"wp-block-heading\"> Formatando a caixa de texto<\/h2><p> Depois de adicionar a caixa de texto, voc\u00ea pode alterar sua formata\u00e7\u00e3o alterando sua forma, fonte, estilo da fonte, tamanho, cor, etc. Ao selecionar a caixa de texto, voc\u00ea obt\u00e9m uma nova guia na faixa de op\u00e7\u00f5es chamada \u201c <strong>Formato de forma<\/strong> \u201d. <\/p><div class=\"wp-block-image\"><figure class=\"aligncenter size-full is-resized\"><img loading=\"lazy\" decoding=\"async\" class=\"wp-image-72878\" src=\"https:\/\/exceladvisor.org\/wp-content\/uploads\/2023\/08\/7-nouveau-format-de-forme-donglet-dans-le-ruban.png\" sizes=\"auto, \" srcset=\"\" alt=\"formato de nova guia na faixa de op\u00e7\u00f5es\" width=\"455\" height=\"385\"><\/figure><\/div><h3 class=\"wp-block-heading\"> Editando formas e editando pontos<\/h3><p> H\u00e1 uma variedade de formas dispon\u00edveis na lista suspensa para adicionar o texto. <\/p><div class=\"wp-block-image\"><figure class=\"aligncenter size-full is-resized\"><img loading=\"lazy\" decoding=\"async\" class=\"wp-image-72879\" src=\"https:\/\/exceladvisor.org\/wp-content\/uploads\/2023\/08\/8-formes-dinsertion-du-groupe-de-formes-1.png\" sizes=\"auto, \" srcset=\"\" alt=\"inserir formas do grupo de formas\" width=\"353\" height=\"141\"><\/figure><\/div><ul><li> Primeiro, selecione a forma espec\u00edfica que deseja adicionar e destaque seu texto.<\/li><li> Em seguida, clique onde deseja adicion\u00e1-lo.<\/li><li> Depois disso, arraste e segure o cursor para desenhar a mesma forma na planilha. <\/li><\/ul><div class=\"wp-block-image\"><figure class=\"aligncenter size-full is-resized\"><img loading=\"lazy\" decoding=\"async\" class=\"wp-image-72880\" src=\"https:\/\/exceladvisor.org\/wp-content\/uploads\/2023\/08\/9-faites-glisser-et-maintenez-le-curseur-pour-dessiner-la-meme-forme.png\" sizes=\"auto, \" srcset=\"\" alt=\"arraste e segure o cursor para desenhar a mesma forma\" width=\"748\" height=\"431\"><\/figure><\/div><ul><li> Agora voc\u00ea pode inserir qualquer texto que desejar clicando duas vezes nele. <\/li><\/ul><div class=\"wp-block-image\"><figure class=\"aligncenter size-full is-resized\"><img loading=\"lazy\" decoding=\"async\" class=\"wp-image-72881\" src=\"https:\/\/exceladvisor.org\/wp-content\/uploads\/2023\/08\/10-double-cliquez-sur-la-forme-pour-entrer-du-texte.png\" sizes=\"auto, \" srcset=\"\" alt=\"clique duas vezes na forma para inserir texto\" width=\"366\" height=\"249\"><\/figure><\/div><p> <strong>Alterar forma \u2013<\/strong> Se voc\u00ea deseja alterar a mesma forma para outra, clique na seta suspensa Alterar forma e selecione a forma alternativa na op\u00e7\u00e3o \u201c <strong>Editar forma<\/strong> \u201d. <\/p><div class=\"wp-block-image\"><figure class=\"aligncenter size-full is-resized\"><img loading=\"lazy\" decoding=\"async\" class=\"wp-image-72882\" src=\"https:\/\/exceladvisor.org\/wp-content\/uploads\/2023\/08\/11-modifier-la-forme-puis-changer-en-une-autre.png\" sizes=\"auto, \" srcset=\"\" alt=\"mudar de forma e depois mudar para outro\" width=\"497\" height=\"485\"><\/figure><\/div><p> Depois de clicar na forma final, voc\u00ea converter\u00e1 a forma anterior na nova. <\/p><div class=\"wp-block-image\"><figure class=\"aligncenter size-full is-resized\"><img loading=\"lazy\" decoding=\"async\" class=\"wp-image-72883\" src=\"https:\/\/exceladvisor.org\/wp-content\/uploads\/2023\/08\/12-clic-simple-sur-la-nouvelle-forme-a-convertir.png\" sizes=\"auto, \" srcset=\"\" alt=\"apenas um clique em um novo formul\u00e1rio para converter\" width=\"434\" height=\"243\"><\/figure><\/div><p> <strong>Editar pontos \u2013<\/strong> ajuda a converter a caixa de texto em fluxo livre. Ao clicar nesta op\u00e7\u00e3o, a caixa de texto existente ser\u00e1 destacada com pequenas caixas. Depois disso, clique em qualquer ponto de onde deseja estend\u00ea-lo em qualquer dire\u00e7\u00e3o. <\/p><div class=\"wp-block-image\"><figure class=\"aligncenter size-full is-resized\"><img loading=\"lazy\" decoding=\"async\" class=\"wp-image-73152\" src=\"https:\/\/exceladvisor.org\/wp-content\/uploads\/2023\/08\/13-a-partir-des-points-de-modification-modifier-la-zone-de-texte.png\" sizes=\"auto, \" srcset=\"\" alt=\"from-edit-points-edit-text-box\" width=\"492\" height=\"290\"><\/figure><\/div><h3 class=\"wp-block-heading\"> Estilos de forma<\/h3><p> No grupo \u201cEstilos de forma\u201d, voc\u00ea pode primeiro selecionar o estilo do tema da forma na planilha. <\/p><div class=\"wp-block-image\"><figure class=\"aligncenter size-full is-resized\"><img loading=\"lazy\" decoding=\"async\" class=\"wp-image-73154\" src=\"https:\/\/exceladvisor.org\/wp-content\/uploads\/2023\/08\/14-selectionner-le-style-de-theme.png\" sizes=\"auto, \" srcset=\"\" alt=\"selecione o estilo do tema\" width=\"651\" height=\"339\"><\/figure><\/div><p> Voc\u00ea tamb\u00e9m pode escolher qualquer op\u00e7\u00e3o de textura ou gradiente que inclua varia\u00e7\u00f5es de cores escuras e fracas por meio de \u201c <strong>Preenchimento de forma<\/strong> \u201d. <\/p><div class=\"wp-block-image\"><figure class=\"aligncenter size-full is-resized\"><img loading=\"lazy\" decoding=\"async\" class=\"wp-image-73155\" src=\"https:\/\/exceladvisor.org\/wp-content\/uploads\/2023\/08\/15-options-de-remplissage-de-forme.png\" sizes=\"auto, \" srcset=\"\" alt=\"op\u00e7\u00f5es de preenchimento de forma\" width=\"606\" height=\"440\"><\/figure><\/div><p> <strong>O Contorno da Forma<\/strong> permite alterar a cor do contorno da forma ou, se desejar alterar a largura e o estilo da linha do texto, clique nas op\u00e7\u00f5es de espessura e tra\u00e7o. <\/p><div class=\"wp-block-image\"><figure class=\"aligncenter size-full is-resized\"><img loading=\"lazy\" decoding=\"async\" class=\"wp-image-73156\" src=\"https:\/\/exceladvisor.org\/wp-content\/uploads\/2023\/08\/16-zone-de-texte-de-contour-de-forme.png\" sizes=\"auto, \" srcset=\"\" alt=\"caixa de texto de contorno de forma\" width=\"579\" height=\"523\"><\/figure><\/div><p> Por &#8221; <strong>Efeitos de forma<\/strong> &#8220;, voc\u00ea pode aplicar efeitos visuais como sombra, reflexo, etc. para dar uma apar\u00eancia diferente ao seu texto. <\/p><div class=\"wp-block-image\"><figure class=\"aligncenter size-full is-resized\"><img loading=\"lazy\" decoding=\"async\" class=\"wp-image-73157\" src=\"https:\/\/exceladvisor.org\/wp-content\/uploads\/2023\/08\/Zone-de-texte-17-effets-de-forme.png\" sizes=\"auto, \" srcset=\"\" alt=\"caixa de texto de efeitos de forma\" width=\"609\" height=\"425\"><\/figure><\/div><h3 class=\"wp-block-heading\"> Remover borda<\/h3><p> Para fazer isso, voc\u00ea precisa ir para a lista suspensa \u201cContorno da forma\u201d no grupo de estilos de forma. Em seguida, selecione a op\u00e7\u00e3o \u201c <strong>Sem contorno<\/strong> \u201d. <\/p><div class=\"wp-block-image\"><figure class=\"aligncenter size-full is-resized\"><img loading=\"lazy\" decoding=\"async\" class=\"wp-image-73158\" src=\"https:\/\/exceladvisor.org\/wp-content\/uploads\/2023\/08\/18-selectionner-aucun-contour-a-partir-du-contour-de-la-forme.png\" sizes=\"auto, \" srcset=\"\" alt=\"selecione-sem-contorno-forma-contorno\" width=\"491\" height=\"571\"><\/figure><\/div><p> Depois de clicar nele, as bordas da forma selecionada ser\u00e3o removidas e ter\u00e1 a seguinte apar\u00eancia. <\/p><div class=\"wp-block-image\"><figure class=\"aligncenter size-full is-resized\"><img loading=\"lazy\" decoding=\"async\" class=\"wp-image-73159\" src=\"https:\/\/exceladvisor.org\/wp-content\/uploads\/2023\/08\/19-zone-de-texte-sans-bordure.png\" sizes=\"auto, \" srcset=\"\" alt=\"caixa de texto sem borda\" width=\"315\" height=\"209\"><\/figure><\/div><h3 class=\"wp-block-heading\"> Tamanho, estilo e cor da fonte<\/h3><p> Depois de selecionar a caixa de texto, voc\u00ea pode adicionar texto simplesmente clicando duas vezes dentro dela. Muitos formatos de fonte est\u00e3o dispon\u00edveis ao lado do grupo de estilos de forma, de onde voc\u00ea pode selecionar o estilo da fonte. <\/p><div class=\"wp-block-image\"><figure class=\"aligncenter size-full is-resized\"><img loading=\"lazy\" decoding=\"async\" class=\"wp-image-72892\" src=\"https:\/\/exceladvisor.org\/wp-content\/uploads\/2023\/08\/20-options-de-styles-de-police-de-surbrillance.png\" sizes=\"auto, \" srcset=\"\" alt=\"op\u00e7\u00f5es de estilos de fonte destacadas\" width=\"545\" height=\"344\"><\/figure><\/div><p> Aqui na op\u00e7\u00e3o \u201c <strong>Preenchimento de Texto<\/strong> \u201d, voc\u00ea pode alterar a cor do texto selecionando-o. <\/p><div class=\"wp-block-image\"><figure class=\"aligncenter size-full is-resized\"><img loading=\"lazy\" decoding=\"async\" class=\"wp-image-73160\" src=\"https:\/\/exceladvisor.org\/wp-content\/uploads\/2023\/08\/21-changer-la-couleur-de-la-police-1.png\" sizes=\"auto, \" srcset=\"\" alt=\"mudar a cor da fonte\" width=\"559\" height=\"517\"><\/figure><\/div><p> Contorno de texto e efeitos de texto ajudam a editar texto adicionando bordas e efeitos. <\/p><div class=\"wp-block-image\"><figure class=\"aligncenter size-full is-resized\"><img loading=\"lazy\" decoding=\"async\" class=\"wp-image-72894\" src=\"https:\/\/exceladvisor.org\/wp-content\/uploads\/2023\/08\/22-contours-de-texte-et-ajouter-des-effets.png\" sizes=\"auto, \" srcset=\"\" alt=\"contorno de texto e efeitos de adi\u00e7\u00e3o\" width=\"621\" height=\"485\"><\/figure><\/div><h3 class=\"wp-block-heading\"> Girando a caixa de texto<\/h3><p> A op\u00e7\u00e3o de rota\u00e7\u00e3o est\u00e1 no grupo \u201cOrganizar\u201d. Basta clicar no menu suspenso e voc\u00ea ter\u00e1 as subop\u00e7\u00f5es de girar a caixa de texto para a esquerda e para a direita em 90 graus. Al\u00e9m disso, voc\u00ea pode vir\u00e1-lo horizontalmente ou verticalmente. <\/p><div class=\"wp-block-image\"><figure class=\"aligncenter size-full is-resized\"><img loading=\"lazy\" decoding=\"async\" class=\"wp-image-72895\" src=\"https:\/\/exceladvisor.org\/wp-content\/uploads\/2023\/08\/23-faire-pivoter-la-zone-de-texte.png\" sizes=\"auto, \" srcset=\"\" alt=\"girar caixa de texto\" width=\"508\" height=\"388\"><\/figure><\/div><h3 class=\"wp-block-heading\"> Redimensionar caixa de texto<\/h3><p> \u00c9 muito f\u00e1cil alterar a altura e a largura da caixa de texto. Voc\u00ea pode fazer isso de duas maneiras diferentes:<\/p><ul><li> Em primeiro lugar, depois de selecionar a caixa de texto, voc\u00ea obter\u00e1 pequenos c\u00edrculos e, ao estender esses c\u00edrculos, poder\u00e1 ajustar seu tamanho conforme desejar. <\/li><\/ul><div class=\"wp-block-image\"><figure class=\"aligncenter size-full is-resized\"><img loading=\"lazy\" decoding=\"async\" class=\"wp-image-72897\" src=\"https:\/\/exceladvisor.org\/wp-content\/uploads\/2023\/08\/24-redimensionner-la-zone-de-texte-a-travers-de-petits-cercles.png\" sizes=\"auto, \" srcset=\"\" alt=\"redimensionar a \u00e1rea de texto por pequenos c\u00edrculos\" width=\"384\" height=\"230\"><\/figure><\/div><ul><li> O segundo m\u00e9todo \u00e9 usar o grupo de tamanhos encontrado no canto superior direito da faixa de op\u00e7\u00f5es. <\/li><\/ul><div class=\"wp-block-image\"><figure class=\"aligncenter size-full is-resized\"><img loading=\"lazy\" decoding=\"async\" class=\"wp-image-72896\" src=\"https:\/\/exceladvisor.org\/wp-content\/uploads\/2023\/08\/25-changer-la-hauteur-de-la-largeur-par-loption-de-taille.png\" sizes=\"auto, \" srcset=\"\" alt=\"op\u00e7\u00e3o alterar largura-altura por tamanho\" width=\"434\" height=\"408\"><\/figure><\/div><div class=\"gb-container gb-container-4db6181c gb-container-mt\"> <a class=\"gb-button gb-button-c5897111 gb-button-text gb-button-mt-button\" href=\"https:\/\/exceladvisor.org\/pt\/nocoes-basicas-de-excel\/\">No\u00e7\u00f5es b\u00e1sicas do Microsoft Excel (componentes, pe\u00e7as e notas de conhecimento)<\/a><h2 class=\"gb-headline gb-headline-665e5f6b gb-headline-text gb-headline-mt-heading\"> Tutoriais relacionados <\/h2><div class=\"gb-grid-wrapper gb-grid-wrapper-a20baf7c gb-grid-wrapper-mt-grid\"><div class=\"gb-grid-column gb-grid-column-65ddf67e\"><div class=\"gb-container gb-container-65ddf67e\"><ul><li> <a href=\"https:\/\/exceladvisor.org\/pt\/justificar-completamente\/\">Preencha Justificar no Excel<\/a><\/li><li> <a href=\"https:\/\/exceladvisor.org\/pt\/barra-de-formulas-do-excel\/\">Barra de f\u00f3rmulas no Excel<\/a><\/li><li> <a href=\"https:\/\/exceladvisor.org\/pt\/adicionar-um-cabecalho-de-rodape\/\">Adicione um cabe\u00e7alho e rodap\u00e9 no Excel<\/a><\/li><li> <a href=\"https:\/\/exceladvisor.org\/pt\/governante\/\">Mostrar r\u00e9gua no Excel<\/a><\/li><li> <a href=\"https:\/\/exceladvisor.org\/pt\/alca-de-enchimento\/\">Al\u00e7a de preenchimento no Excel<\/a> <\/li><\/ul><\/div><\/div><div class=\"gb-grid-column gb-grid-column-50067b57\"><div class=\"gb-container gb-container-50067b57\"><\/div><\/div><\/div><\/div>","protected":false},"excerpt":{"rendered":"","protected":false},"author":1,"featured_media":0,"parent":0,"menu_order":0,"comment_status":"open","ping_status":"closed","template":"","meta":{"ub_ctt_via":"","footnotes":""},"class_list":["post-147","page","type-page","status-publish","hentry"],"featured_image_src":null,"yoast_head":"<!-- This site is optimized with the Yoast SEO plugin v25.4 - https:\/\/yoast.com\/wordpress\/plugins\/seo\/ -->\n<title>Como inserir uma caixa de texto no Excel? (Tutorial 2023)<\/title>\n<meta name=\"description\" content=\"Neste tutorial voc\u00ea aprender\u00e1 como inserir uma caixa de texto e todas as outras propriedades para alterar sua apar\u00eancia.\" \/>\n<meta name=\"robots\" content=\"index, follow, max-snippet:-1, max-image-preview:large, max-video-preview:-1\" \/>\n<link rel=\"canonical\" href=\"https:\/\/exceladvisor.org\/pt\/zona-de-texto\/\" \/>\n<meta property=\"og:locale\" content=\"pt_PT\" \/>\n<meta property=\"og:type\" content=\"article\" \/>\n<meta property=\"og:title\" content=\"Como inserir uma caixa de texto no Excel? (Tutorial 2023)\" \/>\n<meta property=\"og:description\" content=\"Neste tutorial voc\u00ea aprender\u00e1 como inserir uma caixa de texto e todas as outras propriedades para alterar sua apar\u00eancia.\" \/>\n<meta property=\"og:url\" content=\"https:\/\/exceladvisor.org\/pt\/zona-de-texto\/\" \/>\n<meta property=\"og:site_name\" content=\"Excel Advisor\" \/>\n<meta property=\"article:modified_time\" content=\"2023-12-06T11:38:12+00:00\" \/>\n<meta property=\"og:image\" content=\"https:\/\/exceladvisor.org\/wp-content\/uploads\/2023\/08\/1-zone-de-texte-dinsertion-de-texte.png\" \/>\n<meta name=\"twitter:card\" content=\"summary_large_image\" \/>\n<meta name=\"twitter:label1\" content=\"Tempo estimado de leitura\" \/>\n\t<meta name=\"twitter:data1\" content=\"4 minutos\" \/>\n<script type=\"application\/ld+json\" class=\"yoast-schema-graph\">{\"@context\":\"https:\/\/schema.org\",\"@graph\":[{\"@type\":\"WebPage\",\"@id\":\"https:\/\/exceladvisor.org\/pt\/zona-de-texto\/\",\"url\":\"https:\/\/exceladvisor.org\/pt\/zona-de-texto\/\",\"name\":\"Como inserir uma caixa de texto no Excel? (Tutorial 2023)\",\"isPartOf\":{\"@id\":\"https:\/\/exceladvisor.org\/pt\/#website\"},\"primaryImageOfPage\":{\"@id\":\"https:\/\/exceladvisor.org\/pt\/zona-de-texto\/#primaryimage\"},\"image\":{\"@id\":\"https:\/\/exceladvisor.org\/pt\/zona-de-texto\/#primaryimage\"},\"thumbnailUrl\":\"https:\/\/exceladvisor.org\/wp-content\/uploads\/2023\/08\/1-zone-de-texte-dinsertion-de-texte.png\",\"datePublished\":\"2023-11-15T07:48:42+00:00\",\"dateModified\":\"2023-12-06T11:38:12+00:00\",\"description\":\"Neste tutorial voc\u00ea aprender\u00e1 como inserir uma caixa de texto e todas as outras propriedades para alterar sua apar\u00eancia.\",\"breadcrumb\":{\"@id\":\"https:\/\/exceladvisor.org\/pt\/zona-de-texto\/#breadcrumb\"},\"inLanguage\":\"pt-PT\",\"potentialAction\":[{\"@type\":\"ReadAction\",\"target\":[\"https:\/\/exceladvisor.org\/pt\/zona-de-texto\/\"]}]},{\"@type\":\"ImageObject\",\"inLanguage\":\"pt-PT\",\"@id\":\"https:\/\/exceladvisor.org\/pt\/zona-de-texto\/#primaryimage\",\"url\":\"https:\/\/exceladvisor.org\/wp-content\/uploads\/2023\/08\/1-zone-de-texte-dinsertion-de-texte.png\",\"contentUrl\":\"https:\/\/exceladvisor.org\/wp-content\/uploads\/2023\/08\/1-zone-de-texte-dinsertion-de-texte.png\"},{\"@type\":\"BreadcrumbList\",\"@id\":\"https:\/\/exceladvisor.org\/pt\/zona-de-texto\/#breadcrumb\",\"itemListElement\":[{\"@type\":\"ListItem\",\"position\":1,\"name\":\"Lar\",\"item\":\"https:\/\/exceladvisor.org\/pt\/\"},{\"@type\":\"ListItem\",\"position\":2,\"name\":\"Como inserir uma caixa de texto no excel?\"}]},{\"@type\":\"WebSite\",\"@id\":\"https:\/\/exceladvisor.org\/pt\/#website\",\"url\":\"https:\/\/exceladvisor.org\/pt\/\",\"name\":\"Excel Advisor\",\"description\":\"O seu guia definitivo para dominar os dados!\",\"publisher\":{\"@id\":\"https:\/\/exceladvisor.org\/pt\/#organization\"},\"potentialAction\":[{\"@type\":\"SearchAction\",\"target\":{\"@type\":\"EntryPoint\",\"urlTemplate\":\"https:\/\/exceladvisor.org\/pt\/?s={search_term_string}\"},\"query-input\":{\"@type\":\"PropertyValueSpecification\",\"valueRequired\":true,\"valueName\":\"search_term_string\"}}],\"inLanguage\":\"pt-PT\"},{\"@type\":\"Organization\",\"@id\":\"https:\/\/exceladvisor.org\/pt\/#organization\",\"name\":\"Excel Advisor\",\"url\":\"https:\/\/exceladvisor.org\/pt\/\",\"logo\":{\"@type\":\"ImageObject\",\"inLanguage\":\"pt-PT\",\"@id\":\"https:\/\/exceladvisor.org\/pt\/#\/schema\/logo\/image\/\",\"url\":\"https:\/\/exceladvisor.org\/pt\/wp-content\/uploads\/2023\/12\/exceladvisor.org_.png\",\"contentUrl\":\"https:\/\/exceladvisor.org\/pt\/wp-content\/uploads\/2023\/12\/exceladvisor.org_.png\",\"width\":105,\"height\":36,\"caption\":\"Excel Advisor\"},\"image\":{\"@id\":\"https:\/\/exceladvisor.org\/pt\/#\/schema\/logo\/image\/\"}}]}<\/script>\n<!-- \/ Yoast SEO plugin. -->","yoast_head_json":{"title":"Como inserir uma caixa de texto no Excel? (Tutorial 2023)","description":"Neste tutorial voc\u00ea aprender\u00e1 como inserir uma caixa de texto e todas as outras propriedades para alterar sua apar\u00eancia.","robots":{"index":"index","follow":"follow","max-snippet":"max-snippet:-1","max-image-preview":"max-image-preview:large","max-video-preview":"max-video-preview:-1"},"canonical":"https:\/\/exceladvisor.org\/pt\/zona-de-texto\/","og_locale":"pt_PT","og_type":"article","og_title":"Como inserir uma caixa de texto no Excel? (Tutorial 2023)","og_description":"Neste tutorial voc\u00ea aprender\u00e1 como inserir uma caixa de texto e todas as outras propriedades para alterar sua apar\u00eancia.","og_url":"https:\/\/exceladvisor.org\/pt\/zona-de-texto\/","og_site_name":"Excel Advisor","article_modified_time":"2023-12-06T11:38:12+00:00","og_image":[{"url":"https:\/\/exceladvisor.org\/wp-content\/uploads\/2023\/08\/1-zone-de-texte-dinsertion-de-texte.png","type":"","width":"","height":""}],"twitter_card":"summary_large_image","twitter_misc":{"Tempo estimado de leitura":"4 minutos"},"schema":{"@context":"https:\/\/schema.org","@graph":[{"@type":"WebPage","@id":"https:\/\/exceladvisor.org\/pt\/zona-de-texto\/","url":"https:\/\/exceladvisor.org\/pt\/zona-de-texto\/","name":"Como inserir uma caixa de texto no Excel? (Tutorial 2023)","isPartOf":{"@id":"https:\/\/exceladvisor.org\/pt\/#website"},"primaryImageOfPage":{"@id":"https:\/\/exceladvisor.org\/pt\/zona-de-texto\/#primaryimage"},"image":{"@id":"https:\/\/exceladvisor.org\/pt\/zona-de-texto\/#primaryimage"},"thumbnailUrl":"https:\/\/exceladvisor.org\/wp-content\/uploads\/2023\/08\/1-zone-de-texte-dinsertion-de-texte.png","datePublished":"2023-11-15T07:48:42+00:00","dateModified":"2023-12-06T11:38:12+00:00","description":"Neste tutorial voc\u00ea aprender\u00e1 como inserir uma caixa de texto e todas as outras propriedades para alterar sua apar\u00eancia.","breadcrumb":{"@id":"https:\/\/exceladvisor.org\/pt\/zona-de-texto\/#breadcrumb"},"inLanguage":"pt-PT","potentialAction":[{"@type":"ReadAction","target":["https:\/\/exceladvisor.org\/pt\/zona-de-texto\/"]}]},{"@type":"ImageObject","inLanguage":"pt-PT","@id":"https:\/\/exceladvisor.org\/pt\/zona-de-texto\/#primaryimage","url":"https:\/\/exceladvisor.org\/wp-content\/uploads\/2023\/08\/1-zone-de-texte-dinsertion-de-texte.png","contentUrl":"https:\/\/exceladvisor.org\/wp-content\/uploads\/2023\/08\/1-zone-de-texte-dinsertion-de-texte.png"},{"@type":"BreadcrumbList","@id":"https:\/\/exceladvisor.org\/pt\/zona-de-texto\/#breadcrumb","itemListElement":[{"@type":"ListItem","position":1,"name":"Lar","item":"https:\/\/exceladvisor.org\/pt\/"},{"@type":"ListItem","position":2,"name":"Como inserir uma caixa de texto no excel?"}]},{"@type":"WebSite","@id":"https:\/\/exceladvisor.org\/pt\/#website","url":"https:\/\/exceladvisor.org\/pt\/","name":"Excel Advisor","description":"O seu guia definitivo para dominar os dados!","publisher":{"@id":"https:\/\/exceladvisor.org\/pt\/#organization"},"potentialAction":[{"@type":"SearchAction","target":{"@type":"EntryPoint","urlTemplate":"https:\/\/exceladvisor.org\/pt\/?s={search_term_string}"},"query-input":{"@type":"PropertyValueSpecification","valueRequired":true,"valueName":"search_term_string"}}],"inLanguage":"pt-PT"},{"@type":"Organization","@id":"https:\/\/exceladvisor.org\/pt\/#organization","name":"Excel Advisor","url":"https:\/\/exceladvisor.org\/pt\/","logo":{"@type":"ImageObject","inLanguage":"pt-PT","@id":"https:\/\/exceladvisor.org\/pt\/#\/schema\/logo\/image\/","url":"https:\/\/exceladvisor.org\/pt\/wp-content\/uploads\/2023\/12\/exceladvisor.org_.png","contentUrl":"https:\/\/exceladvisor.org\/pt\/wp-content\/uploads\/2023\/12\/exceladvisor.org_.png","width":105,"height":36,"caption":"Excel Advisor"},"image":{"@id":"https:\/\/exceladvisor.org\/pt\/#\/schema\/logo\/image\/"}}]}},"yoast_meta":{"yoast_wpseo_title":"","yoast_wpseo_metadesc":"","yoast_wpseo_canonical":""},"_links":{"self":[{"href":"https:\/\/exceladvisor.org\/pt\/wp-json\/wp\/v2\/pages\/147","targetHints":{"allow":["GET"]}}],"collection":[{"href":"https:\/\/exceladvisor.org\/pt\/wp-json\/wp\/v2\/pages"}],"about":[{"href":"https:\/\/exceladvisor.org\/pt\/wp-json\/wp\/v2\/types\/page"}],"author":[{"embeddable":true,"href":"https:\/\/exceladvisor.org\/pt\/wp-json\/wp\/v2\/users\/1"}],"replies":[{"embeddable":true,"href":"https:\/\/exceladvisor.org\/pt\/wp-json\/wp\/v2\/comments?post=147"}],"version-history":[{"count":1,"href":"https:\/\/exceladvisor.org\/pt\/wp-json\/wp\/v2\/pages\/147\/revisions"}],"predecessor-version":[{"id":1104,"href":"https:\/\/exceladvisor.org\/pt\/wp-json\/wp\/v2\/pages\/147\/revisions\/1104"}],"wp:attachment":[{"href":"https:\/\/exceladvisor.org\/pt\/wp-json\/wp\/v2\/media?parent=147"}],"curies":[{"name":"wp","href":"https:\/\/api.w.org\/{rel}","templated":true}]}}