{"id":148,"date":"2023-11-15T07:23:20","date_gmt":"2023-11-15T07:23:20","guid":{"rendered":"https:\/\/exceladvisor.org\/pt\/mover-a-tabela-dinamica\/"},"modified":"2023-12-06T11:38:29","modified_gmt":"2023-12-06T11:38:29","slug":"mover-a-tabela-dinamica","status":"publish","type":"page","link":"https:\/\/exceladvisor.org\/pt\/mover-a-tabela-dinamica\/","title":{"rendered":"Como mover uma tabela din\u00e2mica no excel?"},"content":{"rendered":"<div class=\"excel-before-content-2\" id=\"excel-1775437970\"><script type=\"text\/javascript\">\r\n\tatOptions = {\r\n\t\t'key' : 'c1158f160081d6540a8409e6925dab94',\r\n\t\t'format' : 'iframe',\r\n\t\t'height' : 250,\r\n\t\t'width' : 300,\r\n\t\t'params' : {}\r\n\t};\r\n<\/script>\r\n<script type=\"text\/javascript\" src=\"\/\/www.highperformanceformat.com\/c1158f160081d6540a8409e6925dab94\/invoke.js\"><\/script><\/div><div class=\"excel-before-content\" id=\"excel-976632811\"><script type=\"text\/javascript\">\r\n\tatOptions = {\r\n\t\t'key' : 'c1158f160081d6540a8409e6925dab94',\r\n\t\t'format' : 'iframe',\r\n\t\t'height' : 250,\r\n\t\t'width' : 300,\r\n\t\t'params' : {}\r\n\t};\r\n<\/script>\r\n<script type=\"text\/javascript\" src=\"\/\/www.highperformanceformat.com\/c1158f160081d6540a8409e6925dab94\/invoke.js\"><\/script><\/div> <p>Voc\u00ea pode mover toda a montagem din\u00e2mica para outra c\u00e9lula ou planilha.<\/p><ol><li> Depois de criar uma tabela din\u00e2mica, clique em qualquer lugar da tabela din\u00e2mica para ativar a guia Analisar. <br><img loading=\"lazy\" decoding=\"async\" title=\"1-sub-an\u00e1lise-guia-clique-mover-tabela din\u00e2mica\" src=\"https:\/\/exceladvisor.org\/wp-content\/uploads\/2023\/08\/1-sous-longlet-analyser-cliquez-sur-deplacer-le-tableau-croise-dynamique.png\" sizes=\"auto, \" srcset=\"\" alt=\"under-analyze-tab-click-move-pivot-table\" width=\"886\" height=\"142\"><\/li><li> Procure aqui a op\u00e7\u00e3o \u201cMover Tabela Din\u00e2mica\u201d em A\u00e7\u00f5es na faixa de op\u00e7\u00f5es.<\/li><li> Agora clique em mover tabela din\u00e2mica e uma caixa de di\u00e1logo aparecer\u00e1. <br><img loading=\"lazy\" decoding=\"async\" title=\"Caixa de di\u00e1logo da tabela din\u00e2mica de 2 movimentos\" src=\"https:\/\/exceladvisor.org\/wp-content\/uploads\/2023\/08\/2-boite-de-dialogue-de-deplacement-du-tableau-croise-dynamique.png\" sizes=\"auto, \" srcset=\"\" alt=\"move-pivot-table-dialogue-box\" width=\"421\" height=\"180\"><\/li><li> Depois disso voc\u00ea ter\u00e1 duas op\u00e7\u00f5es<ol><li> <strong>Nova Planilha<\/strong> : Selecione esta op\u00e7\u00e3o se desejar mover seu piv\u00f4 para uma nova planilha. O Excel criar\u00e1 automaticamente uma nova planilha e mover\u00e1 o piv\u00f4.<\/li><li> <strong>Planilha Existente<\/strong> : Esta op\u00e7\u00e3o o ajudar\u00e1 a mover o piv\u00f4 para as planilhas atualmente dispon\u00edveis na pasta de trabalho. Depois de selecionar esta op\u00e7\u00e3o, tudo que voc\u00ea precisa fazer \u00e9 selecionar a c\u00e9lula onde deseja sua tabela din\u00e2mica. <br><img loading=\"lazy\" decoding=\"async\" title=\"3-mover-nova-planilha-existente-planilha-planilha\" src=\"https:\/\/exceladvisor.org\/wp-content\/uploads\/2023\/08\/3-deplacer-une-nouvelle-feuille-de-calcul-feuille-de-calcul-existante.png\" sizes=\"auto, \" srcset=\"\" alt=\"move-new-worksheet-existing-worksheet\" width=\"419\" height=\"179\"><\/li><\/ol><\/li><\/ol><p> \u00c9 isso, agora a tabela din\u00e2mica foi movida para seu novo lugar. <\/p><div class=\"wp-block-group main-page-bottom is-layout-flow\"><div class=\"wp-block-group__inner-container\"><h2 class=\"wp-block-heading\"> Saiba mais sobre tabelas din\u00e2micas<\/h2><ul><li> <a href=\"https:\/\/exceladvisor.org\/pt\/excluir-tabela-dinamica\/\">Excluir uma tabela din\u00e2mica no Excel<\/a><\/li><li> <a href=\"https:\/\/exceladvisor.org\/pt\/atalhos-de-teclado-1\/\">Atalhos de teclado da tabela din\u00e2mica<\/a><\/li><li> <a href=\"https:\/\/exceladvisor.org\/pt\/dinamizar-a-partir-de-varias-planilhas\/\" data-wpil=\"url\">Tabela din\u00e2mica de v\u00e1rias planilhas<\/a><\/li><li> <a href=\"https:\/\/exceladvisor.org\/pt\/tabela-dinamica-2\/\" data-wpil=\"url\">Tabela din\u00e2mica no Excel<\/a><\/li><\/ul><p> \u21e0 Retornar ao <a href=\"https:\/\/exceladvisor.org\/pt\/tabela-dinamica-3\/\">tutorial da tabela din\u00e2mica<\/a><\/p><\/div><\/div>","protected":false},"excerpt":{"rendered":"","protected":false},"author":1,"featured_media":0,"parent":0,"menu_order":0,"comment_status":"open","ping_status":"closed","template":"","meta":{"ub_ctt_via":"","footnotes":""},"class_list":["post-148","page","type-page","status-publish","hentry"],"featured_image_src":null,"yoast_head":"<!-- This site is optimized with the Yoast SEO plugin v25.4 - https:\/\/yoast.com\/wordpress\/plugins\/seo\/ -->\n<title>Como mover uma tabela din\u00e2mica no Excel?<\/title>\n<meta name=\"description\" content=\"Neste tutorial voc\u00ea pode aprender como mover uma tabela din\u00e2mica de um lugar para outro ou uma planilha\" \/>\n<meta name=\"robots\" content=\"index, follow, max-snippet:-1, max-image-preview:large, max-video-preview:-1\" \/>\n<link rel=\"canonical\" href=\"https:\/\/exceladvisor.org\/pt\/mover-a-tabela-dinamica\/\" \/>\n<meta property=\"og:locale\" content=\"pt_PT\" \/>\n<meta property=\"og:type\" content=\"article\" \/>\n<meta property=\"og:title\" content=\"Como mover uma tabela din\u00e2mica no Excel?\" \/>\n<meta property=\"og:description\" content=\"Neste tutorial voc\u00ea pode aprender como mover uma tabela din\u00e2mica de um lugar para outro ou uma planilha\" \/>\n<meta property=\"og:url\" content=\"https:\/\/exceladvisor.org\/pt\/mover-a-tabela-dinamica\/\" \/>\n<meta property=\"og:site_name\" content=\"Excel Advisor\" \/>\n<meta property=\"article:modified_time\" content=\"2023-12-06T11:38:29+00:00\" \/>\n<meta property=\"og:image\" content=\"https:\/\/exceladvisor.org\/wp-content\/uploads\/2023\/08\/1-sous-longlet-analyser-cliquez-sur-deplacer-le-tableau-croise-dynamique.png\" \/>\n<meta name=\"twitter:card\" content=\"summary_large_image\" \/>\n<meta name=\"twitter:label1\" content=\"Tempo estimado de leitura\" \/>\n\t<meta name=\"twitter:data1\" content=\"1 minuto\" \/>\n<script type=\"application\/ld+json\" class=\"yoast-schema-graph\">{\"@context\":\"https:\/\/schema.org\",\"@graph\":[{\"@type\":\"WebPage\",\"@id\":\"https:\/\/exceladvisor.org\/pt\/mover-a-tabela-dinamica\/\",\"url\":\"https:\/\/exceladvisor.org\/pt\/mover-a-tabela-dinamica\/\",\"name\":\"Como mover uma tabela din\u00e2mica no Excel?\",\"isPartOf\":{\"@id\":\"https:\/\/exceladvisor.org\/pt\/#website\"},\"primaryImageOfPage\":{\"@id\":\"https:\/\/exceladvisor.org\/pt\/mover-a-tabela-dinamica\/#primaryimage\"},\"image\":{\"@id\":\"https:\/\/exceladvisor.org\/pt\/mover-a-tabela-dinamica\/#primaryimage\"},\"thumbnailUrl\":\"https:\/\/exceladvisor.org\/wp-content\/uploads\/2023\/08\/1-sous-longlet-analyser-cliquez-sur-deplacer-le-tableau-croise-dynamique.png\",\"datePublished\":\"2023-11-15T07:23:20+00:00\",\"dateModified\":\"2023-12-06T11:38:29+00:00\",\"description\":\"Neste tutorial voc\u00ea pode aprender como mover uma tabela din\u00e2mica de um lugar para outro ou uma planilha\",\"breadcrumb\":{\"@id\":\"https:\/\/exceladvisor.org\/pt\/mover-a-tabela-dinamica\/#breadcrumb\"},\"inLanguage\":\"pt-PT\",\"potentialAction\":[{\"@type\":\"ReadAction\",\"target\":[\"https:\/\/exceladvisor.org\/pt\/mover-a-tabela-dinamica\/\"]}]},{\"@type\":\"ImageObject\",\"inLanguage\":\"pt-PT\",\"@id\":\"https:\/\/exceladvisor.org\/pt\/mover-a-tabela-dinamica\/#primaryimage\",\"url\":\"https:\/\/exceladvisor.org\/wp-content\/uploads\/2023\/08\/1-sous-longlet-analyser-cliquez-sur-deplacer-le-tableau-croise-dynamique.png\",\"contentUrl\":\"https:\/\/exceladvisor.org\/wp-content\/uploads\/2023\/08\/1-sous-longlet-analyser-cliquez-sur-deplacer-le-tableau-croise-dynamique.png\"},{\"@type\":\"BreadcrumbList\",\"@id\":\"https:\/\/exceladvisor.org\/pt\/mover-a-tabela-dinamica\/#breadcrumb\",\"itemListElement\":[{\"@type\":\"ListItem\",\"position\":1,\"name\":\"Lar\",\"item\":\"https:\/\/exceladvisor.org\/pt\/\"},{\"@type\":\"ListItem\",\"position\":2,\"name\":\"Como mover uma tabela din\u00e2mica no excel?\"}]},{\"@type\":\"WebSite\",\"@id\":\"https:\/\/exceladvisor.org\/pt\/#website\",\"url\":\"https:\/\/exceladvisor.org\/pt\/\",\"name\":\"Excel Advisor\",\"description\":\"O seu guia definitivo para dominar os dados!\",\"publisher\":{\"@id\":\"https:\/\/exceladvisor.org\/pt\/#organization\"},\"potentialAction\":[{\"@type\":\"SearchAction\",\"target\":{\"@type\":\"EntryPoint\",\"urlTemplate\":\"https:\/\/exceladvisor.org\/pt\/?s={search_term_string}\"},\"query-input\":{\"@type\":\"PropertyValueSpecification\",\"valueRequired\":true,\"valueName\":\"search_term_string\"}}],\"inLanguage\":\"pt-PT\"},{\"@type\":\"Organization\",\"@id\":\"https:\/\/exceladvisor.org\/pt\/#organization\",\"name\":\"Excel Advisor\",\"url\":\"https:\/\/exceladvisor.org\/pt\/\",\"logo\":{\"@type\":\"ImageObject\",\"inLanguage\":\"pt-PT\",\"@id\":\"https:\/\/exceladvisor.org\/pt\/#\/schema\/logo\/image\/\",\"url\":\"https:\/\/exceladvisor.org\/pt\/wp-content\/uploads\/2023\/12\/exceladvisor.org_.png\",\"contentUrl\":\"https:\/\/exceladvisor.org\/pt\/wp-content\/uploads\/2023\/12\/exceladvisor.org_.png\",\"width\":105,\"height\":36,\"caption\":\"Excel Advisor\"},\"image\":{\"@id\":\"https:\/\/exceladvisor.org\/pt\/#\/schema\/logo\/image\/\"}}]}<\/script>\n<!-- \/ Yoast SEO plugin. -->","yoast_head_json":{"title":"Como mover uma tabela din\u00e2mica no Excel?","description":"Neste tutorial voc\u00ea pode aprender como mover uma tabela din\u00e2mica de um lugar para outro ou uma planilha","robots":{"index":"index","follow":"follow","max-snippet":"max-snippet:-1","max-image-preview":"max-image-preview:large","max-video-preview":"max-video-preview:-1"},"canonical":"https:\/\/exceladvisor.org\/pt\/mover-a-tabela-dinamica\/","og_locale":"pt_PT","og_type":"article","og_title":"Como mover uma tabela din\u00e2mica no Excel?","og_description":"Neste tutorial voc\u00ea pode aprender como mover uma tabela din\u00e2mica de um lugar para outro ou uma planilha","og_url":"https:\/\/exceladvisor.org\/pt\/mover-a-tabela-dinamica\/","og_site_name":"Excel Advisor","article_modified_time":"2023-12-06T11:38:29+00:00","og_image":[{"url":"https:\/\/exceladvisor.org\/wp-content\/uploads\/2023\/08\/1-sous-longlet-analyser-cliquez-sur-deplacer-le-tableau-croise-dynamique.png","type":"","width":"","height":""}],"twitter_card":"summary_large_image","twitter_misc":{"Tempo estimado de leitura":"1 minuto"},"schema":{"@context":"https:\/\/schema.org","@graph":[{"@type":"WebPage","@id":"https:\/\/exceladvisor.org\/pt\/mover-a-tabela-dinamica\/","url":"https:\/\/exceladvisor.org\/pt\/mover-a-tabela-dinamica\/","name":"Como mover uma tabela din\u00e2mica no Excel?","isPartOf":{"@id":"https:\/\/exceladvisor.org\/pt\/#website"},"primaryImageOfPage":{"@id":"https:\/\/exceladvisor.org\/pt\/mover-a-tabela-dinamica\/#primaryimage"},"image":{"@id":"https:\/\/exceladvisor.org\/pt\/mover-a-tabela-dinamica\/#primaryimage"},"thumbnailUrl":"https:\/\/exceladvisor.org\/wp-content\/uploads\/2023\/08\/1-sous-longlet-analyser-cliquez-sur-deplacer-le-tableau-croise-dynamique.png","datePublished":"2023-11-15T07:23:20+00:00","dateModified":"2023-12-06T11:38:29+00:00","description":"Neste tutorial voc\u00ea pode aprender como mover uma tabela din\u00e2mica de um lugar para outro ou uma planilha","breadcrumb":{"@id":"https:\/\/exceladvisor.org\/pt\/mover-a-tabela-dinamica\/#breadcrumb"},"inLanguage":"pt-PT","potentialAction":[{"@type":"ReadAction","target":["https:\/\/exceladvisor.org\/pt\/mover-a-tabela-dinamica\/"]}]},{"@type":"ImageObject","inLanguage":"pt-PT","@id":"https:\/\/exceladvisor.org\/pt\/mover-a-tabela-dinamica\/#primaryimage","url":"https:\/\/exceladvisor.org\/wp-content\/uploads\/2023\/08\/1-sous-longlet-analyser-cliquez-sur-deplacer-le-tableau-croise-dynamique.png","contentUrl":"https:\/\/exceladvisor.org\/wp-content\/uploads\/2023\/08\/1-sous-longlet-analyser-cliquez-sur-deplacer-le-tableau-croise-dynamique.png"},{"@type":"BreadcrumbList","@id":"https:\/\/exceladvisor.org\/pt\/mover-a-tabela-dinamica\/#breadcrumb","itemListElement":[{"@type":"ListItem","position":1,"name":"Lar","item":"https:\/\/exceladvisor.org\/pt\/"},{"@type":"ListItem","position":2,"name":"Como mover uma tabela din\u00e2mica no excel?"}]},{"@type":"WebSite","@id":"https:\/\/exceladvisor.org\/pt\/#website","url":"https:\/\/exceladvisor.org\/pt\/","name":"Excel Advisor","description":"O seu guia definitivo para dominar os dados!","publisher":{"@id":"https:\/\/exceladvisor.org\/pt\/#organization"},"potentialAction":[{"@type":"SearchAction","target":{"@type":"EntryPoint","urlTemplate":"https:\/\/exceladvisor.org\/pt\/?s={search_term_string}"},"query-input":{"@type":"PropertyValueSpecification","valueRequired":true,"valueName":"search_term_string"}}],"inLanguage":"pt-PT"},{"@type":"Organization","@id":"https:\/\/exceladvisor.org\/pt\/#organization","name":"Excel Advisor","url":"https:\/\/exceladvisor.org\/pt\/","logo":{"@type":"ImageObject","inLanguage":"pt-PT","@id":"https:\/\/exceladvisor.org\/pt\/#\/schema\/logo\/image\/","url":"https:\/\/exceladvisor.org\/pt\/wp-content\/uploads\/2023\/12\/exceladvisor.org_.png","contentUrl":"https:\/\/exceladvisor.org\/pt\/wp-content\/uploads\/2023\/12\/exceladvisor.org_.png","width":105,"height":36,"caption":"Excel Advisor"},"image":{"@id":"https:\/\/exceladvisor.org\/pt\/#\/schema\/logo\/image\/"}}]}},"yoast_meta":{"yoast_wpseo_title":"","yoast_wpseo_metadesc":"","yoast_wpseo_canonical":""},"_links":{"self":[{"href":"https:\/\/exceladvisor.org\/pt\/wp-json\/wp\/v2\/pages\/148","targetHints":{"allow":["GET"]}}],"collection":[{"href":"https:\/\/exceladvisor.org\/pt\/wp-json\/wp\/v2\/pages"}],"about":[{"href":"https:\/\/exceladvisor.org\/pt\/wp-json\/wp\/v2\/types\/page"}],"author":[{"embeddable":true,"href":"https:\/\/exceladvisor.org\/pt\/wp-json\/wp\/v2\/users\/1"}],"replies":[{"embeddable":true,"href":"https:\/\/exceladvisor.org\/pt\/wp-json\/wp\/v2\/comments?post=148"}],"version-history":[{"count":1,"href":"https:\/\/exceladvisor.org\/pt\/wp-json\/wp\/v2\/pages\/148\/revisions"}],"predecessor-version":[{"id":1128,"href":"https:\/\/exceladvisor.org\/pt\/wp-json\/wp\/v2\/pages\/148\/revisions\/1128"}],"wp:attachment":[{"href":"https:\/\/exceladvisor.org\/pt\/wp-json\/wp\/v2\/media?parent=148"}],"curies":[{"name":"wp","href":"https:\/\/api.w.org\/{rel}","templated":true}]}}