{"id":149,"date":"2023-11-15T06:29:39","date_gmt":"2023-11-15T06:29:39","guid":{"rendered":"https:\/\/exceladvisor.org\/pt\/excluir-tabela-dinamica\/"},"modified":"2023-12-06T11:37:18","modified_gmt":"2023-12-06T11:37:18","slug":"excluir-tabela-dinamica","status":"publish","type":"page","link":"https:\/\/exceladvisor.org\/pt\/excluir-tabela-dinamica\/","title":{"rendered":"Como deletar uma tabela din\u00e2mica no excel?"},"content":{"rendered":"<div class=\"excel-before-content-2\" id=\"excel-2534181091\"><script type=\"text\/javascript\">\r\n\tatOptions = {\r\n\t\t'key' : 'c1158f160081d6540a8409e6925dab94',\r\n\t\t'format' : 'iframe',\r\n\t\t'height' : 250,\r\n\t\t'width' : 300,\r\n\t\t'params' : {}\r\n\t};\r\n<\/script>\r\n<script type=\"text\/javascript\" src=\"\/\/www.highperformanceformat.com\/c1158f160081d6540a8409e6925dab94\/invoke.js\"><\/script><\/div><div class=\"excel-before-content\" id=\"excel-2014472049\"><script type=\"text\/javascript\">\r\n\tatOptions = {\r\n\t\t'key' : 'c1158f160081d6540a8409e6925dab94',\r\n\t\t'format' : 'iframe',\r\n\t\t'height' : 250,\r\n\t\t'width' : 300,\r\n\t\t'params' : {}\r\n\t};\r\n<\/script>\r\n<script type=\"text\/javascript\" src=\"\/\/www.highperformanceformat.com\/c1158f160081d6540a8409e6925dab94\/invoke.js\"><\/script><\/div> <h2 class=\"wp-block-heading\">Etapas para excluir uma tabela din\u00e2mica no Excel<\/h2><p> Use as etapas a seguir para excluir uma tabela din\u00e2mica.<\/p><ol><li> Primeiro, clique em qualquer lugar da tabela din\u00e2mica que deseja excluir e ative a guia de an\u00e1lise. <br><img loading=\"lazy\" decoding=\"async\" title=\"1-habilitar guia de an\u00e1lise\" src=\"https:\/\/exceladvisor.org\/wp-content\/uploads\/2023\/08\/1-activer-longlet-analyse.png\" sizes=\"auto, \" srcset=\"\" alt=\"activate-analyze-tab\" width=\"957\" height=\"97\"><\/li><li> Agora procure a op\u00e7\u00e3o \u201cSelecionar\u201d em \u201cA\u00e7\u00f5es\u201d. <br><img loading=\"lazy\" decoding=\"async\" title=\"2-selecionar sob a\u00e7\u00f5es\" src=\"https:\/\/exceladvisor.org\/wp-content\/uploads\/2023\/08\/2-selectionnez-sous-actions.png\" sizes=\"auto, \" srcset=\"\" alt=\"select-under-actions\" width=\"947\" height=\"96\"><\/li><li> Depois disso, clique no pequeno menu suspenso para selecionar \u201cTabela Din\u00e2mica Inteira\u201d. <br><img loading=\"lazy\" decoding=\"async\" title=\"3-selecionar-toda-tabela din\u00e2mica\" src=\"https:\/\/exceladvisor.org\/wp-content\/uploads\/2023\/08\/3-selectionner-lintegralite-du-tableau-croise-dynamique.png\" sizes=\"auto, \" srcset=\"\" alt=\"select-entire-pivot-table\" width=\"197\" height=\"170\"><\/li><li> Como resultado, todo o seu giro ser\u00e1 selecionado.<\/li><li> Ao final, pressione a tecla Delete no canto superior direito do teclado.<\/li><\/ol><h2 class=\"wp-block-heading\"> Redefinir tabela din\u00e2mica<\/h2><p> Basta seguir as etapas r\u00e1pidas abaixo para redefinir todos os campos em uma tabela din\u00e2mica.<\/p><ol><li> Primeiro, clique em qualquer lugar da tabela din\u00e2mica.<\/li><li> Agora v\u00e1 para a guia Analisar. <br><img loading=\"lazy\" decoding=\"async\" title=\"Guia de 4 etapas para an\u00e1lise\" src=\"https:\/\/exceladvisor.org\/wp-content\/uploads\/2023\/08\/4-aller-a-longlet-analyser.png\" sizes=\"auto, \" srcset=\"\" alt=\"go-to-analyze-tab\" width=\"257\" height=\"140\"><\/li><li> Clique aqui no pequeno bot\u00e3o ao lado para excluir. <br><img loading=\"lazy\" decoding=\"async\" title=\"5 bot\u00f5es pequenos ao lado para apagar\" src=\"https:\/\/exceladvisor.org\/wp-content\/uploads\/2023\/08\/5-petit-bouton-a-cote-de-clear.png\" sizes=\"auto, \" srcset=\"\" alt=\"little-button-next-to-clear\" width=\"208\" height=\"153\"><\/li><li> Por fim, clique em \u201cLimpar tudo\u201d. <br><img loading=\"lazy\" decoding=\"async\" title=\"6 cliques em excluir tudo\" src=\"https:\/\/exceladvisor.org\/wp-content\/uploads\/2023\/08\/6-cliquez-sur-tout-effacer.png\" sizes=\"auto, \" srcset=\"\" alt=\"click-on-clear-all\" width=\"205\" height=\"151\"><\/li><\/ol><p> Como resultado, voc\u00ea obter\u00e1 uma tabela din\u00e2mica vazia. Todos os valores de linhas e colunas ser\u00e3o redefinidos. <\/p><div class=\"wp-block-group main-page-bottom is-layout-flow\"><div class=\"wp-block-group__inner-container\"><h2 class=\"wp-block-heading\"> Saiba mais sobre tabelas din\u00e2micas<\/h2><ul><li> <a href=\"https:\/\/exceladvisor.org\/pt\/excluir-tabela-dinamica\/\">Excluir uma tabela din\u00e2mica no Excel<\/a><\/li><li> <a href=\"https:\/\/exceladvisor.org\/pt\/mover-a-tabela-dinamica\/\">Mover uma tabela din\u00e2mica<\/a><\/li><li> <a href=\"https:\/\/exceladvisor.org\/pt\/atalhos-de-teclado-1\/\">Atalhos de teclado da tabela din\u00e2mica<\/a><\/li><li> <a href=\"https:\/\/exceladvisor.org\/pt\/dinamizar-a-partir-de-varias-planilhas\/\" data-wpil=\"url\">Tabela din\u00e2mica de v\u00e1rias planilhas<\/a><\/li><li> <a href=\"https:\/\/exceladvisor.org\/pt\/tabela-dinamica-2\/\" data-wpil=\"url\">Tabela din\u00e2mica no Excel<\/a><\/li><\/ul><p> \u21e0 Retornar ao <a href=\"https:\/\/exceladvisor.org\/pt\/tabela-dinamica-3\/\">tutorial da tabela din\u00e2mica<\/a><\/p><\/div><\/div>","protected":false},"excerpt":{"rendered":"","protected":false},"author":1,"featured_media":0,"parent":0,"menu_order":0,"comment_status":"open","ping_status":"closed","template":"","meta":{"ub_ctt_via":"","footnotes":""},"class_list":["post-149","page","type-page","status-publish","hentry"],"featured_image_src":null,"yoast_head":"<!-- This site is optimized with the Yoast SEO plugin v25.4 - https:\/\/yoast.com\/wordpress\/plugins\/seo\/ -->\n<title>Como deletar uma tabela din\u00e2mica no Excel?<\/title>\n<meta name=\"description\" content=\"Excluir uma tabela din\u00e2mica no Excel \u00e9 uma tarefa simples. Aqui est\u00e1 o guia passo a passo para remover a placa facilmente\" \/>\n<meta name=\"robots\" content=\"index, follow, max-snippet:-1, max-image-preview:large, max-video-preview:-1\" \/>\n<link rel=\"canonical\" href=\"https:\/\/exceladvisor.org\/pt\/excluir-tabela-dinamica\/\" \/>\n<meta property=\"og:locale\" content=\"pt_PT\" \/>\n<meta property=\"og:type\" content=\"article\" \/>\n<meta property=\"og:title\" content=\"Como deletar uma tabela din\u00e2mica no Excel?\" \/>\n<meta property=\"og:description\" content=\"Excluir uma tabela din\u00e2mica no Excel \u00e9 uma tarefa simples. Aqui est\u00e1 o guia passo a passo para remover a placa facilmente\" \/>\n<meta property=\"og:url\" content=\"https:\/\/exceladvisor.org\/pt\/excluir-tabela-dinamica\/\" \/>\n<meta property=\"og:site_name\" content=\"Excel Advisor\" \/>\n<meta property=\"article:modified_time\" content=\"2023-12-06T11:37:18+00:00\" \/>\n<meta property=\"og:image\" content=\"https:\/\/exceladvisor.org\/wp-content\/uploads\/2023\/08\/1-activer-longlet-analyse.png\" \/>\n<meta name=\"twitter:card\" content=\"summary_large_image\" \/>\n<meta name=\"twitter:label1\" content=\"Tempo estimado de leitura\" \/>\n\t<meta name=\"twitter:data1\" content=\"1 minuto\" \/>\n<script type=\"application\/ld+json\" class=\"yoast-schema-graph\">{\"@context\":\"https:\/\/schema.org\",\"@graph\":[{\"@type\":\"WebPage\",\"@id\":\"https:\/\/exceladvisor.org\/pt\/excluir-tabela-dinamica\/\",\"url\":\"https:\/\/exceladvisor.org\/pt\/excluir-tabela-dinamica\/\",\"name\":\"Como deletar uma tabela din\u00e2mica no Excel?\",\"isPartOf\":{\"@id\":\"https:\/\/exceladvisor.org\/pt\/#website\"},\"primaryImageOfPage\":{\"@id\":\"https:\/\/exceladvisor.org\/pt\/excluir-tabela-dinamica\/#primaryimage\"},\"image\":{\"@id\":\"https:\/\/exceladvisor.org\/pt\/excluir-tabela-dinamica\/#primaryimage\"},\"thumbnailUrl\":\"https:\/\/exceladvisor.org\/wp-content\/uploads\/2023\/08\/1-activer-longlet-analyse.png\",\"datePublished\":\"2023-11-15T06:29:39+00:00\",\"dateModified\":\"2023-12-06T11:37:18+00:00\",\"description\":\"Excluir uma tabela din\u00e2mica no Excel \u00e9 uma tarefa simples. Aqui est\u00e1 o guia passo a passo para remover a placa facilmente\",\"breadcrumb\":{\"@id\":\"https:\/\/exceladvisor.org\/pt\/excluir-tabela-dinamica\/#breadcrumb\"},\"inLanguage\":\"pt-PT\",\"potentialAction\":[{\"@type\":\"ReadAction\",\"target\":[\"https:\/\/exceladvisor.org\/pt\/excluir-tabela-dinamica\/\"]}]},{\"@type\":\"ImageObject\",\"inLanguage\":\"pt-PT\",\"@id\":\"https:\/\/exceladvisor.org\/pt\/excluir-tabela-dinamica\/#primaryimage\",\"url\":\"https:\/\/exceladvisor.org\/wp-content\/uploads\/2023\/08\/1-activer-longlet-analyse.png\",\"contentUrl\":\"https:\/\/exceladvisor.org\/wp-content\/uploads\/2023\/08\/1-activer-longlet-analyse.png\"},{\"@type\":\"BreadcrumbList\",\"@id\":\"https:\/\/exceladvisor.org\/pt\/excluir-tabela-dinamica\/#breadcrumb\",\"itemListElement\":[{\"@type\":\"ListItem\",\"position\":1,\"name\":\"Lar\",\"item\":\"https:\/\/exceladvisor.org\/pt\/\"},{\"@type\":\"ListItem\",\"position\":2,\"name\":\"Como deletar uma tabela din\u00e2mica no excel?\"}]},{\"@type\":\"WebSite\",\"@id\":\"https:\/\/exceladvisor.org\/pt\/#website\",\"url\":\"https:\/\/exceladvisor.org\/pt\/\",\"name\":\"Excel Advisor\",\"description\":\"O seu guia definitivo para dominar os dados!\",\"publisher\":{\"@id\":\"https:\/\/exceladvisor.org\/pt\/#organization\"},\"potentialAction\":[{\"@type\":\"SearchAction\",\"target\":{\"@type\":\"EntryPoint\",\"urlTemplate\":\"https:\/\/exceladvisor.org\/pt\/?s={search_term_string}\"},\"query-input\":{\"@type\":\"PropertyValueSpecification\",\"valueRequired\":true,\"valueName\":\"search_term_string\"}}],\"inLanguage\":\"pt-PT\"},{\"@type\":\"Organization\",\"@id\":\"https:\/\/exceladvisor.org\/pt\/#organization\",\"name\":\"Excel Advisor\",\"url\":\"https:\/\/exceladvisor.org\/pt\/\",\"logo\":{\"@type\":\"ImageObject\",\"inLanguage\":\"pt-PT\",\"@id\":\"https:\/\/exceladvisor.org\/pt\/#\/schema\/logo\/image\/\",\"url\":\"https:\/\/exceladvisor.org\/pt\/wp-content\/uploads\/2023\/12\/exceladvisor.org_.png\",\"contentUrl\":\"https:\/\/exceladvisor.org\/pt\/wp-content\/uploads\/2023\/12\/exceladvisor.org_.png\",\"width\":105,\"height\":36,\"caption\":\"Excel Advisor\"},\"image\":{\"@id\":\"https:\/\/exceladvisor.org\/pt\/#\/schema\/logo\/image\/\"}}]}<\/script>\n<!-- \/ Yoast SEO plugin. -->","yoast_head_json":{"title":"Como deletar uma tabela din\u00e2mica no Excel?","description":"Excluir uma tabela din\u00e2mica no Excel \u00e9 uma tarefa simples. Aqui est\u00e1 o guia passo a passo para remover a placa facilmente","robots":{"index":"index","follow":"follow","max-snippet":"max-snippet:-1","max-image-preview":"max-image-preview:large","max-video-preview":"max-video-preview:-1"},"canonical":"https:\/\/exceladvisor.org\/pt\/excluir-tabela-dinamica\/","og_locale":"pt_PT","og_type":"article","og_title":"Como deletar uma tabela din\u00e2mica no Excel?","og_description":"Excluir uma tabela din\u00e2mica no Excel \u00e9 uma tarefa simples. Aqui est\u00e1 o guia passo a passo para remover a placa facilmente","og_url":"https:\/\/exceladvisor.org\/pt\/excluir-tabela-dinamica\/","og_site_name":"Excel Advisor","article_modified_time":"2023-12-06T11:37:18+00:00","og_image":[{"url":"https:\/\/exceladvisor.org\/wp-content\/uploads\/2023\/08\/1-activer-longlet-analyse.png","type":"","width":"","height":""}],"twitter_card":"summary_large_image","twitter_misc":{"Tempo estimado de leitura":"1 minuto"},"schema":{"@context":"https:\/\/schema.org","@graph":[{"@type":"WebPage","@id":"https:\/\/exceladvisor.org\/pt\/excluir-tabela-dinamica\/","url":"https:\/\/exceladvisor.org\/pt\/excluir-tabela-dinamica\/","name":"Como deletar uma tabela din\u00e2mica no Excel?","isPartOf":{"@id":"https:\/\/exceladvisor.org\/pt\/#website"},"primaryImageOfPage":{"@id":"https:\/\/exceladvisor.org\/pt\/excluir-tabela-dinamica\/#primaryimage"},"image":{"@id":"https:\/\/exceladvisor.org\/pt\/excluir-tabela-dinamica\/#primaryimage"},"thumbnailUrl":"https:\/\/exceladvisor.org\/wp-content\/uploads\/2023\/08\/1-activer-longlet-analyse.png","datePublished":"2023-11-15T06:29:39+00:00","dateModified":"2023-12-06T11:37:18+00:00","description":"Excluir uma tabela din\u00e2mica no Excel \u00e9 uma tarefa simples. Aqui est\u00e1 o guia passo a passo para remover a placa facilmente","breadcrumb":{"@id":"https:\/\/exceladvisor.org\/pt\/excluir-tabela-dinamica\/#breadcrumb"},"inLanguage":"pt-PT","potentialAction":[{"@type":"ReadAction","target":["https:\/\/exceladvisor.org\/pt\/excluir-tabela-dinamica\/"]}]},{"@type":"ImageObject","inLanguage":"pt-PT","@id":"https:\/\/exceladvisor.org\/pt\/excluir-tabela-dinamica\/#primaryimage","url":"https:\/\/exceladvisor.org\/wp-content\/uploads\/2023\/08\/1-activer-longlet-analyse.png","contentUrl":"https:\/\/exceladvisor.org\/wp-content\/uploads\/2023\/08\/1-activer-longlet-analyse.png"},{"@type":"BreadcrumbList","@id":"https:\/\/exceladvisor.org\/pt\/excluir-tabela-dinamica\/#breadcrumb","itemListElement":[{"@type":"ListItem","position":1,"name":"Lar","item":"https:\/\/exceladvisor.org\/pt\/"},{"@type":"ListItem","position":2,"name":"Como deletar uma tabela din\u00e2mica no excel?"}]},{"@type":"WebSite","@id":"https:\/\/exceladvisor.org\/pt\/#website","url":"https:\/\/exceladvisor.org\/pt\/","name":"Excel Advisor","description":"O seu guia definitivo para dominar os dados!","publisher":{"@id":"https:\/\/exceladvisor.org\/pt\/#organization"},"potentialAction":[{"@type":"SearchAction","target":{"@type":"EntryPoint","urlTemplate":"https:\/\/exceladvisor.org\/pt\/?s={search_term_string}"},"query-input":{"@type":"PropertyValueSpecification","valueRequired":true,"valueName":"search_term_string"}}],"inLanguage":"pt-PT"},{"@type":"Organization","@id":"https:\/\/exceladvisor.org\/pt\/#organization","name":"Excel Advisor","url":"https:\/\/exceladvisor.org\/pt\/","logo":{"@type":"ImageObject","inLanguage":"pt-PT","@id":"https:\/\/exceladvisor.org\/pt\/#\/schema\/logo\/image\/","url":"https:\/\/exceladvisor.org\/pt\/wp-content\/uploads\/2023\/12\/exceladvisor.org_.png","contentUrl":"https:\/\/exceladvisor.org\/pt\/wp-content\/uploads\/2023\/12\/exceladvisor.org_.png","width":105,"height":36,"caption":"Excel Advisor"},"image":{"@id":"https:\/\/exceladvisor.org\/pt\/#\/schema\/logo\/image\/"}}]}},"yoast_meta":{"yoast_wpseo_title":"","yoast_wpseo_metadesc":"","yoast_wpseo_canonical":""},"_links":{"self":[{"href":"https:\/\/exceladvisor.org\/pt\/wp-json\/wp\/v2\/pages\/149","targetHints":{"allow":["GET"]}}],"collection":[{"href":"https:\/\/exceladvisor.org\/pt\/wp-json\/wp\/v2\/pages"}],"about":[{"href":"https:\/\/exceladvisor.org\/pt\/wp-json\/wp\/v2\/types\/page"}],"author":[{"embeddable":true,"href":"https:\/\/exceladvisor.org\/pt\/wp-json\/wp\/v2\/users\/1"}],"replies":[{"embeddable":true,"href":"https:\/\/exceladvisor.org\/pt\/wp-json\/wp\/v2\/comments?post=149"}],"version-history":[{"count":1,"href":"https:\/\/exceladvisor.org\/pt\/wp-json\/wp\/v2\/pages\/149\/revisions"}],"predecessor-version":[{"id":1028,"href":"https:\/\/exceladvisor.org\/pt\/wp-json\/wp\/v2\/pages\/149\/revisions\/1028"}],"wp:attachment":[{"href":"https:\/\/exceladvisor.org\/pt\/wp-json\/wp\/v2\/media?parent=149"}],"curies":[{"name":"wp","href":"https:\/\/api.w.org\/{rel}","templated":true}]}}