{"id":15,"date":"2023-11-22T02:20:42","date_gmt":"2023-11-22T02:20:42","guid":{"rendered":"https:\/\/exceladvisor.org\/pt\/excel-avancado\/"},"modified":"2023-12-06T11:51:38","modified_gmt":"2023-12-06T11:51:38","slug":"excel-avancado","status":"publish","type":"page","link":"https:\/\/exceladvisor.org\/pt\/excel-avancado\/","title":{"rendered":"Tutoriais avan\u00e7ados de excel"},"content":{"rendered":"<div class=\"excel-before-content-2\" id=\"excel-2642295782\"><script type=\"text\/javascript\">\r\n\tatOptions = {\r\n\t\t'key' : 'c1158f160081d6540a8409e6925dab94',\r\n\t\t'format' : 'iframe',\r\n\t\t'height' : 250,\r\n\t\t'width' : 300,\r\n\t\t'params' : {}\r\n\t};\r\n<\/script>\r\n<script type=\"text\/javascript\" src=\"\/\/www.highperformanceformat.com\/c1158f160081d6540a8409e6925dab94\/invoke.js\"><\/script><\/div><div class=\"excel-before-content\" id=\"excel-245516346\"><script type=\"text\/javascript\">\r\n\tatOptions = {\r\n\t\t'key' : 'c1158f160081d6540a8409e6925dab94',\r\n\t\t'format' : 'iframe',\r\n\t\t'height' : 250,\r\n\t\t'width' : 300,\r\n\t\t'params' : {}\r\n\t};\r\n<\/script>\r\n<script type=\"text\/javascript\" src=\"\/\/www.highperformanceformat.com\/c1158f160081d6540a8409e6925dab94\/invoke.js\"><\/script><\/div> <p>Tutoriais avan\u00e7ados do Excel cobrem recursos mais sofisticados do Microsoft Excel. Esses tutoriais s\u00e3o projetados para pessoas que j\u00e1 possuem um conhecimento b\u00e1sico de Excel e desejam aprofundar suas habilidades para tarefas mais complexas e an\u00e1lise de dados.<\/p><p> Aqui est\u00e3o alguns t\u00f3picos comumente abordados em tutoriais avan\u00e7ados do Excel:<\/p><h2> Uso avan\u00e7ado do Microsoft Excel<\/h2><p> <strong>F\u00f3rmulas e fun\u00e7\u00f5es avan\u00e7adas:<\/strong><\/p><ul><li> Cobertura detalhada de fun\u00e7\u00f5es complexas, como INDEX\/MATCH, SUMIFS, COUNTIFS e f\u00f3rmulas de matriz.<\/li><li> Use fun\u00e7\u00f5es l\u00f3gicas como IFERROR, IF, AND OR para tomada de decis\u00e3o avan\u00e7ada.<\/li><\/ul><p> <strong>An\u00e1lise de dados e tabelas din\u00e2micas:<\/strong><\/p><ul><li> T\u00e9cnicas avan\u00e7adas para trabalhar com tabelas din\u00e2micas e gr\u00e1ficos din\u00e2micos.<\/li><li> Analise dados usando recursos como segmenta\u00e7\u00f5es de dados, cronogramas e campos calculados.<\/li><\/ul><p> <strong>Consulta avan\u00e7ada e Power Pivot:<\/strong><\/p><ul><li> Introdu\u00e7\u00e3o ao Power Query para limpeza, transforma\u00e7\u00e3o e carregamento de dados.<\/li><li> Usando o Power Pivot para modelagem e an\u00e1lise avan\u00e7ada de dados.<\/li><\/ul><p> <strong>Valida\u00e7\u00e3o de dados e ferramentas avan\u00e7adas de dados:<\/strong><\/p><ul><li> Cria\u00e7\u00e3o de listas suspensas din\u00e2micas e listas suspensas dependentes.<\/li><li> T\u00e9cnicas avan\u00e7adas de valida\u00e7\u00e3o de dados e regras de valida\u00e7\u00e3o personalizadas.<\/li><\/ul><p> <strong>Mapeamento avan\u00e7ado:<\/strong><\/p><ul><li> Cria\u00e7\u00e3o de gr\u00e1ficos complexos, como gr\u00e1ficos combinados, gr\u00e1ficos em cascata e gr\u00e1ficos de radar.<\/li><li> Personaliza\u00e7\u00e3o de elementos do gr\u00e1fico e op\u00e7\u00f5es de formata\u00e7\u00e3o.<\/li><\/ul><p> <strong><a href=\"https:\/\/exceladvisor.org\/pt\/vba\/\">Macros e VBA<\/a> (Visual Basic para Aplicativos):<\/strong><\/p><ul><li> Introdu\u00e7\u00e3o \u00e0 automa\u00e7\u00e3o usando macros.<\/li><li> Escrever e editar c\u00f3digo VBA para personalizar a funcionalidade do Excel.<\/li><\/ul><p> <strong>Fun\u00e7\u00f5es de dados avan\u00e7adas:<\/strong><\/p><ul><li> Use fun\u00e7\u00f5es como LOOKUP, HLOOKUP, VLOOKUP para recupera\u00e7\u00e3o avan\u00e7ada de dados.<\/li><li> Use fun\u00e7\u00f5es de banco de dados como DSUM, DAVERAGE, DCOUNT.<\/li><\/ul><p> <strong>Gerenciamento de cen\u00e1rios e an\u00e1lise de simula\u00e7\u00e3o:<\/strong><\/p><ul><li> Execute an\u00e1lises avan\u00e7adas de cen\u00e1rios e crie resumos de cen\u00e1rios.<\/li><li> Usando Goal Seek e Solver para problemas de otimiza\u00e7\u00e3o.<\/li><\/ul><p> <strong>Tabelas din\u00e2micas:<\/strong><\/p><ul><li> Explore novas fun\u00e7\u00f5es de array din\u00e2mico, como SORT, FILTER, UNIQUE e SEQUENCE.<\/li><li> Aproveite os intervalos de derramamento para manipula\u00e7\u00e3o eficiente de dados.<\/li><\/ul><p> <strong>Fun\u00e7\u00f5es financeiras e estat\u00edsticas:<\/strong><\/p><ul><li> Aplica\u00e7\u00e3o de fun\u00e7\u00f5es financeiras para c\u00e1lculos relacionados a empr\u00e9stimos, investimentos e anuidades.<\/li><li> Use fun\u00e7\u00f5es estat\u00edsticas para an\u00e1lise de dados e testes de hip\u00f3teses.<\/li><\/ul><p> <strong>Colabora\u00e7\u00e3o e compartilhamento:<\/strong><\/p><ul><li> Recursos avan\u00e7ados de compartilhamento e colabora\u00e7\u00e3o, incluindo compartilhamento de pastas de trabalho, mesclagem de altera\u00e7\u00f5es e revis\u00e3o de coment\u00e1rios.<\/li><\/ul><p> <strong>Design e visualiza\u00e7\u00e3o do dashboard:<\/strong><\/p><ul><li> Projete pain\u00e9is interativos usando t\u00e9cnicas avan\u00e7adas de visualiza\u00e7\u00e3o.<\/li><li> Integra\u00e7\u00e3o de controles de formul\u00e1rio e elementos interativos.<\/li><\/ul><h2> Planilhas<\/h2><ul><li> <a style=\"outline: none;\" href=\"https:\/\/exceladvisor.org\/pt\/consolidar\/\" data-wpil=\"url\">Consolide dados de v\u00e1rias planilhas em uma \u00fanica planilha no Excel<\/a><\/li><li> <a style=\"outline: none;\" href=\"https:\/\/exceladvisor.org\/pt\/formulario-de-entrada-de-dados-3\/\">Crie um formul\u00e1rio de entrada de dados no Excel<\/a><\/li><\/ul><h2> Formatar<\/h2><ul><li> <a style=\"outline: none;\" href=\"https:\/\/exceladvisor.org\/pt\/formulas-1\/\" data-wpil=\"url\">F\u00f3rmulas em formata\u00e7\u00e3o condicional<\/a><\/li><li> <a style=\"outline: none;\" href=\"https:\/\/exceladvisor.org\/pt\/formatacao-automatica\/\">Op\u00e7\u00e3o AUTO FORMAT no Excel<\/a><\/li><li> <a style=\"outline: none;\" href=\"https:\/\/exceladvisor.org\/pt\/destacar-linhas-alternadas\/\">Destaque linhas alternativas no Excel com amostra de cores<\/a><\/li><li> <a style=\"outline: none;\" href=\"https:\/\/exceladvisor.org\/pt\/jogos-de-icones\/\" data-wpil=\"url\">Use conjuntos de \u00edcones no Excel (formata\u00e7\u00e3o condicional)<\/a><\/li><li> <a style=\"outline: none;\" href=\"https:\/\/exceladvisor.org\/pt\/melhores-fontes\/\">5 melhores fontes para Microsoft Excel<\/a><\/li><li> <a style=\"outline: none;\" href=\"https:\/\/exceladvisor.org\/pt\/ocultar-zeros\/\">Como ocultar valores zero no Excel<\/a><\/li><\/ul><h2> Data de validade<\/h2><ul><li> <a style=\"outline: none;\" href=\"https:\/\/exceladvisor.org\/pt\/intervalo-de-datas-de-validacao-de-dados\/\">Valida\u00e7\u00e3o de dados com intervalo de datas<\/a><\/li><li> <a style=\"outline: none;\" href=\"https:\/\/exceladvisor.org\/pt\/lista-suspensa-dependente\/\">Lista suspensa de dependentes no Excel<\/a><\/li><li> <a style=\"outline: none;\" href=\"https:\/\/exceladvisor.org\/pt\/lista-dinamica\/\">Lista suspensa din\u00e2mica no Excel<\/a><\/li><li> <a style=\"outline: none;\" href=\"https:\/\/exceladvisor.org\/pt\/sim-nao-lista-suspensa\/\">Crie uma lista suspensa Sim \u2013 N\u00e3o no Excel<\/a><\/li><li> <a style=\"outline: none;\" href=\"https:\/\/exceladvisor.org\/pt\/remover-lista-suspensa\/\">Remover lista suspensa (valida\u00e7\u00e3o de dados) no Excel<\/a><\/li><\/ul><h2> Imprimir<\/h2><ul><li> <a style=\"outline: none;\" href=\"https:\/\/exceladvisor.org\/pt\/imprimir-titulos\/\">Aplicar t\u00edtulos de impress\u00e3o no Excel (defina a linha 1 para imprimir em todas as p\u00e1ginas)<\/a><\/li><li> <a style=\"outline: none;\" href=\"https:\/\/exceladvisor.org\/pt\/papel-grafico\/\">Imprima um papel milimetrado no Excel (modelo de grade quadrada)<\/a><\/li><li> <a style=\"outline: none;\" href=\"https:\/\/exceladvisor.org\/pt\/alterar-a-orientacao-da-pagina\/\">Alterar a orienta\u00e7\u00e3o da p\u00e1gina no Excel<\/a><\/li><li> <a style=\"outline: none;\" href=\"https:\/\/exceladvisor.org\/pt\/margem-da-pagina\/\">Margem da p\u00e1gina no Excel (alterar e definir)<\/a><\/li><\/ul><h2> Escolha<\/h2><ul><li> <a style=\"outline: none;\" href=\"https:\/\/exceladvisor.org\/pt\/ferramenta-de-camera\/\">Ferramenta C\u00e2mera Excel<\/a><\/li><li> <a style=\"outline: none;\" href=\"https:\/\/exceladvisor.org\/pt\/busca-de-meta\/\">Localizador de metas no Excel<\/a><\/li><li> <a href=\"https:\/\/exceladvisor.org\/pt\/janela-de-observacao\/\">Janela de observa\u00e7\u00e3o no Excel<\/a><\/li><li> <a href=\"https:\/\/exceladvisor.org\/pt\/fatiador-de-excel\/\">Fatiador de Excel (guia completo)<\/a><\/li><li> <a href=\"https:\/\/exceladvisor.org\/pt\/excel-por-padrao-no-mac\/\">Tornar o Excel padr\u00e3o no Mac<\/a><\/li><li> <a style=\"outline: none;\" href=\"https:\/\/exceladvisor.org\/pt\/modo-de-seguranca-do-excel\/\">Abra o Excel no modo de seguran\u00e7a<\/a><\/li><li> <a style=\"outline: none;\" href=\"https:\/\/exceladvisor.org\/pt\/esvaziar-o-cache\/\">Limpar cache no Excel<\/a><\/li><li> <a style=\"outline: none;\" href=\"https:\/\/exceladvisor.org\/pt\/arte-inteligente\/\">Arte Inteligente no Excel<\/a><\/li><li> <a style=\"outline: none;\" href=\"https:\/\/exceladvisor.org\/pt\/listas-personalizadas\/\">Crie uma lista personalizada no Excel<\/a><\/li><li> <a style=\"outline: none;\" href=\"https:\/\/exceladvisor.org\/pt\/pdf-em-excel\/\">Insira um PDF no Excel<\/a><\/li><li> <a style=\"outline: none;\" href=\"https:\/\/exceladvisor.org\/pt\/auto-correcao\/\">Use a AutoCorre\u00e7\u00e3o no Excel<\/a><\/li><li> <a style=\"outline: none;\" href=\"https:\/\/exceladvisor.org\/pt\/insira-uma-imagem\/\">Insira uma imagem em uma c\u00e9lula no Excel<\/a><\/li><li> <a style=\"outline: none;\" href=\"https:\/\/exceladvisor.org\/pt\/incorporar-arquivo\/\">Incorporar um arquivo no Excel<\/a><\/li><li> Converter PDF para Excel<\/li><\/ul><h2> Praia e celas<\/h2><ul><li> <a style=\"outline: none;\" href=\"https:\/\/exceladvisor.org\/pt\/ferramenta-de-analise-rapida\/\">Ferramenta de an\u00e1lise r\u00e1pida no Excel<\/a><\/li><li> <a style=\"outline: none;\" href=\"https:\/\/exceladvisor.org\/pt\/aplicar-varios-filtros\/\">Aplicar v\u00e1rios filtros \u00e0s colunas<\/a><\/li><li> <a href=\"https:\/\/exceladvisor.org\/pt\/destacar-valores-superiores-inferiores\/\">Destaque os valores N superiores e inferiores no Excel<\/a><\/li><li> <a style=\"outline: none;\" href=\"https:\/\/exceladvisor.org\/pt\/caixa-de-selecao\/\">Insira uma caixa de sele\u00e7\u00e3o no Excel<\/a><\/li><li> <a href=\"https:\/\/exceladvisor.org\/pt\/mesclar-celulas-sem-perder-dados\/\">Mesclar c\u00e9lulas sem perder dados no Excel<\/a><\/li><li> <a href=\"https:\/\/exceladvisor.org\/pt\/colar-especial-multiplicar\/\">Multiplique no Excel usando Colar Especial<\/a><\/li><li> <a href=\"https:\/\/exceladvisor.org\/pt\/adicionar-um-codigo-de-barras\/\" data-wpil=\"url\">Adicione um c\u00f3digo de barras no Excel (instale a fonte)<\/a><\/li><li> <a href=\"https:\/\/exceladvisor.org\/pt\/fonte-padrao\/\">Fonte padr\u00e3o (alterar estilo, tamanho e cor)<\/a><\/li><li> <a href=\"https:\/\/exceladvisor.org\/pt\/filtrar-por-cor\/\">Filtrar por cor no Excel<\/a><\/li><li> <a href=\"https:\/\/exceladvisor.org\/pt\/renomear-a-tabela\/\">Renomear uma tabela no Excel<\/a><\/li><li> <a href=\"https:\/\/exceladvisor.org\/pt\/numeros-de-coluna\/\">N\u00fameros de colunas no Excel<\/a><\/li><li> <a href=\"https:\/\/exceladvisor.org\/pt\/celulas-cinzentas\/\">C\u00e9lulas cinza no Excel<\/a><\/li><li> <a style=\"outline: none;\" href=\"https:\/\/exceladvisor.org\/pt\/tornar-as-celulas-maiores\/\">Ampliar c\u00e9lulas no Excel<\/a><\/li><li> <a href=\"https:\/\/exceladvisor.org\/pt\/remover-hifens\/\">Remover h\u00edfens no Excel<\/a><\/li><li> <a style=\"outline: none;\" href=\"https:\/\/exceladvisor.org\/pt\/encontrar-celulas-mescladas\/\">Encontre c\u00e9lulas mescladas no Excel<\/a><\/li><li> <a style=\"outline: none;\" href=\"https:\/\/exceladvisor.org\/pt\/bloquear-celulas-1\/\">Bloquear c\u00e9lulas no Excel<\/a><\/li><li> <a style=\"outline: none;\" href=\"https:\/\/exceladvisor.org\/pt\/encontrar-intervalo-de-nomes\/\">Encontre uma variedade de nomes no Excel<\/a><\/li><\/ul><h2> Cadernos<\/h2><ul><li> <a style=\"outline: none;\" href=\"https:\/\/exceladvisor.org\/pt\/reparar-arquivo-excel-corrompido\/\">Reparar arquivo Excel corrompido<\/a><\/li><li> <a style=\"outline: none;\" href=\"https:\/\/exceladvisor.org\/pt\/recuperar-arquivos-nao-salvos\/\">Recupere arquivos do Excel n\u00e3o salvos quando o Excel travar<\/a><\/li><li> <a style=\"outline: none;\" href=\"https:\/\/exceladvisor.org\/pt\/xlsx-para-csv\/\">Salve o arquivo Excel (pasta de trabalho) em formato CSV (XLSX TO CSV)<\/a><\/li><li> <a style=\"outline: none;\" href=\"https:\/\/exceladvisor.org\/pt\/abrir-arquivo-de-texto\/\">Como abrir um arquivo de texto no Excel (.TXT)<\/a><\/li><\/ul><h2> Formata\u00e7\u00e3o condicional<\/h2><ul><li> <a style=\"outline: none;\" href=\"https:\/\/exceladvisor.org\/pt\/formatacao-condicional\/\">Um guia completo para formata\u00e7\u00e3o condicional no Excel<\/a><\/li><li> <a style=\"outline: none;\" href=\"https:\/\/exceladvisor.org\/pt\/celulas-vazias\/\">Aplicar formata\u00e7\u00e3o condicional em c\u00e9lulas em branco no Excel<\/a><\/li><li> <a style=\"outline: none;\" href=\"https:\/\/exceladvisor.org\/pt\/comparar-colunas\/\">Compare duas colunas usando formata\u00e7\u00e3o condicional no Excel<\/a><\/li><li> <a style=\"outline: none;\" href=\"https:\/\/exceladvisor.org\/pt\/outra-celula\/\">Aplicar formata\u00e7\u00e3o condicional com base em outra c\u00e9lula do Excel<\/a><\/li><li> <a style=\"outline: none;\" href=\"https:\/\/exceladvisor.org\/pt\/outra-coluna\/\">Aplicar formata\u00e7\u00e3o condicional com base em outra coluna do Excel<\/a><\/li><li> <a style=\"outline: none;\" href=\"https:\/\/exceladvisor.org\/pt\/copia-de\/\">Copie a formata\u00e7\u00e3o condicional de um intervalo para outro no Excel<\/a><\/li><li> <a href=\"https:\/\/exceladvisor.org\/pt\/coluna-inteira\/\">Aplicar formata\u00e7\u00e3o condicional a uma coluna inteira no Excel<\/a><\/li><li> <a href=\"https:\/\/exceladvisor.org\/pt\/destacar-linhas\/\">Destacar linhas usando formata\u00e7\u00e3o condicional no Excel<\/a><\/li><li> <a style=\"outline: none;\" href=\"https:\/\/exceladvisor.org\/pt\/multiplas-condicoes\/\">Aplicar m\u00faltiplas condi\u00e7\u00f5es na formata\u00e7\u00e3o condicional no Excel<\/a><\/li><li> <a style=\"outline: none;\" href=\"https:\/\/exceladvisor.org\/pt\/nao-funciona\/\">Por que a formata\u00e7\u00e3o condicional n\u00e3o funciona no Excel<\/a><\/li><li> <a style=\"outline: none;\" href=\"https:\/\/exceladvisor.org\/pt\/celula-contem-texto\/\">Destaque se uma c\u00e9lula cont\u00e9m texto espec\u00edfico com formata\u00e7\u00e3o condicional no Excel<\/a><\/li><li> <a style=\"outline: none;\" href=\"https:\/\/exceladvisor.org\/pt\/com-base-na-data-2\/\">Aplicar formata\u00e7\u00e3o condicional com base em uma data<\/a><\/li><li> <a style=\"outline: none;\" href=\"https:\/\/exceladvisor.org\/pt\/escalas-de-cores\/\">Aplicando escalas de cores usando formata\u00e7\u00e3o condicional<\/a><\/li><li> <a style=\"outline: none;\" href=\"https:\/\/exceladvisor.org\/pt\/barras-de-dados\/\">Barras de dados no Excel usando formata\u00e7\u00e3o condicional<\/a><\/li><li> <a style=\"outline: none;\" href=\"https:\/\/exceladvisor.org\/pt\/pare-se-for-verdade-2\/\">Pare se for verdadeiro na formata\u00e7\u00e3o condicional<\/a><\/li><li> <a style=\"outline: none;\" href=\"https:\/\/exceladvisor.org\/pt\/encontrar-duplicatas-2\/\">Encontre e destaque duplicatas usando formata\u00e7\u00e3o condicional<\/a><\/li><li> <a href=\"https:\/\/exceladvisor.org\/pt\/retirar\/\">Remova a formata\u00e7\u00e3o condicional no Excel<\/a><\/li><\/ul><h2> Soletrar<\/h2><ul><li> <a style=\"outline: none;\" href=\"https:\/\/exceladvisor.org\/pt\/classificar-horizontalmente\/\">Classifique horizontalmente no Excel<\/a><\/li><\/ul>","protected":false},"excerpt":{"rendered":"","protected":false},"author":1,"featured_media":0,"parent":0,"menu_order":0,"comment_status":"open","ping_status":"closed","template":"","meta":{"ub_ctt_via":"","footnotes":""},"class_list":["post-15","page","type-page","status-publish","hentry"],"featured_image_src":null,"yoast_head":"<!-- This site is optimized with the Yoast SEO plugin v25.4 - https:\/\/yoast.com\/wordpress\/plugins\/seo\/ -->\n<title>Excel Avan\u00e7ado: Fun\u00e7\u00f5es, F\u00f3rmulas, Dicas e Tutoriais 2023<\/title>\n<meta name=\"description\" content=\"Tutoriais avan\u00e7ados do Excel cobrem recursos mais sofisticados do Microsoft Excel. Esses tutoriais s\u00e3o projetados para\" \/>\n<meta name=\"robots\" content=\"index, follow, max-snippet:-1, max-image-preview:large, max-video-preview:-1\" \/>\n<link rel=\"canonical\" href=\"https:\/\/exceladvisor.org\/pt\/excel-avancado\/\" \/>\n<meta property=\"og:locale\" content=\"pt_PT\" \/>\n<meta property=\"og:type\" content=\"article\" \/>\n<meta property=\"og:title\" content=\"Excel Avan\u00e7ado: Fun\u00e7\u00f5es, F\u00f3rmulas, Dicas e Tutoriais 2023\" \/>\n<meta property=\"og:description\" content=\"Tutoriais avan\u00e7ados do Excel cobrem recursos mais sofisticados do Microsoft Excel. Esses tutoriais s\u00e3o projetados para\" \/>\n<meta property=\"og:url\" content=\"https:\/\/exceladvisor.org\/pt\/excel-avancado\/\" \/>\n<meta property=\"og:site_name\" content=\"Excel Advisor\" \/>\n<meta property=\"article:modified_time\" content=\"2023-12-06T11:51:38+00:00\" \/>\n<meta name=\"twitter:card\" content=\"summary_large_image\" \/>\n<meta name=\"twitter:label1\" content=\"Tempo estimado de leitura\" \/>\n\t<meta name=\"twitter:data1\" content=\"5 minutos\" \/>\n<script type=\"application\/ld+json\" class=\"yoast-schema-graph\">{\"@context\":\"https:\/\/schema.org\",\"@graph\":[{\"@type\":\"WebPage\",\"@id\":\"https:\/\/exceladvisor.org\/pt\/excel-avancado\/\",\"url\":\"https:\/\/exceladvisor.org\/pt\/excel-avancado\/\",\"name\":\"Excel Avan\u00e7ado: Fun\u00e7\u00f5es, F\u00f3rmulas, Dicas e Tutoriais 2023\",\"isPartOf\":{\"@id\":\"https:\/\/exceladvisor.org\/pt\/#website\"},\"datePublished\":\"2023-11-22T02:20:42+00:00\",\"dateModified\":\"2023-12-06T11:51:38+00:00\",\"description\":\"Tutoriais avan\u00e7ados do Excel cobrem recursos mais sofisticados do Microsoft Excel. Esses tutoriais s\u00e3o projetados para\",\"breadcrumb\":{\"@id\":\"https:\/\/exceladvisor.org\/pt\/excel-avancado\/#breadcrumb\"},\"inLanguage\":\"pt-PT\",\"potentialAction\":[{\"@type\":\"ReadAction\",\"target\":[\"https:\/\/exceladvisor.org\/pt\/excel-avancado\/\"]}]},{\"@type\":\"BreadcrumbList\",\"@id\":\"https:\/\/exceladvisor.org\/pt\/excel-avancado\/#breadcrumb\",\"itemListElement\":[{\"@type\":\"ListItem\",\"position\":1,\"name\":\"Lar\",\"item\":\"https:\/\/exceladvisor.org\/pt\/\"},{\"@type\":\"ListItem\",\"position\":2,\"name\":\"Tutoriais avan\u00e7ados de excel\"}]},{\"@type\":\"WebSite\",\"@id\":\"https:\/\/exceladvisor.org\/pt\/#website\",\"url\":\"https:\/\/exceladvisor.org\/pt\/\",\"name\":\"Excel Advisor\",\"description\":\"O seu guia definitivo para dominar os dados!\",\"publisher\":{\"@id\":\"https:\/\/exceladvisor.org\/pt\/#organization\"},\"potentialAction\":[{\"@type\":\"SearchAction\",\"target\":{\"@type\":\"EntryPoint\",\"urlTemplate\":\"https:\/\/exceladvisor.org\/pt\/?s={search_term_string}\"},\"query-input\":{\"@type\":\"PropertyValueSpecification\",\"valueRequired\":true,\"valueName\":\"search_term_string\"}}],\"inLanguage\":\"pt-PT\"},{\"@type\":\"Organization\",\"@id\":\"https:\/\/exceladvisor.org\/pt\/#organization\",\"name\":\"Excel Advisor\",\"url\":\"https:\/\/exceladvisor.org\/pt\/\",\"logo\":{\"@type\":\"ImageObject\",\"inLanguage\":\"pt-PT\",\"@id\":\"https:\/\/exceladvisor.org\/pt\/#\/schema\/logo\/image\/\",\"url\":\"https:\/\/exceladvisor.org\/pt\/wp-content\/uploads\/2023\/12\/exceladvisor.org_.png\",\"contentUrl\":\"https:\/\/exceladvisor.org\/pt\/wp-content\/uploads\/2023\/12\/exceladvisor.org_.png\",\"width\":105,\"height\":36,\"caption\":\"Excel Advisor\"},\"image\":{\"@id\":\"https:\/\/exceladvisor.org\/pt\/#\/schema\/logo\/image\/\"}}]}<\/script>\n<!-- \/ Yoast SEO plugin. -->","yoast_head_json":{"title":"Excel Avan\u00e7ado: Fun\u00e7\u00f5es, F\u00f3rmulas, Dicas e Tutoriais 2023","description":"Tutoriais avan\u00e7ados do Excel cobrem recursos mais sofisticados do Microsoft Excel. Esses tutoriais s\u00e3o projetados para","robots":{"index":"index","follow":"follow","max-snippet":"max-snippet:-1","max-image-preview":"max-image-preview:large","max-video-preview":"max-video-preview:-1"},"canonical":"https:\/\/exceladvisor.org\/pt\/excel-avancado\/","og_locale":"pt_PT","og_type":"article","og_title":"Excel Avan\u00e7ado: Fun\u00e7\u00f5es, F\u00f3rmulas, Dicas e Tutoriais 2023","og_description":"Tutoriais avan\u00e7ados do Excel cobrem recursos mais sofisticados do Microsoft Excel. Esses tutoriais s\u00e3o projetados para","og_url":"https:\/\/exceladvisor.org\/pt\/excel-avancado\/","og_site_name":"Excel Advisor","article_modified_time":"2023-12-06T11:51:38+00:00","twitter_card":"summary_large_image","twitter_misc":{"Tempo estimado de leitura":"5 minutos"},"schema":{"@context":"https:\/\/schema.org","@graph":[{"@type":"WebPage","@id":"https:\/\/exceladvisor.org\/pt\/excel-avancado\/","url":"https:\/\/exceladvisor.org\/pt\/excel-avancado\/","name":"Excel Avan\u00e7ado: Fun\u00e7\u00f5es, F\u00f3rmulas, Dicas e Tutoriais 2023","isPartOf":{"@id":"https:\/\/exceladvisor.org\/pt\/#website"},"datePublished":"2023-11-22T02:20:42+00:00","dateModified":"2023-12-06T11:51:38+00:00","description":"Tutoriais avan\u00e7ados do Excel cobrem recursos mais sofisticados do Microsoft Excel. Esses tutoriais s\u00e3o projetados para","breadcrumb":{"@id":"https:\/\/exceladvisor.org\/pt\/excel-avancado\/#breadcrumb"},"inLanguage":"pt-PT","potentialAction":[{"@type":"ReadAction","target":["https:\/\/exceladvisor.org\/pt\/excel-avancado\/"]}]},{"@type":"BreadcrumbList","@id":"https:\/\/exceladvisor.org\/pt\/excel-avancado\/#breadcrumb","itemListElement":[{"@type":"ListItem","position":1,"name":"Lar","item":"https:\/\/exceladvisor.org\/pt\/"},{"@type":"ListItem","position":2,"name":"Tutoriais avan\u00e7ados de excel"}]},{"@type":"WebSite","@id":"https:\/\/exceladvisor.org\/pt\/#website","url":"https:\/\/exceladvisor.org\/pt\/","name":"Excel Advisor","description":"O seu guia definitivo para dominar os dados!","publisher":{"@id":"https:\/\/exceladvisor.org\/pt\/#organization"},"potentialAction":[{"@type":"SearchAction","target":{"@type":"EntryPoint","urlTemplate":"https:\/\/exceladvisor.org\/pt\/?s={search_term_string}"},"query-input":{"@type":"PropertyValueSpecification","valueRequired":true,"valueName":"search_term_string"}}],"inLanguage":"pt-PT"},{"@type":"Organization","@id":"https:\/\/exceladvisor.org\/pt\/#organization","name":"Excel Advisor","url":"https:\/\/exceladvisor.org\/pt\/","logo":{"@type":"ImageObject","inLanguage":"pt-PT","@id":"https:\/\/exceladvisor.org\/pt\/#\/schema\/logo\/image\/","url":"https:\/\/exceladvisor.org\/pt\/wp-content\/uploads\/2023\/12\/exceladvisor.org_.png","contentUrl":"https:\/\/exceladvisor.org\/pt\/wp-content\/uploads\/2023\/12\/exceladvisor.org_.png","width":105,"height":36,"caption":"Excel Advisor"},"image":{"@id":"https:\/\/exceladvisor.org\/pt\/#\/schema\/logo\/image\/"}}]}},"yoast_meta":{"yoast_wpseo_title":"","yoast_wpseo_metadesc":"","yoast_wpseo_canonical":""},"_links":{"self":[{"href":"https:\/\/exceladvisor.org\/pt\/wp-json\/wp\/v2\/pages\/15","targetHints":{"allow":["GET"]}}],"collection":[{"href":"https:\/\/exceladvisor.org\/pt\/wp-json\/wp\/v2\/pages"}],"about":[{"href":"https:\/\/exceladvisor.org\/pt\/wp-json\/wp\/v2\/types\/page"}],"author":[{"embeddable":true,"href":"https:\/\/exceladvisor.org\/pt\/wp-json\/wp\/v2\/users\/1"}],"replies":[{"embeddable":true,"href":"https:\/\/exceladvisor.org\/pt\/wp-json\/wp\/v2\/comments?post=15"}],"version-history":[{"count":1,"href":"https:\/\/exceladvisor.org\/pt\/wp-json\/wp\/v2\/pages\/15\/revisions"}],"predecessor-version":[{"id":1491,"href":"https:\/\/exceladvisor.org\/pt\/wp-json\/wp\/v2\/pages\/15\/revisions\/1491"}],"wp:attachment":[{"href":"https:\/\/exceladvisor.org\/pt\/wp-json\/wp\/v2\/media?parent=15"}],"curies":[{"name":"wp","href":"https:\/\/api.w.org\/{rel}","templated":true}]}}