{"id":150,"date":"2023-11-15T05:35:45","date_gmt":"2023-11-15T05:35:45","guid":{"rendered":"https:\/\/exceladvisor.org\/pt\/coluna-de-classificacoes\/"},"modified":"2023-12-06T11:34:21","modified_gmt":"2023-12-06T11:34:21","slug":"coluna-de-classificacoes","status":"publish","type":"page","link":"https:\/\/exceladvisor.org\/pt\/coluna-de-classificacoes\/","title":{"rendered":"Como adiciono linhas a tabelas din\u00e2micas?"},"content":{"rendered":"<div class=\"excel-before-content-2\" id=\"excel-303873981\"><script type=\"text\/javascript\">\r\n\tatOptions = {\r\n\t\t'key' : 'c1158f160081d6540a8409e6925dab94',\r\n\t\t'format' : 'iframe',\r\n\t\t'height' : 250,\r\n\t\t'width' : 300,\r\n\t\t'params' : {}\r\n\t};\r\n<\/script>\r\n<script type=\"text\/javascript\" src=\"\/\/www.highperformanceformat.com\/c1158f160081d6540a8409e6925dab94\/invoke.js\"><\/script><\/div><div class=\"excel-before-content\" id=\"excel-3725140351\"><script type=\"text\/javascript\">\r\n\tatOptions = {\r\n\t\t'key' : 'c1158f160081d6540a8409e6925dab94',\r\n\t\t'format' : 'iframe',\r\n\t\t'height' : 250,\r\n\t\t'width' : 300,\r\n\t\t'params' : {}\r\n\t};\r\n<\/script>\r\n<script type=\"text\/javascript\" src=\"\/\/www.highperformanceformat.com\/c1158f160081d6540a8409e6925dab94\/invoke.js\"><\/script><\/div> <p>Ao usar uma tabela din\u00e2mica, voc\u00ea pode resumir seus dados de uma forma compreens\u00edvel. E este resumo pode ajud\u00e1-lo a analisar dados por categoria, produto, m\u00eas, etc.<\/p><p> Uma das pr\u00e1ticas comuns de an\u00e1lise de dados \u00e9 classific\u00e1-los. A classifica\u00e7\u00e3o de categorias e produtos pode ajud\u00e1-lo a compar\u00e1-los entre si.<\/p><p> A melhor parte da classifica\u00e7\u00e3o \u00e9 que voc\u00ea pode verificar o que est\u00e1 no topo e o que est\u00e1 na parte inferior. Se utilizarmos o ranking em uma tabela din\u00e2mica, podemos economizar muito tempo e esfor\u00e7o e isso nos ajudar\u00e1 em nossa an\u00e1lise.<\/p><p> Ent\u00e3o, hoje neste artigo, gostaria de mostrar tr\u00eas m\u00e9todos diferentes para adicionar uma coluna de classifica\u00e7\u00e3o em uma tabela din\u00e2mica.<\/p><p class=\"qt-tip\"> <strong>NOTA:<\/strong> Tabelas Din\u00e2micas s\u00e3o uma das <a style=\"outline: none;\" href=\"https:\/\/exceladvisor.org\/pt\/habilidades-de-excelencia\/\">HABILIDADES EXCEL INTERMEDI\u00c1RIAS<\/a> e a classifica\u00e7\u00e3o em uma Tabela Din\u00e2mica \u00e9 uma das Habilidades Avan\u00e7adas de Tabela Din\u00e2mica.<\/p><h2 id=\"tab-con-7\" class=\"wp-block-heading\"> Adicionar classifica\u00e7\u00e3o de tabela din\u00e2mica no Excel <\/h2><ol id=\"block-1cdd13a7-9078-4d7a-9db5-0402fd67f935\" class=\"block-editor-rich-text__editable block-editor-block-list__block wp-block is-selected rich-text\" tabindex=\"0\" role=\"group\" contenteditable=\"true\" aria-multiline=\"true\" aria-label=\"Block: List\" data-block=\"1cdd13a7-9078-4d7a-9db5-0402fd67f935\" data-type=\"core\/list\" data-title=\"List\"><li> Adicione o campo de valor duas vezes na tabela din\u00e2mica para a qual deseja medir a classifica\u00e7\u00e3o. <br><img decoding=\"async\" title=\"Adicionar classifica\u00e7\u00e3o na tabela din\u00e2mica no Excel-2\" src=\"https:\/\/exceladvisor.org\/wp-content\/uploads\/2023\/08\/Ajouter-un-rang-dans-le-tableau-croise-dynamique-dans-Excel-2-1.png\" sizes=\"\" srcset=\"\" alt=\"Add Ranks In Pivot Table In Excel 2010 &amp; Above\"><\/li><li> Selecione uma das c\u00e9lulas na segunda coluna de dados e clique com o bot\u00e3o direito nela.<\/li><li> V\u00e1 em \u201cMostrar valores como\u201d. Voc\u00ea tem duas op\u00e7\u00f5es diferentes para adicionar classifica\u00e7\u00e3o &#8220;Classifica\u00e7\u00e3o do menor para o maior&#8221; ou &#8220;Classifica\u00e7\u00e3o do maior para o menor&#8221;, selecione qual deseja usar. <br><img decoding=\"async\" title=\"Adicionar classifica\u00e7\u00e3o na tabela din\u00e2mica no Excel-3\" src=\"https:\/\/exceladvisor.org\/wp-content\/uploads\/2023\/08\/Ajouter-un-rang-dans-le-tableau-croise-dynamique-dans-Excel-3-1.png\" sizes=\"\" srcset=\"\" alt=\"Add Ranks In Pivot Table in Excel\"><\/li><li> Ele converter\u00e1 os valores das colunas em classifica\u00e7\u00f5es e simplesmente classificar\u00e1 seus dados para analisar a classifica\u00e7\u00e3o. <br><img decoding=\"async\" title=\"Adicionar classifica\u00e7\u00e3o na tabela din\u00e2mica no Excel-4\" src=\"https:\/\/exceladvisor.org\/wp-content\/uploads\/2023\/08\/Ajouter-un-rang-dans-le-tableau-croise-dynamique-dans-Excel-4-1.png\" sizes=\"\" srcset=\"\" alt=\"Add Ranks In Pivot Table in Excel\"><\/li><\/ol><p> Esta \u00e9 a maneira mais f\u00e1cil de adicionar um placar a uma tabela din\u00e2mica se voc\u00ea estiver usando o Excel 2010 ou anterior.<\/p><p class=\"grey-note\"> Quando voc\u00ea usa esse m\u00e9todo, as classifica\u00e7\u00f5es mudam conforme voc\u00ea filtra a tabela din\u00e2mica.<\/p><h2 id=\"tab-con-1\" class=\"wp-block-heading\"> Adicionar classifica\u00e7\u00e3o de tabela din\u00e2mica no Excel 2007 e anteriores <\/h2><ol id=\"block-3767d3ec-1e7b-41a5-9d79-5a37a38c26e8\" class=\"block-editor-rich-text__editable block-editor-block-list__block wp-block is-selected rich-text\" tabindex=\"0\" role=\"group\" contenteditable=\"true\" aria-multiline=\"true\" aria-label=\"Block: List\" data-block=\"3767d3ec-1e7b-41a5-9d79-5a37a38c26e8\" data-type=\"core\/list\" data-title=\"List\"><li> Comece classificando os dados em ordem crescente sobre os quais deseja calcular a classifica\u00e7\u00e3o. <br><img decoding=\"async\" title=\"Adicionar linha na tabela din\u00e2mica no Excel-5\" src=\"https:\/\/exceladvisor.org\/wp-content\/uploads\/2023\/08\/Ajouter-un-rang-dans-le-tableau-croise-dynamique-dans-Excel-5-1.png\" sizes=\"\" srcset=\"\" alt=\"Add Ranks In Pivot Table in Excel\"><\/li><li> Depois disso, abra a caixa de di\u00e1logo do campo calculado e digite \u201c=1\u201d na barra de entrada da f\u00f3rmula. <br><img decoding=\"async\" title=\"Adicionar classifica\u00e7\u00e3o na tabela din\u00e2mica no Excel-6\" src=\"https:\/\/exceladvisor.org\/wp-content\/uploads\/2023\/08\/Ajouter-un-rang-dans-le-tableau-croise-dynamique-dans-Excel-6-1.png\" sizes=\"\" srcset=\"\" alt=\"Add Ranks In Pivot Table in Excel\"><\/li><li> Isso adicionar\u00e1 um novo campo ao seu piv\u00f4 com o valor 1 em todas as c\u00e9lulas. <br><img decoding=\"async\" title=\"Adicionar linha na tabela din\u00e2mica no Excel-14\" src=\"https:\/\/exceladvisor.org\/wp-content\/uploads\/2023\/08\/Ajouter-un-rang-dans-le-tableau-croise-dynamique-dans-Excel-14-1.png\" sizes=\"\" srcset=\"\" alt=\"Add Rank In Pivot Table Excel 2007 &amp; 2010\"><\/li><li> A seguir, selecione uma das c\u00e9lulas neste campo e clique com o bot\u00e3o direito.<\/li><li> Agora, selecione a op\u00e7\u00e3o \u201cCampo de valor\u201d e na caixa de di\u00e1logo de configura\u00e7\u00e3o do campo de valor, v\u00e1 para a aba \u201cMostrar valores como\u201d.<\/li><li> Na lista suspensa, selecione \u201cRunning Total In\u201d e clique em OK. <br><img decoding=\"async\" title=\"Adicionar classifica\u00e7\u00e3o na tabela din\u00e2mica no Excel-15\" src=\"https:\/\/exceladvisor.org\/wp-content\/uploads\/2023\/08\/Ajouter-un-rang-dans-le-tableau-croise-dynamique-dans-Excel-15-1.png\" sizes=\"\" srcset=\"\" alt=\"Add Rank In Pivot Table Excel 2007 &amp; 2010\"><\/li><li> Agora voc\u00ea tem uma coluna com classifica\u00e7\u00f5es em sua tabela din\u00e2mica. <br><img decoding=\"async\" title=\"Adicionar linha na tabela din\u00e2mica no Excel-16\" src=\"https:\/\/exceladvisor.org\/wp-content\/uploads\/2023\/08\/Ajouter-un-rang-dans-le-tableau-croise-dynamique-dans-Excel-16-1.png\" sizes=\"\" srcset=\"\" alt=\"Add Rank In Pivot Table Excel 2007 &amp; 2010\"><\/li><\/ol><p class=\"qt-tip\"> <strong>Alerta:<\/strong> certifique-se de ter classificado sua tabela din\u00e2mica em ordem crescente ou decrescente.<\/p><h2 id=\"tab-con-2\" class=\"wp-block-heading\"> Usando RANK.EQ e RANK.AVG nos dados de origem<\/h2><p> Este m\u00e9todo \u00e9 um pouco complicado, mas funciona perfeitamente. A vantagem de usar RANK.EQ e RANK.AVG \u00e9 que voc\u00ea n\u00e3o precisa adicionar nada \u00e0 sua tabela din\u00e2mica. Apenas siga estes simples passos.<\/p><ol><li> Primeiro, em seus dados brutos, insira uma nova coluna e adicione esta f\u00f3rmula na <a href=\"https:\/\/exceladvisor.org\/pt\/barra-de-formulas-do-excel\/\">barra de f\u00f3rmulas<\/a> :<ul><li> <strong>=SE(NB.SE(C$2:C2,C2)&gt;1, \u00bb \u00bb,SOMA($E$2:$E$1507,$C$2:$C$1507,C2))<\/strong><\/li><li> (A f\u00f3rmula funciona assim: esta f\u00f3rmula adicionar\u00e1 um \u00fanico total para cada categoria na coluna. E voc\u00ea pode usar esse total para calcular a classifica\u00e7\u00e3o de cada categoria). <\/li><\/ul><img decoding=\"async\" title=\"Adicionar linha na tabela din\u00e2mica no Excel-8\" src=\"https:\/\/exceladvisor.org\/wp-content\/uploads\/2023\/08\/Ajouter-un-rang-dans-le-tableau-croise-dynamique-dans-Excel-8-1.png\" sizes=\"\" srcset=\"\" alt=\"Add Rank Formulas In Raw Data To Add Rank In Pivot Table\"><\/li><li> Agora adicione mais duas colunas no final dos seus dados e adicione as f\u00f3rmulas abaixo a elas.<ul><li> <strong>=SE(H2=\u201d\u201d,0,RANK.EQ(H2,$H$2:$H$1507,1))<\/strong><\/li><li> <strong>=SE(H=\u201d\u201d,0,RANK.AVG(H2,$H$2:$H$1507,1))<\/strong><\/li><li> (A f\u00f3rmula funciona assim: RANK.EQ e RANK.AVG calcular\u00e3o a classifica\u00e7\u00e3o da categoria em seu despejo de dados. Usamos essas duas fun\u00e7\u00f5es para obter diferentes tipos de classifica\u00e7\u00f5es).<\/li><\/ul><\/li><li> Depois disso, crie uma tabela din\u00e2mica usando este despejo de dados como abaixo. Voc\u00ea pode usar qualquer coluna para calcular a classifica\u00e7\u00e3o. <br><img decoding=\"async\" title=\"Adicionar classifica\u00e7\u00e3o na tabela din\u00e2mica no Excel-12\" src=\"https:\/\/exceladvisor.org\/wp-content\/uploads\/2023\/08\/Ajouter-un-rang-dans-le-tableau-croise-dynamique-dans-Excel-12-1.png\" sizes=\"\" srcset=\"\" alt=\"Create Pivot Table To Add Rank In Pivot Table Create Pivot Table\"><\/li><\/ol><p class=\"qt-tip\"> <strong>Importante:<\/strong> Ao usar este m\u00e9todo, a classifica\u00e7\u00e3o n\u00e3o ser\u00e1 alterada quando voc\u00ea filtrar itens.<\/p><h2 id=\"tab-con-3\" class=\"wp-block-heading\"> Adicione uma coluna de classifica\u00e7\u00e3o separada em uma tabela din\u00e2mica<\/h2><p> Em vez de usar f\u00f3rmulas ou qualquer outro m\u00e9todo, voc\u00ea tamb\u00e9m pode adicionar uma coluna manual separada para classifica\u00e7\u00e3o. Quando quiser adicionar classifica\u00e7\u00f5es para uma inst\u00e2ncia, voc\u00ea pode usar este m\u00e9todo. Apenas siga estes simples passos. <\/p><ol id=\"block-801fdb14-42c2-4a71-9877-54cb09d728bd\" class=\"block-editor-rich-text__editable block-editor-block-list__block wp-block is-selected rich-text\" tabindex=\"0\" role=\"group\" contenteditable=\"true\" aria-multiline=\"true\" aria-label=\"Block: List\" data-block=\"801fdb14-42c2-4a71-9877-54cb09d728bd\" data-type=\"core\/list\" data-title=\"List\"><li> Pegue uma tabela din\u00e2mica e classifique os valores em ordem crescente ou decrescente conforme desejar. <br><img decoding=\"async\" title=\"Adicionar linha na tabela din\u00e2mica no Excel-11\" src=\"https:\/\/exceladvisor.org\/wp-content\/uploads\/2023\/08\/Ajouter-un-rang-dans-le-tableau-croise-dynamique-dans-Excel-11-1.png\" sizes=\"\" srcset=\"\" alt=\"Sort Data To Add Rank In Pivot Table Create Pivot Table\"><\/li><li> E, nas pr\u00f3ximas duas colunas fora da tabela din\u00e2mica, adicione as f\u00f3rmulas abaixo.<ul><li> =RANK.EQ(E4,$E$4:$E$15,1)<\/li><li> =CLASSIFICA\u00c7\u00c3O.M\u00c9DIA(E4,$E$4:$E$15,1)<\/li><\/ul><\/li><li> Arraste-os para baixo e voc\u00ea ter\u00e1 a classifica\u00e7\u00e3o com a tabela din\u00e2mica. <br><img decoding=\"async\" title=\"Adicionar linha na tabela din\u00e2mica no Excel-12-1\" src=\"https:\/\/exceladvisor.org\/wp-content\/uploads\/2023\/08\/Ajouter-un-rang-dans-le-tableau-croise-dynamique-dans-Excel-12-1.png\" sizes=\"\" srcset=\"\" alt=\"Add Formulas To Add Rank In Pivot Table Create Pivot Table\"><\/li><\/ol><h2 id=\"tab-con-4\" class=\"wp-block-heading\"> Arquivo de exemplo<\/h2><p> <a style=\"outline: none;\" href=\"https:\/\/exceladvisor.org\/wp-content\/uploads\/2023\/11\/comment-ajouter-des-rangs-dans-un-tableau-croise-dynamique-exceladvisor.xlsx\" rel=\"nofollow\" data-wpel-link=\"internal\">download<\/a> <\/p><div class=\"wp-block-group main-page-bottom is-layout-flow\"><div class=\"wp-block-group__inner-container\"><h2 class=\"wp-block-heading\"> Saiba mais sobre tabelas din\u00e2micas<\/h2><ul><li> <a href=\"https:\/\/exceladvisor.org\/pt\/calculo-em-tabela-dinamica\/\">Adicionar um campo calculado e um item (f\u00f3rmulas em uma tabela din\u00e2mica)<\/a><\/li><li> <a href=\"https:\/\/exceladvisor.org\/pt\/contar-valores-unicos\/\">Conte valores \u00fanicos em uma tabela din\u00e2mica no Excel<\/a><\/li><li> <a href=\"https:\/\/exceladvisor.org\/pt\/datas-do-grupo\/\">Agrupar datas em uma tabela din\u00e2mica<\/a><\/li><\/ul><p> \u21e0 Retornar ao <a href=\"https:\/\/exceladvisor.org\/pt\/tabela-dinamica-3\/\">tutorial da tabela din\u00e2mica<\/a><\/p><\/div><\/div>","protected":false},"excerpt":{"rendered":"","protected":false},"author":1,"featured_media":0,"parent":0,"menu_order":0,"comment_status":"open","ping_status":"closed","template":"","meta":{"ub_ctt_via":"","footnotes":""},"class_list":["post-150","page","type-page","status-publish","hentry"],"featured_image_src":null,"yoast_head":"<!-- This site is optimized with the Yoast SEO plugin v25.4 - https:\/\/yoast.com\/wordpress\/plugins\/seo\/ -->\n<title>Como adiciono linhas a tabelas din\u00e2micas?<\/title>\n<meta name=\"description\" content=\"Aprenda como adicionar uma linha em uma tabela din\u00e2mica usando diferentes m\u00e9todos no Excel 2010 e superior.\" \/>\n<meta name=\"robots\" content=\"index, follow, max-snippet:-1, max-image-preview:large, max-video-preview:-1\" \/>\n<link rel=\"canonical\" href=\"https:\/\/exceladvisor.org\/pt\/coluna-de-classificacoes\/\" \/>\n<meta property=\"og:locale\" content=\"pt_PT\" \/>\n<meta property=\"og:type\" content=\"article\" \/>\n<meta property=\"og:title\" content=\"Como adiciono linhas a tabelas din\u00e2micas?\" \/>\n<meta property=\"og:description\" content=\"Aprenda como adicionar uma linha em uma tabela din\u00e2mica usando diferentes m\u00e9todos no Excel 2010 e superior.\" \/>\n<meta property=\"og:url\" content=\"https:\/\/exceladvisor.org\/pt\/coluna-de-classificacoes\/\" \/>\n<meta property=\"og:site_name\" content=\"Excel Advisor\" \/>\n<meta property=\"article:modified_time\" content=\"2023-12-06T11:34:21+00:00\" \/>\n<meta property=\"og:image\" content=\"https:\/\/exceladvisor.org\/wp-content\/uploads\/2023\/08\/Ajouter-un-rang-dans-le-tableau-croise-dynamique-dans-Excel-2-1.png\" \/>\n<meta name=\"twitter:card\" content=\"summary_large_image\" \/>\n<meta name=\"twitter:label1\" content=\"Tempo estimado de leitura\" \/>\n\t<meta name=\"twitter:data1\" content=\"4 minutos\" \/>\n<script type=\"application\/ld+json\" class=\"yoast-schema-graph\">{\"@context\":\"https:\/\/schema.org\",\"@graph\":[{\"@type\":\"WebPage\",\"@id\":\"https:\/\/exceladvisor.org\/pt\/coluna-de-classificacoes\/\",\"url\":\"https:\/\/exceladvisor.org\/pt\/coluna-de-classificacoes\/\",\"name\":\"Como adiciono linhas a tabelas din\u00e2micas?\",\"isPartOf\":{\"@id\":\"https:\/\/exceladvisor.org\/pt\/#website\"},\"primaryImageOfPage\":{\"@id\":\"https:\/\/exceladvisor.org\/pt\/coluna-de-classificacoes\/#primaryimage\"},\"image\":{\"@id\":\"https:\/\/exceladvisor.org\/pt\/coluna-de-classificacoes\/#primaryimage\"},\"thumbnailUrl\":\"https:\/\/exceladvisor.org\/wp-content\/uploads\/2023\/08\/Ajouter-un-rang-dans-le-tableau-croise-dynamique-dans-Excel-2-1.png\",\"datePublished\":\"2023-11-15T05:35:45+00:00\",\"dateModified\":\"2023-12-06T11:34:21+00:00\",\"description\":\"Aprenda como adicionar uma linha em uma tabela din\u00e2mica usando diferentes m\u00e9todos no Excel 2010 e superior.\",\"breadcrumb\":{\"@id\":\"https:\/\/exceladvisor.org\/pt\/coluna-de-classificacoes\/#breadcrumb\"},\"inLanguage\":\"pt-PT\",\"potentialAction\":[{\"@type\":\"ReadAction\",\"target\":[\"https:\/\/exceladvisor.org\/pt\/coluna-de-classificacoes\/\"]}]},{\"@type\":\"ImageObject\",\"inLanguage\":\"pt-PT\",\"@id\":\"https:\/\/exceladvisor.org\/pt\/coluna-de-classificacoes\/#primaryimage\",\"url\":\"https:\/\/exceladvisor.org\/wp-content\/uploads\/2023\/08\/Ajouter-un-rang-dans-le-tableau-croise-dynamique-dans-Excel-2-1.png\",\"contentUrl\":\"https:\/\/exceladvisor.org\/wp-content\/uploads\/2023\/08\/Ajouter-un-rang-dans-le-tableau-croise-dynamique-dans-Excel-2-1.png\"},{\"@type\":\"BreadcrumbList\",\"@id\":\"https:\/\/exceladvisor.org\/pt\/coluna-de-classificacoes\/#breadcrumb\",\"itemListElement\":[{\"@type\":\"ListItem\",\"position\":1,\"name\":\"Lar\",\"item\":\"https:\/\/exceladvisor.org\/pt\/\"},{\"@type\":\"ListItem\",\"position\":2,\"name\":\"Como adiciono linhas a tabelas din\u00e2micas?\"}]},{\"@type\":\"WebSite\",\"@id\":\"https:\/\/exceladvisor.org\/pt\/#website\",\"url\":\"https:\/\/exceladvisor.org\/pt\/\",\"name\":\"Excel Advisor\",\"description\":\"O seu guia definitivo para dominar os dados!\",\"publisher\":{\"@id\":\"https:\/\/exceladvisor.org\/pt\/#organization\"},\"potentialAction\":[{\"@type\":\"SearchAction\",\"target\":{\"@type\":\"EntryPoint\",\"urlTemplate\":\"https:\/\/exceladvisor.org\/pt\/?s={search_term_string}\"},\"query-input\":{\"@type\":\"PropertyValueSpecification\",\"valueRequired\":true,\"valueName\":\"search_term_string\"}}],\"inLanguage\":\"pt-PT\"},{\"@type\":\"Organization\",\"@id\":\"https:\/\/exceladvisor.org\/pt\/#organization\",\"name\":\"Excel Advisor\",\"url\":\"https:\/\/exceladvisor.org\/pt\/\",\"logo\":{\"@type\":\"ImageObject\",\"inLanguage\":\"pt-PT\",\"@id\":\"https:\/\/exceladvisor.org\/pt\/#\/schema\/logo\/image\/\",\"url\":\"https:\/\/exceladvisor.org\/pt\/wp-content\/uploads\/2023\/12\/exceladvisor.org_.png\",\"contentUrl\":\"https:\/\/exceladvisor.org\/pt\/wp-content\/uploads\/2023\/12\/exceladvisor.org_.png\",\"width\":105,\"height\":36,\"caption\":\"Excel Advisor\"},\"image\":{\"@id\":\"https:\/\/exceladvisor.org\/pt\/#\/schema\/logo\/image\/\"}}]}<\/script>\n<!-- \/ Yoast SEO plugin. -->","yoast_head_json":{"title":"Como adiciono linhas a tabelas din\u00e2micas?","description":"Aprenda como adicionar uma linha em uma tabela din\u00e2mica usando diferentes m\u00e9todos no Excel 2010 e superior.","robots":{"index":"index","follow":"follow","max-snippet":"max-snippet:-1","max-image-preview":"max-image-preview:large","max-video-preview":"max-video-preview:-1"},"canonical":"https:\/\/exceladvisor.org\/pt\/coluna-de-classificacoes\/","og_locale":"pt_PT","og_type":"article","og_title":"Como adiciono linhas a tabelas din\u00e2micas?","og_description":"Aprenda como adicionar uma linha em uma tabela din\u00e2mica usando diferentes m\u00e9todos no Excel 2010 e superior.","og_url":"https:\/\/exceladvisor.org\/pt\/coluna-de-classificacoes\/","og_site_name":"Excel Advisor","article_modified_time":"2023-12-06T11:34:21+00:00","og_image":[{"url":"https:\/\/exceladvisor.org\/wp-content\/uploads\/2023\/08\/Ajouter-un-rang-dans-le-tableau-croise-dynamique-dans-Excel-2-1.png","type":"","width":"","height":""}],"twitter_card":"summary_large_image","twitter_misc":{"Tempo estimado de leitura":"4 minutos"},"schema":{"@context":"https:\/\/schema.org","@graph":[{"@type":"WebPage","@id":"https:\/\/exceladvisor.org\/pt\/coluna-de-classificacoes\/","url":"https:\/\/exceladvisor.org\/pt\/coluna-de-classificacoes\/","name":"Como adiciono linhas a tabelas din\u00e2micas?","isPartOf":{"@id":"https:\/\/exceladvisor.org\/pt\/#website"},"primaryImageOfPage":{"@id":"https:\/\/exceladvisor.org\/pt\/coluna-de-classificacoes\/#primaryimage"},"image":{"@id":"https:\/\/exceladvisor.org\/pt\/coluna-de-classificacoes\/#primaryimage"},"thumbnailUrl":"https:\/\/exceladvisor.org\/wp-content\/uploads\/2023\/08\/Ajouter-un-rang-dans-le-tableau-croise-dynamique-dans-Excel-2-1.png","datePublished":"2023-11-15T05:35:45+00:00","dateModified":"2023-12-06T11:34:21+00:00","description":"Aprenda como adicionar uma linha em uma tabela din\u00e2mica usando diferentes m\u00e9todos no Excel 2010 e superior.","breadcrumb":{"@id":"https:\/\/exceladvisor.org\/pt\/coluna-de-classificacoes\/#breadcrumb"},"inLanguage":"pt-PT","potentialAction":[{"@type":"ReadAction","target":["https:\/\/exceladvisor.org\/pt\/coluna-de-classificacoes\/"]}]},{"@type":"ImageObject","inLanguage":"pt-PT","@id":"https:\/\/exceladvisor.org\/pt\/coluna-de-classificacoes\/#primaryimage","url":"https:\/\/exceladvisor.org\/wp-content\/uploads\/2023\/08\/Ajouter-un-rang-dans-le-tableau-croise-dynamique-dans-Excel-2-1.png","contentUrl":"https:\/\/exceladvisor.org\/wp-content\/uploads\/2023\/08\/Ajouter-un-rang-dans-le-tableau-croise-dynamique-dans-Excel-2-1.png"},{"@type":"BreadcrumbList","@id":"https:\/\/exceladvisor.org\/pt\/coluna-de-classificacoes\/#breadcrumb","itemListElement":[{"@type":"ListItem","position":1,"name":"Lar","item":"https:\/\/exceladvisor.org\/pt\/"},{"@type":"ListItem","position":2,"name":"Como adiciono linhas a tabelas din\u00e2micas?"}]},{"@type":"WebSite","@id":"https:\/\/exceladvisor.org\/pt\/#website","url":"https:\/\/exceladvisor.org\/pt\/","name":"Excel Advisor","description":"O seu guia definitivo para dominar os dados!","publisher":{"@id":"https:\/\/exceladvisor.org\/pt\/#organization"},"potentialAction":[{"@type":"SearchAction","target":{"@type":"EntryPoint","urlTemplate":"https:\/\/exceladvisor.org\/pt\/?s={search_term_string}"},"query-input":{"@type":"PropertyValueSpecification","valueRequired":true,"valueName":"search_term_string"}}],"inLanguage":"pt-PT"},{"@type":"Organization","@id":"https:\/\/exceladvisor.org\/pt\/#organization","name":"Excel Advisor","url":"https:\/\/exceladvisor.org\/pt\/","logo":{"@type":"ImageObject","inLanguage":"pt-PT","@id":"https:\/\/exceladvisor.org\/pt\/#\/schema\/logo\/image\/","url":"https:\/\/exceladvisor.org\/pt\/wp-content\/uploads\/2023\/12\/exceladvisor.org_.png","contentUrl":"https:\/\/exceladvisor.org\/pt\/wp-content\/uploads\/2023\/12\/exceladvisor.org_.png","width":105,"height":36,"caption":"Excel Advisor"},"image":{"@id":"https:\/\/exceladvisor.org\/pt\/#\/schema\/logo\/image\/"}}]}},"yoast_meta":{"yoast_wpseo_title":"","yoast_wpseo_metadesc":"","yoast_wpseo_canonical":""},"_links":{"self":[{"href":"https:\/\/exceladvisor.org\/pt\/wp-json\/wp\/v2\/pages\/150","targetHints":{"allow":["GET"]}}],"collection":[{"href":"https:\/\/exceladvisor.org\/pt\/wp-json\/wp\/v2\/pages"}],"about":[{"href":"https:\/\/exceladvisor.org\/pt\/wp-json\/wp\/v2\/types\/page"}],"author":[{"embeddable":true,"href":"https:\/\/exceladvisor.org\/pt\/wp-json\/wp\/v2\/users\/1"}],"replies":[{"embeddable":true,"href":"https:\/\/exceladvisor.org\/pt\/wp-json\/wp\/v2\/comments?post=150"}],"version-history":[{"count":1,"href":"https:\/\/exceladvisor.org\/pt\/wp-json\/wp\/v2\/pages\/150\/revisions"}],"predecessor-version":[{"id":819,"href":"https:\/\/exceladvisor.org\/pt\/wp-json\/wp\/v2\/pages\/150\/revisions\/819"}],"wp:attachment":[{"href":"https:\/\/exceladvisor.org\/pt\/wp-json\/wp\/v2\/media?parent=150"}],"curies":[{"name":"wp","href":"https:\/\/api.w.org\/{rel}","templated":true}]}}