{"id":153,"date":"2023-11-15T02:07:04","date_gmt":"2023-11-15T02:07:04","guid":{"rendered":"https:\/\/exceladvisor.org\/pt\/se-a-celula-estiver-vazia\/"},"modified":"2023-12-06T11:50:30","modified_gmt":"2023-12-06T11:50:30","slug":"se-a-celula-estiver-vazia","status":"publish","type":"page","link":"https:\/\/exceladvisor.org\/pt\/se-a-celula-estiver-vazia\/","title":{"rendered":"Como verificar se uma c\u00e9lula est\u00e1 vazia no excel?"},"content":{"rendered":"<div class=\"excel-before-content-2\" id=\"excel-373173674\"><script type=\"text\/javascript\">\r\n\tatOptions = {\r\n\t\t'key' : 'c1158f160081d6540a8409e6925dab94',\r\n\t\t'format' : 'iframe',\r\n\t\t'height' : 250,\r\n\t\t'width' : 300,\r\n\t\t'params' : {}\r\n\t};\r\n<\/script>\r\n<script type=\"text\/javascript\" src=\"\/\/www.highperformanceformat.com\/c1158f160081d6540a8409e6925dab94\/invoke.js\"><\/script><\/div><div class=\"excel-before-content\" id=\"excel-2694013142\"><script type=\"text\/javascript\">\r\n\tatOptions = {\r\n\t\t'key' : 'c1158f160081d6540a8409e6925dab94',\r\n\t\t'format' : 'iframe',\r\n\t\t'height' : 250,\r\n\t\t'width' : 300,\r\n\t\t'params' : {}\r\n\t};\r\n<\/script>\r\n<script type=\"text\/javascript\" src=\"\/\/www.highperformanceformat.com\/c1158f160081d6540a8409e6925dab94\/invoke.js\"><\/script><\/div> <p>No Excel, se quiser verificar se uma c\u00e9lula est\u00e1 vazia ou n\u00e3o, voc\u00ea pode usar uma f\u00f3rmula combinada de SE e EST\u00c1 EM BRANCO. Ambas as f\u00f3rmulas funcionam de forma que ISBLANK verifica o valor da c\u00e9lula e ent\u00e3o IF retorna uma mensagem completa significativa (especificada por voc\u00ea) em troca.<\/p><p> No exemplo a seguir, voc\u00ea tem uma lista de n\u00fameros com algumas c\u00e9lulas vazias. <\/p><div class=\"wp-block-image\"><figure class=\"aligncenter size-full is-resized\"><img loading=\"lazy\" decoding=\"async\" class=\"wp-image-69839\" src=\"https:\/\/exceladvisor.org\/wp-content\/uploads\/2023\/08\/1-liste-avec-quelques-cellules-vides.png\" sizes=\"auto, \" srcset=\"\" alt=\"lista com algumas c\u00e9lulas vazias\" width=\"313\" height=\"357\"><\/figure><\/div><h2 class=\"wp-block-heading\"> F\u00f3rmula para verificar se uma c\u00e9lula est\u00e1 vazia ou n\u00e3o (vazia)<\/h2><ol type=\"1\"><li> Primeiro, na c\u00e9lula B1, insira SE na c\u00e9lula.<\/li><li> Agora, no primeiro argumento, insira ISBLANK e consulte a c\u00e9lula A1 e insira os par\u00eanteses de fechamento.<\/li><li> Depois, no segundo argumento, utilize o valor \u201cVazio\u201d.<\/li><li> Depois disso, no terceiro argumento, use \u201cNon-Blank\u201d.<\/li><li> Ao final, feche a fun\u00e7\u00e3o, pressione Enter e arraste a f\u00f3rmula at\u00e9 o \u00faltimo valor que voc\u00ea possui na lista. <\/li><\/ol><div class=\"wp-block-image\"><figure class=\"aligncenter size-full is-resized\"><img loading=\"lazy\" decoding=\"async\" class=\"wp-image-69840\" src=\"https:\/\/exceladvisor.org\/wp-content\/uploads\/2023\/08\/2-si-formule-pour-trouver-vide.png\" sizes=\"auto, \" srcset=\"\" alt=\"if-f\u00f3rmula-para-encontrar-vazio\" width=\"545\" height=\"385\"><\/figure><\/div><p> Como voc\u00ea pode ver, temos o valor \u201cVazio\u201d para a c\u00e9lula onde a c\u00e9lula est\u00e1 vazia na coluna A.<\/p><pre class=\"wp-block-code\"> <code class=\"language-excel-formula\" lang=\"excel-formula\">=IF(ISBLANK(A1),\"Blank\",\"Non-Blank\")<\/code><\/pre><p> Agora vamos entender essa f\u00f3rmula. Na primeira parte onde temos o ISBLANK que verifica se as c\u00e9lulas est\u00e3o vazias ou n\u00e3o. <\/p><div class=\"wp-block-image\"><figure class=\"aligncenter size-full is-resized\"><img loading=\"lazy\" decoding=\"async\" class=\"wp-image-69841\" src=\"https:\/\/exceladvisor.org\/wp-content\/uploads\/2023\/08\/3-est-la-fonction-vide.png\" sizes=\"auto, \" srcset=\"\" alt=\"fun\u00e7\u00e3o isblank\" width=\"532\" height=\"395\"><\/figure><\/div><p> E, depois disso, se o valor retornado por ISBLANK for TRUE, IF retornar\u00e1 \u201cBlank\u201d, e se o valor retornado por ISBLANK for FALSE IF retornar\u00e1 \u201cNon_Blank\u201d. <\/p><div class=\"wp-block-image\"><figure class=\"aligncenter size-full is-resized\"><img loading=\"lazy\" decoding=\"async\" class=\"wp-image-69842\" src=\"https:\/\/exceladvisor.org\/wp-content\/uploads\/2023\/08\/4-est-une-valeur-de-resultat-vide.png\" sizes=\"auto, \" srcset=\"\" alt=\"valor-resultado isblank\" width=\"509\" height=\"358\"><\/figure><\/div><h2 class=\"wp-block-heading\"> F\u00f3rmula alternativa<\/h2><p> Voc\u00ea tamb\u00e9m pode usar outra f\u00f3rmula onde voc\u00ea s\u00f3 precisa usar a fun\u00e7\u00e3o SE.<\/p><p> Agora na fun\u00e7\u00e3o voc\u00ea s\u00f3 precisa especificar a c\u00e9lula onde deseja testar a condi\u00e7\u00e3o e ent\u00e3o usar um operador igual com o valor vazio para criar uma condi\u00e7\u00e3o a ser testada.<\/p><p> E voc\u00ea s\u00f3 precisa especificar dois valores para os quais deseja obter a condi\u00e7\u00e3o TRUE ou FALSE. <\/p><div class=\"wp-block-image\"><figure class=\"aligncenter size-full is-resized\"><img loading=\"lazy\" decoding=\"async\" class=\"wp-image-69843\" src=\"https:\/\/exceladvisor.org\/wp-content\/uploads\/2023\/08\/5-si-formule-avec-blanc-et-non-blanc.png\" sizes=\"auto, \" srcset=\"\" alt=\"f\u00f3rmula if com espa\u00e7o em branco e n\u00e3o em branco\" width=\"484\" height=\"385\"><\/figure><\/div><div class=\"gb-container gb-container-52dfcee1 gb-container-sample-file\"><h2 class=\"gb-headline gb-headline-e289c143 gb-headline-text gb-headline-4f7959c2\"> Obtenha o arquivo Excel<\/h2> <a class=\"gb-button gb-button-e88d6bee gb-button-text gb-button-button1\" href=\"https:\/\/exceladvisor.org\/wp-content\/uploads\/2023\/08\/si-la-cellule-est-vide-2.xlsx\" rel=\"nofollow\">Download<\/a><\/div><div class=\"gb-container gb-container-0df56012 gb-container-mt\"> <a class=\"gb-button gb-button-f9f432f4 gb-button-text gb-button-mt-button\" href=\"https:\/\/exceladvisor.org\/pt\/formulas\/\">Lista de f\u00f3rmulas do Excel<\/a><h2 class=\"gb-headline gb-headline-233444e8 gb-headline-text gb-headline-mt-heading\"> F\u00f3rmulas relacionadas <\/h2><div class=\"gb-grid-wrapper gb-grid-wrapper-a16fa65c gb-grid-wrapper-mt-grid\"><div class=\"gb-grid-column gb-grid-column-50d07e0d\"><div class=\"gb-container gb-container-50d07e0d\"><ul><li> <a href=\"https:\/\/exceladvisor.org\/pt\/se-zero-entao-vazio\/\">Marque SE 0 (zero) e deixe em branco no Excel<\/a><\/li><li> <a href=\"https:\/\/exceladvisor.org\/pt\/verificar-se-existe-um-valor-em-um-intervalo\/\">Verifique se existe um valor em um intervalo no Excel<\/a><\/li><li> <a href=\"https:\/\/exceladvisor.org\/pt\/se-e-1\/\">Combine fun\u00e7\u00f5es SE e AND no Excel<\/a><\/li><li> <a href=\"https:\/\/exceladvisor.org\/pt\/se-ou-1\/\">Combine fun\u00e7\u00f5es SE e OU no Excel<\/a><\/li><li> <a href=\"https:\/\/exceladvisor.org\/pt\/se-negativo-entao-zero\/\">SE negativo, ent\u00e3o zero (0) no Excel<\/a> <\/li><\/ul><\/div><\/div><div class=\"gb-grid-column gb-grid-column-5b4a0cf9\"><div class=\"gb-container gb-container-5b4a0cf9\"><\/div><\/div><\/div><\/div>","protected":false},"excerpt":{"rendered":"","protected":false},"author":1,"featured_media":0,"parent":0,"menu_order":0,"comment_status":"open","ping_status":"closed","template":"","meta":{"ub_ctt_via":"","footnotes":""},"class_list":["post-153","page","type-page","status-publish","hentry"],"featured_image_src":null,"yoast_head":"<!-- This site is optimized with the Yoast SEO plugin v25.4 - https:\/\/yoast.com\/wordpress\/plugins\/seo\/ -->\n<title>Como verificar se uma c\u00e9lula est\u00e1 vazia no Excel? (Guia 2023)<\/title>\n<meta name=\"description\" content=\"Neste tutorial aprenderemos como escrever uma f\u00f3rmula para verificar se uma c\u00e9lula est\u00e1 vazia ou n\u00e3o. Usaremos o\" \/>\n<meta name=\"robots\" content=\"index, follow, max-snippet:-1, max-image-preview:large, max-video-preview:-1\" \/>\n<link rel=\"canonical\" href=\"https:\/\/exceladvisor.org\/pt\/se-a-celula-estiver-vazia\/\" \/>\n<meta property=\"og:locale\" content=\"pt_PT\" \/>\n<meta property=\"og:type\" content=\"article\" \/>\n<meta property=\"og:title\" content=\"Como verificar se uma c\u00e9lula est\u00e1 vazia no Excel? (Guia 2023)\" \/>\n<meta property=\"og:description\" content=\"Neste tutorial aprenderemos como escrever uma f\u00f3rmula para verificar se uma c\u00e9lula est\u00e1 vazia ou n\u00e3o. Usaremos o\" \/>\n<meta property=\"og:url\" content=\"https:\/\/exceladvisor.org\/pt\/se-a-celula-estiver-vazia\/\" \/>\n<meta property=\"og:site_name\" content=\"Excel Advisor\" \/>\n<meta property=\"article:modified_time\" content=\"2023-12-06T11:50:30+00:00\" \/>\n<meta property=\"og:image\" content=\"https:\/\/exceladvisor.org\/wp-content\/uploads\/2023\/08\/1-liste-avec-quelques-cellules-vides.png\" \/>\n<meta name=\"twitter:card\" content=\"summary_large_image\" \/>\n<meta name=\"twitter:label1\" content=\"Tempo estimado de leitura\" \/>\n\t<meta name=\"twitter:data1\" content=\"2 minutos\" \/>\n<script type=\"application\/ld+json\" class=\"yoast-schema-graph\">{\"@context\":\"https:\/\/schema.org\",\"@graph\":[{\"@type\":\"WebPage\",\"@id\":\"https:\/\/exceladvisor.org\/pt\/se-a-celula-estiver-vazia\/\",\"url\":\"https:\/\/exceladvisor.org\/pt\/se-a-celula-estiver-vazia\/\",\"name\":\"Como verificar se uma c\u00e9lula est\u00e1 vazia no Excel? (Guia 2023)\",\"isPartOf\":{\"@id\":\"https:\/\/exceladvisor.org\/pt\/#website\"},\"primaryImageOfPage\":{\"@id\":\"https:\/\/exceladvisor.org\/pt\/se-a-celula-estiver-vazia\/#primaryimage\"},\"image\":{\"@id\":\"https:\/\/exceladvisor.org\/pt\/se-a-celula-estiver-vazia\/#primaryimage\"},\"thumbnailUrl\":\"https:\/\/exceladvisor.org\/wp-content\/uploads\/2023\/08\/1-liste-avec-quelques-cellules-vides.png\",\"datePublished\":\"2023-11-15T02:07:04+00:00\",\"dateModified\":\"2023-12-06T11:50:30+00:00\",\"description\":\"Neste tutorial aprenderemos como escrever uma f\u00f3rmula para verificar se uma c\u00e9lula est\u00e1 vazia ou n\u00e3o. Usaremos o\",\"breadcrumb\":{\"@id\":\"https:\/\/exceladvisor.org\/pt\/se-a-celula-estiver-vazia\/#breadcrumb\"},\"inLanguage\":\"pt-PT\",\"potentialAction\":[{\"@type\":\"ReadAction\",\"target\":[\"https:\/\/exceladvisor.org\/pt\/se-a-celula-estiver-vazia\/\"]}]},{\"@type\":\"ImageObject\",\"inLanguage\":\"pt-PT\",\"@id\":\"https:\/\/exceladvisor.org\/pt\/se-a-celula-estiver-vazia\/#primaryimage\",\"url\":\"https:\/\/exceladvisor.org\/wp-content\/uploads\/2023\/08\/1-liste-avec-quelques-cellules-vides.png\",\"contentUrl\":\"https:\/\/exceladvisor.org\/wp-content\/uploads\/2023\/08\/1-liste-avec-quelques-cellules-vides.png\"},{\"@type\":\"BreadcrumbList\",\"@id\":\"https:\/\/exceladvisor.org\/pt\/se-a-celula-estiver-vazia\/#breadcrumb\",\"itemListElement\":[{\"@type\":\"ListItem\",\"position\":1,\"name\":\"Lar\",\"item\":\"https:\/\/exceladvisor.org\/pt\/\"},{\"@type\":\"ListItem\",\"position\":2,\"name\":\"Como verificar se uma c\u00e9lula est\u00e1 vazia no excel?\"}]},{\"@type\":\"WebSite\",\"@id\":\"https:\/\/exceladvisor.org\/pt\/#website\",\"url\":\"https:\/\/exceladvisor.org\/pt\/\",\"name\":\"Excel Advisor\",\"description\":\"O seu guia definitivo para dominar os dados!\",\"publisher\":{\"@id\":\"https:\/\/exceladvisor.org\/pt\/#organization\"},\"potentialAction\":[{\"@type\":\"SearchAction\",\"target\":{\"@type\":\"EntryPoint\",\"urlTemplate\":\"https:\/\/exceladvisor.org\/pt\/?s={search_term_string}\"},\"query-input\":{\"@type\":\"PropertyValueSpecification\",\"valueRequired\":true,\"valueName\":\"search_term_string\"}}],\"inLanguage\":\"pt-PT\"},{\"@type\":\"Organization\",\"@id\":\"https:\/\/exceladvisor.org\/pt\/#organization\",\"name\":\"Excel Advisor\",\"url\":\"https:\/\/exceladvisor.org\/pt\/\",\"logo\":{\"@type\":\"ImageObject\",\"inLanguage\":\"pt-PT\",\"@id\":\"https:\/\/exceladvisor.org\/pt\/#\/schema\/logo\/image\/\",\"url\":\"https:\/\/exceladvisor.org\/pt\/wp-content\/uploads\/2023\/12\/exceladvisor.org_.png\",\"contentUrl\":\"https:\/\/exceladvisor.org\/pt\/wp-content\/uploads\/2023\/12\/exceladvisor.org_.png\",\"width\":105,\"height\":36,\"caption\":\"Excel Advisor\"},\"image\":{\"@id\":\"https:\/\/exceladvisor.org\/pt\/#\/schema\/logo\/image\/\"}}]}<\/script>\n<!-- \/ Yoast SEO plugin. -->","yoast_head_json":{"title":"Como verificar se uma c\u00e9lula est\u00e1 vazia no Excel? (Guia 2023)","description":"Neste tutorial aprenderemos como escrever uma f\u00f3rmula para verificar se uma c\u00e9lula est\u00e1 vazia ou n\u00e3o. Usaremos o","robots":{"index":"index","follow":"follow","max-snippet":"max-snippet:-1","max-image-preview":"max-image-preview:large","max-video-preview":"max-video-preview:-1"},"canonical":"https:\/\/exceladvisor.org\/pt\/se-a-celula-estiver-vazia\/","og_locale":"pt_PT","og_type":"article","og_title":"Como verificar se uma c\u00e9lula est\u00e1 vazia no Excel? (Guia 2023)","og_description":"Neste tutorial aprenderemos como escrever uma f\u00f3rmula para verificar se uma c\u00e9lula est\u00e1 vazia ou n\u00e3o. Usaremos o","og_url":"https:\/\/exceladvisor.org\/pt\/se-a-celula-estiver-vazia\/","og_site_name":"Excel Advisor","article_modified_time":"2023-12-06T11:50:30+00:00","og_image":[{"url":"https:\/\/exceladvisor.org\/wp-content\/uploads\/2023\/08\/1-liste-avec-quelques-cellules-vides.png","type":"","width":"","height":""}],"twitter_card":"summary_large_image","twitter_misc":{"Tempo estimado de leitura":"2 minutos"},"schema":{"@context":"https:\/\/schema.org","@graph":[{"@type":"WebPage","@id":"https:\/\/exceladvisor.org\/pt\/se-a-celula-estiver-vazia\/","url":"https:\/\/exceladvisor.org\/pt\/se-a-celula-estiver-vazia\/","name":"Como verificar se uma c\u00e9lula est\u00e1 vazia no Excel? (Guia 2023)","isPartOf":{"@id":"https:\/\/exceladvisor.org\/pt\/#website"},"primaryImageOfPage":{"@id":"https:\/\/exceladvisor.org\/pt\/se-a-celula-estiver-vazia\/#primaryimage"},"image":{"@id":"https:\/\/exceladvisor.org\/pt\/se-a-celula-estiver-vazia\/#primaryimage"},"thumbnailUrl":"https:\/\/exceladvisor.org\/wp-content\/uploads\/2023\/08\/1-liste-avec-quelques-cellules-vides.png","datePublished":"2023-11-15T02:07:04+00:00","dateModified":"2023-12-06T11:50:30+00:00","description":"Neste tutorial aprenderemos como escrever uma f\u00f3rmula para verificar se uma c\u00e9lula est\u00e1 vazia ou n\u00e3o. Usaremos o","breadcrumb":{"@id":"https:\/\/exceladvisor.org\/pt\/se-a-celula-estiver-vazia\/#breadcrumb"},"inLanguage":"pt-PT","potentialAction":[{"@type":"ReadAction","target":["https:\/\/exceladvisor.org\/pt\/se-a-celula-estiver-vazia\/"]}]},{"@type":"ImageObject","inLanguage":"pt-PT","@id":"https:\/\/exceladvisor.org\/pt\/se-a-celula-estiver-vazia\/#primaryimage","url":"https:\/\/exceladvisor.org\/wp-content\/uploads\/2023\/08\/1-liste-avec-quelques-cellules-vides.png","contentUrl":"https:\/\/exceladvisor.org\/wp-content\/uploads\/2023\/08\/1-liste-avec-quelques-cellules-vides.png"},{"@type":"BreadcrumbList","@id":"https:\/\/exceladvisor.org\/pt\/se-a-celula-estiver-vazia\/#breadcrumb","itemListElement":[{"@type":"ListItem","position":1,"name":"Lar","item":"https:\/\/exceladvisor.org\/pt\/"},{"@type":"ListItem","position":2,"name":"Como verificar se uma c\u00e9lula est\u00e1 vazia no excel?"}]},{"@type":"WebSite","@id":"https:\/\/exceladvisor.org\/pt\/#website","url":"https:\/\/exceladvisor.org\/pt\/","name":"Excel Advisor","description":"O seu guia definitivo para dominar os dados!","publisher":{"@id":"https:\/\/exceladvisor.org\/pt\/#organization"},"potentialAction":[{"@type":"SearchAction","target":{"@type":"EntryPoint","urlTemplate":"https:\/\/exceladvisor.org\/pt\/?s={search_term_string}"},"query-input":{"@type":"PropertyValueSpecification","valueRequired":true,"valueName":"search_term_string"}}],"inLanguage":"pt-PT"},{"@type":"Organization","@id":"https:\/\/exceladvisor.org\/pt\/#organization","name":"Excel Advisor","url":"https:\/\/exceladvisor.org\/pt\/","logo":{"@type":"ImageObject","inLanguage":"pt-PT","@id":"https:\/\/exceladvisor.org\/pt\/#\/schema\/logo\/image\/","url":"https:\/\/exceladvisor.org\/pt\/wp-content\/uploads\/2023\/12\/exceladvisor.org_.png","contentUrl":"https:\/\/exceladvisor.org\/pt\/wp-content\/uploads\/2023\/12\/exceladvisor.org_.png","width":105,"height":36,"caption":"Excel Advisor"},"image":{"@id":"https:\/\/exceladvisor.org\/pt\/#\/schema\/logo\/image\/"}}]}},"yoast_meta":{"yoast_wpseo_title":"","yoast_wpseo_metadesc":"","yoast_wpseo_canonical":""},"_links":{"self":[{"href":"https:\/\/exceladvisor.org\/pt\/wp-json\/wp\/v2\/pages\/153","targetHints":{"allow":["GET"]}}],"collection":[{"href":"https:\/\/exceladvisor.org\/pt\/wp-json\/wp\/v2\/pages"}],"about":[{"href":"https:\/\/exceladvisor.org\/pt\/wp-json\/wp\/v2\/types\/page"}],"author":[{"embeddable":true,"href":"https:\/\/exceladvisor.org\/pt\/wp-json\/wp\/v2\/users\/1"}],"replies":[{"embeddable":true,"href":"https:\/\/exceladvisor.org\/pt\/wp-json\/wp\/v2\/comments?post=153"}],"version-history":[{"count":1,"href":"https:\/\/exceladvisor.org\/pt\/wp-json\/wp\/v2\/pages\/153\/revisions"}],"predecessor-version":[{"id":1396,"href":"https:\/\/exceladvisor.org\/pt\/wp-json\/wp\/v2\/pages\/153\/revisions\/1396"}],"wp:attachment":[{"href":"https:\/\/exceladvisor.org\/pt\/wp-json\/wp\/v2\/media?parent=153"}],"curies":[{"name":"wp","href":"https:\/\/api.w.org\/{rel}","templated":true}]}}