{"id":154,"date":"2023-11-15T01:08:57","date_gmt":"2023-11-15T01:08:57","guid":{"rendered":"https:\/\/exceladvisor.org\/pt\/formato-de-pintor\/"},"modified":"2023-12-06T11:50:12","modified_gmt":"2023-12-06T11:50:12","slug":"formato-de-pintor","status":"publish","type":"page","link":"https:\/\/exceladvisor.org\/pt\/formato-de-pintor\/","title":{"rendered":"Como usar o pintor de formatos no excel?"},"content":{"rendered":"<div class=\"excel-before-content-2\" id=\"excel-2516199857\"><script type=\"text\/javascript\">\r\n\tatOptions = {\r\n\t\t'key' : 'c1158f160081d6540a8409e6925dab94',\r\n\t\t'format' : 'iframe',\r\n\t\t'height' : 250,\r\n\t\t'width' : 300,\r\n\t\t'params' : {}\r\n\t};\r\n<\/script>\r\n<script type=\"text\/javascript\" src=\"\/\/www.highperformanceformat.com\/c1158f160081d6540a8409e6925dab94\/invoke.js\"><\/script><\/div><div class=\"excel-before-content\" id=\"excel-1118180802\"><script type=\"text\/javascript\">\r\n\tatOptions = {\r\n\t\t'key' : 'c1158f160081d6540a8409e6925dab94',\r\n\t\t'format' : 'iframe',\r\n\t\t'height' : 250,\r\n\t\t'width' : 300,\r\n\t\t'params' : {}\r\n\t};\r\n<\/script>\r\n<script type=\"text\/javascript\" src=\"\/\/www.highperformanceformat.com\/c1158f160081d6540a8409e6925dab94\/invoke.js\"><\/script><\/div> <p>N\u00e3o consigo calcular quantas horas economizei desde que descobri o &#8220;Format Painter&#8221;. Sim, \u00e9 verdade.<\/p><p> Acontece que, ao trabalhar no Excel, h\u00e1 momentos em que voc\u00ea deseja copiar a formata\u00e7\u00e3o de uma c\u00e9lula (ou intervalo) para outra.<\/p><p> O Format Painter est\u00e1 aqui para voc\u00ea. Digamos que na c\u00e9lula A1 (que possui um estilo de fonte espec\u00edfico e cor de fundo), voc\u00ea deseja copiar essa formata\u00e7\u00e3o para B1). Bem, tudo que voc\u00ea precisa \u00e9 um clique.<\/p><h2 class=\"wp-block-heading\"> Onde est\u00e1 o bot\u00e3o Format Painter?<\/h2><p> Est\u00e1 na guia P\u00e1gina inicial. Se voc\u00ea olhar a se\u00e7\u00e3o da \u00e1rea de transfer\u00eancia (lado esquerdo) da guia P\u00e1gina inicial, poder\u00e1 encontr\u00e1-la. <\/p><div class=\"wp-block-image\"><figure class=\"aligncenter\"><img decoding=\"async\" src=\"https:\/\/exceladvisor.org\/wp-content\/uploads\/2023\/08\/format-peintre-bouton-onglet-accueil-1.png\" sizes=\"\" srcset=\"\" alt=\"bot\u00e3o da guia inicial do formato pintor\"><\/figure><\/div><h2 class=\"wp-block-heading\"> Como funciona<\/h2><ol><li> Quando voc\u00ea seleciona uma c\u00e9lula ou intervalo e clica no bot\u00e3o Format Painter, ele copia a formata\u00e7\u00e3o.<\/li><li> Depois disso, ao selecionar outra c\u00e9lula ou intervalo, a formata\u00e7\u00e3o \u00e9 colada ali.<\/li><\/ol><h2 class=\"wp-block-heading\"> Como usar o Pintor de Formatos<\/h2><p> Como eu disse, \u00e9 um processo de um clique. <\/p><div class=\"wp-block-image\"><figure class=\"aligncenter\"><img decoding=\"async\" src=\"https:\/\/exceladvisor.org\/wp-content\/uploads\/2023\/08\/utiliser-format-peintre-excel-1.gif\" sizes=\"\" srcset=\"\" alt=\"usar o formato Excel Painter\"><\/figure><\/div><ol><li> Primeiro, selecione o intervalo ou aquele do qual deseja copiar a formata\u00e7\u00e3o.<\/li><li> Depois disso, clique no bot\u00e3o Format Painter.<\/li><li> Depois de clicar no bot\u00e3o, o cursor muda para um pincel.<\/li><li> Agora selecione o intervalo ao qual deseja aplicar a formata\u00e7\u00e3o.<\/li><\/ol><p> Est\u00e1 feito.<\/p><h3 class=\"wp-block-heading\"> Posso usar <a href=\"https:\/\/exceladvisor.org\/pt\/atalhos-do-teclado\/\">o atalho do teclado<\/a> ?<\/h3><p> Sim, voc\u00ea pode usar <strong>Alt+H+F+P<\/strong> para pintor de formatos. Basta selecionar o intervalo ou c\u00e9lula do qual deseja copiar o formato e usar a tecla de atalho.<\/p><h2 class=\"wp-block-heading\"> Aplicar formata\u00e7\u00e3o v\u00e1rias vezes<\/h2><p> Sim, voc\u00ea pode us\u00e1-lo para colar a formata\u00e7\u00e3o v\u00e1rias vezes. <\/p><div class=\"wp-block-image\"><figure class=\"aligncenter\"><img decoding=\"async\" src=\"https:\/\/exceladvisor.org\/wp-content\/uploads\/2023\/08\/utiliser-le-peintre-de-format-plusieurs-fois-excel-1.gif\" sizes=\"\" srcset=\"\" alt=\"use o pintor de formatos v\u00e1rias vezes no Excel\"><\/figure><\/div><ol><li> Primeiro, selecione o intervalo do qual deseja copiar a formata\u00e7\u00e3o.<\/li><li> Depois disso, v\u00e1 para a guia In\u00edcio \u2192 \u00c1rea de transfer\u00eancia \u2192 Pintor de formatos.<\/li><li> Agora clique duas vezes no bot\u00e3o Format Painter.<\/li><li> A partir da\u00ed, voc\u00ea pode colar a formata\u00e7\u00e3o v\u00e1rias vezes.<\/li><\/ol><h2 class=\"wp-block-heading\"> <span style=\"color: #ff0000;\">Dica b\u00f4nus:<\/span> copie a largura da coluna usando o Format Painter <\/h2><div class=\"wp-block-image\"><figure class=\"aligncenter\"><img decoding=\"async\" src=\"https:\/\/exceladvisor.org\/wp-content\/uploads\/2023\/08\/peintre-de-format-appliquer-la-largeur-de-colonne-excel-1.gif\" sizes=\"\" srcset=\"\" alt=\"pintor de formato aplicar largura da coluna do Excel\"><\/figure><\/div><ol><li> Primeiro, selecione a coluna inteira da qual deseja copiar a largura da coluna.<\/li><li> Depois disso, clique no bot\u00e3o Format Painter.<\/li><li> Clique no cabe\u00e7alho da coluna de destino.<\/li><\/ol><p> <strong>Voc\u00ea conhecia essa op\u00e7\u00e3o antes de ler este artigo?<\/strong><\/p><p> Por favor, compartilhe suas opini\u00f5es comigo na se\u00e7\u00e3o de coment\u00e1rios. Eu adoraria ouvir de voc\u00ea e n\u00e3o se esque\u00e7a de compartilhar com seus amigos, tenho certeza que eles v\u00e3o gostar.<\/p><div class=\"gb-container gb-container-4db6181c gb-container-mt\"> <a class=\"gb-button gb-button-c5897111 gb-button-text gb-button-mt-button\" href=\"https:\/\/exceladvisor.org\/pt\/nocoes-basicas-de-excel\/\">No\u00e7\u00f5es b\u00e1sicas do Microsoft Excel (componentes, pe\u00e7as e notas de conhecimento)<\/a><h2 class=\"gb-headline gb-headline-665e5f6b gb-headline-text gb-headline-mt-heading\"> Tutoriais relacionados <\/h2><div class=\"gb-grid-wrapper gb-grid-wrapper-a20baf7c gb-grid-wrapper-mt-grid\"><div class=\"gb-grid-column gb-grid-column-65ddf67e\"><div class=\"gb-container gb-container-65ddf67e\"><ul><li> <a href=\"https:\/\/exceladvisor.org\/pt\/justificar-completamente\/\">Preencha Justificar no Excel<\/a><\/li><li> <a href=\"https:\/\/exceladvisor.org\/pt\/barra-de-formulas-do-excel\/\">Barra de f\u00f3rmulas no Excel<\/a><\/li><li> <a href=\"https:\/\/exceladvisor.org\/pt\/adicionar-um-cabecalho-de-rodape\/\">Adicione um cabe\u00e7alho e rodap\u00e9 no Excel<\/a><\/li><li> <a href=\"https:\/\/exceladvisor.org\/pt\/governante\/\">Mostrar r\u00e9gua no Excel<\/a><\/li><li> <a href=\"https:\/\/exceladvisor.org\/pt\/alca-de-enchimento\/\">Al\u00e7a de preenchimento no Excel<\/a> <\/li><\/ul><\/div><\/div><div class=\"gb-grid-column gb-grid-column-50067b57\"><div class=\"gb-container gb-container-50067b57\"><\/div><\/div><\/div><\/div>","protected":false},"excerpt":{"rendered":"","protected":false},"author":1,"featured_media":0,"parent":0,"menu_order":0,"comment_status":"open","ping_status":"closed","template":"","meta":{"ub_ctt_via":"","footnotes":""},"class_list":["post-154","page","type-page","status-publish","hentry"],"featured_image_src":null,"yoast_head":"<!-- This site is optimized with the Yoast SEO plugin v25.4 - https:\/\/yoast.com\/wordpress\/plugins\/seo\/ -->\n<title>Como usar o Pintor de Formatos no Excel? (M\u00e9todo Secreto)<\/title>\n<meta name=\"description\" content=\"Voc\u00ea n\u00e3o quer perder tempo formatando repetidamente. Aprenda a usar o Format Painter no Excel para copiar e aplicar\" \/>\n<meta name=\"robots\" content=\"index, follow, max-snippet:-1, max-image-preview:large, max-video-preview:-1\" \/>\n<link rel=\"canonical\" href=\"https:\/\/exceladvisor.org\/pt\/formato-de-pintor\/\" \/>\n<meta property=\"og:locale\" content=\"pt_PT\" \/>\n<meta property=\"og:type\" content=\"article\" \/>\n<meta property=\"og:title\" content=\"Como usar o Pintor de Formatos no Excel? (M\u00e9todo Secreto)\" \/>\n<meta property=\"og:description\" content=\"Voc\u00ea n\u00e3o quer perder tempo formatando repetidamente. Aprenda a usar o Format Painter no Excel para copiar e aplicar\" \/>\n<meta property=\"og:url\" content=\"https:\/\/exceladvisor.org\/pt\/formato-de-pintor\/\" \/>\n<meta property=\"og:site_name\" content=\"Excel Advisor\" \/>\n<meta property=\"article:modified_time\" content=\"2023-12-06T11:50:12+00:00\" \/>\n<meta property=\"og:image\" content=\"https:\/\/exceladvisor.org\/wp-content\/uploads\/2023\/08\/format-peintre-bouton-onglet-accueil-1.png\" \/>\n<meta name=\"twitter:card\" content=\"summary_large_image\" \/>\n<meta name=\"twitter:label1\" content=\"Tempo estimado de leitura\" \/>\n\t<meta name=\"twitter:data1\" content=\"2 minutos\" \/>\n<script type=\"application\/ld+json\" class=\"yoast-schema-graph\">{\"@context\":\"https:\/\/schema.org\",\"@graph\":[{\"@type\":\"WebPage\",\"@id\":\"https:\/\/exceladvisor.org\/pt\/formato-de-pintor\/\",\"url\":\"https:\/\/exceladvisor.org\/pt\/formato-de-pintor\/\",\"name\":\"Como usar o Pintor de Formatos no Excel? (M\u00e9todo Secreto)\",\"isPartOf\":{\"@id\":\"https:\/\/exceladvisor.org\/pt\/#website\"},\"primaryImageOfPage\":{\"@id\":\"https:\/\/exceladvisor.org\/pt\/formato-de-pintor\/#primaryimage\"},\"image\":{\"@id\":\"https:\/\/exceladvisor.org\/pt\/formato-de-pintor\/#primaryimage\"},\"thumbnailUrl\":\"https:\/\/exceladvisor.org\/wp-content\/uploads\/2023\/08\/format-peintre-bouton-onglet-accueil-1.png\",\"datePublished\":\"2023-11-15T01:08:57+00:00\",\"dateModified\":\"2023-12-06T11:50:12+00:00\",\"description\":\"Voc\u00ea n\u00e3o quer perder tempo formatando repetidamente. Aprenda a usar o Format Painter no Excel para copiar e aplicar\",\"breadcrumb\":{\"@id\":\"https:\/\/exceladvisor.org\/pt\/formato-de-pintor\/#breadcrumb\"},\"inLanguage\":\"pt-PT\",\"potentialAction\":[{\"@type\":\"ReadAction\",\"target\":[\"https:\/\/exceladvisor.org\/pt\/formato-de-pintor\/\"]}]},{\"@type\":\"ImageObject\",\"inLanguage\":\"pt-PT\",\"@id\":\"https:\/\/exceladvisor.org\/pt\/formato-de-pintor\/#primaryimage\",\"url\":\"https:\/\/exceladvisor.org\/wp-content\/uploads\/2023\/08\/format-peintre-bouton-onglet-accueil-1.png\",\"contentUrl\":\"https:\/\/exceladvisor.org\/wp-content\/uploads\/2023\/08\/format-peintre-bouton-onglet-accueil-1.png\"},{\"@type\":\"BreadcrumbList\",\"@id\":\"https:\/\/exceladvisor.org\/pt\/formato-de-pintor\/#breadcrumb\",\"itemListElement\":[{\"@type\":\"ListItem\",\"position\":1,\"name\":\"Lar\",\"item\":\"https:\/\/exceladvisor.org\/pt\/\"},{\"@type\":\"ListItem\",\"position\":2,\"name\":\"Como usar o pintor de formatos no excel?\"}]},{\"@type\":\"WebSite\",\"@id\":\"https:\/\/exceladvisor.org\/pt\/#website\",\"url\":\"https:\/\/exceladvisor.org\/pt\/\",\"name\":\"Excel Advisor\",\"description\":\"O seu guia definitivo para dominar os dados!\",\"publisher\":{\"@id\":\"https:\/\/exceladvisor.org\/pt\/#organization\"},\"potentialAction\":[{\"@type\":\"SearchAction\",\"target\":{\"@type\":\"EntryPoint\",\"urlTemplate\":\"https:\/\/exceladvisor.org\/pt\/?s={search_term_string}\"},\"query-input\":{\"@type\":\"PropertyValueSpecification\",\"valueRequired\":true,\"valueName\":\"search_term_string\"}}],\"inLanguage\":\"pt-PT\"},{\"@type\":\"Organization\",\"@id\":\"https:\/\/exceladvisor.org\/pt\/#organization\",\"name\":\"Excel Advisor\",\"url\":\"https:\/\/exceladvisor.org\/pt\/\",\"logo\":{\"@type\":\"ImageObject\",\"inLanguage\":\"pt-PT\",\"@id\":\"https:\/\/exceladvisor.org\/pt\/#\/schema\/logo\/image\/\",\"url\":\"https:\/\/exceladvisor.org\/pt\/wp-content\/uploads\/2023\/12\/exceladvisor.org_.png\",\"contentUrl\":\"https:\/\/exceladvisor.org\/pt\/wp-content\/uploads\/2023\/12\/exceladvisor.org_.png\",\"width\":105,\"height\":36,\"caption\":\"Excel Advisor\"},\"image\":{\"@id\":\"https:\/\/exceladvisor.org\/pt\/#\/schema\/logo\/image\/\"}}]}<\/script>\n<!-- \/ Yoast SEO plugin. -->","yoast_head_json":{"title":"Como usar o Pintor de Formatos no Excel? (M\u00e9todo Secreto)","description":"Voc\u00ea n\u00e3o quer perder tempo formatando repetidamente. Aprenda a usar o Format Painter no Excel para copiar e aplicar","robots":{"index":"index","follow":"follow","max-snippet":"max-snippet:-1","max-image-preview":"max-image-preview:large","max-video-preview":"max-video-preview:-1"},"canonical":"https:\/\/exceladvisor.org\/pt\/formato-de-pintor\/","og_locale":"pt_PT","og_type":"article","og_title":"Como usar o Pintor de Formatos no Excel? (M\u00e9todo Secreto)","og_description":"Voc\u00ea n\u00e3o quer perder tempo formatando repetidamente. Aprenda a usar o Format Painter no Excel para copiar e aplicar","og_url":"https:\/\/exceladvisor.org\/pt\/formato-de-pintor\/","og_site_name":"Excel Advisor","article_modified_time":"2023-12-06T11:50:12+00:00","og_image":[{"url":"https:\/\/exceladvisor.org\/wp-content\/uploads\/2023\/08\/format-peintre-bouton-onglet-accueil-1.png","type":"","width":"","height":""}],"twitter_card":"summary_large_image","twitter_misc":{"Tempo estimado de leitura":"2 minutos"},"schema":{"@context":"https:\/\/schema.org","@graph":[{"@type":"WebPage","@id":"https:\/\/exceladvisor.org\/pt\/formato-de-pintor\/","url":"https:\/\/exceladvisor.org\/pt\/formato-de-pintor\/","name":"Como usar o Pintor de Formatos no Excel? (M\u00e9todo Secreto)","isPartOf":{"@id":"https:\/\/exceladvisor.org\/pt\/#website"},"primaryImageOfPage":{"@id":"https:\/\/exceladvisor.org\/pt\/formato-de-pintor\/#primaryimage"},"image":{"@id":"https:\/\/exceladvisor.org\/pt\/formato-de-pintor\/#primaryimage"},"thumbnailUrl":"https:\/\/exceladvisor.org\/wp-content\/uploads\/2023\/08\/format-peintre-bouton-onglet-accueil-1.png","datePublished":"2023-11-15T01:08:57+00:00","dateModified":"2023-12-06T11:50:12+00:00","description":"Voc\u00ea n\u00e3o quer perder tempo formatando repetidamente. Aprenda a usar o Format Painter no Excel para copiar e aplicar","breadcrumb":{"@id":"https:\/\/exceladvisor.org\/pt\/formato-de-pintor\/#breadcrumb"},"inLanguage":"pt-PT","potentialAction":[{"@type":"ReadAction","target":["https:\/\/exceladvisor.org\/pt\/formato-de-pintor\/"]}]},{"@type":"ImageObject","inLanguage":"pt-PT","@id":"https:\/\/exceladvisor.org\/pt\/formato-de-pintor\/#primaryimage","url":"https:\/\/exceladvisor.org\/wp-content\/uploads\/2023\/08\/format-peintre-bouton-onglet-accueil-1.png","contentUrl":"https:\/\/exceladvisor.org\/wp-content\/uploads\/2023\/08\/format-peintre-bouton-onglet-accueil-1.png"},{"@type":"BreadcrumbList","@id":"https:\/\/exceladvisor.org\/pt\/formato-de-pintor\/#breadcrumb","itemListElement":[{"@type":"ListItem","position":1,"name":"Lar","item":"https:\/\/exceladvisor.org\/pt\/"},{"@type":"ListItem","position":2,"name":"Como usar o pintor de formatos no excel?"}]},{"@type":"WebSite","@id":"https:\/\/exceladvisor.org\/pt\/#website","url":"https:\/\/exceladvisor.org\/pt\/","name":"Excel Advisor","description":"O seu guia definitivo para dominar os dados!","publisher":{"@id":"https:\/\/exceladvisor.org\/pt\/#organization"},"potentialAction":[{"@type":"SearchAction","target":{"@type":"EntryPoint","urlTemplate":"https:\/\/exceladvisor.org\/pt\/?s={search_term_string}"},"query-input":{"@type":"PropertyValueSpecification","valueRequired":true,"valueName":"search_term_string"}}],"inLanguage":"pt-PT"},{"@type":"Organization","@id":"https:\/\/exceladvisor.org\/pt\/#organization","name":"Excel Advisor","url":"https:\/\/exceladvisor.org\/pt\/","logo":{"@type":"ImageObject","inLanguage":"pt-PT","@id":"https:\/\/exceladvisor.org\/pt\/#\/schema\/logo\/image\/","url":"https:\/\/exceladvisor.org\/pt\/wp-content\/uploads\/2023\/12\/exceladvisor.org_.png","contentUrl":"https:\/\/exceladvisor.org\/pt\/wp-content\/uploads\/2023\/12\/exceladvisor.org_.png","width":105,"height":36,"caption":"Excel Advisor"},"image":{"@id":"https:\/\/exceladvisor.org\/pt\/#\/schema\/logo\/image\/"}}]}},"yoast_meta":{"yoast_wpseo_title":"","yoast_wpseo_metadesc":"","yoast_wpseo_canonical":""},"_links":{"self":[{"href":"https:\/\/exceladvisor.org\/pt\/wp-json\/wp\/v2\/pages\/154","targetHints":{"allow":["GET"]}}],"collection":[{"href":"https:\/\/exceladvisor.org\/pt\/wp-json\/wp\/v2\/pages"}],"about":[{"href":"https:\/\/exceladvisor.org\/pt\/wp-json\/wp\/v2\/types\/page"}],"author":[{"embeddable":true,"href":"https:\/\/exceladvisor.org\/pt\/wp-json\/wp\/v2\/users\/1"}],"replies":[{"embeddable":true,"href":"https:\/\/exceladvisor.org\/pt\/wp-json\/wp\/v2\/comments?post=154"}],"version-history":[{"count":1,"href":"https:\/\/exceladvisor.org\/pt\/wp-json\/wp\/v2\/pages\/154\/revisions"}],"predecessor-version":[{"id":1370,"href":"https:\/\/exceladvisor.org\/pt\/wp-json\/wp\/v2\/pages\/154\/revisions\/1370"}],"wp:attachment":[{"href":"https:\/\/exceladvisor.org\/pt\/wp-json\/wp\/v2\/media?parent=154"}],"curies":[{"name":"wp","href":"https:\/\/api.w.org\/{rel}","templated":true}]}}