{"id":156,"date":"2023-11-14T19:13:47","date_gmt":"2023-11-14T19:13:47","guid":{"rendered":"https:\/\/exceladvisor.org\/pt\/remover-quebra-de-pagina\/"},"modified":"2023-12-06T11:42:02","modified_gmt":"2023-12-06T11:42:02","slug":"remover-quebra-de-pagina","status":"publish","type":"page","link":"https:\/\/exceladvisor.org\/pt\/remover-quebra-de-pagina\/","title":{"rendered":"Como remover uma quebra de p\u00e1gina no excel?"},"content":{"rendered":"<div class=\"excel-before-content-2\" id=\"excel-86909537\"><script type=\"text\/javascript\">\r\n\tatOptions = {\r\n\t\t'key' : 'c1158f160081d6540a8409e6925dab94',\r\n\t\t'format' : 'iframe',\r\n\t\t'height' : 250,\r\n\t\t'width' : 300,\r\n\t\t'params' : {}\r\n\t};\r\n<\/script>\r\n<script type=\"text\/javascript\" src=\"\/\/www.highperformanceformat.com\/c1158f160081d6540a8409e6925dab94\/invoke.js\"><\/script><\/div><div class=\"excel-before-content\" id=\"excel-3645685028\"><script type=\"text\/javascript\">\r\n\tatOptions = {\r\n\t\t'key' : 'c1158f160081d6540a8409e6925dab94',\r\n\t\t'format' : 'iframe',\r\n\t\t'height' : 250,\r\n\t\t'width' : 300,\r\n\t\t'params' : {}\r\n\t};\r\n<\/script>\r\n<script type=\"text\/javascript\" src=\"\/\/www.highperformanceformat.com\/c1158f160081d6540a8409e6925dab94\/invoke.js\"><\/script><\/div> <p>A quebra de p\u00e1gina no Excel \u00e9 um recurso que divide ou divide os dados da planilha em p\u00e1ginas separadas para impress\u00e3o.<\/p><p> Ele se divide e mostra os dados para imprimir em uma \u00fanica p\u00e1gina at\u00e9 o final dos seus dados.<\/p><p> A quebra de p\u00e1gina do Excel divide os dados com base em v\u00e1rios par\u00e2metros, como margem da p\u00e1gina, escala, tamanho da p\u00e1gina, etc. A visualiza\u00e7\u00e3o Quebra de p\u00e1gina exibe linhas pontilhadas para ver onde os dados est\u00e3o divididos na pr\u00f3xima p\u00e1gina.<\/p><p> Antes de imprimir os dados da pasta de trabalho, cada usu\u00e1rio deseja ver como os dados s\u00e3o impressos em cada p\u00e1gina, e para isso pode v\u00ea-los alterando a visualiza\u00e7\u00e3o normal do Excel para visualiza\u00e7\u00e3o de quebra de p\u00e1gina e tamb\u00e9m pode ajustar a p\u00e1gina de sele\u00e7\u00e3o de quebra de acordo com sua prefer\u00eancia. .<\/p><p> Abaixo, capturamos algumas etapas r\u00e1pidas e f\u00e1ceis para voc\u00ea sobre como inserir e remover quebras de p\u00e1gina no Excel.<\/p><h2 class=\"wp-block-heading\"> Abra a visualiza\u00e7\u00e3o de quebra de p\u00e1gina no Excel<\/h2><ol><li> Primeiro, v\u00e1 para a guia \u201cVisualizar\u201d e, no grupo \u201cVisualiza\u00e7\u00f5es da pasta de trabalho\u201d, clique no \u00edcone \u201cVisualiza\u00e7\u00e3o da quebra de p\u00e1gina\u201d. <br><img loading=\"lazy\" decoding=\"async\" title=\"\u00cdcone de visualiza\u00e7\u00e3o de quebra de 1 p\u00e1gina\" src=\"https:\/\/exceladvisor.org\/wp-content\/uploads\/2023\/08\/1-icone-dapercu-de-saut-de-page.png\" sizes=\"auto, \" srcset=\"\" alt=\"page-break-preview-icon\" width=\"549\" height=\"299\"><\/li><li> Depois de clicar em \u201cVisualiza\u00e7\u00e3o de quebra de p\u00e1gina\u201d, o Excel converte a visualiza\u00e7\u00e3o normal em uma visualiza\u00e7\u00e3o de quebra de p\u00e1gina. <br><img loading=\"lazy\" decoding=\"async\" title=\"Visualiza\u00e7\u00e3o de quebra de 2 p\u00e1ginas\" src=\"https:\/\/exceladvisor.org\/wp-content\/uploads\/2023\/08\/Apercu-de-saut-de-page-de-2-pages.png\" sizes=\"auto, \" srcset=\"\" alt=\"page-break-preview\" width=\"563\" height=\"364\"><\/li><li> Aqui voc\u00ea pode ver como os dados da sua pasta de trabalho s\u00e3o divididos em cada p\u00e1gina quando voc\u00ea imprime.<\/li><\/ol><h2 class=\"wp-block-heading\"> Ajustar quebras de p\u00e1gina no Excel<\/h2><ol><li> Clique na linha de quebra de p\u00e1gina vertical pontilhada, mantenha pressionado o bot\u00e3o do mouse e arraste para a esquerda ou para a direita at\u00e9 a coluna na qual deseja dividir os cabe\u00e7alhos de dados para impress\u00e3o em cada p\u00e1gina.<\/li><li> Clique na(s) linha(s) de quebra de p\u00e1gina horizontal pontilhada e segure o bot\u00e3o do mouse e arraste para o local superior ou inferior onde deseja que os dados sejam impressos em cada p\u00e1gina. <br><img loading=\"lazy\" decoding=\"async\" title=\"Linhas de quebra de p\u00e1gina de 3 pontos\" src=\"https:\/\/exceladvisor.org\/wp-content\/uploads\/2023\/08\/3-lignes-de-saut-de-page-en-pointilles.png\" sizes=\"auto, \" srcset=\"\" alt=\"dotted-page-break-lines\" width=\"485\" height=\"434\"><\/li><li> Se voc\u00ea deseja que todas as colunas de cabe\u00e7alho dos seus dados sejam impressas em cada p\u00e1gina, basta arrastar a linha pontilhada vertical no final das colunas de cabe\u00e7alho. <br><img loading=\"lazy\" decoding=\"async\" title=\"4 linhas pontilhadas verticais\" src=\"https:\/\/exceladvisor.org\/wp-content\/uploads\/2023\/08\/4-lignes-pointillees-verticales.png\" sizes=\"auto, \" srcset=\"\" alt=\"vertical-dotted-lines\" width=\"511\" height=\"405\"><\/li><\/ol><p> Na imagem acima, arrastamos a linha tracejada vertical no final das colunas do cabe\u00e7alho para imprimir todas as colunas do cabe\u00e7alho (AJ) em cada p\u00e1gina.<\/p><h2 class=\"wp-block-heading\"> Inserir ou remover quebra de p\u00e1gina inserida manualmente<\/h2><p> Voc\u00ea tamb\u00e9m pode inserir ou remover quebras de p\u00e1gina manuais na visualiza\u00e7\u00e3o de quebras de p\u00e1gina seguindo as etapas abaixo.<\/p><ol><li> Primeiro mude para o modo de quebra de p\u00e1gina e clique na c\u00e9lula \u00e0 esquerda e no topo da qual deseja inserir a quebra de p\u00e1gina. <br><img loading=\"lazy\" decoding=\"async\" title=\"5 quebras de p\u00e1gina inseridas manualmente\" src=\"https:\/\/exceladvisor.org\/wp-content\/uploads\/2023\/08\/5-sauts-de-page-inseres-manuellement.png\" sizes=\"auto, \" srcset=\"\" alt=\"manual-inserted-page-break\" width=\"500\" height=\"469\"><\/li><li> Depois disso, v\u00e1 at\u00e9 a aba \u201cLayout de p\u00e1gina\u201d, clique no \u00edcone \u201cQuebras\u201d no grupo \u201cLayout\u201d, a seguir clique na op\u00e7\u00e3o \u201cInserir quebra de p\u00e1gina\u201d. <br><img loading=\"lazy\" decoding=\"async\" title=\"Op\u00e7\u00e3o de quebra de p\u00e1gina com 6 inser\u00e7\u00f5es\" src=\"https:\/\/exceladvisor.org\/wp-content\/uploads\/2023\/08\/6-option-dinsertion-de-saut-de-page.png\" sizes=\"auto, \" srcset=\"\" alt=\"insert-page-break-option\" width=\"500\" height=\"471\"><\/li><li> Depois de clicar em \u201cInserir quebra de p\u00e1gina\u201d, o Excel se divide e cria a quebra de p\u00e1gina manual \u00e0 esquerda e no topo da c\u00e9lula selecionada. <br><img loading=\"lazy\" decoding=\"async\" title=\"7-criar a quebra de p\u00e1gina do livro did\u00e1tico\" src=\"https:\/\/exceladvisor.org\/wp-content\/uploads\/2023\/08\/7-cree-le-saut-de-page-manuel.png\" sizes=\"auto, \" srcset=\"\" alt=\"creates-the-manual-page-break\" width=\"500\" height=\"470\"><\/li><li> Agora, para remover a quebra de p\u00e1gina inserida manualmente, voc\u00ea precisa clicar na c\u00e9lula \u00e0 esquerda e no topo da qual deseja remover a quebra de p\u00e1gina inserida manualmente e clicar na op\u00e7\u00e3o \u201cRemover quebra de p\u00e1gina\u201d. <br><img loading=\"lazy\" decoding=\"async\" title=\"8-excluir quebra de p\u00e1gina\" src=\"https:\/\/exceladvisor.org\/wp-content\/uploads\/2023\/08\/8-supprimer-le-saut-de-page.png\" sizes=\"auto, \" srcset=\"\" alt=\"remove-page-break\" width=\"500\" height=\"472\"><\/li><li> Neste ponto, a quebra de p\u00e1gina inserida manualmente foi removida. <br><img loading=\"lazy\" decoding=\"async\" title=\"9-excluir-manual-inserir-quebra de p\u00e1gina\" src=\"https:\/\/exceladvisor.org\/wp-content\/uploads\/2023\/08\/9-supprimer-le-saut-de-page-insere-manuellement.png\" sizes=\"auto, \" srcset=\"\" alt=\"remove-manual-inserted-page-break\" width=\"510\" height=\"292\"><\/li><\/ol><p> Se voc\u00ea inseriu v\u00e1rias quebras de p\u00e1gina manuais, pode remov\u00ea-las de uma s\u00f3 vez, simplesmente clicando nas op\u00e7\u00f5es \u201cRedefinir todas as quebras de p\u00e1gina\u201d ou pode remov\u00ea-las uma por uma, repetindo as etapas explicadas abaixo novamente e novamente. acima. <\/p><div class=\"wp-block-image\"><figure class=\"aligncenter size-full is-resized\"><img loading=\"lazy\" decoding=\"async\" class=\"wp-image-64126\" src=\"https:\/\/exceladvisor.org\/wp-content\/uploads\/2023\/08\/10-reinitialiser-tous-les-sauts-de-page.png\" sizes=\"auto, \" srcset=\"\" alt=\"redefinir todas as quebras de p\u00e1gina\" width=\"586\" height=\"350\"><\/figure><\/div><h2 class=\"wp-block-heading\"> Remover linhas de quebra de p\u00e1gina pontilhadas da visualiza\u00e7\u00e3o normal<\/h2><p> Depois que voc\u00ea retornar \u00e0 visualiza\u00e7\u00e3o normal a partir da visualiza\u00e7\u00e3o de quebra de p\u00e1gina, a visualiza\u00e7\u00e3o de quebra de p\u00e1gina do Excel ser\u00e1 habilitada automaticamente.<\/p><p> E a linha de quebra de p\u00e1gina cinza em negrito e tracejada come\u00e7a a refletir em seus dados. Para remover essas linhas da visualiza\u00e7\u00e3o normal, voc\u00ea precisa seguir algumas etapas conforme indicado abaixo.<\/p><ol><li> Primeiro, clique na aba \u201cArquivo\u201d e depois clique em \u201cop\u00e7\u00f5es\u201d no menu de contexto. <br><img loading=\"lazy\" decoding=\"async\" title=\"arquivos da aba 11\" src=\"https:\/\/exceladvisor.org\/wp-content\/uploads\/2023\/08\/11-onglet-fichier.png\" sizes=\"auto, \" srcset=\"\" alt=\"file-tab\" width=\"424\" height=\"119\"><br><img loading=\"lazy\" decoding=\"async\" style=\"display: block; margin-left: auto; margin-right: auto;\" title=\"12 op\u00e7\u00f5es de clique\" src=\"https:\/\/exceladvisor.org\/wp-content\/uploads\/2023\/08\/12-cliquez-sur-les-options.png\" sizes=\"auto, \" srcset=\"\" alt=\"click-on-options\" width=\"132\" height=\"473\"><\/li><li> Depois disso, clique em \u201cAvan\u00e7ado\u201d e role para baixo at\u00e9 \u201cExibir op\u00e7\u00f5es para esta planilha\u201d na barra de rolagem.<\/li><li> Agora, desmarque a caixa \u201cMostrar quebras de p\u00e1gina\u201d e clique em \u201cOK\u201d. <br><img loading=\"lazy\" decoding=\"async\" title=\"Quebras de p\u00e1gina de 13 desmarca\u00e7\u00f5es\" src=\"https:\/\/exceladvisor.org\/wp-content\/uploads\/2023\/08\/13-decochez-Afficher-les-sauts-de-page.png\" sizes=\"auto, \" srcset=\"\" alt=\"uncheck-show-page-breaks\" width=\"636\" height=\"431\"><\/li><\/ol><div class=\"gb-container gb-container-4db6181c gb-container-mt\"> <a class=\"gb-button gb-button-c5897111 gb-button-text gb-button-mt-button\" href=\"https:\/\/exceladvisor.org\/pt\/nocoes-basicas-de-excel\/\">No\u00e7\u00f5es b\u00e1sicas do Microsoft Excel (componentes, pe\u00e7as e notas de conhecimento)<\/a><h2 class=\"gb-headline gb-headline-665e5f6b gb-headline-text gb-headline-mt-heading\"> Tutoriais relacionados <\/h2><div class=\"gb-grid-wrapper gb-grid-wrapper-a20baf7c gb-grid-wrapper-mt-grid\"><div class=\"gb-grid-column gb-grid-column-65ddf67e\"><div class=\"gb-container gb-container-65ddf67e\"><ul><li> <a href=\"https:\/\/exceladvisor.org\/pt\/definir-area-de-impressao\/\">Definir \u00e1rea de impress\u00e3o no Excel<\/a><\/li><li> <a href=\"https:\/\/exceladvisor.org\/pt\/alterar-a-orientacao-da-pagina\/\">Alterar a orienta\u00e7\u00e3o da p\u00e1gina no Excel<\/a><\/li><li> <a href=\"https:\/\/exceladvisor.org\/pt\/margem-da-pagina\/\">Margem da p\u00e1gina no Excel (alterar e definir)<\/a><\/li><li> <a href=\"https:\/\/exceladvisor.org\/pt\/visualizar-antes-de-imprimir\/\">Visualiza\u00e7\u00e3o de impress\u00e3o no Excel<\/a><\/li><li> <a href=\"https:\/\/exceladvisor.org\/pt\/foco-na-selecao\/\">Centralize a sele\u00e7\u00e3o no Excel<\/a> <\/li><\/ul><\/div><\/div><div class=\"gb-grid-column gb-grid-column-50067b57\"><div class=\"gb-container gb-container-50067b57\"><\/div><\/div><\/div><\/div>","protected":false},"excerpt":{"rendered":"","protected":false},"author":1,"featured_media":0,"parent":0,"menu_order":0,"comment_status":"open","ping_status":"closed","template":"","meta":{"ub_ctt_via":"","footnotes":""},"class_list":["post-156","page","type-page","status-publish","hentry"],"featured_image_src":null,"yoast_head":"<!-- This site is optimized with the Yoast SEO plugin v25.4 - https:\/\/yoast.com\/wordpress\/plugins\/seo\/ -->\n<title>\u25b7 Como remover uma quebra de p\u00e1gina no Excel?<\/title>\n<meta name=\"description\" content=\"Neste tutorial, voc\u00ea aprender\u00e1 como inserir e remover quebra de p\u00e1gina no Excel seguindo algumas etapas r\u00e1pidas e f\u00e1ceis.\" \/>\n<meta name=\"robots\" content=\"index, follow, max-snippet:-1, max-image-preview:large, max-video-preview:-1\" \/>\n<link rel=\"canonical\" href=\"https:\/\/exceladvisor.org\/pt\/remover-quebra-de-pagina\/\" \/>\n<meta property=\"og:locale\" content=\"pt_PT\" \/>\n<meta property=\"og:type\" content=\"article\" \/>\n<meta property=\"og:title\" content=\"\u25b7 Como remover uma quebra de p\u00e1gina no Excel?\" \/>\n<meta property=\"og:description\" content=\"Neste tutorial, voc\u00ea aprender\u00e1 como inserir e remover quebra de p\u00e1gina no Excel seguindo algumas etapas r\u00e1pidas e f\u00e1ceis.\" \/>\n<meta property=\"og:url\" content=\"https:\/\/exceladvisor.org\/pt\/remover-quebra-de-pagina\/\" \/>\n<meta property=\"og:site_name\" content=\"Excel Advisor\" \/>\n<meta property=\"article:modified_time\" content=\"2023-12-06T11:42:02+00:00\" \/>\n<meta property=\"og:image\" content=\"https:\/\/exceladvisor.org\/wp-content\/uploads\/2023\/08\/1-icone-dapercu-de-saut-de-page.png\" \/>\n<meta name=\"twitter:card\" content=\"summary_large_image\" \/>\n<meta name=\"twitter:label1\" content=\"Tempo estimado de leitura\" \/>\n\t<meta name=\"twitter:data1\" content=\"4 minutos\" \/>\n<script type=\"application\/ld+json\" class=\"yoast-schema-graph\">{\"@context\":\"https:\/\/schema.org\",\"@graph\":[{\"@type\":\"WebPage\",\"@id\":\"https:\/\/exceladvisor.org\/pt\/remover-quebra-de-pagina\/\",\"url\":\"https:\/\/exceladvisor.org\/pt\/remover-quebra-de-pagina\/\",\"name\":\"\u25b7 Como remover uma quebra de p\u00e1gina no Excel?\",\"isPartOf\":{\"@id\":\"https:\/\/exceladvisor.org\/pt\/#website\"},\"primaryImageOfPage\":{\"@id\":\"https:\/\/exceladvisor.org\/pt\/remover-quebra-de-pagina\/#primaryimage\"},\"image\":{\"@id\":\"https:\/\/exceladvisor.org\/pt\/remover-quebra-de-pagina\/#primaryimage\"},\"thumbnailUrl\":\"https:\/\/exceladvisor.org\/wp-content\/uploads\/2023\/08\/1-icone-dapercu-de-saut-de-page.png\",\"datePublished\":\"2023-11-14T19:13:47+00:00\",\"dateModified\":\"2023-12-06T11:42:02+00:00\",\"description\":\"Neste tutorial, voc\u00ea aprender\u00e1 como inserir e remover quebra de p\u00e1gina no Excel seguindo algumas etapas r\u00e1pidas e f\u00e1ceis.\",\"breadcrumb\":{\"@id\":\"https:\/\/exceladvisor.org\/pt\/remover-quebra-de-pagina\/#breadcrumb\"},\"inLanguage\":\"pt-PT\",\"potentialAction\":[{\"@type\":\"ReadAction\",\"target\":[\"https:\/\/exceladvisor.org\/pt\/remover-quebra-de-pagina\/\"]}]},{\"@type\":\"ImageObject\",\"inLanguage\":\"pt-PT\",\"@id\":\"https:\/\/exceladvisor.org\/pt\/remover-quebra-de-pagina\/#primaryimage\",\"url\":\"https:\/\/exceladvisor.org\/wp-content\/uploads\/2023\/08\/1-icone-dapercu-de-saut-de-page.png\",\"contentUrl\":\"https:\/\/exceladvisor.org\/wp-content\/uploads\/2023\/08\/1-icone-dapercu-de-saut-de-page.png\"},{\"@type\":\"BreadcrumbList\",\"@id\":\"https:\/\/exceladvisor.org\/pt\/remover-quebra-de-pagina\/#breadcrumb\",\"itemListElement\":[{\"@type\":\"ListItem\",\"position\":1,\"name\":\"Lar\",\"item\":\"https:\/\/exceladvisor.org\/pt\/\"},{\"@type\":\"ListItem\",\"position\":2,\"name\":\"Como remover uma quebra de p\u00e1gina no excel?\"}]},{\"@type\":\"WebSite\",\"@id\":\"https:\/\/exceladvisor.org\/pt\/#website\",\"url\":\"https:\/\/exceladvisor.org\/pt\/\",\"name\":\"Excel Advisor\",\"description\":\"O seu guia definitivo para dominar os dados!\",\"publisher\":{\"@id\":\"https:\/\/exceladvisor.org\/pt\/#organization\"},\"potentialAction\":[{\"@type\":\"SearchAction\",\"target\":{\"@type\":\"EntryPoint\",\"urlTemplate\":\"https:\/\/exceladvisor.org\/pt\/?s={search_term_string}\"},\"query-input\":{\"@type\":\"PropertyValueSpecification\",\"valueRequired\":true,\"valueName\":\"search_term_string\"}}],\"inLanguage\":\"pt-PT\"},{\"@type\":\"Organization\",\"@id\":\"https:\/\/exceladvisor.org\/pt\/#organization\",\"name\":\"Excel Advisor\",\"url\":\"https:\/\/exceladvisor.org\/pt\/\",\"logo\":{\"@type\":\"ImageObject\",\"inLanguage\":\"pt-PT\",\"@id\":\"https:\/\/exceladvisor.org\/pt\/#\/schema\/logo\/image\/\",\"url\":\"https:\/\/exceladvisor.org\/pt\/wp-content\/uploads\/2023\/12\/exceladvisor.org_.png\",\"contentUrl\":\"https:\/\/exceladvisor.org\/pt\/wp-content\/uploads\/2023\/12\/exceladvisor.org_.png\",\"width\":105,\"height\":36,\"caption\":\"Excel Advisor\"},\"image\":{\"@id\":\"https:\/\/exceladvisor.org\/pt\/#\/schema\/logo\/image\/\"}}]}<\/script>\n<!-- \/ Yoast SEO plugin. -->","yoast_head_json":{"title":"\u25b7 Como remover uma quebra de p\u00e1gina no Excel?","description":"Neste tutorial, voc\u00ea aprender\u00e1 como inserir e remover quebra de p\u00e1gina no Excel seguindo algumas etapas r\u00e1pidas e f\u00e1ceis.","robots":{"index":"index","follow":"follow","max-snippet":"max-snippet:-1","max-image-preview":"max-image-preview:large","max-video-preview":"max-video-preview:-1"},"canonical":"https:\/\/exceladvisor.org\/pt\/remover-quebra-de-pagina\/","og_locale":"pt_PT","og_type":"article","og_title":"\u25b7 Como remover uma quebra de p\u00e1gina no Excel?","og_description":"Neste tutorial, voc\u00ea aprender\u00e1 como inserir e remover quebra de p\u00e1gina no Excel seguindo algumas etapas r\u00e1pidas e f\u00e1ceis.","og_url":"https:\/\/exceladvisor.org\/pt\/remover-quebra-de-pagina\/","og_site_name":"Excel Advisor","article_modified_time":"2023-12-06T11:42:02+00:00","og_image":[{"url":"https:\/\/exceladvisor.org\/wp-content\/uploads\/2023\/08\/1-icone-dapercu-de-saut-de-page.png","type":"","width":"","height":""}],"twitter_card":"summary_large_image","twitter_misc":{"Tempo estimado de leitura":"4 minutos"},"schema":{"@context":"https:\/\/schema.org","@graph":[{"@type":"WebPage","@id":"https:\/\/exceladvisor.org\/pt\/remover-quebra-de-pagina\/","url":"https:\/\/exceladvisor.org\/pt\/remover-quebra-de-pagina\/","name":"\u25b7 Como remover uma quebra de p\u00e1gina no Excel?","isPartOf":{"@id":"https:\/\/exceladvisor.org\/pt\/#website"},"primaryImageOfPage":{"@id":"https:\/\/exceladvisor.org\/pt\/remover-quebra-de-pagina\/#primaryimage"},"image":{"@id":"https:\/\/exceladvisor.org\/pt\/remover-quebra-de-pagina\/#primaryimage"},"thumbnailUrl":"https:\/\/exceladvisor.org\/wp-content\/uploads\/2023\/08\/1-icone-dapercu-de-saut-de-page.png","datePublished":"2023-11-14T19:13:47+00:00","dateModified":"2023-12-06T11:42:02+00:00","description":"Neste tutorial, voc\u00ea aprender\u00e1 como inserir e remover quebra de p\u00e1gina no Excel seguindo algumas etapas r\u00e1pidas e f\u00e1ceis.","breadcrumb":{"@id":"https:\/\/exceladvisor.org\/pt\/remover-quebra-de-pagina\/#breadcrumb"},"inLanguage":"pt-PT","potentialAction":[{"@type":"ReadAction","target":["https:\/\/exceladvisor.org\/pt\/remover-quebra-de-pagina\/"]}]},{"@type":"ImageObject","inLanguage":"pt-PT","@id":"https:\/\/exceladvisor.org\/pt\/remover-quebra-de-pagina\/#primaryimage","url":"https:\/\/exceladvisor.org\/wp-content\/uploads\/2023\/08\/1-icone-dapercu-de-saut-de-page.png","contentUrl":"https:\/\/exceladvisor.org\/wp-content\/uploads\/2023\/08\/1-icone-dapercu-de-saut-de-page.png"},{"@type":"BreadcrumbList","@id":"https:\/\/exceladvisor.org\/pt\/remover-quebra-de-pagina\/#breadcrumb","itemListElement":[{"@type":"ListItem","position":1,"name":"Lar","item":"https:\/\/exceladvisor.org\/pt\/"},{"@type":"ListItem","position":2,"name":"Como remover uma quebra de p\u00e1gina no excel?"}]},{"@type":"WebSite","@id":"https:\/\/exceladvisor.org\/pt\/#website","url":"https:\/\/exceladvisor.org\/pt\/","name":"Excel Advisor","description":"O seu guia definitivo para dominar os dados!","publisher":{"@id":"https:\/\/exceladvisor.org\/pt\/#organization"},"potentialAction":[{"@type":"SearchAction","target":{"@type":"EntryPoint","urlTemplate":"https:\/\/exceladvisor.org\/pt\/?s={search_term_string}"},"query-input":{"@type":"PropertyValueSpecification","valueRequired":true,"valueName":"search_term_string"}}],"inLanguage":"pt-PT"},{"@type":"Organization","@id":"https:\/\/exceladvisor.org\/pt\/#organization","name":"Excel Advisor","url":"https:\/\/exceladvisor.org\/pt\/","logo":{"@type":"ImageObject","inLanguage":"pt-PT","@id":"https:\/\/exceladvisor.org\/pt\/#\/schema\/logo\/image\/","url":"https:\/\/exceladvisor.org\/pt\/wp-content\/uploads\/2023\/12\/exceladvisor.org_.png","contentUrl":"https:\/\/exceladvisor.org\/pt\/wp-content\/uploads\/2023\/12\/exceladvisor.org_.png","width":105,"height":36,"caption":"Excel Advisor"},"image":{"@id":"https:\/\/exceladvisor.org\/pt\/#\/schema\/logo\/image\/"}}]}},"yoast_meta":{"yoast_wpseo_title":"","yoast_wpseo_metadesc":"","yoast_wpseo_canonical":""},"_links":{"self":[{"href":"https:\/\/exceladvisor.org\/pt\/wp-json\/wp\/v2\/pages\/156","targetHints":{"allow":["GET"]}}],"collection":[{"href":"https:\/\/exceladvisor.org\/pt\/wp-json\/wp\/v2\/pages"}],"about":[{"href":"https:\/\/exceladvisor.org\/pt\/wp-json\/wp\/v2\/types\/page"}],"author":[{"embeddable":true,"href":"https:\/\/exceladvisor.org\/pt\/wp-json\/wp\/v2\/users\/1"}],"replies":[{"embeddable":true,"href":"https:\/\/exceladvisor.org\/pt\/wp-json\/wp\/v2\/comments?post=156"}],"version-history":[{"count":1,"href":"https:\/\/exceladvisor.org\/pt\/wp-json\/wp\/v2\/pages\/156\/revisions"}],"predecessor-version":[{"id":1177,"href":"https:\/\/exceladvisor.org\/pt\/wp-json\/wp\/v2\/pages\/156\/revisions\/1177"}],"wp:attachment":[{"href":"https:\/\/exceladvisor.org\/pt\/wp-json\/wp\/v2\/media?parent=156"}],"curies":[{"name":"wp","href":"https:\/\/api.w.org\/{rel}","templated":true}]}}