{"id":157,"date":"2023-11-14T18:15:32","date_gmt":"2023-11-14T18:15:32","guid":{"rendered":"https:\/\/exceladvisor.org\/pt\/desenhe-uma-linha\/"},"modified":"2023-12-06T11:37:22","modified_gmt":"2023-12-06T11:37:22","slug":"desenhe-uma-linha","status":"publish","type":"page","link":"https:\/\/exceladvisor.org\/pt\/desenhe-uma-linha\/","title":{"rendered":"Como desenhar uma linha no excel?"},"content":{"rendered":"<div class=\"excel-before-content-2\" id=\"excel-1183857273\"><script type=\"text\/javascript\">\r\n\tatOptions = {\r\n\t\t'key' : 'c1158f160081d6540a8409e6925dab94',\r\n\t\t'format' : 'iframe',\r\n\t\t'height' : 250,\r\n\t\t'width' : 300,\r\n\t\t'params' : {}\r\n\t};\r\n<\/script>\r\n<script type=\"text\/javascript\" src=\"\/\/www.highperformanceformat.com\/c1158f160081d6540a8409e6925dab94\/invoke.js\"><\/script><\/div><div class=\"excel-before-content\" id=\"excel-2293461236\"><script type=\"text\/javascript\">\r\n\tatOptions = {\r\n\t\t'key' : 'c1158f160081d6540a8409e6925dab94',\r\n\t\t'format' : 'iframe',\r\n\t\t'height' : 250,\r\n\t\t'width' : 300,\r\n\t\t'params' : {}\r\n\t};\r\n<\/script>\r\n<script type=\"text\/javascript\" src=\"\/\/www.highperformanceformat.com\/c1158f160081d6540a8409e6925dab94\/invoke.js\"><\/script><\/div> <p>Assim como outros aplicativos do Microsoft Office, como Word ou PowerPoint, o Excel tamb\u00e9m tem a capacidade de desenhar e inserir uma linha na planilha. Os usu\u00e1rios podem desenhar linhas verticais, horizontais e diagonais em planilhas para conectar c\u00e9lulas, gr\u00e1ficos, pontos e formas.<\/p><p> O Excel oferece uma variedade de tipos de linhas e dependendo das necessidades, os usu\u00e1rios podem selecionar e desenhar diferentes tipos de linhas e tamb\u00e9m personaliz\u00e1-los. Mencionamos algumas etapas r\u00e1pidas e f\u00e1ceis para desenhar e formatar a linha no Excel.<\/p><h2 class=\"wp-block-heading\"> Desenhe uma linha usando formas<\/h2><ol><li> Primeiro, v\u00e1 at\u00e9 a aba \u201cInserir\u201d, clique no \u00edcone \u201cFormas\u201d e selecione o tipo de linha que deseja desenhar. <br><img loading=\"lazy\" decoding=\"async\" title=\"Formul\u00e1rios de 1 inser\u00e7\u00e3o\" src=\"https:\/\/exceladvisor.org\/wp-content\/uploads\/2023\/08\/1-insert-formes.png\" sizes=\"auto, \" srcset=\"\" alt=\"insert-shapes\" width=\"417\" height=\"379\"><\/li><li> Depois de selecionar a linha, o ponteiro do mouse muda para um sinal de mais (+).<\/li><li> Depois disso, com o mouse, v\u00e1 at\u00e9 qualquer c\u00e9lula para desenhar a linha selecionada.<\/li><li> Agora mantenha pressionado o bot\u00e3o esquerdo do mouse e arraste o mouse at\u00e9 um determinado comprimento ou at\u00e9 uma c\u00e9lula na qual deseja desenhar esta linha. <br><img loading=\"lazy\" decoding=\"async\" title=\"2-desenhar uma linha\" src=\"https:\/\/exceladvisor.org\/wp-content\/uploads\/2023\/08\/2-tracer-une-ligne.png\" sizes=\"auto, \" srcset=\"\" alt=\"draw-a-line\" width=\"473\" height=\"127\"><\/li><\/ol><p> Os usu\u00e1rios podem clicar na linha e copiar e colar a linha ou arrastar a linha para qualquer outro local na planilha.<\/p><h2 class=\"wp-block-heading\"> Fa\u00e7a da linha uma linha reta perfeita<\/h2><p> Quando os usu\u00e1rios desenham uma linha reta arrastando o mouse, eles podem n\u00e3o obter a linha reta perfeita. Para tornar a linha uma linha reta perfeita, os usu\u00e1rios podem seguir os seguintes passos.<\/p><ol><li> Primeiro, clique na linha e voc\u00ea ver\u00e1 a aba \u201cFormato\u201d.<\/li><li> Agora, clique na aba \u201cFormato\u201d e certifique-se de que a altura da forma seja zero (0) cm para torn\u00e1-la uma linha perfeitamente reta.<\/li><li> Voc\u00ea tamb\u00e9m pode aumentar ou diminuir a altura da linha para torn\u00e1-la diagonal, aumentando a altura da forma usando as setas para cima e para baixo. <\/li><\/ol><div class=\"wp-block-image\"><figure class=\"aligncenter size-full is-resized\"><img loading=\"lazy\" decoding=\"async\" class=\"wp-image-64765\" src=\"https:\/\/exceladvisor.org\/wp-content\/uploads\/2023\/08\/3-droite-parfaite.png\" sizes=\"auto, \" srcset=\"\" alt=\"reta perfeita\" width=\"789\" height=\"174\"><\/figure><\/div><h2 class=\"wp-block-heading\"> Formate ou personalize a linha<\/h2><p> O Excel tem a capacidade de formatar e personalizar a forma, tamanho, cor e desenho das linhas.<\/p><ol><li> Primeiro, clique na linha e depois na guia \u201cFormato\u201d.<\/li><li> Depois disso, clique no bot\u00e3o de seta suspenso no grupo \u201cEstilo de forma\u201d. <br><img loading=\"lazy\" decoding=\"async\" title=\"4-formatar a linha\" src=\"https:\/\/exceladvisor.org\/wp-content\/uploads\/2023\/08\/4-formater-la-ligne.png\" sizes=\"auto, \" srcset=\"\" alt=\"format-the-line\" width=\"498\" height=\"259\"><\/li><li> Agora, selecione seu estilo de linha no menu suspenso \u201cEstilo de forma\u201d. <br><img loading=\"lazy\" decoding=\"async\" title=\"Lista suspensa de 5 formas\" src=\"https:\/\/exceladvisor.org\/wp-content\/uploads\/2023\/08\/Liste-deroulante-de-5-styles-de-forme.png\" sizes=\"auto, \" srcset=\"\" alt=\"shape-style-dropdown\" width=\"457\" height=\"379\"><\/li><li> Depois de clicar no estilo desejado, a linha ser\u00e1 convertida para esse estilo. <br><img loading=\"lazy\" decoding=\"async\" title=\"6 linhas personalizadas\" src=\"https:\/\/exceladvisor.org\/wp-content\/uploads\/2023\/08\/6-personnalise-la-ligne.png\" sizes=\"auto, \" srcset=\"\" alt=\"customizes-line\" width=\"441\" height=\"230\"><\/li><li> Para alterar a cor da linha, clique na seta suspensa \u201cContorno da forma\u201d e selecione a cor desejada. <br><img loading=\"lazy\" decoding=\"async\" title=\"7-mudan\u00e7a de cor da linha\" src=\"https:\/\/exceladvisor.org\/wp-content\/uploads\/2023\/08\/7-changer-la-couleur-de-la-ligne.png\" sizes=\"auto, \" srcset=\"\" alt=\"change-line-color\" width=\"455\" height=\"280\"><\/li><li> Para aumentar ou diminuir a largura da linha, clique em \u201cPeso\u201d no menu suspenso e selecione a largura desejada. <br><img loading=\"lazy\" decoding=\"async\" title=\"8-defina o peso da linha\" src=\"https:\/\/exceladvisor.org\/wp-content\/uploads\/2023\/08\/8-definir-lepaisseur-de-la-ligne.png\" sizes=\"auto, \" srcset=\"\" alt=\"set-the-line-weight\" width=\"464\" height=\"322\"><\/li><li> Para transformar a linha em uma linha pontilhada, clique em \u201cTra\u00e7o\u201d na lista suspensa e selecione o estilo de linha pontilhada desejado. <br><img loading=\"lazy\" decoding=\"async\" title=\"9 linha pontilhada\" src=\"https:\/\/exceladvisor.org\/wp-content\/uploads\/2023\/08\/9-tirets-pointilles.png\" sizes=\"auto, \" srcset=\"\" alt=\"dotted-dashes-line\" width=\"469\" height=\"316\"><\/li><li> Para adicionar setas de dire\u00e7\u00e3o \u00e0 linha, clique em \u201cSetas\u201d na lista suspensa e selecione o tipo de seta desejado. <br><img loading=\"lazy\" decoding=\"async\" title=\"10 setas de dire\u00e7\u00e3o para a linha\" src=\"https:\/\/exceladvisor.org\/wp-content\/uploads\/2023\/08\/10-fleches-directionnelles-a-la-ligne.png\" sizes=\"auto, \" srcset=\"\" alt=\"direction-arrows-to-line\" width=\"468\" height=\"373\"><\/li><li> Para adicionar os efeitos \u00e0 linha, clique na seta suspensa \u201cEfeitos de forma\u201d e selecione o efeito desejado. <br><img loading=\"lazy\" decoding=\"async\" title=\"11 efeitos de forma de linha\" src=\"https:\/\/exceladvisor.org\/wp-content\/uploads\/2023\/08\/11-effets-de-forme-a-tracer.png\" sizes=\"auto, \" srcset=\"\" alt=\"shape-effects-to-line\" width=\"467\" height=\"345\"><\/li><li> Para fazer mais formata\u00e7\u00e3o na linha, clique com o bot\u00e3o direito na linha e clique em \u201cFormatar forma\u201d no menu suspenso e voc\u00ea abrir\u00e1 a janela \u201cFormatar forma\u201d. <br><img loading=\"lazy\" decoding=\"async\" title=\"Janela moldada em 12 formatos\" src=\"https:\/\/exceladvisor.org\/wp-content\/uploads\/2023\/08\/Fenetre-de-forme-au-format-12.png\" sizes=\"auto, \" srcset=\"\" alt=\"format-shape-window\" width=\"527\" height=\"437\"><\/li><\/ol><div class=\"gb-container gb-container-4db6181c gb-container-mt\"> <a class=\"gb-button gb-button-c5897111 gb-button-text gb-button-mt-button\" href=\"https:\/\/exceladvisor.org\/pt\/nocoes-basicas-de-excel\/\">No\u00e7\u00f5es b\u00e1sicas do Microsoft Excel (componentes, pe\u00e7as e notas de conhecimento)<\/a><h2 class=\"gb-headline gb-headline-665e5f6b gb-headline-text gb-headline-mt-heading\"> Tutoriais relacionados <\/h2><div class=\"gb-grid-wrapper gb-grid-wrapper-a20baf7c gb-grid-wrapper-mt-grid\"><div class=\"gb-grid-column gb-grid-column-65ddf67e\"><div class=\"gb-container gb-container-65ddf67e\"><ul><li> <a href=\"https:\/\/exceladvisor.org\/pt\/adicionar-um-botao\/\">Adicionar um bot\u00e3o no Excel<\/a><\/li><li> <a href=\"https:\/\/exceladvisor.org\/pt\/fundir-celulas-dissociadas\/\">Mesclar \u2013 desagrupar c\u00e9lulas no Excel<\/a><\/li><li> <a href=\"https:\/\/exceladvisor.org\/pt\/verificador-ortografico\/\">Verifica\u00e7\u00e3o ortogr\u00e1fica no Excel<\/a><\/li><li> <a href=\"https:\/\/exceladvisor.org\/pt\/cancelamento\/\">Aumentar e diminuir o recuo no Excel<\/a><\/li><li> <a href=\"https:\/\/exceladvisor.org\/pt\/girar-texto\/\">Girar texto no Excel (orienta\u00e7\u00e3o do texto)<\/a> <\/li><\/ul><\/div><\/div><div class=\"gb-grid-column gb-grid-column-50067b57\"><div class=\"gb-container gb-container-50067b57\"><\/div><\/div><\/div><\/div>","protected":false},"excerpt":{"rendered":"","protected":false},"author":1,"featured_media":0,"parent":0,"menu_order":0,"comment_status":"open","ping_status":"closed","template":"","meta":{"ub_ctt_via":"","footnotes":""},"class_list":["post-157","page","type-page","status-publish","hentry"],"featured_image_src":null,"yoast_head":"<!-- This site is optimized with the Yoast SEO plugin v25.4 - https:\/\/yoast.com\/wordpress\/plugins\/seo\/ -->\n<title>\u25b7 Como desenhar uma linha no Excel (Tutorial 2023)<\/title>\n<meta name=\"description\" content=\"Neste tutorial aprenderemos como desenhar uma linha no Excel seguindo alguns passos r\u00e1pidos e f\u00e1ceis que voc\u00ea seguir\u00e1 em\" \/>\n<meta name=\"robots\" content=\"index, follow, max-snippet:-1, max-image-preview:large, max-video-preview:-1\" \/>\n<link rel=\"canonical\" href=\"https:\/\/exceladvisor.org\/pt\/desenhe-uma-linha\/\" \/>\n<meta property=\"og:locale\" content=\"pt_PT\" \/>\n<meta property=\"og:type\" content=\"article\" \/>\n<meta property=\"og:title\" content=\"\u25b7 Como desenhar uma linha no Excel (Tutorial 2023)\" \/>\n<meta property=\"og:description\" content=\"Neste tutorial aprenderemos como desenhar uma linha no Excel seguindo alguns passos r\u00e1pidos e f\u00e1ceis que voc\u00ea seguir\u00e1 em\" \/>\n<meta property=\"og:url\" content=\"https:\/\/exceladvisor.org\/pt\/desenhe-uma-linha\/\" \/>\n<meta property=\"og:site_name\" content=\"Excel Advisor\" \/>\n<meta property=\"article:modified_time\" content=\"2023-12-06T11:37:22+00:00\" \/>\n<meta property=\"og:image\" content=\"https:\/\/exceladvisor.org\/wp-content\/uploads\/2023\/08\/1-insert-formes.png\" \/>\n<meta name=\"twitter:card\" content=\"summary_large_image\" \/>\n<meta name=\"twitter:label1\" content=\"Tempo estimado de leitura\" \/>\n\t<meta name=\"twitter:data1\" content=\"3 minutos\" \/>\n<script type=\"application\/ld+json\" class=\"yoast-schema-graph\">{\"@context\":\"https:\/\/schema.org\",\"@graph\":[{\"@type\":\"WebPage\",\"@id\":\"https:\/\/exceladvisor.org\/pt\/desenhe-uma-linha\/\",\"url\":\"https:\/\/exceladvisor.org\/pt\/desenhe-uma-linha\/\",\"name\":\"\u25b7 Como desenhar uma linha no Excel (Tutorial 2023)\",\"isPartOf\":{\"@id\":\"https:\/\/exceladvisor.org\/pt\/#website\"},\"primaryImageOfPage\":{\"@id\":\"https:\/\/exceladvisor.org\/pt\/desenhe-uma-linha\/#primaryimage\"},\"image\":{\"@id\":\"https:\/\/exceladvisor.org\/pt\/desenhe-uma-linha\/#primaryimage\"},\"thumbnailUrl\":\"https:\/\/exceladvisor.org\/wp-content\/uploads\/2023\/08\/1-insert-formes.png\",\"datePublished\":\"2023-11-14T18:15:32+00:00\",\"dateModified\":\"2023-12-06T11:37:22+00:00\",\"description\":\"Neste tutorial aprenderemos como desenhar uma linha no Excel seguindo alguns passos r\u00e1pidos e f\u00e1ceis que voc\u00ea seguir\u00e1 em\",\"breadcrumb\":{\"@id\":\"https:\/\/exceladvisor.org\/pt\/desenhe-uma-linha\/#breadcrumb\"},\"inLanguage\":\"pt-PT\",\"potentialAction\":[{\"@type\":\"ReadAction\",\"target\":[\"https:\/\/exceladvisor.org\/pt\/desenhe-uma-linha\/\"]}]},{\"@type\":\"ImageObject\",\"inLanguage\":\"pt-PT\",\"@id\":\"https:\/\/exceladvisor.org\/pt\/desenhe-uma-linha\/#primaryimage\",\"url\":\"https:\/\/exceladvisor.org\/wp-content\/uploads\/2023\/08\/1-insert-formes.png\",\"contentUrl\":\"https:\/\/exceladvisor.org\/wp-content\/uploads\/2023\/08\/1-insert-formes.png\"},{\"@type\":\"BreadcrumbList\",\"@id\":\"https:\/\/exceladvisor.org\/pt\/desenhe-uma-linha\/#breadcrumb\",\"itemListElement\":[{\"@type\":\"ListItem\",\"position\":1,\"name\":\"Lar\",\"item\":\"https:\/\/exceladvisor.org\/pt\/\"},{\"@type\":\"ListItem\",\"position\":2,\"name\":\"Como desenhar uma linha no excel?\"}]},{\"@type\":\"WebSite\",\"@id\":\"https:\/\/exceladvisor.org\/pt\/#website\",\"url\":\"https:\/\/exceladvisor.org\/pt\/\",\"name\":\"Excel Advisor\",\"description\":\"O seu guia definitivo para dominar os dados!\",\"publisher\":{\"@id\":\"https:\/\/exceladvisor.org\/pt\/#organization\"},\"potentialAction\":[{\"@type\":\"SearchAction\",\"target\":{\"@type\":\"EntryPoint\",\"urlTemplate\":\"https:\/\/exceladvisor.org\/pt\/?s={search_term_string}\"},\"query-input\":{\"@type\":\"PropertyValueSpecification\",\"valueRequired\":true,\"valueName\":\"search_term_string\"}}],\"inLanguage\":\"pt-PT\"},{\"@type\":\"Organization\",\"@id\":\"https:\/\/exceladvisor.org\/pt\/#organization\",\"name\":\"Excel Advisor\",\"url\":\"https:\/\/exceladvisor.org\/pt\/\",\"logo\":{\"@type\":\"ImageObject\",\"inLanguage\":\"pt-PT\",\"@id\":\"https:\/\/exceladvisor.org\/pt\/#\/schema\/logo\/image\/\",\"url\":\"https:\/\/exceladvisor.org\/pt\/wp-content\/uploads\/2023\/12\/exceladvisor.org_.png\",\"contentUrl\":\"https:\/\/exceladvisor.org\/pt\/wp-content\/uploads\/2023\/12\/exceladvisor.org_.png\",\"width\":105,\"height\":36,\"caption\":\"Excel Advisor\"},\"image\":{\"@id\":\"https:\/\/exceladvisor.org\/pt\/#\/schema\/logo\/image\/\"}}]}<\/script>\n<!-- \/ Yoast SEO plugin. -->","yoast_head_json":{"title":"\u25b7 Como desenhar uma linha no Excel (Tutorial 2023)","description":"Neste tutorial aprenderemos como desenhar uma linha no Excel seguindo alguns passos r\u00e1pidos e f\u00e1ceis que voc\u00ea seguir\u00e1 em","robots":{"index":"index","follow":"follow","max-snippet":"max-snippet:-1","max-image-preview":"max-image-preview:large","max-video-preview":"max-video-preview:-1"},"canonical":"https:\/\/exceladvisor.org\/pt\/desenhe-uma-linha\/","og_locale":"pt_PT","og_type":"article","og_title":"\u25b7 Como desenhar uma linha no Excel (Tutorial 2023)","og_description":"Neste tutorial aprenderemos como desenhar uma linha no Excel seguindo alguns passos r\u00e1pidos e f\u00e1ceis que voc\u00ea seguir\u00e1 em","og_url":"https:\/\/exceladvisor.org\/pt\/desenhe-uma-linha\/","og_site_name":"Excel Advisor","article_modified_time":"2023-12-06T11:37:22+00:00","og_image":[{"url":"https:\/\/exceladvisor.org\/wp-content\/uploads\/2023\/08\/1-insert-formes.png","type":"","width":"","height":""}],"twitter_card":"summary_large_image","twitter_misc":{"Tempo estimado de leitura":"3 minutos"},"schema":{"@context":"https:\/\/schema.org","@graph":[{"@type":"WebPage","@id":"https:\/\/exceladvisor.org\/pt\/desenhe-uma-linha\/","url":"https:\/\/exceladvisor.org\/pt\/desenhe-uma-linha\/","name":"\u25b7 Como desenhar uma linha no Excel (Tutorial 2023)","isPartOf":{"@id":"https:\/\/exceladvisor.org\/pt\/#website"},"primaryImageOfPage":{"@id":"https:\/\/exceladvisor.org\/pt\/desenhe-uma-linha\/#primaryimage"},"image":{"@id":"https:\/\/exceladvisor.org\/pt\/desenhe-uma-linha\/#primaryimage"},"thumbnailUrl":"https:\/\/exceladvisor.org\/wp-content\/uploads\/2023\/08\/1-insert-formes.png","datePublished":"2023-11-14T18:15:32+00:00","dateModified":"2023-12-06T11:37:22+00:00","description":"Neste tutorial aprenderemos como desenhar uma linha no Excel seguindo alguns passos r\u00e1pidos e f\u00e1ceis que voc\u00ea seguir\u00e1 em","breadcrumb":{"@id":"https:\/\/exceladvisor.org\/pt\/desenhe-uma-linha\/#breadcrumb"},"inLanguage":"pt-PT","potentialAction":[{"@type":"ReadAction","target":["https:\/\/exceladvisor.org\/pt\/desenhe-uma-linha\/"]}]},{"@type":"ImageObject","inLanguage":"pt-PT","@id":"https:\/\/exceladvisor.org\/pt\/desenhe-uma-linha\/#primaryimage","url":"https:\/\/exceladvisor.org\/wp-content\/uploads\/2023\/08\/1-insert-formes.png","contentUrl":"https:\/\/exceladvisor.org\/wp-content\/uploads\/2023\/08\/1-insert-formes.png"},{"@type":"BreadcrumbList","@id":"https:\/\/exceladvisor.org\/pt\/desenhe-uma-linha\/#breadcrumb","itemListElement":[{"@type":"ListItem","position":1,"name":"Lar","item":"https:\/\/exceladvisor.org\/pt\/"},{"@type":"ListItem","position":2,"name":"Como desenhar uma linha no excel?"}]},{"@type":"WebSite","@id":"https:\/\/exceladvisor.org\/pt\/#website","url":"https:\/\/exceladvisor.org\/pt\/","name":"Excel Advisor","description":"O seu guia definitivo para dominar os dados!","publisher":{"@id":"https:\/\/exceladvisor.org\/pt\/#organization"},"potentialAction":[{"@type":"SearchAction","target":{"@type":"EntryPoint","urlTemplate":"https:\/\/exceladvisor.org\/pt\/?s={search_term_string}"},"query-input":{"@type":"PropertyValueSpecification","valueRequired":true,"valueName":"search_term_string"}}],"inLanguage":"pt-PT"},{"@type":"Organization","@id":"https:\/\/exceladvisor.org\/pt\/#organization","name":"Excel Advisor","url":"https:\/\/exceladvisor.org\/pt\/","logo":{"@type":"ImageObject","inLanguage":"pt-PT","@id":"https:\/\/exceladvisor.org\/pt\/#\/schema\/logo\/image\/","url":"https:\/\/exceladvisor.org\/pt\/wp-content\/uploads\/2023\/12\/exceladvisor.org_.png","contentUrl":"https:\/\/exceladvisor.org\/pt\/wp-content\/uploads\/2023\/12\/exceladvisor.org_.png","width":105,"height":36,"caption":"Excel Advisor"},"image":{"@id":"https:\/\/exceladvisor.org\/pt\/#\/schema\/logo\/image\/"}}]}},"yoast_meta":{"yoast_wpseo_title":"","yoast_wpseo_metadesc":"","yoast_wpseo_canonical":""},"_links":{"self":[{"href":"https:\/\/exceladvisor.org\/pt\/wp-json\/wp\/v2\/pages\/157","targetHints":{"allow":["GET"]}}],"collection":[{"href":"https:\/\/exceladvisor.org\/pt\/wp-json\/wp\/v2\/pages"}],"about":[{"href":"https:\/\/exceladvisor.org\/pt\/wp-json\/wp\/v2\/types\/page"}],"author":[{"embeddable":true,"href":"https:\/\/exceladvisor.org\/pt\/wp-json\/wp\/v2\/users\/1"}],"replies":[{"embeddable":true,"href":"https:\/\/exceladvisor.org\/pt\/wp-json\/wp\/v2\/comments?post=157"}],"version-history":[{"count":1,"href":"https:\/\/exceladvisor.org\/pt\/wp-json\/wp\/v2\/pages\/157\/revisions"}],"predecessor-version":[{"id":1033,"href":"https:\/\/exceladvisor.org\/pt\/wp-json\/wp\/v2\/pages\/157\/revisions\/1033"}],"wp:attachment":[{"href":"https:\/\/exceladvisor.org\/pt\/wp-json\/wp\/v2\/media?parent=157"}],"curies":[{"name":"wp","href":"https:\/\/api.w.org\/{rel}","templated":true}]}}