{"id":158,"date":"2023-11-14T17:21:13","date_gmt":"2023-11-14T17:21:13","guid":{"rendered":"https:\/\/exceladvisor.org\/pt\/contantes-countif-ou-logico\/"},"modified":"2023-12-06T11:44:00","modified_gmt":"2023-12-06T11:44:00","slug":"contantes-countif-ou-logico","status":"publish","type":"page","link":"https:\/\/exceladvisor.org\/pt\/contantes-countif-ou-logico\/","title":{"rendered":"Como usar a l\u00f3gica or em countif\/counifs no excel?"},"content":{"rendered":"<div class=\"excel-before-content-2\" id=\"excel-587246601\"><script type=\"text\/javascript\">\r\n\tatOptions = {\r\n\t\t'key' : 'c1158f160081d6540a8409e6925dab94',\r\n\t\t'format' : 'iframe',\r\n\t\t'height' : 250,\r\n\t\t'width' : 300,\r\n\t\t'params' : {}\r\n\t};\r\n<\/script>\r\n<script type=\"text\/javascript\" src=\"\/\/www.highperformanceformat.com\/c1158f160081d6540a8409e6925dab94\/invoke.js\"><\/script><\/div><div class=\"excel-before-content\" id=\"excel-4180580397\"><script type=\"text\/javascript\">\r\n\tatOptions = {\r\n\t\t'key' : 'c1158f160081d6540a8409e6925dab94',\r\n\t\t'format' : 'iframe',\r\n\t\t'height' : 250,\r\n\t\t'width' : 300,\r\n\t\t'params' : {}\r\n\t};\r\n<\/script>\r\n<script type=\"text\/javascript\" src=\"\/\/www.highperformanceformat.com\/c1158f160081d6540a8409e6925dab94\/invoke.js\"><\/script><\/div> <p>H\u00e1 alguns dias escrevi sobre como podemos usar <a style=\"outline: none;\" href=\"https:\/\/exceladvisor.org\/pt\/sumif-sumifs-ou-logica\/\">SUMIF OR<\/a> . E hoje quero mostrar que usando a mesma l\u00f3gica podemos criar uma f\u00f3rmula COUNT OR.<\/p><p> At\u00e9 n\u00f3s podemos criar crit\u00e9rios din\u00e2micos nesta f\u00f3rmula. Mas primeiro, deixe-me perguntar uma coisa.<\/p><p> Voc\u00ea j\u00e1 se deparou com uma situa\u00e7\u00e3o em que precisou contar v\u00e1rios valores de uma \u00fanica coluna ou intervalo de c\u00e9lulas?<\/p><p> Se sim, ent\u00e3o usar esta l\u00f3gica OR em COUNTIF\/COUNTIFS pode ser uma virada de jogo para voc\u00ea.<\/p><p> O problema \u00e9 que normalmente quando COUNTIF podemos apenas contar c\u00e9lulas especificando uma \u00fanica condi\u00e7\u00e3o e com COUNIFS podemos especificar m\u00faltiplas condi\u00e7\u00f5es, mas usa a l\u00f3gica AND para contar valores.<\/p><p> Isso significa que n\u00e3o podemos usar essas fun\u00e7\u00f5es para contar mais de um valor de uma \u00fanica coluna ou intervalo.<\/p><p> Mas hoje, neste artigo, gostaria de compartilhar com voc\u00eas uma maneira simples, mas poderosa, de aplicar a condi\u00e7\u00e3o OR em COUNIF.<\/p><p> Certifique-se de <a href=\"https:\/\/exceladvisor.org\/wp-content\/uploads\/2023\/08\/ou-logique-dans-les-donnees-countif-et-countifs.xlsx\" rel=\"nofollow\">baixar este arquivo de dados aqui<\/a> e agora vamos come\u00e7ar\u2026<\/p><h2 class=\"wp-block-heading\"> Como usar CONT.SE\/CONT.SE OU<\/h2><p> D\u00ea uma olhada nos dados abaixo, onde voc\u00ea tem uma lista de pessoas e suas plataformas de m\u00eddia social favoritas. <\/p><div class=\"wp-block-image\"><figure class=\"aligncenter\"><img decoding=\"async\" src=\"https:\/\/exceladvisor.org\/wp-content\/uploads\/2023\/08\/donnees-a-utiliser-ou-logique-dans-countif-et-countifs-1.png\" sizes=\"\" srcset=\"\" alt=\"dados para usar ou l\u00f3gica em countif e countifs\"><\/figure><\/div><p> Agora, dessa lista de 50 pessoas, voc\u00ea precisa contar quantas pessoas gostam de \u201cFacebook\u201d e \u201cTwitter\u201d. Se quiser usar COUNIF, insira a f\u00f3rmula abaixo em uma c\u00e9lula e pressione Enter. <\/p><pre class=\"wp-block-code\"> <code class=\"language-excel-formula\" lang=\"excel-formula\">=SUM(COUNTIF(B2:B51,{\"Facebook\",\"Twitter\"}))<\/code><\/pre><p class=\"has-text-align-center\"><img loading=\"lazy\" decoding=\"async\" src=\"https:\/\/exceladvisor.org\/wp-content\/uploads\/2023\/08\/formule-countif-a-utiliser-ou-logique-dans-countif-et-countifs-1.png\" sizes=\"auto, \" srcset=\"\" alt=\"f\u00f3rmula countif para usar ou l\u00f3gica em countif e countifs\" width=\"721\" height=\"278\" data-id=\"11715\"><\/p><p> E, se quiser usar COUNIFS, insira a f\u00f3rmula abaixo em uma c\u00e9lula e pressione Enter. <\/p><pre class=\"wp-block-code\"> <code class=\"language-excel-formula\" lang=\"excel-formula\">=SUM(COUNTIFS(B2:B51,{\"Twitter\",\"Facebook\"}))<\/code><\/pre><p class=\"has-text-align-center\"><img loading=\"lazy\" decoding=\"async\" src=\"https:\/\/exceladvisor.org\/wp-content\/uploads\/2023\/08\/formule-countifs-a-utiliser-ou-logique-dans-countif-et-countifs-1.png\" sizes=\"auto, \" srcset=\"\" alt=\"f\u00f3rmula de contagem para usar ou l\u00f3gica em contagem e contagem\" width=\"716\" height=\"277\" data-id=\"11716\"><\/p><p> Com as duas f\u00f3rmulas acima voc\u00ea obter\u00e1 25 no resultado que \u00e9 o n\u00famero de Facebook (17) + Twitter (8) combinados.<\/p><h2 class=\"wp-block-heading\"> Como funciona<\/h2><p> Como mencionei anteriormente, COUNTIFS usa a l\u00f3gica AND e por outro lado, em COUNIF voc\u00ea s\u00f3 pode especificar um valor para contar.<\/p><p> Para entender a aplica\u00e7\u00e3o de OR com essas fun\u00e7\u00f5es, \u00e9 necess\u00e1rio dividir esta f\u00f3rmula em tr\u00eas partes. <\/p><div class=\"wp-block-image\"><figure class=\"aligncenter\"><img decoding=\"async\" src=\"https:\/\/exceladvisor.org\/wp-content\/uploads\/2023\/08\/comment-fonctionne-countif-ou-formule.png\" sizes=\"\" srcset=\"\" alt=\"como funciona o countif ou a f\u00f3rmula\"><\/figure><\/div><ol><li> Em primeiro lugar, utilizamos dois crit\u00e9rios diferentes nesta f\u00f3rmula utilizando o conceito de tabela.<\/li><li> E depois disso usamos COUNTIFS para encontrar esses dois valores.<\/li><li> No final, inclu\u00edmos toda a f\u00f3rmula na fun\u00e7\u00e3o SOMA para obter o n\u00famero conjunto dos dois valores.<\/li><\/ol><p> Aqui expliquei esse conceito em CONT.SE, mas a f\u00f3rmula CONT.SE funcionar\u00e1 da mesma maneira.<\/p><h2 class=\"wp-block-heading\"> Condi\u00e7\u00e3o OU din\u00e2mica<\/h2><p> Quando expliquei o uso <a href=\"https:\/\/exceladvisor.org\/pt\/sumif-sumifs-ou-logica\/\">de OR em SUMIF\/SUMIFS<\/a> , Shay me perguntou como usar valores din\u00e2micos em vez de valores graves nesta f\u00f3rmula. <\/p><div class=\"wp-block-image\"><figure class=\"aligncenter\"><img decoding=\"async\" src=\"https:\/\/exceladvisor.org\/wp-content\/uploads\/2023\/08\/utiliser-ou-logique-dans-countif-et-countifs-shay-comment-1.png\" sizes=\"\" srcset=\"\" alt=\"uso ou l\u00f3gica em countif e countifs shay comment\"><\/figure><\/div><p> E para fazer isso, voc\u00ea s\u00f3 precisa fazer duas pequenas altera\u00e7\u00f5es na sua f\u00f3rmula.<\/p><ol><li> A primeira \u00e9 que em vez de usar colchetes, voc\u00ea deve usar um intervalo nomeado (a melhor maneira \u00e9 usar um array) de seus valores.<\/li><li> E depois disso voc\u00ea precisa inserir esta f\u00f3rmula usando Ctrl+Shift+Enter como f\u00f3rmula de matriz adequada.<\/li><\/ol><p> Ent\u00e3o agora sua f\u00f3rmula ser\u00e1: <\/p><pre class=\"wp-block-code\"> <code class=\"language-excel-formula\" lang=\"excel-formula\">{=SUM(COUNTIFS(B2:B51,Named_Range))}<\/code><\/pre><p class=\"has-text-align-center\"><img loading=\"lazy\" decoding=\"async\" src=\"https:\/\/exceladvisor.org\/wp-content\/uploads\/2023\/08\/plage-dynamique-a-utiliser-ou-logique-dans-countif-et-countifs-1.png\" sizes=\"auto, \" srcset=\"\" alt=\"faixa din\u00e2mica para usar ou l\u00f3gica em countif e countifs\" width=\"724\" height=\"368\" data-id=\"11718\"><\/p><div class=\"gb-container gb-container-52dfcee1 gb-container-sample-file\"><h2 class=\"gb-headline gb-headline-e289c143 gb-headline-text gb-headline-4f7959c2\"> Obtenha o arquivo Excel<\/h2> <a class=\"gb-button gb-button-e88d6bee gb-button-text gb-button-button1\" href=\"https:\/\/exceladvisor.org\/wp-content\/uploads\/2023\/08\/ou-logique-dans-countif-et-countifs.xlsx\" rel=\"nofollow\">Download<\/a><\/div><h2 class=\"wp-block-heading\"> Conclus\u00e3o<\/h2><p> Usar a l\u00f3gica OR em COUNIF\/COUNIFS pode aumentar seu poder e evitar que voc\u00ea escreva f\u00f3rmulas longas.<\/p><p> E usar crit\u00e9rios din\u00e2micos \u00e9 incr\u00edvel. Voc\u00ea pode alterar os valores a qualquer momento, sem alterar a f\u00f3rmula.<\/p><p> Espero que voc\u00ea tenha achado essas dicas de f\u00f3rmulas \u00fateis e que elas o ajudem a se tornar mais eficaz em seu trabalho.<\/p><p> Ent\u00e3o, o que voc\u00ea acha deste?<\/p><p> <strong>Voc\u00ea j\u00e1 tentou isso antes?<\/strong><\/p><p> Compartilhe suas id\u00e9ias comigo na se\u00e7\u00e3o de coment\u00e1rios, eu adoraria ouvir de voc\u00ea. E n\u00e3o esque\u00e7a de compartilhar essa dica com seus amigos.<\/p><div class=\"gb-container gb-container-0df56012 gb-container-mt\"> <a class=\"gb-button gb-button-f9f432f4 gb-button-text gb-button-mt-button\" href=\"https:\/\/exceladvisor.org\/pt\/formulas\/\">Lista de f\u00f3rmulas do Excel<\/a><h2 class=\"gb-headline gb-headline-233444e8 gb-headline-text gb-headline-mt-heading\"> F\u00f3rmulas relacionadas <\/h2><div class=\"gb-grid-wrapper gb-grid-wrapper-a16fa65c gb-grid-wrapper-mt-grid\"><div class=\"gb-grid-column gb-grid-column-50d07e0d\"><div class=\"gb-container gb-container-50d07e0d\"><ul><li> <a href=\"https:\/\/exceladvisor.org\/pt\/contar-entre-dois-numeros\/\">Conte entre dois n\u00fameros (COUNTIFS) no Excel<\/a><\/li><li> <a href=\"https:\/\/exceladvisor.org\/pt\/numero-de-celulas-vazias\/\">Conte c\u00e9lulas em branco (em branco) usando CONT.SE no Excel<\/a><\/li><li> <a href=\"https:\/\/exceladvisor.org\/pt\/conte-se-for-menor-que\/\">Contar c\u00e9lulas menores que um valor espec\u00edfico (CONT.SE) no Excel<\/a><\/li><li> <a href=\"https:\/\/exceladvisor.org\/pt\/contar-celulas-diferentes-de\/\">Contar c\u00e9lulas diferentes do Excel (COUNTIF)<\/a> <\/li><\/ul><\/div><\/div><div class=\"gb-grid-column gb-grid-column-5b4a0cf9\"><div class=\"gb-container gb-container-5b4a0cf9\"><\/div><\/div><\/div><\/div>","protected":false},"excerpt":{"rendered":"","protected":false},"author":1,"featured_media":0,"parent":0,"menu_order":0,"comment_status":"open","ping_status":"closed","template":"","meta":{"ub_ctt_via":"","footnotes":""},"class_list":["post-158","page","type-page","status-publish","hentry"],"featured_image_src":null,"yoast_head":"<!-- This site is optimized with the Yoast SEO plugin v25.4 - https:\/\/yoast.com\/wordpress\/plugins\/seo\/ -->\n<title>Como usar a l\u00f3gica OR em COUNTIF\/COUNIFS no Excel?<\/title>\n<meta name=\"description\" content=\"Neste artigo, voc\u00ea aprender\u00e1 como contar v\u00e1rios valores usando a l\u00f3gica OR nas fun\u00e7\u00f5es CONT.SE e CONT.SE.\" \/>\n<meta name=\"robots\" content=\"index, follow, max-snippet:-1, max-image-preview:large, max-video-preview:-1\" \/>\n<link rel=\"canonical\" href=\"https:\/\/exceladvisor.org\/pt\/contantes-countif-ou-logico\/\" \/>\n<meta property=\"og:locale\" content=\"pt_PT\" \/>\n<meta property=\"og:type\" content=\"article\" \/>\n<meta property=\"og:title\" content=\"Como usar a l\u00f3gica OR em COUNTIF\/COUNIFS no Excel?\" \/>\n<meta property=\"og:description\" content=\"Neste artigo, voc\u00ea aprender\u00e1 como contar v\u00e1rios valores usando a l\u00f3gica OR nas fun\u00e7\u00f5es CONT.SE e CONT.SE.\" \/>\n<meta property=\"og:url\" content=\"https:\/\/exceladvisor.org\/pt\/contantes-countif-ou-logico\/\" \/>\n<meta property=\"og:site_name\" content=\"Excel Advisor\" \/>\n<meta property=\"article:modified_time\" content=\"2023-12-06T11:44:00+00:00\" \/>\n<meta property=\"og:image\" content=\"https:\/\/exceladvisor.org\/wp-content\/uploads\/2023\/08\/donnees-a-utiliser-ou-logique-dans-countif-et-countifs-1.png\" \/>\n<meta name=\"twitter:card\" content=\"summary_large_image\" \/>\n<meta name=\"twitter:label1\" content=\"Tempo estimado de leitura\" \/>\n\t<meta name=\"twitter:data1\" content=\"3 minutos\" \/>\n<script type=\"application\/ld+json\" class=\"yoast-schema-graph\">{\"@context\":\"https:\/\/schema.org\",\"@graph\":[{\"@type\":\"WebPage\",\"@id\":\"https:\/\/exceladvisor.org\/pt\/contantes-countif-ou-logico\/\",\"url\":\"https:\/\/exceladvisor.org\/pt\/contantes-countif-ou-logico\/\",\"name\":\"Como usar a l\u00f3gica OR em COUNTIF\/COUNIFS no Excel?\",\"isPartOf\":{\"@id\":\"https:\/\/exceladvisor.org\/pt\/#website\"},\"primaryImageOfPage\":{\"@id\":\"https:\/\/exceladvisor.org\/pt\/contantes-countif-ou-logico\/#primaryimage\"},\"image\":{\"@id\":\"https:\/\/exceladvisor.org\/pt\/contantes-countif-ou-logico\/#primaryimage\"},\"thumbnailUrl\":\"https:\/\/exceladvisor.org\/wp-content\/uploads\/2023\/08\/donnees-a-utiliser-ou-logique-dans-countif-et-countifs-1.png\",\"datePublished\":\"2023-11-14T17:21:13+00:00\",\"dateModified\":\"2023-12-06T11:44:00+00:00\",\"description\":\"Neste artigo, voc\u00ea aprender\u00e1 como contar v\u00e1rios valores usando a l\u00f3gica OR nas fun\u00e7\u00f5es CONT.SE e CONT.SE.\",\"breadcrumb\":{\"@id\":\"https:\/\/exceladvisor.org\/pt\/contantes-countif-ou-logico\/#breadcrumb\"},\"inLanguage\":\"pt-PT\",\"potentialAction\":[{\"@type\":\"ReadAction\",\"target\":[\"https:\/\/exceladvisor.org\/pt\/contantes-countif-ou-logico\/\"]}]},{\"@type\":\"ImageObject\",\"inLanguage\":\"pt-PT\",\"@id\":\"https:\/\/exceladvisor.org\/pt\/contantes-countif-ou-logico\/#primaryimage\",\"url\":\"https:\/\/exceladvisor.org\/wp-content\/uploads\/2023\/08\/donnees-a-utiliser-ou-logique-dans-countif-et-countifs-1.png\",\"contentUrl\":\"https:\/\/exceladvisor.org\/wp-content\/uploads\/2023\/08\/donnees-a-utiliser-ou-logique-dans-countif-et-countifs-1.png\"},{\"@type\":\"BreadcrumbList\",\"@id\":\"https:\/\/exceladvisor.org\/pt\/contantes-countif-ou-logico\/#breadcrumb\",\"itemListElement\":[{\"@type\":\"ListItem\",\"position\":1,\"name\":\"Lar\",\"item\":\"https:\/\/exceladvisor.org\/pt\/\"},{\"@type\":\"ListItem\",\"position\":2,\"name\":\"Como usar a l\u00f3gica or em countif\/counifs no excel?\"}]},{\"@type\":\"WebSite\",\"@id\":\"https:\/\/exceladvisor.org\/pt\/#website\",\"url\":\"https:\/\/exceladvisor.org\/pt\/\",\"name\":\"Excel Advisor\",\"description\":\"O seu guia definitivo para dominar os dados!\",\"publisher\":{\"@id\":\"https:\/\/exceladvisor.org\/pt\/#organization\"},\"potentialAction\":[{\"@type\":\"SearchAction\",\"target\":{\"@type\":\"EntryPoint\",\"urlTemplate\":\"https:\/\/exceladvisor.org\/pt\/?s={search_term_string}\"},\"query-input\":{\"@type\":\"PropertyValueSpecification\",\"valueRequired\":true,\"valueName\":\"search_term_string\"}}],\"inLanguage\":\"pt-PT\"},{\"@type\":\"Organization\",\"@id\":\"https:\/\/exceladvisor.org\/pt\/#organization\",\"name\":\"Excel Advisor\",\"url\":\"https:\/\/exceladvisor.org\/pt\/\",\"logo\":{\"@type\":\"ImageObject\",\"inLanguage\":\"pt-PT\",\"@id\":\"https:\/\/exceladvisor.org\/pt\/#\/schema\/logo\/image\/\",\"url\":\"https:\/\/exceladvisor.org\/pt\/wp-content\/uploads\/2023\/12\/exceladvisor.org_.png\",\"contentUrl\":\"https:\/\/exceladvisor.org\/pt\/wp-content\/uploads\/2023\/12\/exceladvisor.org_.png\",\"width\":105,\"height\":36,\"caption\":\"Excel Advisor\"},\"image\":{\"@id\":\"https:\/\/exceladvisor.org\/pt\/#\/schema\/logo\/image\/\"}}]}<\/script>\n<!-- \/ Yoast SEO plugin. -->","yoast_head_json":{"title":"Como usar a l\u00f3gica OR em COUNTIF\/COUNIFS no Excel?","description":"Neste artigo, voc\u00ea aprender\u00e1 como contar v\u00e1rios valores usando a l\u00f3gica OR nas fun\u00e7\u00f5es CONT.SE e CONT.SE.","robots":{"index":"index","follow":"follow","max-snippet":"max-snippet:-1","max-image-preview":"max-image-preview:large","max-video-preview":"max-video-preview:-1"},"canonical":"https:\/\/exceladvisor.org\/pt\/contantes-countif-ou-logico\/","og_locale":"pt_PT","og_type":"article","og_title":"Como usar a l\u00f3gica OR em COUNTIF\/COUNIFS no Excel?","og_description":"Neste artigo, voc\u00ea aprender\u00e1 como contar v\u00e1rios valores usando a l\u00f3gica OR nas fun\u00e7\u00f5es CONT.SE e CONT.SE.","og_url":"https:\/\/exceladvisor.org\/pt\/contantes-countif-ou-logico\/","og_site_name":"Excel Advisor","article_modified_time":"2023-12-06T11:44:00+00:00","og_image":[{"url":"https:\/\/exceladvisor.org\/wp-content\/uploads\/2023\/08\/donnees-a-utiliser-ou-logique-dans-countif-et-countifs-1.png","type":"","width":"","height":""}],"twitter_card":"summary_large_image","twitter_misc":{"Tempo estimado de leitura":"3 minutos"},"schema":{"@context":"https:\/\/schema.org","@graph":[{"@type":"WebPage","@id":"https:\/\/exceladvisor.org\/pt\/contantes-countif-ou-logico\/","url":"https:\/\/exceladvisor.org\/pt\/contantes-countif-ou-logico\/","name":"Como usar a l\u00f3gica OR em COUNTIF\/COUNIFS no Excel?","isPartOf":{"@id":"https:\/\/exceladvisor.org\/pt\/#website"},"primaryImageOfPage":{"@id":"https:\/\/exceladvisor.org\/pt\/contantes-countif-ou-logico\/#primaryimage"},"image":{"@id":"https:\/\/exceladvisor.org\/pt\/contantes-countif-ou-logico\/#primaryimage"},"thumbnailUrl":"https:\/\/exceladvisor.org\/wp-content\/uploads\/2023\/08\/donnees-a-utiliser-ou-logique-dans-countif-et-countifs-1.png","datePublished":"2023-11-14T17:21:13+00:00","dateModified":"2023-12-06T11:44:00+00:00","description":"Neste artigo, voc\u00ea aprender\u00e1 como contar v\u00e1rios valores usando a l\u00f3gica OR nas fun\u00e7\u00f5es CONT.SE e CONT.SE.","breadcrumb":{"@id":"https:\/\/exceladvisor.org\/pt\/contantes-countif-ou-logico\/#breadcrumb"},"inLanguage":"pt-PT","potentialAction":[{"@type":"ReadAction","target":["https:\/\/exceladvisor.org\/pt\/contantes-countif-ou-logico\/"]}]},{"@type":"ImageObject","inLanguage":"pt-PT","@id":"https:\/\/exceladvisor.org\/pt\/contantes-countif-ou-logico\/#primaryimage","url":"https:\/\/exceladvisor.org\/wp-content\/uploads\/2023\/08\/donnees-a-utiliser-ou-logique-dans-countif-et-countifs-1.png","contentUrl":"https:\/\/exceladvisor.org\/wp-content\/uploads\/2023\/08\/donnees-a-utiliser-ou-logique-dans-countif-et-countifs-1.png"},{"@type":"BreadcrumbList","@id":"https:\/\/exceladvisor.org\/pt\/contantes-countif-ou-logico\/#breadcrumb","itemListElement":[{"@type":"ListItem","position":1,"name":"Lar","item":"https:\/\/exceladvisor.org\/pt\/"},{"@type":"ListItem","position":2,"name":"Como usar a l\u00f3gica or em countif\/counifs no excel?"}]},{"@type":"WebSite","@id":"https:\/\/exceladvisor.org\/pt\/#website","url":"https:\/\/exceladvisor.org\/pt\/","name":"Excel Advisor","description":"O seu guia definitivo para dominar os dados!","publisher":{"@id":"https:\/\/exceladvisor.org\/pt\/#organization"},"potentialAction":[{"@type":"SearchAction","target":{"@type":"EntryPoint","urlTemplate":"https:\/\/exceladvisor.org\/pt\/?s={search_term_string}"},"query-input":{"@type":"PropertyValueSpecification","valueRequired":true,"valueName":"search_term_string"}}],"inLanguage":"pt-PT"},{"@type":"Organization","@id":"https:\/\/exceladvisor.org\/pt\/#organization","name":"Excel Advisor","url":"https:\/\/exceladvisor.org\/pt\/","logo":{"@type":"ImageObject","inLanguage":"pt-PT","@id":"https:\/\/exceladvisor.org\/pt\/#\/schema\/logo\/image\/","url":"https:\/\/exceladvisor.org\/pt\/wp-content\/uploads\/2023\/12\/exceladvisor.org_.png","contentUrl":"https:\/\/exceladvisor.org\/pt\/wp-content\/uploads\/2023\/12\/exceladvisor.org_.png","width":105,"height":36,"caption":"Excel Advisor"},"image":{"@id":"https:\/\/exceladvisor.org\/pt\/#\/schema\/logo\/image\/"}}]}},"yoast_meta":{"yoast_wpseo_title":"","yoast_wpseo_metadesc":"","yoast_wpseo_canonical":""},"_links":{"self":[{"href":"https:\/\/exceladvisor.org\/pt\/wp-json\/wp\/v2\/pages\/158","targetHints":{"allow":["GET"]}}],"collection":[{"href":"https:\/\/exceladvisor.org\/pt\/wp-json\/wp\/v2\/pages"}],"about":[{"href":"https:\/\/exceladvisor.org\/pt\/wp-json\/wp\/v2\/types\/page"}],"author":[{"embeddable":true,"href":"https:\/\/exceladvisor.org\/pt\/wp-json\/wp\/v2\/users\/1"}],"replies":[{"embeddable":true,"href":"https:\/\/exceladvisor.org\/pt\/wp-json\/wp\/v2\/comments?post=158"}],"version-history":[{"count":1,"href":"https:\/\/exceladvisor.org\/pt\/wp-json\/wp\/v2\/pages\/158\/revisions"}],"predecessor-version":[{"id":1337,"href":"https:\/\/exceladvisor.org\/pt\/wp-json\/wp\/v2\/pages\/158\/revisions\/1337"}],"wp:attachment":[{"href":"https:\/\/exceladvisor.org\/pt\/wp-json\/wp\/v2\/media?parent=158"}],"curies":[{"name":"wp","href":"https:\/\/api.w.org\/{rel}","templated":true}]}}