{"id":159,"date":"2023-11-14T17:14:32","date_gmt":"2023-11-14T17:14:32","guid":{"rendered":"https:\/\/exceladvisor.org\/pt\/verificador-ortografico\/"},"modified":"2023-12-06T11:50:25","modified_gmt":"2023-12-06T11:50:25","slug":"verificador-ortografico","status":"publish","type":"page","link":"https:\/\/exceladvisor.org\/pt\/verificador-ortografico\/","title":{"rendered":"Como verificar a ortografia no excel?"},"content":{"rendered":"<div class=\"excel-before-content-2\" id=\"excel-3388876747\"><script type=\"text\/javascript\">\r\n\tatOptions = {\r\n\t\t'key' : 'c1158f160081d6540a8409e6925dab94',\r\n\t\t'format' : 'iframe',\r\n\t\t'height' : 250,\r\n\t\t'width' : 300,\r\n\t\t'params' : {}\r\n\t};\r\n<\/script>\r\n<script type=\"text\/javascript\" src=\"\/\/www.highperformanceformat.com\/c1158f160081d6540a8409e6925dab94\/invoke.js\"><\/script><\/div><div class=\"excel-before-content\" id=\"excel-1678400687\"><script type=\"text\/javascript\">\r\n\tatOptions = {\r\n\t\t'key' : 'c1158f160081d6540a8409e6925dab94',\r\n\t\t'format' : 'iframe',\r\n\t\t'height' : 250,\r\n\t\t'width' : 300,\r\n\t\t'params' : {}\r\n\t};\r\n<\/script>\r\n<script type=\"text\/javascript\" src=\"\/\/www.highperformanceformat.com\/c1158f160081d6540a8409e6925dab94\/invoke.js\"><\/script><\/div> <p>Assim como o Microsoft Word, o Excel tamb\u00e9m possui um recurso de verifica\u00e7\u00e3o ortogr\u00e1fica, mas a maioria dos usu\u00e1rios do Excel n\u00e3o conhece ou usa esse recurso porque o Excel \u00e9 usado principalmente para valores num\u00e9ricos em vez de dados de texto.<\/p><p> A verifica\u00e7\u00e3o ortogr\u00e1fica no Excel identifica a palavra com erro ortogr\u00e1fico e os usu\u00e1rios podem corrigi-la usando este recurso de verifica\u00e7\u00e3o ortogr\u00e1fica.<\/p><p> Se compararmos, a verifica\u00e7\u00e3o ortogr\u00e1fica no Excel n\u00e3o \u00e9 muito avan\u00e7ada como no Word onde verifica erros gramaticais, palavras com erros ortogr\u00e1ficos e sublinha palavras incorretas, mas ainda assim \u00e9 uma boa op\u00e7\u00e3o para os usu\u00e1rios do Excel executarem esta verifica\u00e7\u00e3o para identificar palavras com erros ortogr\u00e1ficos e corrigi-las .<\/p><h2 class=\"wp-block-heading\"> Execute a verifica\u00e7\u00e3o ortogr\u00e1fica no Excel<\/h2><ol><li> Primeiro, selecione a c\u00e9lula a partir da qual deseja executar a verifica\u00e7\u00e3o ortogr\u00e1fica ou selecione a c\u00e9lula A1 para executar a verifica\u00e7\u00e3o ortogr\u00e1fica em toda a planilha.<\/li><li> Depois disso, v\u00e1 para a guia \u201cRevis\u00e3o\u201d e clique no \u00edcone \u201cOrtografia\u201d no grupo \u201cVerifica\u00e7\u00e3o\u201d na faixa de op\u00e7\u00f5es ou pressione F7 como tecla de atalho para verifica\u00e7\u00e3o ortogr\u00e1fica. <br><img loading=\"lazy\" decoding=\"async\" title=\"verifica\u00e7\u00e3o ortogr\u00e1fica em 1 execu\u00e7\u00e3o\" src=\"https:\/\/exceladvisor.org\/wp-content\/uploads\/2023\/08\/1-verification-orthographique.png\" sizes=\"auto, \" srcset=\"\" alt=\"run-spell-check\" width=\"444\" height=\"156\"><\/li><li> Depois de clicar em \u201cOrtografia\u201d, a verifica\u00e7\u00e3o ortogr\u00e1fica ser\u00e1 iniciada e se voc\u00ea encontrar uma palavra com erro ortogr\u00e1fico, a caixa de di\u00e1logo de ortografia ser\u00e1 aberta.<\/li><li> A caixa de di\u00e1logo de ortografia oferece v\u00e1rias op\u00e7\u00f5es de sugest\u00f5es para escolher uma delas com base na palavra com erro ortogr\u00e1fico, com v\u00e1rias a\u00e7\u00f5es a serem executadas para essa palavra, como \u201cIgnorar uma vez, editar, adicionar ao dicion\u00e1rio\u201d e muitas outras op\u00e7\u00f5es. outros. <br><img loading=\"lazy\" decoding=\"async\" title=\"2-Caixa de di\u00e1logo de verifica\u00e7\u00e3o ortogr\u00e1fica\" src=\"https:\/\/exceladvisor.org\/wp-content\/uploads\/2023\/08\/2-boite-de-dialogue-de-verification-orthographique.png\" sizes=\"auto, \" srcset=\"\" alt=\"spell-check-dialog-box\" width=\"509\" height=\"302\"><\/li><li> Agora voc\u00ea pode escolher a sugest\u00e3o e clicar em \u201cEditar\u201d para atualizar a palavra com erro ortogr\u00e1fico apenas desta vez ou pode clicar em \u201cIgnorar uma vez\u201d para ignorar esta palavra com erro ortogr\u00e1fico apenas desta vez ou clicar em \u201cAdicionar ao dicion\u00e1rio\u201d para adicionar esta palavra \u00e0 ortografia dicion\u00e1rio.<\/li><li> Depois de concluir todas as palavras com erros ortogr\u00e1ficos, ser\u00e1 exibida uma caixa de di\u00e1logo informando que a verifica\u00e7\u00e3o ortogr\u00e1fica foi conclu\u00edda e clique em OK. <br><img loading=\"lazy\" decoding=\"async\" title=\"3 verifica\u00e7\u00f5es ortogr\u00e1ficas conclu\u00eddas\" src=\"https:\/\/exceladvisor.org\/wp-content\/uploads\/2023\/08\/3-verification-orthographique-terminee.png\" sizes=\"auto, \" srcset=\"\" alt=\"spell-check-complete\" width=\"284\" height=\"125\"><\/li><\/ol><h2 class=\"wp-block-heading\"> Op\u00e7\u00f5es de di\u00e1logo de verifica\u00e7\u00e3o ortogr\u00e1fica<\/h2><ol><li> <strong>Ignorar uma vez:<\/strong> ignora a palavra encontrada com erro ortogr\u00e1fico apenas uma vez, o que significa que se a mesma palavra se repetir na planilha, ele a encontrar\u00e1 novamente com erro ortogr\u00e1fico.<\/li><li> <strong>Ignorar tudo:<\/strong> ignora a palavra encontrada com erro ortogr\u00e1fico em todas as inst\u00e2ncias e n\u00e3o exibir\u00e1 mais essa palavra repetida como incorreta na planilha.<\/li><li> <strong>Adicionar ao Dicion\u00e1rio:<\/strong> Se voc\u00ea precisar usar uma palavra id\u00eantica \u00e0 que voc\u00ea digitou (principalmente no caso de abreviaturas), mas a verifica\u00e7\u00e3o ortogr\u00e1fica identificar essa palavra como incorreta, voc\u00ea pode adicionar essa palavra ao dicion\u00e1rio para verificar a ortografia para que toda vez que voc\u00ea usar esta palavra, o corretor ortogr\u00e1fico n\u00e3o a encontrar\u00e1 como incorreta.<\/li><li> <strong>Editar:<\/strong> substitui a palavra com erro ortogr\u00e1fico pela sugest\u00e3o selecionada entre as sugest\u00f5es dispon\u00edveis para essa palavra com erro ortogr\u00e1fico.<\/li><li> <strong>Alterar tudo:<\/strong> altere a ocorr\u00eancia da palavra com erro ortogr\u00e1fico com a sugest\u00e3o selecionada.<\/li><li> <strong>Corre\u00e7\u00e3o autom\u00e1tica:<\/strong> edite a palavra com erro ortogr\u00e1fico com a sugest\u00e3o e adicione essa sugest\u00e3o na lista de corre\u00e7\u00e3o autom\u00e1tica e sempre que voc\u00ea inserir a palavra com erro ortogr\u00e1fico, o corretor ortogr\u00e1fico corrige automaticamente essa palavra com a sugest\u00e3o pr\u00e9-selecionada.<\/li><\/ol><h2 class=\"wp-block-heading\"> Alterar as configura\u00e7\u00f5es de verifica\u00e7\u00e3o ortogr\u00e1fica padr\u00e3o no Excel<\/h2><p> A verifica\u00e7\u00e3o ortogr\u00e1fica no Excel tem algumas configura\u00e7\u00f5es padr\u00e3o que os usu\u00e1rios podem alterar fazendo o seguinte:<\/p><ol><li> Primeiro, clique no bot\u00e3o \u201cOp\u00e7\u00f5es\u201d na caixa de di\u00e1logo de verifica\u00e7\u00e3o ortogr\u00e1fica. <br><img loading=\"lazy\" decoding=\"async\" title=\"4 op\u00e7\u00f5es de di\u00e1logo de verifica\u00e7\u00e3o ortogr\u00e1fica\" src=\"https:\/\/exceladvisor.org\/wp-content\/uploads\/2023\/08\/4-options-de-boite-de-dialogue-de-verification-orthographique.png\" sizes=\"auto, \" srcset=\"\" alt=\"spell-check-dialog-box-options\" width=\"498\" height=\"296\"><\/li><li> Depois de clicar em \u201cOp\u00e7\u00f5es\u201d, a caixa de di\u00e1logo \u201cOp\u00e7\u00f5es do Excel\u201d ser\u00e1 aberta, onde voc\u00ea pode alterar a configura\u00e7\u00e3o padr\u00e3o.<\/li><li> Agora, desmarque ou marque as op\u00e7\u00f5es de configura\u00e7\u00e3o padr\u00e3o que deseja alterar e clique em OK. <br><img loading=\"lazy\" decoding=\"async\" title=\"5 op\u00e7\u00f5es de verifica\u00e7\u00e3o ortogr\u00e1fica padr\u00e3o\" src=\"https:\/\/exceladvisor.org\/wp-content\/uploads\/2023\/08\/5-options-de-verification-orthographique-par-defaut.png\" sizes=\"auto, \" srcset=\"\" alt=\"spell-check-default-options\" width=\"626\" height=\"514\"><\/li><\/ol><h2 class=\"wp-block-heading\"> Aprendizado:<\/h2><ol><li> A verifica\u00e7\u00e3o ortogr\u00e1fica identifica apenas palavras com erros ortogr\u00e1ficos.<\/li><li> A verifica\u00e7\u00e3o ortogr\u00e1fica n\u00e3o identifica palavras em mai\u00fasculas e palavras com a combina\u00e7\u00e3o de n\u00fameros at\u00e9 que voc\u00ea desmarque essas op\u00e7\u00f5es de configura\u00e7\u00e3o padr\u00e3o.<\/li><li> A verifica\u00e7\u00e3o ortogr\u00e1fica n\u00e3o identifica palavras nas f\u00f3rmulas do Excel.<\/li><li> A verifica\u00e7\u00e3o ortogr\u00e1fica \u00e9 executada da esquerda para a direita, linha por linha.<\/li><li> Se voc\u00ea clicar em qualquer c\u00e9lula diferente de A1 e executar a verifica\u00e7\u00e3o ortogr\u00e1fica, as c\u00e9lulas \u00e0 esquerda da coluna selecionada nessa linha ser\u00e3o ignoradas.<\/li><li> Se voc\u00ea selecionar v\u00e1rias c\u00e9lulas e executar a verifica\u00e7\u00e3o ortogr\u00e1fica, ela ser\u00e1 executada apenas nas c\u00e9lulas selecionadas.<\/li><li> A verifica\u00e7\u00e3o ortogr\u00e1fica mostra as palavras com erros ortogr\u00e1ficos, uma por uma, o que significa que em qualquer c\u00e9lula que encontrar um erro, ele abrir\u00e1 uma caixa de di\u00e1logo de verifica\u00e7\u00e3o ortogr\u00e1fica para agir sobre esse erro e, depois de verificar isso, mostrar\u00e1 o pr\u00f3ximo erro ortogr\u00e1fico, se apenas.<\/li><\/ol><div class=\"gb-container gb-container-4db6181c gb-container-mt\"> <a class=\"gb-button gb-button-c5897111 gb-button-text gb-button-mt-button\" href=\"https:\/\/exceladvisor.org\/pt\/nocoes-basicas-de-excel\/\">No\u00e7\u00f5es b\u00e1sicas do Microsoft Excel (componentes, pe\u00e7as e notas de conhecimento)<\/a><h2 class=\"gb-headline gb-headline-665e5f6b gb-headline-text gb-headline-mt-heading\"> Tutoriais relacionados <\/h2><div class=\"gb-grid-wrapper gb-grid-wrapper-a20baf7c gb-grid-wrapper-mt-grid\"><div class=\"gb-grid-column gb-grid-column-65ddf67e\"><div class=\"gb-container gb-container-65ddf67e\"><ul><li> <a href=\"https:\/\/exceladvisor.org\/pt\/desenhe-uma-linha\/\">Desenhe uma linha no Excel<\/a><\/li><li> <a href=\"https:\/\/exceladvisor.org\/pt\/adicionar-um-botao\/\">Adicionar um bot\u00e3o no Excel<\/a><\/li><li> <a href=\"https:\/\/exceladvisor.org\/pt\/fundir-celulas-dissociadas\/\">Mesclar \u2013 desagrupar c\u00e9lulas no Excel<\/a><\/li><li> <a href=\"https:\/\/exceladvisor.org\/pt\/cancelamento\/\">Aumentar e diminuir o recuo no Excel<\/a><\/li><li> <a href=\"https:\/\/exceladvisor.org\/pt\/girar-texto\/\">Girar texto no Excel (orienta\u00e7\u00e3o do texto)<\/a> <\/li><\/ul><\/div><\/div><div class=\"gb-grid-column gb-grid-column-50067b57\"><div class=\"gb-container gb-container-50067b57\"><\/div><\/div><\/div><\/div>","protected":false},"excerpt":{"rendered":"","protected":false},"author":1,"featured_media":0,"parent":0,"menu_order":0,"comment_status":"open","ping_status":"closed","template":"","meta":{"ub_ctt_via":"","footnotes":""},"class_list":["post-159","page","type-page","status-publish","hentry"],"featured_image_src":null,"yoast_head":"<!-- This site is optimized with the Yoast SEO plugin v25.4 - https:\/\/yoast.com\/wordpress\/plugins\/seo\/ -->\n<title>\u25b7 Como verificar a ortografia no Excel? (Tutorial 2023)<\/title>\n<meta name=\"description\" content=\"Neste tutorial, aprenderemos como realizar a verifica\u00e7\u00e3o ortogr\u00e1fica no Excel e tamb\u00e9m aprenderemos sobre todos os\" \/>\n<meta name=\"robots\" content=\"index, follow, max-snippet:-1, max-image-preview:large, max-video-preview:-1\" \/>\n<link rel=\"canonical\" href=\"https:\/\/exceladvisor.org\/pt\/verificador-ortografico\/\" \/>\n<meta property=\"og:locale\" content=\"pt_PT\" \/>\n<meta property=\"og:type\" content=\"article\" \/>\n<meta property=\"og:title\" content=\"\u25b7 Como verificar a ortografia no Excel? (Tutorial 2023)\" \/>\n<meta property=\"og:description\" content=\"Neste tutorial, aprenderemos como realizar a verifica\u00e7\u00e3o ortogr\u00e1fica no Excel e tamb\u00e9m aprenderemos sobre todos os\" \/>\n<meta property=\"og:url\" content=\"https:\/\/exceladvisor.org\/pt\/verificador-ortografico\/\" \/>\n<meta property=\"og:site_name\" content=\"Excel Advisor\" \/>\n<meta property=\"article:modified_time\" content=\"2023-12-06T11:50:25+00:00\" \/>\n<meta property=\"og:image\" content=\"https:\/\/exceladvisor.org\/wp-content\/uploads\/2023\/08\/1-verification-orthographique.png\" \/>\n<meta name=\"twitter:card\" content=\"summary_large_image\" \/>\n<meta name=\"twitter:label1\" content=\"Tempo estimado de leitura\" \/>\n\t<meta name=\"twitter:data1\" content=\"5 minutos\" \/>\n<script type=\"application\/ld+json\" class=\"yoast-schema-graph\">{\"@context\":\"https:\/\/schema.org\",\"@graph\":[{\"@type\":\"WebPage\",\"@id\":\"https:\/\/exceladvisor.org\/pt\/verificador-ortografico\/\",\"url\":\"https:\/\/exceladvisor.org\/pt\/verificador-ortografico\/\",\"name\":\"\u25b7 Como verificar a ortografia no Excel? (Tutorial 2023)\",\"isPartOf\":{\"@id\":\"https:\/\/exceladvisor.org\/pt\/#website\"},\"primaryImageOfPage\":{\"@id\":\"https:\/\/exceladvisor.org\/pt\/verificador-ortografico\/#primaryimage\"},\"image\":{\"@id\":\"https:\/\/exceladvisor.org\/pt\/verificador-ortografico\/#primaryimage\"},\"thumbnailUrl\":\"https:\/\/exceladvisor.org\/wp-content\/uploads\/2023\/08\/1-verification-orthographique.png\",\"datePublished\":\"2023-11-14T17:14:32+00:00\",\"dateModified\":\"2023-12-06T11:50:25+00:00\",\"description\":\"Neste tutorial, aprenderemos como realizar a verifica\u00e7\u00e3o ortogr\u00e1fica no Excel e tamb\u00e9m aprenderemos sobre todos os\",\"breadcrumb\":{\"@id\":\"https:\/\/exceladvisor.org\/pt\/verificador-ortografico\/#breadcrumb\"},\"inLanguage\":\"pt-PT\",\"potentialAction\":[{\"@type\":\"ReadAction\",\"target\":[\"https:\/\/exceladvisor.org\/pt\/verificador-ortografico\/\"]}]},{\"@type\":\"ImageObject\",\"inLanguage\":\"pt-PT\",\"@id\":\"https:\/\/exceladvisor.org\/pt\/verificador-ortografico\/#primaryimage\",\"url\":\"https:\/\/exceladvisor.org\/wp-content\/uploads\/2023\/08\/1-verification-orthographique.png\",\"contentUrl\":\"https:\/\/exceladvisor.org\/wp-content\/uploads\/2023\/08\/1-verification-orthographique.png\"},{\"@type\":\"BreadcrumbList\",\"@id\":\"https:\/\/exceladvisor.org\/pt\/verificador-ortografico\/#breadcrumb\",\"itemListElement\":[{\"@type\":\"ListItem\",\"position\":1,\"name\":\"Lar\",\"item\":\"https:\/\/exceladvisor.org\/pt\/\"},{\"@type\":\"ListItem\",\"position\":2,\"name\":\"Como verificar a ortografia no excel?\"}]},{\"@type\":\"WebSite\",\"@id\":\"https:\/\/exceladvisor.org\/pt\/#website\",\"url\":\"https:\/\/exceladvisor.org\/pt\/\",\"name\":\"Excel Advisor\",\"description\":\"O seu guia definitivo para dominar os dados!\",\"publisher\":{\"@id\":\"https:\/\/exceladvisor.org\/pt\/#organization\"},\"potentialAction\":[{\"@type\":\"SearchAction\",\"target\":{\"@type\":\"EntryPoint\",\"urlTemplate\":\"https:\/\/exceladvisor.org\/pt\/?s={search_term_string}\"},\"query-input\":{\"@type\":\"PropertyValueSpecification\",\"valueRequired\":true,\"valueName\":\"search_term_string\"}}],\"inLanguage\":\"pt-PT\"},{\"@type\":\"Organization\",\"@id\":\"https:\/\/exceladvisor.org\/pt\/#organization\",\"name\":\"Excel Advisor\",\"url\":\"https:\/\/exceladvisor.org\/pt\/\",\"logo\":{\"@type\":\"ImageObject\",\"inLanguage\":\"pt-PT\",\"@id\":\"https:\/\/exceladvisor.org\/pt\/#\/schema\/logo\/image\/\",\"url\":\"https:\/\/exceladvisor.org\/pt\/wp-content\/uploads\/2023\/12\/exceladvisor.org_.png\",\"contentUrl\":\"https:\/\/exceladvisor.org\/pt\/wp-content\/uploads\/2023\/12\/exceladvisor.org_.png\",\"width\":105,\"height\":36,\"caption\":\"Excel Advisor\"},\"image\":{\"@id\":\"https:\/\/exceladvisor.org\/pt\/#\/schema\/logo\/image\/\"}}]}<\/script>\n<!-- \/ Yoast SEO plugin. -->","yoast_head_json":{"title":"\u25b7 Como verificar a ortografia no Excel? (Tutorial 2023)","description":"Neste tutorial, aprenderemos como realizar a verifica\u00e7\u00e3o ortogr\u00e1fica no Excel e tamb\u00e9m aprenderemos sobre todos os","robots":{"index":"index","follow":"follow","max-snippet":"max-snippet:-1","max-image-preview":"max-image-preview:large","max-video-preview":"max-video-preview:-1"},"canonical":"https:\/\/exceladvisor.org\/pt\/verificador-ortografico\/","og_locale":"pt_PT","og_type":"article","og_title":"\u25b7 Como verificar a ortografia no Excel? (Tutorial 2023)","og_description":"Neste tutorial, aprenderemos como realizar a verifica\u00e7\u00e3o ortogr\u00e1fica no Excel e tamb\u00e9m aprenderemos sobre todos os","og_url":"https:\/\/exceladvisor.org\/pt\/verificador-ortografico\/","og_site_name":"Excel Advisor","article_modified_time":"2023-12-06T11:50:25+00:00","og_image":[{"url":"https:\/\/exceladvisor.org\/wp-content\/uploads\/2023\/08\/1-verification-orthographique.png","type":"","width":"","height":""}],"twitter_card":"summary_large_image","twitter_misc":{"Tempo estimado de leitura":"5 minutos"},"schema":{"@context":"https:\/\/schema.org","@graph":[{"@type":"WebPage","@id":"https:\/\/exceladvisor.org\/pt\/verificador-ortografico\/","url":"https:\/\/exceladvisor.org\/pt\/verificador-ortografico\/","name":"\u25b7 Como verificar a ortografia no Excel? (Tutorial 2023)","isPartOf":{"@id":"https:\/\/exceladvisor.org\/pt\/#website"},"primaryImageOfPage":{"@id":"https:\/\/exceladvisor.org\/pt\/verificador-ortografico\/#primaryimage"},"image":{"@id":"https:\/\/exceladvisor.org\/pt\/verificador-ortografico\/#primaryimage"},"thumbnailUrl":"https:\/\/exceladvisor.org\/wp-content\/uploads\/2023\/08\/1-verification-orthographique.png","datePublished":"2023-11-14T17:14:32+00:00","dateModified":"2023-12-06T11:50:25+00:00","description":"Neste tutorial, aprenderemos como realizar a verifica\u00e7\u00e3o ortogr\u00e1fica no Excel e tamb\u00e9m aprenderemos sobre todos os","breadcrumb":{"@id":"https:\/\/exceladvisor.org\/pt\/verificador-ortografico\/#breadcrumb"},"inLanguage":"pt-PT","potentialAction":[{"@type":"ReadAction","target":["https:\/\/exceladvisor.org\/pt\/verificador-ortografico\/"]}]},{"@type":"ImageObject","inLanguage":"pt-PT","@id":"https:\/\/exceladvisor.org\/pt\/verificador-ortografico\/#primaryimage","url":"https:\/\/exceladvisor.org\/wp-content\/uploads\/2023\/08\/1-verification-orthographique.png","contentUrl":"https:\/\/exceladvisor.org\/wp-content\/uploads\/2023\/08\/1-verification-orthographique.png"},{"@type":"BreadcrumbList","@id":"https:\/\/exceladvisor.org\/pt\/verificador-ortografico\/#breadcrumb","itemListElement":[{"@type":"ListItem","position":1,"name":"Lar","item":"https:\/\/exceladvisor.org\/pt\/"},{"@type":"ListItem","position":2,"name":"Como verificar a ortografia no excel?"}]},{"@type":"WebSite","@id":"https:\/\/exceladvisor.org\/pt\/#website","url":"https:\/\/exceladvisor.org\/pt\/","name":"Excel Advisor","description":"O seu guia definitivo para dominar os dados!","publisher":{"@id":"https:\/\/exceladvisor.org\/pt\/#organization"},"potentialAction":[{"@type":"SearchAction","target":{"@type":"EntryPoint","urlTemplate":"https:\/\/exceladvisor.org\/pt\/?s={search_term_string}"},"query-input":{"@type":"PropertyValueSpecification","valueRequired":true,"valueName":"search_term_string"}}],"inLanguage":"pt-PT"},{"@type":"Organization","@id":"https:\/\/exceladvisor.org\/pt\/#organization","name":"Excel Advisor","url":"https:\/\/exceladvisor.org\/pt\/","logo":{"@type":"ImageObject","inLanguage":"pt-PT","@id":"https:\/\/exceladvisor.org\/pt\/#\/schema\/logo\/image\/","url":"https:\/\/exceladvisor.org\/pt\/wp-content\/uploads\/2023\/12\/exceladvisor.org_.png","contentUrl":"https:\/\/exceladvisor.org\/pt\/wp-content\/uploads\/2023\/12\/exceladvisor.org_.png","width":105,"height":36,"caption":"Excel Advisor"},"image":{"@id":"https:\/\/exceladvisor.org\/pt\/#\/schema\/logo\/image\/"}}]}},"yoast_meta":{"yoast_wpseo_title":"","yoast_wpseo_metadesc":"","yoast_wpseo_canonical":""},"_links":{"self":[{"href":"https:\/\/exceladvisor.org\/pt\/wp-json\/wp\/v2\/pages\/159","targetHints":{"allow":["GET"]}}],"collection":[{"href":"https:\/\/exceladvisor.org\/pt\/wp-json\/wp\/v2\/pages"}],"about":[{"href":"https:\/\/exceladvisor.org\/pt\/wp-json\/wp\/v2\/types\/page"}],"author":[{"embeddable":true,"href":"https:\/\/exceladvisor.org\/pt\/wp-json\/wp\/v2\/users\/1"}],"replies":[{"embeddable":true,"href":"https:\/\/exceladvisor.org\/pt\/wp-json\/wp\/v2\/comments?post=159"}],"version-history":[{"count":1,"href":"https:\/\/exceladvisor.org\/pt\/wp-json\/wp\/v2\/pages\/159\/revisions"}],"predecessor-version":[{"id":1389,"href":"https:\/\/exceladvisor.org\/pt\/wp-json\/wp\/v2\/pages\/159\/revisions\/1389"}],"wp:attachment":[{"href":"https:\/\/exceladvisor.org\/pt\/wp-json\/wp\/v2\/media?parent=159"}],"curies":[{"name":"wp","href":"https:\/\/api.w.org\/{rel}","templated":true}]}}