{"id":160,"date":"2023-11-14T16:51:36","date_gmt":"2023-11-14T16:51:36","guid":{"rendered":"https:\/\/exceladvisor.org\/pt\/obter-a-primeira-ultima-palavra\/"},"modified":"2023-12-06T11:42:17","modified_gmt":"2023-12-06T11:42:17","slug":"obter-a-primeira-ultima-palavra","status":"publish","type":"page","link":"https:\/\/exceladvisor.org\/pt\/obter-a-primeira-ultima-palavra\/","title":{"rendered":"Como separar nomes no excel \u2013 (nome e sobrenome)"},"content":{"rendered":"<div class=\"excel-before-content-2\" id=\"excel-3733820762\"><script type=\"text\/javascript\">\r\n\tatOptions = {\r\n\t\t'key' : 'c1158f160081d6540a8409e6925dab94',\r\n\t\t'format' : 'iframe',\r\n\t\t'height' : 250,\r\n\t\t'width' : 300,\r\n\t\t'params' : {}\r\n\t};\r\n<\/script>\r\n<script type=\"text\/javascript\" src=\"\/\/www.highperformanceformat.com\/c1158f160081d6540a8409e6925dab94\/invoke.js\"><\/script><\/div><div class=\"excel-before-content\" id=\"excel-2889797075\"><script type=\"text\/javascript\">\r\n\tatOptions = {\r\n\t\t'key' : 'c1158f160081d6540a8409e6925dab94',\r\n\t\t'format' : 'iframe',\r\n\t\t'height' : 250,\r\n\t\t'width' : 300,\r\n\t\t'params' : {}\r\n\t};\r\n<\/script>\r\n<script type=\"text\/javascript\" src=\"\/\/www.highperformanceformat.com\/c1158f160081d6540a8409e6925dab94\/invoke.js\"><\/script><\/div> <p>Muitas vezes enfrentamos uma situa\u00e7\u00e3o em que precisamos dividir nomes (obter a primeira e a \u00faltima palavra de uma c\u00e9lula\/string de texto) no Excel.<\/p><p> Digamos que voc\u00ea queira extrair o nome de uma c\u00e9lula que cont\u00e9m o nome e o sobrenome ou que queira extrair o nome do produto da c\u00e9lula de descri\u00e7\u00e3o do produto.<\/p><p> Precisamos de uma fun\u00e7\u00e3o que possa extrair isso. A m\u00e1 not\u00edcia \u00e9 que no Excel n\u00e3o existe uma fun\u00e7\u00e3o espec\u00edfica para extrair diretamente a primeira e a \u00faltima palavra de uma c\u00e9lula.<\/p><p> Mas <strong>a boa not\u00edcia \u00e9 que<\/strong> voc\u00ea pode combinar fun\u00e7\u00f5es e criar uma f\u00f3rmula para obter essas palavras. Hoje, neste artigo, gostaria de compartilhar com voc\u00eas como obter nomes separados usando uma f\u00f3rmula<\/p><h2 id=\"tab-con-2\" class=\"wp-block-heading\"> Extraia o primeiro nome<\/h2><p> Extrair a primeira palavra de uma string de texto \u00e9 muito mais f\u00e1cil do que extrair a \u00faltima palavra. Para isso podemos criar uma f\u00f3rmula combinando duas fun\u00e7\u00f5es de texto diferentes, ou seja, SEARCH e LEFT.<\/p><p> Vamos entender isso com um exemplo. Na tabela abaixo temos uma lista de nomes que inclui nome e sobrenome. E agora precisamos extrair daqui o primeiro nome que \u00e9 a primeira palavra da c\u00e9lula. <\/p><div class=\"wp-block-image\"><figure class=\"aligncenter\"><img decoding=\"async\" src=\"https:\/\/exceladvisor.org\/wp-content\/uploads\/2023\/08\/donnees-pour-obtenir-nom-et-prenom-min-1.png\" sizes=\"\" srcset=\"\" alt=\"dados para obter nome e sobrenome min\"><\/figure><\/div><p> E a f\u00f3rmula para obter o primeiro nome da coluna acima \u00e9:<\/p><pre class=\"wp-block-code\"> <code class=\"language-excel-formula\" lang=\"excel-formula\">=LEFT(A2,SEARCH(\" \",A2)-1)<\/code><\/pre><p> <span style=\"font-family: inherit;\">Isso simplesmente retorna o primeiro nome, que \u00e9 a primeira palavra do texto.<\/span> <\/p><div class=\"wp-block-image\"><figure class=\"aligncenter\"><img decoding=\"async\" src=\"https:\/\/exceladvisor.org\/wp-content\/uploads\/2023\/08\/obtenir-le-premier-mot-du-nom-complet-min-1.png\" sizes=\"\" srcset=\"\" alt=\"obter a primeira palavra do nome completo min\"><\/figure><\/div><p> No exemplo acima, usamos uma combina\u00e7\u00e3o de SEARCH (pode pesquisar uma string de texto dentro de outra string de texto) e LEFT (pode extrair um texto do lado esquerdo).<\/p><h3 id=\"tab-con-1\" class=\"wp-block-heading\"> Como funciona<\/h3><p> Esta f\u00f3rmula funciona em duas partes diferentes. <\/p><div class=\"wp-block-image\"><figure class=\"aligncenter\"><img decoding=\"async\" src=\"https:\/\/exceladvisor.org\/wp-content\/uploads\/2023\/08\/combinaison-de-formules-de-gauche-et-de-recherche-pour-obtenir-le-premier-mot-dune-chaine-de-texte-a-partir-dune-cellule-dans-Excel-min-1.png\" sizes=\"\" srcset=\"\" alt=\"combina\u00e7\u00e3o de f\u00f3rmulas \u00e0 esquerda e de pesquisa para obter a primeira palavra de uma string de texto de uma c\u00e9lula no Excel min\"><\/figure><\/div><p> Na <strong>primeira<\/strong> parte, a fun\u00e7\u00e3o SEARCH encontra a posi\u00e7\u00e3o do espa\u00e7o no texto e retorna um n\u00famero do qual voc\u00ea deduz um para obter a posi\u00e7\u00e3o do \u00faltimo caractere da primeira palavra. <\/p><div class=\"wp-block-image\"><figure class=\"aligncenter\"><img decoding=\"async\" src=\"https:\/\/exceladvisor.org\/wp-content\/uploads\/2023\/08\/comment-la-combinaison-de-la-recherche-et-de-la-gauche-fonctionne-pour-obtenir-le-premier-mot-dune-chaine-de-texte-a-partir-dune-cellule-dans-Excel-min-1.png\" sizes=\"\" srcset=\"\" alt=\"como funciona a combina\u00e7\u00e3o de localizar e esquerda para obter a primeira palavra de uma string de texto de uma c\u00e9lula no Excel min\"><\/figure><\/div><p> Na <strong>segunda<\/strong> parte, utilizando o n\u00famero retornado pela fun\u00e7\u00e3o SEARCH, a fun\u00e7\u00e3o LEFT extrai a primeira palavra da c\u00e9lula. <\/p><div class=\"wp-block-image\"><figure class=\"aligncenter\"><img decoding=\"async\" src=\"https:\/\/exceladvisor.org\/wp-content\/uploads\/2023\/08\/premier-mot-dune-chaine-de-texte-dune-cellule-dans-excel-retourner-par-cette-formule-min-1.png\" sizes=\"\" srcset=\"\" alt=\"primeira palavra de uma string de texto de uma c\u00e9lula no Excel retornada por esta f\u00f3rmula min\"><\/figure><\/div><div class=\"gb-container gb-container-52dfcee1 gb-container-sample-file\"><h2 class=\"gb-headline gb-headline-e289c143 gb-headline-text gb-headline-4f7959c2\"> Obtenha o arquivo Excel<\/h2><p> <a class=\"gb-button gb-button-e88d6bee gb-button-text gb-button-button1\" href=\"https:\/\/exceladvisor.org\/wp-content\/uploads\/2023\/08\/obtenir-les-donnees-du-premier-et-du-dernier-mot.xlsx\" rel=\"nofollow\">Download<\/a><\/p><\/div><h2 id=\"tab-con-3\" class=\"wp-block-heading\"> Extrair sobrenome<\/h2><p> Obter a \u00faltima palavra de uma string de texto pode ser complicado para voc\u00ea, mas depois de entender a f\u00f3rmula inteira, ser\u00e1 muito mais f\u00e1cil us\u00e1-la no futuro.<\/p><p> Ent\u00e3o, para extrair a \u00faltima palavra de uma c\u00e9lula, voc\u00ea precisa combinar RIGHT, SUBSTITUTE e REPT. E a f\u00f3rmula ser\u00e1: <\/p><pre class=\"wp-block-code\"> <code class=\"language-excel-formula\" lang=\"excel-formula\">=TRIM(RIGHT(SUBSTITUTE(A2,\" \",REPT(\" \",LEN(A2))),LEN(A2)))<\/code><\/pre><div class=\"wp-block-image\"><figure class=\"aligncenter size-full\"><img loading=\"lazy\" decoding=\"async\" class=\"wp-image-12009\" src=\"https:\/\/exceladvisor.org\/wp-content\/uploads\/2023\/08\/combinaison-de-formules-pour-obtenir-le-dernier-mot-dune-chaine-de-texte-a-partir-dune-cellule-dans-Excel-min-1.png\" sizes=\"auto, \" srcset=\"\" alt=\"combinando f\u00f3rmulas para obter a \u00faltima palavra de uma string de texto de uma c\u00e9lula no Excel min\" width=\"646\" height=\"114\"><\/figure><\/div><p> Esta f\u00f3rmula retorna o sobrenome da c\u00e9lula que \u00e9 a \u00faltima palavra e funciona da mesma forma mesmo se voc\u00ea tiver mais de duas palavras em uma c\u00e9lula.<\/p><h3 id=\"tab-con-0\" class=\"wp-block-heading\"> Como funciona<\/h3><p> Novamente, voc\u00ea precisa decompor essa f\u00f3rmula para entender como ela funciona. <\/p><div class=\"wp-block-image\"><figure class=\"aligncenter\"><img decoding=\"async\" src=\"https:\/\/exceladvisor.org\/wp-content\/uploads\/2023\/08\/comment-la-combinaison-de-formules-pour-obtenir-le-dernier-mot-dune-chaine-de-texte-a-partir-dune-cellule-dans-Excel-fonctionne-min-1.png\" sizes=\"\" srcset=\"\" alt=\"como funciona a combina\u00e7\u00e3o de f\u00f3rmulas para obter a \u00faltima palavra de uma string de texto de uma c\u00e9lula no Excel min\"><\/figure><\/div><p> Na <strong>PRIMEIRA<\/strong> parte, a fun\u00e7\u00e3o REPLACE substitui cada espa\u00e7o por espa\u00e7os iguais ao comprimento do texto. <\/p><div class=\"wp-block-image\"><figure class=\"aligncenter\"><img decoding=\"async\" src=\"https:\/\/exceladvisor.org\/wp-content\/uploads\/2023\/08\/premiere-partie-de-la-formule-pour-obtenir-le-dernier-mot-dune-chaine-de-texte-a-partir-dune-cellule-dans-Excel-min-1.png\" sizes=\"\" srcset=\"\" alt=\"primeira parte da f\u00f3rmula para obter a \u00faltima palavra de uma string de texto de uma c\u00e9lula no Excel min\"><\/figure><\/div><p> O texto fica duplo com espa\u00e7os extras e fica assim. Depois disso, a fun\u00e7\u00e3o RIGHT extrair\u00e1 os caracteres do lado direito iguais ao comprimento original do texto. <\/p><div class=\"wp-block-image\"><figure class=\"aligncenter\"><img decoding=\"async\" src=\"https:\/\/exceladvisor.org\/wp-content\/uploads\/2023\/08\/deuxieme-partie-de-la-formule-pour-obtenir-le-dernier-mot-dune-chaine-de-texte-a-partir-dune-cellule-dans-Excel-min-1.png\" sizes=\"\" srcset=\"\" alt=\"segunda parte da f\u00f3rmula para obter a \u00faltima palavra de uma string de texto de uma c\u00e9lula no Excel min\"><\/figure><\/div><p> Por fim, a fun\u00e7\u00e3o TRIM <a href=\"https:\/\/exceladvisor.org\/pt\/remover-espacos-extras\/\">remove todos os espa\u00e7os iniciais<\/a> do texto. <\/p><div class=\"wp-block-image\"><figure class=\"aligncenter\"><img decoding=\"async\" src=\"https:\/\/exceladvisor.org\/wp-content\/uploads\/2023\/08\/troisieme-partie-de-la-formule-pour-obtenir-le-dernier-mot-dune-chaine-de-texte-a-partir-dune-cellule-dans-Excel-min-1.png\" sizes=\"\" srcset=\"\" alt=\"terceira parte da f\u00f3rmula para obter a \u00faltima palavra de uma string de texto de uma c\u00e9lula no Excel min\"><\/figure><\/div><div class=\"gb-container gb-container-be634180 gb-container-sample-file\"><h2 class=\"gb-headline gb-headline-ffd5700d gb-headline-text gb-headline-4f7959c2\"> Obtenha o arquivo Excel<\/h2><p> <a class=\"gb-button gb-button-31f0a7bf gb-button-text gb-button-button1\" href=\"https:\/\/exceladvisor.org\/wp-content\/uploads\/2023\/08\/obtenir-le-premier-et-le-dernier-mot.xlsx\" rel=\"nofollow\">Download<\/a><\/p><\/div><h2 class=\"wp-block-heading\"> Conclus\u00e3o<\/h2><p> Usando as f\u00f3rmulas acima, voc\u00ea pode obter facilmente a primeira e a \u00faltima palavra de uma string de texto. A f\u00f3rmula para a primeira palavra \u00e9 super f\u00e1cil e para a \u00faltima palavra \u00e9 um pouco complicada, mas voc\u00ea tem que entend\u00ea-la assim que come\u00e7ar.<\/p><p> Espero que voc\u00ea tenha achado esta dica \u00fatil.<\/p><p> Agora me diga uma coisa. <strong><mark class=\"has-inline-color\" style=\"background-color: rgba(0, 0, 0, 0); color: #00a1a3;\">Voc\u00ea tem outro m\u00e9todo para obter o primeiro e o \u00faltimo de uma string?<\/mark><\/strong> Por favor, compartilhe suas id\u00e9ias comigo na se\u00e7\u00e3o de coment\u00e1rios, eu adoraria ouvir de voc\u00ea. E n\u00e3o esque\u00e7a de compartilhar essa dica com seus amigos.<\/p><div class=\"gb-container gb-container-4db6181c gb-container-mt\"> <a class=\"gb-button gb-button-c5897111 gb-button-text gb-button-mt-button\" href=\"https:\/\/exceladvisor.org\/pt\/vba\/\">O que \u00e9 VBA<\/a><h2 class=\"gb-headline gb-headline-665e5f6b gb-headline-text gb-headline-mt-heading\"> Tutoriais relacionados <\/h2><div class=\"gb-grid-wrapper gb-grid-wrapper-a20baf7c gb-grid-wrapper-mt-grid\"><div class=\"gb-grid-column gb-grid-column-65ddf67e\"><div class=\"gb-container gb-container-65ddf67e\"><ul><li> Remova o primeiro caractere de uma c\u00e9lula no Excel<\/li><li> <a href=\"https:\/\/exceladvisor.org\/pt\/remover-espacos-extras\/\">Remova espa\u00e7os extras no Excel<\/a><\/li><li> <a href=\"https:\/\/exceladvisor.org\/pt\/extrair-a-ultima-palavra-2\/\">Extraia a \u00faltima palavra de uma c\u00e9lula<\/a><\/li><li> <a href=\"https:\/\/exceladvisor.org\/pt\/remover-quebra-de-linha-2\/\">Remover quebra de linha de uma c\u00e9lula<\/a><\/li><li> <a href=\"https:\/\/exceladvisor.org\/pt\/remova-os-parenteses-2\/\">Remover par\u00eanteses no Excel (colchetes)<\/a> <\/li><\/ul><\/div><\/div><div class=\"gb-grid-column gb-grid-column-50067b57\"><div class=\"gb-container gb-container-50067b57\"><\/div><\/div><\/div><\/div>","protected":false},"excerpt":{"rendered":"","protected":false},"author":1,"featured_media":0,"parent":0,"menu_order":0,"comment_status":"open","ping_status":"closed","template":"","meta":{"ub_ctt_via":"","footnotes":""},"class_list":["post-160","page","type-page","status-publish","hentry"],"featured_image_src":null,"yoast_head":"<!-- This site is optimized with the Yoast SEO plugin v25.4 - https:\/\/yoast.com\/wordpress\/plugins\/seo\/ -->\n<title>\u25b7 Como separar nomes no Excel? - (Primeiro e \u00faltimo nome)<\/title>\n<meta name=\"description\" content=\"No Excel, n\u00e3o existe uma fun\u00e7\u00e3o espec\u00edfica para obter a primeira e a \u00faltima palavra de uma string de texto. Mas voc\u00ea pode combinar\" \/>\n<meta name=\"robots\" content=\"index, follow, max-snippet:-1, max-image-preview:large, max-video-preview:-1\" \/>\n<link rel=\"canonical\" href=\"https:\/\/exceladvisor.org\/pt\/obter-a-primeira-ultima-palavra\/\" \/>\n<meta property=\"og:locale\" content=\"pt_PT\" \/>\n<meta property=\"og:type\" content=\"article\" \/>\n<meta property=\"og:title\" content=\"\u25b7 Como separar nomes no Excel? - (Primeiro e \u00faltimo nome)\" \/>\n<meta property=\"og:description\" content=\"No Excel, n\u00e3o existe uma fun\u00e7\u00e3o espec\u00edfica para obter a primeira e a \u00faltima palavra de uma string de texto. Mas voc\u00ea pode combinar\" \/>\n<meta property=\"og:url\" content=\"https:\/\/exceladvisor.org\/pt\/obter-a-primeira-ultima-palavra\/\" \/>\n<meta property=\"og:site_name\" content=\"Excel Advisor\" \/>\n<meta property=\"article:modified_time\" content=\"2023-12-06T11:42:17+00:00\" \/>\n<meta property=\"og:image\" content=\"https:\/\/exceladvisor.org\/wp-content\/uploads\/2023\/08\/donnees-pour-obtenir-nom-et-prenom-min-1.png\" \/>\n<meta name=\"twitter:card\" content=\"summary_large_image\" \/>\n<meta name=\"twitter:label1\" content=\"Tempo estimado de leitura\" \/>\n\t<meta name=\"twitter:data1\" content=\"3 minutos\" \/>\n<script type=\"application\/ld+json\" class=\"yoast-schema-graph\">{\"@context\":\"https:\/\/schema.org\",\"@graph\":[{\"@type\":\"WebPage\",\"@id\":\"https:\/\/exceladvisor.org\/pt\/obter-a-primeira-ultima-palavra\/\",\"url\":\"https:\/\/exceladvisor.org\/pt\/obter-a-primeira-ultima-palavra\/\",\"name\":\"\u25b7 Como separar nomes no Excel? - (Primeiro e \u00faltimo nome)\",\"isPartOf\":{\"@id\":\"https:\/\/exceladvisor.org\/pt\/#website\"},\"primaryImageOfPage\":{\"@id\":\"https:\/\/exceladvisor.org\/pt\/obter-a-primeira-ultima-palavra\/#primaryimage\"},\"image\":{\"@id\":\"https:\/\/exceladvisor.org\/pt\/obter-a-primeira-ultima-palavra\/#primaryimage\"},\"thumbnailUrl\":\"https:\/\/exceladvisor.org\/wp-content\/uploads\/2023\/08\/donnees-pour-obtenir-nom-et-prenom-min-1.png\",\"datePublished\":\"2023-11-14T16:51:36+00:00\",\"dateModified\":\"2023-12-06T11:42:17+00:00\",\"description\":\"No Excel, n\u00e3o existe uma fun\u00e7\u00e3o espec\u00edfica para obter a primeira e a \u00faltima palavra de uma string de texto. Mas voc\u00ea pode combinar\",\"breadcrumb\":{\"@id\":\"https:\/\/exceladvisor.org\/pt\/obter-a-primeira-ultima-palavra\/#breadcrumb\"},\"inLanguage\":\"pt-PT\",\"potentialAction\":[{\"@type\":\"ReadAction\",\"target\":[\"https:\/\/exceladvisor.org\/pt\/obter-a-primeira-ultima-palavra\/\"]}]},{\"@type\":\"ImageObject\",\"inLanguage\":\"pt-PT\",\"@id\":\"https:\/\/exceladvisor.org\/pt\/obter-a-primeira-ultima-palavra\/#primaryimage\",\"url\":\"https:\/\/exceladvisor.org\/wp-content\/uploads\/2023\/08\/donnees-pour-obtenir-nom-et-prenom-min-1.png\",\"contentUrl\":\"https:\/\/exceladvisor.org\/wp-content\/uploads\/2023\/08\/donnees-pour-obtenir-nom-et-prenom-min-1.png\"},{\"@type\":\"BreadcrumbList\",\"@id\":\"https:\/\/exceladvisor.org\/pt\/obter-a-primeira-ultima-palavra\/#breadcrumb\",\"itemListElement\":[{\"@type\":\"ListItem\",\"position\":1,\"name\":\"Lar\",\"item\":\"https:\/\/exceladvisor.org\/pt\/\"},{\"@type\":\"ListItem\",\"position\":2,\"name\":\"Como separar nomes no excel \u2013 (nome e sobrenome)\"}]},{\"@type\":\"WebSite\",\"@id\":\"https:\/\/exceladvisor.org\/pt\/#website\",\"url\":\"https:\/\/exceladvisor.org\/pt\/\",\"name\":\"Excel Advisor\",\"description\":\"O seu guia definitivo para dominar os dados!\",\"publisher\":{\"@id\":\"https:\/\/exceladvisor.org\/pt\/#organization\"},\"potentialAction\":[{\"@type\":\"SearchAction\",\"target\":{\"@type\":\"EntryPoint\",\"urlTemplate\":\"https:\/\/exceladvisor.org\/pt\/?s={search_term_string}\"},\"query-input\":{\"@type\":\"PropertyValueSpecification\",\"valueRequired\":true,\"valueName\":\"search_term_string\"}}],\"inLanguage\":\"pt-PT\"},{\"@type\":\"Organization\",\"@id\":\"https:\/\/exceladvisor.org\/pt\/#organization\",\"name\":\"Excel Advisor\",\"url\":\"https:\/\/exceladvisor.org\/pt\/\",\"logo\":{\"@type\":\"ImageObject\",\"inLanguage\":\"pt-PT\",\"@id\":\"https:\/\/exceladvisor.org\/pt\/#\/schema\/logo\/image\/\",\"url\":\"https:\/\/exceladvisor.org\/pt\/wp-content\/uploads\/2023\/12\/exceladvisor.org_.png\",\"contentUrl\":\"https:\/\/exceladvisor.org\/pt\/wp-content\/uploads\/2023\/12\/exceladvisor.org_.png\",\"width\":105,\"height\":36,\"caption\":\"Excel Advisor\"},\"image\":{\"@id\":\"https:\/\/exceladvisor.org\/pt\/#\/schema\/logo\/image\/\"}}]}<\/script>\n<!-- \/ Yoast SEO plugin. -->","yoast_head_json":{"title":"\u25b7 Como separar nomes no Excel? - (Primeiro e \u00faltimo nome)","description":"No Excel, n\u00e3o existe uma fun\u00e7\u00e3o espec\u00edfica para obter a primeira e a \u00faltima palavra de uma string de texto. Mas voc\u00ea pode combinar","robots":{"index":"index","follow":"follow","max-snippet":"max-snippet:-1","max-image-preview":"max-image-preview:large","max-video-preview":"max-video-preview:-1"},"canonical":"https:\/\/exceladvisor.org\/pt\/obter-a-primeira-ultima-palavra\/","og_locale":"pt_PT","og_type":"article","og_title":"\u25b7 Como separar nomes no Excel? - (Primeiro e \u00faltimo nome)","og_description":"No Excel, n\u00e3o existe uma fun\u00e7\u00e3o espec\u00edfica para obter a primeira e a \u00faltima palavra de uma string de texto. Mas voc\u00ea pode combinar","og_url":"https:\/\/exceladvisor.org\/pt\/obter-a-primeira-ultima-palavra\/","og_site_name":"Excel Advisor","article_modified_time":"2023-12-06T11:42:17+00:00","og_image":[{"url":"https:\/\/exceladvisor.org\/wp-content\/uploads\/2023\/08\/donnees-pour-obtenir-nom-et-prenom-min-1.png","type":"","width":"","height":""}],"twitter_card":"summary_large_image","twitter_misc":{"Tempo estimado de leitura":"3 minutos"},"schema":{"@context":"https:\/\/schema.org","@graph":[{"@type":"WebPage","@id":"https:\/\/exceladvisor.org\/pt\/obter-a-primeira-ultima-palavra\/","url":"https:\/\/exceladvisor.org\/pt\/obter-a-primeira-ultima-palavra\/","name":"\u25b7 Como separar nomes no Excel? - (Primeiro e \u00faltimo nome)","isPartOf":{"@id":"https:\/\/exceladvisor.org\/pt\/#website"},"primaryImageOfPage":{"@id":"https:\/\/exceladvisor.org\/pt\/obter-a-primeira-ultima-palavra\/#primaryimage"},"image":{"@id":"https:\/\/exceladvisor.org\/pt\/obter-a-primeira-ultima-palavra\/#primaryimage"},"thumbnailUrl":"https:\/\/exceladvisor.org\/wp-content\/uploads\/2023\/08\/donnees-pour-obtenir-nom-et-prenom-min-1.png","datePublished":"2023-11-14T16:51:36+00:00","dateModified":"2023-12-06T11:42:17+00:00","description":"No Excel, n\u00e3o existe uma fun\u00e7\u00e3o espec\u00edfica para obter a primeira e a \u00faltima palavra de uma string de texto. Mas voc\u00ea pode combinar","breadcrumb":{"@id":"https:\/\/exceladvisor.org\/pt\/obter-a-primeira-ultima-palavra\/#breadcrumb"},"inLanguage":"pt-PT","potentialAction":[{"@type":"ReadAction","target":["https:\/\/exceladvisor.org\/pt\/obter-a-primeira-ultima-palavra\/"]}]},{"@type":"ImageObject","inLanguage":"pt-PT","@id":"https:\/\/exceladvisor.org\/pt\/obter-a-primeira-ultima-palavra\/#primaryimage","url":"https:\/\/exceladvisor.org\/wp-content\/uploads\/2023\/08\/donnees-pour-obtenir-nom-et-prenom-min-1.png","contentUrl":"https:\/\/exceladvisor.org\/wp-content\/uploads\/2023\/08\/donnees-pour-obtenir-nom-et-prenom-min-1.png"},{"@type":"BreadcrumbList","@id":"https:\/\/exceladvisor.org\/pt\/obter-a-primeira-ultima-palavra\/#breadcrumb","itemListElement":[{"@type":"ListItem","position":1,"name":"Lar","item":"https:\/\/exceladvisor.org\/pt\/"},{"@type":"ListItem","position":2,"name":"Como separar nomes no excel \u2013 (nome e sobrenome)"}]},{"@type":"WebSite","@id":"https:\/\/exceladvisor.org\/pt\/#website","url":"https:\/\/exceladvisor.org\/pt\/","name":"Excel Advisor","description":"O seu guia definitivo para dominar os dados!","publisher":{"@id":"https:\/\/exceladvisor.org\/pt\/#organization"},"potentialAction":[{"@type":"SearchAction","target":{"@type":"EntryPoint","urlTemplate":"https:\/\/exceladvisor.org\/pt\/?s={search_term_string}"},"query-input":{"@type":"PropertyValueSpecification","valueRequired":true,"valueName":"search_term_string"}}],"inLanguage":"pt-PT"},{"@type":"Organization","@id":"https:\/\/exceladvisor.org\/pt\/#organization","name":"Excel Advisor","url":"https:\/\/exceladvisor.org\/pt\/","logo":{"@type":"ImageObject","inLanguage":"pt-PT","@id":"https:\/\/exceladvisor.org\/pt\/#\/schema\/logo\/image\/","url":"https:\/\/exceladvisor.org\/pt\/wp-content\/uploads\/2023\/12\/exceladvisor.org_.png","contentUrl":"https:\/\/exceladvisor.org\/pt\/wp-content\/uploads\/2023\/12\/exceladvisor.org_.png","width":105,"height":36,"caption":"Excel Advisor"},"image":{"@id":"https:\/\/exceladvisor.org\/pt\/#\/schema\/logo\/image\/"}}]}},"yoast_meta":{"yoast_wpseo_title":"","yoast_wpseo_metadesc":"","yoast_wpseo_canonical":""},"_links":{"self":[{"href":"https:\/\/exceladvisor.org\/pt\/wp-json\/wp\/v2\/pages\/160","targetHints":{"allow":["GET"]}}],"collection":[{"href":"https:\/\/exceladvisor.org\/pt\/wp-json\/wp\/v2\/pages"}],"about":[{"href":"https:\/\/exceladvisor.org\/pt\/wp-json\/wp\/v2\/types\/page"}],"author":[{"embeddable":true,"href":"https:\/\/exceladvisor.org\/pt\/wp-json\/wp\/v2\/users\/1"}],"replies":[{"embeddable":true,"href":"https:\/\/exceladvisor.org\/pt\/wp-json\/wp\/v2\/comments?post=160"}],"version-history":[{"count":1,"href":"https:\/\/exceladvisor.org\/pt\/wp-json\/wp\/v2\/pages\/160\/revisions"}],"predecessor-version":[{"id":1197,"href":"https:\/\/exceladvisor.org\/pt\/wp-json\/wp\/v2\/pages\/160\/revisions\/1197"}],"wp:attachment":[{"href":"https:\/\/exceladvisor.org\/pt\/wp-json\/wp\/v2\/media?parent=160"}],"curies":[{"name":"wp","href":"https:\/\/api.w.org\/{rel}","templated":true}]}}