{"id":161,"date":"2023-11-14T15:53:37","date_gmt":"2023-11-14T15:53:37","guid":{"rendered":"https:\/\/exceladvisor.org\/pt\/dias-do-mes\/"},"modified":"2023-12-06T11:38:41","modified_gmt":"2023-12-06T11:38:41","slug":"dias-do-mes","status":"publish","type":"page","link":"https:\/\/exceladvisor.org\/pt\/dias-do-mes\/","title":{"rendered":"Como obter o n\u00famero total de dias do m\u00eas no excel?"},"content":{"rendered":"<div class=\"excel-before-content-2\" id=\"excel-2548862684\"><script type=\"text\/javascript\">\r\n\tatOptions = {\r\n\t\t'key' : 'c1158f160081d6540a8409e6925dab94',\r\n\t\t'format' : 'iframe',\r\n\t\t'height' : 250,\r\n\t\t'width' : 300,\r\n\t\t'params' : {}\r\n\t};\r\n<\/script>\r\n<script type=\"text\/javascript\" src=\"\/\/www.highperformanceformat.com\/c1158f160081d6540a8409e6925dab94\/invoke.js\"><\/script><\/div><div class=\"excel-before-content\" id=\"excel-3990963148\"><script type=\"text\/javascript\">\r\n\tatOptions = {\r\n\t\t'key' : 'c1158f160081d6540a8409e6925dab94',\r\n\t\t'format' : 'iframe',\r\n\t\t'height' : 250,\r\n\t\t'width' : 300,\r\n\t\t'params' : {}\r\n\t};\r\n<\/script>\r\n<script type=\"text\/javascript\" src=\"\/\/www.highperformanceformat.com\/c1158f160081d6540a8409e6925dab94\/invoke.js\"><\/script><\/div> <p>\u00c0s vezes voc\u00ea precisa calcular o n\u00famero total de dias em um m\u00eas para usar em outros c\u00e1lculos. Isso acontece especificamente ao trabalhar em modelos e pain\u00e9is. Ent\u00e3o hoje deixe-me mostrar uma f\u00f3rmula simples que pode fazer isso por voc\u00ea.<\/p><p> Para calcular o n\u00famero de dias de um determinado m\u00eas a partir de uma data, precisamos usar uma f\u00f3rmula baseada em EOMONTH e DAY.<\/p><h2 class=\"wp-block-heading\"> F\u00f3rmula: Obtenha o n\u00famero total de dias em um m\u00eas <\/h2><pre class=\"wp-block-code\"> <code class=\"language-excel-formula\" lang=\"excel-formula\">=DAY(EOMONTH(A2,0))<\/code><\/pre><div class=\"wp-block-image\"><figure class=\"aligncenter\"><img decoding=\"async\" src=\"https:\/\/exceladvisor.org\/wp-content\/uploads\/2023\/08\/obtenir-le-nombre-total-dans-le-mois-en-utilisant-les-fonctions-jour-eomonth.png\" sizes=\"\" srcset=\"\" alt=\"obter a contagem total no m\u00eas usando fun\u00e7\u00f5es de dia eom\u00eas\"><\/figure><\/div><h3 class=\"wp-block-heading\"> Como funciona essa f\u00f3rmula?<\/h3><p> Como voc\u00ea pode ver, esta f\u00f3rmula \u00e9 uma combina\u00e7\u00e3o de duas fun\u00e7\u00f5es. Temos EOMONTH, que \u00e9 coberto por DAY.<\/p><ol><li> Primeiro, quando voc\u00ea se refere a uma data e &#8216;0&#8217; em EOMONTH, ele retorna a \u00faltima data daquele m\u00eas. Aqui, a data est\u00e1 na c\u00e9lula A2.<\/li><li> Segundo, a fun\u00e7\u00e3o DAY retorna o dia do \u00faltimo dia retornado por EOMONTH.<\/li><\/ol><p> O dia do \u00faltimo dia do m\u00eas \u00e9 sempre o n\u00famero total de dias de um m\u00eas. Em 31 de mar\u00e7o de 2017, ele retorna 31, que \u00e9 o n\u00famero total de dias do m\u00eas de mar\u00e7o.<\/p><h2 class=\"wp-block-heading\"> F\u00f3rmula din\u00e2mica<\/h2><p> Digamos que voc\u00ea deseja obter o n\u00famero total de dias em um m\u00eas para o m\u00eas atual e deseja que esta f\u00f3rmula o retorne automaticamente sempre que o m\u00eas mudar.<\/p><p> A f\u00f3rmula ser\u00e1:<\/p><pre class=\"wp-block-code\"> <code class=\"language-excel-formula\" lang=\"excel-formula\">=DAY(EOMONTH(TODAY(),0))<\/code><\/pre><p> Nesta f\u00f3rmula, em vez de nos referirmos a uma data, nos referimos a HOJE em EOMONTH que retorna a data atual e ent\u00e3o EOMONTH retorna a \u00faltima data do m\u00eas da data atual.<\/p><p> No final, DAY retorna o n\u00famero do dia e obt\u00e9m o n\u00famero total de dias do m\u00eas atual.<\/p><h2 class=\"wp-block-heading\"> Obtenha os dias do m\u00eas usando o nome do m\u00eas<\/h2><p> Digamos que voc\u00ea inseriu o nome de um m\u00eas em uma c\u00e9lula, n\u00e3o uma data apropriada, e agora deseja calcular o n\u00famero total de dias desse m\u00eas. A f\u00f3rmula ser\u00e1: <\/p><pre class=\"wp-block-code\"> <code class=\"language-excel-formula\" lang=\"excel-formula\">=DAY(EOMONTH(DATEVALUE(\"01-\"&amp;A2&amp;\"-\"&amp;YEAR(TODAY())),0))<\/code><\/pre><div class=\"wp-block-image\"><figure class=\"aligncenter\"><img decoding=\"async\" src=\"https:\/\/exceladvisor.org\/wp-content\/uploads\/2023\/08\/obtenir-le-nombre-total-du-mois-en-utilisant-le-nom-du-mois.png\" sizes=\"\" srcset=\"\" alt=\"obter o n\u00famero total do m\u00eas usando o nome do m\u00eas\"><\/figure><\/div><p> Esta f\u00f3rmula cria a data do primeiro dia do m\u00eas que voc\u00ea mencionou, ent\u00e3o EOMONTH retorna a \u00faltima data e DAY retorna o \u00faltimo dia que \u00e9 o n\u00famero total de dias em um m\u00eas. Voc\u00ea pode usar o nome do m\u00eas tanto no formato curto quanto no formato longo. <\/p><div class=\"gb-container gb-container-52dfcee1 gb-container-sample-file\"><h2 class=\"gb-headline gb-headline-e289c143 gb-headline-text gb-headline-4f7959c2\"> Obtenha o arquivo Excel<\/h2><p> <a class=\"gb-button gb-button-e88d6bee gb-button-text gb-button-button1\" href=\"https:\/\/exceladvisor.org\/wp-content\/uploads\/2023\/08\/obtenir-le-nombre-total-de-jours-3.xlsx\" rel=\"nofollow\">Download<\/a><\/p><\/div><div class=\"gb-container gb-container-0df56012 gb-container-mt\"> <a class=\"gb-button gb-button-f9f432f4 gb-button-text gb-button-mt-button\" href=\"https:\/\/exceladvisor.org\/pt\/formulas\/\">Lista de f\u00f3rmulas do Excel<\/a><h2 class=\"gb-headline gb-headline-233444e8 gb-headline-text gb-headline-mt-heading\"> F\u00f3rmulas relacionadas <\/h2><div class=\"gb-grid-wrapper gb-grid-wrapper-a16fa65c gb-grid-wrapper-mt-grid\"><div class=\"gb-grid-column gb-grid-column-50d07e0d\"><div class=\"gb-container gb-container-50d07e0d\"><ul><li> <a href=\"https:\/\/exceladvisor.org\/pt\/adicione-a-data-da-semana\/\">Semana de adi\u00e7\u00e3o e subtra\u00e7\u00e3o de uma data no Excel<\/a><\/li><li> <a href=\"https:\/\/exceladvisor.org\/pt\/pegue-o-nome-do-dia\/\">Obtenha o nome do dia de uma data no Excel<\/a><\/li><li> <a href=\"https:\/\/exceladvisor.org\/pt\/meses-dias-uteis\/\">Dias \u00fateis em um m\u00eas<\/a><\/li><li> <a href=\"https:\/\/exceladvisor.org\/pt\/data-para-texto-2\/\">Converter data em texto<\/a> <\/li><\/ul><\/div><\/div><div class=\"gb-grid-column gb-grid-column-5b4a0cf9\"><div class=\"gb-container gb-container-5b4a0cf9\"><ul><li> <a href=\"https:\/\/exceladvisor.org\/pt\/dias-de-contagem-regressiva\/\">Dias de contagem regressiva<\/a><\/li><li> <a href=\"https:\/\/exceladvisor.org\/pt\/dias-entre-duas-datas\/\">Conte os dias entre duas datas<\/a><\/li><li> <a href=\"https:\/\/exceladvisor.org\/pt\/juliana-encontro-2\/\">Converter para data juliana<\/a><\/li><li> <a href=\"https:\/\/exceladvisor.org\/pt\/domingo-anterior-2\/\">Obtenha o domingo anterior<\/a><\/li><\/ul><\/div><\/div><\/div><\/div>","protected":false},"excerpt":{"rendered":"","protected":false},"author":1,"featured_media":0,"parent":0,"menu_order":0,"comment_status":"open","ping_status":"closed","template":"","meta":{"ub_ctt_via":"","footnotes":""},"class_list":["post-161","page","type-page","status-publish","hentry"],"featured_image_src":null,"yoast_head":"<!-- This site is optimized with the Yoast SEO plugin v25.4 - https:\/\/yoast.com\/wordpress\/plugins\/seo\/ -->\n<title>Como obter o n\u00famero total de dias do m\u00eas no Excel?<\/title>\n<meta name=\"description\" content=\"Para calcular o n\u00famero de dias em um determinado m\u00eas a partir de uma data, precisamos usar uma f\u00f3rmula baseada em EOMONTH e DAY...\" \/>\n<meta name=\"robots\" content=\"index, follow, max-snippet:-1, max-image-preview:large, max-video-preview:-1\" \/>\n<link rel=\"canonical\" href=\"https:\/\/exceladvisor.org\/pt\/dias-do-mes\/\" \/>\n<meta property=\"og:locale\" content=\"pt_PT\" \/>\n<meta property=\"og:type\" content=\"article\" \/>\n<meta property=\"og:title\" content=\"Como obter o n\u00famero total de dias do m\u00eas no Excel?\" \/>\n<meta property=\"og:description\" content=\"Para calcular o n\u00famero de dias em um determinado m\u00eas a partir de uma data, precisamos usar uma f\u00f3rmula baseada em EOMONTH e DAY...\" \/>\n<meta property=\"og:url\" content=\"https:\/\/exceladvisor.org\/pt\/dias-do-mes\/\" \/>\n<meta property=\"og:site_name\" content=\"Excel Advisor\" \/>\n<meta property=\"article:modified_time\" content=\"2023-12-06T11:38:41+00:00\" \/>\n<meta property=\"og:image\" content=\"https:\/\/exceladvisor.org\/wp-content\/uploads\/2023\/08\/obtenir-le-nombre-total-dans-le-mois-en-utilisant-les-fonctions-jour-eomonth.png\" \/>\n<meta name=\"twitter:card\" content=\"summary_large_image\" \/>\n<meta name=\"twitter:label1\" content=\"Tempo estimado de leitura\" \/>\n\t<meta name=\"twitter:data1\" content=\"2 minutos\" \/>\n<script type=\"application\/ld+json\" class=\"yoast-schema-graph\">{\"@context\":\"https:\/\/schema.org\",\"@graph\":[{\"@type\":\"WebPage\",\"@id\":\"https:\/\/exceladvisor.org\/pt\/dias-do-mes\/\",\"url\":\"https:\/\/exceladvisor.org\/pt\/dias-do-mes\/\",\"name\":\"Como obter o n\u00famero total de dias do m\u00eas no Excel?\",\"isPartOf\":{\"@id\":\"https:\/\/exceladvisor.org\/pt\/#website\"},\"primaryImageOfPage\":{\"@id\":\"https:\/\/exceladvisor.org\/pt\/dias-do-mes\/#primaryimage\"},\"image\":{\"@id\":\"https:\/\/exceladvisor.org\/pt\/dias-do-mes\/#primaryimage\"},\"thumbnailUrl\":\"https:\/\/exceladvisor.org\/wp-content\/uploads\/2023\/08\/obtenir-le-nombre-total-dans-le-mois-en-utilisant-les-fonctions-jour-eomonth.png\",\"datePublished\":\"2023-11-14T15:53:37+00:00\",\"dateModified\":\"2023-12-06T11:38:41+00:00\",\"description\":\"Para calcular o n\u00famero de dias em um determinado m\u00eas a partir de uma data, precisamos usar uma f\u00f3rmula baseada em EOMONTH e DAY...\",\"breadcrumb\":{\"@id\":\"https:\/\/exceladvisor.org\/pt\/dias-do-mes\/#breadcrumb\"},\"inLanguage\":\"pt-PT\",\"potentialAction\":[{\"@type\":\"ReadAction\",\"target\":[\"https:\/\/exceladvisor.org\/pt\/dias-do-mes\/\"]}]},{\"@type\":\"ImageObject\",\"inLanguage\":\"pt-PT\",\"@id\":\"https:\/\/exceladvisor.org\/pt\/dias-do-mes\/#primaryimage\",\"url\":\"https:\/\/exceladvisor.org\/wp-content\/uploads\/2023\/08\/obtenir-le-nombre-total-dans-le-mois-en-utilisant-les-fonctions-jour-eomonth.png\",\"contentUrl\":\"https:\/\/exceladvisor.org\/wp-content\/uploads\/2023\/08\/obtenir-le-nombre-total-dans-le-mois-en-utilisant-les-fonctions-jour-eomonth.png\"},{\"@type\":\"BreadcrumbList\",\"@id\":\"https:\/\/exceladvisor.org\/pt\/dias-do-mes\/#breadcrumb\",\"itemListElement\":[{\"@type\":\"ListItem\",\"position\":1,\"name\":\"Lar\",\"item\":\"https:\/\/exceladvisor.org\/pt\/\"},{\"@type\":\"ListItem\",\"position\":2,\"name\":\"Como obter o n\u00famero total de dias do m\u00eas no excel?\"}]},{\"@type\":\"WebSite\",\"@id\":\"https:\/\/exceladvisor.org\/pt\/#website\",\"url\":\"https:\/\/exceladvisor.org\/pt\/\",\"name\":\"Excel Advisor\",\"description\":\"O seu guia definitivo para dominar os dados!\",\"publisher\":{\"@id\":\"https:\/\/exceladvisor.org\/pt\/#organization\"},\"potentialAction\":[{\"@type\":\"SearchAction\",\"target\":{\"@type\":\"EntryPoint\",\"urlTemplate\":\"https:\/\/exceladvisor.org\/pt\/?s={search_term_string}\"},\"query-input\":{\"@type\":\"PropertyValueSpecification\",\"valueRequired\":true,\"valueName\":\"search_term_string\"}}],\"inLanguage\":\"pt-PT\"},{\"@type\":\"Organization\",\"@id\":\"https:\/\/exceladvisor.org\/pt\/#organization\",\"name\":\"Excel Advisor\",\"url\":\"https:\/\/exceladvisor.org\/pt\/\",\"logo\":{\"@type\":\"ImageObject\",\"inLanguage\":\"pt-PT\",\"@id\":\"https:\/\/exceladvisor.org\/pt\/#\/schema\/logo\/image\/\",\"url\":\"https:\/\/exceladvisor.org\/pt\/wp-content\/uploads\/2023\/12\/exceladvisor.org_.png\",\"contentUrl\":\"https:\/\/exceladvisor.org\/pt\/wp-content\/uploads\/2023\/12\/exceladvisor.org_.png\",\"width\":105,\"height\":36,\"caption\":\"Excel Advisor\"},\"image\":{\"@id\":\"https:\/\/exceladvisor.org\/pt\/#\/schema\/logo\/image\/\"}}]}<\/script>\n<!-- \/ Yoast SEO plugin. -->","yoast_head_json":{"title":"Como obter o n\u00famero total de dias do m\u00eas no Excel?","description":"Para calcular o n\u00famero de dias em um determinado m\u00eas a partir de uma data, precisamos usar uma f\u00f3rmula baseada em EOMONTH e DAY...","robots":{"index":"index","follow":"follow","max-snippet":"max-snippet:-1","max-image-preview":"max-image-preview:large","max-video-preview":"max-video-preview:-1"},"canonical":"https:\/\/exceladvisor.org\/pt\/dias-do-mes\/","og_locale":"pt_PT","og_type":"article","og_title":"Como obter o n\u00famero total de dias do m\u00eas no Excel?","og_description":"Para calcular o n\u00famero de dias em um determinado m\u00eas a partir de uma data, precisamos usar uma f\u00f3rmula baseada em EOMONTH e DAY...","og_url":"https:\/\/exceladvisor.org\/pt\/dias-do-mes\/","og_site_name":"Excel Advisor","article_modified_time":"2023-12-06T11:38:41+00:00","og_image":[{"url":"https:\/\/exceladvisor.org\/wp-content\/uploads\/2023\/08\/obtenir-le-nombre-total-dans-le-mois-en-utilisant-les-fonctions-jour-eomonth.png","type":"","width":"","height":""}],"twitter_card":"summary_large_image","twitter_misc":{"Tempo estimado de leitura":"2 minutos"},"schema":{"@context":"https:\/\/schema.org","@graph":[{"@type":"WebPage","@id":"https:\/\/exceladvisor.org\/pt\/dias-do-mes\/","url":"https:\/\/exceladvisor.org\/pt\/dias-do-mes\/","name":"Como obter o n\u00famero total de dias do m\u00eas no Excel?","isPartOf":{"@id":"https:\/\/exceladvisor.org\/pt\/#website"},"primaryImageOfPage":{"@id":"https:\/\/exceladvisor.org\/pt\/dias-do-mes\/#primaryimage"},"image":{"@id":"https:\/\/exceladvisor.org\/pt\/dias-do-mes\/#primaryimage"},"thumbnailUrl":"https:\/\/exceladvisor.org\/wp-content\/uploads\/2023\/08\/obtenir-le-nombre-total-dans-le-mois-en-utilisant-les-fonctions-jour-eomonth.png","datePublished":"2023-11-14T15:53:37+00:00","dateModified":"2023-12-06T11:38:41+00:00","description":"Para calcular o n\u00famero de dias em um determinado m\u00eas a partir de uma data, precisamos usar uma f\u00f3rmula baseada em EOMONTH e DAY...","breadcrumb":{"@id":"https:\/\/exceladvisor.org\/pt\/dias-do-mes\/#breadcrumb"},"inLanguage":"pt-PT","potentialAction":[{"@type":"ReadAction","target":["https:\/\/exceladvisor.org\/pt\/dias-do-mes\/"]}]},{"@type":"ImageObject","inLanguage":"pt-PT","@id":"https:\/\/exceladvisor.org\/pt\/dias-do-mes\/#primaryimage","url":"https:\/\/exceladvisor.org\/wp-content\/uploads\/2023\/08\/obtenir-le-nombre-total-dans-le-mois-en-utilisant-les-fonctions-jour-eomonth.png","contentUrl":"https:\/\/exceladvisor.org\/wp-content\/uploads\/2023\/08\/obtenir-le-nombre-total-dans-le-mois-en-utilisant-les-fonctions-jour-eomonth.png"},{"@type":"BreadcrumbList","@id":"https:\/\/exceladvisor.org\/pt\/dias-do-mes\/#breadcrumb","itemListElement":[{"@type":"ListItem","position":1,"name":"Lar","item":"https:\/\/exceladvisor.org\/pt\/"},{"@type":"ListItem","position":2,"name":"Como obter o n\u00famero total de dias do m\u00eas no excel?"}]},{"@type":"WebSite","@id":"https:\/\/exceladvisor.org\/pt\/#website","url":"https:\/\/exceladvisor.org\/pt\/","name":"Excel Advisor","description":"O seu guia definitivo para dominar os dados!","publisher":{"@id":"https:\/\/exceladvisor.org\/pt\/#organization"},"potentialAction":[{"@type":"SearchAction","target":{"@type":"EntryPoint","urlTemplate":"https:\/\/exceladvisor.org\/pt\/?s={search_term_string}"},"query-input":{"@type":"PropertyValueSpecification","valueRequired":true,"valueName":"search_term_string"}}],"inLanguage":"pt-PT"},{"@type":"Organization","@id":"https:\/\/exceladvisor.org\/pt\/#organization","name":"Excel Advisor","url":"https:\/\/exceladvisor.org\/pt\/","logo":{"@type":"ImageObject","inLanguage":"pt-PT","@id":"https:\/\/exceladvisor.org\/pt\/#\/schema\/logo\/image\/","url":"https:\/\/exceladvisor.org\/pt\/wp-content\/uploads\/2023\/12\/exceladvisor.org_.png","contentUrl":"https:\/\/exceladvisor.org\/pt\/wp-content\/uploads\/2023\/12\/exceladvisor.org_.png","width":105,"height":36,"caption":"Excel Advisor"},"image":{"@id":"https:\/\/exceladvisor.org\/pt\/#\/schema\/logo\/image\/"}}]}},"yoast_meta":{"yoast_wpseo_title":"","yoast_wpseo_metadesc":"","yoast_wpseo_canonical":""},"_links":{"self":[{"href":"https:\/\/exceladvisor.org\/pt\/wp-json\/wp\/v2\/pages\/161","targetHints":{"allow":["GET"]}}],"collection":[{"href":"https:\/\/exceladvisor.org\/pt\/wp-json\/wp\/v2\/pages"}],"about":[{"href":"https:\/\/exceladvisor.org\/pt\/wp-json\/wp\/v2\/types\/page"}],"author":[{"embeddable":true,"href":"https:\/\/exceladvisor.org\/pt\/wp-json\/wp\/v2\/users\/1"}],"replies":[{"embeddable":true,"href":"https:\/\/exceladvisor.org\/pt\/wp-json\/wp\/v2\/comments?post=161"}],"version-history":[{"count":1,"href":"https:\/\/exceladvisor.org\/pt\/wp-json\/wp\/v2\/pages\/161\/revisions"}],"predecessor-version":[{"id":1144,"href":"https:\/\/exceladvisor.org\/pt\/wp-json\/wp\/v2\/pages\/161\/revisions\/1144"}],"wp:attachment":[{"href":"https:\/\/exceladvisor.org\/pt\/wp-json\/wp\/v2\/media?parent=161"}],"curies":[{"name":"wp","href":"https:\/\/api.w.org\/{rel}","templated":true}]}}