{"id":162,"date":"2023-11-14T15:37:40","date_gmt":"2023-11-14T15:37:40","guid":{"rendered":"https:\/\/exceladvisor.org\/pt\/alca-de-enchimento\/"},"modified":"2023-12-06T11:42:29","modified_gmt":"2023-12-06T11:42:29","slug":"alca-de-enchimento","status":"publish","type":"page","link":"https:\/\/exceladvisor.org\/pt\/alca-de-enchimento\/","title":{"rendered":"Como usar a al\u00e7a de preenchimento no excel?"},"content":{"rendered":"<div class=\"excel-before-content-2\" id=\"excel-882880271\"><script type=\"text\/javascript\">\r\n\tatOptions = {\r\n\t\t'key' : 'c1158f160081d6540a8409e6925dab94',\r\n\t\t'format' : 'iframe',\r\n\t\t'height' : 250,\r\n\t\t'width' : 300,\r\n\t\t'params' : {}\r\n\t};\r\n<\/script>\r\n<script type=\"text\/javascript\" src=\"\/\/www.highperformanceformat.com\/c1158f160081d6540a8409e6925dab94\/invoke.js\"><\/script><\/div><div class=\"excel-before-content\" id=\"excel-2268476072\"><script type=\"text\/javascript\">\r\n\tatOptions = {\r\n\t\t'key' : 'c1158f160081d6540a8409e6925dab94',\r\n\t\t'format' : 'iframe',\r\n\t\t'height' : 250,\r\n\t\t'width' : 300,\r\n\t\t'params' : {}\r\n\t};\r\n<\/script>\r\n<script type=\"text\/javascript\" src=\"\/\/www.highperformanceformat.com\/c1158f160081d6540a8409e6925dab94\/invoke.js\"><\/script><\/div> <p>No Excel, Fill Handle \u00e9 uma ferramenta que preenche automaticamente linhas\/colunas seguindo o padr\u00e3o de valores das c\u00e9lulas selecionadas e cria uma lista de s\u00e9ries.<\/p><p> A al\u00e7a de preenchimento \u00e9 uma pequena caixa preta sempre dispon\u00edvel no canto inferior direito de cada c\u00e9lula, e os usu\u00e1rios s\u00f3 precisam clicar e arrast\u00e1-la com o mouse ou tocar duas vezes nela e ela preencher\u00e1 automaticamente as c\u00e9lulas e criar\u00e1 uma s\u00e9rie baseada nos valores que voc\u00ea possui nas c\u00e9lulas selecionadas.<\/p><p> A al\u00e7a de preenchimento pode ser usada para preencher c\u00e9lulas automaticamente com base no valor que voc\u00ea tem nas c\u00e9lulas iniciais a partir das quais deseja criar uma lista.<\/p><p> O processo de utiliza\u00e7\u00e3o da al\u00e7a de preenchimento para preencher automaticamente a lista com qualquer tipo de valor, como n\u00fameros, datas, dias da semana e f\u00f3rmulas, \u00e9 o mesmo e temos alguns exemplos listados abaixo para ajud\u00e1-lo a entender como funciona a al\u00e7a de preenchimento.<\/p><h4 class=\"wp-block-heading\"> Use a al\u00e7a de preenchimento para preencher automaticamente o modelo de s\u00e9rie num\u00e9rica arrastando e soltando.<\/h4><ol><li> Primeiro, insira o valor em uma c\u00e9lula a partir da qual deseja iniciar a s\u00e9rie, clique e segure a al\u00e7a de preenchimento e arraste at\u00e9 a c\u00e9lula para a qual deseja copiar a s\u00e9rie.<\/li><li> Depois disso, clique e abra o \u00edcone da al\u00e7a de preenchimento e selecione a op\u00e7\u00e3o \u201cPreencher S\u00e9rie\u201d e sua lista ser\u00e1 convertida em uma s\u00e9rie com incrementos de 1. <br><img loading=\"lazy\" decoding=\"async\" title=\"1-s\u00e9rie de n\u00fameros de preenchimento autom\u00e1tico.gif\" src=\"https:\/\/exceladvisor.org\/wp-content\/uploads\/2023\/08\/1-serie-de-numeros-de-remplissage-automatique.gif\" sizes=\"auto, \" srcset=\"\" alt=\"auto-fill-number-series\" width=\"265\" height=\"328\"><\/li><li> Ou insira o valor em pelo menos duas c\u00e9lulas para criar um padr\u00e3o a ser seguido pela al\u00e7a de preenchimento.<\/li><li> Depois disso, selecione ambas as c\u00e9lulas e passe o cursor do mouse sobre o canto inferior direito da c\u00e9lula e um \u00edcone de sinal de mais (+) (al\u00e7a de preenchimento) aparecer\u00e1. <br><img loading=\"lazy\" decoding=\"async\" title=\"2 bot\u00f5es de al\u00e7a de enchimento\" src=\"https:\/\/exceladvisor.org\/wp-content\/uploads\/2023\/08\/2-bouton-de-poignee-de-remplissage.png\" sizes=\"auto, \" srcset=\"\" alt=\"fill-handle-button\" width=\"188\" height=\"348\"><\/li><li> Agora clique e segure o bot\u00e3o do mouse e arraste at\u00e9 a c\u00e9lula na qual deseja preencher automaticamente o padr\u00e3o. <br><img loading=\"lazy\" decoding=\"async\" title=\"3-preenchimento autom\u00e1tico arrastando e soltando.gif\" src=\"https:\/\/exceladvisor.org\/wp-content\/uploads\/2023\/08\/3-remplissage-automatique-par-glisser-deposer.gif\" sizes=\"auto, \" srcset=\"\" alt=\"auto-fill-by-drag-drop\" width=\"233\" height=\"330\"><\/li><\/ol><h2 class=\"wp-block-heading\"> Use a al\u00e7a de preenchimento para preencher automaticamente o modelo de s\u00e9rie num\u00e9rica usando um clique duplo<\/h2><p> Voc\u00ea tamb\u00e9m pode preencher c\u00e9lulas automaticamente simplesmente clicando duas vezes na al\u00e7a de preenchimento, mas para fazer isso voc\u00ea deve ter dados em colunas adjacentes.<\/p><ol><li> Primeiro, insira os valores em pelo menos duas c\u00e9lulas para criar um padr\u00e3o a ser seguido pela al\u00e7a de preenchimento.<\/li><li> Depois disso, selecione ambas as c\u00e9lulas e coloque o cursor do mouse no canto inferior direito da c\u00e9lula, e um \u00edcone de sinal de mais (+) aparecer\u00e1.<\/li><li> Agora basta clicar duas vezes e seu modelo ser\u00e1 copiado para c\u00e9lulas com dados em c\u00e9lulas adjacentes. <\/li><\/ol><div class=\"wp-block-image\"><figure class=\"aligncenter size-full is-resized\"><img loading=\"lazy\" decoding=\"async\" class=\"wp-image-66777\" src=\"https:\/\/exceladvisor.org\/wp-content\/uploads\/2023\/08\/4-poignee-de-remplissage-par-double-clic.gif\" sizes=\"auto, \" srcset=\"\" alt=\"clique duas vezes na al\u00e7a de preenchimento\" width=\"285\" height=\"324\"><\/figure><\/div><p> Nos exemplos acima, usamos o padr\u00e3o de incremento 1 nas duas primeiras c\u00e9lulas selecionadas, ent\u00e3o a al\u00e7a de preenchimento seguiu o mesmo padr\u00e3o e preencheu automaticamente as c\u00e9lulas seguindo o mesmo padr\u00e3o incremental.<\/p><h2 class=\"wp-block-heading\"> Use a al\u00e7a de preenchimento para preencher datas automaticamente<\/h2><p> A al\u00e7a de preenchimento oferece diferentes op\u00e7\u00f5es de escolha no \u00edcone da al\u00e7a de preenchimento com base nos valores inseridos na c\u00e9lula para criar uma lista. Na imagem abaixo voc\u00ea pode ver que consideramos o valor da c\u00e9lula como uma data.<\/p><p> E quando usamos a al\u00e7a de preenchimento para preencher automaticamente as c\u00e9lulas e clicamos no \u00edcone da al\u00e7a de preenchimento, ele nos mostrou mais op\u00e7\u00f5es relacionadas a datas como \u201cPreencher dias, preencher dias da semana, preencher meses, preencher anos\u201d.<\/p><p> E voc\u00ea pode escolher qualquer uma das op\u00e7\u00f5es de acordo com os requisitos da sua lista. <\/p><div class=\"wp-block-image\"><figure class=\"aligncenter size-full is-resized\"><img loading=\"lazy\" decoding=\"async\" class=\"wp-image-66778\" src=\"https:\/\/exceladvisor.org\/wp-content\/uploads\/2023\/08\/5-valeurs-de-date-de-remplissage-automatique.gif\" sizes=\"auto, \" srcset=\"\" alt=\"valores de data de preenchimento autom\u00e1tico\" width=\"310\" height=\"414\"><\/figure><\/div><h2 class=\"wp-block-heading\"> Op\u00e7\u00f5es de al\u00e7a de preenchimento<\/h2><p> Algumas das op\u00e7\u00f5es do \u00edcone da al\u00e7a de preenchimento, como &#8220;Copiar c\u00e9lulas, Preencher s\u00e9rie, Preencher apenas formata\u00e7\u00e3o, Preencher sem formata\u00e7\u00e3o e Preencher Flash&#8221; permanecem constantes todas as vezes, mas algumas op\u00e7\u00f5es podem variar dependendo das configura\u00e7\u00f5es. valores de c\u00e9lulas.<\/p><p> Por exemplo, se o valor da sua c\u00e9lula for o nome de um dia, ele mostrar\u00e1 2 a 3 op\u00e7\u00f5es adicionais relacionadas apenas \u00e0 formata\u00e7\u00e3o do nome do dia. Descrevemos algumas op\u00e7\u00f5es de al\u00e7a de preenchimento amplamente utilizadas abaixo:<\/p><ol><li> <strong>Copiar c\u00e9lulas:<\/strong> esta op\u00e7\u00e3o simplesmente copia e cola o valor das c\u00e9lulas selecionadas.<\/li><li> <strong>Preencher s\u00e9rie:<\/strong> esta op\u00e7\u00e3o preenche c\u00e9lulas serialmente com incrementos de 1.<\/li><li> <strong>Preencher apenas formata\u00e7\u00e3o:<\/strong> esta op\u00e7\u00e3o preenche apenas a formata\u00e7\u00e3o nas c\u00e9lulas e n\u00e3o nos valores.<\/li><li> <strong>Preencher sem formata\u00e7\u00e3o:<\/strong> esta op\u00e7\u00e3o preenche as c\u00e9lulas com base no padr\u00e3o de valores sem copiar a formata\u00e7\u00e3o.<\/li><li> <strong>Preencher dias:<\/strong> esta op\u00e7\u00e3o preenche c\u00e9lulas com uma s\u00e9rie de nomes de dias.<\/li><li> <strong>Preencher Dias da Semana:<\/strong> Esta op\u00e7\u00e3o preenche as c\u00e9lulas com os nomes dos dias, exceto finais de semana (s\u00e1bado e domingo).<\/li><li> <strong>Preencher Meses:<\/strong> Esta op\u00e7\u00e3o cria a lista incrementando apenas os meses e a data e o ano permanecem constantes.<\/li><li> <strong>Preencher Anos:<\/strong> Esta op\u00e7\u00e3o cria a lista incrementando apenas os anos e a data e o m\u00eas permanecem constantes.<\/li><\/ol><div class=\"gb-container gb-container-4db6181c gb-container-mt\"> <a class=\"gb-button gb-button-c5897111 gb-button-text gb-button-mt-button\" href=\"https:\/\/exceladvisor.org\/pt\/nocoes-basicas-de-excel\/\">No\u00e7\u00f5es b\u00e1sicas do Microsoft Excel (componentes, pe\u00e7as e notas de conhecimento)<\/a><h2 class=\"gb-headline gb-headline-665e5f6b gb-headline-text gb-headline-mt-heading\"> Tutoriais relacionados <\/h2><div class=\"gb-grid-wrapper gb-grid-wrapper-a20baf7c gb-grid-wrapper-mt-grid\"><div class=\"gb-grid-column gb-grid-column-65ddf67e\"><div class=\"gb-container gb-container-65ddf67e\"><ul><li> <a href=\"https:\/\/exceladvisor.org\/pt\/justificar-completamente\/\">Preencha Justificar no Excel<\/a><\/li><li> <a href=\"https:\/\/exceladvisor.org\/pt\/barra-de-formulas-do-excel\/\">Barra de f\u00f3rmulas no Excel<\/a><\/li><li> <a href=\"https:\/\/exceladvisor.org\/pt\/governante\/\">Mostrar r\u00e9gua no Excel<\/a><\/li><li> <a href=\"https:\/\/exceladvisor.org\/pt\/formato-de-pintor\/\">Pintor de formato no Excel<\/a> <\/li><\/ul><\/div><\/div><div class=\"gb-grid-column gb-grid-column-50067b57\"><div class=\"gb-container gb-container-50067b57\"><ul><li> <a href=\"https:\/\/exceladvisor.org\/pt\/ampliacao\/\">Amplie ou reduza o zoom no Excel<\/a><\/li><li> <a href=\"https:\/\/exceladvisor.org\/pt\/opcoes\/\">Op\u00e7\u00f5es do Excel (Mac e Windows)<\/a><\/li><li> <a href=\"https:\/\/exceladvisor.org\/pt\/caixa-de-dialogo\/\">Caixa de di\u00e1logo no Excel<\/a><\/li><li> <a href=\"https:\/\/exceladvisor.org\/pt\/congelar-as-venezianas\/\">Congelar panelas no Excel<\/a><\/li><\/ul><\/div><\/div><\/div><\/div>","protected":false},"excerpt":{"rendered":"","protected":false},"author":1,"featured_media":0,"parent":0,"menu_order":0,"comment_status":"open","ping_status":"closed","template":"","meta":{"ub_ctt_via":"","footnotes":""},"class_list":["post-162","page","type-page","status-publish","hentry"],"featured_image_src":null,"yoast_head":"<!-- This site is optimized with the Yoast SEO plugin v25.4 - https:\/\/yoast.com\/wordpress\/plugins\/seo\/ -->\n<title>\u25b7 Como usar a al\u00e7a de preenchimento no Excel?<\/title>\n<meta name=\"description\" content=\"Neste tutorial, voc\u00ea aprender\u00e1 diferentes maneiras de usar a al\u00e7a de preenchimento no Excel usando tr\u00eas exemplos f\u00e1ceis de seguir.\" \/>\n<meta name=\"robots\" content=\"index, follow, max-snippet:-1, max-image-preview:large, max-video-preview:-1\" \/>\n<link rel=\"canonical\" href=\"https:\/\/exceladvisor.org\/pt\/alca-de-enchimento\/\" \/>\n<meta property=\"og:locale\" content=\"pt_PT\" \/>\n<meta property=\"og:type\" content=\"article\" \/>\n<meta property=\"og:title\" content=\"\u25b7 Como usar a al\u00e7a de preenchimento no Excel?\" \/>\n<meta property=\"og:description\" content=\"Neste tutorial, voc\u00ea aprender\u00e1 diferentes maneiras de usar a al\u00e7a de preenchimento no Excel usando tr\u00eas exemplos f\u00e1ceis de seguir.\" \/>\n<meta property=\"og:url\" content=\"https:\/\/exceladvisor.org\/pt\/alca-de-enchimento\/\" \/>\n<meta property=\"og:site_name\" content=\"Excel Advisor\" \/>\n<meta property=\"article:modified_time\" content=\"2023-12-06T11:42:29+00:00\" \/>\n<meta property=\"og:image\" content=\"https:\/\/exceladvisor.org\/wp-content\/uploads\/2023\/08\/1-serie-de-numeros-de-remplissage-automatique.gif\" \/>\n<meta name=\"twitter:card\" content=\"summary_large_image\" \/>\n<meta name=\"twitter:label1\" content=\"Tempo estimado de leitura\" \/>\n\t<meta name=\"twitter:data1\" content=\"5 minutos\" \/>\n<script type=\"application\/ld+json\" class=\"yoast-schema-graph\">{\"@context\":\"https:\/\/schema.org\",\"@graph\":[{\"@type\":\"WebPage\",\"@id\":\"https:\/\/exceladvisor.org\/pt\/alca-de-enchimento\/\",\"url\":\"https:\/\/exceladvisor.org\/pt\/alca-de-enchimento\/\",\"name\":\"\u25b7 Como usar a al\u00e7a de preenchimento no Excel?\",\"isPartOf\":{\"@id\":\"https:\/\/exceladvisor.org\/pt\/#website\"},\"primaryImageOfPage\":{\"@id\":\"https:\/\/exceladvisor.org\/pt\/alca-de-enchimento\/#primaryimage\"},\"image\":{\"@id\":\"https:\/\/exceladvisor.org\/pt\/alca-de-enchimento\/#primaryimage\"},\"thumbnailUrl\":\"https:\/\/exceladvisor.org\/wp-content\/uploads\/2023\/08\/1-serie-de-numeros-de-remplissage-automatique.gif\",\"datePublished\":\"2023-11-14T15:37:40+00:00\",\"dateModified\":\"2023-12-06T11:42:29+00:00\",\"description\":\"Neste tutorial, voc\u00ea aprender\u00e1 diferentes maneiras de usar a al\u00e7a de preenchimento no Excel usando tr\u00eas exemplos f\u00e1ceis de seguir.\",\"breadcrumb\":{\"@id\":\"https:\/\/exceladvisor.org\/pt\/alca-de-enchimento\/#breadcrumb\"},\"inLanguage\":\"pt-PT\",\"potentialAction\":[{\"@type\":\"ReadAction\",\"target\":[\"https:\/\/exceladvisor.org\/pt\/alca-de-enchimento\/\"]}]},{\"@type\":\"ImageObject\",\"inLanguage\":\"pt-PT\",\"@id\":\"https:\/\/exceladvisor.org\/pt\/alca-de-enchimento\/#primaryimage\",\"url\":\"https:\/\/exceladvisor.org\/wp-content\/uploads\/2023\/08\/1-serie-de-numeros-de-remplissage-automatique.gif\",\"contentUrl\":\"https:\/\/exceladvisor.org\/wp-content\/uploads\/2023\/08\/1-serie-de-numeros-de-remplissage-automatique.gif\"},{\"@type\":\"BreadcrumbList\",\"@id\":\"https:\/\/exceladvisor.org\/pt\/alca-de-enchimento\/#breadcrumb\",\"itemListElement\":[{\"@type\":\"ListItem\",\"position\":1,\"name\":\"Lar\",\"item\":\"https:\/\/exceladvisor.org\/pt\/\"},{\"@type\":\"ListItem\",\"position\":2,\"name\":\"Como usar a al\u00e7a de preenchimento no excel?\"}]},{\"@type\":\"WebSite\",\"@id\":\"https:\/\/exceladvisor.org\/pt\/#website\",\"url\":\"https:\/\/exceladvisor.org\/pt\/\",\"name\":\"Excel Advisor\",\"description\":\"O seu guia definitivo para dominar os dados!\",\"publisher\":{\"@id\":\"https:\/\/exceladvisor.org\/pt\/#organization\"},\"potentialAction\":[{\"@type\":\"SearchAction\",\"target\":{\"@type\":\"EntryPoint\",\"urlTemplate\":\"https:\/\/exceladvisor.org\/pt\/?s={search_term_string}\"},\"query-input\":{\"@type\":\"PropertyValueSpecification\",\"valueRequired\":true,\"valueName\":\"search_term_string\"}}],\"inLanguage\":\"pt-PT\"},{\"@type\":\"Organization\",\"@id\":\"https:\/\/exceladvisor.org\/pt\/#organization\",\"name\":\"Excel Advisor\",\"url\":\"https:\/\/exceladvisor.org\/pt\/\",\"logo\":{\"@type\":\"ImageObject\",\"inLanguage\":\"pt-PT\",\"@id\":\"https:\/\/exceladvisor.org\/pt\/#\/schema\/logo\/image\/\",\"url\":\"https:\/\/exceladvisor.org\/pt\/wp-content\/uploads\/2023\/12\/exceladvisor.org_.png\",\"contentUrl\":\"https:\/\/exceladvisor.org\/pt\/wp-content\/uploads\/2023\/12\/exceladvisor.org_.png\",\"width\":105,\"height\":36,\"caption\":\"Excel Advisor\"},\"image\":{\"@id\":\"https:\/\/exceladvisor.org\/pt\/#\/schema\/logo\/image\/\"}}]}<\/script>\n<!-- \/ Yoast SEO plugin. -->","yoast_head_json":{"title":"\u25b7 Como usar a al\u00e7a de preenchimento no Excel?","description":"Neste tutorial, voc\u00ea aprender\u00e1 diferentes maneiras de usar a al\u00e7a de preenchimento no Excel usando tr\u00eas exemplos f\u00e1ceis de seguir.","robots":{"index":"index","follow":"follow","max-snippet":"max-snippet:-1","max-image-preview":"max-image-preview:large","max-video-preview":"max-video-preview:-1"},"canonical":"https:\/\/exceladvisor.org\/pt\/alca-de-enchimento\/","og_locale":"pt_PT","og_type":"article","og_title":"\u25b7 Como usar a al\u00e7a de preenchimento no Excel?","og_description":"Neste tutorial, voc\u00ea aprender\u00e1 diferentes maneiras de usar a al\u00e7a de preenchimento no Excel usando tr\u00eas exemplos f\u00e1ceis de seguir.","og_url":"https:\/\/exceladvisor.org\/pt\/alca-de-enchimento\/","og_site_name":"Excel Advisor","article_modified_time":"2023-12-06T11:42:29+00:00","og_image":[{"url":"https:\/\/exceladvisor.org\/wp-content\/uploads\/2023\/08\/1-serie-de-numeros-de-remplissage-automatique.gif","type":"","width":"","height":""}],"twitter_card":"summary_large_image","twitter_misc":{"Tempo estimado de leitura":"5 minutos"},"schema":{"@context":"https:\/\/schema.org","@graph":[{"@type":"WebPage","@id":"https:\/\/exceladvisor.org\/pt\/alca-de-enchimento\/","url":"https:\/\/exceladvisor.org\/pt\/alca-de-enchimento\/","name":"\u25b7 Como usar a al\u00e7a de preenchimento no Excel?","isPartOf":{"@id":"https:\/\/exceladvisor.org\/pt\/#website"},"primaryImageOfPage":{"@id":"https:\/\/exceladvisor.org\/pt\/alca-de-enchimento\/#primaryimage"},"image":{"@id":"https:\/\/exceladvisor.org\/pt\/alca-de-enchimento\/#primaryimage"},"thumbnailUrl":"https:\/\/exceladvisor.org\/wp-content\/uploads\/2023\/08\/1-serie-de-numeros-de-remplissage-automatique.gif","datePublished":"2023-11-14T15:37:40+00:00","dateModified":"2023-12-06T11:42:29+00:00","description":"Neste tutorial, voc\u00ea aprender\u00e1 diferentes maneiras de usar a al\u00e7a de preenchimento no Excel usando tr\u00eas exemplos f\u00e1ceis de seguir.","breadcrumb":{"@id":"https:\/\/exceladvisor.org\/pt\/alca-de-enchimento\/#breadcrumb"},"inLanguage":"pt-PT","potentialAction":[{"@type":"ReadAction","target":["https:\/\/exceladvisor.org\/pt\/alca-de-enchimento\/"]}]},{"@type":"ImageObject","inLanguage":"pt-PT","@id":"https:\/\/exceladvisor.org\/pt\/alca-de-enchimento\/#primaryimage","url":"https:\/\/exceladvisor.org\/wp-content\/uploads\/2023\/08\/1-serie-de-numeros-de-remplissage-automatique.gif","contentUrl":"https:\/\/exceladvisor.org\/wp-content\/uploads\/2023\/08\/1-serie-de-numeros-de-remplissage-automatique.gif"},{"@type":"BreadcrumbList","@id":"https:\/\/exceladvisor.org\/pt\/alca-de-enchimento\/#breadcrumb","itemListElement":[{"@type":"ListItem","position":1,"name":"Lar","item":"https:\/\/exceladvisor.org\/pt\/"},{"@type":"ListItem","position":2,"name":"Como usar a al\u00e7a de preenchimento no excel?"}]},{"@type":"WebSite","@id":"https:\/\/exceladvisor.org\/pt\/#website","url":"https:\/\/exceladvisor.org\/pt\/","name":"Excel Advisor","description":"O seu guia definitivo para dominar os dados!","publisher":{"@id":"https:\/\/exceladvisor.org\/pt\/#organization"},"potentialAction":[{"@type":"SearchAction","target":{"@type":"EntryPoint","urlTemplate":"https:\/\/exceladvisor.org\/pt\/?s={search_term_string}"},"query-input":{"@type":"PropertyValueSpecification","valueRequired":true,"valueName":"search_term_string"}}],"inLanguage":"pt-PT"},{"@type":"Organization","@id":"https:\/\/exceladvisor.org\/pt\/#organization","name":"Excel Advisor","url":"https:\/\/exceladvisor.org\/pt\/","logo":{"@type":"ImageObject","inLanguage":"pt-PT","@id":"https:\/\/exceladvisor.org\/pt\/#\/schema\/logo\/image\/","url":"https:\/\/exceladvisor.org\/pt\/wp-content\/uploads\/2023\/12\/exceladvisor.org_.png","contentUrl":"https:\/\/exceladvisor.org\/pt\/wp-content\/uploads\/2023\/12\/exceladvisor.org_.png","width":105,"height":36,"caption":"Excel Advisor"},"image":{"@id":"https:\/\/exceladvisor.org\/pt\/#\/schema\/logo\/image\/"}}]}},"yoast_meta":{"yoast_wpseo_title":"","yoast_wpseo_metadesc":"","yoast_wpseo_canonical":""},"_links":{"self":[{"href":"https:\/\/exceladvisor.org\/pt\/wp-json\/wp\/v2\/pages\/162","targetHints":{"allow":["GET"]}}],"collection":[{"href":"https:\/\/exceladvisor.org\/pt\/wp-json\/wp\/v2\/pages"}],"about":[{"href":"https:\/\/exceladvisor.org\/pt\/wp-json\/wp\/v2\/types\/page"}],"author":[{"embeddable":true,"href":"https:\/\/exceladvisor.org\/pt\/wp-json\/wp\/v2\/users\/1"}],"replies":[{"embeddable":true,"href":"https:\/\/exceladvisor.org\/pt\/wp-json\/wp\/v2\/comments?post=162"}],"version-history":[{"count":1,"href":"https:\/\/exceladvisor.org\/pt\/wp-json\/wp\/v2\/pages\/162\/revisions"}],"predecessor-version":[{"id":1214,"href":"https:\/\/exceladvisor.org\/pt\/wp-json\/wp\/v2\/pages\/162\/revisions\/1214"}],"wp:attachment":[{"href":"https:\/\/exceladvisor.org\/pt\/wp-json\/wp\/v2\/media?parent=162"}],"curies":[{"name":"wp","href":"https:\/\/api.w.org\/{rel}","templated":true}]}}