{"id":163,"date":"2023-11-14T15:29:45","date_gmt":"2023-11-14T15:29:45","guid":{"rendered":"https:\/\/exceladvisor.org\/pt\/valores-maximos-medios\/"},"modified":"2023-12-06T11:35:00","modified_gmt":"2023-12-06T11:35:00","slug":"valores-maximos-medios","status":"publish","type":"page","link":"https:\/\/exceladvisor.org\/pt\/valores-maximos-medios\/","title":{"rendered":"Como calcular a m\u00e9dia dos 5 valores top no excel?"},"content":{"rendered":"<div class=\"excel-before-content-2\" id=\"excel-2714322195\"><script type=\"text\/javascript\">\r\n\tatOptions = {\r\n\t\t'key' : 'c1158f160081d6540a8409e6925dab94',\r\n\t\t'format' : 'iframe',\r\n\t\t'height' : 250,\r\n\t\t'width' : 300,\r\n\t\t'params' : {}\r\n\t};\r\n<\/script>\r\n<script type=\"text\/javascript\" src=\"\/\/www.highperformanceformat.com\/c1158f160081d6540a8409e6925dab94\/invoke.js\"><\/script><\/div><div class=\"excel-before-content\" id=\"excel-3112944932\"><script type=\"text\/javascript\">\r\n\tatOptions = {\r\n\t\t'key' : 'c1158f160081d6540a8409e6925dab94',\r\n\t\t'format' : 'iframe',\r\n\t\t'height' : 250,\r\n\t\t'width' : 300,\r\n\t\t'params' : {}\r\n\t};\r\n<\/script>\r\n<script type=\"text\/javascript\" src=\"\/\/www.highperformanceformat.com\/c1158f160081d6540a8409e6925dab94\/invoke.js\"><\/script><\/div> <p>Digamos que voc\u00ea tenha uma linha de 20 produtos em sua empresa e dados de vendas mensais de todos os 20 produtos.<\/p><p> A partir desses dados, voc\u00ea deseja calcular a m\u00e9dia dos 5 principais produtos. Resumindo, voc\u00ea deseja obter a m\u00e9dia dos 5 primeiros valores desses dados. Veja o exemplo abaixo. <\/p><div class=\"wp-block-image\"><figure class=\"aligncenter\"><img decoding=\"async\" src=\"https:\/\/exceladvisor.org\/wp-content\/uploads\/2023\/08\/ventes-de-produits-pour-obtenir-la-moyenne-des-5-meilleurs.png\" sizes=\"\" srcset=\"\" alt=\"vendas de produtos para obter a m\u00e9dia dos 5 primeiros\"><\/figure><\/div><h2 class=\"wp-block-heading\"> F\u00f3rmula: valores m\u00e9dios do TOP 5<\/h2><p> Para calcular a m\u00e9dia das 5 primeiras pontua\u00e7\u00f5es da lista, voc\u00ea pode usar uma f\u00f3rmula baseada na combina\u00e7\u00e3o de GRANDE e M\u00c9DIA. E a f\u00f3rmula ser\u00e1: <\/p><pre class=\"wp-block-code\"> <code class=\"language-excel-formula\" lang=\"excel-formula\">=AVERAGE(LARGE(B2:B21,{1,2,3,4,5}))<\/code><\/pre><div class=\"wp-block-image\"><figure class=\"aligncenter\"><img decoding=\"async\" src=\"https:\/\/exceladvisor.org\/wp-content\/uploads\/2023\/08\/formule-pour-obtenir-la-moyenne-des-5-premiers.png\" sizes=\"\" srcset=\"\" alt=\"f\u00f3rmula para obter a m\u00e9dia dos 5 primeiros\"><\/figure><\/div><h3 class=\"wp-block-heading\"> Como funciona essa f\u00f3rmula?<\/h3><p> Para entender esta f\u00f3rmula, \u00e9 necess\u00e1rio dividi-la em duas partes. Na primeira parte, usamos a fun\u00e7\u00e3o LARGE.<\/p><h4 class=\"wp-block-heading\"> Fun\u00e7\u00e3o LARGA<\/h4><p> A fun\u00e7\u00e3o LARGE pode retornar o en\u00e9simo maior valor dos dados. Se voc\u00ea especificar 2 como o en\u00e9simo valor, ele retornar\u00e1 o segundo valor mais alto dos dados.<\/p><p> Aqui voc\u00ea precisa dos primeiros 5 valores, e n\u00e3o apenas de um, para tirar a m\u00e9dia deles. Para isso voc\u00ea precisa inserir a tabela abaixo como en\u00e9simo valor.<\/p><p> {1,2,3,4,5}<\/p><p> Quando voc\u00ea insere isso na fun\u00e7\u00e3o, ela retorna um array dos 5 primeiros valores, assim como o mostrado abaixo. <\/p><div class=\"wp-block-image\"><figure class=\"aligncenter\"><img decoding=\"async\" src=\"https:\/\/exceladvisor.org\/wp-content\/uploads\/2023\/08\/comment-la-grande-formule-fonctionne-pour-obtenir-la-moyenne-des-5-premiers.png\" sizes=\"\" srcset=\"\" alt=\"como funciona a grande f\u00f3rmula para obter a m\u00e9dia dos 5 primeiros\"><\/figure><\/div><p> <strong>Em \u00faltima an\u00e1lise<\/strong> , a fun\u00e7\u00e3o m\u00e9dia retorna a m\u00e9dia desses valores. Aqui voc\u00ea precisa entender que a fun\u00e7\u00e3o m\u00e9dia pode receber um array sem inserir nenhuma f\u00f3rmula como CTRL+SHIFT+ENTER. <\/p><div class=\"gb-container gb-container-52dfcee1 gb-container-sample-file\"><h2 class=\"gb-headline gb-headline-e289c143 gb-headline-text gb-headline-4f7959c2\"> Obtenha o arquivo Excel<\/h2><p> <a class=\"gb-button gb-button-e88d6bee gb-button-text gb-button-button1\" href=\"https:\/\/exceladvisor.org\/wp-content\/uploads\/2023\/11\/moyenne-des-cinq-premieres-valeurs.xlsx\" rel=\"nofollow\">Download<\/a><\/p><\/div><div class=\"gb-container gb-container-0df56012 gb-container-mt\"> <a class=\"gb-button gb-button-f9f432f4 gb-button-text gb-button-mt-button\" href=\"https:\/\/exceladvisor.org\/pt\/formulas\/\">Lista de f\u00f3rmulas do Excel<\/a><h2 class=\"gb-headline gb-headline-233444e8 gb-headline-text gb-headline-mt-heading\"> F\u00f3rmulas relacionadas <\/h2><div class=\"gb-grid-wrapper gb-grid-wrapper-a16fa65c gb-grid-wrapper-mt-grid\"><div class=\"gb-grid-column gb-grid-column-50d07e0d\"><div class=\"gb-container gb-container-50d07e0d\"><ul><li> <a href=\"https:\/\/exceladvisor.org\/pt\/media-ponderada\/\">Calcular m\u00e9dia ponderada no Excel<\/a><\/li><li> <a href=\"https:\/\/exceladvisor.org\/pt\/media-de-erros-ignorados-2\/\">Erros m\u00e9dios, mas ignorados (#N\/A e outros erros)<\/a><\/li><li> <a href=\"https:\/\/exceladvisor.org\/pt\/a-media-exclui-zeros-2\/\">N\u00famero m\u00e9dio, mas exclui zeros<\/a><\/li><li> <a href=\"https:\/\/exceladvisor.org\/pt\/media-de-celulas-nao-vazias-2\/\">M\u00e9dia apenas de c\u00e9lulas n\u00e3o vazias<\/a><\/li><li> <a href=\"https:\/\/exceladvisor.org\/pt\/porcentagem-media-2\/\">Calcule a m\u00e9dia dos valores percentuais<\/a><\/li><\/ul><\/div><\/div><\/div><\/div>","protected":false},"excerpt":{"rendered":"","protected":false},"author":1,"featured_media":0,"parent":0,"menu_order":0,"comment_status":"open","ping_status":"closed","template":"","meta":{"ub_ctt_via":"","footnotes":""},"class_list":["post-163","page","type-page","status-publish","hentry"],"featured_image_src":null,"yoast_head":"<!-- This site is optimized with the Yoast SEO plugin v25.4 - https:\/\/yoast.com\/wordpress\/plugins\/seo\/ -->\n<title>Como calcular a m\u00e9dia dos 5 valores TOP no Excel?<\/title>\n<meta name=\"description\" content=\"Para calcular a m\u00e9dia das 5 primeiras pontua\u00e7\u00f5es da lista, voc\u00ea pode usar uma f\u00f3rmula baseada na combina\u00e7\u00e3o de GRANDE e M\u00c9DIA.\" \/>\n<meta name=\"robots\" content=\"index, follow, max-snippet:-1, max-image-preview:large, max-video-preview:-1\" \/>\n<link rel=\"canonical\" href=\"https:\/\/exceladvisor.org\/pt\/valores-maximos-medios\/\" \/>\n<meta property=\"og:locale\" content=\"pt_PT\" \/>\n<meta property=\"og:type\" content=\"article\" \/>\n<meta property=\"og:title\" content=\"Como calcular a m\u00e9dia dos 5 valores TOP no Excel?\" \/>\n<meta property=\"og:description\" content=\"Para calcular a m\u00e9dia das 5 primeiras pontua\u00e7\u00f5es da lista, voc\u00ea pode usar uma f\u00f3rmula baseada na combina\u00e7\u00e3o de GRANDE e M\u00c9DIA.\" \/>\n<meta property=\"og:url\" content=\"https:\/\/exceladvisor.org\/pt\/valores-maximos-medios\/\" \/>\n<meta property=\"og:site_name\" content=\"Excel Advisor\" \/>\n<meta property=\"article:modified_time\" content=\"2023-12-06T11:35:00+00:00\" \/>\n<meta property=\"og:image\" content=\"https:\/\/exceladvisor.org\/wp-content\/uploads\/2023\/08\/ventes-de-produits-pour-obtenir-la-moyenne-des-5-meilleurs.png\" \/>\n<meta name=\"twitter:card\" content=\"summary_large_image\" \/>\n<meta name=\"twitter:label1\" content=\"Tempo estimado de leitura\" \/>\n\t<meta name=\"twitter:data1\" content=\"1 minuto\" \/>\n<script type=\"application\/ld+json\" class=\"yoast-schema-graph\">{\"@context\":\"https:\/\/schema.org\",\"@graph\":[{\"@type\":\"WebPage\",\"@id\":\"https:\/\/exceladvisor.org\/pt\/valores-maximos-medios\/\",\"url\":\"https:\/\/exceladvisor.org\/pt\/valores-maximos-medios\/\",\"name\":\"Como calcular a m\u00e9dia dos 5 valores TOP no Excel?\",\"isPartOf\":{\"@id\":\"https:\/\/exceladvisor.org\/pt\/#website\"},\"primaryImageOfPage\":{\"@id\":\"https:\/\/exceladvisor.org\/pt\/valores-maximos-medios\/#primaryimage\"},\"image\":{\"@id\":\"https:\/\/exceladvisor.org\/pt\/valores-maximos-medios\/#primaryimage\"},\"thumbnailUrl\":\"https:\/\/exceladvisor.org\/wp-content\/uploads\/2023\/08\/ventes-de-produits-pour-obtenir-la-moyenne-des-5-meilleurs.png\",\"datePublished\":\"2023-11-14T15:29:45+00:00\",\"dateModified\":\"2023-12-06T11:35:00+00:00\",\"description\":\"Para calcular a m\u00e9dia das 5 primeiras pontua\u00e7\u00f5es da lista, voc\u00ea pode usar uma f\u00f3rmula baseada na combina\u00e7\u00e3o de GRANDE e M\u00c9DIA.\",\"breadcrumb\":{\"@id\":\"https:\/\/exceladvisor.org\/pt\/valores-maximos-medios\/#breadcrumb\"},\"inLanguage\":\"pt-PT\",\"potentialAction\":[{\"@type\":\"ReadAction\",\"target\":[\"https:\/\/exceladvisor.org\/pt\/valores-maximos-medios\/\"]}]},{\"@type\":\"ImageObject\",\"inLanguage\":\"pt-PT\",\"@id\":\"https:\/\/exceladvisor.org\/pt\/valores-maximos-medios\/#primaryimage\",\"url\":\"https:\/\/exceladvisor.org\/wp-content\/uploads\/2023\/08\/ventes-de-produits-pour-obtenir-la-moyenne-des-5-meilleurs.png\",\"contentUrl\":\"https:\/\/exceladvisor.org\/wp-content\/uploads\/2023\/08\/ventes-de-produits-pour-obtenir-la-moyenne-des-5-meilleurs.png\"},{\"@type\":\"BreadcrumbList\",\"@id\":\"https:\/\/exceladvisor.org\/pt\/valores-maximos-medios\/#breadcrumb\",\"itemListElement\":[{\"@type\":\"ListItem\",\"position\":1,\"name\":\"Lar\",\"item\":\"https:\/\/exceladvisor.org\/pt\/\"},{\"@type\":\"ListItem\",\"position\":2,\"name\":\"Como calcular a m\u00e9dia dos 5 valores top no excel?\"}]},{\"@type\":\"WebSite\",\"@id\":\"https:\/\/exceladvisor.org\/pt\/#website\",\"url\":\"https:\/\/exceladvisor.org\/pt\/\",\"name\":\"Excel Advisor\",\"description\":\"O seu guia definitivo para dominar os dados!\",\"publisher\":{\"@id\":\"https:\/\/exceladvisor.org\/pt\/#organization\"},\"potentialAction\":[{\"@type\":\"SearchAction\",\"target\":{\"@type\":\"EntryPoint\",\"urlTemplate\":\"https:\/\/exceladvisor.org\/pt\/?s={search_term_string}\"},\"query-input\":{\"@type\":\"PropertyValueSpecification\",\"valueRequired\":true,\"valueName\":\"search_term_string\"}}],\"inLanguage\":\"pt-PT\"},{\"@type\":\"Organization\",\"@id\":\"https:\/\/exceladvisor.org\/pt\/#organization\",\"name\":\"Excel Advisor\",\"url\":\"https:\/\/exceladvisor.org\/pt\/\",\"logo\":{\"@type\":\"ImageObject\",\"inLanguage\":\"pt-PT\",\"@id\":\"https:\/\/exceladvisor.org\/pt\/#\/schema\/logo\/image\/\",\"url\":\"https:\/\/exceladvisor.org\/pt\/wp-content\/uploads\/2023\/12\/exceladvisor.org_.png\",\"contentUrl\":\"https:\/\/exceladvisor.org\/pt\/wp-content\/uploads\/2023\/12\/exceladvisor.org_.png\",\"width\":105,\"height\":36,\"caption\":\"Excel Advisor\"},\"image\":{\"@id\":\"https:\/\/exceladvisor.org\/pt\/#\/schema\/logo\/image\/\"}}]}<\/script>\n<!-- \/ Yoast SEO plugin. -->","yoast_head_json":{"title":"Como calcular a m\u00e9dia dos 5 valores TOP no Excel?","description":"Para calcular a m\u00e9dia das 5 primeiras pontua\u00e7\u00f5es da lista, voc\u00ea pode usar uma f\u00f3rmula baseada na combina\u00e7\u00e3o de GRANDE e M\u00c9DIA.","robots":{"index":"index","follow":"follow","max-snippet":"max-snippet:-1","max-image-preview":"max-image-preview:large","max-video-preview":"max-video-preview:-1"},"canonical":"https:\/\/exceladvisor.org\/pt\/valores-maximos-medios\/","og_locale":"pt_PT","og_type":"article","og_title":"Como calcular a m\u00e9dia dos 5 valores TOP no Excel?","og_description":"Para calcular a m\u00e9dia das 5 primeiras pontua\u00e7\u00f5es da lista, voc\u00ea pode usar uma f\u00f3rmula baseada na combina\u00e7\u00e3o de GRANDE e M\u00c9DIA.","og_url":"https:\/\/exceladvisor.org\/pt\/valores-maximos-medios\/","og_site_name":"Excel Advisor","article_modified_time":"2023-12-06T11:35:00+00:00","og_image":[{"url":"https:\/\/exceladvisor.org\/wp-content\/uploads\/2023\/08\/ventes-de-produits-pour-obtenir-la-moyenne-des-5-meilleurs.png","type":"","width":"","height":""}],"twitter_card":"summary_large_image","twitter_misc":{"Tempo estimado de leitura":"1 minuto"},"schema":{"@context":"https:\/\/schema.org","@graph":[{"@type":"WebPage","@id":"https:\/\/exceladvisor.org\/pt\/valores-maximos-medios\/","url":"https:\/\/exceladvisor.org\/pt\/valores-maximos-medios\/","name":"Como calcular a m\u00e9dia dos 5 valores TOP no Excel?","isPartOf":{"@id":"https:\/\/exceladvisor.org\/pt\/#website"},"primaryImageOfPage":{"@id":"https:\/\/exceladvisor.org\/pt\/valores-maximos-medios\/#primaryimage"},"image":{"@id":"https:\/\/exceladvisor.org\/pt\/valores-maximos-medios\/#primaryimage"},"thumbnailUrl":"https:\/\/exceladvisor.org\/wp-content\/uploads\/2023\/08\/ventes-de-produits-pour-obtenir-la-moyenne-des-5-meilleurs.png","datePublished":"2023-11-14T15:29:45+00:00","dateModified":"2023-12-06T11:35:00+00:00","description":"Para calcular a m\u00e9dia das 5 primeiras pontua\u00e7\u00f5es da lista, voc\u00ea pode usar uma f\u00f3rmula baseada na combina\u00e7\u00e3o de GRANDE e M\u00c9DIA.","breadcrumb":{"@id":"https:\/\/exceladvisor.org\/pt\/valores-maximos-medios\/#breadcrumb"},"inLanguage":"pt-PT","potentialAction":[{"@type":"ReadAction","target":["https:\/\/exceladvisor.org\/pt\/valores-maximos-medios\/"]}]},{"@type":"ImageObject","inLanguage":"pt-PT","@id":"https:\/\/exceladvisor.org\/pt\/valores-maximos-medios\/#primaryimage","url":"https:\/\/exceladvisor.org\/wp-content\/uploads\/2023\/08\/ventes-de-produits-pour-obtenir-la-moyenne-des-5-meilleurs.png","contentUrl":"https:\/\/exceladvisor.org\/wp-content\/uploads\/2023\/08\/ventes-de-produits-pour-obtenir-la-moyenne-des-5-meilleurs.png"},{"@type":"BreadcrumbList","@id":"https:\/\/exceladvisor.org\/pt\/valores-maximos-medios\/#breadcrumb","itemListElement":[{"@type":"ListItem","position":1,"name":"Lar","item":"https:\/\/exceladvisor.org\/pt\/"},{"@type":"ListItem","position":2,"name":"Como calcular a m\u00e9dia dos 5 valores top no excel?"}]},{"@type":"WebSite","@id":"https:\/\/exceladvisor.org\/pt\/#website","url":"https:\/\/exceladvisor.org\/pt\/","name":"Excel Advisor","description":"O seu guia definitivo para dominar os dados!","publisher":{"@id":"https:\/\/exceladvisor.org\/pt\/#organization"},"potentialAction":[{"@type":"SearchAction","target":{"@type":"EntryPoint","urlTemplate":"https:\/\/exceladvisor.org\/pt\/?s={search_term_string}"},"query-input":{"@type":"PropertyValueSpecification","valueRequired":true,"valueName":"search_term_string"}}],"inLanguage":"pt-PT"},{"@type":"Organization","@id":"https:\/\/exceladvisor.org\/pt\/#organization","name":"Excel Advisor","url":"https:\/\/exceladvisor.org\/pt\/","logo":{"@type":"ImageObject","inLanguage":"pt-PT","@id":"https:\/\/exceladvisor.org\/pt\/#\/schema\/logo\/image\/","url":"https:\/\/exceladvisor.org\/pt\/wp-content\/uploads\/2023\/12\/exceladvisor.org_.png","contentUrl":"https:\/\/exceladvisor.org\/pt\/wp-content\/uploads\/2023\/12\/exceladvisor.org_.png","width":105,"height":36,"caption":"Excel Advisor"},"image":{"@id":"https:\/\/exceladvisor.org\/pt\/#\/schema\/logo\/image\/"}}]}},"yoast_meta":{"yoast_wpseo_title":"","yoast_wpseo_metadesc":"","yoast_wpseo_canonical":""},"_links":{"self":[{"href":"https:\/\/exceladvisor.org\/pt\/wp-json\/wp\/v2\/pages\/163","targetHints":{"allow":["GET"]}}],"collection":[{"href":"https:\/\/exceladvisor.org\/pt\/wp-json\/wp\/v2\/pages"}],"about":[{"href":"https:\/\/exceladvisor.org\/pt\/wp-json\/wp\/v2\/types\/page"}],"author":[{"embeddable":true,"href":"https:\/\/exceladvisor.org\/pt\/wp-json\/wp\/v2\/users\/1"}],"replies":[{"embeddable":true,"href":"https:\/\/exceladvisor.org\/pt\/wp-json\/wp\/v2\/comments?post=163"}],"version-history":[{"count":1,"href":"https:\/\/exceladvisor.org\/pt\/wp-json\/wp\/v2\/pages\/163\/revisions"}],"predecessor-version":[{"id":871,"href":"https:\/\/exceladvisor.org\/pt\/wp-json\/wp\/v2\/pages\/163\/revisions\/871"}],"wp:attachment":[{"href":"https:\/\/exceladvisor.org\/pt\/wp-json\/wp\/v2\/media?parent=163"}],"curies":[{"name":"wp","href":"https:\/\/api.w.org\/{rel}","templated":true}]}}