{"id":164,"date":"2023-11-14T15:17:07","date_gmt":"2023-11-14T15:17:07","guid":{"rendered":"https:\/\/exceladvisor.org\/pt\/pegue-o-nome-do-dia\/"},"modified":"2023-12-06T11:38:40","modified_gmt":"2023-12-06T11:38:40","slug":"pegue-o-nome-do-dia","status":"publish","type":"page","link":"https:\/\/exceladvisor.org\/pt\/pegue-o-nome-do-dia\/","title":{"rendered":"Como obter o nome do dia de uma data no excel?"},"content":{"rendered":"<div class=\"excel-before-content-2\" id=\"excel-3500749184\"><script type=\"text\/javascript\">\r\n\tatOptions = {\r\n\t\t'key' : 'c1158f160081d6540a8409e6925dab94',\r\n\t\t'format' : 'iframe',\r\n\t\t'height' : 250,\r\n\t\t'width' : 300,\r\n\t\t'params' : {}\r\n\t};\r\n<\/script>\r\n<script type=\"text\/javascript\" src=\"\/\/www.highperformanceformat.com\/c1158f160081d6540a8409e6925dab94\/invoke.js\"><\/script><\/div><div class=\"excel-before-content\" id=\"excel-1214359066\"><script type=\"text\/javascript\">\r\n\tatOptions = {\r\n\t\t'key' : 'c1158f160081d6540a8409e6925dab94',\r\n\t\t'format' : 'iframe',\r\n\t\t'height' : 250,\r\n\t\t'width' : 300,\r\n\t\t'params' : {}\r\n\t};\r\n<\/script>\r\n<script type=\"text\/javascript\" src=\"\/\/www.highperformanceformat.com\/c1158f160081d6540a8409e6925dab94\/invoke.js\"><\/script><\/div> <p class=\"has-text-align-left\">Digamos que voc\u00ea tenha uma data a partir desta data para a qual deseja obter o nome do dia, ou seja, s\u00e1bado, domingo. Isso pode ser feito com uma f\u00f3rmula. Na verdade, diversas f\u00f3rmulas podem ser utilizadas.<\/p><h2 class=\"wp-block-heading\"> Obtenha o nome do dia com a fun\u00e7\u00e3o TEXT<\/h2><p> Voc\u00ea pode usar a fun\u00e7\u00e3o TEXT para extrair o nome de um dia de uma data. Suponha que voc\u00ea tenha uma data na c\u00e9lula A2 e queira obter o nome do dia na c\u00e9lula B2. A f\u00f3rmula ser\u00e1:<\/p><pre class=\"wp-block-code\"> <code class=\"language-excel-formula\" lang=\"excel-formula\">=TEXT(A2,\"DDD\")<\/code><\/pre><p> Esta f\u00f3rmula retornar\u00e1 um nome de dia abreviado da data. E, se quiser um nome de dia completo, voc\u00ea pode usar a f\u00f3rmula abaixo. <\/p><pre class=\"wp-block-code\"> <code class=\"language-excel-formula\" lang=\"excel-formula\">=TEXT(A2,\"DDDD\")<\/code><\/pre><div class=\"wp-block-image\"><figure class=\"aligncenter\"><img decoding=\"async\" src=\"https:\/\/exceladvisor.org\/wp-content\/uploads\/2023\/08\/obtenir-le-nom-du-mois-a-partir-dune-date-avec-une-fonction-de-texte.png\" sizes=\"\" srcset=\"\" alt=\"obter o nome do m\u00eas a partir de uma data com uma fun\u00e7\u00e3o de texto\"><\/figure><\/div><h2 class=\"wp-block-heading\"> Funciona<\/h2><p> Ao se referir \u00e0 data na fun\u00e7\u00e3o TEXTO, voc\u00ea est\u00e1 convertendo esses dados em um formato de texto espec\u00edfico mencionado.<\/p><h2 class=\"wp-block-heading\"> Usando a fun\u00e7\u00e3o SELECT Obtenha o nome do dia<\/h2><p> Este \u00e9 outro m\u00e9todo que voc\u00ea pode usar para extrair o nome de um dia de uma data. E este m\u00e9todo \u00e9 mais flex\u00edvel.<\/p><p> Digamos que voc\u00ea queira usar uma abreviatura personalizada ou obter o nome do dia em outro idioma. A f\u00f3rmula ser\u00e1: <\/p><pre class=\"wp-block-code\"> <code class=\"language-excel-formula\" lang=\"excel-formula\">=CHOOSE(WEEKDAY(A3,2),\"M\",\"Tu\",\"W\",\"Th\",\"F\",\"Sa\",\"Su\")<\/code><\/pre><div class=\"wp-block-image\"><figure class=\"aligncenter\"><img decoding=\"async\" src=\"https:\/\/exceladvisor.org\/wp-content\/uploads\/2023\/08\/obtenir-le-nom-du-mois-a-partir-dune-date-avec-la-fonction-de-choix.png\" sizes=\"\" srcset=\"\" alt=\"obter o nome do m\u00eas a partir de uma data com a fun\u00e7\u00e3o pick\"><\/figure><\/div><h2 class=\"wp-block-heading\"> Como \u00e9 que isso funciona<\/h2><p> Aqui WEEKDAY retorna o n\u00famero de dias em uma semana, ou seja, 1-7. Se o dia for segunda-feira retornar\u00e1 1 e na ter\u00e7a retornar\u00e1 2. Ent\u00e3o para cada dia da semana existe um n\u00famero.<\/p><p> Depois disso, na fun\u00e7\u00e3o CHOOSE voc\u00ea mencionou 7 valores diferentes para 7 dias da semana e quando WEEKDAY retorna um n\u00famero ent\u00e3o CHOOSE retorna o valor com base nesse n\u00famero. Resumindo, voc\u00ea recebe um nome de dia.<\/p><h2 class=\"wp-block-heading\"> Aplicar formata\u00e7\u00e3o personalizada<\/h2><p> Se n\u00e3o quiser extrair o nome de um dia para outra c\u00e9lula, voc\u00ea pode aplicar uma formata\u00e7\u00e3o personalizada para formatar uma data como nome de dia. Por isso:<\/p><ol><li> Selecione todas as c\u00e9lulas e pressione a tecla de atalho Ctrl + 1.<\/li><li> Na guia N\u00famero, selecione Personalizado e digite \u201cddd\u201d ou \u201cdddd\u201d na barra de entrada.<\/li><li> No final, clique em OK. <\/li><\/ol><div class=\"wp-block-image\"><figure class=\"aligncenter\"><img decoding=\"async\" src=\"https:\/\/exceladvisor.org\/wp-content\/uploads\/2023\/08\/obtenir-le-nom-du-mois-a-partir-dune-date-avec-un-formatage-personnalise.png\" sizes=\"\" srcset=\"\" alt=\"obter o nome do m\u00eas a partir de uma data com formata\u00e7\u00e3o personalizada\"><\/figure><\/div><p> Isso converter\u00e1 a data na c\u00e9lula selecionada em um nome de dia.<\/p><p class=\"grey-note\"> Ao aplicar a formata\u00e7\u00e3o personalizada, o valor na c\u00e9lula \u00e9 sempre uma data, bastando alterar sua formata\u00e7\u00e3o. <\/p><div class=\"gb-container gb-container-52dfcee1 gb-container-sample-file\"><h2 class=\"gb-headline gb-headline-e289c143 gb-headline-text gb-headline-4f7959c2\"> Obtenha o arquivo Excel<\/h2><p> <a class=\"gb-button gb-button-e88d6bee gb-button-text gb-button-button1\" href=\"https:\/\/exceladvisor.org\/wp-content\/uploads\/2023\/08\/obtenir-le-nom-du-jour-2.xlsx\" rel=\"nofollow\">Download<\/a><\/p><\/div><div class=\"gb-container gb-container-0df56012 gb-container-mt\"> <a class=\"gb-button gb-button-f9f432f4 gb-button-text gb-button-mt-button\" href=\"https:\/\/exceladvisor.org\/pt\/formulas\/\">Lista de f\u00f3rmulas do Excel<\/a><h2 class=\"gb-headline gb-headline-233444e8 gb-headline-text gb-headline-mt-heading\"> F\u00f3rmulas relacionadas <\/h2><div class=\"gb-grid-wrapper gb-grid-wrapper-a16fa65c gb-grid-wrapper-mt-grid\"><div class=\"gb-grid-column gb-grid-column-50d07e0d\"><div class=\"gb-container gb-container-50d07e0d\"><ul><li> <a href=\"https:\/\/exceladvisor.org\/pt\/adicione-a-data-da-semana\/\">Semana de adi\u00e7\u00e3o e subtra\u00e7\u00e3o de uma data no Excel<\/a><\/li><li> <a href=\"https:\/\/exceladvisor.org\/pt\/dias-do-mes\/\">Obtenha o n\u00famero total de dias dos meses no Excel<\/a><\/li><li> <a href=\"https:\/\/exceladvisor.org\/pt\/meses-dias-uteis\/\">Dias \u00fateis em um m\u00eas<\/a><\/li><li> <a href=\"https:\/\/exceladvisor.org\/pt\/data-para-texto-2\/\">Converter data em texto<\/a> <\/li><\/ul><\/div><\/div><div class=\"gb-grid-column gb-grid-column-5b4a0cf9\"><div class=\"gb-container gb-container-5b4a0cf9\"><ul><li> <a href=\"https:\/\/exceladvisor.org\/pt\/dias-de-contagem-regressiva\/\">Dias de contagem regressiva<\/a><\/li><li> <a href=\"https:\/\/exceladvisor.org\/pt\/dias-entre-duas-datas\/\">Conte os dias entre duas datas<\/a><\/li><li> <a href=\"https:\/\/exceladvisor.org\/pt\/juliana-encontro-2\/\">Converter para data juliana<\/a><\/li><li> <a href=\"https:\/\/exceladvisor.org\/pt\/domingo-anterior-2\/\">Obtenha o domingo anterior<\/a><\/li><\/ul><\/div><\/div><\/div><\/div>","protected":false},"excerpt":{"rendered":"","protected":false},"author":1,"featured_media":0,"parent":0,"menu_order":0,"comment_status":"open","ping_status":"closed","template":"","meta":{"ub_ctt_via":"","footnotes":""},"class_list":["post-164","page","type-page","status-publish","hentry"],"featured_image_src":null,"yoast_head":"<!-- This site is optimized with the Yoast SEO plugin v25.4 - https:\/\/yoast.com\/wordpress\/plugins\/seo\/ -->\n<title>F\u00f3rmula: obter o nome do dia a partir de uma data no Excel?<\/title>\n<meta name=\"description\" content=\"Suponha que voc\u00ea tenha uma data a partir desta data para a qual deseja obter o nome do dia, ou seja, s\u00e1bado, domingo.\" \/>\n<meta name=\"robots\" content=\"index, follow, max-snippet:-1, max-image-preview:large, max-video-preview:-1\" \/>\n<link rel=\"canonical\" href=\"https:\/\/exceladvisor.org\/pt\/pegue-o-nome-do-dia\/\" \/>\n<meta property=\"og:locale\" content=\"pt_PT\" \/>\n<meta property=\"og:type\" content=\"article\" \/>\n<meta property=\"og:title\" content=\"F\u00f3rmula: obter o nome do dia a partir de uma data no Excel?\" \/>\n<meta property=\"og:description\" content=\"Suponha que voc\u00ea tenha uma data a partir desta data para a qual deseja obter o nome do dia, ou seja, s\u00e1bado, domingo.\" \/>\n<meta property=\"og:url\" content=\"https:\/\/exceladvisor.org\/pt\/pegue-o-nome-do-dia\/\" \/>\n<meta property=\"og:site_name\" content=\"Excel Advisor\" \/>\n<meta property=\"article:modified_time\" content=\"2023-12-06T11:38:40+00:00\" \/>\n<meta property=\"og:image\" content=\"https:\/\/exceladvisor.org\/wp-content\/uploads\/2023\/08\/obtenir-le-nom-du-mois-a-partir-dune-date-avec-une-fonction-de-texte.png\" \/>\n<meta name=\"twitter:card\" content=\"summary_large_image\" \/>\n<meta name=\"twitter:label1\" content=\"Tempo estimado de leitura\" \/>\n\t<meta name=\"twitter:data1\" content=\"2 minutos\" \/>\n<script type=\"application\/ld+json\" class=\"yoast-schema-graph\">{\"@context\":\"https:\/\/schema.org\",\"@graph\":[{\"@type\":\"WebPage\",\"@id\":\"https:\/\/exceladvisor.org\/pt\/pegue-o-nome-do-dia\/\",\"url\":\"https:\/\/exceladvisor.org\/pt\/pegue-o-nome-do-dia\/\",\"name\":\"F\u00f3rmula: obter o nome do dia a partir de uma data no Excel?\",\"isPartOf\":{\"@id\":\"https:\/\/exceladvisor.org\/pt\/#website\"},\"primaryImageOfPage\":{\"@id\":\"https:\/\/exceladvisor.org\/pt\/pegue-o-nome-do-dia\/#primaryimage\"},\"image\":{\"@id\":\"https:\/\/exceladvisor.org\/pt\/pegue-o-nome-do-dia\/#primaryimage\"},\"thumbnailUrl\":\"https:\/\/exceladvisor.org\/wp-content\/uploads\/2023\/08\/obtenir-le-nom-du-mois-a-partir-dune-date-avec-une-fonction-de-texte.png\",\"datePublished\":\"2023-11-14T15:17:07+00:00\",\"dateModified\":\"2023-12-06T11:38:40+00:00\",\"description\":\"Suponha que voc\u00ea tenha uma data a partir desta data para a qual deseja obter o nome do dia, ou seja, s\u00e1bado, domingo.\",\"breadcrumb\":{\"@id\":\"https:\/\/exceladvisor.org\/pt\/pegue-o-nome-do-dia\/#breadcrumb\"},\"inLanguage\":\"pt-PT\",\"potentialAction\":[{\"@type\":\"ReadAction\",\"target\":[\"https:\/\/exceladvisor.org\/pt\/pegue-o-nome-do-dia\/\"]}]},{\"@type\":\"ImageObject\",\"inLanguage\":\"pt-PT\",\"@id\":\"https:\/\/exceladvisor.org\/pt\/pegue-o-nome-do-dia\/#primaryimage\",\"url\":\"https:\/\/exceladvisor.org\/wp-content\/uploads\/2023\/08\/obtenir-le-nom-du-mois-a-partir-dune-date-avec-une-fonction-de-texte.png\",\"contentUrl\":\"https:\/\/exceladvisor.org\/wp-content\/uploads\/2023\/08\/obtenir-le-nom-du-mois-a-partir-dune-date-avec-une-fonction-de-texte.png\"},{\"@type\":\"BreadcrumbList\",\"@id\":\"https:\/\/exceladvisor.org\/pt\/pegue-o-nome-do-dia\/#breadcrumb\",\"itemListElement\":[{\"@type\":\"ListItem\",\"position\":1,\"name\":\"Lar\",\"item\":\"https:\/\/exceladvisor.org\/pt\/\"},{\"@type\":\"ListItem\",\"position\":2,\"name\":\"Como obter o nome do dia de uma data no excel?\"}]},{\"@type\":\"WebSite\",\"@id\":\"https:\/\/exceladvisor.org\/pt\/#website\",\"url\":\"https:\/\/exceladvisor.org\/pt\/\",\"name\":\"Excel Advisor\",\"description\":\"O seu guia definitivo para dominar os dados!\",\"publisher\":{\"@id\":\"https:\/\/exceladvisor.org\/pt\/#organization\"},\"potentialAction\":[{\"@type\":\"SearchAction\",\"target\":{\"@type\":\"EntryPoint\",\"urlTemplate\":\"https:\/\/exceladvisor.org\/pt\/?s={search_term_string}\"},\"query-input\":{\"@type\":\"PropertyValueSpecification\",\"valueRequired\":true,\"valueName\":\"search_term_string\"}}],\"inLanguage\":\"pt-PT\"},{\"@type\":\"Organization\",\"@id\":\"https:\/\/exceladvisor.org\/pt\/#organization\",\"name\":\"Excel Advisor\",\"url\":\"https:\/\/exceladvisor.org\/pt\/\",\"logo\":{\"@type\":\"ImageObject\",\"inLanguage\":\"pt-PT\",\"@id\":\"https:\/\/exceladvisor.org\/pt\/#\/schema\/logo\/image\/\",\"url\":\"https:\/\/exceladvisor.org\/pt\/wp-content\/uploads\/2023\/12\/exceladvisor.org_.png\",\"contentUrl\":\"https:\/\/exceladvisor.org\/pt\/wp-content\/uploads\/2023\/12\/exceladvisor.org_.png\",\"width\":105,\"height\":36,\"caption\":\"Excel Advisor\"},\"image\":{\"@id\":\"https:\/\/exceladvisor.org\/pt\/#\/schema\/logo\/image\/\"}}]}<\/script>\n<!-- \/ Yoast SEO plugin. -->","yoast_head_json":{"title":"F\u00f3rmula: obter o nome do dia a partir de uma data no Excel?","description":"Suponha que voc\u00ea tenha uma data a partir desta data para a qual deseja obter o nome do dia, ou seja, s\u00e1bado, domingo.","robots":{"index":"index","follow":"follow","max-snippet":"max-snippet:-1","max-image-preview":"max-image-preview:large","max-video-preview":"max-video-preview:-1"},"canonical":"https:\/\/exceladvisor.org\/pt\/pegue-o-nome-do-dia\/","og_locale":"pt_PT","og_type":"article","og_title":"F\u00f3rmula: obter o nome do dia a partir de uma data no Excel?","og_description":"Suponha que voc\u00ea tenha uma data a partir desta data para a qual deseja obter o nome do dia, ou seja, s\u00e1bado, domingo.","og_url":"https:\/\/exceladvisor.org\/pt\/pegue-o-nome-do-dia\/","og_site_name":"Excel Advisor","article_modified_time":"2023-12-06T11:38:40+00:00","og_image":[{"url":"https:\/\/exceladvisor.org\/wp-content\/uploads\/2023\/08\/obtenir-le-nom-du-mois-a-partir-dune-date-avec-une-fonction-de-texte.png","type":"","width":"","height":""}],"twitter_card":"summary_large_image","twitter_misc":{"Tempo estimado de leitura":"2 minutos"},"schema":{"@context":"https:\/\/schema.org","@graph":[{"@type":"WebPage","@id":"https:\/\/exceladvisor.org\/pt\/pegue-o-nome-do-dia\/","url":"https:\/\/exceladvisor.org\/pt\/pegue-o-nome-do-dia\/","name":"F\u00f3rmula: obter o nome do dia a partir de uma data no Excel?","isPartOf":{"@id":"https:\/\/exceladvisor.org\/pt\/#website"},"primaryImageOfPage":{"@id":"https:\/\/exceladvisor.org\/pt\/pegue-o-nome-do-dia\/#primaryimage"},"image":{"@id":"https:\/\/exceladvisor.org\/pt\/pegue-o-nome-do-dia\/#primaryimage"},"thumbnailUrl":"https:\/\/exceladvisor.org\/wp-content\/uploads\/2023\/08\/obtenir-le-nom-du-mois-a-partir-dune-date-avec-une-fonction-de-texte.png","datePublished":"2023-11-14T15:17:07+00:00","dateModified":"2023-12-06T11:38:40+00:00","description":"Suponha que voc\u00ea tenha uma data a partir desta data para a qual deseja obter o nome do dia, ou seja, s\u00e1bado, domingo.","breadcrumb":{"@id":"https:\/\/exceladvisor.org\/pt\/pegue-o-nome-do-dia\/#breadcrumb"},"inLanguage":"pt-PT","potentialAction":[{"@type":"ReadAction","target":["https:\/\/exceladvisor.org\/pt\/pegue-o-nome-do-dia\/"]}]},{"@type":"ImageObject","inLanguage":"pt-PT","@id":"https:\/\/exceladvisor.org\/pt\/pegue-o-nome-do-dia\/#primaryimage","url":"https:\/\/exceladvisor.org\/wp-content\/uploads\/2023\/08\/obtenir-le-nom-du-mois-a-partir-dune-date-avec-une-fonction-de-texte.png","contentUrl":"https:\/\/exceladvisor.org\/wp-content\/uploads\/2023\/08\/obtenir-le-nom-du-mois-a-partir-dune-date-avec-une-fonction-de-texte.png"},{"@type":"BreadcrumbList","@id":"https:\/\/exceladvisor.org\/pt\/pegue-o-nome-do-dia\/#breadcrumb","itemListElement":[{"@type":"ListItem","position":1,"name":"Lar","item":"https:\/\/exceladvisor.org\/pt\/"},{"@type":"ListItem","position":2,"name":"Como obter o nome do dia de uma data no excel?"}]},{"@type":"WebSite","@id":"https:\/\/exceladvisor.org\/pt\/#website","url":"https:\/\/exceladvisor.org\/pt\/","name":"Excel Advisor","description":"O seu guia definitivo para dominar os dados!","publisher":{"@id":"https:\/\/exceladvisor.org\/pt\/#organization"},"potentialAction":[{"@type":"SearchAction","target":{"@type":"EntryPoint","urlTemplate":"https:\/\/exceladvisor.org\/pt\/?s={search_term_string}"},"query-input":{"@type":"PropertyValueSpecification","valueRequired":true,"valueName":"search_term_string"}}],"inLanguage":"pt-PT"},{"@type":"Organization","@id":"https:\/\/exceladvisor.org\/pt\/#organization","name":"Excel Advisor","url":"https:\/\/exceladvisor.org\/pt\/","logo":{"@type":"ImageObject","inLanguage":"pt-PT","@id":"https:\/\/exceladvisor.org\/pt\/#\/schema\/logo\/image\/","url":"https:\/\/exceladvisor.org\/pt\/wp-content\/uploads\/2023\/12\/exceladvisor.org_.png","contentUrl":"https:\/\/exceladvisor.org\/pt\/wp-content\/uploads\/2023\/12\/exceladvisor.org_.png","width":105,"height":36,"caption":"Excel Advisor"},"image":{"@id":"https:\/\/exceladvisor.org\/pt\/#\/schema\/logo\/image\/"}}]}},"yoast_meta":{"yoast_wpseo_title":"","yoast_wpseo_metadesc":"","yoast_wpseo_canonical":""},"_links":{"self":[{"href":"https:\/\/exceladvisor.org\/pt\/wp-json\/wp\/v2\/pages\/164","targetHints":{"allow":["GET"]}}],"collection":[{"href":"https:\/\/exceladvisor.org\/pt\/wp-json\/wp\/v2\/pages"}],"about":[{"href":"https:\/\/exceladvisor.org\/pt\/wp-json\/wp\/v2\/types\/page"}],"author":[{"embeddable":true,"href":"https:\/\/exceladvisor.org\/pt\/wp-json\/wp\/v2\/users\/1"}],"replies":[{"embeddable":true,"href":"https:\/\/exceladvisor.org\/pt\/wp-json\/wp\/v2\/comments?post=164"}],"version-history":[{"count":1,"href":"https:\/\/exceladvisor.org\/pt\/wp-json\/wp\/v2\/pages\/164\/revisions"}],"predecessor-version":[{"id":1143,"href":"https:\/\/exceladvisor.org\/pt\/wp-json\/wp\/v2\/pages\/164\/revisions\/1143"}],"wp:attachment":[{"href":"https:\/\/exceladvisor.org\/pt\/wp-json\/wp\/v2\/media?parent=164"}],"curies":[{"name":"wp","href":"https:\/\/api.w.org\/{rel}","templated":true}]}}